{"id":22098,"date":"2026-02-02T16:38:57","date_gmt":"2026-02-02T16:38:57","guid":{"rendered":"https:\/\/bbqassad.ee\/toode\/inkbird-isv-300w-sous-vide-keitin\/"},"modified":"2026-04-14T06:32:35","modified_gmt":"2026-04-14T06:32:35","slug":"inkbird-isv-300w-sous-vide-keitin","status":"publish","type":"product","link":"https:\/\/bbqassad.ee\/fi\/toode\/inkbird-isv-300w-sous-vide-keitin\/","title":{"rendered":"Inkbird ISV-300W Sous Vide -keitin"},"content":{"rendered":"<h2>Inkbird ISV-300W Sous Vide -keitin<\/h2>\n<p><strong>IPX7-vedenpit\u00e4vyys + 3D-kiertol\u00e4mmitys:<\/strong> INKBIRD sous vide -koneiden uusimmassa sukupolvessa aiempien sukupolvien vankkaan rakenteeseen on lis\u00e4tty eritt\u00e4in vedenpit\u00e4v\u00e4 IPX7-rakenne. INKBIRD\u00ae sous vide -keittimien uusimmassa sukupolvessa on uusimman sukupolven sous vide -keittimet. Koko kone on vedenpit\u00e4v\u00e4, joten se soveltuu paremmin pitk\u00e4aikaiseen sous vide -keitt\u00e4miseen. Lis\u00e4ksi 3D-vesikiertoinen l\u00e4mmitystoiminto l\u00e4mmitt\u00e4\u00e4 jokaisen palan tasaisesti, jolloin ruoan alkuper\u00e4inen maku ja mehukkuus s\u00e4ilyv\u00e4t, joten voit nauttia herkullisia aterioita kotona.  <\/p>\n<p><strong>WiFi-kaukos\u00e4\u00e4din + sovelluksen esiasetetut reseptit:<\/strong> T\u00e4m\u00e4 sous-vide nui tukee jopa 100 tunnin ajastinasetuksia, jotka sopivat monenlaisiin ruoanlaittotarpeisiin, ja siin\u00e4 on vakaa 2,4 GHz:n WiFi-yhteys, joten voit asettaa, valvoa ja optimoida ruoanlaittoprosessia \u00e4lypuhelimestasi et\u00e4yhteydell\u00e4 milloin ja miss\u00e4 tahansa. \u00c4lyk\u00e4s sovellus sis\u00e4lt\u00e4\u00e4 useita USDA:n suosittelemia ruoanvalmistusreseptej\u00e4, joiden avulla kuka tahansa, jopa aloittelijat, voivat luoda mestarillisia aterioita. <\/p>\n<p><strong>Tarkka l\u00e4mp\u00f6tilan s\u00e4\u00e4t\u00f6 \u00b10,1 \u00b0C\/0,3 \u00b0F:<\/strong> Se pystyy s\u00e4\u00e4telem\u00e4\u00e4n leivontal\u00e4mp\u00f6tilaa tarkasti ja antamaan aina tyydytt\u00e4vi\u00e4 leivontatuloksia, koska sen l\u00e4mp\u00f6tilan mittaustarkkuus on \u00b10,1 \u00b0C\/0,3 \u00b0F l\u00e4mp\u00f6tilan s\u00e4\u00e4t\u00f6alueella 0-90 \u00b0C\/32-194 \u00b0F. Laitteessa on my\u00f6s l\u00e4mp\u00f6tilan kalibrointitoiminto, jolla varmistetaan aina oikea l\u00e4mp\u00f6tilan mittaus ja s\u00e4\u00e4t\u00f6. <\/p>\n<p><strong>Varaus- ja her\u00e4tystoiminnot:<\/strong> 1000 W:n suurella teholla se l\u00e4mmitt\u00e4\u00e4 nopeasti ja tasaisesti. Siin\u00e4 on korkea l\u00e4mm\u00f6ntuotto, eritt\u00e4in korkea l\u00e4mm\u00f6ntuotto. 1000 W, se on eritt\u00e4in tehokas. \u00c4lypuhelinsovellus l\u00e4hett\u00e4\u00e4 sinulle my\u00f6s reaaliaikaisen muistutuksen, jotta voit nauttia haluamastasi parhaasta mausta.  <\/p>\n<p><strong>Automaattinen pys\u00e4ytys turvallisuutta varten:<\/strong> kone on varustettu turvamekanismilla. Laite on varustettu turvalaitteella: Laite on varustettu turvalaitteella, joka varmistaa, ett\u00e4 jos keittimen vedenpinta laskee MIN-tason alapuolelle tai jos l\u00e4mp\u00f6tila-anturi rikkoutuu, laite pys\u00e4ytt\u00e4\u00e4 keitt\u00e4misen automaattisesti ja antaa muistutuksen, jotta v\u00e4ltet\u00e4\u00e4n vahingossa tapahtuvasta k\u00e4rventymisest\u00e4 johtuvat omaisuusvahingot ja varmistetaan turvallinen k\u00e4ytt\u00f6. <\/p>\n","protected":false},"excerpt":{"rendered":"<p><strong>T\u00e4rkeimm\u00e4t ominaisuudet<\/strong><\/p>\n<p>IPX7-vedenpit\u00e4v\u00e4 rakenne, parempi pitk\u00e4kestoiseen sous vide -kypsennykseen<br \/>\n3D-vesikiertoinen l\u00e4mmitys, s\u00e4ilytt\u00e4\u00e4 tehokkaasti kosteuden elintarvikkeissa<br \/>\n\u00b10,1\u00b0C\/\u00b10,3\u00b0F tarkempi l\u00e4mp\u00f6tilan s\u00e4\u00e4t\u00f6 tyydytt\u00e4v\u00e4mpi\u00e4 kypsennystuloksia varten<br \/>\n2,4GHz Wi-Fi et\u00e4valvontaan milloin ja miss\u00e4 tahansa<br \/>\nEsiasetetut USDA:n suosittelemat reseptit, hy\u00f6dyllisi\u00e4 niin aloittelijoille kuin ammattikokillekin<br \/>\nJopa 100 tunnin ajastinasetukset erilaisiin ruoanlaittotarpeisiin<br \/>\nVaraus- ja her\u00e4tystoiminnot helpottavat jokaista ruoanlaittokertaa<br \/>\nMatalan vedenpinnan suojaus ja anturin poikkeamasuojaus takaavat turvallisen k\u00e4yt\u00f6n<br \/>\n1000 watin korkea l\u00e4mm\u00f6ntuotto nopeuttaa ja vakauttaa toimintaa.<\/p>\n<p><strong>Tekniset tiedot<\/strong><\/p>\n<p>Ottoteho<br \/>\nNimellisj\u00e4nnite (EU\/UK\/AU): 200-240 V<br \/>\nNimellistaajuus: 50-60 Hz<br \/>\nL\u00e4mmitysteho: 1000 W<br \/>\nL\u00e4mp\u00f6tilan s\u00e4\u00e4t\u00f6alue: 0-90 \u00b0C\/32-194 \u00b0F<br \/>\nN\u00e4yt\u00f6n tarkkuus: 0,1 \u00b0C\/1 \u00b0F<br \/>\nL\u00e4mp\u00f6tilan s\u00e4\u00e4d\u00f6n tarkkuus: 0,1 \u00b0C\/0,3 \u00b0F<br \/>\nAjan asetusalue: max 99 tuntia ja 59 minuuttia<br \/>\nVedenkest\u00e4vyysluokka: IPX7<br \/>\nTakuu: 1 vuosi<\/p>\n<p><strong>Pakkauksen sis\u00e4lt\u00f6<\/strong><\/p>\n<p>1 x Sous Vide -kone<br \/>\n1 x K\u00e4ytt\u00f6ohjeet<\/p>\n","protected":false},"featured_media":22106,"comment_status":"open","ping_status":"closed","template":"","meta":[],"product_brand":[],"product_cat":[784],"product_tag":[],"class_list":{"0":"post-22098","1":"product","2":"type-product","3":"status-publish","4":"has-post-thumbnail","6":"product_cat-tarvikkeet","8":"first","9":"outofstock","10":"taxable","11":"shipping-taxable","12":"purchasable","13":"product-type-simple"},"yoast_head":"<!-- This site is optimized with the Yoast SEO plugin v27.4 - https:\/\/yoast.com\/product\/yoast-seo-wordpress\/ -->\n<title>Inkbird ISV-300W Sous Vide -keitin - BBQ \u00c4ssad<\/title>\n<meta name=\"description\" content=\"Inkbird ISV-300W sous vide -keitin: 1000 W, IPX7-vesitiivis, WiFi-sovellus, \u00b10,1 \u00b0C:n tarkkuus ja jopa 100 tunnin ajastin. Tasainen 3D-kiertol\u00e4mmitys.\" \/>\n<meta name=\"robots\" content=\"index, follow, max-snippet:-1, max-image-preview:large, max-video-preview:-1\" \/>\n<link rel=\"canonical\" href=\"https:\/\/bbqassad.ee\/fi\/toode\/inkbird-isv-300w-sous-vide-keitin\/\" \/>\n<meta property=\"og:locale\" content=\"fi_FI\" \/>\n<meta property=\"og:type\" content=\"article\" \/>\n<meta property=\"og:title\" content=\"Inkbird ISV-300W Sous Vide -keitin\" \/>\n<meta property=\"og:description\" content=\"Inkbird ISV-300W sous vide -keitin: 1000 W, IPX7-vesitiivis, WiFi-sovellus, \u00b10,1 \u00b0C:n tarkkuus ja jopa 100 tunnin ajastin. Tasainen 3D-kiertol\u00e4mmitys.\" \/>\n<meta property=\"og:url\" content=\"https:\/\/bbqassad.ee\/fi\/toode\/inkbird-isv-300w-sous-vide-keitin\/\" \/>\n<meta property=\"og:site_name\" content=\"BBQ \u00c4ssad\" \/>\n<meta property=\"article:publisher\" content=\"https:\/\/www.facebook.com\/bbqassad\" \/>\n<meta property=\"article:modified_time\" content=\"2026-04-14T06:32:35+00:00\" \/>\n<meta property=\"og:image\" content=\"https:\/\/bbqassad.ee\/wp-content\/uploads\/2026\/02\/inkbird-wifi-sous-vide-cooker-isv-300w.jpg-300x300.webp\" \/>\n<meta name=\"twitter:card\" content=\"summary_large_image\" \/>\n<meta name=\"twitter:label1\" content=\"Arvioitu lukuaika\" \/>\n\t<meta name=\"twitter:data1\" content=\"2 minuuttia\" \/>\n<script type=\"application\/ld+json\" class=\"yoast-schema-graph\">{\"@context\":\"https:\\\/\\\/schema.org\",\"@graph\":[{\"@type\":\"WebPage\",\"@id\":\"https:\\\/\\\/bbqassad.ee\\\/fi\\\/toode\\\/inkbird-isv-300w-sous-vide-keitin\\\/\",\"url\":\"https:\\\/\\\/bbqassad.ee\\\/fi\\\/toode\\\/inkbird-isv-300w-sous-vide-keitin\\\/\",\"name\":\"Inkbird ISV-300W Sous Vide -keitin - BBQ \u00c4ssad\",\"isPartOf\":{\"@id\":\"https:\\\/\\\/bbqassad.ee\\\/fi\\\/#website\"},\"primaryImageOfPage\":{\"@id\":\"https:\\\/\\\/bbqassad.ee\\\/fi\\\/toode\\\/inkbird-isv-300w-sous-vide-keitin\\\/#primaryimage\"},\"image\":{\"@id\":\"https:\\\/\\\/bbqassad.ee\\\/fi\\\/toode\\\/inkbird-isv-300w-sous-vide-keitin\\\/#primaryimage\"},\"thumbnailUrl\":\"https:\\\/\\\/bbqassad.ee\\\/wp-content\\\/uploads\\\/2026\\\/02\\\/inkbird-wifi-sous-vide-cooker-isv-300w.jpg.webp\",\"datePublished\":\"2026-02-02T16:38:57+00:00\",\"dateModified\":\"2026-04-14T06:32:35+00:00\",\"description\":\"Inkbird ISV-300W sous vide -keitin: 1000 W, IPX7-vesitiivis, WiFi-sovellus, \u00b10,1 \u00b0C:n tarkkuus ja jopa 100 tunnin ajastin. Tasainen 3D-kiertol\u00e4mmitys.\",\"breadcrumb\":{\"@id\":\"https:\\\/\\\/bbqassad.ee\\\/fi\\\/toode\\\/inkbird-isv-300w-sous-vide-keitin\\\/#breadcrumb\"},\"inLanguage\":\"fi\",\"potentialAction\":[{\"@type\":\"ReadAction\",\"target\":[\"https:\\\/\\\/bbqassad.ee\\\/fi\\\/toode\\\/inkbird-isv-300w-sous-vide-keitin\\\/\"]}]},{\"@type\":\"ImageObject\",\"inLanguage\":\"fi\",\"@id\":\"https:\\\/\\\/bbqassad.ee\\\/fi\\\/toode\\\/inkbird-isv-300w-sous-vide-keitin\\\/#primaryimage\",\"url\":\"https:\\\/\\\/bbqassad.ee\\\/wp-content\\\/uploads\\\/2026\\\/02\\\/inkbird-wifi-sous-vide-cooker-isv-300w.jpg.webp\",\"contentUrl\":\"https:\\\/\\\/bbqassad.ee\\\/wp-content\\\/uploads\\\/2026\\\/02\\\/inkbird-wifi-sous-vide-cooker-isv-300w.jpg.webp\",\"width\":1600,\"height\":1600,\"caption\":\"Inkbird ISV-300W Sous Vide Cooker\"},{\"@type\":\"BreadcrumbList\",\"@id\":\"https:\\\/\\\/bbqassad.ee\\\/fi\\\/toode\\\/inkbird-isv-300w-sous-vide-keitin\\\/#breadcrumb\",\"itemListElement\":[{\"@type\":\"ListItem\",\"position\":1,\"name\":\"Home\",\"item\":\"https:\\\/\\\/bbqassad.ee\\\/fi\\\/bbq-assat\\\/\"},{\"@type\":\"ListItem\",\"position\":2,\"name\":\"Verkkokauppa\",\"item\":\"https:\\\/\\\/bbqassad.ee\\\/fi\\\/verkkokauppa\\\/\"},{\"@type\":\"ListItem\",\"position\":3,\"name\":\"Inkbird ISV-300W Sous Vide -keitin\"}]},{\"@type\":\"WebSite\",\"@id\":\"https:\\\/\\\/bbqassad.ee\\\/fi\\\/#website\",\"url\":\"https:\\\/\\\/bbqassad.ee\\\/fi\\\/\",\"name\":\"BBQ \u00c4ssad\",\"description\":\"BBQ maitseained, kastmed, ahjud\",\"publisher\":{\"@id\":\"https:\\\/\\\/bbqassad.ee\\\/fi\\\/#organization\"},\"potentialAction\":[{\"@type\":\"SearchAction\",\"target\":{\"@type\":\"EntryPoint\",\"urlTemplate\":\"https:\\\/\\\/bbqassad.ee\\\/fi\\\/?s={search_term_string}\"},\"query-input\":{\"@type\":\"PropertyValueSpecification\",\"valueRequired\":true,\"valueName\":\"search_term_string\"}}],\"inLanguage\":\"fi\"},{\"@type\":\"Organization\",\"@id\":\"https:\\\/\\\/bbqassad.ee\\\/fi\\\/#organization\",\"name\":\"BBQ \u00c4ssad\",\"url\":\"https:\\\/\\\/bbqassad.ee\\\/fi\\\/\",\"logo\":{\"@type\":\"ImageObject\",\"inLanguage\":\"fi\",\"@id\":\"https:\\\/\\\/bbqassad.ee\\\/fi\\\/#\\\/schema\\\/logo\\\/image\\\/\",\"url\":\"https:\\\/\\\/bbqassad.ee\\\/wp-content\\\/uploads\\\/2022\\\/10\\\/BBQ-2ssadlogo.png\",\"contentUrl\":\"https:\\\/\\\/bbqassad.ee\\\/wp-content\\\/uploads\\\/2022\\\/10\\\/BBQ-2ssadlogo.png\",\"width\":1080,\"height\":1080,\"caption\":\"BBQ \u00c4ssad\"},\"image\":{\"@id\":\"https:\\\/\\\/bbqassad.ee\\\/fi\\\/#\\\/schema\\\/logo\\\/image\\\/\"},\"sameAs\":[\"https:\\\/\\\/www.facebook.com\\\/bbqassad\",\"https:\\\/\\\/www.youtube.com\\\/channel\\\/UCsoufn49J6TVi9Ah9meE93w\"]}]}<\/script>\n<!-- \/ Yoast SEO plugin. -->","yoast_head_json":{"title":"Inkbird ISV-300W Sous Vide -keitin - BBQ \u00c4ssad","description":"Inkbird ISV-300W sous vide -keitin: 1000 W, IPX7-vesitiivis, WiFi-sovellus, \u00b10,1 \u00b0C:n tarkkuus ja jopa 100 tunnin ajastin. Tasainen 3D-kiertol\u00e4mmitys.","robots":{"index":"index","follow":"follow","max-snippet":"max-snippet:-1","max-image-preview":"max-image-preview:large","max-video-preview":"max-video-preview:-1"},"canonical":"https:\/\/bbqassad.ee\/fi\/toode\/inkbird-isv-300w-sous-vide-keitin\/","og_locale":"fi_FI","og_type":"article","og_title":"Inkbird ISV-300W Sous Vide -keitin","og_description":"Inkbird ISV-300W sous vide -keitin: 1000 W, IPX7-vesitiivis, WiFi-sovellus, \u00b10,1 \u00b0C:n tarkkuus ja jopa 100 tunnin ajastin. Tasainen 3D-kiertol\u00e4mmitys.","og_url":"https:\/\/bbqassad.ee\/fi\/toode\/inkbird-isv-300w-sous-vide-keitin\/","og_site_name":"BBQ \u00c4ssad","article_publisher":"https:\/\/www.facebook.com\/bbqassad","article_modified_time":"2026-04-14T06:32:35+00:00","og_image":[{"url":"https:\/\/bbqassad.ee\/wp-content\/uploads\/2026\/02\/inkbird-wifi-sous-vide-cooker-isv-300w.jpg-300x300.webp","type":"","width":"","height":""}],"twitter_card":"summary_large_image","twitter_misc":{"Arvioitu lukuaika":"2 minuuttia"},"schema":{"@context":"https:\/\/schema.org","@graph":[{"@type":"WebPage","@id":"https:\/\/bbqassad.ee\/fi\/toode\/inkbird-isv-300w-sous-vide-keitin\/","url":"https:\/\/bbqassad.ee\/fi\/toode\/inkbird-isv-300w-sous-vide-keitin\/","name":"Inkbird ISV-300W Sous Vide -keitin - BBQ \u00c4ssad","isPartOf":{"@id":"https:\/\/bbqassad.ee\/fi\/#website"},"primaryImageOfPage":{"@id":"https:\/\/bbqassad.ee\/fi\/toode\/inkbird-isv-300w-sous-vide-keitin\/#primaryimage"},"image":{"@id":"https:\/\/bbqassad.ee\/fi\/toode\/inkbird-isv-300w-sous-vide-keitin\/#primaryimage"},"thumbnailUrl":"https:\/\/bbqassad.ee\/wp-content\/uploads\/2026\/02\/inkbird-wifi-sous-vide-cooker-isv-300w.jpg.webp","datePublished":"2026-02-02T16:38:57+00:00","dateModified":"2026-04-14T06:32:35+00:00","description":"Inkbird ISV-300W sous vide -keitin: 1000 W, IPX7-vesitiivis, WiFi-sovellus, \u00b10,1 \u00b0C:n tarkkuus ja jopa 100 tunnin ajastin. Tasainen 3D-kiertol\u00e4mmitys.","breadcrumb":{"@id":"https:\/\/bbqassad.ee\/fi\/toode\/inkbird-isv-300w-sous-vide-keitin\/#breadcrumb"},"inLanguage":"fi","potentialAction":[{"@type":"ReadAction","target":["https:\/\/bbqassad.ee\/fi\/toode\/inkbird-isv-300w-sous-vide-keitin\/"]}]},{"@type":"ImageObject","inLanguage":"fi","@id":"https:\/\/bbqassad.ee\/fi\/toode\/inkbird-isv-300w-sous-vide-keitin\/#primaryimage","url":"https:\/\/bbqassad.ee\/wp-content\/uploads\/2026\/02\/inkbird-wifi-sous-vide-cooker-isv-300w.jpg.webp","contentUrl":"https:\/\/bbqassad.ee\/wp-content\/uploads\/2026\/02\/inkbird-wifi-sous-vide-cooker-isv-300w.jpg.webp","width":1600,"height":1600,"caption":"Inkbird ISV-300W Sous Vide Cooker"},{"@type":"BreadcrumbList","@id":"https:\/\/bbqassad.ee\/fi\/toode\/inkbird-isv-300w-sous-vide-keitin\/#breadcrumb","itemListElement":[{"@type":"ListItem","position":1,"name":"Home","item":"https:\/\/bbqassad.ee\/fi\/bbq-assat\/"},{"@type":"ListItem","position":2,"name":"Verkkokauppa","item":"https:\/\/bbqassad.ee\/fi\/verkkokauppa\/"},{"@type":"ListItem","position":3,"name":"Inkbird ISV-300W Sous Vide -keitin"}]},{"@type":"WebSite","@id":"https:\/\/bbqassad.ee\/fi\/#website","url":"https:\/\/bbqassad.ee\/fi\/","name":"BBQ \u00c4ssad","description":"BBQ maitseained, kastmed, ahjud","publisher":{"@id":"https:\/\/bbqassad.ee\/fi\/#organization"},"potentialAction":[{"@type":"SearchAction","target":{"@type":"EntryPoint","urlTemplate":"https:\/\/bbqassad.ee\/fi\/?s={search_term_string}"},"query-input":{"@type":"PropertyValueSpecification","valueRequired":true,"valueName":"search_term_string"}}],"inLanguage":"fi"},{"@type":"Organization","@id":"https:\/\/bbqassad.ee\/fi\/#organization","name":"BBQ \u00c4ssad","url":"https:\/\/bbqassad.ee\/fi\/","logo":{"@type":"ImageObject","inLanguage":"fi","@id":"https:\/\/bbqassad.ee\/fi\/#\/schema\/logo\/image\/","url":"https:\/\/bbqassad.ee\/wp-content\/uploads\/2022\/10\/BBQ-2ssadlogo.png","contentUrl":"https:\/\/bbqassad.ee\/wp-content\/uploads\/2022\/10\/BBQ-2ssadlogo.png","width":1080,"height":1080,"caption":"BBQ \u00c4ssad"},"image":{"@id":"https:\/\/bbqassad.ee\/fi\/#\/schema\/logo\/image\/"},"sameAs":["https:\/\/www.facebook.com\/bbqassad","https:\/\/www.youtube.com\/channel\/UCsoufn49J6TVi9Ah9meE93w"]}]}},"_links":{"self":[{"href":"https:\/\/bbqassad.ee\/fi\/wp-json\/wp\/v2\/product\/22098","targetHints":{"allow":["GET"]}}],"collection":[{"href":"https:\/\/bbqassad.ee\/fi\/wp-json\/wp\/v2\/product"}],"about":[{"href":"https:\/\/bbqassad.ee\/fi\/wp-json\/wp\/v2\/types\/product"}],"replies":[{"embeddable":true,"href":"https:\/\/bbqassad.ee\/fi\/wp-json\/wp\/v2\/comments?post=22098"}],"wp:featuredmedia":[{"embeddable":true,"href":"https:\/\/bbqassad.ee\/fi\/wp-json\/wp\/v2\/media\/22106"}],"wp:attachment":[{"href":"https:\/\/bbqassad.ee\/fi\/wp-json\/wp\/v2\/media?parent=22098"}],"wp:term":[{"taxonomy":"product_brand","embeddable":true,"href":"https:\/\/bbqassad.ee\/fi\/wp-json\/wp\/v2\/product_brand?post=22098"},{"taxonomy":"product_cat","embeddable":true,"href":"https:\/\/bbqassad.ee\/fi\/wp-json\/wp\/v2\/product_cat?post=22098"},{"taxonomy":"product_tag","embeddable":true,"href":"https:\/\/bbqassad.ee\/fi\/wp-json\/wp\/v2\/product_tag?post=22098"}],"curies":[{"name":"wp","href":"https:\/\/api.w.org\/{rel}","templated":true}]}}