{"id":22096,"date":"2026-02-03T12:45:50","date_gmt":"2026-02-03T12:45:50","guid":{"rendered":"https:\/\/bbqassad.ee\/toode\/barbecoa-korealainen-kanakastike\/"},"modified":"2026-04-14T06:32:35","modified_gmt":"2026-04-14T06:32:35","slug":"barbecoa-korealainen-kanakastike","status":"publish","type":"product","link":"https:\/\/bbqassad.ee\/fi\/toode\/barbecoa-korealainen-kanakastike\/","title":{"rendered":"Barbecoa Korean Chicken -kastike"},"content":{"rendered":"<h2>Barbecoa korealainen kanakastike<\/h2>\n<p>Barbecoa on hyvin tunnettu belgialainen grilliryhm\u00e4, joka on maansa moninkertainen mestari. Joukkue kilpailee aina Euroopan parhaan BBQ-joukkueen tittelist\u00e4. Johtaja Tom Bertels valmistaa my\u00f6s kastikkeita ja mausteita. Tomin luoma korealainen kanakastike on hapokas, hieman makea kanakastike, jossa on mukavasti potkua. T\u00e4m\u00e4 kastike on saanut inspiraationsa buffalokastikkeesta, mutta ei siin\u00e4 kaikki. Tasapaino l\u00f6ytyi, jotta se ei olisi mik\u00e4\u00e4n hullun mausteinen, mutta silti tasapainoinen. T\u00e4m\u00e4n saavuttamiseksi Tom on k\u00e4ytt\u00e4nyt aitoa korealaista Gochujang-chilitahnaa, koko kastikkeessa on mukavan kermainen rakenne ja se tarttuu kauniisti ruokaan. Eritt\u00e4in hyv\u00e4 kastike broilerille, siiville tai scampi-kulhoille.       <\/p>\n<h3>BBQAces kommentti:<\/h3>\n<p>No, siin\u00e4 on potkua, mutta ei niin paljon, ettei Ardo :))) (joka ei ole suuri mausteiden yst\u00e4v\u00e4) voisi sy\u00f6d\u00e4 sit\u00e4. Hyv\u00e4 esimerkki oli, ett\u00e4 laardissa py\u00f6ritellyst\u00e4 ja kuivuneesta kananpalasta tuli kastikkeella t\u00e4ysin sy\u00f6t\u00e4v\u00e4. <\/p>\n<h3>Pro-vinkki:<\/h3>\n<p>\u00c4l\u00e4 rajoitu vain kanaan, vaan mieti my\u00f6s esimerkiksi salaatteja, sill\u00e4 kastikkeen kermainen koostumus sopii t\u00e4ydellisesti niihin.<\/p>\n","protected":false},"excerpt":{"rendered":"<p><strong>Valmistaja:<\/strong> barbecoa<\/p>\n<p><strong>Koko<\/strong>: 500ml<\/p>\n<p><strong>Ainesosat:<\/strong> Vesi, kasvi\u00f6ljy (rypsi, auringonkukka), sokeri, 4,6 % gochujang (chilipippuri, <strong>VEHN\u00c4JAUHO (GLUTEENI), SOIJU<\/strong>, mallassiirappi, gluteeniton riisi, suola, alkoholi), chilipippurit, muunnettu maissit\u00e4rkkelys, miso, soijakastike, valkosipuli, suola, luonnollinen etikka, arominvahvente (mononatriumglutamaatti), hapot (sitruunahappo, maitohappo), muunnettu perunat\u00e4rkkelys, balsamiviinietikka, sakeuttamisaineet (ksantaanikumi, guarkumi), luontaiset aromit, v\u00e4riaineet (paprikauute, beetakaroteeni), s\u00e4il\u00f6nt\u00e4aineet (kaliumsorbaatti, natriumbentsoaatti), hapettumisenestoaine (kalsium-dinatrium EDTA).<\/p>\n<p>&nbsp;<\/p>\n","protected":false},"featured_media":22097,"comment_status":"open","ping_status":"closed","template":"","meta":[],"product_brand":[],"product_cat":[788],"product_tag":[790],"class_list":{"0":"post-22096","1":"product","2":"type-product","3":"status-publish","4":"has-post-thumbnail","6":"product_cat-kastit","7":"product_tag-kana","9":"first","10":"instock","11":"taxable","12":"shipping-taxable","13":"purchasable","14":"product-type-simple"},"yoast_head":"<!-- This site is optimized with the Yoast SEO plugin v27.4 - https:\/\/yoast.com\/product\/yoast-seo-wordpress\/ -->\n<title>Barbecoa Korean Chicken -kastike - BBQ \u00c4ssad<\/title>\n<meta name=\"description\" content=\"Barbecoa Korean Chicken Sauce (500 ml) - hapan, hieman makea kanakastike, jossa on gochujangia. Kermainen koostumus, sopii siiville ja kanalle.\" \/>\n<meta name=\"robots\" content=\"index, follow, max-snippet:-1, max-image-preview:large, max-video-preview:-1\" \/>\n<link rel=\"canonical\" href=\"https:\/\/bbqassad.ee\/fi\/toode\/barbecoa-korealainen-kanakastike\/\" \/>\n<meta property=\"og:locale\" content=\"fi_FI\" \/>\n<meta property=\"og:type\" content=\"article\" \/>\n<meta property=\"og:title\" content=\"Barbecoa korealainen kanakastike\" \/>\n<meta property=\"og:description\" content=\"Barbecoa Korean Chicken Sauce (500 ml) - hapan, hieman makea kanakastike, jossa on gochujangia. Kermainen koostumus, sopii siiville ja kanalle.\" \/>\n<meta property=\"og:url\" content=\"https:\/\/bbqassad.ee\/fi\/toode\/barbecoa-korealainen-kanakastike\/\" \/>\n<meta property=\"og:site_name\" content=\"BBQ \u00c4ssad\" \/>\n<meta property=\"article:publisher\" content=\"https:\/\/www.facebook.com\/bbqassad\" \/>\n<meta property=\"article:modified_time\" content=\"2026-04-14T06:32:35+00:00\" \/>\n<meta property=\"og:image\" content=\"https:\/\/bbqassad.ee\/wp-content\/uploads\/2026\/02\/Nimetu-kujundus-172-1024x576.png\" \/>\n<meta name=\"twitter:card\" content=\"summary_large_image\" \/>\n<meta name=\"twitter:label1\" content=\"Arvioitu lukuaika\" \/>\n\t<meta name=\"twitter:data1\" content=\"1 minuutti\" \/>\n<script type=\"application\/ld+json\" class=\"yoast-schema-graph\">{\"@context\":\"https:\\\/\\\/schema.org\",\"@graph\":[{\"@type\":\"WebPage\",\"@id\":\"https:\\\/\\\/bbqassad.ee\\\/fi\\\/toode\\\/barbecoa-korealainen-kanakastike\\\/\",\"url\":\"https:\\\/\\\/bbqassad.ee\\\/fi\\\/toode\\\/barbecoa-korealainen-kanakastike\\\/\",\"name\":\"Barbecoa Korean Chicken -kastike - BBQ \u00c4ssad\",\"isPartOf\":{\"@id\":\"https:\\\/\\\/bbqassad.ee\\\/fi\\\/#website\"},\"primaryImageOfPage\":{\"@id\":\"https:\\\/\\\/bbqassad.ee\\\/fi\\\/toode\\\/barbecoa-korealainen-kanakastike\\\/#primaryimage\"},\"image\":{\"@id\":\"https:\\\/\\\/bbqassad.ee\\\/fi\\\/toode\\\/barbecoa-korealainen-kanakastike\\\/#primaryimage\"},\"thumbnailUrl\":\"https:\\\/\\\/bbqassad.ee\\\/wp-content\\\/uploads\\\/2026\\\/02\\\/Nimetu-kujundus-172.png\",\"datePublished\":\"2026-02-03T12:45:50+00:00\",\"dateModified\":\"2026-04-14T06:32:35+00:00\",\"description\":\"Barbecoa Korean Chicken Sauce (500 ml) - hapan, hieman makea kanakastike, jossa on gochujangia. Kermainen koostumus, sopii siiville ja kanalle.\",\"breadcrumb\":{\"@id\":\"https:\\\/\\\/bbqassad.ee\\\/fi\\\/toode\\\/barbecoa-korealainen-kanakastike\\\/#breadcrumb\"},\"inLanguage\":\"fi\",\"potentialAction\":[{\"@type\":\"ReadAction\",\"target\":[\"https:\\\/\\\/bbqassad.ee\\\/fi\\\/toode\\\/barbecoa-korealainen-kanakastike\\\/\"]}]},{\"@type\":\"ImageObject\",\"inLanguage\":\"fi\",\"@id\":\"https:\\\/\\\/bbqassad.ee\\\/fi\\\/toode\\\/barbecoa-korealainen-kanakastike\\\/#primaryimage\",\"url\":\"https:\\\/\\\/bbqassad.ee\\\/wp-content\\\/uploads\\\/2026\\\/02\\\/Nimetu-kujundus-172.png\",\"contentUrl\":\"https:\\\/\\\/bbqassad.ee\\\/wp-content\\\/uploads\\\/2026\\\/02\\\/Nimetu-kujundus-172.png\",\"width\":1280,\"height\":720,\"caption\":\"Barbecoa Korean Chicken kaste\"},{\"@type\":\"BreadcrumbList\",\"@id\":\"https:\\\/\\\/bbqassad.ee\\\/fi\\\/toode\\\/barbecoa-korealainen-kanakastike\\\/#breadcrumb\",\"itemListElement\":[{\"@type\":\"ListItem\",\"position\":1,\"name\":\"Home\",\"item\":\"https:\\\/\\\/bbqassad.ee\\\/fi\\\/bbq-assat\\\/\"},{\"@type\":\"ListItem\",\"position\":2,\"name\":\"Verkkokauppa\",\"item\":\"https:\\\/\\\/bbqassad.ee\\\/fi\\\/verkkokauppa\\\/\"},{\"@type\":\"ListItem\",\"position\":3,\"name\":\"Barbecoa Korean Chicken -kastike\"}]},{\"@type\":\"WebSite\",\"@id\":\"https:\\\/\\\/bbqassad.ee\\\/fi\\\/#website\",\"url\":\"https:\\\/\\\/bbqassad.ee\\\/fi\\\/\",\"name\":\"BBQ \u00c4ssad\",\"description\":\"BBQ maitseained, kastmed, ahjud\",\"publisher\":{\"@id\":\"https:\\\/\\\/bbqassad.ee\\\/fi\\\/#organization\"},\"potentialAction\":[{\"@type\":\"SearchAction\",\"target\":{\"@type\":\"EntryPoint\",\"urlTemplate\":\"https:\\\/\\\/bbqassad.ee\\\/fi\\\/?s={search_term_string}\"},\"query-input\":{\"@type\":\"PropertyValueSpecification\",\"valueRequired\":true,\"valueName\":\"search_term_string\"}}],\"inLanguage\":\"fi\"},{\"@type\":\"Organization\",\"@id\":\"https:\\\/\\\/bbqassad.ee\\\/fi\\\/#organization\",\"name\":\"BBQ \u00c4ssad\",\"url\":\"https:\\\/\\\/bbqassad.ee\\\/fi\\\/\",\"logo\":{\"@type\":\"ImageObject\",\"inLanguage\":\"fi\",\"@id\":\"https:\\\/\\\/bbqassad.ee\\\/fi\\\/#\\\/schema\\\/logo\\\/image\\\/\",\"url\":\"https:\\\/\\\/bbqassad.ee\\\/wp-content\\\/uploads\\\/2022\\\/10\\\/BBQ-2ssadlogo.png\",\"contentUrl\":\"https:\\\/\\\/bbqassad.ee\\\/wp-content\\\/uploads\\\/2022\\\/10\\\/BBQ-2ssadlogo.png\",\"width\":1080,\"height\":1080,\"caption\":\"BBQ \u00c4ssad\"},\"image\":{\"@id\":\"https:\\\/\\\/bbqassad.ee\\\/fi\\\/#\\\/schema\\\/logo\\\/image\\\/\"},\"sameAs\":[\"https:\\\/\\\/www.facebook.com\\\/bbqassad\",\"https:\\\/\\\/www.youtube.com\\\/channel\\\/UCsoufn49J6TVi9Ah9meE93w\"]}]}<\/script>\n<!-- \/ Yoast SEO plugin. -->","yoast_head_json":{"title":"Barbecoa Korean Chicken -kastike - BBQ \u00c4ssad","description":"Barbecoa Korean Chicken Sauce (500 ml) - hapan, hieman makea kanakastike, jossa on gochujangia. Kermainen koostumus, sopii siiville ja kanalle.","robots":{"index":"index","follow":"follow","max-snippet":"max-snippet:-1","max-image-preview":"max-image-preview:large","max-video-preview":"max-video-preview:-1"},"canonical":"https:\/\/bbqassad.ee\/fi\/toode\/barbecoa-korealainen-kanakastike\/","og_locale":"fi_FI","og_type":"article","og_title":"Barbecoa korealainen kanakastike","og_description":"Barbecoa Korean Chicken Sauce (500 ml) - hapan, hieman makea kanakastike, jossa on gochujangia. Kermainen koostumus, sopii siiville ja kanalle.","og_url":"https:\/\/bbqassad.ee\/fi\/toode\/barbecoa-korealainen-kanakastike\/","og_site_name":"BBQ \u00c4ssad","article_publisher":"https:\/\/www.facebook.com\/bbqassad","article_modified_time":"2026-04-14T06:32:35+00:00","og_image":[{"url":"https:\/\/bbqassad.ee\/wp-content\/uploads\/2026\/02\/Nimetu-kujundus-172-1024x576.png","type":"","width":"","height":""}],"twitter_card":"summary_large_image","twitter_misc":{"Arvioitu lukuaika":"1 minuutti"},"schema":{"@context":"https:\/\/schema.org","@graph":[{"@type":"WebPage","@id":"https:\/\/bbqassad.ee\/fi\/toode\/barbecoa-korealainen-kanakastike\/","url":"https:\/\/bbqassad.ee\/fi\/toode\/barbecoa-korealainen-kanakastike\/","name":"Barbecoa Korean Chicken -kastike - BBQ \u00c4ssad","isPartOf":{"@id":"https:\/\/bbqassad.ee\/fi\/#website"},"primaryImageOfPage":{"@id":"https:\/\/bbqassad.ee\/fi\/toode\/barbecoa-korealainen-kanakastike\/#primaryimage"},"image":{"@id":"https:\/\/bbqassad.ee\/fi\/toode\/barbecoa-korealainen-kanakastike\/#primaryimage"},"thumbnailUrl":"https:\/\/bbqassad.ee\/wp-content\/uploads\/2026\/02\/Nimetu-kujundus-172.png","datePublished":"2026-02-03T12:45:50+00:00","dateModified":"2026-04-14T06:32:35+00:00","description":"Barbecoa Korean Chicken Sauce (500 ml) - hapan, hieman makea kanakastike, jossa on gochujangia. Kermainen koostumus, sopii siiville ja kanalle.","breadcrumb":{"@id":"https:\/\/bbqassad.ee\/fi\/toode\/barbecoa-korealainen-kanakastike\/#breadcrumb"},"inLanguage":"fi","potentialAction":[{"@type":"ReadAction","target":["https:\/\/bbqassad.ee\/fi\/toode\/barbecoa-korealainen-kanakastike\/"]}]},{"@type":"ImageObject","inLanguage":"fi","@id":"https:\/\/bbqassad.ee\/fi\/toode\/barbecoa-korealainen-kanakastike\/#primaryimage","url":"https:\/\/bbqassad.ee\/wp-content\/uploads\/2026\/02\/Nimetu-kujundus-172.png","contentUrl":"https:\/\/bbqassad.ee\/wp-content\/uploads\/2026\/02\/Nimetu-kujundus-172.png","width":1280,"height":720,"caption":"Barbecoa Korean Chicken kaste"},{"@type":"BreadcrumbList","@id":"https:\/\/bbqassad.ee\/fi\/toode\/barbecoa-korealainen-kanakastike\/#breadcrumb","itemListElement":[{"@type":"ListItem","position":1,"name":"Home","item":"https:\/\/bbqassad.ee\/fi\/bbq-assat\/"},{"@type":"ListItem","position":2,"name":"Verkkokauppa","item":"https:\/\/bbqassad.ee\/fi\/verkkokauppa\/"},{"@type":"ListItem","position":3,"name":"Barbecoa Korean Chicken -kastike"}]},{"@type":"WebSite","@id":"https:\/\/bbqassad.ee\/fi\/#website","url":"https:\/\/bbqassad.ee\/fi\/","name":"BBQ \u00c4ssad","description":"BBQ maitseained, kastmed, ahjud","publisher":{"@id":"https:\/\/bbqassad.ee\/fi\/#organization"},"potentialAction":[{"@type":"SearchAction","target":{"@type":"EntryPoint","urlTemplate":"https:\/\/bbqassad.ee\/fi\/?s={search_term_string}"},"query-input":{"@type":"PropertyValueSpecification","valueRequired":true,"valueName":"search_term_string"}}],"inLanguage":"fi"},{"@type":"Organization","@id":"https:\/\/bbqassad.ee\/fi\/#organization","name":"BBQ \u00c4ssad","url":"https:\/\/bbqassad.ee\/fi\/","logo":{"@type":"ImageObject","inLanguage":"fi","@id":"https:\/\/bbqassad.ee\/fi\/#\/schema\/logo\/image\/","url":"https:\/\/bbqassad.ee\/wp-content\/uploads\/2022\/10\/BBQ-2ssadlogo.png","contentUrl":"https:\/\/bbqassad.ee\/wp-content\/uploads\/2022\/10\/BBQ-2ssadlogo.png","width":1080,"height":1080,"caption":"BBQ \u00c4ssad"},"image":{"@id":"https:\/\/bbqassad.ee\/fi\/#\/schema\/logo\/image\/"},"sameAs":["https:\/\/www.facebook.com\/bbqassad","https:\/\/www.youtube.com\/channel\/UCsoufn49J6TVi9Ah9meE93w"]}]}},"_links":{"self":[{"href":"https:\/\/bbqassad.ee\/fi\/wp-json\/wp\/v2\/product\/22096","targetHints":{"allow":["GET"]}}],"collection":[{"href":"https:\/\/bbqassad.ee\/fi\/wp-json\/wp\/v2\/product"}],"about":[{"href":"https:\/\/bbqassad.ee\/fi\/wp-json\/wp\/v2\/types\/product"}],"replies":[{"embeddable":true,"href":"https:\/\/bbqassad.ee\/fi\/wp-json\/wp\/v2\/comments?post=22096"}],"wp:featuredmedia":[{"embeddable":true,"href":"https:\/\/bbqassad.ee\/fi\/wp-json\/wp\/v2\/media\/22097"}],"wp:attachment":[{"href":"https:\/\/bbqassad.ee\/fi\/wp-json\/wp\/v2\/media?parent=22096"}],"wp:term":[{"taxonomy":"product_brand","embeddable":true,"href":"https:\/\/bbqassad.ee\/fi\/wp-json\/wp\/v2\/product_brand?post=22096"},{"taxonomy":"product_cat","embeddable":true,"href":"https:\/\/bbqassad.ee\/fi\/wp-json\/wp\/v2\/product_cat?post=22096"},{"taxonomy":"product_tag","embeddable":true,"href":"https:\/\/bbqassad.ee\/fi\/wp-json\/wp\/v2\/product_tag?post=22096"}],"curies":[{"name":"wp","href":"https:\/\/api.w.org\/{rel}","templated":true}]}}