{"id":22082,"date":"2026-02-03T14:07:23","date_gmt":"2026-02-03T14:07:23","guid":{"rendered":"https:\/\/bbqassad.ee\/toode\/inkbird-wifi-bluetooth-langattoman-lampomittarin-sarja-int-12-bw\/"},"modified":"2026-04-14T06:32:35","modified_gmt":"2026-04-14T06:32:35","slug":"inkbird-wifi-bluetooth-langattoman-lampomittarin-sarja-int-12-bw","status":"publish","type":"product","link":"https:\/\/bbqassad.ee\/fi\/toode\/inkbird-wifi-bluetooth-langattoman-lampomittarin-sarja-int-12-bw\/","title":{"rendered":"Inkbird WiFi &#038; Bluetooth langaton l\u00e4mp\u00f6mittari INT-12-BW"},"content":{"rendered":"<h2>Inkbird WiFi &amp; Bluetooth langattoman l\u00e4mp\u00f6mittarin sarja INT-12-BW<\/h2>\n<p>INT-12-BW 2-anturisen \u00e4lykk\u00e4\u00e4n lihal\u00e4mp\u00f6mittarin avulla lopetat johtojen kanssa n\u00e4pyttelyn. Siin\u00e4 on 2 langatonta anturia ja 3 toimintatilaa (Bluetooth, WiFi ja n\u00e4ytt\u00f6). Aseta vain anturit paikalleen, muodosta yhteys sovellukseen, valitse 26 esiasetetusta lihavalikosta tai muokkaa valikkoasi ja saat h\u00e4lytyksi\u00e4, kun ruoka on t\u00e4ydellisesti kyps\u00e4\u00e4. Jokainen anturi on IP67-vedenpit\u00e4v\u00e4, astianpesukoneenkest\u00e4v\u00e4 ja varustettu kahdella anturilla, jotka tarkkailevat samanaikaisesti ruoan ja ymp\u00e4rist\u00f6n l\u00e4mp\u00f6tiloja.   <\/p>\n<p>&nbsp;<\/p>\n","protected":false},"excerpt":{"rendered":"<p>Tuotteen tiedot<br \/>\n\u25cf WiFi\/Bluetooth\/lokaali tila, 3-tilan liitett\u00e4vyys<br \/>\n\u25cf 2 aidosti langatonta l\u00e4mp\u00f6tila-anturia useiden elintarvikkeiden samanaikaiseen valvontaan<br \/>\n\u25cf Rajoittamaton WiFi kantama + 300 ft\/91 m Bluetooth kantama<br \/>\n\u25cf \u00c4lyk\u00e4s sovellusten hallinta \u00e4lypuhelimesta ja Apple Watchista<br \/>\n\u25cf 4 h\u00e4lytysj\u00e4rjestelm\u00e4\u00e4, mukaan lukien tavoitel\u00e4mp\u00f6tila, esih\u00e4lytys, korkea \/ matala kynnysarvo ja cook-off-ajastin.<br \/>\n\u25cf 26 esiasetettua lihavalikkoa, joissa on USDA:n suosittelemat l\u00e4mp\u00f6tilat ja r\u00e4\u00e4t\u00e4l\u00f6intimahdollisuudet.<br \/>\n\u25cf Tukeva magneettinen pohja helppoa varastointia varten<br \/>\n\u25cf 25 minuutin pikalataus 25 tunnin akun k\u00e4ytt\u00f6ajalla<br \/>\n\u25cf IP67-vedenpit\u00e4v\u00e4t ja astianpesukoneenkest\u00e4v\u00e4t l\u00e4mp\u00f6tila-anturit (elintarvikek\u00e4ytt\u00f6\u00f6n soveltuva ruostumaton ter\u00e4s, zirkoniumkeraamiset kahvat).<br \/>\n\u25cf 2 anturia yhdess\u00e4 anturissa, samanaikainen ruoan ja uunin l\u00e4mp\u00f6tilan tunnistus<br \/>\n\u25cf \u00b11 \u2103\/\u00b11.8 \u2109 Tarkka l\u00e4mp\u00f6tilan s\u00e4\u00e4t\u00f6<br \/>\n\u25cf Sis\u00e4l\u00e4mp\u00f6tila-alue: 14-212 \u2109 \/ -10-100 \u2103; Ymp\u00e4rist\u00f6n l\u00e4mp\u00f6tila-alue: 32-572 \u2109 \/ 0-300 \u2103<br \/>\n\u25cf 30 minuuttia offline-tietojen tallennus ja sovellusten synkronointi.<br \/>\n\u25cf T\u00e4ysin n\u00e4kyv\u00e4 ter\u00e4v\u00e4piirton\u00e4ytt\u00f6, jossa on s\u00e4\u00e4dett\u00e4v\u00e4 taustavalo<\/p>\n","protected":false},"featured_media":22095,"comment_status":"open","ping_status":"closed","template":"","meta":[],"product_brand":[],"product_cat":[784],"product_tag":[],"class_list":{"0":"post-22082","1":"product","2":"type-product","3":"status-publish","4":"has-post-thumbnail","6":"product_cat-tarvikkeet","8":"first","9":"outofstock","10":"taxable","11":"shipping-taxable","12":"purchasable","13":"product-type-simple"},"yoast_head":"<!-- This site is optimized with the Yoast SEO plugin v27.4 - https:\/\/yoast.com\/product\/yoast-seo-wordpress\/ -->\n<title>Inkbird WiFi &amp; Bluetooth langaton l\u00e4mp\u00f6mittaripaketti - BBQ \u00c4ssad%<\/title>\n<meta name=\"description\" content=\"Inkbird INT-12-BW Langaton l\u00e4mp\u00f6mittari - WiFi\/Bluetooth, 26 esiasetusta, 4 h\u00e4lytyst\u00e4 ja sovellusohjaus (my\u00f6s Apple Watch). IP67-anturit, pikalataus.\" \/>\n<meta name=\"robots\" content=\"index, follow, max-snippet:-1, max-image-preview:large, max-video-preview:-1\" \/>\n<link rel=\"canonical\" href=\"https:\/\/bbqassad.ee\/fi\/toode\/inkbird-wifi-bluetooth-langattoman-lampomittarin-sarja-int-12-bw\/\" \/>\n<meta property=\"og:locale\" content=\"fi_FI\" \/>\n<meta property=\"og:type\" content=\"article\" \/>\n<meta property=\"og:title\" content=\"Inkbird WiFi &amp; Bluetooth langaton l\u00e4mp\u00f6mittaripaketti\" \/>\n<meta property=\"og:description\" content=\"Inkbird INT-12-BW Langaton l\u00e4mp\u00f6mittari (2 anturia) - WiFi\/Bluetooth, 26 esiasetusta, 4 h\u00e4lytyst\u00e4 ja sovellusohjaus (my\u00f6s Apple Watch). IP67-luokan anturit, pikalataus.\" \/>\n<meta property=\"og:url\" content=\"https:\/\/bbqassad.ee\/fi\/toode\/inkbird-wifi-bluetooth-langattoman-lampomittarin-sarja-int-12-bw\/\" \/>\n<meta property=\"og:site_name\" content=\"BBQ \u00c4ssad\" \/>\n<meta property=\"article:publisher\" content=\"https:\/\/www.facebook.com\/bbqassad\" \/>\n<meta property=\"article:modified_time\" content=\"2026-04-14T06:32:35+00:00\" \/>\n<meta property=\"og:image\" content=\"https:\/\/bbqassad.ee\/wp-content\/uploads\/2026\/02\/inkbird-int-12-bw-wireless-thermometer-with-long-and-short-probes-outside.jpg-300x300.webp\" \/>\n<meta name=\"twitter:card\" content=\"summary_large_image\" \/>\n<script type=\"application\/ld+json\" class=\"yoast-schema-graph\">{\"@context\":\"https:\\\/\\\/schema.org\",\"@graph\":[{\"@type\":\"WebPage\",\"@id\":\"https:\\\/\\\/bbqassad.ee\\\/fi\\\/toode\\\/inkbird-wifi-bluetooth-langattoman-lampomittarin-sarja-int-12-bw\\\/\",\"url\":\"https:\\\/\\\/bbqassad.ee\\\/fi\\\/toode\\\/inkbird-wifi-bluetooth-langattoman-lampomittarin-sarja-int-12-bw\\\/\",\"name\":\"Inkbird WiFi & Bluetooth langaton l\u00e4mp\u00f6mittaripaketti - BBQ \u00c4ssad%\",\"isPartOf\":{\"@id\":\"https:\\\/\\\/bbqassad.ee\\\/fi\\\/#website\"},\"primaryImageOfPage\":{\"@id\":\"https:\\\/\\\/bbqassad.ee\\\/fi\\\/toode\\\/inkbird-wifi-bluetooth-langattoman-lampomittarin-sarja-int-12-bw\\\/#primaryimage\"},\"image\":{\"@id\":\"https:\\\/\\\/bbqassad.ee\\\/fi\\\/toode\\\/inkbird-wifi-bluetooth-langattoman-lampomittarin-sarja-int-12-bw\\\/#primaryimage\"},\"thumbnailUrl\":\"https:\\\/\\\/bbqassad.ee\\\/wp-content\\\/uploads\\\/2026\\\/02\\\/inkbird-int-12-bw-wireless-thermometer-with-long-and-short-probes-outside.jpg.webp\",\"datePublished\":\"2026-02-03T14:07:23+00:00\",\"dateModified\":\"2026-04-14T06:32:35+00:00\",\"description\":\"Inkbird INT-12-BW Langaton l\u00e4mp\u00f6mittari - WiFi\\\/Bluetooth, 26 esiasetusta, 4 h\u00e4lytyst\u00e4 ja sovellusohjaus (my\u00f6s Apple Watch). IP67-anturit, pikalataus.\",\"breadcrumb\":{\"@id\":\"https:\\\/\\\/bbqassad.ee\\\/fi\\\/toode\\\/inkbird-wifi-bluetooth-langattoman-lampomittarin-sarja-int-12-bw\\\/#breadcrumb\"},\"inLanguage\":\"fi\",\"potentialAction\":[{\"@type\":\"ReadAction\",\"target\":[\"https:\\\/\\\/bbqassad.ee\\\/fi\\\/toode\\\/inkbird-wifi-bluetooth-langattoman-lampomittarin-sarja-int-12-bw\\\/\"]}]},{\"@type\":\"ImageObject\",\"inLanguage\":\"fi\",\"@id\":\"https:\\\/\\\/bbqassad.ee\\\/fi\\\/toode\\\/inkbird-wifi-bluetooth-langattoman-lampomittarin-sarja-int-12-bw\\\/#primaryimage\",\"url\":\"https:\\\/\\\/bbqassad.ee\\\/wp-content\\\/uploads\\\/2026\\\/02\\\/inkbird-int-12-bw-wireless-thermometer-with-long-and-short-probes-outside.jpg.webp\",\"contentUrl\":\"https:\\\/\\\/bbqassad.ee\\\/wp-content\\\/uploads\\\/2026\\\/02\\\/inkbird-int-12-bw-wireless-thermometer-with-long-and-short-probes-outside.jpg.webp\",\"width\":1600,\"height\":1600,\"caption\":\"Inkbird WiFi & Bluetooth juhtmeta termomeetrite komplekt\"},{\"@type\":\"BreadcrumbList\",\"@id\":\"https:\\\/\\\/bbqassad.ee\\\/fi\\\/toode\\\/inkbird-wifi-bluetooth-langattoman-lampomittarin-sarja-int-12-bw\\\/#breadcrumb\",\"itemListElement\":[{\"@type\":\"ListItem\",\"position\":1,\"name\":\"Home\",\"item\":\"https:\\\/\\\/bbqassad.ee\\\/fi\\\/bbq-assat\\\/\"},{\"@type\":\"ListItem\",\"position\":2,\"name\":\"Verkkokauppa\",\"item\":\"https:\\\/\\\/bbqassad.ee\\\/fi\\\/verkkokauppa\\\/\"},{\"@type\":\"ListItem\",\"position\":3,\"name\":\"Inkbird WiFi &#038; Bluetooth langaton l\u00e4mp\u00f6mittari INT-12-BW\"}]},{\"@type\":\"WebSite\",\"@id\":\"https:\\\/\\\/bbqassad.ee\\\/fi\\\/#website\",\"url\":\"https:\\\/\\\/bbqassad.ee\\\/fi\\\/\",\"name\":\"BBQ \u00c4ssad\",\"description\":\"BBQ maitseained, kastmed, ahjud\",\"publisher\":{\"@id\":\"https:\\\/\\\/bbqassad.ee\\\/fi\\\/#organization\"},\"potentialAction\":[{\"@type\":\"SearchAction\",\"target\":{\"@type\":\"EntryPoint\",\"urlTemplate\":\"https:\\\/\\\/bbqassad.ee\\\/fi\\\/?s={search_term_string}\"},\"query-input\":{\"@type\":\"PropertyValueSpecification\",\"valueRequired\":true,\"valueName\":\"search_term_string\"}}],\"inLanguage\":\"fi\"},{\"@type\":\"Organization\",\"@id\":\"https:\\\/\\\/bbqassad.ee\\\/fi\\\/#organization\",\"name\":\"BBQ \u00c4ssad\",\"url\":\"https:\\\/\\\/bbqassad.ee\\\/fi\\\/\",\"logo\":{\"@type\":\"ImageObject\",\"inLanguage\":\"fi\",\"@id\":\"https:\\\/\\\/bbqassad.ee\\\/fi\\\/#\\\/schema\\\/logo\\\/image\\\/\",\"url\":\"https:\\\/\\\/bbqassad.ee\\\/wp-content\\\/uploads\\\/2022\\\/10\\\/BBQ-2ssadlogo.png\",\"contentUrl\":\"https:\\\/\\\/bbqassad.ee\\\/wp-content\\\/uploads\\\/2022\\\/10\\\/BBQ-2ssadlogo.png\",\"width\":1080,\"height\":1080,\"caption\":\"BBQ \u00c4ssad\"},\"image\":{\"@id\":\"https:\\\/\\\/bbqassad.ee\\\/fi\\\/#\\\/schema\\\/logo\\\/image\\\/\"},\"sameAs\":[\"https:\\\/\\\/www.facebook.com\\\/bbqassad\",\"https:\\\/\\\/www.youtube.com\\\/channel\\\/UCsoufn49J6TVi9Ah9meE93w\"]}]}<\/script>\n<!-- \/ Yoast SEO plugin. -->","yoast_head_json":{"title":"Inkbird WiFi & Bluetooth langaton l\u00e4mp\u00f6mittaripaketti - BBQ \u00c4ssad%","description":"Inkbird INT-12-BW Langaton l\u00e4mp\u00f6mittari - WiFi\/Bluetooth, 26 esiasetusta, 4 h\u00e4lytyst\u00e4 ja sovellusohjaus (my\u00f6s Apple Watch). IP67-anturit, pikalataus.","robots":{"index":"index","follow":"follow","max-snippet":"max-snippet:-1","max-image-preview":"max-image-preview:large","max-video-preview":"max-video-preview:-1"},"canonical":"https:\/\/bbqassad.ee\/fi\/toode\/inkbird-wifi-bluetooth-langattoman-lampomittarin-sarja-int-12-bw\/","og_locale":"fi_FI","og_type":"article","og_title":"Inkbird WiFi & Bluetooth langaton l\u00e4mp\u00f6mittaripaketti","og_description":"Inkbird INT-12-BW Langaton l\u00e4mp\u00f6mittari (2 anturia) - WiFi\/Bluetooth, 26 esiasetusta, 4 h\u00e4lytyst\u00e4 ja sovellusohjaus (my\u00f6s Apple Watch). IP67-luokan anturit, pikalataus.","og_url":"https:\/\/bbqassad.ee\/fi\/toode\/inkbird-wifi-bluetooth-langattoman-lampomittarin-sarja-int-12-bw\/","og_site_name":"BBQ \u00c4ssad","article_publisher":"https:\/\/www.facebook.com\/bbqassad","article_modified_time":"2026-04-14T06:32:35+00:00","og_image":[{"url":"https:\/\/bbqassad.ee\/wp-content\/uploads\/2026\/02\/inkbird-int-12-bw-wireless-thermometer-with-long-and-short-probes-outside.jpg-300x300.webp","type":"","width":"","height":""}],"twitter_card":"summary_large_image","schema":{"@context":"https:\/\/schema.org","@graph":[{"@type":"WebPage","@id":"https:\/\/bbqassad.ee\/fi\/toode\/inkbird-wifi-bluetooth-langattoman-lampomittarin-sarja-int-12-bw\/","url":"https:\/\/bbqassad.ee\/fi\/toode\/inkbird-wifi-bluetooth-langattoman-lampomittarin-sarja-int-12-bw\/","name":"Inkbird WiFi & Bluetooth langaton l\u00e4mp\u00f6mittaripaketti - BBQ \u00c4ssad%","isPartOf":{"@id":"https:\/\/bbqassad.ee\/fi\/#website"},"primaryImageOfPage":{"@id":"https:\/\/bbqassad.ee\/fi\/toode\/inkbird-wifi-bluetooth-langattoman-lampomittarin-sarja-int-12-bw\/#primaryimage"},"image":{"@id":"https:\/\/bbqassad.ee\/fi\/toode\/inkbird-wifi-bluetooth-langattoman-lampomittarin-sarja-int-12-bw\/#primaryimage"},"thumbnailUrl":"https:\/\/bbqassad.ee\/wp-content\/uploads\/2026\/02\/inkbird-int-12-bw-wireless-thermometer-with-long-and-short-probes-outside.jpg.webp","datePublished":"2026-02-03T14:07:23+00:00","dateModified":"2026-04-14T06:32:35+00:00","description":"Inkbird INT-12-BW Langaton l\u00e4mp\u00f6mittari - WiFi\/Bluetooth, 26 esiasetusta, 4 h\u00e4lytyst\u00e4 ja sovellusohjaus (my\u00f6s Apple Watch). IP67-anturit, pikalataus.","breadcrumb":{"@id":"https:\/\/bbqassad.ee\/fi\/toode\/inkbird-wifi-bluetooth-langattoman-lampomittarin-sarja-int-12-bw\/#breadcrumb"},"inLanguage":"fi","potentialAction":[{"@type":"ReadAction","target":["https:\/\/bbqassad.ee\/fi\/toode\/inkbird-wifi-bluetooth-langattoman-lampomittarin-sarja-int-12-bw\/"]}]},{"@type":"ImageObject","inLanguage":"fi","@id":"https:\/\/bbqassad.ee\/fi\/toode\/inkbird-wifi-bluetooth-langattoman-lampomittarin-sarja-int-12-bw\/#primaryimage","url":"https:\/\/bbqassad.ee\/wp-content\/uploads\/2026\/02\/inkbird-int-12-bw-wireless-thermometer-with-long-and-short-probes-outside.jpg.webp","contentUrl":"https:\/\/bbqassad.ee\/wp-content\/uploads\/2026\/02\/inkbird-int-12-bw-wireless-thermometer-with-long-and-short-probes-outside.jpg.webp","width":1600,"height":1600,"caption":"Inkbird WiFi & Bluetooth juhtmeta termomeetrite komplekt"},{"@type":"BreadcrumbList","@id":"https:\/\/bbqassad.ee\/fi\/toode\/inkbird-wifi-bluetooth-langattoman-lampomittarin-sarja-int-12-bw\/#breadcrumb","itemListElement":[{"@type":"ListItem","position":1,"name":"Home","item":"https:\/\/bbqassad.ee\/fi\/bbq-assat\/"},{"@type":"ListItem","position":2,"name":"Verkkokauppa","item":"https:\/\/bbqassad.ee\/fi\/verkkokauppa\/"},{"@type":"ListItem","position":3,"name":"Inkbird WiFi &#038; Bluetooth langaton l\u00e4mp\u00f6mittari INT-12-BW"}]},{"@type":"WebSite","@id":"https:\/\/bbqassad.ee\/fi\/#website","url":"https:\/\/bbqassad.ee\/fi\/","name":"BBQ \u00c4ssad","description":"BBQ maitseained, kastmed, ahjud","publisher":{"@id":"https:\/\/bbqassad.ee\/fi\/#organization"},"potentialAction":[{"@type":"SearchAction","target":{"@type":"EntryPoint","urlTemplate":"https:\/\/bbqassad.ee\/fi\/?s={search_term_string}"},"query-input":{"@type":"PropertyValueSpecification","valueRequired":true,"valueName":"search_term_string"}}],"inLanguage":"fi"},{"@type":"Organization","@id":"https:\/\/bbqassad.ee\/fi\/#organization","name":"BBQ \u00c4ssad","url":"https:\/\/bbqassad.ee\/fi\/","logo":{"@type":"ImageObject","inLanguage":"fi","@id":"https:\/\/bbqassad.ee\/fi\/#\/schema\/logo\/image\/","url":"https:\/\/bbqassad.ee\/wp-content\/uploads\/2022\/10\/BBQ-2ssadlogo.png","contentUrl":"https:\/\/bbqassad.ee\/wp-content\/uploads\/2022\/10\/BBQ-2ssadlogo.png","width":1080,"height":1080,"caption":"BBQ \u00c4ssad"},"image":{"@id":"https:\/\/bbqassad.ee\/fi\/#\/schema\/logo\/image\/"},"sameAs":["https:\/\/www.facebook.com\/bbqassad","https:\/\/www.youtube.com\/channel\/UCsoufn49J6TVi9Ah9meE93w"]}]}},"_links":{"self":[{"href":"https:\/\/bbqassad.ee\/fi\/wp-json\/wp\/v2\/product\/22082","targetHints":{"allow":["GET"]}}],"collection":[{"href":"https:\/\/bbqassad.ee\/fi\/wp-json\/wp\/v2\/product"}],"about":[{"href":"https:\/\/bbqassad.ee\/fi\/wp-json\/wp\/v2\/types\/product"}],"replies":[{"embeddable":true,"href":"https:\/\/bbqassad.ee\/fi\/wp-json\/wp\/v2\/comments?post=22082"}],"wp:featuredmedia":[{"embeddable":true,"href":"https:\/\/bbqassad.ee\/fi\/wp-json\/wp\/v2\/media\/22095"}],"wp:attachment":[{"href":"https:\/\/bbqassad.ee\/fi\/wp-json\/wp\/v2\/media?parent=22082"}],"wp:term":[{"taxonomy":"product_brand","embeddable":true,"href":"https:\/\/bbqassad.ee\/fi\/wp-json\/wp\/v2\/product_brand?post=22082"},{"taxonomy":"product_cat","embeddable":true,"href":"https:\/\/bbqassad.ee\/fi\/wp-json\/wp\/v2\/product_cat?post=22082"},{"taxonomy":"product_tag","embeddable":true,"href":"https:\/\/bbqassad.ee\/fi\/wp-json\/wp\/v2\/product_tag?post=22082"}],"curies":[{"name":"wp","href":"https:\/\/api.w.org\/{rel}","templated":true}]}}