{"id":22063,"date":"2026-02-05T09:02:00","date_gmt":"2026-02-05T09:02:00","guid":{"rendered":"https:\/\/bbqassad.ee\/toode\/tyhjiopakkauslaite-inkbird-ink-vs04\/"},"modified":"2026-04-14T06:32:35","modified_gmt":"2026-04-14T06:32:35","slug":"tyhjiopakkauslaite-inkbird-ink-vs04","status":"publish","type":"product","link":"https:\/\/bbqassad.ee\/fi\/toode\/tyhjiopakkauslaite-inkbird-ink-vs04\/","title":{"rendered":"Tyhji\u00f6pakkauslaite Inkbird INK-VS04"},"content":{"rendered":"<h2>Tyhji\u00f6pakkauslaite Inkbird INK-VS04<\/h2>\n<p>Yhteismoottori- ja -pumpputyhji\u00f6pakkauslaite: T\u00e4m\u00e4 kotityhji\u00f6pakkauslaite on varustettu yhteismoottori- ja -pumpputekniikalla, joka mahdollistaa suuren tyhji\u00f6virtauksen, jopa 22-25 l\/min, mik\u00e4 ei ainoastaan vakauta ja tasaa ty\u00f6t\u00e4, vaan my\u00f6s lyhent\u00e4\u00e4 tehokkaasti tyhji\u00f6pakkausaikaa. Lis\u00e4ksi 32 cm:n sulkupituuden ja 5 mm:n sulkuleveyden ansiosta mik\u00e4 tahansa elintarvikepussi voidaan sulkea hyvin ilman huolta vuodoista. <\/p>\n<p>L\u00e4ht\u00f6laskentaindikaattori + ylikuumenemissuoja: t\u00e4m\u00e4 tyhji\u00f6pakkaus on helppo liitt\u00e4\u00e4, helppo ymm\u00e4rt\u00e4\u00e4 ja k\u00e4ytt\u00e4\u00e4. Helppok\u00e4ytt\u00f6inen, yksinkertainen ja yksinkertainen asentaa, se on helppo ymm\u00e4rt\u00e4\u00e4, helppo liitt\u00e4\u00e4 ja helppo k\u00e4ytt\u00e4\u00e4. Ohjauspaneelin LED-n\u00e4ytt\u00f6 n\u00e4ytt\u00e4\u00e4 tyhji\u00f6prosessin laskurin reaaliajassa, jolloin toiminnan edistyminen on n\u00e4kyviss\u00e4. Lis\u00e4ksi se on erityisesti suunniteltu ylikuumenemissuojaj\u00e4rjestelm\u00e4ll\u00e4, joka varmistaa, ett\u00e4 kone pysyy vakaana pitkien k\u00e4ytt\u00f6jaksojen ajan, mik\u00e4 tekee jokaisesta operaatiosta turvallisen.  <\/p>\n<h3>Sis\u00e4\u00e4nrakennettu leikkuri\/pussien pidike\/vesialusta<\/h3>\n<p>Sis\u00e4iseen pussitelineeseen mahtuu pussirulla, jonka koko on 11&#8221; * 16,4&#8221; \/ 28 * 500 cm. Sis\u00e4\u00e4nrakennetun leikkurin avulla voit muokata erikokoisia pusseja ruoan koon mukaan. Ei en\u00e4\u00e4 pussij\u00e4tett\u00e4. Kun tyhji\u00f6pakkaat vetisi\u00e4 elintarvikkeita, tiivistenauhan l\u00e4hell\u00e4 oleva tippalevy sitoo imeytyneen veden ja est\u00e4\u00e4 veden p\u00e4\u00e4syn koneeseen. Tippalevy on irrotettava, joten voit helposti poistaa veden ja puhdistaa pohjan.    <\/p>\n<p>Useita toimintoja kaikentyyppisille elintarvikkeille: N\u00e4in kuivatut p\u00e4hkin\u00e4t, liha tai liemi s\u00e4ilytt\u00e4v\u00e4t alkuper\u00e4isen makunsa. Voit my\u00f6s valita HARD- tai TONIC-tilan ruoan kiinteyden mukaan, jotta ruoan rakenne ja muoto s\u00e4ilyv\u00e4t tyhji\u00f6pakkauksen aikana. Lis\u00e4ksi t\u00e4m\u00e4 monik\u00e4ytt\u00f6inen tyhji\u00f6pakkauslaite, jossa on Vacuum &amp; Seal \/ Seal Only \/ Pulse \/ Canister -tilat, t\u00e4ytt\u00e4\u00e4 erilaiset elintarvikkeiden s\u00e4il\u00f6nt\u00e4tarpeet.  <\/p>\n<p>T\u00e4m\u00e4 tyhji\u00f6pakkaus ja aloituspakkaus sis\u00e4lt\u00e4\u00e4 INK-VS04-tyhji\u00f6pakkauslaitteen*1; 11&#8221;*16.4&#8217;\/28*500cm pussirulla*1; 8&#8221;*11,8&#8221;\/22*30 cm ruokapussi*5; ilman imuletku*1; vaahtomuovikaistale*1; virtajohto*1; tarrapaperi*1; k\u00e4ytt\u00f6ohje*1. Tyhji\u00f6pakkauksen avulla voit pit\u00e4\u00e4 ruoan tuoreena 10 kertaa pidemp\u00e4\u00e4n kuin perinteisill\u00e4 s\u00e4ilytysmenetelmill\u00e4, mik\u00e4 auttaa sinua el\u00e4m\u00e4\u00e4n raikasta ja terveellist\u00e4 el\u00e4m\u00e4\u00e4. <\/p>\n","protected":false},"excerpt":{"rendered":"<p>T\u00e4rkeimm\u00e4t ominaisuudet<\/p>\n<p>Suuri kotitalouksien tyhji\u00f6pakastin, jossa useita toimintoja<br \/>\nKaksi moottoria, kaksoispumppu, tukee suurta tyhji\u00f6virtausta jopa 22-25 l\/min<br \/>\nKuiva\/Kostea\/Kostea, 3 elintarvikevaihtoehtoa kullekin ruokatyypille<br \/>\nHell\u00e4varainen tila ja normaali tila, 2 tyhji\u00f6tehotasoa<br \/>\nTyhji\u00f6 ja sulkeminen\/vain sulkeminen\/pulssi\/kanisteri, 4 k\u00e4ytt\u00f6vaihtoehtoa<br \/>\nSis\u00e4\u00e4nrakennettu leikkuri pussin koon s\u00e4\u00e4t\u00e4miseen ruoan koon mukaan<br \/>\nSis\u00e4\u00e4nrakennettu pussis\u00e4ilytyslokero k\u00e4ytt\u00e4m\u00e4tt\u00f6mien ruokapussien s\u00e4ilytt\u00e4miseen<br \/>\nIrrotettava tippalokero, johon mahtuu jopa 300 ml vett\u00e4<br \/>\nLED-n\u00e4ytt\u00f6 tyhji\u00f6tilan ajastimelle<br \/>\nTukee ylikuumenemissuojaa turvallista k\u00e4ytt\u00f6\u00e4 varten.<\/p>\n<p>Tekniset tiedot<\/p>\n<p>Malli: INK-VS04<\/p>\n<p>Laitteen koko: 39,6 * 24 * 11,5 cm \/ 15,59 * 9,44 * 4,52 tuumaa.<\/p>\n<p>Nettopaino: 2,92 kg \/ 6,43 lb.<\/p>\n<p>N\u00e4ytt\u00f6: LED-n\u00e4ytt\u00f6<\/p>\n<p>J\u00e4nnite: 110-120 V 60 Hz 160 W; 220-240 V 50 Hz 150 W<\/p>\n<p>Tyhj\u00e4kapasiteetti: 80 kPa (-0,8 bar)<\/p>\n<p>Tyhji\u00f6n nopeus: 22-25 l\/min<\/p>\n<p>Vesitilavuuden tilavuus: 300 ml<\/p>\n<p>Tiivisteen leveys: 5 mm<\/p>\n<p>Sinetin pituus: 32 cm<\/p>\n","protected":false},"featured_media":22072,"comment_status":"open","ping_status":"closed","template":"","meta":[],"product_brand":[145,161],"product_cat":[784],"product_tag":[],"class_list":{"0":"post-22063","1":"product","2":"type-product","3":"status-publish","4":"has-post-thumbnail","6":"product_brand-inkbird","7":"product_brand-inkbird-en","8":"product_cat-tarvikkeet","10":"first","11":"instock","12":"taxable","13":"shipping-taxable","14":"purchasable","15":"product-type-simple"},"yoast_head":"<!-- This site is optimized with the Yoast SEO plugin v27.4 - https:\/\/yoast.com\/product\/yoast-seo-wordpress\/ -->\n<title>Tyhji\u00f6pakkauslaite Inkbird INK-VS04 - BBQ \u00c4ssad<\/title>\n<meta name=\"description\" content=\"Inkbird INK-VS04 Tyhji\u00f6pakkauslaite, jossa on kaksi moottoria ja suuri nopeus 22-25 l\/min, kuiva\/m\u00e4rk\u00e4\/m\u00e4rk\u00e4, pulssi- ja kanisteritila. 32 cm puristus + sis\u00e4\u00e4nrakennettu leikkuri.\" \/>\n<meta name=\"robots\" content=\"index, follow, max-snippet:-1, max-image-preview:large, max-video-preview:-1\" \/>\n<link rel=\"canonical\" href=\"https:\/\/bbqassad.ee\/fi\/toode\/tyhjiopakkauslaite-inkbird-ink-vs04\/\" \/>\n<meta property=\"og:locale\" content=\"fi_FI\" \/>\n<meta property=\"og:type\" content=\"article\" \/>\n<meta property=\"og:title\" content=\"Tyhji\u00f6pakkauslaite Inkbird INK-VS04\" \/>\n<meta property=\"og:description\" content=\"Inkbird INK-VS04 -tyhji\u00f6pakkauslaite - kaksi moottoria ja suuri nopeus (22-25 l\/min), kuiva\/m\u00e4rk\u00e4\/m\u00e4rk\u00e4, pulssi- ja kanisteritila. 32 cm puristus + sis\u00e4\u00e4nrakennettu leikkuri.\" \/>\n<meta property=\"og:url\" content=\"https:\/\/bbqassad.ee\/fi\/toode\/tyhjiopakkauslaite-inkbird-ink-vs04\/\" \/>\n<meta property=\"og:site_name\" content=\"BBQ \u00c4ssad\" \/>\n<meta property=\"article:publisher\" content=\"https:\/\/www.facebook.com\/bbqassad\" \/>\n<meta property=\"article:modified_time\" content=\"2026-04-14T06:32:35+00:00\" \/>\n<meta property=\"og:image\" content=\"https:\/\/bbqassad.ee\/wp-content\/uploads\/2026\/02\/1-1600-1600.png-300x300.webp\" \/>\n<meta name=\"twitter:card\" content=\"summary_large_image\" \/>\n<meta name=\"twitter:label1\" content=\"Arvioitu lukuaika\" \/>\n\t<meta name=\"twitter:data1\" content=\"2 minuuttia\" \/>\n<script type=\"application\/ld+json\" class=\"yoast-schema-graph\">{\"@context\":\"https:\\\/\\\/schema.org\",\"@graph\":[{\"@type\":\"WebPage\",\"@id\":\"https:\\\/\\\/bbqassad.ee\\\/fi\\\/toode\\\/tyhjiopakkauslaite-inkbird-ink-vs04\\\/\",\"url\":\"https:\\\/\\\/bbqassad.ee\\\/fi\\\/toode\\\/tyhjiopakkauslaite-inkbird-ink-vs04\\\/\",\"name\":\"Tyhji\u00f6pakkauslaite Inkbird INK-VS04 - BBQ \u00c4ssad\",\"isPartOf\":{\"@id\":\"https:\\\/\\\/bbqassad.ee\\\/fi\\\/#website\"},\"primaryImageOfPage\":{\"@id\":\"https:\\\/\\\/bbqassad.ee\\\/fi\\\/toode\\\/tyhjiopakkauslaite-inkbird-ink-vs04\\\/#primaryimage\"},\"image\":{\"@id\":\"https:\\\/\\\/bbqassad.ee\\\/fi\\\/toode\\\/tyhjiopakkauslaite-inkbird-ink-vs04\\\/#primaryimage\"},\"thumbnailUrl\":\"https:\\\/\\\/bbqassad.ee\\\/wp-content\\\/uploads\\\/2026\\\/02\\\/1-1600-1600.png.webp\",\"datePublished\":\"2026-02-05T09:02:00+00:00\",\"dateModified\":\"2026-04-14T06:32:35+00:00\",\"description\":\"Inkbird INK-VS04 Tyhji\u00f6pakkauslaite, jossa on kaksi moottoria ja suuri nopeus 22-25 l\\\/min, kuiva\\\/m\u00e4rk\u00e4\\\/m\u00e4rk\u00e4, pulssi- ja kanisteritila. 32 cm puristus + sis\u00e4\u00e4nrakennettu leikkuri.\",\"breadcrumb\":{\"@id\":\"https:\\\/\\\/bbqassad.ee\\\/fi\\\/toode\\\/tyhjiopakkauslaite-inkbird-ink-vs04\\\/#breadcrumb\"},\"inLanguage\":\"fi\",\"potentialAction\":[{\"@type\":\"ReadAction\",\"target\":[\"https:\\\/\\\/bbqassad.ee\\\/fi\\\/toode\\\/tyhjiopakkauslaite-inkbird-ink-vs04\\\/\"]}]},{\"@type\":\"ImageObject\",\"inLanguage\":\"fi\",\"@id\":\"https:\\\/\\\/bbqassad.ee\\\/fi\\\/toode\\\/tyhjiopakkauslaite-inkbird-ink-vs04\\\/#primaryimage\",\"url\":\"https:\\\/\\\/bbqassad.ee\\\/wp-content\\\/uploads\\\/2026\\\/02\\\/1-1600-1600.png.webp\",\"contentUrl\":\"https:\\\/\\\/bbqassad.ee\\\/wp-content\\\/uploads\\\/2026\\\/02\\\/1-1600-1600.png.webp\",\"width\":1600,\"height\":1600,\"caption\":\"Vaakumpakendaja Inkbird INK-VS04\"},{\"@type\":\"BreadcrumbList\",\"@id\":\"https:\\\/\\\/bbqassad.ee\\\/fi\\\/toode\\\/tyhjiopakkauslaite-inkbird-ink-vs04\\\/#breadcrumb\",\"itemListElement\":[{\"@type\":\"ListItem\",\"position\":1,\"name\":\"Home\",\"item\":\"https:\\\/\\\/bbqassad.ee\\\/fi\\\/bbq-assat\\\/\"},{\"@type\":\"ListItem\",\"position\":2,\"name\":\"Verkkokauppa\",\"item\":\"https:\\\/\\\/bbqassad.ee\\\/fi\\\/verkkokauppa\\\/\"},{\"@type\":\"ListItem\",\"position\":3,\"name\":\"Tyhji\u00f6pakkauslaite Inkbird INK-VS04\"}]},{\"@type\":\"WebSite\",\"@id\":\"https:\\\/\\\/bbqassad.ee\\\/fi\\\/#website\",\"url\":\"https:\\\/\\\/bbqassad.ee\\\/fi\\\/\",\"name\":\"BBQ \u00c4ssad\",\"description\":\"BBQ maitseained, kastmed, ahjud\",\"publisher\":{\"@id\":\"https:\\\/\\\/bbqassad.ee\\\/fi\\\/#organization\"},\"potentialAction\":[{\"@type\":\"SearchAction\",\"target\":{\"@type\":\"EntryPoint\",\"urlTemplate\":\"https:\\\/\\\/bbqassad.ee\\\/fi\\\/?s={search_term_string}\"},\"query-input\":{\"@type\":\"PropertyValueSpecification\",\"valueRequired\":true,\"valueName\":\"search_term_string\"}}],\"inLanguage\":\"fi\"},{\"@type\":\"Organization\",\"@id\":\"https:\\\/\\\/bbqassad.ee\\\/fi\\\/#organization\",\"name\":\"BBQ \u00c4ssad\",\"url\":\"https:\\\/\\\/bbqassad.ee\\\/fi\\\/\",\"logo\":{\"@type\":\"ImageObject\",\"inLanguage\":\"fi\",\"@id\":\"https:\\\/\\\/bbqassad.ee\\\/fi\\\/#\\\/schema\\\/logo\\\/image\\\/\",\"url\":\"https:\\\/\\\/bbqassad.ee\\\/wp-content\\\/uploads\\\/2022\\\/10\\\/BBQ-2ssadlogo.png\",\"contentUrl\":\"https:\\\/\\\/bbqassad.ee\\\/wp-content\\\/uploads\\\/2022\\\/10\\\/BBQ-2ssadlogo.png\",\"width\":1080,\"height\":1080,\"caption\":\"BBQ \u00c4ssad\"},\"image\":{\"@id\":\"https:\\\/\\\/bbqassad.ee\\\/fi\\\/#\\\/schema\\\/logo\\\/image\\\/\"},\"sameAs\":[\"https:\\\/\\\/www.facebook.com\\\/bbqassad\",\"https:\\\/\\\/www.youtube.com\\\/channel\\\/UCsoufn49J6TVi9Ah9meE93w\"]}]}<\/script>\n<!-- \/ Yoast SEO plugin. -->","yoast_head_json":{"title":"Tyhji\u00f6pakkauslaite Inkbird INK-VS04 - BBQ \u00c4ssad","description":"Inkbird INK-VS04 Tyhji\u00f6pakkauslaite, jossa on kaksi moottoria ja suuri nopeus 22-25 l\/min, kuiva\/m\u00e4rk\u00e4\/m\u00e4rk\u00e4, pulssi- ja kanisteritila. 32 cm puristus + sis\u00e4\u00e4nrakennettu leikkuri.","robots":{"index":"index","follow":"follow","max-snippet":"max-snippet:-1","max-image-preview":"max-image-preview:large","max-video-preview":"max-video-preview:-1"},"canonical":"https:\/\/bbqassad.ee\/fi\/toode\/tyhjiopakkauslaite-inkbird-ink-vs04\/","og_locale":"fi_FI","og_type":"article","og_title":"Tyhji\u00f6pakkauslaite Inkbird INK-VS04","og_description":"Inkbird INK-VS04 -tyhji\u00f6pakkauslaite - kaksi moottoria ja suuri nopeus (22-25 l\/min), kuiva\/m\u00e4rk\u00e4\/m\u00e4rk\u00e4, pulssi- ja kanisteritila. 32 cm puristus + sis\u00e4\u00e4nrakennettu leikkuri.","og_url":"https:\/\/bbqassad.ee\/fi\/toode\/tyhjiopakkauslaite-inkbird-ink-vs04\/","og_site_name":"BBQ \u00c4ssad","article_publisher":"https:\/\/www.facebook.com\/bbqassad","article_modified_time":"2026-04-14T06:32:35+00:00","og_image":[{"url":"https:\/\/bbqassad.ee\/wp-content\/uploads\/2026\/02\/1-1600-1600.png-300x300.webp","type":"","width":"","height":""}],"twitter_card":"summary_large_image","twitter_misc":{"Arvioitu lukuaika":"2 minuuttia"},"schema":{"@context":"https:\/\/schema.org","@graph":[{"@type":"WebPage","@id":"https:\/\/bbqassad.ee\/fi\/toode\/tyhjiopakkauslaite-inkbird-ink-vs04\/","url":"https:\/\/bbqassad.ee\/fi\/toode\/tyhjiopakkauslaite-inkbird-ink-vs04\/","name":"Tyhji\u00f6pakkauslaite Inkbird INK-VS04 - BBQ \u00c4ssad","isPartOf":{"@id":"https:\/\/bbqassad.ee\/fi\/#website"},"primaryImageOfPage":{"@id":"https:\/\/bbqassad.ee\/fi\/toode\/tyhjiopakkauslaite-inkbird-ink-vs04\/#primaryimage"},"image":{"@id":"https:\/\/bbqassad.ee\/fi\/toode\/tyhjiopakkauslaite-inkbird-ink-vs04\/#primaryimage"},"thumbnailUrl":"https:\/\/bbqassad.ee\/wp-content\/uploads\/2026\/02\/1-1600-1600.png.webp","datePublished":"2026-02-05T09:02:00+00:00","dateModified":"2026-04-14T06:32:35+00:00","description":"Inkbird INK-VS04 Tyhji\u00f6pakkauslaite, jossa on kaksi moottoria ja suuri nopeus 22-25 l\/min, kuiva\/m\u00e4rk\u00e4\/m\u00e4rk\u00e4, pulssi- ja kanisteritila. 32 cm puristus + sis\u00e4\u00e4nrakennettu leikkuri.","breadcrumb":{"@id":"https:\/\/bbqassad.ee\/fi\/toode\/tyhjiopakkauslaite-inkbird-ink-vs04\/#breadcrumb"},"inLanguage":"fi","potentialAction":[{"@type":"ReadAction","target":["https:\/\/bbqassad.ee\/fi\/toode\/tyhjiopakkauslaite-inkbird-ink-vs04\/"]}]},{"@type":"ImageObject","inLanguage":"fi","@id":"https:\/\/bbqassad.ee\/fi\/toode\/tyhjiopakkauslaite-inkbird-ink-vs04\/#primaryimage","url":"https:\/\/bbqassad.ee\/wp-content\/uploads\/2026\/02\/1-1600-1600.png.webp","contentUrl":"https:\/\/bbqassad.ee\/wp-content\/uploads\/2026\/02\/1-1600-1600.png.webp","width":1600,"height":1600,"caption":"Vaakumpakendaja Inkbird INK-VS04"},{"@type":"BreadcrumbList","@id":"https:\/\/bbqassad.ee\/fi\/toode\/tyhjiopakkauslaite-inkbird-ink-vs04\/#breadcrumb","itemListElement":[{"@type":"ListItem","position":1,"name":"Home","item":"https:\/\/bbqassad.ee\/fi\/bbq-assat\/"},{"@type":"ListItem","position":2,"name":"Verkkokauppa","item":"https:\/\/bbqassad.ee\/fi\/verkkokauppa\/"},{"@type":"ListItem","position":3,"name":"Tyhji\u00f6pakkauslaite Inkbird INK-VS04"}]},{"@type":"WebSite","@id":"https:\/\/bbqassad.ee\/fi\/#website","url":"https:\/\/bbqassad.ee\/fi\/","name":"BBQ \u00c4ssad","description":"BBQ maitseained, kastmed, ahjud","publisher":{"@id":"https:\/\/bbqassad.ee\/fi\/#organization"},"potentialAction":[{"@type":"SearchAction","target":{"@type":"EntryPoint","urlTemplate":"https:\/\/bbqassad.ee\/fi\/?s={search_term_string}"},"query-input":{"@type":"PropertyValueSpecification","valueRequired":true,"valueName":"search_term_string"}}],"inLanguage":"fi"},{"@type":"Organization","@id":"https:\/\/bbqassad.ee\/fi\/#organization","name":"BBQ \u00c4ssad","url":"https:\/\/bbqassad.ee\/fi\/","logo":{"@type":"ImageObject","inLanguage":"fi","@id":"https:\/\/bbqassad.ee\/fi\/#\/schema\/logo\/image\/","url":"https:\/\/bbqassad.ee\/wp-content\/uploads\/2022\/10\/BBQ-2ssadlogo.png","contentUrl":"https:\/\/bbqassad.ee\/wp-content\/uploads\/2022\/10\/BBQ-2ssadlogo.png","width":1080,"height":1080,"caption":"BBQ \u00c4ssad"},"image":{"@id":"https:\/\/bbqassad.ee\/fi\/#\/schema\/logo\/image\/"},"sameAs":["https:\/\/www.facebook.com\/bbqassad","https:\/\/www.youtube.com\/channel\/UCsoufn49J6TVi9Ah9meE93w"]}]}},"_links":{"self":[{"href":"https:\/\/bbqassad.ee\/fi\/wp-json\/wp\/v2\/product\/22063","targetHints":{"allow":["GET"]}}],"collection":[{"href":"https:\/\/bbqassad.ee\/fi\/wp-json\/wp\/v2\/product"}],"about":[{"href":"https:\/\/bbqassad.ee\/fi\/wp-json\/wp\/v2\/types\/product"}],"replies":[{"embeddable":true,"href":"https:\/\/bbqassad.ee\/fi\/wp-json\/wp\/v2\/comments?post=22063"}],"wp:featuredmedia":[{"embeddable":true,"href":"https:\/\/bbqassad.ee\/fi\/wp-json\/wp\/v2\/media\/22072"}],"wp:attachment":[{"href":"https:\/\/bbqassad.ee\/fi\/wp-json\/wp\/v2\/media?parent=22063"}],"wp:term":[{"taxonomy":"product_brand","embeddable":true,"href":"https:\/\/bbqassad.ee\/fi\/wp-json\/wp\/v2\/product_brand?post=22063"},{"taxonomy":"product_cat","embeddable":true,"href":"https:\/\/bbqassad.ee\/fi\/wp-json\/wp\/v2\/product_cat?post=22063"},{"taxonomy":"product_tag","embeddable":true,"href":"https:\/\/bbqassad.ee\/fi\/wp-json\/wp\/v2\/product_tag?post=22063"}],"curies":[{"name":"wp","href":"https:\/\/api.w.org\/{rel}","templated":true}]}}