{"id":22053,"date":"2026-02-23T15:05:19","date_gmt":"2026-02-23T15:05:19","guid":{"rendered":"https:\/\/bbqassad.ee\/toode\/napoleonin-marinadiveitsi-lihaveitsi-nopeaa-marinadia-varten-kaksi-neulaa\/"},"modified":"2026-04-14T06:32:34","modified_gmt":"2026-04-14T06:32:34","slug":"napoleonin-marinadiveitsi-lihaveitsi-nopeaa-marinadia-varten-kaksi-neulaa","status":"publish","type":"product","link":"https:\/\/bbqassad.ee\/fi\/toode\/napoleonin-marinadiveitsi-lihaveitsi-nopeaa-marinadia-varten-kaksi-neulaa\/","title":{"rendered":"Napoleonin marinadiveitsi\/lihaveitsi nopeaa marinadia varten (kaksi neulaa)."},"content":{"rendered":"<p>Ruiskun runko on valmistettu ruostumattomasta ter\u00e4ksest\u00e4, ja sen l\u00e4pin\u00e4kyv\u00e4 osa on merkitty. Sarjaan kuuluu kaksi vaihdettavaa ruiskun p\u00e4\u00e4t\u00e4; pienempi ruiskun p\u00e4\u00e4 nestem\u00e4isille nesteille ja suurempi ruiskun p\u00e4\u00e4 marinadeille, joissa on esimerkiksi valkosipulijauhetta ja\/tai yrttej\u00e4. Marinadiruiskussa on pitk\u00e4 metallineula, jonka avulla marinadi voidaan nimens\u00e4 mukaisesti ruiskuttaa lihaan, vihanneksiin ja jopa hedelmiin. Marinadin lis\u00e4\u00e4minen valmiiseen ruokaan tekee siit\u00e4 mehukkaampaa ja maukkaampaa ja lyhent\u00e4\u00e4 marinointiaikaa huomattavasti. Marinadin ruiskutuslaite on helppo puhdistaa mukana tulevilla harjoilla. Setti s\u00e4ilytet\u00e4\u00e4n mukana toimitetussa muovilaatikossa.     <\/p>\n","protected":false},"excerpt":{"rendered":"<h3><strong>Napoleonin marinadiveitsi \/ lihaveitsi nopeaan marinointiin<\/strong><\/h3>\n<p>Marinadin ruiskutuslaite marinadin ruiskuttamiseksi lihaan. Ruostumatonta ter\u00e4st\u00e4, kaksi neulaa ja puhdistusharja. Saat mehev\u00e4n ja maukkaan lopputuloksen nopeasti.  <\/p>\n","protected":false},"featured_media":13285,"comment_status":"closed","ping_status":"closed","template":"","meta":[],"product_brand":[768],"product_cat":[785],"product_tag":[],"class_list":{"0":"post-22053","1":"product","2":"type-product","3":"status-publish","4":"has-post-thumbnail","6":"product_brand-napoleon","7":"product_cat-kaasugrillien-tarvikkeet","9":"first","10":"instock","11":"taxable","12":"shipping-taxable","13":"purchasable","14":"product-type-simple"},"yoast_head":"<!-- This site is optimized with the Yoast SEO plugin v27.4 - https:\/\/yoast.com\/product\/yoast-seo-wordpress\/ -->\n<title>Napoleon marinadiveitsi lihaveitsi nopeaan marinointiin -% BBQ \u00c4ssad%<\/title>\n<meta name=\"description\" content=\"Napoleon-marinadi on suunniteltu lihan nopeaan marinointiin. Ruostumattomasta ter\u00e4ksest\u00e4, se sis\u00e4lt\u00e4\u00e4 kaksi neulaa ja puhdistusharjat herkullisen lopputuloksen saamiseksi.\" \/>\n<meta name=\"robots\" content=\"index, follow, max-snippet:-1, max-image-preview:large, max-video-preview:-1\" \/>\n<link rel=\"canonical\" href=\"https:\/\/bbqassad.ee\/fi\/toode\/napoleonin-marinadiveitsi-lihaveitsi-nopeaa-marinadia-varten-kaksi-neulaa\/\" \/>\n<meta property=\"og:locale\" content=\"fi_FI\" \/>\n<meta property=\"og:type\" content=\"article\" \/>\n<meta property=\"og:title\" content=\"Napoleon marinadiveitsi lihaveitsi nopeaan marinointiin -% BBQ \u00c4ssad%\" \/>\n<meta property=\"og:description\" content=\"Napoleon-marinadi on suunniteltu lihan nopeaan marinointiin. Ruostumattomasta ter\u00e4ksest\u00e4, se sis\u00e4lt\u00e4\u00e4 kaksi neulaa ja puhdistusharjat herkullisen lopputuloksen saamiseksi.\" \/>\n<meta property=\"og:url\" content=\"https:\/\/bbqassad.ee\/fi\/toode\/napoleonin-marinadiveitsi-lihaveitsi-nopeaa-marinadia-varten-kaksi-neulaa\/\" \/>\n<meta property=\"og:site_name\" content=\"BBQ \u00c4ssad\" \/>\n<meta property=\"article:publisher\" content=\"https:\/\/www.facebook.com\/bbqassad\" \/>\n<meta property=\"article:modified_time\" content=\"2026-04-14T06:32:34+00:00\" \/>\n<meta property=\"og:image\" content=\"https:\/\/bbqassad.ee\/wp-content\/uploads\/2026\/02\/BBQ-Entertainment-Napoleoni-marinaadisustal-kiirmarineerimiseks-1.jpg\" \/>\n<meta name=\"twitter:card\" content=\"summary_large_image\" \/>\n<meta name=\"twitter:title\" content=\"Napoleon marinadiveitsi lihaveitsi nopeaan marinointiin -% BBQ \u00c4ssad%\" \/>\n<meta name=\"twitter:description\" content=\"Napoleon-marinadi on suunniteltu lihan nopeaan marinointiin. Ruostumattomasta ter\u00e4ksest\u00e4, se sis\u00e4lt\u00e4\u00e4 kaksi neulaa ja puhdistusharjat herkullisen lopputuloksen saamiseksi.\" \/>\n<meta name=\"twitter:image\" content=\"https:\/\/bbqassad.ee\/wp-content\/uploads\/2026\/02\/BBQ-Entertainment-Napoleoni-marinaadisustal-kiirmarineerimiseks-1.jpg\" \/>\n<script type=\"application\/ld+json\" class=\"yoast-schema-graph\">{\"@context\":\"https:\\\/\\\/schema.org\",\"@graph\":[{\"@type\":\"WebPage\",\"@id\":\"https:\\\/\\\/bbqassad.ee\\\/fi\\\/toode\\\/napoleonin-marinadiveitsi-lihaveitsi-nopeaa-marinadia-varten-kaksi-neulaa\\\/\",\"url\":\"https:\\\/\\\/bbqassad.ee\\\/fi\\\/toode\\\/napoleonin-marinadiveitsi-lihaveitsi-nopeaa-marinadia-varten-kaksi-neulaa\\\/\",\"name\":\"Napoleon marinadiveitsi lihaveitsi nopeaan marinointiin -% BBQ \u00c4ssad%\",\"isPartOf\":{\"@id\":\"https:\\\/\\\/bbqassad.ee\\\/fi\\\/#website\"},\"primaryImageOfPage\":{\"@id\":\"https:\\\/\\\/bbqassad.ee\\\/fi\\\/toode\\\/napoleonin-marinadiveitsi-lihaveitsi-nopeaa-marinadia-varten-kaksi-neulaa\\\/#primaryimage\"},\"image\":{\"@id\":\"https:\\\/\\\/bbqassad.ee\\\/fi\\\/toode\\\/napoleonin-marinadiveitsi-lihaveitsi-nopeaa-marinadia-varten-kaksi-neulaa\\\/#primaryimage\"},\"thumbnailUrl\":\"https:\\\/\\\/bbqassad.ee\\\/wp-content\\\/uploads\\\/2026\\\/02\\\/BBQ-Entertainment-Napoleoni-marinaadisustal-kiirmarineerimiseks-1.jpg\",\"datePublished\":\"2026-02-23T15:05:19+00:00\",\"dateModified\":\"2026-04-14T06:32:34+00:00\",\"description\":\"Napoleon-marinadi on suunniteltu lihan nopeaan marinointiin. Ruostumattomasta ter\u00e4ksest\u00e4, se sis\u00e4lt\u00e4\u00e4 kaksi neulaa ja puhdistusharjat herkullisen lopputuloksen saamiseksi.\",\"breadcrumb\":{\"@id\":\"https:\\\/\\\/bbqassad.ee\\\/fi\\\/toode\\\/napoleonin-marinadiveitsi-lihaveitsi-nopeaa-marinadia-varten-kaksi-neulaa\\\/#breadcrumb\"},\"inLanguage\":\"fi\",\"potentialAction\":[{\"@type\":\"ReadAction\",\"target\":[\"https:\\\/\\\/bbqassad.ee\\\/fi\\\/toode\\\/napoleonin-marinadiveitsi-lihaveitsi-nopeaa-marinadia-varten-kaksi-neulaa\\\/\"]}]},{\"@type\":\"ImageObject\",\"inLanguage\":\"fi\",\"@id\":\"https:\\\/\\\/bbqassad.ee\\\/fi\\\/toode\\\/napoleonin-marinadiveitsi-lihaveitsi-nopeaa-marinadia-varten-kaksi-neulaa\\\/#primaryimage\",\"url\":\"https:\\\/\\\/bbqassad.ee\\\/wp-content\\\/uploads\\\/2026\\\/02\\\/BBQ-Entertainment-Napoleoni-marinaadisustal-kiirmarineerimiseks-1.jpg\",\"contentUrl\":\"https:\\\/\\\/bbqassad.ee\\\/wp-content\\\/uploads\\\/2026\\\/02\\\/BBQ-Entertainment-Napoleoni-marinaadisustal-kiirmarineerimiseks-1.jpg\",\"width\":1116,\"height\":1116},{\"@type\":\"BreadcrumbList\",\"@id\":\"https:\\\/\\\/bbqassad.ee\\\/fi\\\/toode\\\/napoleonin-marinadiveitsi-lihaveitsi-nopeaa-marinadia-varten-kaksi-neulaa\\\/#breadcrumb\",\"itemListElement\":[{\"@type\":\"ListItem\",\"position\":1,\"name\":\"Home\",\"item\":\"https:\\\/\\\/bbqassad.ee\\\/fi\\\/bbq-assat\\\/\"},{\"@type\":\"ListItem\",\"position\":2,\"name\":\"Verkkokauppa\",\"item\":\"https:\\\/\\\/bbqassad.ee\\\/fi\\\/verkkokauppa\\\/\"},{\"@type\":\"ListItem\",\"position\":3,\"name\":\"Napoleonin marinadiveitsi\\\/lihaveitsi nopeaa marinadia varten (kaksi neulaa).\"}]},{\"@type\":\"WebSite\",\"@id\":\"https:\\\/\\\/bbqassad.ee\\\/fi\\\/#website\",\"url\":\"https:\\\/\\\/bbqassad.ee\\\/fi\\\/\",\"name\":\"BBQ \u00c4ssad\",\"description\":\"BBQ maitseained, kastmed, ahjud\",\"publisher\":{\"@id\":\"https:\\\/\\\/bbqassad.ee\\\/fi\\\/#organization\"},\"potentialAction\":[{\"@type\":\"SearchAction\",\"target\":{\"@type\":\"EntryPoint\",\"urlTemplate\":\"https:\\\/\\\/bbqassad.ee\\\/fi\\\/?s={search_term_string}\"},\"query-input\":{\"@type\":\"PropertyValueSpecification\",\"valueRequired\":true,\"valueName\":\"search_term_string\"}}],\"inLanguage\":\"fi\"},{\"@type\":\"Organization\",\"@id\":\"https:\\\/\\\/bbqassad.ee\\\/fi\\\/#organization\",\"name\":\"BBQ \u00c4ssad\",\"url\":\"https:\\\/\\\/bbqassad.ee\\\/fi\\\/\",\"logo\":{\"@type\":\"ImageObject\",\"inLanguage\":\"fi\",\"@id\":\"https:\\\/\\\/bbqassad.ee\\\/fi\\\/#\\\/schema\\\/logo\\\/image\\\/\",\"url\":\"https:\\\/\\\/bbqassad.ee\\\/wp-content\\\/uploads\\\/2022\\\/10\\\/BBQ-2ssadlogo.png\",\"contentUrl\":\"https:\\\/\\\/bbqassad.ee\\\/wp-content\\\/uploads\\\/2022\\\/10\\\/BBQ-2ssadlogo.png\",\"width\":1080,\"height\":1080,\"caption\":\"BBQ \u00c4ssad\"},\"image\":{\"@id\":\"https:\\\/\\\/bbqassad.ee\\\/fi\\\/#\\\/schema\\\/logo\\\/image\\\/\"},\"sameAs\":[\"https:\\\/\\\/www.facebook.com\\\/bbqassad\",\"https:\\\/\\\/www.youtube.com\\\/channel\\\/UCsoufn49J6TVi9Ah9meE93w\"]}]}<\/script>\n<!-- \/ Yoast SEO plugin. -->","yoast_head_json":{"title":"Napoleon marinadiveitsi lihaveitsi nopeaan marinointiin -% BBQ \u00c4ssad%","description":"Napoleon-marinadi on suunniteltu lihan nopeaan marinointiin. Ruostumattomasta ter\u00e4ksest\u00e4, se sis\u00e4lt\u00e4\u00e4 kaksi neulaa ja puhdistusharjat herkullisen lopputuloksen saamiseksi.","robots":{"index":"index","follow":"follow","max-snippet":"max-snippet:-1","max-image-preview":"max-image-preview:large","max-video-preview":"max-video-preview:-1"},"canonical":"https:\/\/bbqassad.ee\/fi\/toode\/napoleonin-marinadiveitsi-lihaveitsi-nopeaa-marinadia-varten-kaksi-neulaa\/","og_locale":"fi_FI","og_type":"article","og_title":"Napoleon marinadiveitsi lihaveitsi nopeaan marinointiin -% BBQ \u00c4ssad%","og_description":"Napoleon-marinadi on suunniteltu lihan nopeaan marinointiin. Ruostumattomasta ter\u00e4ksest\u00e4, se sis\u00e4lt\u00e4\u00e4 kaksi neulaa ja puhdistusharjat herkullisen lopputuloksen saamiseksi.","og_url":"https:\/\/bbqassad.ee\/fi\/toode\/napoleonin-marinadiveitsi-lihaveitsi-nopeaa-marinadia-varten-kaksi-neulaa\/","og_site_name":"BBQ \u00c4ssad","article_publisher":"https:\/\/www.facebook.com\/bbqassad","article_modified_time":"2026-04-14T06:32:34+00:00","og_image":[{"url":"https:\/\/bbqassad.ee\/wp-content\/uploads\/2026\/02\/BBQ-Entertainment-Napoleoni-marinaadisustal-kiirmarineerimiseks-1.jpg","type":"","width":"","height":""}],"twitter_card":"summary_large_image","twitter_title":"Napoleon marinadiveitsi lihaveitsi nopeaan marinointiin -% BBQ \u00c4ssad%","twitter_description":"Napoleon-marinadi on suunniteltu lihan nopeaan marinointiin. Ruostumattomasta ter\u00e4ksest\u00e4, se sis\u00e4lt\u00e4\u00e4 kaksi neulaa ja puhdistusharjat herkullisen lopputuloksen saamiseksi.","twitter_image":"https:\/\/bbqassad.ee\/wp-content\/uploads\/2026\/02\/BBQ-Entertainment-Napoleoni-marinaadisustal-kiirmarineerimiseks-1.jpg","schema":{"@context":"https:\/\/schema.org","@graph":[{"@type":"WebPage","@id":"https:\/\/bbqassad.ee\/fi\/toode\/napoleonin-marinadiveitsi-lihaveitsi-nopeaa-marinadia-varten-kaksi-neulaa\/","url":"https:\/\/bbqassad.ee\/fi\/toode\/napoleonin-marinadiveitsi-lihaveitsi-nopeaa-marinadia-varten-kaksi-neulaa\/","name":"Napoleon marinadiveitsi lihaveitsi nopeaan marinointiin -% BBQ \u00c4ssad%","isPartOf":{"@id":"https:\/\/bbqassad.ee\/fi\/#website"},"primaryImageOfPage":{"@id":"https:\/\/bbqassad.ee\/fi\/toode\/napoleonin-marinadiveitsi-lihaveitsi-nopeaa-marinadia-varten-kaksi-neulaa\/#primaryimage"},"image":{"@id":"https:\/\/bbqassad.ee\/fi\/toode\/napoleonin-marinadiveitsi-lihaveitsi-nopeaa-marinadia-varten-kaksi-neulaa\/#primaryimage"},"thumbnailUrl":"https:\/\/bbqassad.ee\/wp-content\/uploads\/2026\/02\/BBQ-Entertainment-Napoleoni-marinaadisustal-kiirmarineerimiseks-1.jpg","datePublished":"2026-02-23T15:05:19+00:00","dateModified":"2026-04-14T06:32:34+00:00","description":"Napoleon-marinadi on suunniteltu lihan nopeaan marinointiin. Ruostumattomasta ter\u00e4ksest\u00e4, se sis\u00e4lt\u00e4\u00e4 kaksi neulaa ja puhdistusharjat herkullisen lopputuloksen saamiseksi.","breadcrumb":{"@id":"https:\/\/bbqassad.ee\/fi\/toode\/napoleonin-marinadiveitsi-lihaveitsi-nopeaa-marinadia-varten-kaksi-neulaa\/#breadcrumb"},"inLanguage":"fi","potentialAction":[{"@type":"ReadAction","target":["https:\/\/bbqassad.ee\/fi\/toode\/napoleonin-marinadiveitsi-lihaveitsi-nopeaa-marinadia-varten-kaksi-neulaa\/"]}]},{"@type":"ImageObject","inLanguage":"fi","@id":"https:\/\/bbqassad.ee\/fi\/toode\/napoleonin-marinadiveitsi-lihaveitsi-nopeaa-marinadia-varten-kaksi-neulaa\/#primaryimage","url":"https:\/\/bbqassad.ee\/wp-content\/uploads\/2026\/02\/BBQ-Entertainment-Napoleoni-marinaadisustal-kiirmarineerimiseks-1.jpg","contentUrl":"https:\/\/bbqassad.ee\/wp-content\/uploads\/2026\/02\/BBQ-Entertainment-Napoleoni-marinaadisustal-kiirmarineerimiseks-1.jpg","width":1116,"height":1116},{"@type":"BreadcrumbList","@id":"https:\/\/bbqassad.ee\/fi\/toode\/napoleonin-marinadiveitsi-lihaveitsi-nopeaa-marinadia-varten-kaksi-neulaa\/#breadcrumb","itemListElement":[{"@type":"ListItem","position":1,"name":"Home","item":"https:\/\/bbqassad.ee\/fi\/bbq-assat\/"},{"@type":"ListItem","position":2,"name":"Verkkokauppa","item":"https:\/\/bbqassad.ee\/fi\/verkkokauppa\/"},{"@type":"ListItem","position":3,"name":"Napoleonin marinadiveitsi\/lihaveitsi nopeaa marinadia varten (kaksi neulaa)."}]},{"@type":"WebSite","@id":"https:\/\/bbqassad.ee\/fi\/#website","url":"https:\/\/bbqassad.ee\/fi\/","name":"BBQ \u00c4ssad","description":"BBQ maitseained, kastmed, ahjud","publisher":{"@id":"https:\/\/bbqassad.ee\/fi\/#organization"},"potentialAction":[{"@type":"SearchAction","target":{"@type":"EntryPoint","urlTemplate":"https:\/\/bbqassad.ee\/fi\/?s={search_term_string}"},"query-input":{"@type":"PropertyValueSpecification","valueRequired":true,"valueName":"search_term_string"}}],"inLanguage":"fi"},{"@type":"Organization","@id":"https:\/\/bbqassad.ee\/fi\/#organization","name":"BBQ \u00c4ssad","url":"https:\/\/bbqassad.ee\/fi\/","logo":{"@type":"ImageObject","inLanguage":"fi","@id":"https:\/\/bbqassad.ee\/fi\/#\/schema\/logo\/image\/","url":"https:\/\/bbqassad.ee\/wp-content\/uploads\/2022\/10\/BBQ-2ssadlogo.png","contentUrl":"https:\/\/bbqassad.ee\/wp-content\/uploads\/2022\/10\/BBQ-2ssadlogo.png","width":1080,"height":1080,"caption":"BBQ \u00c4ssad"},"image":{"@id":"https:\/\/bbqassad.ee\/fi\/#\/schema\/logo\/image\/"},"sameAs":["https:\/\/www.facebook.com\/bbqassad","https:\/\/www.youtube.com\/channel\/UCsoufn49J6TVi9Ah9meE93w"]}]}},"_links":{"self":[{"href":"https:\/\/bbqassad.ee\/fi\/wp-json\/wp\/v2\/product\/22053","targetHints":{"allow":["GET"]}}],"collection":[{"href":"https:\/\/bbqassad.ee\/fi\/wp-json\/wp\/v2\/product"}],"about":[{"href":"https:\/\/bbqassad.ee\/fi\/wp-json\/wp\/v2\/types\/product"}],"replies":[{"embeddable":true,"href":"https:\/\/bbqassad.ee\/fi\/wp-json\/wp\/v2\/comments?post=22053"}],"wp:featuredmedia":[{"embeddable":true,"href":"https:\/\/bbqassad.ee\/fi\/wp-json\/wp\/v2\/media\/13285"}],"wp:attachment":[{"href":"https:\/\/bbqassad.ee\/fi\/wp-json\/wp\/v2\/media?parent=22053"}],"wp:term":[{"taxonomy":"product_brand","embeddable":true,"href":"https:\/\/bbqassad.ee\/fi\/wp-json\/wp\/v2\/product_brand?post=22053"},{"taxonomy":"product_cat","embeddable":true,"href":"https:\/\/bbqassad.ee\/fi\/wp-json\/wp\/v2\/product_cat?post=22053"},{"taxonomy":"product_tag","embeddable":true,"href":"https:\/\/bbqassad.ee\/fi\/wp-json\/wp\/v2\/product_tag?post=22053"}],"curies":[{"name":"wp","href":"https:\/\/api.w.org\/{rel}","templated":true}]}}