{"id":22051,"date":"2026-02-23T15:05:19","date_gmt":"2026-02-23T15:05:19","guid":{"rendered":"https:\/\/bbqassad.ee\/toode\/napoleonin-kolme-yhdessa-kyljyspaistilautanen\/"},"modified":"2026-04-14T06:32:34","modified_gmt":"2026-04-14T06:32:34","slug":"napoleonin-kolme-yhdessa-kyljyspaistilautanen","status":"publish","type":"product","link":"https:\/\/bbqassad.ee\/fi\/toode\/napoleonin-kolme-yhdessa-kyljyspaistilautanen\/","title":{"rendered":"Napoleonin kolme yhdess\u00e4 kyljyspaistilautanen"},"content":{"rendered":"<p>Napoleonin monik\u00e4ytt\u00f6inen tarjotin kylkiluille, isomman lihapalan paistamiseen tai &#8221;olutt\u00f6lkkikanan&#8221; valmistamiseen. Ruostumattomasta ter\u00e4ksest\u00e4 valmistettu ritil\u00e4 takaa tasaisen l\u00e4mm\u00f6n p\u00e4\u00e4syn kaikkiin paistotuotteisiin, ja mik\u00e4 t\u00e4rkeint\u00e4, grillattava liha ei tartu grilliritil\u00f6ihin, koska se ei kosketa ritil\u00e4\u00e4. Ritil\u00e4n alle voidaan asettaa folioalusta, joka est\u00e4\u00e4 rasvan valumisen grilliin. N\u00e4in grilli\u00e4 on paljon helpompi huoltaa. Ritil\u00e4 voidaan pest\u00e4 astianpesukoneessa.    <\/p>\n","protected":false},"excerpt":{"rendered":"<h3><strong>Napoleon kolme yhdess\u00e4 -paistokasetti<\/strong><\/h3>\n<p>Napoleonin ruostumaton teline kylkiluille, isomman lihapalan paahtamiseen tai &#8221;olutt\u00f6lkki&#8221;-kanan valmistukseen.<\/p>\n","protected":false},"featured_media":13270,"comment_status":"closed","ping_status":"closed","template":"","meta":[],"product_brand":[768],"product_cat":[785],"product_tag":[],"class_list":{"0":"post-22051","1":"product","2":"type-product","3":"status-publish","4":"has-post-thumbnail","6":"product_brand-napoleon","7":"product_cat-kaasugrillien-tarvikkeet","9":"first","10":"instock","11":"taxable","12":"shipping-taxable","13":"purchasable","14":"product-type-simple"},"yoast_head":"<!-- This site is optimized with the Yoast SEO plugin v27.4 - https:\/\/yoast.com\/product\/yoast-seo-wordpress\/ -->\n<title>Napoleonin kolme yhdess\u00e4 kyljykselle tarkoitettu grillaustarjotin -% BBQ \u00c4ssad%<\/title>\n<meta name=\"description\" content=\"Napoleonin ruostumaton kylkikyljyteline, ihanteellinen isompien lihapalojen paahtamiseen tai &quot;olutt\u00f6lkki&quot;-kanan kypsent\u00e4miseen. T\u00e4ydellist\u00e4 grillausta!\" \/>\n<meta name=\"robots\" content=\"index, follow, max-snippet:-1, max-image-preview:large, max-video-preview:-1\" \/>\n<link rel=\"canonical\" href=\"https:\/\/bbqassad.ee\/fi\/toode\/napoleonin-kolme-yhdessa-kyljyspaistilautanen\/\" \/>\n<meta property=\"og:locale\" content=\"fi_FI\" \/>\n<meta property=\"og:type\" content=\"article\" \/>\n<meta property=\"og:title\" content=\"Napoleonin kolme yhdess\u00e4 kyljykselle tarkoitettu grillaustarjotin -% BBQ \u00c4ssad%\" \/>\n<meta property=\"og:description\" content=\"Napoleonin ruostumaton kylkipalateline, ihanteellinen isompien lihapalojen paahtamiseen tai &quot;olutt\u00f6lkki&quot;-kanan kypsent\u00e4miseen. T\u00e4ydellist\u00e4 grillausta!\" \/>\n<meta property=\"og:url\" content=\"https:\/\/bbqassad.ee\/fi\/toode\/napoleonin-kolme-yhdessa-kyljyspaistilautanen\/\" \/>\n<meta property=\"og:site_name\" content=\"BBQ \u00c4ssad\" \/>\n<meta property=\"article:publisher\" content=\"https:\/\/www.facebook.com\/bbqassad\" \/>\n<meta property=\"article:modified_time\" content=\"2026-04-14T06:32:34+00:00\" \/>\n<meta property=\"og:image\" content=\"https:\/\/bbqassad.ee\/wp-content\/uploads\/2026\/02\/BBQ-Entertainment-Napoleon-kolm-uhes-rostimisalus-5.jpg\" \/>\n<meta name=\"twitter:card\" content=\"summary_large_image\" \/>\n<meta name=\"twitter:title\" content=\"Napoleonin kolme yhdess\u00e4 kyljykselle tarkoitettu grillaustarjotin -% BBQ \u00c4ssad%\" \/>\n<meta name=\"twitter:description\" content=\"Napoleonin ruostumaton kylkipalateline, ihanteellinen isompien lihapalojen paahtamiseen tai &quot;olutt\u00f6lkki&quot;-kanan kypsent\u00e4miseen. T\u00e4ydellist\u00e4 grillausta!\" \/>\n<meta name=\"twitter:image\" content=\"https:\/\/bbqassad.ee\/wp-content\/uploads\/2026\/02\/BBQ-Entertainment-Napoleon-kolm-uhes-rostimisalus-5.jpg\" \/>\n<script type=\"application\/ld+json\" class=\"yoast-schema-graph\">{\"@context\":\"https:\\\/\\\/schema.org\",\"@graph\":[{\"@type\":\"WebPage\",\"@id\":\"https:\\\/\\\/bbqassad.ee\\\/fi\\\/toode\\\/napoleonin-kolme-yhdessa-kyljyspaistilautanen\\\/\",\"url\":\"https:\\\/\\\/bbqassad.ee\\\/fi\\\/toode\\\/napoleonin-kolme-yhdessa-kyljyspaistilautanen\\\/\",\"name\":\"Napoleonin kolme yhdess\u00e4 kyljykselle tarkoitettu grillaustarjotin -% BBQ \u00c4ssad%\",\"isPartOf\":{\"@id\":\"https:\\\/\\\/bbqassad.ee\\\/fi\\\/#website\"},\"primaryImageOfPage\":{\"@id\":\"https:\\\/\\\/bbqassad.ee\\\/fi\\\/toode\\\/napoleonin-kolme-yhdessa-kyljyspaistilautanen\\\/#primaryimage\"},\"image\":{\"@id\":\"https:\\\/\\\/bbqassad.ee\\\/fi\\\/toode\\\/napoleonin-kolme-yhdessa-kyljyspaistilautanen\\\/#primaryimage\"},\"thumbnailUrl\":\"https:\\\/\\\/bbqassad.ee\\\/wp-content\\\/uploads\\\/2026\\\/02\\\/BBQ-Entertainment-Napoleon-kolm-uhes-rostimisalus-5.jpg\",\"datePublished\":\"2026-02-23T15:05:19+00:00\",\"dateModified\":\"2026-04-14T06:32:34+00:00\",\"description\":\"Napoleonin ruostumaton kylkikyljyteline, ihanteellinen isompien lihapalojen paahtamiseen tai \\\"olutt\u00f6lkki\\\"-kanan kypsent\u00e4miseen. T\u00e4ydellist\u00e4 grillausta!\",\"breadcrumb\":{\"@id\":\"https:\\\/\\\/bbqassad.ee\\\/fi\\\/toode\\\/napoleonin-kolme-yhdessa-kyljyspaistilautanen\\\/#breadcrumb\"},\"inLanguage\":\"fi\",\"potentialAction\":[{\"@type\":\"ReadAction\",\"target\":[\"https:\\\/\\\/bbqassad.ee\\\/fi\\\/toode\\\/napoleonin-kolme-yhdessa-kyljyspaistilautanen\\\/\"]}]},{\"@type\":\"ImageObject\",\"inLanguage\":\"fi\",\"@id\":\"https:\\\/\\\/bbqassad.ee\\\/fi\\\/toode\\\/napoleonin-kolme-yhdessa-kyljyspaistilautanen\\\/#primaryimage\",\"url\":\"https:\\\/\\\/bbqassad.ee\\\/wp-content\\\/uploads\\\/2026\\\/02\\\/BBQ-Entertainment-Napoleon-kolm-uhes-rostimisalus-5.jpg\",\"contentUrl\":\"https:\\\/\\\/bbqassad.ee\\\/wp-content\\\/uploads\\\/2026\\\/02\\\/BBQ-Entertainment-Napoleon-kolm-uhes-rostimisalus-5.jpg\",\"width\":1094,\"height\":1094},{\"@type\":\"BreadcrumbList\",\"@id\":\"https:\\\/\\\/bbqassad.ee\\\/fi\\\/toode\\\/napoleonin-kolme-yhdessa-kyljyspaistilautanen\\\/#breadcrumb\",\"itemListElement\":[{\"@type\":\"ListItem\",\"position\":1,\"name\":\"Home\",\"item\":\"https:\\\/\\\/bbqassad.ee\\\/fi\\\/bbq-assat\\\/\"},{\"@type\":\"ListItem\",\"position\":2,\"name\":\"Verkkokauppa\",\"item\":\"https:\\\/\\\/bbqassad.ee\\\/fi\\\/verkkokauppa\\\/\"},{\"@type\":\"ListItem\",\"position\":3,\"name\":\"Napoleonin kolme yhdess\u00e4 kyljyspaistilautanen\"}]},{\"@type\":\"WebSite\",\"@id\":\"https:\\\/\\\/bbqassad.ee\\\/fi\\\/#website\",\"url\":\"https:\\\/\\\/bbqassad.ee\\\/fi\\\/\",\"name\":\"BBQ \u00c4ssad\",\"description\":\"BBQ maitseained, kastmed, ahjud\",\"publisher\":{\"@id\":\"https:\\\/\\\/bbqassad.ee\\\/fi\\\/#organization\"},\"potentialAction\":[{\"@type\":\"SearchAction\",\"target\":{\"@type\":\"EntryPoint\",\"urlTemplate\":\"https:\\\/\\\/bbqassad.ee\\\/fi\\\/?s={search_term_string}\"},\"query-input\":{\"@type\":\"PropertyValueSpecification\",\"valueRequired\":true,\"valueName\":\"search_term_string\"}}],\"inLanguage\":\"fi\"},{\"@type\":\"Organization\",\"@id\":\"https:\\\/\\\/bbqassad.ee\\\/fi\\\/#organization\",\"name\":\"BBQ \u00c4ssad\",\"url\":\"https:\\\/\\\/bbqassad.ee\\\/fi\\\/\",\"logo\":{\"@type\":\"ImageObject\",\"inLanguage\":\"fi\",\"@id\":\"https:\\\/\\\/bbqassad.ee\\\/fi\\\/#\\\/schema\\\/logo\\\/image\\\/\",\"url\":\"https:\\\/\\\/bbqassad.ee\\\/wp-content\\\/uploads\\\/2022\\\/10\\\/BBQ-2ssadlogo.png\",\"contentUrl\":\"https:\\\/\\\/bbqassad.ee\\\/wp-content\\\/uploads\\\/2022\\\/10\\\/BBQ-2ssadlogo.png\",\"width\":1080,\"height\":1080,\"caption\":\"BBQ \u00c4ssad\"},\"image\":{\"@id\":\"https:\\\/\\\/bbqassad.ee\\\/fi\\\/#\\\/schema\\\/logo\\\/image\\\/\"},\"sameAs\":[\"https:\\\/\\\/www.facebook.com\\\/bbqassad\",\"https:\\\/\\\/www.youtube.com\\\/channel\\\/UCsoufn49J6TVi9Ah9meE93w\"]}]}<\/script>\n<!-- \/ Yoast SEO plugin. -->","yoast_head_json":{"title":"Napoleonin kolme yhdess\u00e4 kyljykselle tarkoitettu grillaustarjotin -% BBQ \u00c4ssad%","description":"Napoleonin ruostumaton kylkikyljyteline, ihanteellinen isompien lihapalojen paahtamiseen tai \"olutt\u00f6lkki\"-kanan kypsent\u00e4miseen. T\u00e4ydellist\u00e4 grillausta!","robots":{"index":"index","follow":"follow","max-snippet":"max-snippet:-1","max-image-preview":"max-image-preview:large","max-video-preview":"max-video-preview:-1"},"canonical":"https:\/\/bbqassad.ee\/fi\/toode\/napoleonin-kolme-yhdessa-kyljyspaistilautanen\/","og_locale":"fi_FI","og_type":"article","og_title":"Napoleonin kolme yhdess\u00e4 kyljykselle tarkoitettu grillaustarjotin -% BBQ \u00c4ssad%","og_description":"Napoleonin ruostumaton kylkipalateline, ihanteellinen isompien lihapalojen paahtamiseen tai \"olutt\u00f6lkki\"-kanan kypsent\u00e4miseen. T\u00e4ydellist\u00e4 grillausta!","og_url":"https:\/\/bbqassad.ee\/fi\/toode\/napoleonin-kolme-yhdessa-kyljyspaistilautanen\/","og_site_name":"BBQ \u00c4ssad","article_publisher":"https:\/\/www.facebook.com\/bbqassad","article_modified_time":"2026-04-14T06:32:34+00:00","og_image":[{"url":"https:\/\/bbqassad.ee\/wp-content\/uploads\/2026\/02\/BBQ-Entertainment-Napoleon-kolm-uhes-rostimisalus-5.jpg","type":"","width":"","height":""}],"twitter_card":"summary_large_image","twitter_title":"Napoleonin kolme yhdess\u00e4 kyljykselle tarkoitettu grillaustarjotin -% BBQ \u00c4ssad%","twitter_description":"Napoleonin ruostumaton kylkipalateline, ihanteellinen isompien lihapalojen paahtamiseen tai \"olutt\u00f6lkki\"-kanan kypsent\u00e4miseen. T\u00e4ydellist\u00e4 grillausta!","twitter_image":"https:\/\/bbqassad.ee\/wp-content\/uploads\/2026\/02\/BBQ-Entertainment-Napoleon-kolm-uhes-rostimisalus-5.jpg","schema":{"@context":"https:\/\/schema.org","@graph":[{"@type":"WebPage","@id":"https:\/\/bbqassad.ee\/fi\/toode\/napoleonin-kolme-yhdessa-kyljyspaistilautanen\/","url":"https:\/\/bbqassad.ee\/fi\/toode\/napoleonin-kolme-yhdessa-kyljyspaistilautanen\/","name":"Napoleonin kolme yhdess\u00e4 kyljykselle tarkoitettu grillaustarjotin -% BBQ \u00c4ssad%","isPartOf":{"@id":"https:\/\/bbqassad.ee\/fi\/#website"},"primaryImageOfPage":{"@id":"https:\/\/bbqassad.ee\/fi\/toode\/napoleonin-kolme-yhdessa-kyljyspaistilautanen\/#primaryimage"},"image":{"@id":"https:\/\/bbqassad.ee\/fi\/toode\/napoleonin-kolme-yhdessa-kyljyspaistilautanen\/#primaryimage"},"thumbnailUrl":"https:\/\/bbqassad.ee\/wp-content\/uploads\/2026\/02\/BBQ-Entertainment-Napoleon-kolm-uhes-rostimisalus-5.jpg","datePublished":"2026-02-23T15:05:19+00:00","dateModified":"2026-04-14T06:32:34+00:00","description":"Napoleonin ruostumaton kylkikyljyteline, ihanteellinen isompien lihapalojen paahtamiseen tai \"olutt\u00f6lkki\"-kanan kypsent\u00e4miseen. T\u00e4ydellist\u00e4 grillausta!","breadcrumb":{"@id":"https:\/\/bbqassad.ee\/fi\/toode\/napoleonin-kolme-yhdessa-kyljyspaistilautanen\/#breadcrumb"},"inLanguage":"fi","potentialAction":[{"@type":"ReadAction","target":["https:\/\/bbqassad.ee\/fi\/toode\/napoleonin-kolme-yhdessa-kyljyspaistilautanen\/"]}]},{"@type":"ImageObject","inLanguage":"fi","@id":"https:\/\/bbqassad.ee\/fi\/toode\/napoleonin-kolme-yhdessa-kyljyspaistilautanen\/#primaryimage","url":"https:\/\/bbqassad.ee\/wp-content\/uploads\/2026\/02\/BBQ-Entertainment-Napoleon-kolm-uhes-rostimisalus-5.jpg","contentUrl":"https:\/\/bbqassad.ee\/wp-content\/uploads\/2026\/02\/BBQ-Entertainment-Napoleon-kolm-uhes-rostimisalus-5.jpg","width":1094,"height":1094},{"@type":"BreadcrumbList","@id":"https:\/\/bbqassad.ee\/fi\/toode\/napoleonin-kolme-yhdessa-kyljyspaistilautanen\/#breadcrumb","itemListElement":[{"@type":"ListItem","position":1,"name":"Home","item":"https:\/\/bbqassad.ee\/fi\/bbq-assat\/"},{"@type":"ListItem","position":2,"name":"Verkkokauppa","item":"https:\/\/bbqassad.ee\/fi\/verkkokauppa\/"},{"@type":"ListItem","position":3,"name":"Napoleonin kolme yhdess\u00e4 kyljyspaistilautanen"}]},{"@type":"WebSite","@id":"https:\/\/bbqassad.ee\/fi\/#website","url":"https:\/\/bbqassad.ee\/fi\/","name":"BBQ \u00c4ssad","description":"BBQ maitseained, kastmed, ahjud","publisher":{"@id":"https:\/\/bbqassad.ee\/fi\/#organization"},"potentialAction":[{"@type":"SearchAction","target":{"@type":"EntryPoint","urlTemplate":"https:\/\/bbqassad.ee\/fi\/?s={search_term_string}"},"query-input":{"@type":"PropertyValueSpecification","valueRequired":true,"valueName":"search_term_string"}}],"inLanguage":"fi"},{"@type":"Organization","@id":"https:\/\/bbqassad.ee\/fi\/#organization","name":"BBQ \u00c4ssad","url":"https:\/\/bbqassad.ee\/fi\/","logo":{"@type":"ImageObject","inLanguage":"fi","@id":"https:\/\/bbqassad.ee\/fi\/#\/schema\/logo\/image\/","url":"https:\/\/bbqassad.ee\/wp-content\/uploads\/2022\/10\/BBQ-2ssadlogo.png","contentUrl":"https:\/\/bbqassad.ee\/wp-content\/uploads\/2022\/10\/BBQ-2ssadlogo.png","width":1080,"height":1080,"caption":"BBQ \u00c4ssad"},"image":{"@id":"https:\/\/bbqassad.ee\/fi\/#\/schema\/logo\/image\/"},"sameAs":["https:\/\/www.facebook.com\/bbqassad","https:\/\/www.youtube.com\/channel\/UCsoufn49J6TVi9Ah9meE93w"]}]}},"_links":{"self":[{"href":"https:\/\/bbqassad.ee\/fi\/wp-json\/wp\/v2\/product\/22051","targetHints":{"allow":["GET"]}}],"collection":[{"href":"https:\/\/bbqassad.ee\/fi\/wp-json\/wp\/v2\/product"}],"about":[{"href":"https:\/\/bbqassad.ee\/fi\/wp-json\/wp\/v2\/types\/product"}],"replies":[{"embeddable":true,"href":"https:\/\/bbqassad.ee\/fi\/wp-json\/wp\/v2\/comments?post=22051"}],"wp:featuredmedia":[{"embeddable":true,"href":"https:\/\/bbqassad.ee\/fi\/wp-json\/wp\/v2\/media\/13270"}],"wp:attachment":[{"href":"https:\/\/bbqassad.ee\/fi\/wp-json\/wp\/v2\/media?parent=22051"}],"wp:term":[{"taxonomy":"product_brand","embeddable":true,"href":"https:\/\/bbqassad.ee\/fi\/wp-json\/wp\/v2\/product_brand?post=22051"},{"taxonomy":"product_cat","embeddable":true,"href":"https:\/\/bbqassad.ee\/fi\/wp-json\/wp\/v2\/product_cat?post=22051"},{"taxonomy":"product_tag","embeddable":true,"href":"https:\/\/bbqassad.ee\/fi\/wp-json\/wp\/v2\/product_tag?post=22051"}],"curies":[{"name":"wp","href":"https:\/\/api.w.org\/{rel}","templated":true}]}}