{"id":22049,"date":"2026-02-23T15:05:19","date_gmt":"2026-02-23T15:05:19","guid":{"rendered":"https:\/\/bbqassad.ee\/toode\/napoleon-rogue-ja-rogue-xt-grilleihin-sopiva-sivulevymatto\/"},"modified":"2026-04-14T06:32:34","modified_gmt":"2026-04-14T06:32:34","slug":"napoleon-rogue-ja-rogue-xt-grilleihin-sopiva-sivulevymatto","status":"publish","type":"product","link":"https:\/\/bbqassad.ee\/fi\/toode\/napoleon-rogue-ja-rogue-xt-grilleihin-sopiva-sivulevymatto\/","title":{"rendered":"Napoleon Rogue- ja Rogue XT -grilleihin sopiva sivulevymatto"},"content":{"rendered":"","protected":false},"excerpt":{"rendered":"<h3><strong>Napoleon silikonimatto p\u00f6yt\u00e4laudan suojaksi 35 x 27 cm<\/strong><\/h3>\n<p class=\"\" data-start=\"137\" data-end=\"390\">Napoleonin silikonimatto suojaa grillien ruostumattomasta ter\u00e4ksest\u00e4 valmistettuja sivuja naarmuilta, rasvalta ja grillauslialta. Liukumaton pinta pit\u00e4\u00e4 tarvikkeet tukevasti paikoillaan, ja kest\u00e4v\u00e4 materiaali kest\u00e4\u00e4 kuumuutta ja p\u00e4ivitt\u00e4ist\u00e4 k\u00e4ytt\u00f6\u00e4. <\/p>\n<p class=\"\" data-start=\"392\" data-end=\"541\">Matto on helppo huoltaa &#8211; se voidaan huuhdella hanan alla tai pest\u00e4 astianpesukoneessa. Sopii kaikkiin Napoleon Rogue -sarjan grilleihin. <\/p>\n<p class=\"\" data-start=\"543\" data-end=\"557\"><strong data-start=\"543\" data-end=\"555\">Ominaisuudet<\/strong><\/p>\n<ul data-start=\"558\" data-end=\"768\" data-is-last-node=\"\" data-is-only-node=\"\">\n<li class=\"\" data-start=\"558\" data-end=\"604\">\n<p class=\"\" data-start=\"560\" data-end=\"604\">suojaa pintaa lialta ja naarmuilta<\/p>\n<\/li>\n<li class=\"\" data-start=\"605\" data-end=\"644\">\n<p class=\"\" data-start=\"607\" data-end=\"644\">liukumaton ja l\u00e4mm\u00f6nkest\u00e4v\u00e4 pinta<\/p>\n<\/li>\n<li class=\"\" data-start=\"645\" data-end=\"687\">\n<p class=\"\" data-start=\"647\" data-end=\"687\">pest\u00e4v\u00e4 hanan alla tai astianpesukoneessa.<\/p>\n<\/li>\n<li class=\"\" data-start=\"742\" data-end=\"768\">\n<p class=\"\" data-start=\"744\" data-end=\"768\">mitat: 35 \u00d7 27 \u00d7 0,5 cm<\/p>\n<\/li>\n<\/ul>\n","protected":false},"featured_media":13255,"comment_status":"closed","ping_status":"closed","template":"","meta":[],"product_brand":[768],"product_cat":[785],"product_tag":[],"class_list":{"0":"post-22049","1":"product","2":"type-product","3":"status-publish","4":"has-post-thumbnail","6":"product_brand-napoleon","7":"product_cat-kaasugrillien-tarvikkeet","9":"first","10":"instock","11":"taxable","12":"shipping-taxable","13":"purchasable","14":"product-type-simple"},"yoast_head":"<!-- This site is optimized with the Yoast SEO plugin v27.4 - https:\/\/yoast.com\/product\/yoast-seo-wordpress\/ -->\n<title>Napoleonin sivulevymatto Rogue- ja Rogue XT -grilleihin - BBQ \u00c4ssad%<\/title>\n<meta name=\"description\" content=\"Napoleonin silikonimatto suojaa grillilapion levyj\u00e4 naarmuilta ja lialta. Liukumaton ja kuumuutta kest\u00e4v\u00e4, helppo huoltaa. Sopii Rogue-sarjan grilleihin.\" \/>\n<meta name=\"robots\" content=\"index, follow, max-snippet:-1, max-image-preview:large, max-video-preview:-1\" \/>\n<link rel=\"canonical\" href=\"https:\/\/bbqassad.ee\/fi\/toode\/napoleon-rogue-ja-rogue-xt-grilleihin-sopiva-sivulevymatto\/\" \/>\n<meta property=\"og:locale\" content=\"fi_FI\" \/>\n<meta property=\"og:type\" content=\"article\" \/>\n<meta property=\"og:title\" content=\"Napoleonin sivup\u00f6yt\u00e4matto Rogue- ja Rogue XT -grilleihin - BBQ \u00c4ssad%\" \/>\n<meta property=\"og:description\" content=\"Napoleonin silikonimatto suojaa grillilapion levyj\u00e4 naarmuilta ja lialta. Liukumaton ja l\u00e4mm\u00f6nkest\u00e4v\u00e4, helppo huoltaa. Sopii Rogue-sarjan grilleihin.\" \/>\n<meta property=\"og:url\" content=\"https:\/\/bbqassad.ee\/fi\/toode\/napoleon-rogue-ja-rogue-xt-grilleihin-sopiva-sivulevymatto\/\" \/>\n<meta property=\"og:site_name\" content=\"BBQ \u00c4ssad\" \/>\n<meta property=\"article:publisher\" content=\"https:\/\/www.facebook.com\/bbqassad\" \/>\n<meta property=\"article:modified_time\" content=\"2026-04-14T06:32:34+00:00\" \/>\n<meta property=\"og:image\" content=\"https:\/\/bbqassad.ee\/wp-content\/uploads\/2026\/02\/BBQ-Entertainment-Napoleon-silikoonmatt-kuljelaua-kaitseks-3.jpg\" \/>\n<meta name=\"twitter:card\" content=\"summary_large_image\" \/>\n<meta name=\"twitter:title\" content=\"Napoleonin sivup\u00f6yt\u00e4matto Rogue- ja Rogue XT -grilleihin - BBQ \u00c4ssad%\" \/>\n<meta name=\"twitter:description\" content=\"Napoleonin silikonimatto suojaa grillilapion levyj\u00e4 naarmuilta ja lialta. Liukumaton ja l\u00e4mm\u00f6nkest\u00e4v\u00e4, helppo huoltaa. Sopii Rogue-sarjan grilleihin.\" \/>\n<meta name=\"twitter:image\" content=\"https:\/\/bbqassad.ee\/wp-content\/uploads\/2026\/02\/BBQ-Entertainment-Napoleon-silikoonmatt-kuljelaua-kaitseks-3.jpg\" \/>\n<script type=\"application\/ld+json\" class=\"yoast-schema-graph\">{\"@context\":\"https:\\\/\\\/schema.org\",\"@graph\":[{\"@type\":\"WebPage\",\"@id\":\"https:\\\/\\\/bbqassad.ee\\\/fi\\\/toode\\\/napoleon-rogue-ja-rogue-xt-grilleihin-sopiva-sivulevymatto\\\/\",\"url\":\"https:\\\/\\\/bbqassad.ee\\\/fi\\\/toode\\\/napoleon-rogue-ja-rogue-xt-grilleihin-sopiva-sivulevymatto\\\/\",\"name\":\"Napoleonin sivulevymatto Rogue- ja Rogue XT -grilleihin - BBQ \u00c4ssad%\",\"isPartOf\":{\"@id\":\"https:\\\/\\\/bbqassad.ee\\\/fi\\\/#website\"},\"primaryImageOfPage\":{\"@id\":\"https:\\\/\\\/bbqassad.ee\\\/fi\\\/toode\\\/napoleon-rogue-ja-rogue-xt-grilleihin-sopiva-sivulevymatto\\\/#primaryimage\"},\"image\":{\"@id\":\"https:\\\/\\\/bbqassad.ee\\\/fi\\\/toode\\\/napoleon-rogue-ja-rogue-xt-grilleihin-sopiva-sivulevymatto\\\/#primaryimage\"},\"thumbnailUrl\":\"https:\\\/\\\/bbqassad.ee\\\/wp-content\\\/uploads\\\/2026\\\/02\\\/BBQ-Entertainment-Napoleon-silikoonmatt-kuljelaua-kaitseks-3.jpg\",\"datePublished\":\"2026-02-23T15:05:19+00:00\",\"dateModified\":\"2026-04-14T06:32:34+00:00\",\"description\":\"Napoleonin silikonimatto suojaa grillilapion levyj\u00e4 naarmuilta ja lialta. Liukumaton ja kuumuutta kest\u00e4v\u00e4, helppo huoltaa. Sopii Rogue-sarjan grilleihin.\",\"breadcrumb\":{\"@id\":\"https:\\\/\\\/bbqassad.ee\\\/fi\\\/toode\\\/napoleon-rogue-ja-rogue-xt-grilleihin-sopiva-sivulevymatto\\\/#breadcrumb\"},\"inLanguage\":\"fi\",\"potentialAction\":[{\"@type\":\"ReadAction\",\"target\":[\"https:\\\/\\\/bbqassad.ee\\\/fi\\\/toode\\\/napoleon-rogue-ja-rogue-xt-grilleihin-sopiva-sivulevymatto\\\/\"]}]},{\"@type\":\"ImageObject\",\"inLanguage\":\"fi\",\"@id\":\"https:\\\/\\\/bbqassad.ee\\\/fi\\\/toode\\\/napoleon-rogue-ja-rogue-xt-grilleihin-sopiva-sivulevymatto\\\/#primaryimage\",\"url\":\"https:\\\/\\\/bbqassad.ee\\\/wp-content\\\/uploads\\\/2026\\\/02\\\/BBQ-Entertainment-Napoleon-silikoonmatt-kuljelaua-kaitseks-3.jpg\",\"contentUrl\":\"https:\\\/\\\/bbqassad.ee\\\/wp-content\\\/uploads\\\/2026\\\/02\\\/BBQ-Entertainment-Napoleon-silikoonmatt-kuljelaua-kaitseks-3.jpg\",\"width\":1095,\"height\":1095},{\"@type\":\"BreadcrumbList\",\"@id\":\"https:\\\/\\\/bbqassad.ee\\\/fi\\\/toode\\\/napoleon-rogue-ja-rogue-xt-grilleihin-sopiva-sivulevymatto\\\/#breadcrumb\",\"itemListElement\":[{\"@type\":\"ListItem\",\"position\":1,\"name\":\"Home\",\"item\":\"https:\\\/\\\/bbqassad.ee\\\/fi\\\/bbq-assat\\\/\"},{\"@type\":\"ListItem\",\"position\":2,\"name\":\"Verkkokauppa\",\"item\":\"https:\\\/\\\/bbqassad.ee\\\/fi\\\/verkkokauppa\\\/\"},{\"@type\":\"ListItem\",\"position\":3,\"name\":\"Napoleon Rogue- ja Rogue XT -grilleihin sopiva sivulevymatto\"}]},{\"@type\":\"WebSite\",\"@id\":\"https:\\\/\\\/bbqassad.ee\\\/fi\\\/#website\",\"url\":\"https:\\\/\\\/bbqassad.ee\\\/fi\\\/\",\"name\":\"BBQ \u00c4ssad\",\"description\":\"BBQ maitseained, kastmed, ahjud\",\"publisher\":{\"@id\":\"https:\\\/\\\/bbqassad.ee\\\/fi\\\/#organization\"},\"potentialAction\":[{\"@type\":\"SearchAction\",\"target\":{\"@type\":\"EntryPoint\",\"urlTemplate\":\"https:\\\/\\\/bbqassad.ee\\\/fi\\\/?s={search_term_string}\"},\"query-input\":{\"@type\":\"PropertyValueSpecification\",\"valueRequired\":true,\"valueName\":\"search_term_string\"}}],\"inLanguage\":\"fi\"},{\"@type\":\"Organization\",\"@id\":\"https:\\\/\\\/bbqassad.ee\\\/fi\\\/#organization\",\"name\":\"BBQ \u00c4ssad\",\"url\":\"https:\\\/\\\/bbqassad.ee\\\/fi\\\/\",\"logo\":{\"@type\":\"ImageObject\",\"inLanguage\":\"fi\",\"@id\":\"https:\\\/\\\/bbqassad.ee\\\/fi\\\/#\\\/schema\\\/logo\\\/image\\\/\",\"url\":\"https:\\\/\\\/bbqassad.ee\\\/wp-content\\\/uploads\\\/2022\\\/10\\\/BBQ-2ssadlogo.png\",\"contentUrl\":\"https:\\\/\\\/bbqassad.ee\\\/wp-content\\\/uploads\\\/2022\\\/10\\\/BBQ-2ssadlogo.png\",\"width\":1080,\"height\":1080,\"caption\":\"BBQ \u00c4ssad\"},\"image\":{\"@id\":\"https:\\\/\\\/bbqassad.ee\\\/fi\\\/#\\\/schema\\\/logo\\\/image\\\/\"},\"sameAs\":[\"https:\\\/\\\/www.facebook.com\\\/bbqassad\",\"https:\\\/\\\/www.youtube.com\\\/channel\\\/UCsoufn49J6TVi9Ah9meE93w\"]}]}<\/script>\n<!-- \/ Yoast SEO plugin. -->","yoast_head_json":{"title":"Napoleonin sivulevymatto Rogue- ja Rogue XT -grilleihin - BBQ \u00c4ssad%","description":"Napoleonin silikonimatto suojaa grillilapion levyj\u00e4 naarmuilta ja lialta. Liukumaton ja kuumuutta kest\u00e4v\u00e4, helppo huoltaa. Sopii Rogue-sarjan grilleihin.","robots":{"index":"index","follow":"follow","max-snippet":"max-snippet:-1","max-image-preview":"max-image-preview:large","max-video-preview":"max-video-preview:-1"},"canonical":"https:\/\/bbqassad.ee\/fi\/toode\/napoleon-rogue-ja-rogue-xt-grilleihin-sopiva-sivulevymatto\/","og_locale":"fi_FI","og_type":"article","og_title":"Napoleonin sivup\u00f6yt\u00e4matto Rogue- ja Rogue XT -grilleihin - BBQ \u00c4ssad%","og_description":"Napoleonin silikonimatto suojaa grillilapion levyj\u00e4 naarmuilta ja lialta. Liukumaton ja l\u00e4mm\u00f6nkest\u00e4v\u00e4, helppo huoltaa. Sopii Rogue-sarjan grilleihin.","og_url":"https:\/\/bbqassad.ee\/fi\/toode\/napoleon-rogue-ja-rogue-xt-grilleihin-sopiva-sivulevymatto\/","og_site_name":"BBQ \u00c4ssad","article_publisher":"https:\/\/www.facebook.com\/bbqassad","article_modified_time":"2026-04-14T06:32:34+00:00","og_image":[{"url":"https:\/\/bbqassad.ee\/wp-content\/uploads\/2026\/02\/BBQ-Entertainment-Napoleon-silikoonmatt-kuljelaua-kaitseks-3.jpg","type":"","width":"","height":""}],"twitter_card":"summary_large_image","twitter_title":"Napoleonin sivup\u00f6yt\u00e4matto Rogue- ja Rogue XT -grilleihin - BBQ \u00c4ssad%","twitter_description":"Napoleonin silikonimatto suojaa grillilapion levyj\u00e4 naarmuilta ja lialta. Liukumaton ja l\u00e4mm\u00f6nkest\u00e4v\u00e4, helppo huoltaa. Sopii Rogue-sarjan grilleihin.","twitter_image":"https:\/\/bbqassad.ee\/wp-content\/uploads\/2026\/02\/BBQ-Entertainment-Napoleon-silikoonmatt-kuljelaua-kaitseks-3.jpg","schema":{"@context":"https:\/\/schema.org","@graph":[{"@type":"WebPage","@id":"https:\/\/bbqassad.ee\/fi\/toode\/napoleon-rogue-ja-rogue-xt-grilleihin-sopiva-sivulevymatto\/","url":"https:\/\/bbqassad.ee\/fi\/toode\/napoleon-rogue-ja-rogue-xt-grilleihin-sopiva-sivulevymatto\/","name":"Napoleonin sivulevymatto Rogue- ja Rogue XT -grilleihin - BBQ \u00c4ssad%","isPartOf":{"@id":"https:\/\/bbqassad.ee\/fi\/#website"},"primaryImageOfPage":{"@id":"https:\/\/bbqassad.ee\/fi\/toode\/napoleon-rogue-ja-rogue-xt-grilleihin-sopiva-sivulevymatto\/#primaryimage"},"image":{"@id":"https:\/\/bbqassad.ee\/fi\/toode\/napoleon-rogue-ja-rogue-xt-grilleihin-sopiva-sivulevymatto\/#primaryimage"},"thumbnailUrl":"https:\/\/bbqassad.ee\/wp-content\/uploads\/2026\/02\/BBQ-Entertainment-Napoleon-silikoonmatt-kuljelaua-kaitseks-3.jpg","datePublished":"2026-02-23T15:05:19+00:00","dateModified":"2026-04-14T06:32:34+00:00","description":"Napoleonin silikonimatto suojaa grillilapion levyj\u00e4 naarmuilta ja lialta. Liukumaton ja kuumuutta kest\u00e4v\u00e4, helppo huoltaa. Sopii Rogue-sarjan grilleihin.","breadcrumb":{"@id":"https:\/\/bbqassad.ee\/fi\/toode\/napoleon-rogue-ja-rogue-xt-grilleihin-sopiva-sivulevymatto\/#breadcrumb"},"inLanguage":"fi","potentialAction":[{"@type":"ReadAction","target":["https:\/\/bbqassad.ee\/fi\/toode\/napoleon-rogue-ja-rogue-xt-grilleihin-sopiva-sivulevymatto\/"]}]},{"@type":"ImageObject","inLanguage":"fi","@id":"https:\/\/bbqassad.ee\/fi\/toode\/napoleon-rogue-ja-rogue-xt-grilleihin-sopiva-sivulevymatto\/#primaryimage","url":"https:\/\/bbqassad.ee\/wp-content\/uploads\/2026\/02\/BBQ-Entertainment-Napoleon-silikoonmatt-kuljelaua-kaitseks-3.jpg","contentUrl":"https:\/\/bbqassad.ee\/wp-content\/uploads\/2026\/02\/BBQ-Entertainment-Napoleon-silikoonmatt-kuljelaua-kaitseks-3.jpg","width":1095,"height":1095},{"@type":"BreadcrumbList","@id":"https:\/\/bbqassad.ee\/fi\/toode\/napoleon-rogue-ja-rogue-xt-grilleihin-sopiva-sivulevymatto\/#breadcrumb","itemListElement":[{"@type":"ListItem","position":1,"name":"Home","item":"https:\/\/bbqassad.ee\/fi\/bbq-assat\/"},{"@type":"ListItem","position":2,"name":"Verkkokauppa","item":"https:\/\/bbqassad.ee\/fi\/verkkokauppa\/"},{"@type":"ListItem","position":3,"name":"Napoleon Rogue- ja Rogue XT -grilleihin sopiva sivulevymatto"}]},{"@type":"WebSite","@id":"https:\/\/bbqassad.ee\/fi\/#website","url":"https:\/\/bbqassad.ee\/fi\/","name":"BBQ \u00c4ssad","description":"BBQ maitseained, kastmed, ahjud","publisher":{"@id":"https:\/\/bbqassad.ee\/fi\/#organization"},"potentialAction":[{"@type":"SearchAction","target":{"@type":"EntryPoint","urlTemplate":"https:\/\/bbqassad.ee\/fi\/?s={search_term_string}"},"query-input":{"@type":"PropertyValueSpecification","valueRequired":true,"valueName":"search_term_string"}}],"inLanguage":"fi"},{"@type":"Organization","@id":"https:\/\/bbqassad.ee\/fi\/#organization","name":"BBQ \u00c4ssad","url":"https:\/\/bbqassad.ee\/fi\/","logo":{"@type":"ImageObject","inLanguage":"fi","@id":"https:\/\/bbqassad.ee\/fi\/#\/schema\/logo\/image\/","url":"https:\/\/bbqassad.ee\/wp-content\/uploads\/2022\/10\/BBQ-2ssadlogo.png","contentUrl":"https:\/\/bbqassad.ee\/wp-content\/uploads\/2022\/10\/BBQ-2ssadlogo.png","width":1080,"height":1080,"caption":"BBQ \u00c4ssad"},"image":{"@id":"https:\/\/bbqassad.ee\/fi\/#\/schema\/logo\/image\/"},"sameAs":["https:\/\/www.facebook.com\/bbqassad","https:\/\/www.youtube.com\/channel\/UCsoufn49J6TVi9Ah9meE93w"]}]}},"_links":{"self":[{"href":"https:\/\/bbqassad.ee\/fi\/wp-json\/wp\/v2\/product\/22049","targetHints":{"allow":["GET"]}}],"collection":[{"href":"https:\/\/bbqassad.ee\/fi\/wp-json\/wp\/v2\/product"}],"about":[{"href":"https:\/\/bbqassad.ee\/fi\/wp-json\/wp\/v2\/types\/product"}],"replies":[{"embeddable":true,"href":"https:\/\/bbqassad.ee\/fi\/wp-json\/wp\/v2\/comments?post=22049"}],"wp:featuredmedia":[{"embeddable":true,"href":"https:\/\/bbqassad.ee\/fi\/wp-json\/wp\/v2\/media\/13255"}],"wp:attachment":[{"href":"https:\/\/bbqassad.ee\/fi\/wp-json\/wp\/v2\/media?parent=22049"}],"wp:term":[{"taxonomy":"product_brand","embeddable":true,"href":"https:\/\/bbqassad.ee\/fi\/wp-json\/wp\/v2\/product_brand?post=22049"},{"taxonomy":"product_cat","embeddable":true,"href":"https:\/\/bbqassad.ee\/fi\/wp-json\/wp\/v2\/product_cat?post=22049"},{"taxonomy":"product_tag","embeddable":true,"href":"https:\/\/bbqassad.ee\/fi\/wp-json\/wp\/v2\/product_tag?post=22049"}],"curies":[{"name":"wp","href":"https:\/\/api.w.org\/{rel}","templated":true}]}}