{"id":22040,"date":"2026-02-23T15:05:19","date_gmt":"2026-02-23T15:05:19","guid":{"rendered":"https:\/\/bbqassad.ee\/toode\/napoleon-pro-silikoniharja-moppausta-varten\/"},"modified":"2026-04-14T06:32:34","modified_gmt":"2026-04-14T06:32:34","slug":"napoleon-pro-silikoniharja-moppausta-varten","status":"publish","type":"product","link":"https:\/\/bbqassad.ee\/fi\/toode\/napoleon-pro-silikoniharja-moppausta-varten\/","title":{"rendered":"Napoleon PRO silikoniharja moppausta varten"},"content":{"rendered":"<p>Napoleonin silikoniharja, jossa on tyylik\u00e4s ruostumattomasta ter\u00e4ksest\u00e4 valmistettu kahva. K\u00e4yt\u00e4 kuumuutta kest\u00e4v\u00e4\u00e4 silikoniharjaa herkullisten bbq-kastikkeiden pyyhkimiseen lihan p\u00e4\u00e4lle. Silikoniharja on helppo pest\u00e4. Voidaan pest\u00e4 my\u00f6s astianpesukoneessa. Ruostumattomasta ter\u00e4ksest\u00e4 valmistetun kahvan p\u00e4\u00e4ss\u00e4 on silmukka, jonka avulla voit ripustaa harjan grilliin Harja sopii t\u00e4ydellisesti mihin tahansa ruokailuv\u00e4linelaatikkoon. Kokonaispituus 29,5 cm     <\/p>\n","protected":false},"excerpt":{"rendered":"<h3><strong>Napoleon PRO silikoniharja moppausta varten<\/strong><\/h3>\n<p>Napoleon PRO -moppiharja, jossa on ruostumattomasta ter\u00e4ksest\u00e4 valmistettu kahva, silikonia. Astianpesukoneen kest\u00e4v\u00e4. <\/p>\n","protected":false},"featured_media":13198,"comment_status":"closed","ping_status":"closed","template":"","meta":[],"product_brand":[768],"product_cat":[785],"product_tag":[],"class_list":{"0":"post-22040","1":"product","2":"type-product","3":"status-publish","4":"has-post-thumbnail","6":"product_brand-napoleon","7":"product_cat-kaasugrillien-tarvikkeet","9":"first","10":"instock","11":"taxable","12":"shipping-taxable","13":"purchasable","14":"product-type-simple"},"yoast_head":"<!-- This site is optimized with the Yoast SEO plugin v27.4 - https:\/\/yoast.com\/product\/yoast-seo-wordpress\/ -->\n<title>Napoleon PRO silikoniharja moppaamiseen - BBQ \u00c4ssad%<\/title>\n<meta name=\"description\" content=\"Napoleon PRO -silikoniharja, jossa on ruostumattomasta ter\u00e4ksest\u00e4 valmistettu kahva, on ihanteellinen grillaukseen. Astianpesukoneen kest\u00e4v\u00e4, k\u00e4tev\u00e4 k\u00e4ytt\u00e4\u00e4 ja kest\u00e4v\u00e4.\" \/>\n<meta name=\"robots\" content=\"index, follow, max-snippet:-1, max-image-preview:large, max-video-preview:-1\" \/>\n<link rel=\"canonical\" href=\"https:\/\/bbqassad.ee\/fi\/toode\/napoleon-pro-silikoniharja-moppausta-varten\/\" \/>\n<meta property=\"og:locale\" content=\"fi_FI\" \/>\n<meta property=\"og:type\" content=\"article\" \/>\n<meta property=\"og:title\" content=\"Napoleon PRO silikoniharja moppaamiseen - BBQ \u00c4ssad%\" \/>\n<meta property=\"og:description\" content=\"Napoleon PRO -silikoniharja, jossa on ruostumattomasta ter\u00e4ksest\u00e4 valmistettu kahva, on ihanteellinen grillaukseen. Astianpesukoneen kest\u00e4v\u00e4, k\u00e4tev\u00e4 k\u00e4ytt\u00e4\u00e4 ja kest\u00e4v\u00e4.\" \/>\n<meta property=\"og:url\" content=\"https:\/\/bbqassad.ee\/fi\/toode\/napoleon-pro-silikoniharja-moppausta-varten\/\" \/>\n<meta property=\"og:site_name\" content=\"BBQ \u00c4ssad\" \/>\n<meta property=\"article:publisher\" content=\"https:\/\/www.facebook.com\/bbqassad\" \/>\n<meta property=\"article:modified_time\" content=\"2026-04-14T06:32:34+00:00\" \/>\n<meta property=\"og:image\" content=\"https:\/\/bbqassad.ee\/wp-content\/uploads\/2026\/02\/BBQ-Entertainment-Napoleon-PRO-silikoonpintsel-moppimiseks-10.jpg\" \/>\n<meta name=\"twitter:card\" content=\"summary_large_image\" \/>\n<meta name=\"twitter:title\" content=\"Napoleon PRO silikoniharja moppaamiseen - BBQ \u00c4ssad%\" \/>\n<meta name=\"twitter:description\" content=\"Napoleon PRO -silikoniharja, jossa on ruostumattomasta ter\u00e4ksest\u00e4 valmistettu kahva, on ihanteellinen grillaukseen. Astianpesukoneen kest\u00e4v\u00e4, k\u00e4tev\u00e4 k\u00e4ytt\u00e4\u00e4 ja kest\u00e4v\u00e4.\" \/>\n<meta name=\"twitter:image\" content=\"https:\/\/bbqassad.ee\/wp-content\/uploads\/2026\/02\/BBQ-Entertainment-Napoleon-PRO-silikoonpintsel-moppimiseks-10.jpg\" \/>\n<script type=\"application\/ld+json\" class=\"yoast-schema-graph\">{\"@context\":\"https:\\\/\\\/schema.org\",\"@graph\":[{\"@type\":\"WebPage\",\"@id\":\"https:\\\/\\\/bbqassad.ee\\\/fi\\\/toode\\\/napoleon-pro-silikoniharja-moppausta-varten\\\/\",\"url\":\"https:\\\/\\\/bbqassad.ee\\\/fi\\\/toode\\\/napoleon-pro-silikoniharja-moppausta-varten\\\/\",\"name\":\"Napoleon PRO silikoniharja moppaamiseen - BBQ \u00c4ssad%\",\"isPartOf\":{\"@id\":\"https:\\\/\\\/bbqassad.ee\\\/fi\\\/#website\"},\"primaryImageOfPage\":{\"@id\":\"https:\\\/\\\/bbqassad.ee\\\/fi\\\/toode\\\/napoleon-pro-silikoniharja-moppausta-varten\\\/#primaryimage\"},\"image\":{\"@id\":\"https:\\\/\\\/bbqassad.ee\\\/fi\\\/toode\\\/napoleon-pro-silikoniharja-moppausta-varten\\\/#primaryimage\"},\"thumbnailUrl\":\"https:\\\/\\\/bbqassad.ee\\\/wp-content\\\/uploads\\\/2026\\\/02\\\/BBQ-Entertainment-Napoleon-PRO-silikoonpintsel-moppimiseks-10.jpg\",\"datePublished\":\"2026-02-23T15:05:19+00:00\",\"dateModified\":\"2026-04-14T06:32:34+00:00\",\"description\":\"Napoleon PRO -silikoniharja, jossa on ruostumattomasta ter\u00e4ksest\u00e4 valmistettu kahva, on ihanteellinen grillaukseen. Astianpesukoneen kest\u00e4v\u00e4, k\u00e4tev\u00e4 k\u00e4ytt\u00e4\u00e4 ja kest\u00e4v\u00e4.\",\"breadcrumb\":{\"@id\":\"https:\\\/\\\/bbqassad.ee\\\/fi\\\/toode\\\/napoleon-pro-silikoniharja-moppausta-varten\\\/#breadcrumb\"},\"inLanguage\":\"fi\",\"potentialAction\":[{\"@type\":\"ReadAction\",\"target\":[\"https:\\\/\\\/bbqassad.ee\\\/fi\\\/toode\\\/napoleon-pro-silikoniharja-moppausta-varten\\\/\"]}]},{\"@type\":\"ImageObject\",\"inLanguage\":\"fi\",\"@id\":\"https:\\\/\\\/bbqassad.ee\\\/fi\\\/toode\\\/napoleon-pro-silikoniharja-moppausta-varten\\\/#primaryimage\",\"url\":\"https:\\\/\\\/bbqassad.ee\\\/wp-content\\\/uploads\\\/2026\\\/02\\\/BBQ-Entertainment-Napoleon-PRO-silikoonpintsel-moppimiseks-10.jpg\",\"contentUrl\":\"https:\\\/\\\/bbqassad.ee\\\/wp-content\\\/uploads\\\/2026\\\/02\\\/BBQ-Entertainment-Napoleon-PRO-silikoonpintsel-moppimiseks-10.jpg\",\"width\":1116,\"height\":1116},{\"@type\":\"BreadcrumbList\",\"@id\":\"https:\\\/\\\/bbqassad.ee\\\/fi\\\/toode\\\/napoleon-pro-silikoniharja-moppausta-varten\\\/#breadcrumb\",\"itemListElement\":[{\"@type\":\"ListItem\",\"position\":1,\"name\":\"Home\",\"item\":\"https:\\\/\\\/bbqassad.ee\\\/fi\\\/bbq-assat\\\/\"},{\"@type\":\"ListItem\",\"position\":2,\"name\":\"Verkkokauppa\",\"item\":\"https:\\\/\\\/bbqassad.ee\\\/fi\\\/verkkokauppa\\\/\"},{\"@type\":\"ListItem\",\"position\":3,\"name\":\"Napoleon PRO silikoniharja moppausta varten\"}]},{\"@type\":\"WebSite\",\"@id\":\"https:\\\/\\\/bbqassad.ee\\\/fi\\\/#website\",\"url\":\"https:\\\/\\\/bbqassad.ee\\\/fi\\\/\",\"name\":\"BBQ \u00c4ssad\",\"description\":\"BBQ maitseained, kastmed, ahjud\",\"publisher\":{\"@id\":\"https:\\\/\\\/bbqassad.ee\\\/fi\\\/#organization\"},\"potentialAction\":[{\"@type\":\"SearchAction\",\"target\":{\"@type\":\"EntryPoint\",\"urlTemplate\":\"https:\\\/\\\/bbqassad.ee\\\/fi\\\/?s={search_term_string}\"},\"query-input\":{\"@type\":\"PropertyValueSpecification\",\"valueRequired\":true,\"valueName\":\"search_term_string\"}}],\"inLanguage\":\"fi\"},{\"@type\":\"Organization\",\"@id\":\"https:\\\/\\\/bbqassad.ee\\\/fi\\\/#organization\",\"name\":\"BBQ \u00c4ssad\",\"url\":\"https:\\\/\\\/bbqassad.ee\\\/fi\\\/\",\"logo\":{\"@type\":\"ImageObject\",\"inLanguage\":\"fi\",\"@id\":\"https:\\\/\\\/bbqassad.ee\\\/fi\\\/#\\\/schema\\\/logo\\\/image\\\/\",\"url\":\"https:\\\/\\\/bbqassad.ee\\\/wp-content\\\/uploads\\\/2022\\\/10\\\/BBQ-2ssadlogo.png\",\"contentUrl\":\"https:\\\/\\\/bbqassad.ee\\\/wp-content\\\/uploads\\\/2022\\\/10\\\/BBQ-2ssadlogo.png\",\"width\":1080,\"height\":1080,\"caption\":\"BBQ \u00c4ssad\"},\"image\":{\"@id\":\"https:\\\/\\\/bbqassad.ee\\\/fi\\\/#\\\/schema\\\/logo\\\/image\\\/\"},\"sameAs\":[\"https:\\\/\\\/www.facebook.com\\\/bbqassad\",\"https:\\\/\\\/www.youtube.com\\\/channel\\\/UCsoufn49J6TVi9Ah9meE93w\"]}]}<\/script>\n<!-- \/ Yoast SEO plugin. -->","yoast_head_json":{"title":"Napoleon PRO silikoniharja moppaamiseen - BBQ \u00c4ssad%","description":"Napoleon PRO -silikoniharja, jossa on ruostumattomasta ter\u00e4ksest\u00e4 valmistettu kahva, on ihanteellinen grillaukseen. Astianpesukoneen kest\u00e4v\u00e4, k\u00e4tev\u00e4 k\u00e4ytt\u00e4\u00e4 ja kest\u00e4v\u00e4.","robots":{"index":"index","follow":"follow","max-snippet":"max-snippet:-1","max-image-preview":"max-image-preview:large","max-video-preview":"max-video-preview:-1"},"canonical":"https:\/\/bbqassad.ee\/fi\/toode\/napoleon-pro-silikoniharja-moppausta-varten\/","og_locale":"fi_FI","og_type":"article","og_title":"Napoleon PRO silikoniharja moppaamiseen - BBQ \u00c4ssad%","og_description":"Napoleon PRO -silikoniharja, jossa on ruostumattomasta ter\u00e4ksest\u00e4 valmistettu kahva, on ihanteellinen grillaukseen. Astianpesukoneen kest\u00e4v\u00e4, k\u00e4tev\u00e4 k\u00e4ytt\u00e4\u00e4 ja kest\u00e4v\u00e4.","og_url":"https:\/\/bbqassad.ee\/fi\/toode\/napoleon-pro-silikoniharja-moppausta-varten\/","og_site_name":"BBQ \u00c4ssad","article_publisher":"https:\/\/www.facebook.com\/bbqassad","article_modified_time":"2026-04-14T06:32:34+00:00","og_image":[{"url":"https:\/\/bbqassad.ee\/wp-content\/uploads\/2026\/02\/BBQ-Entertainment-Napoleon-PRO-silikoonpintsel-moppimiseks-10.jpg","type":"","width":"","height":""}],"twitter_card":"summary_large_image","twitter_title":"Napoleon PRO silikoniharja moppaamiseen - BBQ \u00c4ssad%","twitter_description":"Napoleon PRO -silikoniharja, jossa on ruostumattomasta ter\u00e4ksest\u00e4 valmistettu kahva, on ihanteellinen grillaukseen. Astianpesukoneen kest\u00e4v\u00e4, k\u00e4tev\u00e4 k\u00e4ytt\u00e4\u00e4 ja kest\u00e4v\u00e4.","twitter_image":"https:\/\/bbqassad.ee\/wp-content\/uploads\/2026\/02\/BBQ-Entertainment-Napoleon-PRO-silikoonpintsel-moppimiseks-10.jpg","schema":{"@context":"https:\/\/schema.org","@graph":[{"@type":"WebPage","@id":"https:\/\/bbqassad.ee\/fi\/toode\/napoleon-pro-silikoniharja-moppausta-varten\/","url":"https:\/\/bbqassad.ee\/fi\/toode\/napoleon-pro-silikoniharja-moppausta-varten\/","name":"Napoleon PRO silikoniharja moppaamiseen - BBQ \u00c4ssad%","isPartOf":{"@id":"https:\/\/bbqassad.ee\/fi\/#website"},"primaryImageOfPage":{"@id":"https:\/\/bbqassad.ee\/fi\/toode\/napoleon-pro-silikoniharja-moppausta-varten\/#primaryimage"},"image":{"@id":"https:\/\/bbqassad.ee\/fi\/toode\/napoleon-pro-silikoniharja-moppausta-varten\/#primaryimage"},"thumbnailUrl":"https:\/\/bbqassad.ee\/wp-content\/uploads\/2026\/02\/BBQ-Entertainment-Napoleon-PRO-silikoonpintsel-moppimiseks-10.jpg","datePublished":"2026-02-23T15:05:19+00:00","dateModified":"2026-04-14T06:32:34+00:00","description":"Napoleon PRO -silikoniharja, jossa on ruostumattomasta ter\u00e4ksest\u00e4 valmistettu kahva, on ihanteellinen grillaukseen. Astianpesukoneen kest\u00e4v\u00e4, k\u00e4tev\u00e4 k\u00e4ytt\u00e4\u00e4 ja kest\u00e4v\u00e4.","breadcrumb":{"@id":"https:\/\/bbqassad.ee\/fi\/toode\/napoleon-pro-silikoniharja-moppausta-varten\/#breadcrumb"},"inLanguage":"fi","potentialAction":[{"@type":"ReadAction","target":["https:\/\/bbqassad.ee\/fi\/toode\/napoleon-pro-silikoniharja-moppausta-varten\/"]}]},{"@type":"ImageObject","inLanguage":"fi","@id":"https:\/\/bbqassad.ee\/fi\/toode\/napoleon-pro-silikoniharja-moppausta-varten\/#primaryimage","url":"https:\/\/bbqassad.ee\/wp-content\/uploads\/2026\/02\/BBQ-Entertainment-Napoleon-PRO-silikoonpintsel-moppimiseks-10.jpg","contentUrl":"https:\/\/bbqassad.ee\/wp-content\/uploads\/2026\/02\/BBQ-Entertainment-Napoleon-PRO-silikoonpintsel-moppimiseks-10.jpg","width":1116,"height":1116},{"@type":"BreadcrumbList","@id":"https:\/\/bbqassad.ee\/fi\/toode\/napoleon-pro-silikoniharja-moppausta-varten\/#breadcrumb","itemListElement":[{"@type":"ListItem","position":1,"name":"Home","item":"https:\/\/bbqassad.ee\/fi\/bbq-assat\/"},{"@type":"ListItem","position":2,"name":"Verkkokauppa","item":"https:\/\/bbqassad.ee\/fi\/verkkokauppa\/"},{"@type":"ListItem","position":3,"name":"Napoleon PRO silikoniharja moppausta varten"}]},{"@type":"WebSite","@id":"https:\/\/bbqassad.ee\/fi\/#website","url":"https:\/\/bbqassad.ee\/fi\/","name":"BBQ \u00c4ssad","description":"BBQ maitseained, kastmed, ahjud","publisher":{"@id":"https:\/\/bbqassad.ee\/fi\/#organization"},"potentialAction":[{"@type":"SearchAction","target":{"@type":"EntryPoint","urlTemplate":"https:\/\/bbqassad.ee\/fi\/?s={search_term_string}"},"query-input":{"@type":"PropertyValueSpecification","valueRequired":true,"valueName":"search_term_string"}}],"inLanguage":"fi"},{"@type":"Organization","@id":"https:\/\/bbqassad.ee\/fi\/#organization","name":"BBQ \u00c4ssad","url":"https:\/\/bbqassad.ee\/fi\/","logo":{"@type":"ImageObject","inLanguage":"fi","@id":"https:\/\/bbqassad.ee\/fi\/#\/schema\/logo\/image\/","url":"https:\/\/bbqassad.ee\/wp-content\/uploads\/2022\/10\/BBQ-2ssadlogo.png","contentUrl":"https:\/\/bbqassad.ee\/wp-content\/uploads\/2022\/10\/BBQ-2ssadlogo.png","width":1080,"height":1080,"caption":"BBQ \u00c4ssad"},"image":{"@id":"https:\/\/bbqassad.ee\/fi\/#\/schema\/logo\/image\/"},"sameAs":["https:\/\/www.facebook.com\/bbqassad","https:\/\/www.youtube.com\/channel\/UCsoufn49J6TVi9Ah9meE93w"]}]}},"_links":{"self":[{"href":"https:\/\/bbqassad.ee\/fi\/wp-json\/wp\/v2\/product\/22040","targetHints":{"allow":["GET"]}}],"collection":[{"href":"https:\/\/bbqassad.ee\/fi\/wp-json\/wp\/v2\/product"}],"about":[{"href":"https:\/\/bbqassad.ee\/fi\/wp-json\/wp\/v2\/types\/product"}],"replies":[{"embeddable":true,"href":"https:\/\/bbqassad.ee\/fi\/wp-json\/wp\/v2\/comments?post=22040"}],"wp:featuredmedia":[{"embeddable":true,"href":"https:\/\/bbqassad.ee\/fi\/wp-json\/wp\/v2\/media\/13198"}],"wp:attachment":[{"href":"https:\/\/bbqassad.ee\/fi\/wp-json\/wp\/v2\/media?parent=22040"}],"wp:term":[{"taxonomy":"product_brand","embeddable":true,"href":"https:\/\/bbqassad.ee\/fi\/wp-json\/wp\/v2\/product_brand?post=22040"},{"taxonomy":"product_cat","embeddable":true,"href":"https:\/\/bbqassad.ee\/fi\/wp-json\/wp\/v2\/product_cat?post=22040"},{"taxonomy":"product_tag","embeddable":true,"href":"https:\/\/bbqassad.ee\/fi\/wp-json\/wp\/v2\/product_tag?post=22040"}],"curies":[{"name":"wp","href":"https:\/\/api.w.org\/{rel}","templated":true}]}}