{"id":22030,"date":"2026-02-23T15:05:19","date_gmt":"2026-02-23T15:05:19","guid":{"rendered":"https:\/\/bbqassad.ee\/toode\/napoleonin-vaihdettavat-rasvatyynyn-lisaosat\/"},"modified":"2026-04-14T06:32:33","modified_gmt":"2026-04-14T06:32:33","slug":"napoleonin-vaihdettavat-rasvatyynyn-lisaosat","status":"publish","type":"product","link":"https:\/\/bbqassad.ee\/fi\/toode\/napoleonin-vaihdettavat-rasvatyynyn-lisaosat\/","title":{"rendered":"Napoleonin vaihdettavat rasvatyynyn lis\u00e4osat"},"content":{"rendered":"<p>Rasva-astia ja sen sis\u00e4ll\u00f6n s\u00e4\u00e4nn\u00f6llinen vaihtaminen ovat olennaisen t\u00e4rkeit\u00e4 kaasugrillin kunnossapidon kannalta. Rasva-astian s\u00e4\u00e4nn\u00f6llinen vaihtaminen auttaa yll\u00e4pit\u00e4m\u00e4\u00e4n Napoleon-kaasugrilli\u00e4si ja pident\u00e4m\u00e4\u00e4n sen k\u00e4ytt\u00f6ik\u00e4\u00e4. Napoleon-grillit on varustettu laadukkaalla liekin- ja rasvanpoistoalustalla, joka ohjaa grillauksessa syntyv\u00e4n rasvan ja marinadin suoraan ker\u00e4ysastiaan. Rasvanerotusastia on tarkistettava ennen jokaista grillausta, jotta varmistetaan, ettei se ole t\u00e4ynn\u00e4. Muuten rasva valuu kaapin pohjalle, mik\u00e4 vaikeuttaa puhdistamista huomattavasti. Pakkauksessa on 5 vaihdettavaa rasva-astiaa.     <\/p>\n","protected":false},"excerpt":{"rendered":"<h3><strong>Napoleonin vaihdettavat rasvatyynyn lis\u00e4osat<\/strong><\/h3>\n<p>Napoleon-kaasugrillin rasvatipan kertak\u00e4ytt\u00f6inen sis\u00e4lt\u00f6 helpottaa grillin huoltoa huomattavasti.<\/p>\n","protected":false},"featured_media":13153,"comment_status":"closed","ping_status":"closed","template":"","meta":[],"product_brand":[768],"product_cat":[785],"product_tag":[],"class_list":{"0":"post-22030","1":"product","2":"type-product","3":"status-publish","4":"has-post-thumbnail","6":"product_brand-napoleon","7":"product_cat-kaasugrillien-tarvikkeet","9":"first","10":"instock","11":"taxable","12":"shipping-taxable","13":"purchasable","14":"product-type-simple"},"yoast_head":"<!-- This site is optimized with the Yoast SEO plugin v27.4 - https:\/\/yoast.com\/product\/yoast-seo-wordpress\/ -->\n<title>Napoleonin vaihdettavat rasvankest\u00e4v\u00e4t suojat -% BBQ \u00c4ssad%<\/title>\n<meta name=\"description\" content=\"Napoleonin vaihdettavat rasvapatojen vuoraukset helpottavat kaasugrillin huoltoa. Ihanteellinen ratkaisu rasvanker\u00e4ysastian vaihtamiseen.\" \/>\n<meta name=\"robots\" content=\"index, follow, max-snippet:-1, max-image-preview:large, max-video-preview:-1\" \/>\n<link rel=\"canonical\" href=\"https:\/\/bbqassad.ee\/fi\/toode\/napoleonin-vaihdettavat-rasvatyynyn-lisaosat\/\" \/>\n<meta property=\"og:locale\" content=\"fi_FI\" \/>\n<meta property=\"og:type\" content=\"article\" \/>\n<meta property=\"og:title\" content=\"Napoleonin vaihdettavat rasvankest\u00e4v\u00e4t suojat -% BBQ \u00c4ssad%\" \/>\n<meta property=\"og:description\" content=\"Napoleonin vaihdettavat rasvapatojen vuoraukset helpottavat kaasugrillin huoltoa. Ihanteellinen ratkaisu rasvanker\u00e4ysastian vaihtamiseen.\" \/>\n<meta property=\"og:url\" content=\"https:\/\/bbqassad.ee\/fi\/toode\/napoleonin-vaihdettavat-rasvatyynyn-lisaosat\/\" \/>\n<meta property=\"og:site_name\" content=\"BBQ \u00c4ssad\" \/>\n<meta property=\"article:publisher\" content=\"https:\/\/www.facebook.com\/bbqassad\" \/>\n<meta property=\"article:modified_time\" content=\"2026-04-14T06:32:33+00:00\" \/>\n<meta property=\"og:image\" content=\"https:\/\/bbqassad.ee\/wp-content\/uploads\/2026\/02\/BBQ-Entertainment-Napoloeon-rasvakogumise-tops-1.jpg\" \/>\n<meta name=\"twitter:card\" content=\"summary_large_image\" \/>\n<meta name=\"twitter:title\" content=\"Napoleonin vaihdettavat rasvankest\u00e4v\u00e4t suojat -% BBQ \u00c4ssad%\" \/>\n<meta name=\"twitter:description\" content=\"Napoleonin vaihdettavat rasvapatojen vuoraukset helpottavat kaasugrillin huoltoa. Ihanteellinen ratkaisu rasvanker\u00e4ysastian vaihtamiseen.\" \/>\n<meta name=\"twitter:image\" content=\"https:\/\/bbqassad.ee\/wp-content\/uploads\/2026\/02\/BBQ-Entertainment-Napoloeon-rasvakogumise-tops-1.jpg\" \/>\n<script type=\"application\/ld+json\" class=\"yoast-schema-graph\">{\"@context\":\"https:\\\/\\\/schema.org\",\"@graph\":[{\"@type\":\"WebPage\",\"@id\":\"https:\\\/\\\/bbqassad.ee\\\/fi\\\/toode\\\/napoleonin-vaihdettavat-rasvatyynyn-lisaosat\\\/\",\"url\":\"https:\\\/\\\/bbqassad.ee\\\/fi\\\/toode\\\/napoleonin-vaihdettavat-rasvatyynyn-lisaosat\\\/\",\"name\":\"Napoleonin vaihdettavat rasvankest\u00e4v\u00e4t suojat -% BBQ \u00c4ssad%\",\"isPartOf\":{\"@id\":\"https:\\\/\\\/bbqassad.ee\\\/fi\\\/#website\"},\"primaryImageOfPage\":{\"@id\":\"https:\\\/\\\/bbqassad.ee\\\/fi\\\/toode\\\/napoleonin-vaihdettavat-rasvatyynyn-lisaosat\\\/#primaryimage\"},\"image\":{\"@id\":\"https:\\\/\\\/bbqassad.ee\\\/fi\\\/toode\\\/napoleonin-vaihdettavat-rasvatyynyn-lisaosat\\\/#primaryimage\"},\"thumbnailUrl\":\"https:\\\/\\\/bbqassad.ee\\\/wp-content\\\/uploads\\\/2026\\\/02\\\/BBQ-Entertainment-Napoloeon-rasvakogumise-tops-1.jpg\",\"datePublished\":\"2026-02-23T15:05:19+00:00\",\"dateModified\":\"2026-04-14T06:32:33+00:00\",\"description\":\"Napoleonin vaihdettavat rasvapatojen vuoraukset helpottavat kaasugrillin huoltoa. Ihanteellinen ratkaisu rasvanker\u00e4ysastian vaihtamiseen.\",\"breadcrumb\":{\"@id\":\"https:\\\/\\\/bbqassad.ee\\\/fi\\\/toode\\\/napoleonin-vaihdettavat-rasvatyynyn-lisaosat\\\/#breadcrumb\"},\"inLanguage\":\"fi\",\"potentialAction\":[{\"@type\":\"ReadAction\",\"target\":[\"https:\\\/\\\/bbqassad.ee\\\/fi\\\/toode\\\/napoleonin-vaihdettavat-rasvatyynyn-lisaosat\\\/\"]}]},{\"@type\":\"ImageObject\",\"inLanguage\":\"fi\",\"@id\":\"https:\\\/\\\/bbqassad.ee\\\/fi\\\/toode\\\/napoleonin-vaihdettavat-rasvatyynyn-lisaosat\\\/#primaryimage\",\"url\":\"https:\\\/\\\/bbqassad.ee\\\/wp-content\\\/uploads\\\/2026\\\/02\\\/BBQ-Entertainment-Napoloeon-rasvakogumise-tops-1.jpg\",\"contentUrl\":\"https:\\\/\\\/bbqassad.ee\\\/wp-content\\\/uploads\\\/2026\\\/02\\\/BBQ-Entertainment-Napoloeon-rasvakogumise-tops-1.jpg\",\"width\":1108,\"height\":1108},{\"@type\":\"BreadcrumbList\",\"@id\":\"https:\\\/\\\/bbqassad.ee\\\/fi\\\/toode\\\/napoleonin-vaihdettavat-rasvatyynyn-lisaosat\\\/#breadcrumb\",\"itemListElement\":[{\"@type\":\"ListItem\",\"position\":1,\"name\":\"Home\",\"item\":\"https:\\\/\\\/bbqassad.ee\\\/fi\\\/bbq-assat\\\/\"},{\"@type\":\"ListItem\",\"position\":2,\"name\":\"Verkkokauppa\",\"item\":\"https:\\\/\\\/bbqassad.ee\\\/fi\\\/verkkokauppa\\\/\"},{\"@type\":\"ListItem\",\"position\":3,\"name\":\"Napoleonin vaihdettavat rasvatyynyn lis\u00e4osat\"}]},{\"@type\":\"WebSite\",\"@id\":\"https:\\\/\\\/bbqassad.ee\\\/fi\\\/#website\",\"url\":\"https:\\\/\\\/bbqassad.ee\\\/fi\\\/\",\"name\":\"BBQ \u00c4ssad\",\"description\":\"BBQ maitseained, kastmed, ahjud\",\"publisher\":{\"@id\":\"https:\\\/\\\/bbqassad.ee\\\/fi\\\/#organization\"},\"potentialAction\":[{\"@type\":\"SearchAction\",\"target\":{\"@type\":\"EntryPoint\",\"urlTemplate\":\"https:\\\/\\\/bbqassad.ee\\\/fi\\\/?s={search_term_string}\"},\"query-input\":{\"@type\":\"PropertyValueSpecification\",\"valueRequired\":true,\"valueName\":\"search_term_string\"}}],\"inLanguage\":\"fi\"},{\"@type\":\"Organization\",\"@id\":\"https:\\\/\\\/bbqassad.ee\\\/fi\\\/#organization\",\"name\":\"BBQ \u00c4ssad\",\"url\":\"https:\\\/\\\/bbqassad.ee\\\/fi\\\/\",\"logo\":{\"@type\":\"ImageObject\",\"inLanguage\":\"fi\",\"@id\":\"https:\\\/\\\/bbqassad.ee\\\/fi\\\/#\\\/schema\\\/logo\\\/image\\\/\",\"url\":\"https:\\\/\\\/bbqassad.ee\\\/wp-content\\\/uploads\\\/2022\\\/10\\\/BBQ-2ssadlogo.png\",\"contentUrl\":\"https:\\\/\\\/bbqassad.ee\\\/wp-content\\\/uploads\\\/2022\\\/10\\\/BBQ-2ssadlogo.png\",\"width\":1080,\"height\":1080,\"caption\":\"BBQ \u00c4ssad\"},\"image\":{\"@id\":\"https:\\\/\\\/bbqassad.ee\\\/fi\\\/#\\\/schema\\\/logo\\\/image\\\/\"},\"sameAs\":[\"https:\\\/\\\/www.facebook.com\\\/bbqassad\",\"https:\\\/\\\/www.youtube.com\\\/channel\\\/UCsoufn49J6TVi9Ah9meE93w\"]}]}<\/script>\n<!-- \/ Yoast SEO plugin. -->","yoast_head_json":{"title":"Napoleonin vaihdettavat rasvankest\u00e4v\u00e4t suojat -% BBQ \u00c4ssad%","description":"Napoleonin vaihdettavat rasvapatojen vuoraukset helpottavat kaasugrillin huoltoa. Ihanteellinen ratkaisu rasvanker\u00e4ysastian vaihtamiseen.","robots":{"index":"index","follow":"follow","max-snippet":"max-snippet:-1","max-image-preview":"max-image-preview:large","max-video-preview":"max-video-preview:-1"},"canonical":"https:\/\/bbqassad.ee\/fi\/toode\/napoleonin-vaihdettavat-rasvatyynyn-lisaosat\/","og_locale":"fi_FI","og_type":"article","og_title":"Napoleonin vaihdettavat rasvankest\u00e4v\u00e4t suojat -% BBQ \u00c4ssad%","og_description":"Napoleonin vaihdettavat rasvapatojen vuoraukset helpottavat kaasugrillin huoltoa. Ihanteellinen ratkaisu rasvanker\u00e4ysastian vaihtamiseen.","og_url":"https:\/\/bbqassad.ee\/fi\/toode\/napoleonin-vaihdettavat-rasvatyynyn-lisaosat\/","og_site_name":"BBQ \u00c4ssad","article_publisher":"https:\/\/www.facebook.com\/bbqassad","article_modified_time":"2026-04-14T06:32:33+00:00","og_image":[{"url":"https:\/\/bbqassad.ee\/wp-content\/uploads\/2026\/02\/BBQ-Entertainment-Napoloeon-rasvakogumise-tops-1.jpg","type":"","width":"","height":""}],"twitter_card":"summary_large_image","twitter_title":"Napoleonin vaihdettavat rasvankest\u00e4v\u00e4t suojat -% BBQ \u00c4ssad%","twitter_description":"Napoleonin vaihdettavat rasvapatojen vuoraukset helpottavat kaasugrillin huoltoa. Ihanteellinen ratkaisu rasvanker\u00e4ysastian vaihtamiseen.","twitter_image":"https:\/\/bbqassad.ee\/wp-content\/uploads\/2026\/02\/BBQ-Entertainment-Napoloeon-rasvakogumise-tops-1.jpg","schema":{"@context":"https:\/\/schema.org","@graph":[{"@type":"WebPage","@id":"https:\/\/bbqassad.ee\/fi\/toode\/napoleonin-vaihdettavat-rasvatyynyn-lisaosat\/","url":"https:\/\/bbqassad.ee\/fi\/toode\/napoleonin-vaihdettavat-rasvatyynyn-lisaosat\/","name":"Napoleonin vaihdettavat rasvankest\u00e4v\u00e4t suojat -% BBQ \u00c4ssad%","isPartOf":{"@id":"https:\/\/bbqassad.ee\/fi\/#website"},"primaryImageOfPage":{"@id":"https:\/\/bbqassad.ee\/fi\/toode\/napoleonin-vaihdettavat-rasvatyynyn-lisaosat\/#primaryimage"},"image":{"@id":"https:\/\/bbqassad.ee\/fi\/toode\/napoleonin-vaihdettavat-rasvatyynyn-lisaosat\/#primaryimage"},"thumbnailUrl":"https:\/\/bbqassad.ee\/wp-content\/uploads\/2026\/02\/BBQ-Entertainment-Napoloeon-rasvakogumise-tops-1.jpg","datePublished":"2026-02-23T15:05:19+00:00","dateModified":"2026-04-14T06:32:33+00:00","description":"Napoleonin vaihdettavat rasvapatojen vuoraukset helpottavat kaasugrillin huoltoa. Ihanteellinen ratkaisu rasvanker\u00e4ysastian vaihtamiseen.","breadcrumb":{"@id":"https:\/\/bbqassad.ee\/fi\/toode\/napoleonin-vaihdettavat-rasvatyynyn-lisaosat\/#breadcrumb"},"inLanguage":"fi","potentialAction":[{"@type":"ReadAction","target":["https:\/\/bbqassad.ee\/fi\/toode\/napoleonin-vaihdettavat-rasvatyynyn-lisaosat\/"]}]},{"@type":"ImageObject","inLanguage":"fi","@id":"https:\/\/bbqassad.ee\/fi\/toode\/napoleonin-vaihdettavat-rasvatyynyn-lisaosat\/#primaryimage","url":"https:\/\/bbqassad.ee\/wp-content\/uploads\/2026\/02\/BBQ-Entertainment-Napoloeon-rasvakogumise-tops-1.jpg","contentUrl":"https:\/\/bbqassad.ee\/wp-content\/uploads\/2026\/02\/BBQ-Entertainment-Napoloeon-rasvakogumise-tops-1.jpg","width":1108,"height":1108},{"@type":"BreadcrumbList","@id":"https:\/\/bbqassad.ee\/fi\/toode\/napoleonin-vaihdettavat-rasvatyynyn-lisaosat\/#breadcrumb","itemListElement":[{"@type":"ListItem","position":1,"name":"Home","item":"https:\/\/bbqassad.ee\/fi\/bbq-assat\/"},{"@type":"ListItem","position":2,"name":"Verkkokauppa","item":"https:\/\/bbqassad.ee\/fi\/verkkokauppa\/"},{"@type":"ListItem","position":3,"name":"Napoleonin vaihdettavat rasvatyynyn lis\u00e4osat"}]},{"@type":"WebSite","@id":"https:\/\/bbqassad.ee\/fi\/#website","url":"https:\/\/bbqassad.ee\/fi\/","name":"BBQ \u00c4ssad","description":"BBQ maitseained, kastmed, ahjud","publisher":{"@id":"https:\/\/bbqassad.ee\/fi\/#organization"},"potentialAction":[{"@type":"SearchAction","target":{"@type":"EntryPoint","urlTemplate":"https:\/\/bbqassad.ee\/fi\/?s={search_term_string}"},"query-input":{"@type":"PropertyValueSpecification","valueRequired":true,"valueName":"search_term_string"}}],"inLanguage":"fi"},{"@type":"Organization","@id":"https:\/\/bbqassad.ee\/fi\/#organization","name":"BBQ \u00c4ssad","url":"https:\/\/bbqassad.ee\/fi\/","logo":{"@type":"ImageObject","inLanguage":"fi","@id":"https:\/\/bbqassad.ee\/fi\/#\/schema\/logo\/image\/","url":"https:\/\/bbqassad.ee\/wp-content\/uploads\/2022\/10\/BBQ-2ssadlogo.png","contentUrl":"https:\/\/bbqassad.ee\/wp-content\/uploads\/2022\/10\/BBQ-2ssadlogo.png","width":1080,"height":1080,"caption":"BBQ \u00c4ssad"},"image":{"@id":"https:\/\/bbqassad.ee\/fi\/#\/schema\/logo\/image\/"},"sameAs":["https:\/\/www.facebook.com\/bbqassad","https:\/\/www.youtube.com\/channel\/UCsoufn49J6TVi9Ah9meE93w"]}]}},"_links":{"self":[{"href":"https:\/\/bbqassad.ee\/fi\/wp-json\/wp\/v2\/product\/22030","targetHints":{"allow":["GET"]}}],"collection":[{"href":"https:\/\/bbqassad.ee\/fi\/wp-json\/wp\/v2\/product"}],"about":[{"href":"https:\/\/bbqassad.ee\/fi\/wp-json\/wp\/v2\/types\/product"}],"replies":[{"embeddable":true,"href":"https:\/\/bbqassad.ee\/fi\/wp-json\/wp\/v2\/comments?post=22030"}],"wp:featuredmedia":[{"embeddable":true,"href":"https:\/\/bbqassad.ee\/fi\/wp-json\/wp\/v2\/media\/13153"}],"wp:attachment":[{"href":"https:\/\/bbqassad.ee\/fi\/wp-json\/wp\/v2\/media?parent=22030"}],"wp:term":[{"taxonomy":"product_brand","embeddable":true,"href":"https:\/\/bbqassad.ee\/fi\/wp-json\/wp\/v2\/product_brand?post=22030"},{"taxonomy":"product_cat","embeddable":true,"href":"https:\/\/bbqassad.ee\/fi\/wp-json\/wp\/v2\/product_cat?post=22030"},{"taxonomy":"product_tag","embeddable":true,"href":"https:\/\/bbqassad.ee\/fi\/wp-json\/wp\/v2\/product_tag?post=22030"}],"curies":[{"name":"wp","href":"https:\/\/api.w.org\/{rel}","templated":true}]}}