{"id":22017,"date":"2026-02-23T15:05:19","date_gmt":"2026-02-23T15:05:19","guid":{"rendered":"https:\/\/bbqassad.ee\/toode\/napoleon-rogue-rse625sibpss-kaasugrilli-keraamisella-ritilalla-ja-tankopolttimella-ruostumaton-teras\/"},"modified":"2026-04-14T06:32:33","modified_gmt":"2026-04-14T06:32:33","slug":"napoleon-rogue-rse625sibpss-kaasugrilli-keraamisella-ritilalla-ja-tankopolttimella-ruostumaton-teras","status":"publish","type":"product","link":"https:\/\/bbqassad.ee\/fi\/toode\/napoleon-rogue-rse625sibpss-kaasugrilli-keraamisella-ritilalla-ja-tankopolttimella-ruostumaton-teras\/","title":{"rendered":"Napoleon Rogue RSE625SIBPSS kaasugrilli keraamisella ritil\u00e4ll\u00e4 ja tankopolttimella (ruostumaton ter\u00e4s)"},"content":{"rendered":"<p>Napoleon Rogue RSE625SIBPSS on ainutlaatuinen, Kanadassa valmistettu huippulaadukas kaasugrilli, jossa on harkittuja komponentteja. Grilliss\u00e4 yhdistyv\u00e4t klassinen putkipolttimotekniikka, keraaminen infrapunapoltin sivupolttimessa ja keraaminen sauvapoltin takapolttimessa. Grilli on suunniteltu sek\u00e4 suoraa ett\u00e4 ep\u00e4suoraa kypsent\u00e4mist\u00e4 varten. Napoleon Rogue RSE625SIBPSS -kaasugrillin ominaisuudet. Ihanteellinen naudanlihan nopeaan kypsent\u00e4miseen. K\u00e4yt\u00e4nn\u00f6llisesti katsoen huoltovapaa, koska tippuva rasva haihtuu v\u00e4litt\u00f6m\u00e4sti. Grillauspinnan takaosassa oleva keraaminen poltin, jota voidaan k\u00e4ytt\u00e4\u00e4 rotisserie-grillaukseen tai \u00e4killisiin l\u00e4mp\u00f6tilanvaihteluihin grillin uuniosassa. Tanko on lis\u00e4varuste ja se voidaan ostaa erikseen. &#8211; Kahdeksan ruostumattomasta ter\u00e4ksest\u00e4 valmistettua poltinta\/l\u00e4mm\u00f6njakajia &#8211; Ruostumattomasta ter\u00e4ksest\u00e4 valmistetut sivutelineet grillaustarvikkeille, p\u00e4\u00e4dyss\u00e4 ripustuskoukut &#8211; Ruostumattomasta ter\u00e4ksest\u00e4 valmistettu kulho, musta emalipintainen, kaksinkertainen &#8211; Ruostumattomasta ter\u00e4ksest\u00e4 valmistetut WAVE\u2122-grillaustelineet, joissa l\u00e4mp\u00f6tila jakautuu tasaisesti &#8211; Suuri ja selke\u00e4 grillausl\u00e4mp\u00f6mittari &#8211; Kahden luukun kaappi tarvikkeiden s\u00e4ilytyst\u00e4 varten &#8211; Nelj\u00e4 laadukasta lukittavaa py\u00f6riv\u00e4\u00e4 s\u00e4\u00e4t\u00f6nuppia &#8211; Sivussa oleva maustehylly, jossa on kolme vapaasti valittavissa olevaa korkeutta. &#8211; Erillinen rasvatipataso, edest\u00e4 avattava &#8211; Valaistut s\u00e4\u00e4t\u00f6nupit &#8211; Olutpullonavaaja etupaneelin sivussa &#8211; Grillipolttimilla on Napoleonin rajoitettu 15 vuoden takuu Tekniset tiedot: &#8211; Kokonaisteho 30,25 kw &#8211; 5 eritt\u00e4in korkealaatuista ruostumattomasta ter\u00e4ksest\u00e4 valmistettua poltinta (20,75 kw) &#8211; JET FIRE -kulumaton sytytysj\u00e4rjestelm\u00e4, jossa kaasuliekki ohjataan polttimelle erillisest\u00e4 sytyttimest\u00e4. &#8211; Keraaminen infrapunapoltin sivupoltin (4kW) n. 24x37cm &#8211; Keraaminen k\u00e4\u00e4nnett\u00e4v\u00e4 takapoltin (5kW) &#8211; Elektroninen automaattisytytys &#8211; Mitat (cm): L168 x L123 x S64 &#8211; Grillausalue n. 88\u00d746cm &#8211; Paino 80kg &#8211; Pakkauksen mitat (cm): 68 x 77 x 63 &#8211; Made in Canada https:\/\/youtu.be\/n29l1LZY5Ek              <a href=\"https:\/\/bbqentertainment.com\/wp-content\/uploads\/2024\/01\/15-year-bumper-to-bumper-EN.png\"><img decoding=\"async\" class=\"alignleft size-full wp-image-244027\" src=\"https:\/\/bbqentertainment.com\/wp-content\/uploads\/2024\/01\/15-year-bumper-to-bumper-EN.png\" alt=\"\" width=\"220\" height=\"220\"><\/a><\/p>\n","protected":false},"excerpt":{"rendered":"<div class=\"woocommerce-product-details__short-description\">\n<h3><strong>Napoleon Rogue RSE625SIBPSS -kaasugrilli, jossa on keraaminen grillilevy ja tankopoltin.<\/strong><\/h3>\n<p>Napoleon Rogue RSE625SIBPSS on tehokas kaasugrilli, jossa on viisi p\u00e4\u00e4polttimoa, keraaminen kiertopoltin ja keraaminen sivupoltin.<\/p>\n<\/div>\n","protected":false},"featured_media":22018,"comment_status":"closed","ping_status":"closed","template":"","meta":[],"product_brand":[768],"product_cat":[786,781],"product_tag":[],"class_list":{"0":"post-22017","1":"product","2":"type-product","3":"status-publish","4":"has-post-thumbnail","6":"product_brand-napoleon","7":"product_cat-napoleonin-kaasugrillit","8":"product_cat-uunit","9":"product_shipping_class-ilmainen-toimitus","11":"first","12":"instock","13":"taxable","14":"shipping-taxable","15":"purchasable","16":"product-type-simple"},"yoast_head":"<!-- This site is optimized with the Yoast SEO plugin v27.4 - https:\/\/yoast.com\/product\/yoast-seo-wordpress\/ -->\n<title>Napoleon Rogue RSE625SIBPSS kaasugrilli - BBQ \u00c4ssad%<\/title>\n<meta name=\"description\" content=\"Napoleon Rogue RSE625SIBPSS on kaasugrilli, jossa on viisi p\u00e4\u00e4polttimoa, keraaminen kiertopoltin ja keraaminen sivupoltin, jotka sopivat erinomaisesti grillaamiseen.\" \/>\n<meta name=\"robots\" content=\"index, follow, max-snippet:-1, max-image-preview:large, max-video-preview:-1\" \/>\n<link rel=\"canonical\" href=\"https:\/\/bbqassad.ee\/fi\/toode\/napoleon-rogue-rse625sibpss-kaasugrilli-keraamisella-ritilalla-ja-tankopolttimella-ruostumaton-teras\/\" \/>\n<meta property=\"og:locale\" content=\"fi_FI\" \/>\n<meta property=\"og:type\" content=\"article\" \/>\n<meta property=\"og:title\" content=\"Napoleon Rogue RSE625SIBPSS kaasugrilli - BBQ \u00c4ssad%\" \/>\n<meta property=\"og:description\" content=\"Napoleon Rogue RSE625SIBPSS on kaasugrilli, jossa on viisi p\u00e4\u00e4polttimoa, keraaminen kiertopoltin ja keraaminen sivupoltin, jotka sopivat erinomaisesti grillaamiseen.\" \/>\n<meta property=\"og:url\" content=\"https:\/\/bbqassad.ee\/fi\/toode\/napoleon-rogue-rse625sibpss-kaasugrilli-keraamisella-ritilalla-ja-tankopolttimella-ruostumaton-teras\/\" \/>\n<meta property=\"og:site_name\" content=\"BBQ \u00c4ssad\" \/>\n<meta property=\"article:publisher\" content=\"https:\/\/www.facebook.com\/bbqassad\" \/>\n<meta property=\"article:modified_time\" content=\"2026-04-14T06:32:33+00:00\" \/>\n<meta property=\"og:image\" content=\"https:\/\/bbqassad.ee\/wp-content\/uploads\/2026\/02\/BBQ-Entertainment-RSE625RSIBPSS-9.jpg\" \/>\n<meta name=\"twitter:card\" content=\"summary_large_image\" \/>\n<meta name=\"twitter:title\" content=\"Napoleon Rogue RSE625SIBPSS kaasugrilli - BBQ \u00c4ssad%\" \/>\n<meta name=\"twitter:description\" content=\"Napoleon Rogue RSE625SIBPSS on kaasugrilli, jossa on viisi p\u00e4\u00e4polttimoa, keraaminen kiertopoltin ja keraaminen sivupoltin, jotka sopivat erinomaisesti grillaamiseen.\" \/>\n<meta name=\"twitter:image\" content=\"https:\/\/bbqassad.ee\/wp-content\/uploads\/2026\/02\/BBQ-Entertainment-RSE625RSIBPSS-9.jpg\" \/>\n<meta name=\"twitter:label1\" content=\"Arvioitu lukuaika\" \/>\n\t<meta name=\"twitter:data1\" content=\"1 minuutti\" \/>\n<script type=\"application\/ld+json\" class=\"yoast-schema-graph\">{\"@context\":\"https:\\\/\\\/schema.org\",\"@graph\":[{\"@type\":\"WebPage\",\"@id\":\"https:\\\/\\\/bbqassad.ee\\\/fi\\\/toode\\\/napoleon-rogue-rse625sibpss-kaasugrilli-keraamisella-ritilalla-ja-tankopolttimella-ruostumaton-teras\\\/\",\"url\":\"https:\\\/\\\/bbqassad.ee\\\/fi\\\/toode\\\/napoleon-rogue-rse625sibpss-kaasugrilli-keraamisella-ritilalla-ja-tankopolttimella-ruostumaton-teras\\\/\",\"name\":\"Napoleon Rogue RSE625SIBPSS kaasugrilli - BBQ \u00c4ssad%\",\"isPartOf\":{\"@id\":\"https:\\\/\\\/bbqassad.ee\\\/fi\\\/#website\"},\"primaryImageOfPage\":{\"@id\":\"https:\\\/\\\/bbqassad.ee\\\/fi\\\/toode\\\/napoleon-rogue-rse625sibpss-kaasugrilli-keraamisella-ritilalla-ja-tankopolttimella-ruostumaton-teras\\\/#primaryimage\"},\"image\":{\"@id\":\"https:\\\/\\\/bbqassad.ee\\\/fi\\\/toode\\\/napoleon-rogue-rse625sibpss-kaasugrilli-keraamisella-ritilalla-ja-tankopolttimella-ruostumaton-teras\\\/#primaryimage\"},\"thumbnailUrl\":\"https:\\\/\\\/bbqassad.ee\\\/wp-content\\\/uploads\\\/2026\\\/02\\\/BBQ-Entertainment-RSE625RSIBPSS-9.jpg\",\"datePublished\":\"2026-02-23T15:05:19+00:00\",\"dateModified\":\"2026-04-14T06:32:33+00:00\",\"description\":\"Napoleon Rogue RSE625SIBPSS on kaasugrilli, jossa on viisi p\u00e4\u00e4polttimoa, keraaminen kiertopoltin ja keraaminen sivupoltin, jotka sopivat erinomaisesti grillaamiseen.\",\"breadcrumb\":{\"@id\":\"https:\\\/\\\/bbqassad.ee\\\/fi\\\/toode\\\/napoleon-rogue-rse625sibpss-kaasugrilli-keraamisella-ritilalla-ja-tankopolttimella-ruostumaton-teras\\\/#breadcrumb\"},\"inLanguage\":\"fi\",\"potentialAction\":[{\"@type\":\"ReadAction\",\"target\":[\"https:\\\/\\\/bbqassad.ee\\\/fi\\\/toode\\\/napoleon-rogue-rse625sibpss-kaasugrilli-keraamisella-ritilalla-ja-tankopolttimella-ruostumaton-teras\\\/\"]}]},{\"@type\":\"ImageObject\",\"inLanguage\":\"fi\",\"@id\":\"https:\\\/\\\/bbqassad.ee\\\/fi\\\/toode\\\/napoleon-rogue-rse625sibpss-kaasugrilli-keraamisella-ritilalla-ja-tankopolttimella-ruostumaton-teras\\\/#primaryimage\",\"url\":\"https:\\\/\\\/bbqassad.ee\\\/wp-content\\\/uploads\\\/2026\\\/02\\\/BBQ-Entertainment-RSE625RSIBPSS-9.jpg\",\"contentUrl\":\"https:\\\/\\\/bbqassad.ee\\\/wp-content\\\/uploads\\\/2026\\\/02\\\/BBQ-Entertainment-RSE625RSIBPSS-9.jpg\",\"width\":1118,\"height\":1118},{\"@type\":\"BreadcrumbList\",\"@id\":\"https:\\\/\\\/bbqassad.ee\\\/fi\\\/toode\\\/napoleon-rogue-rse625sibpss-kaasugrilli-keraamisella-ritilalla-ja-tankopolttimella-ruostumaton-teras\\\/#breadcrumb\",\"itemListElement\":[{\"@type\":\"ListItem\",\"position\":1,\"name\":\"Home\",\"item\":\"https:\\\/\\\/bbqassad.ee\\\/fi\\\/bbq-assat\\\/\"},{\"@type\":\"ListItem\",\"position\":2,\"name\":\"Verkkokauppa\",\"item\":\"https:\\\/\\\/bbqassad.ee\\\/fi\\\/verkkokauppa\\\/\"},{\"@type\":\"ListItem\",\"position\":3,\"name\":\"Napoleon Rogue RSE625SIBPSS kaasugrilli keraamisella ritil\u00e4ll\u00e4 ja tankopolttimella (ruostumaton ter\u00e4s)\"}]},{\"@type\":\"WebSite\",\"@id\":\"https:\\\/\\\/bbqassad.ee\\\/fi\\\/#website\",\"url\":\"https:\\\/\\\/bbqassad.ee\\\/fi\\\/\",\"name\":\"BBQ \u00c4ssad\",\"description\":\"BBQ maitseained, kastmed, ahjud\",\"publisher\":{\"@id\":\"https:\\\/\\\/bbqassad.ee\\\/fi\\\/#organization\"},\"potentialAction\":[{\"@type\":\"SearchAction\",\"target\":{\"@type\":\"EntryPoint\",\"urlTemplate\":\"https:\\\/\\\/bbqassad.ee\\\/fi\\\/?s={search_term_string}\"},\"query-input\":{\"@type\":\"PropertyValueSpecification\",\"valueRequired\":true,\"valueName\":\"search_term_string\"}}],\"inLanguage\":\"fi\"},{\"@type\":\"Organization\",\"@id\":\"https:\\\/\\\/bbqassad.ee\\\/fi\\\/#organization\",\"name\":\"BBQ \u00c4ssad\",\"url\":\"https:\\\/\\\/bbqassad.ee\\\/fi\\\/\",\"logo\":{\"@type\":\"ImageObject\",\"inLanguage\":\"fi\",\"@id\":\"https:\\\/\\\/bbqassad.ee\\\/fi\\\/#\\\/schema\\\/logo\\\/image\\\/\",\"url\":\"https:\\\/\\\/bbqassad.ee\\\/wp-content\\\/uploads\\\/2022\\\/10\\\/BBQ-2ssadlogo.png\",\"contentUrl\":\"https:\\\/\\\/bbqassad.ee\\\/wp-content\\\/uploads\\\/2022\\\/10\\\/BBQ-2ssadlogo.png\",\"width\":1080,\"height\":1080,\"caption\":\"BBQ \u00c4ssad\"},\"image\":{\"@id\":\"https:\\\/\\\/bbqassad.ee\\\/fi\\\/#\\\/schema\\\/logo\\\/image\\\/\"},\"sameAs\":[\"https:\\\/\\\/www.facebook.com\\\/bbqassad\",\"https:\\\/\\\/www.youtube.com\\\/channel\\\/UCsoufn49J6TVi9Ah9meE93w\"]}]}<\/script>\n<!-- \/ Yoast SEO plugin. -->","yoast_head_json":{"title":"Napoleon Rogue RSE625SIBPSS kaasugrilli - BBQ \u00c4ssad%","description":"Napoleon Rogue RSE625SIBPSS on kaasugrilli, jossa on viisi p\u00e4\u00e4polttimoa, keraaminen kiertopoltin ja keraaminen sivupoltin, jotka sopivat erinomaisesti grillaamiseen.","robots":{"index":"index","follow":"follow","max-snippet":"max-snippet:-1","max-image-preview":"max-image-preview:large","max-video-preview":"max-video-preview:-1"},"canonical":"https:\/\/bbqassad.ee\/fi\/toode\/napoleon-rogue-rse625sibpss-kaasugrilli-keraamisella-ritilalla-ja-tankopolttimella-ruostumaton-teras\/","og_locale":"fi_FI","og_type":"article","og_title":"Napoleon Rogue RSE625SIBPSS kaasugrilli - BBQ \u00c4ssad%","og_description":"Napoleon Rogue RSE625SIBPSS on kaasugrilli, jossa on viisi p\u00e4\u00e4polttimoa, keraaminen kiertopoltin ja keraaminen sivupoltin, jotka sopivat erinomaisesti grillaamiseen.","og_url":"https:\/\/bbqassad.ee\/fi\/toode\/napoleon-rogue-rse625sibpss-kaasugrilli-keraamisella-ritilalla-ja-tankopolttimella-ruostumaton-teras\/","og_site_name":"BBQ \u00c4ssad","article_publisher":"https:\/\/www.facebook.com\/bbqassad","article_modified_time":"2026-04-14T06:32:33+00:00","og_image":[{"url":"https:\/\/bbqassad.ee\/wp-content\/uploads\/2026\/02\/BBQ-Entertainment-RSE625RSIBPSS-9.jpg","type":"","width":"","height":""}],"twitter_card":"summary_large_image","twitter_title":"Napoleon Rogue RSE625SIBPSS kaasugrilli - BBQ \u00c4ssad%","twitter_description":"Napoleon Rogue RSE625SIBPSS on kaasugrilli, jossa on viisi p\u00e4\u00e4polttimoa, keraaminen kiertopoltin ja keraaminen sivupoltin, jotka sopivat erinomaisesti grillaamiseen.","twitter_image":"https:\/\/bbqassad.ee\/wp-content\/uploads\/2026\/02\/BBQ-Entertainment-RSE625RSIBPSS-9.jpg","twitter_misc":{"Arvioitu lukuaika":"1 minuutti"},"schema":{"@context":"https:\/\/schema.org","@graph":[{"@type":"WebPage","@id":"https:\/\/bbqassad.ee\/fi\/toode\/napoleon-rogue-rse625sibpss-kaasugrilli-keraamisella-ritilalla-ja-tankopolttimella-ruostumaton-teras\/","url":"https:\/\/bbqassad.ee\/fi\/toode\/napoleon-rogue-rse625sibpss-kaasugrilli-keraamisella-ritilalla-ja-tankopolttimella-ruostumaton-teras\/","name":"Napoleon Rogue RSE625SIBPSS kaasugrilli - BBQ \u00c4ssad%","isPartOf":{"@id":"https:\/\/bbqassad.ee\/fi\/#website"},"primaryImageOfPage":{"@id":"https:\/\/bbqassad.ee\/fi\/toode\/napoleon-rogue-rse625sibpss-kaasugrilli-keraamisella-ritilalla-ja-tankopolttimella-ruostumaton-teras\/#primaryimage"},"image":{"@id":"https:\/\/bbqassad.ee\/fi\/toode\/napoleon-rogue-rse625sibpss-kaasugrilli-keraamisella-ritilalla-ja-tankopolttimella-ruostumaton-teras\/#primaryimage"},"thumbnailUrl":"https:\/\/bbqassad.ee\/wp-content\/uploads\/2026\/02\/BBQ-Entertainment-RSE625RSIBPSS-9.jpg","datePublished":"2026-02-23T15:05:19+00:00","dateModified":"2026-04-14T06:32:33+00:00","description":"Napoleon Rogue RSE625SIBPSS on kaasugrilli, jossa on viisi p\u00e4\u00e4polttimoa, keraaminen kiertopoltin ja keraaminen sivupoltin, jotka sopivat erinomaisesti grillaamiseen.","breadcrumb":{"@id":"https:\/\/bbqassad.ee\/fi\/toode\/napoleon-rogue-rse625sibpss-kaasugrilli-keraamisella-ritilalla-ja-tankopolttimella-ruostumaton-teras\/#breadcrumb"},"inLanguage":"fi","potentialAction":[{"@type":"ReadAction","target":["https:\/\/bbqassad.ee\/fi\/toode\/napoleon-rogue-rse625sibpss-kaasugrilli-keraamisella-ritilalla-ja-tankopolttimella-ruostumaton-teras\/"]}]},{"@type":"ImageObject","inLanguage":"fi","@id":"https:\/\/bbqassad.ee\/fi\/toode\/napoleon-rogue-rse625sibpss-kaasugrilli-keraamisella-ritilalla-ja-tankopolttimella-ruostumaton-teras\/#primaryimage","url":"https:\/\/bbqassad.ee\/wp-content\/uploads\/2026\/02\/BBQ-Entertainment-RSE625RSIBPSS-9.jpg","contentUrl":"https:\/\/bbqassad.ee\/wp-content\/uploads\/2026\/02\/BBQ-Entertainment-RSE625RSIBPSS-9.jpg","width":1118,"height":1118},{"@type":"BreadcrumbList","@id":"https:\/\/bbqassad.ee\/fi\/toode\/napoleon-rogue-rse625sibpss-kaasugrilli-keraamisella-ritilalla-ja-tankopolttimella-ruostumaton-teras\/#breadcrumb","itemListElement":[{"@type":"ListItem","position":1,"name":"Home","item":"https:\/\/bbqassad.ee\/fi\/bbq-assat\/"},{"@type":"ListItem","position":2,"name":"Verkkokauppa","item":"https:\/\/bbqassad.ee\/fi\/verkkokauppa\/"},{"@type":"ListItem","position":3,"name":"Napoleon Rogue RSE625SIBPSS kaasugrilli keraamisella ritil\u00e4ll\u00e4 ja tankopolttimella (ruostumaton ter\u00e4s)"}]},{"@type":"WebSite","@id":"https:\/\/bbqassad.ee\/fi\/#website","url":"https:\/\/bbqassad.ee\/fi\/","name":"BBQ \u00c4ssad","description":"BBQ maitseained, kastmed, ahjud","publisher":{"@id":"https:\/\/bbqassad.ee\/fi\/#organization"},"potentialAction":[{"@type":"SearchAction","target":{"@type":"EntryPoint","urlTemplate":"https:\/\/bbqassad.ee\/fi\/?s={search_term_string}"},"query-input":{"@type":"PropertyValueSpecification","valueRequired":true,"valueName":"search_term_string"}}],"inLanguage":"fi"},{"@type":"Organization","@id":"https:\/\/bbqassad.ee\/fi\/#organization","name":"BBQ \u00c4ssad","url":"https:\/\/bbqassad.ee\/fi\/","logo":{"@type":"ImageObject","inLanguage":"fi","@id":"https:\/\/bbqassad.ee\/fi\/#\/schema\/logo\/image\/","url":"https:\/\/bbqassad.ee\/wp-content\/uploads\/2022\/10\/BBQ-2ssadlogo.png","contentUrl":"https:\/\/bbqassad.ee\/wp-content\/uploads\/2022\/10\/BBQ-2ssadlogo.png","width":1080,"height":1080,"caption":"BBQ \u00c4ssad"},"image":{"@id":"https:\/\/bbqassad.ee\/fi\/#\/schema\/logo\/image\/"},"sameAs":["https:\/\/www.facebook.com\/bbqassad","https:\/\/www.youtube.com\/channel\/UCsoufn49J6TVi9Ah9meE93w"]}]}},"_links":{"self":[{"href":"https:\/\/bbqassad.ee\/fi\/wp-json\/wp\/v2\/product\/22017","targetHints":{"allow":["GET"]}}],"collection":[{"href":"https:\/\/bbqassad.ee\/fi\/wp-json\/wp\/v2\/product"}],"about":[{"href":"https:\/\/bbqassad.ee\/fi\/wp-json\/wp\/v2\/types\/product"}],"replies":[{"embeddable":true,"href":"https:\/\/bbqassad.ee\/fi\/wp-json\/wp\/v2\/comments?post=22017"}],"wp:featuredmedia":[{"embeddable":true,"href":"https:\/\/bbqassad.ee\/fi\/wp-json\/wp\/v2\/media\/22018"}],"wp:attachment":[{"href":"https:\/\/bbqassad.ee\/fi\/wp-json\/wp\/v2\/media?parent=22017"}],"wp:term":[{"taxonomy":"product_brand","embeddable":true,"href":"https:\/\/bbqassad.ee\/fi\/wp-json\/wp\/v2\/product_brand?post=22017"},{"taxonomy":"product_cat","embeddable":true,"href":"https:\/\/bbqassad.ee\/fi\/wp-json\/wp\/v2\/product_cat?post=22017"},{"taxonomy":"product_tag","embeddable":true,"href":"https:\/\/bbqassad.ee\/fi\/wp-json\/wp\/v2\/product_tag?post=22017"}],"curies":[{"name":"wp","href":"https:\/\/api.w.org\/{rel}","templated":true}]}}