{"id":22008,"date":"2026-02-23T15:05:19","date_gmt":"2026-02-23T15:05:19","guid":{"rendered":"https:\/\/bbqassad.ee\/toode\/napoleon-rogue-rse525sibpss-kaasugrilli-keraamisella-ritilalla-ja-tankopolttimella-ruostumaton-teras\/"},"modified":"2026-04-14T06:32:33","modified_gmt":"2026-04-14T06:32:33","slug":"napoleon-rogue-rse525sibpss-kaasugrilli-keraamisella-ritilalla-ja-tankopolttimella-ruostumaton-teras","status":"publish","type":"product","link":"https:\/\/bbqassad.ee\/fi\/toode\/napoleon-rogue-rse525sibpss-kaasugrilli-keraamisella-ritilalla-ja-tankopolttimella-ruostumaton-teras\/","title":{"rendered":"Napoleon Rogue RSE525SIBPSS kaasugrilli keraamisella ritil\u00e4ll\u00e4 ja tankopolttimella (ruostumaton ter\u00e4s)"},"content":{"rendered":"<p>Napoleon Rogue RSE6525SIBPSS on ainutlaatuinen kaasugrilli, jossa on hyvin suunniteltuja komponentteja ja huippulaatua. Grilliss\u00e4 yhdistyv\u00e4t klassinen putkipolttimotekniikka, keraaminen infrapunapoltin sivupolttimessa ja kanavoitu poltin takana. Grilli on suunniteltu sek\u00e4 suoraan ett\u00e4 ep\u00e4suoraan ruoanvalmistukseen. Napoleon Rogue RSE525SIBPSS -kaasugrillin ominaisuudet. Ihanteellinen naudanlihan nopeaan paahtamiseen. L\u00e4hes huoltovapaa, koska tippuva rasva haihtuu v\u00e4litt\u00f6m\u00e4sti. Erityinen kanavapoltin grillauspinnan takaosassa, jota voidaan k\u00e4ytt\u00e4\u00e4 rotisserie-grillaukseen tai \u00e4killisiin l\u00e4mp\u00f6tilanvaihteluihin grillin uuniosassa. Tanko on lis\u00e4varuste ja se voidaan ostaa erikseen. &#8211; Kuusi ruostumattomasta ter\u00e4ksest\u00e4 valmistettua poltinta\/l\u00e4mm\u00f6njakajia &#8211; Ruostumattomasta ter\u00e4ksest\u00e4 valmistetut sivutelineet grillaustarvikkeille, joissa on ripustuskoukut p\u00e4\u00e4dyss\u00e4 &#8211; Ruostumattomasta ter\u00e4ksest\u00e4 valmistettu, mustaksi emaloitu, kaksinkertainen teline &#8211; Ruostumattomasta ter\u00e4ksest\u00e4 valmistetut WAVE\u2122-grilliritil\u00e4t, joissa on tasainen l\u00e4mp\u00f6tilan jakautuminen &#8211; Suuri ja selke\u00e4 grillausl\u00e4mp\u00f6mittari &#8211; Kahden luukun kaappi tarvikkeiden s\u00e4ilytykseen &#8211; 4 korkealaatuista lukittavaa py\u00f6riv\u00e4\u00e4 py\u00f6r\u00e4\u00e4 &#8211; Sivussa oleva maustehylly, jossa on kolme vapaasti valittavissa olevaa korkeutta. &#8211; Erillinen rasvanerotuskaukalo folioinsertill\u00e4, edest\u00e4 avattava &#8211; Valaistut s\u00e4\u00e4t\u00f6nupit &#8211; Olutpullonavaaja etupaneelin sivussa &#8211; Grillipolttimille my\u00f6nnet\u00e4\u00e4n Napoleon Limitedin 15 vuoden takuu Tekniset tiedot: &#8211; Kokonaisteho 26,1kW &#8211; 4 eritt\u00e4in korkealaatuista ruostumattomasta ter\u00e4ksest\u00e4 valmistettua poltinta (16,6kW) &#8211; JET FIRE kulumaton sytytysj\u00e4rjestelm\u00e4, jossa kaasuliekki ohjataan polttimelle erillisest\u00e4 sytyttimest\u00e4. &#8211; Keraaminen infrapunapoltin sivupoltin (4,5kW) n. 24x37cm, jossa s\u00e4\u00e4dett\u00e4v\u00e4n korkuinen valurautaristikko &#8211; K\u00e4\u00e4nnett\u00e4v\u00e4t polttimen takasein\u00e4t (5kW) &#8211; Elektroninen JET FIRE\u2122 -sytytysautomatiikka &#8211; Mitat (cm): L144 x L123 x S64 &#8211; Grillausalue n. 72\u00d746cm &#8211; Paino 80kg &#8211; Pakkauksen mitat (cm): 110 x 77 x 70 <strong>VIDEO<\/strong>: https:\/\/youtu.be\/SMVh4iCXgH0.               <a href=\"https:\/\/bbqentertainment.com\/wp-content\/uploads\/2024\/01\/15-year-bumper-to-bumper-EN.png\"><img decoding=\"async\" class=\"alignleft size-full wp-image-244027\" src=\"https:\/\/bbqentertainment.com\/wp-content\/uploads\/2024\/01\/15-year-bumper-to-bumper-EN.png\" alt=\"\" width=\"220\" height=\"220\"><\/a><\/p>\n","protected":false},"excerpt":{"rendered":"<div class=\"woocommerce-product-details__short-description\">\n<h3><strong>Napoleon Rogue RSE525SIBPSS -kaasugrilli, jossa on keraaminen grillilevy ja tankopoltin<\/strong><\/h3>\n<p>Napoleon Rogue RSE525SIBPSS on tehokas kaasugrilli, jossa on nelj\u00e4 p\u00e4\u00e4polttimoa, keraaminen kiertopoltin ja keraaminen sivupoltin ruostumattomasta ter\u00e4ksest\u00e4 valmistetuilla ritil\u00f6ill\u00e4.<\/p>\n<\/div>\n","protected":false},"featured_media":22009,"comment_status":"closed","ping_status":"closed","template":"","meta":[],"product_brand":[768],"product_cat":[786,781],"product_tag":[],"class_list":{"0":"post-22008","1":"product","2":"type-product","3":"status-publish","4":"has-post-thumbnail","6":"product_brand-napoleon","7":"product_cat-napoleonin-kaasugrillit","8":"product_cat-uunit","9":"product_shipping_class-ilmainen-toimitus","11":"first","12":"instock","13":"taxable","14":"shipping-taxable","15":"purchasable","16":"product-type-simple"},"yoast_head":"<!-- This site is optimized with the Yoast SEO plugin v27.4 - https:\/\/yoast.com\/product\/yoast-seo-wordpress\/ -->\n<title>Napoleon Rogue RSE525SIBPSS kaasugrilli - BBQ \u00c4ssad%<\/title>\n<meta name=\"description\" content=\"Napoleon Rogue RSE525SIBPSS on kaasugrilli, jossa on nelj\u00e4 p\u00e4\u00e4polttimoa, keraaminen kiertopoltin ja keraaminen sivupoltin ruostumattomasta ter\u00e4ksest\u00e4 valmistetuilla ritil\u00f6ill\u00e4.\" \/>\n<meta name=\"robots\" content=\"index, follow, max-snippet:-1, max-image-preview:large, max-video-preview:-1\" \/>\n<link rel=\"canonical\" href=\"https:\/\/bbqassad.ee\/fi\/toode\/napoleon-rogue-rse525sibpss-kaasugrilli-keraamisella-ritilalla-ja-tankopolttimella-ruostumaton-teras\/\" \/>\n<meta property=\"og:locale\" content=\"fi_FI\" \/>\n<meta property=\"og:type\" content=\"article\" \/>\n<meta property=\"og:title\" content=\"Napoleon Rogue RSE525SIBPSS kaasugrilli - BBQ \u00c4ssad%\" \/>\n<meta property=\"og:description\" content=\"Napoleon Rogue RSE525SIBPSS on kaasugrilli, jossa on nelj\u00e4 p\u00e4\u00e4polttimoa, keraaminen kiertopoltin ja keraaminen sivupoltin ruostumattomasta ter\u00e4ksest\u00e4 valmistetuilla ritil\u00f6ill\u00e4.\" \/>\n<meta property=\"og:url\" content=\"https:\/\/bbqassad.ee\/fi\/toode\/napoleon-rogue-rse525sibpss-kaasugrilli-keraamisella-ritilalla-ja-tankopolttimella-ruostumaton-teras\/\" \/>\n<meta property=\"og:site_name\" content=\"BBQ \u00c4ssad\" \/>\n<meta property=\"article:publisher\" content=\"https:\/\/www.facebook.com\/bbqassad\" \/>\n<meta property=\"article:modified_time\" content=\"2026-04-14T06:32:33+00:00\" \/>\n<meta property=\"og:image\" content=\"https:\/\/bbqassad.ee\/wp-content\/uploads\/2026\/02\/BBQ-Entertainment-RSE525RSIBPSS-8.jpg\" \/>\n<meta name=\"twitter:card\" content=\"summary_large_image\" \/>\n<meta name=\"twitter:title\" content=\"Napoleon Rogue RSE525SIBPSS kaasugrilli - BBQ \u00c4ssad%\" \/>\n<meta name=\"twitter:description\" content=\"Napoleon Rogue RSE525SIBPSS on kaasugrilli, jossa on nelj\u00e4 p\u00e4\u00e4polttimoa, keraaminen kiertopoltin ja keraaminen sivupoltin ruostumattomasta ter\u00e4ksest\u00e4 valmistetuilla ritil\u00f6ill\u00e4.\" \/>\n<meta name=\"twitter:image\" content=\"https:\/\/bbqassad.ee\/wp-content\/uploads\/2026\/02\/BBQ-Entertainment-RSE525RSIBPSS-8.jpg\" \/>\n<meta name=\"twitter:label1\" content=\"Arvioitu lukuaika\" \/>\n\t<meta name=\"twitter:data1\" content=\"1 minuutti\" \/>\n<script type=\"application\/ld+json\" class=\"yoast-schema-graph\">{\"@context\":\"https:\\\/\\\/schema.org\",\"@graph\":[{\"@type\":\"WebPage\",\"@id\":\"https:\\\/\\\/bbqassad.ee\\\/fi\\\/toode\\\/napoleon-rogue-rse525sibpss-kaasugrilli-keraamisella-ritilalla-ja-tankopolttimella-ruostumaton-teras\\\/\",\"url\":\"https:\\\/\\\/bbqassad.ee\\\/fi\\\/toode\\\/napoleon-rogue-rse525sibpss-kaasugrilli-keraamisella-ritilalla-ja-tankopolttimella-ruostumaton-teras\\\/\",\"name\":\"Napoleon Rogue RSE525SIBPSS kaasugrilli - BBQ \u00c4ssad%\",\"isPartOf\":{\"@id\":\"https:\\\/\\\/bbqassad.ee\\\/fi\\\/#website\"},\"primaryImageOfPage\":{\"@id\":\"https:\\\/\\\/bbqassad.ee\\\/fi\\\/toode\\\/napoleon-rogue-rse525sibpss-kaasugrilli-keraamisella-ritilalla-ja-tankopolttimella-ruostumaton-teras\\\/#primaryimage\"},\"image\":{\"@id\":\"https:\\\/\\\/bbqassad.ee\\\/fi\\\/toode\\\/napoleon-rogue-rse525sibpss-kaasugrilli-keraamisella-ritilalla-ja-tankopolttimella-ruostumaton-teras\\\/#primaryimage\"},\"thumbnailUrl\":\"https:\\\/\\\/bbqassad.ee\\\/wp-content\\\/uploads\\\/2026\\\/02\\\/BBQ-Entertainment-RSE525RSIBPSS-8.jpg\",\"datePublished\":\"2026-02-23T15:05:19+00:00\",\"dateModified\":\"2026-04-14T06:32:33+00:00\",\"description\":\"Napoleon Rogue RSE525SIBPSS on kaasugrilli, jossa on nelj\u00e4 p\u00e4\u00e4polttimoa, keraaminen kiertopoltin ja keraaminen sivupoltin ruostumattomasta ter\u00e4ksest\u00e4 valmistetuilla ritil\u00f6ill\u00e4.\",\"breadcrumb\":{\"@id\":\"https:\\\/\\\/bbqassad.ee\\\/fi\\\/toode\\\/napoleon-rogue-rse525sibpss-kaasugrilli-keraamisella-ritilalla-ja-tankopolttimella-ruostumaton-teras\\\/#breadcrumb\"},\"inLanguage\":\"fi\",\"potentialAction\":[{\"@type\":\"ReadAction\",\"target\":[\"https:\\\/\\\/bbqassad.ee\\\/fi\\\/toode\\\/napoleon-rogue-rse525sibpss-kaasugrilli-keraamisella-ritilalla-ja-tankopolttimella-ruostumaton-teras\\\/\"]}]},{\"@type\":\"ImageObject\",\"inLanguage\":\"fi\",\"@id\":\"https:\\\/\\\/bbqassad.ee\\\/fi\\\/toode\\\/napoleon-rogue-rse525sibpss-kaasugrilli-keraamisella-ritilalla-ja-tankopolttimella-ruostumaton-teras\\\/#primaryimage\",\"url\":\"https:\\\/\\\/bbqassad.ee\\\/wp-content\\\/uploads\\\/2026\\\/02\\\/BBQ-Entertainment-RSE525RSIBPSS-8.jpg\",\"contentUrl\":\"https:\\\/\\\/bbqassad.ee\\\/wp-content\\\/uploads\\\/2026\\\/02\\\/BBQ-Entertainment-RSE525RSIBPSS-8.jpg\",\"width\":1030,\"height\":1030},{\"@type\":\"BreadcrumbList\",\"@id\":\"https:\\\/\\\/bbqassad.ee\\\/fi\\\/toode\\\/napoleon-rogue-rse525sibpss-kaasugrilli-keraamisella-ritilalla-ja-tankopolttimella-ruostumaton-teras\\\/#breadcrumb\",\"itemListElement\":[{\"@type\":\"ListItem\",\"position\":1,\"name\":\"Home\",\"item\":\"https:\\\/\\\/bbqassad.ee\\\/fi\\\/bbq-assat\\\/\"},{\"@type\":\"ListItem\",\"position\":2,\"name\":\"Verkkokauppa\",\"item\":\"https:\\\/\\\/bbqassad.ee\\\/fi\\\/verkkokauppa\\\/\"},{\"@type\":\"ListItem\",\"position\":3,\"name\":\"Napoleon Rogue RSE525SIBPSS kaasugrilli keraamisella ritil\u00e4ll\u00e4 ja tankopolttimella (ruostumaton ter\u00e4s)\"}]},{\"@type\":\"WebSite\",\"@id\":\"https:\\\/\\\/bbqassad.ee\\\/fi\\\/#website\",\"url\":\"https:\\\/\\\/bbqassad.ee\\\/fi\\\/\",\"name\":\"BBQ \u00c4ssad\",\"description\":\"BBQ maitseained, kastmed, ahjud\",\"publisher\":{\"@id\":\"https:\\\/\\\/bbqassad.ee\\\/fi\\\/#organization\"},\"potentialAction\":[{\"@type\":\"SearchAction\",\"target\":{\"@type\":\"EntryPoint\",\"urlTemplate\":\"https:\\\/\\\/bbqassad.ee\\\/fi\\\/?s={search_term_string}\"},\"query-input\":{\"@type\":\"PropertyValueSpecification\",\"valueRequired\":true,\"valueName\":\"search_term_string\"}}],\"inLanguage\":\"fi\"},{\"@type\":\"Organization\",\"@id\":\"https:\\\/\\\/bbqassad.ee\\\/fi\\\/#organization\",\"name\":\"BBQ \u00c4ssad\",\"url\":\"https:\\\/\\\/bbqassad.ee\\\/fi\\\/\",\"logo\":{\"@type\":\"ImageObject\",\"inLanguage\":\"fi\",\"@id\":\"https:\\\/\\\/bbqassad.ee\\\/fi\\\/#\\\/schema\\\/logo\\\/image\\\/\",\"url\":\"https:\\\/\\\/bbqassad.ee\\\/wp-content\\\/uploads\\\/2022\\\/10\\\/BBQ-2ssadlogo.png\",\"contentUrl\":\"https:\\\/\\\/bbqassad.ee\\\/wp-content\\\/uploads\\\/2022\\\/10\\\/BBQ-2ssadlogo.png\",\"width\":1080,\"height\":1080,\"caption\":\"BBQ \u00c4ssad\"},\"image\":{\"@id\":\"https:\\\/\\\/bbqassad.ee\\\/fi\\\/#\\\/schema\\\/logo\\\/image\\\/\"},\"sameAs\":[\"https:\\\/\\\/www.facebook.com\\\/bbqassad\",\"https:\\\/\\\/www.youtube.com\\\/channel\\\/UCsoufn49J6TVi9Ah9meE93w\"]}]}<\/script>\n<!-- \/ Yoast SEO plugin. -->","yoast_head_json":{"title":"Napoleon Rogue RSE525SIBPSS kaasugrilli - BBQ \u00c4ssad%","description":"Napoleon Rogue RSE525SIBPSS on kaasugrilli, jossa on nelj\u00e4 p\u00e4\u00e4polttimoa, keraaminen kiertopoltin ja keraaminen sivupoltin ruostumattomasta ter\u00e4ksest\u00e4 valmistetuilla ritil\u00f6ill\u00e4.","robots":{"index":"index","follow":"follow","max-snippet":"max-snippet:-1","max-image-preview":"max-image-preview:large","max-video-preview":"max-video-preview:-1"},"canonical":"https:\/\/bbqassad.ee\/fi\/toode\/napoleon-rogue-rse525sibpss-kaasugrilli-keraamisella-ritilalla-ja-tankopolttimella-ruostumaton-teras\/","og_locale":"fi_FI","og_type":"article","og_title":"Napoleon Rogue RSE525SIBPSS kaasugrilli - BBQ \u00c4ssad%","og_description":"Napoleon Rogue RSE525SIBPSS on kaasugrilli, jossa on nelj\u00e4 p\u00e4\u00e4polttimoa, keraaminen kiertopoltin ja keraaminen sivupoltin ruostumattomasta ter\u00e4ksest\u00e4 valmistetuilla ritil\u00f6ill\u00e4.","og_url":"https:\/\/bbqassad.ee\/fi\/toode\/napoleon-rogue-rse525sibpss-kaasugrilli-keraamisella-ritilalla-ja-tankopolttimella-ruostumaton-teras\/","og_site_name":"BBQ \u00c4ssad","article_publisher":"https:\/\/www.facebook.com\/bbqassad","article_modified_time":"2026-04-14T06:32:33+00:00","og_image":[{"url":"https:\/\/bbqassad.ee\/wp-content\/uploads\/2026\/02\/BBQ-Entertainment-RSE525RSIBPSS-8.jpg","type":"","width":"","height":""}],"twitter_card":"summary_large_image","twitter_title":"Napoleon Rogue RSE525SIBPSS kaasugrilli - BBQ \u00c4ssad%","twitter_description":"Napoleon Rogue RSE525SIBPSS on kaasugrilli, jossa on nelj\u00e4 p\u00e4\u00e4polttimoa, keraaminen kiertopoltin ja keraaminen sivupoltin ruostumattomasta ter\u00e4ksest\u00e4 valmistetuilla ritil\u00f6ill\u00e4.","twitter_image":"https:\/\/bbqassad.ee\/wp-content\/uploads\/2026\/02\/BBQ-Entertainment-RSE525RSIBPSS-8.jpg","twitter_misc":{"Arvioitu lukuaika":"1 minuutti"},"schema":{"@context":"https:\/\/schema.org","@graph":[{"@type":"WebPage","@id":"https:\/\/bbqassad.ee\/fi\/toode\/napoleon-rogue-rse525sibpss-kaasugrilli-keraamisella-ritilalla-ja-tankopolttimella-ruostumaton-teras\/","url":"https:\/\/bbqassad.ee\/fi\/toode\/napoleon-rogue-rse525sibpss-kaasugrilli-keraamisella-ritilalla-ja-tankopolttimella-ruostumaton-teras\/","name":"Napoleon Rogue RSE525SIBPSS kaasugrilli - BBQ \u00c4ssad%","isPartOf":{"@id":"https:\/\/bbqassad.ee\/fi\/#website"},"primaryImageOfPage":{"@id":"https:\/\/bbqassad.ee\/fi\/toode\/napoleon-rogue-rse525sibpss-kaasugrilli-keraamisella-ritilalla-ja-tankopolttimella-ruostumaton-teras\/#primaryimage"},"image":{"@id":"https:\/\/bbqassad.ee\/fi\/toode\/napoleon-rogue-rse525sibpss-kaasugrilli-keraamisella-ritilalla-ja-tankopolttimella-ruostumaton-teras\/#primaryimage"},"thumbnailUrl":"https:\/\/bbqassad.ee\/wp-content\/uploads\/2026\/02\/BBQ-Entertainment-RSE525RSIBPSS-8.jpg","datePublished":"2026-02-23T15:05:19+00:00","dateModified":"2026-04-14T06:32:33+00:00","description":"Napoleon Rogue RSE525SIBPSS on kaasugrilli, jossa on nelj\u00e4 p\u00e4\u00e4polttimoa, keraaminen kiertopoltin ja keraaminen sivupoltin ruostumattomasta ter\u00e4ksest\u00e4 valmistetuilla ritil\u00f6ill\u00e4.","breadcrumb":{"@id":"https:\/\/bbqassad.ee\/fi\/toode\/napoleon-rogue-rse525sibpss-kaasugrilli-keraamisella-ritilalla-ja-tankopolttimella-ruostumaton-teras\/#breadcrumb"},"inLanguage":"fi","potentialAction":[{"@type":"ReadAction","target":["https:\/\/bbqassad.ee\/fi\/toode\/napoleon-rogue-rse525sibpss-kaasugrilli-keraamisella-ritilalla-ja-tankopolttimella-ruostumaton-teras\/"]}]},{"@type":"ImageObject","inLanguage":"fi","@id":"https:\/\/bbqassad.ee\/fi\/toode\/napoleon-rogue-rse525sibpss-kaasugrilli-keraamisella-ritilalla-ja-tankopolttimella-ruostumaton-teras\/#primaryimage","url":"https:\/\/bbqassad.ee\/wp-content\/uploads\/2026\/02\/BBQ-Entertainment-RSE525RSIBPSS-8.jpg","contentUrl":"https:\/\/bbqassad.ee\/wp-content\/uploads\/2026\/02\/BBQ-Entertainment-RSE525RSIBPSS-8.jpg","width":1030,"height":1030},{"@type":"BreadcrumbList","@id":"https:\/\/bbqassad.ee\/fi\/toode\/napoleon-rogue-rse525sibpss-kaasugrilli-keraamisella-ritilalla-ja-tankopolttimella-ruostumaton-teras\/#breadcrumb","itemListElement":[{"@type":"ListItem","position":1,"name":"Home","item":"https:\/\/bbqassad.ee\/fi\/bbq-assat\/"},{"@type":"ListItem","position":2,"name":"Verkkokauppa","item":"https:\/\/bbqassad.ee\/fi\/verkkokauppa\/"},{"@type":"ListItem","position":3,"name":"Napoleon Rogue RSE525SIBPSS kaasugrilli keraamisella ritil\u00e4ll\u00e4 ja tankopolttimella (ruostumaton ter\u00e4s)"}]},{"@type":"WebSite","@id":"https:\/\/bbqassad.ee\/fi\/#website","url":"https:\/\/bbqassad.ee\/fi\/","name":"BBQ \u00c4ssad","description":"BBQ maitseained, kastmed, ahjud","publisher":{"@id":"https:\/\/bbqassad.ee\/fi\/#organization"},"potentialAction":[{"@type":"SearchAction","target":{"@type":"EntryPoint","urlTemplate":"https:\/\/bbqassad.ee\/fi\/?s={search_term_string}"},"query-input":{"@type":"PropertyValueSpecification","valueRequired":true,"valueName":"search_term_string"}}],"inLanguage":"fi"},{"@type":"Organization","@id":"https:\/\/bbqassad.ee\/fi\/#organization","name":"BBQ \u00c4ssad","url":"https:\/\/bbqassad.ee\/fi\/","logo":{"@type":"ImageObject","inLanguage":"fi","@id":"https:\/\/bbqassad.ee\/fi\/#\/schema\/logo\/image\/","url":"https:\/\/bbqassad.ee\/wp-content\/uploads\/2022\/10\/BBQ-2ssadlogo.png","contentUrl":"https:\/\/bbqassad.ee\/wp-content\/uploads\/2022\/10\/BBQ-2ssadlogo.png","width":1080,"height":1080,"caption":"BBQ \u00c4ssad"},"image":{"@id":"https:\/\/bbqassad.ee\/fi\/#\/schema\/logo\/image\/"},"sameAs":["https:\/\/www.facebook.com\/bbqassad","https:\/\/www.youtube.com\/channel\/UCsoufn49J6TVi9Ah9meE93w"]}]}},"_links":{"self":[{"href":"https:\/\/bbqassad.ee\/fi\/wp-json\/wp\/v2\/product\/22008","targetHints":{"allow":["GET"]}}],"collection":[{"href":"https:\/\/bbqassad.ee\/fi\/wp-json\/wp\/v2\/product"}],"about":[{"href":"https:\/\/bbqassad.ee\/fi\/wp-json\/wp\/v2\/types\/product"}],"replies":[{"embeddable":true,"href":"https:\/\/bbqassad.ee\/fi\/wp-json\/wp\/v2\/comments?post=22008"}],"wp:featuredmedia":[{"embeddable":true,"href":"https:\/\/bbqassad.ee\/fi\/wp-json\/wp\/v2\/media\/22009"}],"wp:attachment":[{"href":"https:\/\/bbqassad.ee\/fi\/wp-json\/wp\/v2\/media?parent=22008"}],"wp:term":[{"taxonomy":"product_brand","embeddable":true,"href":"https:\/\/bbqassad.ee\/fi\/wp-json\/wp\/v2\/product_brand?post=22008"},{"taxonomy":"product_cat","embeddable":true,"href":"https:\/\/bbqassad.ee\/fi\/wp-json\/wp\/v2\/product_cat?post=22008"},{"taxonomy":"product_tag","embeddable":true,"href":"https:\/\/bbqassad.ee\/fi\/wp-json\/wp\/v2\/product_tag?post=22008"}],"curies":[{"name":"wp","href":"https:\/\/api.w.org\/{rel}","templated":true}]}}