{"id":21997,"date":"2026-02-23T15:05:19","date_gmt":"2026-02-23T15:05:19","guid":{"rendered":"https:\/\/bbqassad.ee\/toode\/napoleon-rogue-rse425rsibpss-kaasugrilli-keraamisella-ritilalla-ja-tankopolttimella-ruostumaton-teras\/"},"modified":"2026-04-14T06:32:30","modified_gmt":"2026-04-14T06:32:30","slug":"napoleon-rogue-rse425rsibpss-kaasugrilli-keraamisella-ritilalla-ja-tankopolttimella-ruostumaton-teras","status":"publish","type":"product","link":"https:\/\/bbqassad.ee\/fi\/toode\/napoleon-rogue-rse425rsibpss-kaasugrilli-keraamisella-ritilalla-ja-tankopolttimella-ruostumaton-teras\/","title":{"rendered":"Napoleon Rogue RSE425RSIBPSS kaasugrilli keraamisella ritil\u00e4ll\u00e4 ja tankopolttimella (ruostumaton ter\u00e4s)"},"content":{"rendered":"<p>Napoleon Rogue RSE425RSIBPSS on ainutlaatuinen kaasugrilli, joka on korkealaatuinen ja jonka komponentit ovat hyvin harkittuja. Grilliss\u00e4 yhdistyv\u00e4t klassinen putkipolttimotekniikka, keraaminen infrapunapoltin sivupolttimessa ja keraaminen sauvapoltin takapolttimessa. Grilli on suunniteltu sek\u00e4 suoraan ett\u00e4 ep\u00e4suoraan ruoanvalmistukseen.  <\/p>\n<p>Napoleon Rogue RSE425RSIBPSS kaasugrilli Napoleon Rogue RSE425RSIBPSS kaasugrillin ominaisuudet:<\/p>\n<p>&#8211; P\u00e4\u00e4grillausalueella on kolme ruostumattomasta ter\u00e4ksest\u00e4 valmistettua putkipolttimoa, joissa on erityiset ilmanottoaukot grillipaneelissa, jotta ne toimisivat tehokkaammin.<br \/>\n&#8211; Oikealla ty\u00f6tasolla oleva infrapunapoltin SIZZLE ZONE, joka saavuttaa 900 C:n l\u00e4mp\u00f6tilan 30 sekunnissa ja joka on peitetty kannella.<br \/>\nIhanteellinen naudanlihan nopeaan grillaukseen. L\u00e4hes huoltovapaa, koska valuva rasva h\u00f6yrystyy v\u00e4litt\u00f6m\u00e4sti.  Takana on tippalevy.<br \/>\n&#8211; Grillauspinnan takaosassa oleva keraaminen poltin, jota voidaan k\u00e4ytt\u00e4\u00e4 grillattaessa py\u00f6riv\u00e4ll\u00e4 sauvalla tai \u00e4killisiss\u00e4 l\u00e4mp\u00f6tilanmuutoksissa grillin uuniosassa.<br \/>\n&#8211; Kuusi ruostumattomasta ter\u00e4ksest\u00e4 valmistettua poltinta\/l\u00e4mm\u00f6njakajia<br \/>\n&#8211; Ruostumattomasta ter\u00e4ksest\u00e4 valmistetut sivukiskot grillaustarvikkeiden s\u00e4ilytt\u00e4mist\u00e4 varten, p\u00e4\u00e4dyss\u00e4 ripustuskoukut<br \/>\n&#8211; Ruostumattomasta ter\u00e4ksest\u00e4 valmistettu kansi, kaksinkertainen<br \/>\n&#8211; Ruostumattomasta ter\u00e4ksest\u00e4 valmistetut WAVE-grillaustelineet, joissa on tasainen l\u00e4mp\u00f6tilan jakautuminen<br \/>\n&#8211; Suuri ja selke\u00e4 grillausl\u00e4mp\u00f6mittari<br \/>\n&#8211; Kaappi, jossa on kaksi ruostumattomasta ter\u00e4ksest\u00e4 valmistettua ovea tarvikkeiden s\u00e4ilytt\u00e4mist\u00e4 varten<br \/>\n&#8211; Nelj\u00e4 laadukasta lukittavaa py\u00f6riv\u00e4\u00e4 py\u00f6r\u00e4\u00e4<br \/>\n&#8211; Sivussa oleva maustehylly, jossa on kolme vapaasti valittavissa olevaa korkeutta.<br \/>\n&#8211; Kartioon syv\u00e4lle rullattu, edest\u00e4 ulkoneva rasvanerotuskaukalo<br \/>\n&#8211; Erilliset, edest\u00e4 ulkonevat rasvanerotuspellit<br \/>\n&#8211; Valaistut s\u00e4\u00e4t\u00f6nupit<br \/>\n&#8211; Olutpullonavaaja etupuolen sivussa<br \/>\n&#8211; Napoleon Limited my\u00f6nt\u00e4\u00e4 grillipolttimille 15 vuoden takuun.<\/p>\n<p>Tekniset tiedot:<br \/>\n&#8211; Kokonaisteho 23,75 kW<br \/>\n&#8211; 3 eritt\u00e4in korkealaatuista ruostumattomasta ter\u00e4ksest\u00e4 valmistettua poltinta (14,25 kW)<br \/>\n&#8211; JET FIRE &#8211; kulumaton JET FIRE -sytytysj\u00e4rjestelm\u00e4, jossa poltin saa kaasuliekin erillisest\u00e4 sytyttimest\u00e4.<br \/>\n&#8211; Keraaminen infrapunapoltin sivupoltin (4,5kW) n. 23x26cm<br \/>\n&#8211; Keraaminen k\u00e4\u00e4nnett\u00e4v\u00e4 poltin takapoltin (5kW)<br \/>\n&#8211; Elektroninen automaattisytytys<br \/>\n&#8211; Mitat (cm): L130 x K123 x S64<br \/>\n&#8211; Grillausala n. 59\u00d746cm<br \/>\n&#8211; Paino 67kg<br \/>\n-Pakkausmitat (cm): 68 x 77 x 63<br \/>\n<strong>VIDEO:<\/strong><\/p>\n<p><iframe loading=\"lazy\" title=\"Napoleon Rogue SE Grill Series Product Video\" width=\"1020\" height=\"574\" src=\"https:\/\/www.youtube.com\/embed\/SMVh4iCXgH0?feature=oembed\" frameborder=\"0\" allow=\"accelerometer; autoplay; clipboard-write; encrypted-media; gyroscope; picture-in-picture; web-share\" referrerpolicy=\"strict-origin-when-cross-origin\" allowfullscreen><\/iframe><\/p>\n<p>&nbsp;<\/p>\n<p><a href=\"https:\/\/bbqentertainment.com\/wp-content\/uploads\/2024\/01\/15-year-bumper-to-bumper-EN.png\"><img decoding=\"async\" class=\"alignleft size-full wp-image-244027\" src=\"https:\/\/bbqentertainment.com\/wp-content\/uploads\/2024\/01\/15-year-bumper-to-bumper-EN.png\" alt=\"\" width=\"220\" height=\"220\"><\/a><\/p>\n","protected":false},"excerpt":{"rendered":"<h3><strong>Napoleon Rogue RSE425RSIBPSS kaasugrilli, jossa on keraaminen grillilevy ja tankopoltin<\/strong><\/h3>\n<p>Napoleon Rogue RSE425RSIBPSS on t\u00e4ydellisesti varustettu kaasugrilli, jossa on kolme p\u00e4\u00e4polttimoa, kiertopoltin ja suuri keraaminen sivupoltin.<\/p>\n","protected":false},"featured_media":21998,"comment_status":"closed","ping_status":"closed","template":"","meta":[],"product_brand":[768],"product_cat":[786,781],"product_tag":[],"class_list":{"0":"post-21997","1":"product","2":"type-product","3":"status-publish","4":"has-post-thumbnail","6":"product_brand-napoleon","7":"product_cat-napoleonin-kaasugrillit","8":"product_cat-uunit","9":"product_shipping_class-ilmainen-toimitus","11":"first","12":"instock","13":"taxable","14":"shipping-taxable","15":"purchasable","16":"product-type-simple"},"yoast_head":"<!-- This site is optimized with the Yoast SEO plugin v27.4 - https:\/\/yoast.com\/product\/yoast-seo-wordpress\/ -->\n<title>Napoleon Rogue RSE425RSIBPSS kaasugrilli - BBQ \u00c4ssad%<\/title>\n<meta name=\"description\" content=\"Napoleon Rogue RSE425RSIBPSS -kaasugrilliss\u00e4 on kolme p\u00e4\u00e4polttimoa, kiertopoltin ja suuri keraaminen sivupoltin, joka on ihanteellinen grillaukseen.\" \/>\n<meta name=\"robots\" content=\"index, follow, max-snippet:-1, max-image-preview:large, max-video-preview:-1\" \/>\n<link rel=\"canonical\" href=\"https:\/\/bbqassad.ee\/fi\/toode\/napoleon-rogue-rse425rsibpss-kaasugrilli-keraamisella-ritilalla-ja-tankopolttimella-ruostumaton-teras\/\" \/>\n<meta property=\"og:locale\" content=\"fi_FI\" \/>\n<meta property=\"og:type\" content=\"article\" \/>\n<meta property=\"og:title\" content=\"Napoleon Rogue RSE425RSIBPSS kaasugrilli - BBQ \u00c4ssad%\" \/>\n<meta property=\"og:description\" content=\"Napoleon Rogue RSE425RSIBPSS -kaasugrilliss\u00e4 on kolme p\u00e4\u00e4polttimoa, kiertopoltin ja suuri keraaminen sivupoltin, joka on ihanteellinen grillaukseen.\" \/>\n<meta property=\"og:url\" content=\"https:\/\/bbqassad.ee\/fi\/toode\/napoleon-rogue-rse425rsibpss-kaasugrilli-keraamisella-ritilalla-ja-tankopolttimella-ruostumaton-teras\/\" \/>\n<meta property=\"og:site_name\" content=\"BBQ \u00c4ssad\" \/>\n<meta property=\"article:publisher\" content=\"https:\/\/www.facebook.com\/bbqassad\" \/>\n<meta property=\"article:modified_time\" content=\"2026-04-14T06:32:30+00:00\" \/>\n<meta property=\"og:image\" content=\"https:\/\/bbqassad.ee\/wp-content\/uploads\/2026\/02\/BBQ-Entertainment-RSE425RSIBPSS-10.jpg\" \/>\n<meta name=\"twitter:card\" content=\"summary_large_image\" \/>\n<meta name=\"twitter:title\" content=\"Napoleon Rogue RSE425RSIBPSS kaasugrilli - BBQ \u00c4ssad%\" \/>\n<meta name=\"twitter:description\" content=\"Napoleon Rogue RSE425RSIBPSS -kaasugrilliss\u00e4 on kolme p\u00e4\u00e4polttimoa, kiertopoltin ja suuri keraaminen sivupoltin, joka on ihanteellinen grillaukseen.\" \/>\n<meta name=\"twitter:image\" content=\"https:\/\/bbqassad.ee\/wp-content\/uploads\/2026\/02\/BBQ-Entertainment-RSE425RSIBPSS-10.jpg\" \/>\n<meta name=\"twitter:label1\" content=\"Arvioitu lukuaika\" \/>\n\t<meta name=\"twitter:data1\" content=\"2 minuuttia\" \/>\n<script type=\"application\/ld+json\" class=\"yoast-schema-graph\">{\"@context\":\"https:\\\/\\\/schema.org\",\"@graph\":[{\"@type\":\"WebPage\",\"@id\":\"https:\\\/\\\/bbqassad.ee\\\/fi\\\/toode\\\/napoleon-rogue-rse425rsibpss-kaasugrilli-keraamisella-ritilalla-ja-tankopolttimella-ruostumaton-teras\\\/\",\"url\":\"https:\\\/\\\/bbqassad.ee\\\/fi\\\/toode\\\/napoleon-rogue-rse425rsibpss-kaasugrilli-keraamisella-ritilalla-ja-tankopolttimella-ruostumaton-teras\\\/\",\"name\":\"Napoleon Rogue RSE425RSIBPSS kaasugrilli - BBQ \u00c4ssad%\",\"isPartOf\":{\"@id\":\"https:\\\/\\\/bbqassad.ee\\\/fi\\\/#website\"},\"primaryImageOfPage\":{\"@id\":\"https:\\\/\\\/bbqassad.ee\\\/fi\\\/toode\\\/napoleon-rogue-rse425rsibpss-kaasugrilli-keraamisella-ritilalla-ja-tankopolttimella-ruostumaton-teras\\\/#primaryimage\"},\"image\":{\"@id\":\"https:\\\/\\\/bbqassad.ee\\\/fi\\\/toode\\\/napoleon-rogue-rse425rsibpss-kaasugrilli-keraamisella-ritilalla-ja-tankopolttimella-ruostumaton-teras\\\/#primaryimage\"},\"thumbnailUrl\":\"https:\\\/\\\/bbqassad.ee\\\/wp-content\\\/uploads\\\/2026\\\/02\\\/BBQ-Entertainment-RSE425RSIBPSS-10.jpg\",\"datePublished\":\"2026-02-23T15:05:19+00:00\",\"dateModified\":\"2026-04-14T06:32:30+00:00\",\"description\":\"Napoleon Rogue RSE425RSIBPSS -kaasugrilliss\u00e4 on kolme p\u00e4\u00e4polttimoa, kiertopoltin ja suuri keraaminen sivupoltin, joka on ihanteellinen grillaukseen.\",\"breadcrumb\":{\"@id\":\"https:\\\/\\\/bbqassad.ee\\\/fi\\\/toode\\\/napoleon-rogue-rse425rsibpss-kaasugrilli-keraamisella-ritilalla-ja-tankopolttimella-ruostumaton-teras\\\/#breadcrumb\"},\"inLanguage\":\"fi\",\"potentialAction\":[{\"@type\":\"ReadAction\",\"target\":[\"https:\\\/\\\/bbqassad.ee\\\/fi\\\/toode\\\/napoleon-rogue-rse425rsibpss-kaasugrilli-keraamisella-ritilalla-ja-tankopolttimella-ruostumaton-teras\\\/\"]}]},{\"@type\":\"ImageObject\",\"inLanguage\":\"fi\",\"@id\":\"https:\\\/\\\/bbqassad.ee\\\/fi\\\/toode\\\/napoleon-rogue-rse425rsibpss-kaasugrilli-keraamisella-ritilalla-ja-tankopolttimella-ruostumaton-teras\\\/#primaryimage\",\"url\":\"https:\\\/\\\/bbqassad.ee\\\/wp-content\\\/uploads\\\/2026\\\/02\\\/BBQ-Entertainment-RSE425RSIBPSS-10.jpg\",\"contentUrl\":\"https:\\\/\\\/bbqassad.ee\\\/wp-content\\\/uploads\\\/2026\\\/02\\\/BBQ-Entertainment-RSE425RSIBPSS-10.jpg\",\"width\":1031,\"height\":1031},{\"@type\":\"BreadcrumbList\",\"@id\":\"https:\\\/\\\/bbqassad.ee\\\/fi\\\/toode\\\/napoleon-rogue-rse425rsibpss-kaasugrilli-keraamisella-ritilalla-ja-tankopolttimella-ruostumaton-teras\\\/#breadcrumb\",\"itemListElement\":[{\"@type\":\"ListItem\",\"position\":1,\"name\":\"Home\",\"item\":\"https:\\\/\\\/bbqassad.ee\\\/fi\\\/bbq-assat\\\/\"},{\"@type\":\"ListItem\",\"position\":2,\"name\":\"Verkkokauppa\",\"item\":\"https:\\\/\\\/bbqassad.ee\\\/fi\\\/verkkokauppa\\\/\"},{\"@type\":\"ListItem\",\"position\":3,\"name\":\"Napoleon Rogue RSE425RSIBPSS kaasugrilli keraamisella ritil\u00e4ll\u00e4 ja tankopolttimella (ruostumaton ter\u00e4s)\"}]},{\"@type\":\"WebSite\",\"@id\":\"https:\\\/\\\/bbqassad.ee\\\/fi\\\/#website\",\"url\":\"https:\\\/\\\/bbqassad.ee\\\/fi\\\/\",\"name\":\"BBQ \u00c4ssad\",\"description\":\"BBQ maitseained, kastmed, ahjud\",\"publisher\":{\"@id\":\"https:\\\/\\\/bbqassad.ee\\\/fi\\\/#organization\"},\"potentialAction\":[{\"@type\":\"SearchAction\",\"target\":{\"@type\":\"EntryPoint\",\"urlTemplate\":\"https:\\\/\\\/bbqassad.ee\\\/fi\\\/?s={search_term_string}\"},\"query-input\":{\"@type\":\"PropertyValueSpecification\",\"valueRequired\":true,\"valueName\":\"search_term_string\"}}],\"inLanguage\":\"fi\"},{\"@type\":\"Organization\",\"@id\":\"https:\\\/\\\/bbqassad.ee\\\/fi\\\/#organization\",\"name\":\"BBQ \u00c4ssad\",\"url\":\"https:\\\/\\\/bbqassad.ee\\\/fi\\\/\",\"logo\":{\"@type\":\"ImageObject\",\"inLanguage\":\"fi\",\"@id\":\"https:\\\/\\\/bbqassad.ee\\\/fi\\\/#\\\/schema\\\/logo\\\/image\\\/\",\"url\":\"https:\\\/\\\/bbqassad.ee\\\/wp-content\\\/uploads\\\/2022\\\/10\\\/BBQ-2ssadlogo.png\",\"contentUrl\":\"https:\\\/\\\/bbqassad.ee\\\/wp-content\\\/uploads\\\/2022\\\/10\\\/BBQ-2ssadlogo.png\",\"width\":1080,\"height\":1080,\"caption\":\"BBQ \u00c4ssad\"},\"image\":{\"@id\":\"https:\\\/\\\/bbqassad.ee\\\/fi\\\/#\\\/schema\\\/logo\\\/image\\\/\"},\"sameAs\":[\"https:\\\/\\\/www.facebook.com\\\/bbqassad\",\"https:\\\/\\\/www.youtube.com\\\/channel\\\/UCsoufn49J6TVi9Ah9meE93w\"]}]}<\/script>\n<!-- \/ Yoast SEO plugin. -->","yoast_head_json":{"title":"Napoleon Rogue RSE425RSIBPSS kaasugrilli - BBQ \u00c4ssad%","description":"Napoleon Rogue RSE425RSIBPSS -kaasugrilliss\u00e4 on kolme p\u00e4\u00e4polttimoa, kiertopoltin ja suuri keraaminen sivupoltin, joka on ihanteellinen grillaukseen.","robots":{"index":"index","follow":"follow","max-snippet":"max-snippet:-1","max-image-preview":"max-image-preview:large","max-video-preview":"max-video-preview:-1"},"canonical":"https:\/\/bbqassad.ee\/fi\/toode\/napoleon-rogue-rse425rsibpss-kaasugrilli-keraamisella-ritilalla-ja-tankopolttimella-ruostumaton-teras\/","og_locale":"fi_FI","og_type":"article","og_title":"Napoleon Rogue RSE425RSIBPSS kaasugrilli - BBQ \u00c4ssad%","og_description":"Napoleon Rogue RSE425RSIBPSS -kaasugrilliss\u00e4 on kolme p\u00e4\u00e4polttimoa, kiertopoltin ja suuri keraaminen sivupoltin, joka on ihanteellinen grillaukseen.","og_url":"https:\/\/bbqassad.ee\/fi\/toode\/napoleon-rogue-rse425rsibpss-kaasugrilli-keraamisella-ritilalla-ja-tankopolttimella-ruostumaton-teras\/","og_site_name":"BBQ \u00c4ssad","article_publisher":"https:\/\/www.facebook.com\/bbqassad","article_modified_time":"2026-04-14T06:32:30+00:00","og_image":[{"url":"https:\/\/bbqassad.ee\/wp-content\/uploads\/2026\/02\/BBQ-Entertainment-RSE425RSIBPSS-10.jpg","type":"","width":"","height":""}],"twitter_card":"summary_large_image","twitter_title":"Napoleon Rogue RSE425RSIBPSS kaasugrilli - BBQ \u00c4ssad%","twitter_description":"Napoleon Rogue RSE425RSIBPSS -kaasugrilliss\u00e4 on kolme p\u00e4\u00e4polttimoa, kiertopoltin ja suuri keraaminen sivupoltin, joka on ihanteellinen grillaukseen.","twitter_image":"https:\/\/bbqassad.ee\/wp-content\/uploads\/2026\/02\/BBQ-Entertainment-RSE425RSIBPSS-10.jpg","twitter_misc":{"Arvioitu lukuaika":"2 minuuttia"},"schema":{"@context":"https:\/\/schema.org","@graph":[{"@type":"WebPage","@id":"https:\/\/bbqassad.ee\/fi\/toode\/napoleon-rogue-rse425rsibpss-kaasugrilli-keraamisella-ritilalla-ja-tankopolttimella-ruostumaton-teras\/","url":"https:\/\/bbqassad.ee\/fi\/toode\/napoleon-rogue-rse425rsibpss-kaasugrilli-keraamisella-ritilalla-ja-tankopolttimella-ruostumaton-teras\/","name":"Napoleon Rogue RSE425RSIBPSS kaasugrilli - BBQ \u00c4ssad%","isPartOf":{"@id":"https:\/\/bbqassad.ee\/fi\/#website"},"primaryImageOfPage":{"@id":"https:\/\/bbqassad.ee\/fi\/toode\/napoleon-rogue-rse425rsibpss-kaasugrilli-keraamisella-ritilalla-ja-tankopolttimella-ruostumaton-teras\/#primaryimage"},"image":{"@id":"https:\/\/bbqassad.ee\/fi\/toode\/napoleon-rogue-rse425rsibpss-kaasugrilli-keraamisella-ritilalla-ja-tankopolttimella-ruostumaton-teras\/#primaryimage"},"thumbnailUrl":"https:\/\/bbqassad.ee\/wp-content\/uploads\/2026\/02\/BBQ-Entertainment-RSE425RSIBPSS-10.jpg","datePublished":"2026-02-23T15:05:19+00:00","dateModified":"2026-04-14T06:32:30+00:00","description":"Napoleon Rogue RSE425RSIBPSS -kaasugrilliss\u00e4 on kolme p\u00e4\u00e4polttimoa, kiertopoltin ja suuri keraaminen sivupoltin, joka on ihanteellinen grillaukseen.","breadcrumb":{"@id":"https:\/\/bbqassad.ee\/fi\/toode\/napoleon-rogue-rse425rsibpss-kaasugrilli-keraamisella-ritilalla-ja-tankopolttimella-ruostumaton-teras\/#breadcrumb"},"inLanguage":"fi","potentialAction":[{"@type":"ReadAction","target":["https:\/\/bbqassad.ee\/fi\/toode\/napoleon-rogue-rse425rsibpss-kaasugrilli-keraamisella-ritilalla-ja-tankopolttimella-ruostumaton-teras\/"]}]},{"@type":"ImageObject","inLanguage":"fi","@id":"https:\/\/bbqassad.ee\/fi\/toode\/napoleon-rogue-rse425rsibpss-kaasugrilli-keraamisella-ritilalla-ja-tankopolttimella-ruostumaton-teras\/#primaryimage","url":"https:\/\/bbqassad.ee\/wp-content\/uploads\/2026\/02\/BBQ-Entertainment-RSE425RSIBPSS-10.jpg","contentUrl":"https:\/\/bbqassad.ee\/wp-content\/uploads\/2026\/02\/BBQ-Entertainment-RSE425RSIBPSS-10.jpg","width":1031,"height":1031},{"@type":"BreadcrumbList","@id":"https:\/\/bbqassad.ee\/fi\/toode\/napoleon-rogue-rse425rsibpss-kaasugrilli-keraamisella-ritilalla-ja-tankopolttimella-ruostumaton-teras\/#breadcrumb","itemListElement":[{"@type":"ListItem","position":1,"name":"Home","item":"https:\/\/bbqassad.ee\/fi\/bbq-assat\/"},{"@type":"ListItem","position":2,"name":"Verkkokauppa","item":"https:\/\/bbqassad.ee\/fi\/verkkokauppa\/"},{"@type":"ListItem","position":3,"name":"Napoleon Rogue RSE425RSIBPSS kaasugrilli keraamisella ritil\u00e4ll\u00e4 ja tankopolttimella (ruostumaton ter\u00e4s)"}]},{"@type":"WebSite","@id":"https:\/\/bbqassad.ee\/fi\/#website","url":"https:\/\/bbqassad.ee\/fi\/","name":"BBQ \u00c4ssad","description":"BBQ maitseained, kastmed, ahjud","publisher":{"@id":"https:\/\/bbqassad.ee\/fi\/#organization"},"potentialAction":[{"@type":"SearchAction","target":{"@type":"EntryPoint","urlTemplate":"https:\/\/bbqassad.ee\/fi\/?s={search_term_string}"},"query-input":{"@type":"PropertyValueSpecification","valueRequired":true,"valueName":"search_term_string"}}],"inLanguage":"fi"},{"@type":"Organization","@id":"https:\/\/bbqassad.ee\/fi\/#organization","name":"BBQ \u00c4ssad","url":"https:\/\/bbqassad.ee\/fi\/","logo":{"@type":"ImageObject","inLanguage":"fi","@id":"https:\/\/bbqassad.ee\/fi\/#\/schema\/logo\/image\/","url":"https:\/\/bbqassad.ee\/wp-content\/uploads\/2022\/10\/BBQ-2ssadlogo.png","contentUrl":"https:\/\/bbqassad.ee\/wp-content\/uploads\/2022\/10\/BBQ-2ssadlogo.png","width":1080,"height":1080,"caption":"BBQ \u00c4ssad"},"image":{"@id":"https:\/\/bbqassad.ee\/fi\/#\/schema\/logo\/image\/"},"sameAs":["https:\/\/www.facebook.com\/bbqassad","https:\/\/www.youtube.com\/channel\/UCsoufn49J6TVi9Ah9meE93w"]}]}},"_links":{"self":[{"href":"https:\/\/bbqassad.ee\/fi\/wp-json\/wp\/v2\/product\/21997","targetHints":{"allow":["GET"]}}],"collection":[{"href":"https:\/\/bbqassad.ee\/fi\/wp-json\/wp\/v2\/product"}],"about":[{"href":"https:\/\/bbqassad.ee\/fi\/wp-json\/wp\/v2\/types\/product"}],"replies":[{"embeddable":true,"href":"https:\/\/bbqassad.ee\/fi\/wp-json\/wp\/v2\/comments?post=21997"}],"wp:featuredmedia":[{"embeddable":true,"href":"https:\/\/bbqassad.ee\/fi\/wp-json\/wp\/v2\/media\/21998"}],"wp:attachment":[{"href":"https:\/\/bbqassad.ee\/fi\/wp-json\/wp\/v2\/media?parent=21997"}],"wp:term":[{"taxonomy":"product_brand","embeddable":true,"href":"https:\/\/bbqassad.ee\/fi\/wp-json\/wp\/v2\/product_brand?post=21997"},{"taxonomy":"product_cat","embeddable":true,"href":"https:\/\/bbqassad.ee\/fi\/wp-json\/wp\/v2\/product_cat?post=21997"},{"taxonomy":"product_tag","embeddable":true,"href":"https:\/\/bbqassad.ee\/fi\/wp-json\/wp\/v2\/product_tag?post=21997"}],"curies":[{"name":"wp","href":"https:\/\/api.w.org\/{rel}","templated":true}]}}