{"id":21988,"date":"2026-02-23T15:05:19","date_gmt":"2026-02-23T15:05:19","guid":{"rendered":"https:\/\/bbqassad.ee\/toode\/napoleon-rogue-rxt525sibpss-kaasugrilli-kaasuliedella-ruostumaton-teras\/"},"modified":"2026-04-14T06:32:30","modified_gmt":"2026-04-14T06:32:30","slug":"napoleon-rogue-rxt525sibpss-kaasugrilli-kaasuliedella-ruostumaton-teras","status":"publish","type":"product","link":"https:\/\/bbqassad.ee\/fi\/toode\/napoleon-rogue-rxt525sibpss-kaasugrilli-kaasuliedella-ruostumaton-teras\/","title":{"rendered":"Napoleon Rogue RXT525SIBPSS kaasugrilli kaasuliedell\u00e4 (ruostumaton ter\u00e4s)"},"content":{"rendered":"<p>Roque RXT525SIBPSS on ainutlaatuinen kaasugrilli, joka on korkealaatuinen ja jossa on harkittuja komponentteja. Grilliss\u00e4 yhdistyy klassinen putkipolttimotekniikka ja keraaminen infrapunapoltin. Grilli on suunniteltu sek\u00e4 suoraan ett\u00e4 ep\u00e4suoraan ruoanvalmistukseen.  <\/p>\n<p>&#8211; P\u00e4\u00e4grillausaluetta peitt\u00e4\u00e4 kolme ruostumattomasta ter\u00e4ksest\u00e4 valmistettua putkipoltinta<br \/>\n&#8211; Infrapunapoltin SIZZLE ZONE oikealla ty\u00f6tasolla, joka pystyy saavuttamaan jopa 800 C:n l\u00e4mp\u00f6tilan ja on peitetty kannella.<br \/>\nIhanteellinen naudanlihan nopeaan grillaukseen. L\u00e4hes huoltovapaa, koska valuva rasva h\u00f6yrystyy v\u00e4litt\u00f6m\u00e4sti. Takapuolella on valuma-astia.<br \/>\n&#8211; Seitsem\u00e4n ruostumattomasta ter\u00e4ksest\u00e4 valmistettua polttimoa\/l\u00e4mm\u00f6njakajia<br \/>\n&#8211; Ruostumattomasta ter\u00e4ksest\u00e4 valmistetut sivulevyt grillaustarvikkeille, p\u00e4\u00e4dyss\u00e4 ripustuskoukut<br \/>\n&#8211; Ruostumattomasta ter\u00e4ksest\u00e4 valmistettu kansi, kaksinkertainen<br \/>\n&#8211; Ruostumattomasta ter\u00e4ksest\u00e4 valmistetut WAVE-grilliritil\u00e4t, joissa on tasainen l\u00e4mp\u00f6tilan jakautuminen<br \/>\n&#8211; Suuri ja selke\u00e4 grillausl\u00e4mp\u00f6mittari<br \/>\n&#8211; Kaappi, jossa kaksi ovea tarvikkeiden s\u00e4ilytt\u00e4mist\u00e4 varten<br \/>\n&#8211; Nelj\u00e4 laadukasta lukittavaa py\u00f6riv\u00e4\u00e4 py\u00f6r\u00e4\u00e4<br \/>\n&#8211; Sivussa oleva maustehylly, jossa on kolme vapaasti valittavissa olevaa korkeutta.<br \/>\n&#8211; Syv\u00e4rullattu rasvanerotuskaukalo, jossa on ulostuloaukko edess\u00e4<br \/>\n&#8211; Erillinen rasvanerotuskaukalo, jossa on ulostuloaukko edess\u00e4<br \/>\n&#8211; Napoleonin rajoitettu 10 vuoden takuu kattaa grillipolttimet.  <\/p>\n<p>Tekniset tiedot:<br \/>\n&#8211; Kokonaisteho 19,6kW<br \/>\n&#8211; 4 eritt\u00e4in korkealaatuista 0,8mm 304 ruostumattomasta ter\u00e4ksest\u00e4 valmistettua poltinta (16,6kW)<br \/>\n&#8211; JET FIRE kulumaton sytytysj\u00e4rjestelm\u00e4, jossa poltin saa kaasuliekin erillisest\u00e4 sytyttimest\u00e4.<br \/>\n&#8211; Keraaminen infrapunapoltin SIZZLE ZONE sivupolttimessa (3kW) n. 23x26cm<br \/>\n&#8211; Elektroninen automaattisytytys<br \/>\n&#8211; Mitat (cm): L 144 x K 120 x S 63<br \/>\n&#8211; Grillausala n. 72 x 46 m<br \/>\n-Grillin paino 76kg<br \/>\n&#8211; Pakkauksen kuljetusmitat 99 x 76,5 x 63cm &#8211; Pakkauksen kuljetusmitat 99 x 76,5 x 63cm.<\/p>\n<p><strong>Katso videolta lis\u00e4tietoja:<\/strong><\/p>\n<p><iframe loading=\"lazy\" title=\"Napoleon Rogue RXT 525 SIBPKPSS\" width=\"1020\" height=\"574\" src=\"https:\/\/www.youtube.com\/embed\/0X4vJ7HqEek?feature=oembed\" frameborder=\"0\" allow=\"accelerometer; autoplay; clipboard-write; encrypted-media; gyroscope; picture-in-picture; web-share\" referrerpolicy=\"strict-origin-when-cross-origin\" allowfullscreen><\/iframe><\/p>\n","protected":false},"excerpt":{"rendered":"<h3><strong>Napoleon Rogue RXT525SIBPSS kaasugrilli, jossa on kaasuliesi<\/strong><\/h3>\n<p>Napoleon Rogue RXT525SIBPSS Ainutlaatuinen kaasugrilli keraamisella liedell\u00e4. Valmistettu pohjoisamerikkalaisesta laadukkaasta ruostumattomasta ter\u00e4ksest\u00e4. <\/p>\n","protected":false},"featured_media":21989,"comment_status":"closed","ping_status":"closed","template":"","meta":[],"product_brand":[768],"product_cat":[786,781],"product_tag":[],"class_list":{"0":"post-21988","1":"product","2":"type-product","3":"status-publish","4":"has-post-thumbnail","6":"product_brand-napoleon","7":"product_cat-napoleonin-kaasugrillit","8":"product_cat-uunit","9":"product_shipping_class-ilmainen-toimitus","11":"first","12":"instock","13":"taxable","14":"shipping-taxable","15":"purchasable","16":"product-type-simple"},"yoast_head":"<!-- This site is optimized with the Yoast SEO plugin v27.4 - https:\/\/yoast.com\/product\/yoast-seo-wordpress\/ -->\n<title>Napoleon Rogue RXT525SIBPSS kaasugrilli - BBQ \u00c4ssad%<\/title>\n<meta name=\"description\" content=\"Napoleon Rogue RXT525SIBPSS on korkealaatuisesta ruostumattomasta ter\u00e4ksest\u00e4 valmistettu kaasugrilli, jossa on keraaminen grillilevy. Ihanteellinen grillaukseen ja paistamiseen.\" \/>\n<meta name=\"robots\" content=\"index, follow, max-snippet:-1, max-image-preview:large, max-video-preview:-1\" \/>\n<link rel=\"canonical\" href=\"https:\/\/bbqassad.ee\/fi\/toode\/napoleon-rogue-rxt525sibpss-kaasugrilli-kaasuliedella-ruostumaton-teras\/\" \/>\n<meta property=\"og:locale\" content=\"fi_FI\" \/>\n<meta property=\"og:type\" content=\"article\" \/>\n<meta property=\"og:title\" content=\"Napoleon Rogue RXT525SIBPSS kaasugrilli - BBQ \u00c4ssad%\" \/>\n<meta property=\"og:description\" content=\"Napoleon Rogue RXT525SIBPSS on korkealaatuisesta ruostumattomasta ter\u00e4ksest\u00e4 valmistettu kaasugrilli, jossa on keraaminen grillilevy. Ihanteellinen grillaukseen ja paistamiseen.\" \/>\n<meta property=\"og:url\" content=\"https:\/\/bbqassad.ee\/fi\/toode\/napoleon-rogue-rxt525sibpss-kaasugrilli-kaasuliedella-ruostumaton-teras\/\" \/>\n<meta property=\"og:site_name\" content=\"BBQ \u00c4ssad\" \/>\n<meta property=\"article:publisher\" content=\"https:\/\/www.facebook.com\/bbqassad\" \/>\n<meta property=\"article:modified_time\" content=\"2026-04-14T06:32:30+00:00\" \/>\n<meta property=\"og:image\" content=\"https:\/\/bbqassad.ee\/wp-content\/uploads\/2026\/02\/RXT525SIBPSS-Napoleon-Rogue-RXT525SIBPSS-steigipliidiga-gaasigrill-BBQ-Entertainment-OU-1-2.jpg\" \/>\n<meta name=\"twitter:card\" content=\"summary_large_image\" \/>\n<meta name=\"twitter:title\" content=\"Napoleon Rogue RXT525SIBPSS kaasugrilli - BBQ \u00c4ssad%\" \/>\n<meta name=\"twitter:description\" content=\"Napoleon Rogue RXT525SIBPSS on korkealaatuisesta ruostumattomasta ter\u00e4ksest\u00e4 valmistettu kaasugrilli, jossa on keraaminen grillilevy. Ihanteellinen grillaukseen ja paistamiseen.\" \/>\n<meta name=\"twitter:image\" content=\"https:\/\/bbqassad.ee\/wp-content\/uploads\/2026\/02\/RXT525SIBPSS-Napoleon-Rogue-RXT525SIBPSS-steigipliidiga-gaasigrill-BBQ-Entertainment-OU-1-2.jpg\" \/>\n<meta name=\"twitter:label1\" content=\"Arvioitu lukuaika\" \/>\n\t<meta name=\"twitter:data1\" content=\"1 minuutti\" \/>\n<script type=\"application\/ld+json\" class=\"yoast-schema-graph\">{\"@context\":\"https:\\\/\\\/schema.org\",\"@graph\":[{\"@type\":\"WebPage\",\"@id\":\"https:\\\/\\\/bbqassad.ee\\\/fi\\\/toode\\\/napoleon-rogue-rxt525sibpss-kaasugrilli-kaasuliedella-ruostumaton-teras\\\/\",\"url\":\"https:\\\/\\\/bbqassad.ee\\\/fi\\\/toode\\\/napoleon-rogue-rxt525sibpss-kaasugrilli-kaasuliedella-ruostumaton-teras\\\/\",\"name\":\"Napoleon Rogue RXT525SIBPSS kaasugrilli - BBQ \u00c4ssad%\",\"isPartOf\":{\"@id\":\"https:\\\/\\\/bbqassad.ee\\\/fi\\\/#website\"},\"primaryImageOfPage\":{\"@id\":\"https:\\\/\\\/bbqassad.ee\\\/fi\\\/toode\\\/napoleon-rogue-rxt525sibpss-kaasugrilli-kaasuliedella-ruostumaton-teras\\\/#primaryimage\"},\"image\":{\"@id\":\"https:\\\/\\\/bbqassad.ee\\\/fi\\\/toode\\\/napoleon-rogue-rxt525sibpss-kaasugrilli-kaasuliedella-ruostumaton-teras\\\/#primaryimage\"},\"thumbnailUrl\":\"https:\\\/\\\/bbqassad.ee\\\/wp-content\\\/uploads\\\/2026\\\/02\\\/RXT525SIBPSS-Napoleon-Rogue-RXT525SIBPSS-steigipliidiga-gaasigrill-BBQ-Entertainment-OU-1-2.jpg\",\"datePublished\":\"2026-02-23T15:05:19+00:00\",\"dateModified\":\"2026-04-14T06:32:30+00:00\",\"description\":\"Napoleon Rogue RXT525SIBPSS on korkealaatuisesta ruostumattomasta ter\u00e4ksest\u00e4 valmistettu kaasugrilli, jossa on keraaminen grillilevy. Ihanteellinen grillaukseen ja paistamiseen.\",\"breadcrumb\":{\"@id\":\"https:\\\/\\\/bbqassad.ee\\\/fi\\\/toode\\\/napoleon-rogue-rxt525sibpss-kaasugrilli-kaasuliedella-ruostumaton-teras\\\/#breadcrumb\"},\"inLanguage\":\"fi\",\"potentialAction\":[{\"@type\":\"ReadAction\",\"target\":[\"https:\\\/\\\/bbqassad.ee\\\/fi\\\/toode\\\/napoleon-rogue-rxt525sibpss-kaasugrilli-kaasuliedella-ruostumaton-teras\\\/\"]}]},{\"@type\":\"ImageObject\",\"inLanguage\":\"fi\",\"@id\":\"https:\\\/\\\/bbqassad.ee\\\/fi\\\/toode\\\/napoleon-rogue-rxt525sibpss-kaasugrilli-kaasuliedella-ruostumaton-teras\\\/#primaryimage\",\"url\":\"https:\\\/\\\/bbqassad.ee\\\/wp-content\\\/uploads\\\/2026\\\/02\\\/RXT525SIBPSS-Napoleon-Rogue-RXT525SIBPSS-steigipliidiga-gaasigrill-BBQ-Entertainment-OU-1-2.jpg\",\"contentUrl\":\"https:\\\/\\\/bbqassad.ee\\\/wp-content\\\/uploads\\\/2026\\\/02\\\/RXT525SIBPSS-Napoleon-Rogue-RXT525SIBPSS-steigipliidiga-gaasigrill-BBQ-Entertainment-OU-1-2.jpg\",\"width\":1200,\"height\":1200},{\"@type\":\"BreadcrumbList\",\"@id\":\"https:\\\/\\\/bbqassad.ee\\\/fi\\\/toode\\\/napoleon-rogue-rxt525sibpss-kaasugrilli-kaasuliedella-ruostumaton-teras\\\/#breadcrumb\",\"itemListElement\":[{\"@type\":\"ListItem\",\"position\":1,\"name\":\"Home\",\"item\":\"https:\\\/\\\/bbqassad.ee\\\/fi\\\/bbq-assat\\\/\"},{\"@type\":\"ListItem\",\"position\":2,\"name\":\"Verkkokauppa\",\"item\":\"https:\\\/\\\/bbqassad.ee\\\/fi\\\/verkkokauppa\\\/\"},{\"@type\":\"ListItem\",\"position\":3,\"name\":\"Napoleon Rogue RXT525SIBPSS kaasugrilli kaasuliedell\u00e4 (ruostumaton ter\u00e4s)\"}]},{\"@type\":\"WebSite\",\"@id\":\"https:\\\/\\\/bbqassad.ee\\\/fi\\\/#website\",\"url\":\"https:\\\/\\\/bbqassad.ee\\\/fi\\\/\",\"name\":\"BBQ \u00c4ssad\",\"description\":\"BBQ maitseained, kastmed, ahjud\",\"publisher\":{\"@id\":\"https:\\\/\\\/bbqassad.ee\\\/fi\\\/#organization\"},\"potentialAction\":[{\"@type\":\"SearchAction\",\"target\":{\"@type\":\"EntryPoint\",\"urlTemplate\":\"https:\\\/\\\/bbqassad.ee\\\/fi\\\/?s={search_term_string}\"},\"query-input\":{\"@type\":\"PropertyValueSpecification\",\"valueRequired\":true,\"valueName\":\"search_term_string\"}}],\"inLanguage\":\"fi\"},{\"@type\":\"Organization\",\"@id\":\"https:\\\/\\\/bbqassad.ee\\\/fi\\\/#organization\",\"name\":\"BBQ \u00c4ssad\",\"url\":\"https:\\\/\\\/bbqassad.ee\\\/fi\\\/\",\"logo\":{\"@type\":\"ImageObject\",\"inLanguage\":\"fi\",\"@id\":\"https:\\\/\\\/bbqassad.ee\\\/fi\\\/#\\\/schema\\\/logo\\\/image\\\/\",\"url\":\"https:\\\/\\\/bbqassad.ee\\\/wp-content\\\/uploads\\\/2022\\\/10\\\/BBQ-2ssadlogo.png\",\"contentUrl\":\"https:\\\/\\\/bbqassad.ee\\\/wp-content\\\/uploads\\\/2022\\\/10\\\/BBQ-2ssadlogo.png\",\"width\":1080,\"height\":1080,\"caption\":\"BBQ \u00c4ssad\"},\"image\":{\"@id\":\"https:\\\/\\\/bbqassad.ee\\\/fi\\\/#\\\/schema\\\/logo\\\/image\\\/\"},\"sameAs\":[\"https:\\\/\\\/www.facebook.com\\\/bbqassad\",\"https:\\\/\\\/www.youtube.com\\\/channel\\\/UCsoufn49J6TVi9Ah9meE93w\"]}]}<\/script>\n<!-- \/ Yoast SEO plugin. -->","yoast_head_json":{"title":"Napoleon Rogue RXT525SIBPSS kaasugrilli - BBQ \u00c4ssad%","description":"Napoleon Rogue RXT525SIBPSS on korkealaatuisesta ruostumattomasta ter\u00e4ksest\u00e4 valmistettu kaasugrilli, jossa on keraaminen grillilevy. Ihanteellinen grillaukseen ja paistamiseen.","robots":{"index":"index","follow":"follow","max-snippet":"max-snippet:-1","max-image-preview":"max-image-preview:large","max-video-preview":"max-video-preview:-1"},"canonical":"https:\/\/bbqassad.ee\/fi\/toode\/napoleon-rogue-rxt525sibpss-kaasugrilli-kaasuliedella-ruostumaton-teras\/","og_locale":"fi_FI","og_type":"article","og_title":"Napoleon Rogue RXT525SIBPSS kaasugrilli - BBQ \u00c4ssad%","og_description":"Napoleon Rogue RXT525SIBPSS on korkealaatuisesta ruostumattomasta ter\u00e4ksest\u00e4 valmistettu kaasugrilli, jossa on keraaminen grillilevy. Ihanteellinen grillaukseen ja paistamiseen.","og_url":"https:\/\/bbqassad.ee\/fi\/toode\/napoleon-rogue-rxt525sibpss-kaasugrilli-kaasuliedella-ruostumaton-teras\/","og_site_name":"BBQ \u00c4ssad","article_publisher":"https:\/\/www.facebook.com\/bbqassad","article_modified_time":"2026-04-14T06:32:30+00:00","og_image":[{"url":"https:\/\/bbqassad.ee\/wp-content\/uploads\/2026\/02\/RXT525SIBPSS-Napoleon-Rogue-RXT525SIBPSS-steigipliidiga-gaasigrill-BBQ-Entertainment-OU-1-2.jpg","type":"","width":"","height":""}],"twitter_card":"summary_large_image","twitter_title":"Napoleon Rogue RXT525SIBPSS kaasugrilli - BBQ \u00c4ssad%","twitter_description":"Napoleon Rogue RXT525SIBPSS on korkealaatuisesta ruostumattomasta ter\u00e4ksest\u00e4 valmistettu kaasugrilli, jossa on keraaminen grillilevy. Ihanteellinen grillaukseen ja paistamiseen.","twitter_image":"https:\/\/bbqassad.ee\/wp-content\/uploads\/2026\/02\/RXT525SIBPSS-Napoleon-Rogue-RXT525SIBPSS-steigipliidiga-gaasigrill-BBQ-Entertainment-OU-1-2.jpg","twitter_misc":{"Arvioitu lukuaika":"1 minuutti"},"schema":{"@context":"https:\/\/schema.org","@graph":[{"@type":"WebPage","@id":"https:\/\/bbqassad.ee\/fi\/toode\/napoleon-rogue-rxt525sibpss-kaasugrilli-kaasuliedella-ruostumaton-teras\/","url":"https:\/\/bbqassad.ee\/fi\/toode\/napoleon-rogue-rxt525sibpss-kaasugrilli-kaasuliedella-ruostumaton-teras\/","name":"Napoleon Rogue RXT525SIBPSS kaasugrilli - BBQ \u00c4ssad%","isPartOf":{"@id":"https:\/\/bbqassad.ee\/fi\/#website"},"primaryImageOfPage":{"@id":"https:\/\/bbqassad.ee\/fi\/toode\/napoleon-rogue-rxt525sibpss-kaasugrilli-kaasuliedella-ruostumaton-teras\/#primaryimage"},"image":{"@id":"https:\/\/bbqassad.ee\/fi\/toode\/napoleon-rogue-rxt525sibpss-kaasugrilli-kaasuliedella-ruostumaton-teras\/#primaryimage"},"thumbnailUrl":"https:\/\/bbqassad.ee\/wp-content\/uploads\/2026\/02\/RXT525SIBPSS-Napoleon-Rogue-RXT525SIBPSS-steigipliidiga-gaasigrill-BBQ-Entertainment-OU-1-2.jpg","datePublished":"2026-02-23T15:05:19+00:00","dateModified":"2026-04-14T06:32:30+00:00","description":"Napoleon Rogue RXT525SIBPSS on korkealaatuisesta ruostumattomasta ter\u00e4ksest\u00e4 valmistettu kaasugrilli, jossa on keraaminen grillilevy. Ihanteellinen grillaukseen ja paistamiseen.","breadcrumb":{"@id":"https:\/\/bbqassad.ee\/fi\/toode\/napoleon-rogue-rxt525sibpss-kaasugrilli-kaasuliedella-ruostumaton-teras\/#breadcrumb"},"inLanguage":"fi","potentialAction":[{"@type":"ReadAction","target":["https:\/\/bbqassad.ee\/fi\/toode\/napoleon-rogue-rxt525sibpss-kaasugrilli-kaasuliedella-ruostumaton-teras\/"]}]},{"@type":"ImageObject","inLanguage":"fi","@id":"https:\/\/bbqassad.ee\/fi\/toode\/napoleon-rogue-rxt525sibpss-kaasugrilli-kaasuliedella-ruostumaton-teras\/#primaryimage","url":"https:\/\/bbqassad.ee\/wp-content\/uploads\/2026\/02\/RXT525SIBPSS-Napoleon-Rogue-RXT525SIBPSS-steigipliidiga-gaasigrill-BBQ-Entertainment-OU-1-2.jpg","contentUrl":"https:\/\/bbqassad.ee\/wp-content\/uploads\/2026\/02\/RXT525SIBPSS-Napoleon-Rogue-RXT525SIBPSS-steigipliidiga-gaasigrill-BBQ-Entertainment-OU-1-2.jpg","width":1200,"height":1200},{"@type":"BreadcrumbList","@id":"https:\/\/bbqassad.ee\/fi\/toode\/napoleon-rogue-rxt525sibpss-kaasugrilli-kaasuliedella-ruostumaton-teras\/#breadcrumb","itemListElement":[{"@type":"ListItem","position":1,"name":"Home","item":"https:\/\/bbqassad.ee\/fi\/bbq-assat\/"},{"@type":"ListItem","position":2,"name":"Verkkokauppa","item":"https:\/\/bbqassad.ee\/fi\/verkkokauppa\/"},{"@type":"ListItem","position":3,"name":"Napoleon Rogue RXT525SIBPSS kaasugrilli kaasuliedell\u00e4 (ruostumaton ter\u00e4s)"}]},{"@type":"WebSite","@id":"https:\/\/bbqassad.ee\/fi\/#website","url":"https:\/\/bbqassad.ee\/fi\/","name":"BBQ \u00c4ssad","description":"BBQ maitseained, kastmed, ahjud","publisher":{"@id":"https:\/\/bbqassad.ee\/fi\/#organization"},"potentialAction":[{"@type":"SearchAction","target":{"@type":"EntryPoint","urlTemplate":"https:\/\/bbqassad.ee\/fi\/?s={search_term_string}"},"query-input":{"@type":"PropertyValueSpecification","valueRequired":true,"valueName":"search_term_string"}}],"inLanguage":"fi"},{"@type":"Organization","@id":"https:\/\/bbqassad.ee\/fi\/#organization","name":"BBQ \u00c4ssad","url":"https:\/\/bbqassad.ee\/fi\/","logo":{"@type":"ImageObject","inLanguage":"fi","@id":"https:\/\/bbqassad.ee\/fi\/#\/schema\/logo\/image\/","url":"https:\/\/bbqassad.ee\/wp-content\/uploads\/2022\/10\/BBQ-2ssadlogo.png","contentUrl":"https:\/\/bbqassad.ee\/wp-content\/uploads\/2022\/10\/BBQ-2ssadlogo.png","width":1080,"height":1080,"caption":"BBQ \u00c4ssad"},"image":{"@id":"https:\/\/bbqassad.ee\/fi\/#\/schema\/logo\/image\/"},"sameAs":["https:\/\/www.facebook.com\/bbqassad","https:\/\/www.youtube.com\/channel\/UCsoufn49J6TVi9Ah9meE93w"]}]}},"_links":{"self":[{"href":"https:\/\/bbqassad.ee\/fi\/wp-json\/wp\/v2\/product\/21988","targetHints":{"allow":["GET"]}}],"collection":[{"href":"https:\/\/bbqassad.ee\/fi\/wp-json\/wp\/v2\/product"}],"about":[{"href":"https:\/\/bbqassad.ee\/fi\/wp-json\/wp\/v2\/types\/product"}],"replies":[{"embeddable":true,"href":"https:\/\/bbqassad.ee\/fi\/wp-json\/wp\/v2\/comments?post=21988"}],"wp:featuredmedia":[{"embeddable":true,"href":"https:\/\/bbqassad.ee\/fi\/wp-json\/wp\/v2\/media\/21989"}],"wp:attachment":[{"href":"https:\/\/bbqassad.ee\/fi\/wp-json\/wp\/v2\/media?parent=21988"}],"wp:term":[{"taxonomy":"product_brand","embeddable":true,"href":"https:\/\/bbqassad.ee\/fi\/wp-json\/wp\/v2\/product_brand?post=21988"},{"taxonomy":"product_cat","embeddable":true,"href":"https:\/\/bbqassad.ee\/fi\/wp-json\/wp\/v2\/product_cat?post=21988"},{"taxonomy":"product_tag","embeddable":true,"href":"https:\/\/bbqassad.ee\/fi\/wp-json\/wp\/v2\/product_tag?post=21988"}],"curies":[{"name":"wp","href":"https:\/\/api.w.org\/{rel}","templated":true}]}}