{"id":21978,"date":"2026-02-23T15:05:19","date_gmt":"2026-02-23T15:05:19","guid":{"rendered":"https:\/\/bbqassad.ee\/toode\/napoleon-rogue-rxt365sibpss-kaasugrilli-keraamisella-keittotasolla-ruostumaton-teras\/"},"modified":"2026-04-14T06:32:30","modified_gmt":"2026-04-14T06:32:30","slug":"napoleon-rogue-rxt365sibpss-kaasugrilli-keraamisella-keittotasolla-ruostumaton-teras","status":"publish","type":"product","link":"https:\/\/bbqassad.ee\/fi\/toode\/napoleon-rogue-rxt365sibpss-kaasugrilli-keraamisella-keittotasolla-ruostumaton-teras\/","title":{"rendered":"Napoleon Rogue RXT365SIBPSS kaasugrilli keraamisella keittotasolla (ruostumaton ter\u00e4s)"},"content":{"rendered":"<h3 data-start=\"0\" data-end=\"31\"><strong data-start=\"0\" data-end=\"31\">Miksi valita Napoleon Grilli?<\/strong><\/h3>\n<p class=\"\" data-start=\"33\" data-end=\"253\">Napoleon on kanadalainen perheyritys, joka on keskittynyt korkealaatuisten grillien ja ulkokeitinratkaisujen kehitt\u00e4miseen vuosikymmeni\u00e4. Br\u00e4ndi tunnetaan kaikkialla maailmassa luotettavuudesta, innovaatiosta ja pitk\u00e4ik\u00e4isyydest\u00e4. <\/p>\n<p class=\"\" data-start=\"255\" data-end=\"629\">Jokainen Napoleon-grilli on suunniteltu tarjoamaan tarkkaa l\u00e4mm\u00f6ns\u00e4\u00e4t\u00f6\u00e4, vankkaa rakennetta ja harkittua helppok\u00e4ytt\u00f6isyytt\u00e4. Olipa kyseess\u00e4 hiili-, kaasu- tai pellettigrilli, Napoleon yhdist\u00e4\u00e4 modernin muotoilun k\u00e4yt\u00e4nn\u00f6llisiin ratkaisuihin: ruostumattomasta ter\u00e4ksest\u00e4 valmistetut polttimet, valurautagrillit, JETFIRE\u2122-sytytysj\u00e4rjestelm\u00e4, ACCU-PROBE\u2122-l\u00e4mp\u00f6mittari ja \u00e4lykk\u00e4\u00e4t s\u00e4ilytysratkaisut ovat vain muutamia esimerkkej\u00e4. <\/p>\n<p class=\"\" data-start=\"631\" data-end=\"859\">Napoleonin valikoima kattaa kaikki tarpeet &#8211; kannettavista malleista t\u00e4ysratkaisuihin kentt\u00e4keitti\u00f6ihin. Jos arvostat luotettavuutta, toimivuutta ja monipuolisuutta grillata ymp\u00e4ri vuoden, Napoleon on oikea valinta. <\/p>\n<p>&nbsp;<\/p>\n","protected":false},"excerpt":{"rendered":"<h3><strong>Napoleon Rogue RXT365SIBPSS kaasugrilli keraamisella keittotasolla (ruostumaton ter\u00e4s)<\/strong><\/h3>\n<p class=\"\" data-start=\"236\" data-end=\"514\">Ensiluokkainen kaasugrilli, jossa on tukeva rakenne ja tarkasti viimeistellyt yksityiskohdat. Valmistettu laadukkaasta pohjoisamerikkalaisesta ter\u00e4ksest\u00e4, varustettu kahdella p\u00e4\u00e4l\u00e4mmityselementill\u00e4 ja keraamisella infrapunasivupolttimella, joka saavuttaa 900 \u00b0C:n l\u00e4mp\u00f6tilan vain kolmessa minuutissa &#8211; ihanteellinen pihvien nopeaan ruskistamiseen. <\/p>\n<p class=\"\" data-start=\"516\" data-end=\"1132\"><strong data-start=\"516\" data-end=\"528\">Ominaisuudet<\/strong><br data-start=\"528\" data-end=\"531\">&#8211; 2 ruostumattomasta ter\u00e4ksest\u00e4 valmistettua putkipoltinta<br data-start=\"568\" data-end=\"571\">&#8211; Infrapuna SIZZLE ZONE\u2122 sivupoltin (3 kW, 23 \u00d7 26 cm)<br data-start=\"625\" data-end=\"628\">&#8211; WAVE\u2122 kaksipuoliset valurautaiset grilliritil\u00e4t<br data-start=\"671\" data-end=\"674\">&#8211; Ruostumattomasta ter\u00e4ksest\u00e4 valmistetut polttimen korkit \/ l\u00e4mm\u00f6njakajat (6 kpl)<br data-start=\"732\" data-end=\"735\">&#8211; JETFIRE\u2122-sytytysj\u00e4rjestelm\u00e4 erillisell\u00e4 sytyttimell\u00e4<br data-start=\"775\" data-end=\"778\">&#8211; Sivupolttimen s\u00e4hk\u00f6sytytys<br data-start=\"809\" data-end=\"812\">&#8211; Sis\u00e4\u00e4nrakennettu grillil\u00e4mp\u00f6mittari<br data-start=\"844\" data-end=\"847\">&#8211; Kannella varustettuna. ruostumattomasta ter\u00e4ksest\u00e4 valmistettu kypsennyskammio<br data-start=\"891\" data-end=\"894\">&#8211; Pohjan s\u00e4ilytyskaappi, jossa kaksi ovea<br data-start=\"924\" data-end=\"927\">&#8211; Edest\u00e4 ulosvedett\u00e4v\u00e4 syv\u00e4\u00e4n rullattava rasvakaukalo ja erillinen rasvan tippumisastia<br data-start=\"1005\" data-end=\"1008\">&#8211; 4 lukittavaa py\u00f6r\u00e4\u00e4<br data-start=\"1031\" data-end=\"1034\">&#8211; Sivup\u00f6yd\u00e4t, joissa on ty\u00f6taso ja tarvikekoukut<br data-start=\"1078\" data-end=\"1081\">&#8211; Napoleon Limited 10 polttimille10 vuoden takuu<\/p>\n<p class=\"\" data-start=\"1134\" data-end=\"1313\"><strong data-start=\"1134\" data-end=\"1155\">Tekniset tiedot<\/strong><br data-start=\"1155\" data-end=\"1158\">&#8211; Kokonaisteho: 13,5 kW<br data-start=\"1182\" data-end=\"1185\">&#8211; Grillausalue: 51 \u00d7 45 cm<br data-start=\"1208\" data-end=\"1211\">&#8211; L\u00e4mmitysritil\u00e4: 50 \u00d7 12 cm<br data-start=\"1238\" data-end=\"1241\">&#8211; Mitat: 120 \u00d7 120 \u00d7 64 cm (L \u00d7 K \u00d7 S)<br data-start=\"1281\" data-end=\"1284\">&#8211; Polttoaine: propaani (kaasupullolla).<\/p>\n<hr class=\"\" data-start=\"1315\" data-end=\"1318\">\n","protected":false},"featured_media":21979,"comment_status":"closed","ping_status":"closed","template":"","meta":[],"product_brand":[768],"product_cat":[786,781],"product_tag":[],"class_list":{"0":"post-21978","1":"product","2":"type-product","3":"status-publish","4":"has-post-thumbnail","6":"product_brand-napoleon","7":"product_cat-napoleonin-kaasugrillit","8":"product_cat-uunit","9":"product_shipping_class-ilmainen-toimitus","11":"first","12":"instock","13":"taxable","14":"shipping-taxable","15":"purchasable","16":"product-type-simple"},"yoast_head":"<!-- This site is optimized with the Yoast SEO plugin v27.4 - https:\/\/yoast.com\/product\/yoast-seo-wordpress\/ -->\n<title>Napoleon Rogue RXT365SIBPSS kaasugrilli - BBQ \u00c4ssad%<\/title>\n<meta name=\"description\" content=\"Napoleon Rogue RXT365SIBPSS on korkealaatuinen kaasugrilli, jossa on ruostumattomasta ter\u00e4ksest\u00e4 valmistettu rakenne ja keraaminen infrapunapoltin. Ihanteellinen pihvien paistamiseen\" \/>\n<meta name=\"robots\" content=\"index, follow, max-snippet:-1, max-image-preview:large, max-video-preview:-1\" \/>\n<link rel=\"canonical\" href=\"https:\/\/bbqassad.ee\/fi\/toode\/napoleon-rogue-rxt365sibpss-kaasugrilli-keraamisella-keittotasolla-ruostumaton-teras\/\" \/>\n<meta property=\"og:locale\" content=\"fi_FI\" \/>\n<meta property=\"og:type\" content=\"article\" \/>\n<meta property=\"og:title\" content=\"Napoleon Rogue RXT365SIBPSS kaasugrilli - BBQ \u00c4ssad%\" \/>\n<meta property=\"og:description\" content=\"Napoleon Rogue RXT365SIBPSS on korkealaatuinen kaasugrilli, jossa on ruostumattomasta ter\u00e4ksest\u00e4 valmistettu rakenne ja keraaminen infrapunapoltin. Ihanteellinen pihvien paistamiseen\" \/>\n<meta property=\"og:url\" content=\"https:\/\/bbqassad.ee\/fi\/toode\/napoleon-rogue-rxt365sibpss-kaasugrilli-keraamisella-keittotasolla-ruostumaton-teras\/\" \/>\n<meta property=\"og:site_name\" content=\"BBQ \u00c4ssad\" \/>\n<meta property=\"article:publisher\" content=\"https:\/\/www.facebook.com\/bbqassad\" \/>\n<meta property=\"article:modified_time\" content=\"2026-04-14T06:32:30+00:00\" \/>\n<meta property=\"og:image\" content=\"https:\/\/bbqassad.ee\/wp-content\/uploads\/2026\/02\/Napoleon-RXT365SIB-gaasigrill.png\" \/>\n<meta name=\"twitter:card\" content=\"summary_large_image\" \/>\n<meta name=\"twitter:title\" content=\"Napoleon Rogue RXT365SIBPSS kaasugrilli - BBQ \u00c4ssad%\" \/>\n<meta name=\"twitter:description\" content=\"Napoleon Rogue RXT365SIBPSS on korkealaatuinen kaasugrilli, jossa on ruostumattomasta ter\u00e4ksest\u00e4 valmistettu rakenne ja keraaminen infrapunapoltin. Ihanteellinen pihvien paistamiseen\" \/>\n<meta name=\"twitter:image\" content=\"https:\/\/bbqassad.ee\/wp-content\/uploads\/2026\/02\/Napoleon-RXT365SIB-gaasigrill.png\" \/>\n<meta name=\"twitter:label1\" content=\"Arvioitu lukuaika\" \/>\n\t<meta name=\"twitter:data1\" content=\"1 minuutti\" \/>\n<script type=\"application\/ld+json\" class=\"yoast-schema-graph\">{\"@context\":\"https:\\\/\\\/schema.org\",\"@graph\":[{\"@type\":\"WebPage\",\"@id\":\"https:\\\/\\\/bbqassad.ee\\\/fi\\\/toode\\\/napoleon-rogue-rxt365sibpss-kaasugrilli-keraamisella-keittotasolla-ruostumaton-teras\\\/\",\"url\":\"https:\\\/\\\/bbqassad.ee\\\/fi\\\/toode\\\/napoleon-rogue-rxt365sibpss-kaasugrilli-keraamisella-keittotasolla-ruostumaton-teras\\\/\",\"name\":\"Napoleon Rogue RXT365SIBPSS kaasugrilli - BBQ \u00c4ssad%\",\"isPartOf\":{\"@id\":\"https:\\\/\\\/bbqassad.ee\\\/fi\\\/#website\"},\"primaryImageOfPage\":{\"@id\":\"https:\\\/\\\/bbqassad.ee\\\/fi\\\/toode\\\/napoleon-rogue-rxt365sibpss-kaasugrilli-keraamisella-keittotasolla-ruostumaton-teras\\\/#primaryimage\"},\"image\":{\"@id\":\"https:\\\/\\\/bbqassad.ee\\\/fi\\\/toode\\\/napoleon-rogue-rxt365sibpss-kaasugrilli-keraamisella-keittotasolla-ruostumaton-teras\\\/#primaryimage\"},\"thumbnailUrl\":\"https:\\\/\\\/bbqassad.ee\\\/wp-content\\\/uploads\\\/2026\\\/02\\\/Napoleon-RXT365SIB-gaasigrill.png\",\"datePublished\":\"2026-02-23T15:05:19+00:00\",\"dateModified\":\"2026-04-14T06:32:30+00:00\",\"description\":\"Napoleon Rogue RXT365SIBPSS on korkealaatuinen kaasugrilli, jossa on ruostumattomasta ter\u00e4ksest\u00e4 valmistettu rakenne ja keraaminen infrapunapoltin. Ihanteellinen pihvien paistamiseen\",\"breadcrumb\":{\"@id\":\"https:\\\/\\\/bbqassad.ee\\\/fi\\\/toode\\\/napoleon-rogue-rxt365sibpss-kaasugrilli-keraamisella-keittotasolla-ruostumaton-teras\\\/#breadcrumb\"},\"inLanguage\":\"fi\",\"potentialAction\":[{\"@type\":\"ReadAction\",\"target\":[\"https:\\\/\\\/bbqassad.ee\\\/fi\\\/toode\\\/napoleon-rogue-rxt365sibpss-kaasugrilli-keraamisella-keittotasolla-ruostumaton-teras\\\/\"]}]},{\"@type\":\"ImageObject\",\"inLanguage\":\"fi\",\"@id\":\"https:\\\/\\\/bbqassad.ee\\\/fi\\\/toode\\\/napoleon-rogue-rxt365sibpss-kaasugrilli-keraamisella-keittotasolla-ruostumaton-teras\\\/#primaryimage\",\"url\":\"https:\\\/\\\/bbqassad.ee\\\/wp-content\\\/uploads\\\/2026\\\/02\\\/Napoleon-RXT365SIB-gaasigrill.png\",\"contentUrl\":\"https:\\\/\\\/bbqassad.ee\\\/wp-content\\\/uploads\\\/2026\\\/02\\\/Napoleon-RXT365SIB-gaasigrill.png\",\"width\":300,\"height\":300},{\"@type\":\"BreadcrumbList\",\"@id\":\"https:\\\/\\\/bbqassad.ee\\\/fi\\\/toode\\\/napoleon-rogue-rxt365sibpss-kaasugrilli-keraamisella-keittotasolla-ruostumaton-teras\\\/#breadcrumb\",\"itemListElement\":[{\"@type\":\"ListItem\",\"position\":1,\"name\":\"Home\",\"item\":\"https:\\\/\\\/bbqassad.ee\\\/fi\\\/bbq-assat\\\/\"},{\"@type\":\"ListItem\",\"position\":2,\"name\":\"Verkkokauppa\",\"item\":\"https:\\\/\\\/bbqassad.ee\\\/fi\\\/verkkokauppa\\\/\"},{\"@type\":\"ListItem\",\"position\":3,\"name\":\"Napoleon Rogue RXT365SIBPSS kaasugrilli keraamisella keittotasolla (ruostumaton ter\u00e4s)\"}]},{\"@type\":\"WebSite\",\"@id\":\"https:\\\/\\\/bbqassad.ee\\\/fi\\\/#website\",\"url\":\"https:\\\/\\\/bbqassad.ee\\\/fi\\\/\",\"name\":\"BBQ \u00c4ssad\",\"description\":\"BBQ maitseained, kastmed, ahjud\",\"publisher\":{\"@id\":\"https:\\\/\\\/bbqassad.ee\\\/fi\\\/#organization\"},\"potentialAction\":[{\"@type\":\"SearchAction\",\"target\":{\"@type\":\"EntryPoint\",\"urlTemplate\":\"https:\\\/\\\/bbqassad.ee\\\/fi\\\/?s={search_term_string}\"},\"query-input\":{\"@type\":\"PropertyValueSpecification\",\"valueRequired\":true,\"valueName\":\"search_term_string\"}}],\"inLanguage\":\"fi\"},{\"@type\":\"Organization\",\"@id\":\"https:\\\/\\\/bbqassad.ee\\\/fi\\\/#organization\",\"name\":\"BBQ \u00c4ssad\",\"url\":\"https:\\\/\\\/bbqassad.ee\\\/fi\\\/\",\"logo\":{\"@type\":\"ImageObject\",\"inLanguage\":\"fi\",\"@id\":\"https:\\\/\\\/bbqassad.ee\\\/fi\\\/#\\\/schema\\\/logo\\\/image\\\/\",\"url\":\"https:\\\/\\\/bbqassad.ee\\\/wp-content\\\/uploads\\\/2022\\\/10\\\/BBQ-2ssadlogo.png\",\"contentUrl\":\"https:\\\/\\\/bbqassad.ee\\\/wp-content\\\/uploads\\\/2022\\\/10\\\/BBQ-2ssadlogo.png\",\"width\":1080,\"height\":1080,\"caption\":\"BBQ \u00c4ssad\"},\"image\":{\"@id\":\"https:\\\/\\\/bbqassad.ee\\\/fi\\\/#\\\/schema\\\/logo\\\/image\\\/\"},\"sameAs\":[\"https:\\\/\\\/www.facebook.com\\\/bbqassad\",\"https:\\\/\\\/www.youtube.com\\\/channel\\\/UCsoufn49J6TVi9Ah9meE93w\"]}]}<\/script>\n<!-- \/ Yoast SEO plugin. -->","yoast_head_json":{"title":"Napoleon Rogue RXT365SIBPSS kaasugrilli - BBQ \u00c4ssad%","description":"Napoleon Rogue RXT365SIBPSS on korkealaatuinen kaasugrilli, jossa on ruostumattomasta ter\u00e4ksest\u00e4 valmistettu rakenne ja keraaminen infrapunapoltin. Ihanteellinen pihvien paistamiseen","robots":{"index":"index","follow":"follow","max-snippet":"max-snippet:-1","max-image-preview":"max-image-preview:large","max-video-preview":"max-video-preview:-1"},"canonical":"https:\/\/bbqassad.ee\/fi\/toode\/napoleon-rogue-rxt365sibpss-kaasugrilli-keraamisella-keittotasolla-ruostumaton-teras\/","og_locale":"fi_FI","og_type":"article","og_title":"Napoleon Rogue RXT365SIBPSS kaasugrilli - BBQ \u00c4ssad%","og_description":"Napoleon Rogue RXT365SIBPSS on korkealaatuinen kaasugrilli, jossa on ruostumattomasta ter\u00e4ksest\u00e4 valmistettu rakenne ja keraaminen infrapunapoltin. Ihanteellinen pihvien paistamiseen","og_url":"https:\/\/bbqassad.ee\/fi\/toode\/napoleon-rogue-rxt365sibpss-kaasugrilli-keraamisella-keittotasolla-ruostumaton-teras\/","og_site_name":"BBQ \u00c4ssad","article_publisher":"https:\/\/www.facebook.com\/bbqassad","article_modified_time":"2026-04-14T06:32:30+00:00","og_image":[{"url":"https:\/\/bbqassad.ee\/wp-content\/uploads\/2026\/02\/Napoleon-RXT365SIB-gaasigrill.png","type":"","width":"","height":""}],"twitter_card":"summary_large_image","twitter_title":"Napoleon Rogue RXT365SIBPSS kaasugrilli - BBQ \u00c4ssad%","twitter_description":"Napoleon Rogue RXT365SIBPSS on korkealaatuinen kaasugrilli, jossa on ruostumattomasta ter\u00e4ksest\u00e4 valmistettu rakenne ja keraaminen infrapunapoltin. Ihanteellinen pihvien paistamiseen","twitter_image":"https:\/\/bbqassad.ee\/wp-content\/uploads\/2026\/02\/Napoleon-RXT365SIB-gaasigrill.png","twitter_misc":{"Arvioitu lukuaika":"1 minuutti"},"schema":{"@context":"https:\/\/schema.org","@graph":[{"@type":"WebPage","@id":"https:\/\/bbqassad.ee\/fi\/toode\/napoleon-rogue-rxt365sibpss-kaasugrilli-keraamisella-keittotasolla-ruostumaton-teras\/","url":"https:\/\/bbqassad.ee\/fi\/toode\/napoleon-rogue-rxt365sibpss-kaasugrilli-keraamisella-keittotasolla-ruostumaton-teras\/","name":"Napoleon Rogue RXT365SIBPSS kaasugrilli - BBQ \u00c4ssad%","isPartOf":{"@id":"https:\/\/bbqassad.ee\/fi\/#website"},"primaryImageOfPage":{"@id":"https:\/\/bbqassad.ee\/fi\/toode\/napoleon-rogue-rxt365sibpss-kaasugrilli-keraamisella-keittotasolla-ruostumaton-teras\/#primaryimage"},"image":{"@id":"https:\/\/bbqassad.ee\/fi\/toode\/napoleon-rogue-rxt365sibpss-kaasugrilli-keraamisella-keittotasolla-ruostumaton-teras\/#primaryimage"},"thumbnailUrl":"https:\/\/bbqassad.ee\/wp-content\/uploads\/2026\/02\/Napoleon-RXT365SIB-gaasigrill.png","datePublished":"2026-02-23T15:05:19+00:00","dateModified":"2026-04-14T06:32:30+00:00","description":"Napoleon Rogue RXT365SIBPSS on korkealaatuinen kaasugrilli, jossa on ruostumattomasta ter\u00e4ksest\u00e4 valmistettu rakenne ja keraaminen infrapunapoltin. Ihanteellinen pihvien paistamiseen","breadcrumb":{"@id":"https:\/\/bbqassad.ee\/fi\/toode\/napoleon-rogue-rxt365sibpss-kaasugrilli-keraamisella-keittotasolla-ruostumaton-teras\/#breadcrumb"},"inLanguage":"fi","potentialAction":[{"@type":"ReadAction","target":["https:\/\/bbqassad.ee\/fi\/toode\/napoleon-rogue-rxt365sibpss-kaasugrilli-keraamisella-keittotasolla-ruostumaton-teras\/"]}]},{"@type":"ImageObject","inLanguage":"fi","@id":"https:\/\/bbqassad.ee\/fi\/toode\/napoleon-rogue-rxt365sibpss-kaasugrilli-keraamisella-keittotasolla-ruostumaton-teras\/#primaryimage","url":"https:\/\/bbqassad.ee\/wp-content\/uploads\/2026\/02\/Napoleon-RXT365SIB-gaasigrill.png","contentUrl":"https:\/\/bbqassad.ee\/wp-content\/uploads\/2026\/02\/Napoleon-RXT365SIB-gaasigrill.png","width":300,"height":300},{"@type":"BreadcrumbList","@id":"https:\/\/bbqassad.ee\/fi\/toode\/napoleon-rogue-rxt365sibpss-kaasugrilli-keraamisella-keittotasolla-ruostumaton-teras\/#breadcrumb","itemListElement":[{"@type":"ListItem","position":1,"name":"Home","item":"https:\/\/bbqassad.ee\/fi\/bbq-assat\/"},{"@type":"ListItem","position":2,"name":"Verkkokauppa","item":"https:\/\/bbqassad.ee\/fi\/verkkokauppa\/"},{"@type":"ListItem","position":3,"name":"Napoleon Rogue RXT365SIBPSS kaasugrilli keraamisella keittotasolla (ruostumaton ter\u00e4s)"}]},{"@type":"WebSite","@id":"https:\/\/bbqassad.ee\/fi\/#website","url":"https:\/\/bbqassad.ee\/fi\/","name":"BBQ \u00c4ssad","description":"BBQ maitseained, kastmed, ahjud","publisher":{"@id":"https:\/\/bbqassad.ee\/fi\/#organization"},"potentialAction":[{"@type":"SearchAction","target":{"@type":"EntryPoint","urlTemplate":"https:\/\/bbqassad.ee\/fi\/?s={search_term_string}"},"query-input":{"@type":"PropertyValueSpecification","valueRequired":true,"valueName":"search_term_string"}}],"inLanguage":"fi"},{"@type":"Organization","@id":"https:\/\/bbqassad.ee\/fi\/#organization","name":"BBQ \u00c4ssad","url":"https:\/\/bbqassad.ee\/fi\/","logo":{"@type":"ImageObject","inLanguage":"fi","@id":"https:\/\/bbqassad.ee\/fi\/#\/schema\/logo\/image\/","url":"https:\/\/bbqassad.ee\/wp-content\/uploads\/2022\/10\/BBQ-2ssadlogo.png","contentUrl":"https:\/\/bbqassad.ee\/wp-content\/uploads\/2022\/10\/BBQ-2ssadlogo.png","width":1080,"height":1080,"caption":"BBQ \u00c4ssad"},"image":{"@id":"https:\/\/bbqassad.ee\/fi\/#\/schema\/logo\/image\/"},"sameAs":["https:\/\/www.facebook.com\/bbqassad","https:\/\/www.youtube.com\/channel\/UCsoufn49J6TVi9Ah9meE93w"]}]}},"_links":{"self":[{"href":"https:\/\/bbqassad.ee\/fi\/wp-json\/wp\/v2\/product\/21978","targetHints":{"allow":["GET"]}}],"collection":[{"href":"https:\/\/bbqassad.ee\/fi\/wp-json\/wp\/v2\/product"}],"about":[{"href":"https:\/\/bbqassad.ee\/fi\/wp-json\/wp\/v2\/types\/product"}],"replies":[{"embeddable":true,"href":"https:\/\/bbqassad.ee\/fi\/wp-json\/wp\/v2\/comments?post=21978"}],"wp:featuredmedia":[{"embeddable":true,"href":"https:\/\/bbqassad.ee\/fi\/wp-json\/wp\/v2\/media\/21979"}],"wp:attachment":[{"href":"https:\/\/bbqassad.ee\/fi\/wp-json\/wp\/v2\/media?parent=21978"}],"wp:term":[{"taxonomy":"product_brand","embeddable":true,"href":"https:\/\/bbqassad.ee\/fi\/wp-json\/wp\/v2\/product_brand?post=21978"},{"taxonomy":"product_cat","embeddable":true,"href":"https:\/\/bbqassad.ee\/fi\/wp-json\/wp\/v2\/product_cat?post=21978"},{"taxonomy":"product_tag","embeddable":true,"href":"https:\/\/bbqassad.ee\/fi\/wp-json\/wp\/v2\/product_tag?post=21978"}],"curies":[{"name":"wp","href":"https:\/\/api.w.org\/{rel}","templated":true}]}}