{"id":21961,"date":"2026-02-23T15:05:20","date_gmt":"2026-02-23T15:05:20","guid":{"rendered":"https:\/\/bbqassad.ee\/toode\/napoleon-shish-kebab-sauvamoduuli\/"},"modified":"2026-04-14T06:32:29","modified_gmt":"2026-04-14T06:32:29","slug":"napoleon-shish-kebab-sauvamoduuli","status":"publish","type":"product","link":"https:\/\/bbqassad.ee\/fi\/toode\/napoleon-shish-kebab-sauvamoduuli\/","title":{"rendered":"Napoleon &#8221;Shish Kebab&#8221; sauvamoduuli"},"content":{"rendered":"<h3 data-start=\"0\" data-end=\"50\"><strong data-start=\"0\" data-end=\"50\">Mik\u00e4 on rotisserie ja mihin sit\u00e4 k\u00e4ytet\u00e4\u00e4n?<\/strong><\/h3>\n<p class=\"\" data-start=\"52\" data-end=\"355\">Rotisserie on grillausmenetelm\u00e4, jossa ruoka on kiinnitetty tankoon ja py\u00f6rii jatkuvasti kypsennyksen aikana. N\u00e4in ruoka kypsyy tasaisesti joka puolelta ilman manuaalista py\u00f6ritt\u00e4mist\u00e4. Moottori py\u00f6ritt\u00e4\u00e4 tankoa hitaasti, jolloin lihan mehukkuus s\u00e4ilyy ja pinta rapeutuu.  <\/p>\n<p class=\"\" data-start=\"357\" data-end=\"616\">Rotisserie soveltuu erityisen hyvin kokonaisten kanojen, suurempien lihapalojen, kalan ja my\u00f6s vihannesten kypsent\u00e4miseen. Kyseess\u00e4 on klassinen grillaustekniikka, jolla saadaan erityisen murea ja maukas lopputulos, kun se kypsennet\u00e4\u00e4n matalalla ja tasaisella l\u00e4mm\u00f6ll\u00e4. <\/p>\n","protected":false},"excerpt":{"rendered":"<h3 data-start=\"175\" data-end=\"227\"><strong data-start=\"175\" data-end=\"227\">Napoleon &#8221;Shish Kebab&#8221; sauvamoduuli py\u00f6riv\u00e4\u00e4 tankoa varten<\/strong><\/h3>\n<p class=\"\" data-start=\"229\" data-end=\"678\">T\u00e4m\u00e4 moduuli helpottaa ja tehostaa shashlikin ja vihannesten grillausta. Voit grillata kerralla koko er\u00e4n tasakyps\u00e4\u00e4 paistia, eik\u00e4 jokaista vartasta tarvitse k\u00e4\u00e4nt\u00e4\u00e4 erikseen. Py\u00f6riv\u00e4n mekanismin ansiosta kaikki sis\u00e4lt\u00f6 kypsyy tasaisesti ja pysyy mehukkaana, eiv\u00e4tk\u00e4 herkemm\u00e4t ainekset tartu telineeseen tai hajoa kypsennyksen aikana. Ihanteellinen niille, jotka haluavat saada grillist\u00e4 kaiken irti ja tarjoilla useampia ruokia kerralla.   <\/p>\n<p class=\"\" data-start=\"680\" data-end=\"695\"><strong data-start=\"680\" data-end=\"693\">Ominaisuudet:<\/strong><\/p>\n<ul data-start=\"696\" data-end=\"971\" data-is-last-node=\"\" data-is-only-node=\"\">\n<li class=\"\" data-start=\"696\" data-end=\"736\">\n<p class=\"\" data-start=\"698\" data-end=\"736\">yhteensopiva kaikkien Napoleonin k\u00e4\u00e4ntyvien sauvojen kanssa.<\/p>\n<\/li>\n<li class=\"\" data-start=\"737\" data-end=\"787\">\n<p class=\"\" data-start=\"739\" data-end=\"787\">6 ruostumattomasta ter\u00e4ksest\u00e4 valmistettua tankoa (pituus 42 cm)<\/p>\n<\/li>\n<li class=\"\" data-start=\"788\" data-end=\"831\">\n<p class=\"\" data-start=\"790\" data-end=\"831\">py\u00f6riv\u00e4\u00e4n rumpuun kiinnitetyt tangot<\/p>\n<\/li>\n<li class=\"\" data-start=\"832\" data-end=\"891\">\n<p class=\"\" data-start=\"834\" data-end=\"891\">ihanteellinen shashlikin, vihannesten ja sienien valmistukseen.<\/p>\n<\/li>\n<li class=\"\" data-start=\"892\" data-end=\"938\">\n<p class=\"\" data-start=\"894\" data-end=\"938\">tasainen kypsennys ilman manuaalista k\u00e4\u00e4nt\u00e4mist\u00e4<\/p>\n<\/li>\n<li class=\"\" data-start=\"939\" data-end=\"971\">\n<p class=\"\" data-start=\"941\" data-end=\"971\">helppo asentaa ja puhdistaa<\/p>\n<\/li>\n<\/ul>\n","protected":false},"featured_media":13466,"comment_status":"closed","ping_status":"closed","template":"","meta":[],"product_brand":[768],"product_cat":[785],"product_tag":[],"class_list":{"0":"post-21961","1":"product","2":"type-product","3":"status-publish","4":"has-post-thumbnail","6":"product_brand-napoleon","7":"product_cat-kaasugrillien-tarvikkeet","9":"first","10":"instock","11":"taxable","12":"shipping-taxable","13":"purchasable","14":"product-type-simple"},"yoast_head":"<!-- This site is optimized with the Yoast SEO plugin v27.4 - https:\/\/yoast.com\/product\/yoast-seo-wordpress\/ -->\n<title>Napoleon &quot;Shish Kebab&quot; sauvamoduuli -% BBQ \u00c4ssad%<\/title>\n<meta name=\"description\" content=\"Napoleon &quot;Shish Kebab&quot; -tankomoduuli helpottaa shish kebabien ja vihannesten grillausta. Voit valmistaa useita kebabeja kerralla ja pit\u00e4\u00e4 ne silti mehukkaina.\" \/>\n<meta name=\"robots\" content=\"index, follow, max-snippet:-1, max-image-preview:large, max-video-preview:-1\" \/>\n<link rel=\"canonical\" href=\"https:\/\/bbqassad.ee\/fi\/toode\/napoleon-shish-kebab-sauvamoduuli\/\" \/>\n<meta property=\"og:locale\" content=\"fi_FI\" \/>\n<meta property=\"og:type\" content=\"article\" \/>\n<meta property=\"og:title\" content=\"Napoleon &quot;Shish Kebab&quot; sauvamoduuli -% BBQ \u00c4ssad%\" \/>\n<meta property=\"og:description\" content=\"Napoleon &quot;Shish Kebab&quot; -tankomoduuli helpottaa shish kebabien ja vihannesten grillausta. Voit valmistaa useita kebabeja kerralla ja pit\u00e4\u00e4 ne silti mehukkaina.\" \/>\n<meta property=\"og:url\" content=\"https:\/\/bbqassad.ee\/fi\/toode\/napoleon-shish-kebab-sauvamoduuli\/\" \/>\n<meta property=\"og:site_name\" content=\"BBQ \u00c4ssad\" \/>\n<meta property=\"article:publisher\" content=\"https:\/\/www.facebook.com\/bbqassad\" \/>\n<meta property=\"article:modified_time\" content=\"2026-04-14T06:32:29+00:00\" \/>\n<meta property=\"og:image\" content=\"https:\/\/bbqassad.ee\/wp-content\/uploads\/2026\/02\/Napoleon-shiskebab-poordvardamoodul-gaasigrillid.webp\" \/>\n<meta name=\"twitter:card\" content=\"summary_large_image\" \/>\n<meta name=\"twitter:title\" content=\"Napoleon &quot;Shish Kebab&quot; sauvamoduuli -% BBQ \u00c4ssad%\" \/>\n<meta name=\"twitter:description\" content=\"Napoleon &quot;Shish Kebab&quot; -tankomoduuli helpottaa shish kebabien ja vihannesten grillausta. Voit valmistaa useita kebabeja kerralla ja pit\u00e4\u00e4 ne silti mehukkaina.\" \/>\n<meta name=\"twitter:image\" content=\"https:\/\/bbqassad.ee\/wp-content\/uploads\/2026\/02\/Napoleon-shiskebab-poordvardamoodul-gaasigrillid.webp\" \/>\n<script type=\"application\/ld+json\" class=\"yoast-schema-graph\">{\"@context\":\"https:\\\/\\\/schema.org\",\"@graph\":[{\"@type\":\"WebPage\",\"@id\":\"https:\\\/\\\/bbqassad.ee\\\/fi\\\/toode\\\/napoleon-shish-kebab-sauvamoduuli\\\/\",\"url\":\"https:\\\/\\\/bbqassad.ee\\\/fi\\\/toode\\\/napoleon-shish-kebab-sauvamoduuli\\\/\",\"name\":\"Napoleon \\\"Shish Kebab\\\" sauvamoduuli -% BBQ \u00c4ssad%\",\"isPartOf\":{\"@id\":\"https:\\\/\\\/bbqassad.ee\\\/fi\\\/#website\"},\"primaryImageOfPage\":{\"@id\":\"https:\\\/\\\/bbqassad.ee\\\/fi\\\/toode\\\/napoleon-shish-kebab-sauvamoduuli\\\/#primaryimage\"},\"image\":{\"@id\":\"https:\\\/\\\/bbqassad.ee\\\/fi\\\/toode\\\/napoleon-shish-kebab-sauvamoduuli\\\/#primaryimage\"},\"thumbnailUrl\":\"https:\\\/\\\/bbqassad.ee\\\/wp-content\\\/uploads\\\/2026\\\/02\\\/Napoleon-shiskebab-poordvardamoodul-gaasigrillid.webp\",\"datePublished\":\"2026-02-23T15:05:20+00:00\",\"dateModified\":\"2026-04-14T06:32:29+00:00\",\"description\":\"Napoleon \\\"Shish Kebab\\\" -tankomoduuli helpottaa shish kebabien ja vihannesten grillausta. Voit valmistaa useita kebabeja kerralla ja pit\u00e4\u00e4 ne silti mehukkaina.\",\"breadcrumb\":{\"@id\":\"https:\\\/\\\/bbqassad.ee\\\/fi\\\/toode\\\/napoleon-shish-kebab-sauvamoduuli\\\/#breadcrumb\"},\"inLanguage\":\"fi\",\"potentialAction\":[{\"@type\":\"ReadAction\",\"target\":[\"https:\\\/\\\/bbqassad.ee\\\/fi\\\/toode\\\/napoleon-shish-kebab-sauvamoduuli\\\/\"]}]},{\"@type\":\"ImageObject\",\"inLanguage\":\"fi\",\"@id\":\"https:\\\/\\\/bbqassad.ee\\\/fi\\\/toode\\\/napoleon-shish-kebab-sauvamoduuli\\\/#primaryimage\",\"url\":\"https:\\\/\\\/bbqassad.ee\\\/wp-content\\\/uploads\\\/2026\\\/02\\\/Napoleon-shiskebab-poordvardamoodul-gaasigrillid.webp\",\"contentUrl\":\"https:\\\/\\\/bbqassad.ee\\\/wp-content\\\/uploads\\\/2026\\\/02\\\/Napoleon-shiskebab-poordvardamoodul-gaasigrillid.webp\",\"width\":420,\"height\":420},{\"@type\":\"BreadcrumbList\",\"@id\":\"https:\\\/\\\/bbqassad.ee\\\/fi\\\/toode\\\/napoleon-shish-kebab-sauvamoduuli\\\/#breadcrumb\",\"itemListElement\":[{\"@type\":\"ListItem\",\"position\":1,\"name\":\"Home\",\"item\":\"https:\\\/\\\/bbqassad.ee\\\/fi\\\/bbq-assat\\\/\"},{\"@type\":\"ListItem\",\"position\":2,\"name\":\"Verkkokauppa\",\"item\":\"https:\\\/\\\/bbqassad.ee\\\/fi\\\/verkkokauppa\\\/\"},{\"@type\":\"ListItem\",\"position\":3,\"name\":\"Napoleon &#8220;Shish Kebab&#8221; sauvamoduuli\"}]},{\"@type\":\"WebSite\",\"@id\":\"https:\\\/\\\/bbqassad.ee\\\/fi\\\/#website\",\"url\":\"https:\\\/\\\/bbqassad.ee\\\/fi\\\/\",\"name\":\"BBQ \u00c4ssad\",\"description\":\"BBQ maitseained, kastmed, ahjud\",\"publisher\":{\"@id\":\"https:\\\/\\\/bbqassad.ee\\\/fi\\\/#organization\"},\"potentialAction\":[{\"@type\":\"SearchAction\",\"target\":{\"@type\":\"EntryPoint\",\"urlTemplate\":\"https:\\\/\\\/bbqassad.ee\\\/fi\\\/?s={search_term_string}\"},\"query-input\":{\"@type\":\"PropertyValueSpecification\",\"valueRequired\":true,\"valueName\":\"search_term_string\"}}],\"inLanguage\":\"fi\"},{\"@type\":\"Organization\",\"@id\":\"https:\\\/\\\/bbqassad.ee\\\/fi\\\/#organization\",\"name\":\"BBQ \u00c4ssad\",\"url\":\"https:\\\/\\\/bbqassad.ee\\\/fi\\\/\",\"logo\":{\"@type\":\"ImageObject\",\"inLanguage\":\"fi\",\"@id\":\"https:\\\/\\\/bbqassad.ee\\\/fi\\\/#\\\/schema\\\/logo\\\/image\\\/\",\"url\":\"https:\\\/\\\/bbqassad.ee\\\/wp-content\\\/uploads\\\/2022\\\/10\\\/BBQ-2ssadlogo.png\",\"contentUrl\":\"https:\\\/\\\/bbqassad.ee\\\/wp-content\\\/uploads\\\/2022\\\/10\\\/BBQ-2ssadlogo.png\",\"width\":1080,\"height\":1080,\"caption\":\"BBQ \u00c4ssad\"},\"image\":{\"@id\":\"https:\\\/\\\/bbqassad.ee\\\/fi\\\/#\\\/schema\\\/logo\\\/image\\\/\"},\"sameAs\":[\"https:\\\/\\\/www.facebook.com\\\/bbqassad\",\"https:\\\/\\\/www.youtube.com\\\/channel\\\/UCsoufn49J6TVi9Ah9meE93w\"]}]}<\/script>\n<!-- \/ Yoast SEO plugin. -->","yoast_head_json":{"title":"Napoleon \"Shish Kebab\" sauvamoduuli -% BBQ \u00c4ssad%","description":"Napoleon \"Shish Kebab\" -tankomoduuli helpottaa shish kebabien ja vihannesten grillausta. Voit valmistaa useita kebabeja kerralla ja pit\u00e4\u00e4 ne silti mehukkaina.","robots":{"index":"index","follow":"follow","max-snippet":"max-snippet:-1","max-image-preview":"max-image-preview:large","max-video-preview":"max-video-preview:-1"},"canonical":"https:\/\/bbqassad.ee\/fi\/toode\/napoleon-shish-kebab-sauvamoduuli\/","og_locale":"fi_FI","og_type":"article","og_title":"Napoleon \"Shish Kebab\" sauvamoduuli -% BBQ \u00c4ssad%","og_description":"Napoleon \"Shish Kebab\" -tankomoduuli helpottaa shish kebabien ja vihannesten grillausta. Voit valmistaa useita kebabeja kerralla ja pit\u00e4\u00e4 ne silti mehukkaina.","og_url":"https:\/\/bbqassad.ee\/fi\/toode\/napoleon-shish-kebab-sauvamoduuli\/","og_site_name":"BBQ \u00c4ssad","article_publisher":"https:\/\/www.facebook.com\/bbqassad","article_modified_time":"2026-04-14T06:32:29+00:00","og_image":[{"url":"https:\/\/bbqassad.ee\/wp-content\/uploads\/2026\/02\/Napoleon-shiskebab-poordvardamoodul-gaasigrillid.webp","type":"","width":"","height":""}],"twitter_card":"summary_large_image","twitter_title":"Napoleon \"Shish Kebab\" sauvamoduuli -% BBQ \u00c4ssad%","twitter_description":"Napoleon \"Shish Kebab\" -tankomoduuli helpottaa shish kebabien ja vihannesten grillausta. Voit valmistaa useita kebabeja kerralla ja pit\u00e4\u00e4 ne silti mehukkaina.","twitter_image":"https:\/\/bbqassad.ee\/wp-content\/uploads\/2026\/02\/Napoleon-shiskebab-poordvardamoodul-gaasigrillid.webp","schema":{"@context":"https:\/\/schema.org","@graph":[{"@type":"WebPage","@id":"https:\/\/bbqassad.ee\/fi\/toode\/napoleon-shish-kebab-sauvamoduuli\/","url":"https:\/\/bbqassad.ee\/fi\/toode\/napoleon-shish-kebab-sauvamoduuli\/","name":"Napoleon \"Shish Kebab\" sauvamoduuli -% BBQ \u00c4ssad%","isPartOf":{"@id":"https:\/\/bbqassad.ee\/fi\/#website"},"primaryImageOfPage":{"@id":"https:\/\/bbqassad.ee\/fi\/toode\/napoleon-shish-kebab-sauvamoduuli\/#primaryimage"},"image":{"@id":"https:\/\/bbqassad.ee\/fi\/toode\/napoleon-shish-kebab-sauvamoduuli\/#primaryimage"},"thumbnailUrl":"https:\/\/bbqassad.ee\/wp-content\/uploads\/2026\/02\/Napoleon-shiskebab-poordvardamoodul-gaasigrillid.webp","datePublished":"2026-02-23T15:05:20+00:00","dateModified":"2026-04-14T06:32:29+00:00","description":"Napoleon \"Shish Kebab\" -tankomoduuli helpottaa shish kebabien ja vihannesten grillausta. Voit valmistaa useita kebabeja kerralla ja pit\u00e4\u00e4 ne silti mehukkaina.","breadcrumb":{"@id":"https:\/\/bbqassad.ee\/fi\/toode\/napoleon-shish-kebab-sauvamoduuli\/#breadcrumb"},"inLanguage":"fi","potentialAction":[{"@type":"ReadAction","target":["https:\/\/bbqassad.ee\/fi\/toode\/napoleon-shish-kebab-sauvamoduuli\/"]}]},{"@type":"ImageObject","inLanguage":"fi","@id":"https:\/\/bbqassad.ee\/fi\/toode\/napoleon-shish-kebab-sauvamoduuli\/#primaryimage","url":"https:\/\/bbqassad.ee\/wp-content\/uploads\/2026\/02\/Napoleon-shiskebab-poordvardamoodul-gaasigrillid.webp","contentUrl":"https:\/\/bbqassad.ee\/wp-content\/uploads\/2026\/02\/Napoleon-shiskebab-poordvardamoodul-gaasigrillid.webp","width":420,"height":420},{"@type":"BreadcrumbList","@id":"https:\/\/bbqassad.ee\/fi\/toode\/napoleon-shish-kebab-sauvamoduuli\/#breadcrumb","itemListElement":[{"@type":"ListItem","position":1,"name":"Home","item":"https:\/\/bbqassad.ee\/fi\/bbq-assat\/"},{"@type":"ListItem","position":2,"name":"Verkkokauppa","item":"https:\/\/bbqassad.ee\/fi\/verkkokauppa\/"},{"@type":"ListItem","position":3,"name":"Napoleon &#8220;Shish Kebab&#8221; sauvamoduuli"}]},{"@type":"WebSite","@id":"https:\/\/bbqassad.ee\/fi\/#website","url":"https:\/\/bbqassad.ee\/fi\/","name":"BBQ \u00c4ssad","description":"BBQ maitseained, kastmed, ahjud","publisher":{"@id":"https:\/\/bbqassad.ee\/fi\/#organization"},"potentialAction":[{"@type":"SearchAction","target":{"@type":"EntryPoint","urlTemplate":"https:\/\/bbqassad.ee\/fi\/?s={search_term_string}"},"query-input":{"@type":"PropertyValueSpecification","valueRequired":true,"valueName":"search_term_string"}}],"inLanguage":"fi"},{"@type":"Organization","@id":"https:\/\/bbqassad.ee\/fi\/#organization","name":"BBQ \u00c4ssad","url":"https:\/\/bbqassad.ee\/fi\/","logo":{"@type":"ImageObject","inLanguage":"fi","@id":"https:\/\/bbqassad.ee\/fi\/#\/schema\/logo\/image\/","url":"https:\/\/bbqassad.ee\/wp-content\/uploads\/2022\/10\/BBQ-2ssadlogo.png","contentUrl":"https:\/\/bbqassad.ee\/wp-content\/uploads\/2022\/10\/BBQ-2ssadlogo.png","width":1080,"height":1080,"caption":"BBQ \u00c4ssad"},"image":{"@id":"https:\/\/bbqassad.ee\/fi\/#\/schema\/logo\/image\/"},"sameAs":["https:\/\/www.facebook.com\/bbqassad","https:\/\/www.youtube.com\/channel\/UCsoufn49J6TVi9Ah9meE93w"]}]}},"_links":{"self":[{"href":"https:\/\/bbqassad.ee\/fi\/wp-json\/wp\/v2\/product\/21961","targetHints":{"allow":["GET"]}}],"collection":[{"href":"https:\/\/bbqassad.ee\/fi\/wp-json\/wp\/v2\/product"}],"about":[{"href":"https:\/\/bbqassad.ee\/fi\/wp-json\/wp\/v2\/types\/product"}],"replies":[{"embeddable":true,"href":"https:\/\/bbqassad.ee\/fi\/wp-json\/wp\/v2\/comments?post=21961"}],"wp:featuredmedia":[{"embeddable":true,"href":"https:\/\/bbqassad.ee\/fi\/wp-json\/wp\/v2\/media\/13466"}],"wp:attachment":[{"href":"https:\/\/bbqassad.ee\/fi\/wp-json\/wp\/v2\/media?parent=21961"}],"wp:term":[{"taxonomy":"product_brand","embeddable":true,"href":"https:\/\/bbqassad.ee\/fi\/wp-json\/wp\/v2\/product_brand?post=21961"},{"taxonomy":"product_cat","embeddable":true,"href":"https:\/\/bbqassad.ee\/fi\/wp-json\/wp\/v2\/product_cat?post=21961"},{"taxonomy":"product_tag","embeddable":true,"href":"https:\/\/bbqassad.ee\/fi\/wp-json\/wp\/v2\/product_tag?post=21961"}],"curies":[{"name":"wp","href":"https:\/\/api.w.org\/{rel}","templated":true}]}}