{"id":21957,"date":"2026-02-23T15:05:20","date_gmt":"2026-02-23T15:05:20","guid":{"rendered":"https:\/\/bbqassad.ee\/toode\/napoleon-luonnonnahkaiset-lampimat-kasineet\/"},"modified":"2026-04-14T06:32:29","modified_gmt":"2026-04-14T06:32:29","slug":"napoleon-luonnonnahkaiset-lampimat-kasineet","status":"publish","type":"product","link":"https:\/\/bbqassad.ee\/fi\/toode\/napoleon-luonnonnahkaiset-lampimat-kasineet\/","title":{"rendered":"Napoleon luonnonnahkaiset l\u00e4mpim\u00e4t k\u00e4sineet"},"content":{"rendered":"","protected":false},"excerpt":{"rendered":"<h3><strong>Napoleon luonnonnahkaiset l\u00e4mpim\u00e4t k\u00e4sineet<\/strong><\/h3>\n<p data-start=\"49\" data-end=\"316\">Napoleonin aidot lehm\u00e4np\u00e4\u00e4n harmaat grillik\u00e4sineet tarjoavat luotettavan l\u00e4mp\u00f6suojan grillatessa, leivotessa tai avotulella ty\u00f6skennelt\u00e4ess\u00e4. Sitke\u00e4 nahka ja kest\u00e4v\u00e4t tikkaukset takaavat, ett\u00e4 k\u00e4det pysyv\u00e4t turvallisesti suojattuina my\u00f6s korkeissa l\u00e4mp\u00f6tiloissa. <\/p>\n<p data-start=\"318\" data-end=\"331\"><strong data-start=\"318\" data-end=\"331\">Ominaisuudet:<\/strong><\/p>\n<ul data-start=\"332\" data-end=\"761\">\n<li data-start=\"404\" data-end=\"494\">Erinomainen l\u00e4mp\u00f6suoja &#8211; sopii grillaukseen, savustukseen ja uunity\u00f6skentelyyn.<\/li>\n<li data-start=\"495\" data-end=\"565\">Vahvistetut saumat &#8211; lis\u00e4kest\u00e4vyys kuumia esineit\u00e4 k\u00e4sitelt\u00e4ess\u00e4<\/li>\n<li data-start=\"566\" data-end=\"644\">Eritt\u00e4in pitk\u00e4 k\u00e4sivarsiosa &#8211; suojaa k\u00e4sivartta my\u00f6s kuumuudelta, kipin\u00f6ilt\u00e4 ja h\u00f6yrylt\u00e4.<\/li>\n<li data-start=\"645\" data-end=\"697\">Pehme\u00e4 sis\u00e4vuori &#8211; lis\u00e4\u00e4 mukavuutta ja suojaa<\/li>\n<li data-start=\"698\" data-end=\"761\">Ripustussuuttimet &#8211; k\u00e4tev\u00e4 s\u00e4ilytt\u00e4\u00e4 ja aina k\u00e4sill\u00e4<\/li>\n<\/ul>\n","protected":false},"featured_media":13445,"comment_status":"closed","ping_status":"closed","template":"","meta":[],"product_brand":[768],"product_cat":[784],"product_tag":[],"class_list":{"0":"post-21957","1":"product","2":"type-product","3":"status-publish","4":"has-post-thumbnail","6":"product_brand-napoleon","7":"product_cat-tarvikkeet","9":"first","10":"instock","11":"taxable","12":"shipping-taxable","13":"purchasable","14":"product-type-simple"},"yoast_head":"<!-- This site is optimized with the Yoast SEO plugin v27.4 - https:\/\/yoast.com\/product\/yoast-seo-wordpress\/ -->\n<title>Napoleon luonnonnahkaiset l\u00e4mpim\u00e4t k\u00e4sineet - BBQ \u00c4ssad%<\/title>\n<meta name=\"description\" content=\"Napoleonin aidot lehm\u00e4np\u00e4\u00e4n harmaat grillik\u00e4sineet tarjoavat luotettavan l\u00e4mp\u00f6suojan grillausta ja paistamista varten. Sitke\u00e4 nahka takaa suojan korkeita\" \/>\n<meta name=\"robots\" content=\"index, follow, max-snippet:-1, max-image-preview:large, max-video-preview:-1\" \/>\n<link rel=\"canonical\" href=\"https:\/\/bbqassad.ee\/fi\/toode\/napoleon-luonnonnahkaiset-lampimat-kasineet\/\" \/>\n<meta property=\"og:locale\" content=\"fi_FI\" \/>\n<meta property=\"og:type\" content=\"article\" \/>\n<meta property=\"og:title\" content=\"Napoleon luonnonnahkaiset l\u00e4mpim\u00e4t k\u00e4sineet - BBQ \u00c4ssad%\" \/>\n<meta property=\"og:description\" content=\"Napoleonin aidot lehm\u00e4np\u00e4\u00e4n harmaat grillik\u00e4sineet tarjoavat luotettavan l\u00e4mp\u00f6suojan grillausta ja paistamista varten. Sitke\u00e4 nahka takaa suojan korkeita\" \/>\n<meta property=\"og:url\" content=\"https:\/\/bbqassad.ee\/fi\/toode\/napoleon-luonnonnahkaiset-lampimat-kasineet\/\" \/>\n<meta property=\"og:site_name\" content=\"BBQ \u00c4ssad\" \/>\n<meta property=\"article:publisher\" content=\"https:\/\/www.facebook.com\/bbqassad\" \/>\n<meta property=\"article:modified_time\" content=\"2026-04-14T06:32:29+00:00\" \/>\n<meta property=\"og:image\" content=\"https:\/\/bbqassad.ee\/wp-content\/uploads\/2026\/02\/BBQ-Entertainment-Napoleon-naturaalsest-nahast-kindad-3.jpg\" \/>\n<meta name=\"twitter:card\" content=\"summary_large_image\" \/>\n<meta name=\"twitter:title\" content=\"Napoleon luonnonnahkaiset l\u00e4mpim\u00e4t k\u00e4sineet - BBQ \u00c4ssad%\" \/>\n<meta name=\"twitter:description\" content=\"Napoleonin aidot lehm\u00e4np\u00e4\u00e4n harmaat grillik\u00e4sineet tarjoavat luotettavan l\u00e4mp\u00f6suojan grillausta ja paistamista varten. Sitke\u00e4 nahka takaa suojan korkeita\" \/>\n<meta name=\"twitter:image\" content=\"https:\/\/bbqassad.ee\/wp-content\/uploads\/2026\/02\/BBQ-Entertainment-Napoleon-naturaalsest-nahast-kindad-3.jpg\" \/>\n<script type=\"application\/ld+json\" class=\"yoast-schema-graph\">{\"@context\":\"https:\\\/\\\/schema.org\",\"@graph\":[{\"@type\":\"WebPage\",\"@id\":\"https:\\\/\\\/bbqassad.ee\\\/fi\\\/toode\\\/napoleon-luonnonnahkaiset-lampimat-kasineet\\\/\",\"url\":\"https:\\\/\\\/bbqassad.ee\\\/fi\\\/toode\\\/napoleon-luonnonnahkaiset-lampimat-kasineet\\\/\",\"name\":\"Napoleon luonnonnahkaiset l\u00e4mpim\u00e4t k\u00e4sineet - BBQ \u00c4ssad%\",\"isPartOf\":{\"@id\":\"https:\\\/\\\/bbqassad.ee\\\/fi\\\/#website\"},\"primaryImageOfPage\":{\"@id\":\"https:\\\/\\\/bbqassad.ee\\\/fi\\\/toode\\\/napoleon-luonnonnahkaiset-lampimat-kasineet\\\/#primaryimage\"},\"image\":{\"@id\":\"https:\\\/\\\/bbqassad.ee\\\/fi\\\/toode\\\/napoleon-luonnonnahkaiset-lampimat-kasineet\\\/#primaryimage\"},\"thumbnailUrl\":\"https:\\\/\\\/bbqassad.ee\\\/wp-content\\\/uploads\\\/2026\\\/02\\\/BBQ-Entertainment-Napoleon-naturaalsest-nahast-kindad-3.jpg\",\"datePublished\":\"2026-02-23T15:05:20+00:00\",\"dateModified\":\"2026-04-14T06:32:29+00:00\",\"description\":\"Napoleonin aidot lehm\u00e4np\u00e4\u00e4n harmaat grillik\u00e4sineet tarjoavat luotettavan l\u00e4mp\u00f6suojan grillausta ja paistamista varten. Sitke\u00e4 nahka takaa suojan korkeita\",\"breadcrumb\":{\"@id\":\"https:\\\/\\\/bbqassad.ee\\\/fi\\\/toode\\\/napoleon-luonnonnahkaiset-lampimat-kasineet\\\/#breadcrumb\"},\"inLanguage\":\"fi\",\"potentialAction\":[{\"@type\":\"ReadAction\",\"target\":[\"https:\\\/\\\/bbqassad.ee\\\/fi\\\/toode\\\/napoleon-luonnonnahkaiset-lampimat-kasineet\\\/\"]}]},{\"@type\":\"ImageObject\",\"inLanguage\":\"fi\",\"@id\":\"https:\\\/\\\/bbqassad.ee\\\/fi\\\/toode\\\/napoleon-luonnonnahkaiset-lampimat-kasineet\\\/#primaryimage\",\"url\":\"https:\\\/\\\/bbqassad.ee\\\/wp-content\\\/uploads\\\/2026\\\/02\\\/BBQ-Entertainment-Napoleon-naturaalsest-nahast-kindad-3.jpg\",\"contentUrl\":\"https:\\\/\\\/bbqassad.ee\\\/wp-content\\\/uploads\\\/2026\\\/02\\\/BBQ-Entertainment-Napoleon-naturaalsest-nahast-kindad-3.jpg\",\"width\":822,\"height\":822},{\"@type\":\"BreadcrumbList\",\"@id\":\"https:\\\/\\\/bbqassad.ee\\\/fi\\\/toode\\\/napoleon-luonnonnahkaiset-lampimat-kasineet\\\/#breadcrumb\",\"itemListElement\":[{\"@type\":\"ListItem\",\"position\":1,\"name\":\"Home\",\"item\":\"https:\\\/\\\/bbqassad.ee\\\/fi\\\/bbq-assat\\\/\"},{\"@type\":\"ListItem\",\"position\":2,\"name\":\"Verkkokauppa\",\"item\":\"https:\\\/\\\/bbqassad.ee\\\/fi\\\/verkkokauppa\\\/\"},{\"@type\":\"ListItem\",\"position\":3,\"name\":\"Napoleon luonnonnahkaiset l\u00e4mpim\u00e4t k\u00e4sineet\"}]},{\"@type\":\"WebSite\",\"@id\":\"https:\\\/\\\/bbqassad.ee\\\/fi\\\/#website\",\"url\":\"https:\\\/\\\/bbqassad.ee\\\/fi\\\/\",\"name\":\"BBQ \u00c4ssad\",\"description\":\"BBQ maitseained, kastmed, ahjud\",\"publisher\":{\"@id\":\"https:\\\/\\\/bbqassad.ee\\\/fi\\\/#organization\"},\"potentialAction\":[{\"@type\":\"SearchAction\",\"target\":{\"@type\":\"EntryPoint\",\"urlTemplate\":\"https:\\\/\\\/bbqassad.ee\\\/fi\\\/?s={search_term_string}\"},\"query-input\":{\"@type\":\"PropertyValueSpecification\",\"valueRequired\":true,\"valueName\":\"search_term_string\"}}],\"inLanguage\":\"fi\"},{\"@type\":\"Organization\",\"@id\":\"https:\\\/\\\/bbqassad.ee\\\/fi\\\/#organization\",\"name\":\"BBQ \u00c4ssad\",\"url\":\"https:\\\/\\\/bbqassad.ee\\\/fi\\\/\",\"logo\":{\"@type\":\"ImageObject\",\"inLanguage\":\"fi\",\"@id\":\"https:\\\/\\\/bbqassad.ee\\\/fi\\\/#\\\/schema\\\/logo\\\/image\\\/\",\"url\":\"https:\\\/\\\/bbqassad.ee\\\/wp-content\\\/uploads\\\/2022\\\/10\\\/BBQ-2ssadlogo.png\",\"contentUrl\":\"https:\\\/\\\/bbqassad.ee\\\/wp-content\\\/uploads\\\/2022\\\/10\\\/BBQ-2ssadlogo.png\",\"width\":1080,\"height\":1080,\"caption\":\"BBQ \u00c4ssad\"},\"image\":{\"@id\":\"https:\\\/\\\/bbqassad.ee\\\/fi\\\/#\\\/schema\\\/logo\\\/image\\\/\"},\"sameAs\":[\"https:\\\/\\\/www.facebook.com\\\/bbqassad\",\"https:\\\/\\\/www.youtube.com\\\/channel\\\/UCsoufn49J6TVi9Ah9meE93w\"]}]}<\/script>\n<!-- \/ Yoast SEO plugin. -->","yoast_head_json":{"title":"Napoleon luonnonnahkaiset l\u00e4mpim\u00e4t k\u00e4sineet - BBQ \u00c4ssad%","description":"Napoleonin aidot lehm\u00e4np\u00e4\u00e4n harmaat grillik\u00e4sineet tarjoavat luotettavan l\u00e4mp\u00f6suojan grillausta ja paistamista varten. Sitke\u00e4 nahka takaa suojan korkeita","robots":{"index":"index","follow":"follow","max-snippet":"max-snippet:-1","max-image-preview":"max-image-preview:large","max-video-preview":"max-video-preview:-1"},"canonical":"https:\/\/bbqassad.ee\/fi\/toode\/napoleon-luonnonnahkaiset-lampimat-kasineet\/","og_locale":"fi_FI","og_type":"article","og_title":"Napoleon luonnonnahkaiset l\u00e4mpim\u00e4t k\u00e4sineet - BBQ \u00c4ssad%","og_description":"Napoleonin aidot lehm\u00e4np\u00e4\u00e4n harmaat grillik\u00e4sineet tarjoavat luotettavan l\u00e4mp\u00f6suojan grillausta ja paistamista varten. Sitke\u00e4 nahka takaa suojan korkeita","og_url":"https:\/\/bbqassad.ee\/fi\/toode\/napoleon-luonnonnahkaiset-lampimat-kasineet\/","og_site_name":"BBQ \u00c4ssad","article_publisher":"https:\/\/www.facebook.com\/bbqassad","article_modified_time":"2026-04-14T06:32:29+00:00","og_image":[{"url":"https:\/\/bbqassad.ee\/wp-content\/uploads\/2026\/02\/BBQ-Entertainment-Napoleon-naturaalsest-nahast-kindad-3.jpg","type":"","width":"","height":""}],"twitter_card":"summary_large_image","twitter_title":"Napoleon luonnonnahkaiset l\u00e4mpim\u00e4t k\u00e4sineet - BBQ \u00c4ssad%","twitter_description":"Napoleonin aidot lehm\u00e4np\u00e4\u00e4n harmaat grillik\u00e4sineet tarjoavat luotettavan l\u00e4mp\u00f6suojan grillausta ja paistamista varten. Sitke\u00e4 nahka takaa suojan korkeita","twitter_image":"https:\/\/bbqassad.ee\/wp-content\/uploads\/2026\/02\/BBQ-Entertainment-Napoleon-naturaalsest-nahast-kindad-3.jpg","schema":{"@context":"https:\/\/schema.org","@graph":[{"@type":"WebPage","@id":"https:\/\/bbqassad.ee\/fi\/toode\/napoleon-luonnonnahkaiset-lampimat-kasineet\/","url":"https:\/\/bbqassad.ee\/fi\/toode\/napoleon-luonnonnahkaiset-lampimat-kasineet\/","name":"Napoleon luonnonnahkaiset l\u00e4mpim\u00e4t k\u00e4sineet - BBQ \u00c4ssad%","isPartOf":{"@id":"https:\/\/bbqassad.ee\/fi\/#website"},"primaryImageOfPage":{"@id":"https:\/\/bbqassad.ee\/fi\/toode\/napoleon-luonnonnahkaiset-lampimat-kasineet\/#primaryimage"},"image":{"@id":"https:\/\/bbqassad.ee\/fi\/toode\/napoleon-luonnonnahkaiset-lampimat-kasineet\/#primaryimage"},"thumbnailUrl":"https:\/\/bbqassad.ee\/wp-content\/uploads\/2026\/02\/BBQ-Entertainment-Napoleon-naturaalsest-nahast-kindad-3.jpg","datePublished":"2026-02-23T15:05:20+00:00","dateModified":"2026-04-14T06:32:29+00:00","description":"Napoleonin aidot lehm\u00e4np\u00e4\u00e4n harmaat grillik\u00e4sineet tarjoavat luotettavan l\u00e4mp\u00f6suojan grillausta ja paistamista varten. Sitke\u00e4 nahka takaa suojan korkeita","breadcrumb":{"@id":"https:\/\/bbqassad.ee\/fi\/toode\/napoleon-luonnonnahkaiset-lampimat-kasineet\/#breadcrumb"},"inLanguage":"fi","potentialAction":[{"@type":"ReadAction","target":["https:\/\/bbqassad.ee\/fi\/toode\/napoleon-luonnonnahkaiset-lampimat-kasineet\/"]}]},{"@type":"ImageObject","inLanguage":"fi","@id":"https:\/\/bbqassad.ee\/fi\/toode\/napoleon-luonnonnahkaiset-lampimat-kasineet\/#primaryimage","url":"https:\/\/bbqassad.ee\/wp-content\/uploads\/2026\/02\/BBQ-Entertainment-Napoleon-naturaalsest-nahast-kindad-3.jpg","contentUrl":"https:\/\/bbqassad.ee\/wp-content\/uploads\/2026\/02\/BBQ-Entertainment-Napoleon-naturaalsest-nahast-kindad-3.jpg","width":822,"height":822},{"@type":"BreadcrumbList","@id":"https:\/\/bbqassad.ee\/fi\/toode\/napoleon-luonnonnahkaiset-lampimat-kasineet\/#breadcrumb","itemListElement":[{"@type":"ListItem","position":1,"name":"Home","item":"https:\/\/bbqassad.ee\/fi\/bbq-assat\/"},{"@type":"ListItem","position":2,"name":"Verkkokauppa","item":"https:\/\/bbqassad.ee\/fi\/verkkokauppa\/"},{"@type":"ListItem","position":3,"name":"Napoleon luonnonnahkaiset l\u00e4mpim\u00e4t k\u00e4sineet"}]},{"@type":"WebSite","@id":"https:\/\/bbqassad.ee\/fi\/#website","url":"https:\/\/bbqassad.ee\/fi\/","name":"BBQ \u00c4ssad","description":"BBQ maitseained, kastmed, ahjud","publisher":{"@id":"https:\/\/bbqassad.ee\/fi\/#organization"},"potentialAction":[{"@type":"SearchAction","target":{"@type":"EntryPoint","urlTemplate":"https:\/\/bbqassad.ee\/fi\/?s={search_term_string}"},"query-input":{"@type":"PropertyValueSpecification","valueRequired":true,"valueName":"search_term_string"}}],"inLanguage":"fi"},{"@type":"Organization","@id":"https:\/\/bbqassad.ee\/fi\/#organization","name":"BBQ \u00c4ssad","url":"https:\/\/bbqassad.ee\/fi\/","logo":{"@type":"ImageObject","inLanguage":"fi","@id":"https:\/\/bbqassad.ee\/fi\/#\/schema\/logo\/image\/","url":"https:\/\/bbqassad.ee\/wp-content\/uploads\/2022\/10\/BBQ-2ssadlogo.png","contentUrl":"https:\/\/bbqassad.ee\/wp-content\/uploads\/2022\/10\/BBQ-2ssadlogo.png","width":1080,"height":1080,"caption":"BBQ \u00c4ssad"},"image":{"@id":"https:\/\/bbqassad.ee\/fi\/#\/schema\/logo\/image\/"},"sameAs":["https:\/\/www.facebook.com\/bbqassad","https:\/\/www.youtube.com\/channel\/UCsoufn49J6TVi9Ah9meE93w"]}]}},"_links":{"self":[{"href":"https:\/\/bbqassad.ee\/fi\/wp-json\/wp\/v2\/product\/21957","targetHints":{"allow":["GET"]}}],"collection":[{"href":"https:\/\/bbqassad.ee\/fi\/wp-json\/wp\/v2\/product"}],"about":[{"href":"https:\/\/bbqassad.ee\/fi\/wp-json\/wp\/v2\/types\/product"}],"replies":[{"embeddable":true,"href":"https:\/\/bbqassad.ee\/fi\/wp-json\/wp\/v2\/comments?post=21957"}],"wp:featuredmedia":[{"embeddable":true,"href":"https:\/\/bbqassad.ee\/fi\/wp-json\/wp\/v2\/media\/13445"}],"wp:attachment":[{"href":"https:\/\/bbqassad.ee\/fi\/wp-json\/wp\/v2\/media?parent=21957"}],"wp:term":[{"taxonomy":"product_brand","embeddable":true,"href":"https:\/\/bbqassad.ee\/fi\/wp-json\/wp\/v2\/product_brand?post=21957"},{"taxonomy":"product_cat","embeddable":true,"href":"https:\/\/bbqassad.ee\/fi\/wp-json\/wp\/v2\/product_cat?post=21957"},{"taxonomy":"product_tag","embeddable":true,"href":"https:\/\/bbqassad.ee\/fi\/wp-json\/wp\/v2\/product_tag?post=21957"}],"curies":[{"name":"wp","href":"https:\/\/api.w.org\/{rel}","templated":true}]}}