{"id":21953,"date":"2026-02-23T15:05:20","date_gmt":"2026-02-23T15:05:20","guid":{"rendered":"https:\/\/bbqassad.ee\/toode\/napoleonin-kaksipuolinen-kokoontaitettava-verkkogrilli\/"},"modified":"2026-04-14T06:32:29","modified_gmt":"2026-04-14T06:32:29","slug":"napoleonin-kaksipuolinen-kokoontaitettava-verkkogrilli","status":"publish","type":"product","link":"https:\/\/bbqassad.ee\/fi\/toode\/napoleonin-kaksipuolinen-kokoontaitettava-verkkogrilli\/","title":{"rendered":"Napoleonin kaksipuolinen kokoontaitettava verkkogrilli"},"content":{"rendered":"<p>Napoleonin ruostumattomasta ter\u00e4ksest\u00e4 valmistettua ritil\u00e4\u00e4 on helppo k\u00e4ytt\u00e4\u00e4 saranoidensa ansiosta, ja siin\u00e4 on lukitusmekanismi, joka pit\u00e4\u00e4 ritil\u00e4n puolikkaat yhdess\u00e4 koko kypsennyksen ajan. Ritil\u00e4ss\u00e4 on my\u00f6s pienet kahvat, jotka helpottavat ritil\u00e4n k\u00e4\u00e4nt\u00e4mist\u00e4, eiv\u00e4tk\u00e4 ne j\u00e4\u00e4 kiinni grillin kanteen. Varoitus &#8211; ritil\u00e4 on kuuma, joten k\u00e4yt\u00e4 kuumuutta kest\u00e4vi\u00e4 k\u00e4sineit\u00e4 siirrelless\u00e4si ritil\u00e4\u00e4 grillin ymp\u00e4ri tai pois grillin p\u00e4\u00e4lt\u00e4. Ritil\u00e4 voidaan pest\u00e4 astianpesukoneessa, joten sen puhdistaminen on yht\u00e4 helppoa ja vaivatonta kuin sen k\u00e4ytt\u00e4minenkin. Ritil\u00e4n koko on 42 x 29 cm.    <\/p>\n","protected":false},"excerpt":{"rendered":"<h3><strong>Napoleonin kaksipuolinen, taittuva retikulaari.<\/strong><\/h3>\n<p>Napoleonin monipuolisella ruostumattomasta ter\u00e4ksest\u00e4 valmistetulla paistinpannulla voit valmistaa kalaa, vihanneksia ja jopa herkullisia t\u00e4ytettyj\u00e4 voileipi\u00e4.<\/p>\n","protected":false},"featured_media":13397,"comment_status":"closed","ping_status":"closed","template":"","meta":[],"product_brand":[768],"product_cat":[785],"product_tag":[],"class_list":{"0":"post-21953","1":"product","2":"type-product","3":"status-publish","4":"has-post-thumbnail","6":"product_brand-napoleon","7":"product_cat-kaasugrillien-tarvikkeet","9":"first","10":"instock","11":"taxable","12":"shipping-taxable","13":"purchasable","14":"product-type-simple"},"yoast_head":"<!-- This site is optimized with the Yoast SEO plugin v27.4 - https:\/\/yoast.com\/product\/yoast-seo-wordpress\/ -->\n<title>Napoleon kaksipuolinen kokoontaitettava verkkogrilli - BBQ \u00c4ssad%<\/title>\n<meta name=\"description\" content=\"Napoleonin kaksipuolinen taittuva paistolevy sopii erinomaisesti kalalle, vihanneksille ja t\u00e4ytetyille voileiville. Valmistettu ruostumattomasta ter\u00e4ksest\u00e4.\" \/>\n<meta name=\"robots\" content=\"index, follow, max-snippet:-1, max-image-preview:large, max-video-preview:-1\" \/>\n<link rel=\"canonical\" href=\"https:\/\/bbqassad.ee\/fi\/toode\/napoleonin-kaksipuolinen-kokoontaitettava-verkkogrilli\/\" \/>\n<meta property=\"og:locale\" content=\"fi_FI\" \/>\n<meta property=\"og:type\" content=\"article\" \/>\n<meta property=\"og:title\" content=\"Napoleon kaksipuolinen kokoontaitettava verkkogrilli - BBQ \u00c4ssad%\" \/>\n<meta property=\"og:description\" content=\"Napoleonin kaksipuolinen taittuva paistolevy sopii erinomaisesti kalalle, vihanneksille ja t\u00e4ytetyille voileiville. Valmistettu ruostumattomasta ter\u00e4ksest\u00e4.\" \/>\n<meta property=\"og:url\" content=\"https:\/\/bbqassad.ee\/fi\/toode\/napoleonin-kaksipuolinen-kokoontaitettava-verkkogrilli\/\" \/>\n<meta property=\"og:site_name\" content=\"BBQ \u00c4ssad\" \/>\n<meta property=\"article:publisher\" content=\"https:\/\/www.facebook.com\/bbqassad\" \/>\n<meta property=\"article:modified_time\" content=\"2026-04-14T06:32:29+00:00\" \/>\n<meta property=\"og:image\" content=\"https:\/\/bbqassad.ee\/wp-content\/uploads\/2026\/02\/BBQ-Entertainment-Napoleon-kahepoolne-kokkukaiv-vorkrest-1.jpg\" \/>\n<meta name=\"twitter:card\" content=\"summary_large_image\" \/>\n<meta name=\"twitter:title\" content=\"Napoleon kaksipuolinen kokoontaitettava verkkogrilli - BBQ \u00c4ssad%\" \/>\n<meta name=\"twitter:description\" content=\"Napoleonin kaksipuolinen taittuva paistinpannu sopii erinomaisesti kalan, vihannesten ja t\u00e4ytettyjen voileipien valmistukseen. Valmistettu ruostumattomasta ter\u00e4ksest\u00e4.\" \/>\n<meta name=\"twitter:image\" content=\"https:\/\/bbqassad.ee\/wp-content\/uploads\/2026\/02\/BBQ-Entertainment-Napoleon-kahepoolne-kokkukaiv-vorkrest-1.jpg\" \/>\n<script type=\"application\/ld+json\" class=\"yoast-schema-graph\">{\"@context\":\"https:\\\/\\\/schema.org\",\"@graph\":[{\"@type\":\"WebPage\",\"@id\":\"https:\\\/\\\/bbqassad.ee\\\/fi\\\/toode\\\/napoleonin-kaksipuolinen-kokoontaitettava-verkkogrilli\\\/\",\"url\":\"https:\\\/\\\/bbqassad.ee\\\/fi\\\/toode\\\/napoleonin-kaksipuolinen-kokoontaitettava-verkkogrilli\\\/\",\"name\":\"Napoleon kaksipuolinen kokoontaitettava verkkogrilli - BBQ \u00c4ssad%\",\"isPartOf\":{\"@id\":\"https:\\\/\\\/bbqassad.ee\\\/fi\\\/#website\"},\"primaryImageOfPage\":{\"@id\":\"https:\\\/\\\/bbqassad.ee\\\/fi\\\/toode\\\/napoleonin-kaksipuolinen-kokoontaitettava-verkkogrilli\\\/#primaryimage\"},\"image\":{\"@id\":\"https:\\\/\\\/bbqassad.ee\\\/fi\\\/toode\\\/napoleonin-kaksipuolinen-kokoontaitettava-verkkogrilli\\\/#primaryimage\"},\"thumbnailUrl\":\"https:\\\/\\\/bbqassad.ee\\\/wp-content\\\/uploads\\\/2026\\\/02\\\/BBQ-Entertainment-Napoleon-kahepoolne-kokkukaiv-vorkrest-1.jpg\",\"datePublished\":\"2026-02-23T15:05:20+00:00\",\"dateModified\":\"2026-04-14T06:32:29+00:00\",\"description\":\"Napoleonin kaksipuolinen taittuva paistolevy sopii erinomaisesti kalalle, vihanneksille ja t\u00e4ytetyille voileiville. Valmistettu ruostumattomasta ter\u00e4ksest\u00e4.\",\"breadcrumb\":{\"@id\":\"https:\\\/\\\/bbqassad.ee\\\/fi\\\/toode\\\/napoleonin-kaksipuolinen-kokoontaitettava-verkkogrilli\\\/#breadcrumb\"},\"inLanguage\":\"fi\",\"potentialAction\":[{\"@type\":\"ReadAction\",\"target\":[\"https:\\\/\\\/bbqassad.ee\\\/fi\\\/toode\\\/napoleonin-kaksipuolinen-kokoontaitettava-verkkogrilli\\\/\"]}]},{\"@type\":\"ImageObject\",\"inLanguage\":\"fi\",\"@id\":\"https:\\\/\\\/bbqassad.ee\\\/fi\\\/toode\\\/napoleonin-kaksipuolinen-kokoontaitettava-verkkogrilli\\\/#primaryimage\",\"url\":\"https:\\\/\\\/bbqassad.ee\\\/wp-content\\\/uploads\\\/2026\\\/02\\\/BBQ-Entertainment-Napoleon-kahepoolne-kokkukaiv-vorkrest-1.jpg\",\"contentUrl\":\"https:\\\/\\\/bbqassad.ee\\\/wp-content\\\/uploads\\\/2026\\\/02\\\/BBQ-Entertainment-Napoleon-kahepoolne-kokkukaiv-vorkrest-1.jpg\",\"width\":1137,\"height\":1137},{\"@type\":\"BreadcrumbList\",\"@id\":\"https:\\\/\\\/bbqassad.ee\\\/fi\\\/toode\\\/napoleonin-kaksipuolinen-kokoontaitettava-verkkogrilli\\\/#breadcrumb\",\"itemListElement\":[{\"@type\":\"ListItem\",\"position\":1,\"name\":\"Home\",\"item\":\"https:\\\/\\\/bbqassad.ee\\\/fi\\\/bbq-assat\\\/\"},{\"@type\":\"ListItem\",\"position\":2,\"name\":\"Verkkokauppa\",\"item\":\"https:\\\/\\\/bbqassad.ee\\\/fi\\\/verkkokauppa\\\/\"},{\"@type\":\"ListItem\",\"position\":3,\"name\":\"Napoleonin kaksipuolinen kokoontaitettava verkkogrilli\"}]},{\"@type\":\"WebSite\",\"@id\":\"https:\\\/\\\/bbqassad.ee\\\/fi\\\/#website\",\"url\":\"https:\\\/\\\/bbqassad.ee\\\/fi\\\/\",\"name\":\"BBQ \u00c4ssad\",\"description\":\"BBQ maitseained, kastmed, ahjud\",\"publisher\":{\"@id\":\"https:\\\/\\\/bbqassad.ee\\\/fi\\\/#organization\"},\"potentialAction\":[{\"@type\":\"SearchAction\",\"target\":{\"@type\":\"EntryPoint\",\"urlTemplate\":\"https:\\\/\\\/bbqassad.ee\\\/fi\\\/?s={search_term_string}\"},\"query-input\":{\"@type\":\"PropertyValueSpecification\",\"valueRequired\":true,\"valueName\":\"search_term_string\"}}],\"inLanguage\":\"fi\"},{\"@type\":\"Organization\",\"@id\":\"https:\\\/\\\/bbqassad.ee\\\/fi\\\/#organization\",\"name\":\"BBQ \u00c4ssad\",\"url\":\"https:\\\/\\\/bbqassad.ee\\\/fi\\\/\",\"logo\":{\"@type\":\"ImageObject\",\"inLanguage\":\"fi\",\"@id\":\"https:\\\/\\\/bbqassad.ee\\\/fi\\\/#\\\/schema\\\/logo\\\/image\\\/\",\"url\":\"https:\\\/\\\/bbqassad.ee\\\/wp-content\\\/uploads\\\/2022\\\/10\\\/BBQ-2ssadlogo.png\",\"contentUrl\":\"https:\\\/\\\/bbqassad.ee\\\/wp-content\\\/uploads\\\/2022\\\/10\\\/BBQ-2ssadlogo.png\",\"width\":1080,\"height\":1080,\"caption\":\"BBQ \u00c4ssad\"},\"image\":{\"@id\":\"https:\\\/\\\/bbqassad.ee\\\/fi\\\/#\\\/schema\\\/logo\\\/image\\\/\"},\"sameAs\":[\"https:\\\/\\\/www.facebook.com\\\/bbqassad\",\"https:\\\/\\\/www.youtube.com\\\/channel\\\/UCsoufn49J6TVi9Ah9meE93w\"]}]}<\/script>\n<!-- \/ Yoast SEO plugin. -->","yoast_head_json":{"title":"Napoleon kaksipuolinen kokoontaitettava verkkogrilli - BBQ \u00c4ssad%","description":"Napoleonin kaksipuolinen taittuva paistolevy sopii erinomaisesti kalalle, vihanneksille ja t\u00e4ytetyille voileiville. Valmistettu ruostumattomasta ter\u00e4ksest\u00e4.","robots":{"index":"index","follow":"follow","max-snippet":"max-snippet:-1","max-image-preview":"max-image-preview:large","max-video-preview":"max-video-preview:-1"},"canonical":"https:\/\/bbqassad.ee\/fi\/toode\/napoleonin-kaksipuolinen-kokoontaitettava-verkkogrilli\/","og_locale":"fi_FI","og_type":"article","og_title":"Napoleon kaksipuolinen kokoontaitettava verkkogrilli - BBQ \u00c4ssad%","og_description":"Napoleonin kaksipuolinen taittuva paistolevy sopii erinomaisesti kalalle, vihanneksille ja t\u00e4ytetyille voileiville. Valmistettu ruostumattomasta ter\u00e4ksest\u00e4.","og_url":"https:\/\/bbqassad.ee\/fi\/toode\/napoleonin-kaksipuolinen-kokoontaitettava-verkkogrilli\/","og_site_name":"BBQ \u00c4ssad","article_publisher":"https:\/\/www.facebook.com\/bbqassad","article_modified_time":"2026-04-14T06:32:29+00:00","og_image":[{"url":"https:\/\/bbqassad.ee\/wp-content\/uploads\/2026\/02\/BBQ-Entertainment-Napoleon-kahepoolne-kokkukaiv-vorkrest-1.jpg","type":"","width":"","height":""}],"twitter_card":"summary_large_image","twitter_title":"Napoleon kaksipuolinen kokoontaitettava verkkogrilli - BBQ \u00c4ssad%","twitter_description":"Napoleonin kaksipuolinen taittuva paistinpannu sopii erinomaisesti kalan, vihannesten ja t\u00e4ytettyjen voileipien valmistukseen. Valmistettu ruostumattomasta ter\u00e4ksest\u00e4.","twitter_image":"https:\/\/bbqassad.ee\/wp-content\/uploads\/2026\/02\/BBQ-Entertainment-Napoleon-kahepoolne-kokkukaiv-vorkrest-1.jpg","schema":{"@context":"https:\/\/schema.org","@graph":[{"@type":"WebPage","@id":"https:\/\/bbqassad.ee\/fi\/toode\/napoleonin-kaksipuolinen-kokoontaitettava-verkkogrilli\/","url":"https:\/\/bbqassad.ee\/fi\/toode\/napoleonin-kaksipuolinen-kokoontaitettava-verkkogrilli\/","name":"Napoleon kaksipuolinen kokoontaitettava verkkogrilli - BBQ \u00c4ssad%","isPartOf":{"@id":"https:\/\/bbqassad.ee\/fi\/#website"},"primaryImageOfPage":{"@id":"https:\/\/bbqassad.ee\/fi\/toode\/napoleonin-kaksipuolinen-kokoontaitettava-verkkogrilli\/#primaryimage"},"image":{"@id":"https:\/\/bbqassad.ee\/fi\/toode\/napoleonin-kaksipuolinen-kokoontaitettava-verkkogrilli\/#primaryimage"},"thumbnailUrl":"https:\/\/bbqassad.ee\/wp-content\/uploads\/2026\/02\/BBQ-Entertainment-Napoleon-kahepoolne-kokkukaiv-vorkrest-1.jpg","datePublished":"2026-02-23T15:05:20+00:00","dateModified":"2026-04-14T06:32:29+00:00","description":"Napoleonin kaksipuolinen taittuva paistolevy sopii erinomaisesti kalalle, vihanneksille ja t\u00e4ytetyille voileiville. Valmistettu ruostumattomasta ter\u00e4ksest\u00e4.","breadcrumb":{"@id":"https:\/\/bbqassad.ee\/fi\/toode\/napoleonin-kaksipuolinen-kokoontaitettava-verkkogrilli\/#breadcrumb"},"inLanguage":"fi","potentialAction":[{"@type":"ReadAction","target":["https:\/\/bbqassad.ee\/fi\/toode\/napoleonin-kaksipuolinen-kokoontaitettava-verkkogrilli\/"]}]},{"@type":"ImageObject","inLanguage":"fi","@id":"https:\/\/bbqassad.ee\/fi\/toode\/napoleonin-kaksipuolinen-kokoontaitettava-verkkogrilli\/#primaryimage","url":"https:\/\/bbqassad.ee\/wp-content\/uploads\/2026\/02\/BBQ-Entertainment-Napoleon-kahepoolne-kokkukaiv-vorkrest-1.jpg","contentUrl":"https:\/\/bbqassad.ee\/wp-content\/uploads\/2026\/02\/BBQ-Entertainment-Napoleon-kahepoolne-kokkukaiv-vorkrest-1.jpg","width":1137,"height":1137},{"@type":"BreadcrumbList","@id":"https:\/\/bbqassad.ee\/fi\/toode\/napoleonin-kaksipuolinen-kokoontaitettava-verkkogrilli\/#breadcrumb","itemListElement":[{"@type":"ListItem","position":1,"name":"Home","item":"https:\/\/bbqassad.ee\/fi\/bbq-assat\/"},{"@type":"ListItem","position":2,"name":"Verkkokauppa","item":"https:\/\/bbqassad.ee\/fi\/verkkokauppa\/"},{"@type":"ListItem","position":3,"name":"Napoleonin kaksipuolinen kokoontaitettava verkkogrilli"}]},{"@type":"WebSite","@id":"https:\/\/bbqassad.ee\/fi\/#website","url":"https:\/\/bbqassad.ee\/fi\/","name":"BBQ \u00c4ssad","description":"BBQ maitseained, kastmed, ahjud","publisher":{"@id":"https:\/\/bbqassad.ee\/fi\/#organization"},"potentialAction":[{"@type":"SearchAction","target":{"@type":"EntryPoint","urlTemplate":"https:\/\/bbqassad.ee\/fi\/?s={search_term_string}"},"query-input":{"@type":"PropertyValueSpecification","valueRequired":true,"valueName":"search_term_string"}}],"inLanguage":"fi"},{"@type":"Organization","@id":"https:\/\/bbqassad.ee\/fi\/#organization","name":"BBQ \u00c4ssad","url":"https:\/\/bbqassad.ee\/fi\/","logo":{"@type":"ImageObject","inLanguage":"fi","@id":"https:\/\/bbqassad.ee\/fi\/#\/schema\/logo\/image\/","url":"https:\/\/bbqassad.ee\/wp-content\/uploads\/2022\/10\/BBQ-2ssadlogo.png","contentUrl":"https:\/\/bbqassad.ee\/wp-content\/uploads\/2022\/10\/BBQ-2ssadlogo.png","width":1080,"height":1080,"caption":"BBQ \u00c4ssad"},"image":{"@id":"https:\/\/bbqassad.ee\/fi\/#\/schema\/logo\/image\/"},"sameAs":["https:\/\/www.facebook.com\/bbqassad","https:\/\/www.youtube.com\/channel\/UCsoufn49J6TVi9Ah9meE93w"]}]}},"_links":{"self":[{"href":"https:\/\/bbqassad.ee\/fi\/wp-json\/wp\/v2\/product\/21953","targetHints":{"allow":["GET"]}}],"collection":[{"href":"https:\/\/bbqassad.ee\/fi\/wp-json\/wp\/v2\/product"}],"about":[{"href":"https:\/\/bbqassad.ee\/fi\/wp-json\/wp\/v2\/types\/product"}],"replies":[{"embeddable":true,"href":"https:\/\/bbqassad.ee\/fi\/wp-json\/wp\/v2\/comments?post=21953"}],"wp:featuredmedia":[{"embeddable":true,"href":"https:\/\/bbqassad.ee\/fi\/wp-json\/wp\/v2\/media\/13397"}],"wp:attachment":[{"href":"https:\/\/bbqassad.ee\/fi\/wp-json\/wp\/v2\/media?parent=21953"}],"wp:term":[{"taxonomy":"product_brand","embeddable":true,"href":"https:\/\/bbqassad.ee\/fi\/wp-json\/wp\/v2\/product_brand?post=21953"},{"taxonomy":"product_cat","embeddable":true,"href":"https:\/\/bbqassad.ee\/fi\/wp-json\/wp\/v2\/product_cat?post=21953"},{"taxonomy":"product_tag","embeddable":true,"href":"https:\/\/bbqassad.ee\/fi\/wp-json\/wp\/v2\/product_tag?post=21953"}],"curies":[{"name":"wp","href":"https:\/\/api.w.org\/{rel}","templated":true}]}}