{"id":21951,"date":"2026-02-23T15:05:20","date_gmt":"2026-02-23T15:05:20","guid":{"rendered":"https:\/\/bbqassad.ee\/toode\/napoleon-kaksi-in-one-pihdit-lastalla-42cm\/"},"modified":"2026-04-14T06:32:29","modified_gmt":"2026-04-14T06:32:29","slug":"napoleon-kaksi-in-one-pihdit-lastalla-42cm","status":"publish","type":"product","link":"https:\/\/bbqassad.ee\/fi\/toode\/napoleon-kaksi-in-one-pihdit-lastalla-42cm\/","title":{"rendered":"Napoleon kaksi-in-one pihdit lastalla 42cm"},"content":{"rendered":"","protected":false},"excerpt":{"rendered":"<h3 data-start=\"0\" data-end=\"51\"><strong data-start=\"0\" data-end=\"51\">Napoleonin kaksi-in-one-lastanastat  <\/strong><\/h3>\n<p class=\"\" data-start=\"53\" data-end=\"384\">T\u00e4ss\u00e4 nokkelassa grillausv\u00e4lineess\u00e4 yhdistyv\u00e4t lastat ja pihdit yhdess\u00e4 ty\u00f6kalussa, joten voit k\u00e4\u00e4nt\u00e4\u00e4, nostaa ja tarttua ruokaan ilman ty\u00f6kalujen vaihtamista. Pohjalevy on sile\u00e4 ja toimii kuin klassinen lastalla &#8211; t\u00e4ydellinen hampurilaisten tai kalan k\u00e4\u00e4nt\u00e4miseen. Ylempi ter\u00e4 on sahalaitainen, mik\u00e4 takaa tukevan otteen ja est\u00e4\u00e4 ruokaa liukumasta.  <\/p>\n<p class=\"\" data-start=\"386\" data-end=\"533\">Vankka ruostumattomasta ter\u00e4ksest\u00e4 valmistettu rakenne, j\u00e4ykk\u00e4 kahva ja lukittava mekanismi tekev\u00e4t t\u00e4st\u00e4 ty\u00f6kalusta luotettavan kaikissa grillaustilanteissa.<\/p>\n<p class=\"\" data-start=\"535\" data-end=\"804\"><strong data-start=\"535\" data-end=\"548\">Ominaisuudet<\/strong><br data-start=\"548\" data-end=\"551\">&#8211; kaksi-in-one-muotoilu: lastalla ja kahva yhdess\u00e4 ty\u00f6kalussa<br data-start=\"606\" data-end=\"609\">&#8211; sile\u00e4 alempi ter\u00e4 ihanteellinen ruoan ty\u00f6nt\u00e4miseen alle<br data-start=\"663\" data-end=\"666\">&#8211; sahalaitainen ylempi ter\u00e4 tukevaa otetta varten<br data-start=\"709\" data-end=\"712\">&#8211; tukeva ja j\u00e4ykk\u00e4 rakenne<br data-start=\"747\" data-end=\"750\">&#8211; lukittava mekanismi s\u00e4ilytyst\u00e4 varten<br data-start=\"786\" data-end=\"789\">&#8211; pituus: 42 cm.<\/p>\n","protected":false},"featured_media":13385,"comment_status":"closed","ping_status":"closed","template":"","meta":[],"product_brand":[768],"product_cat":[785],"product_tag":[],"class_list":{"0":"post-21951","1":"product","2":"type-product","3":"status-publish","4":"has-post-thumbnail","6":"product_brand-napoleon","7":"product_cat-kaasugrillien-tarvikkeet","9":"first","10":"instock","11":"taxable","12":"shipping-taxable","13":"purchasable","14":"product-type-simple"},"yoast_head":"<!-- This site is optimized with the Yoast SEO plugin v27.4 - https:\/\/yoast.com\/product\/yoast-seo-wordpress\/ -->\n<title>Napoleon kaksik\u00e4tinen n3pitstangid 42cm -% BBQ \u00c4ssad%<\/title>\n<meta name=\"description\" content=\"Napoleonin kahden k\u00e4den lastassa-n3pitstangen yhdistyv\u00e4t lastat ja n3pitstangen, joten voit nostaa ja k\u00e4\u00e4nt\u00e4\u00e4 ruokaa mukavasti. Tukeva ruostumattomasta ter\u00e4ksest\u00e4 valmistettu rakenne\" \/>\n<meta name=\"robots\" content=\"index, follow, max-snippet:-1, max-image-preview:large, max-video-preview:-1\" \/>\n<link rel=\"canonical\" href=\"https:\/\/bbqassad.ee\/fi\/toode\/napoleon-kaksi-in-one-pihdit-lastalla-42cm\/\" \/>\n<meta property=\"og:locale\" content=\"fi_FI\" \/>\n<meta property=\"og:type\" content=\"article\" \/>\n<meta property=\"og:title\" content=\"Napoleon kaksik\u00e4tinen n3pitstangid 42cm -% BBQ \u00c4ssad%\" \/>\n<meta property=\"og:description\" content=\"Napoleonin kahden k\u00e4den lastassa-n3pitstangen yhdistyv\u00e4t lastat ja n3pitstangen, joten voit nostaa ja k\u00e4\u00e4nt\u00e4\u00e4 ruokaa mukavasti. Tukeva ruostumattomasta ter\u00e4ksest\u00e4 valmistettu rakenne\" \/>\n<meta property=\"og:url\" content=\"https:\/\/bbqassad.ee\/fi\/toode\/napoleon-kaksi-in-one-pihdit-lastalla-42cm\/\" \/>\n<meta property=\"og:site_name\" content=\"BBQ \u00c4ssad\" \/>\n<meta property=\"article:publisher\" content=\"https:\/\/www.facebook.com\/bbqassad\" \/>\n<meta property=\"article:modified_time\" content=\"2026-04-14T06:32:29+00:00\" \/>\n<meta property=\"og:image\" content=\"https:\/\/bbqassad.ee\/wp-content\/uploads\/2026\/02\/BBQ-Entertainment-Napoleon-kaks-uhes-napitstangid-1.jpg\" \/>\n<meta name=\"twitter:card\" content=\"summary_large_image\" \/>\n<meta name=\"twitter:title\" content=\"Napoleon kaksik\u00e4tinen n3pitstangid 42cm -% BBQ \u00c4ssad%\" \/>\n<meta name=\"twitter:description\" content=\"Napoleonin kaksik\u00e4tisess\u00e4 lastassa-n3pitstangen yhdistyv\u00e4t lastat ja n3pitstangen, joten voit nostaa ja k\u00e4\u00e4nt\u00e4\u00e4 ruokaa mukavasti. Tukeva ruostumattomasta ter\u00e4ksest\u00e4 valmistettu rakenne\" \/>\n<meta name=\"twitter:image\" content=\"https:\/\/bbqassad.ee\/wp-content\/uploads\/2026\/02\/BBQ-Entertainment-Napoleon-kaks-uhes-napitstangid-1.jpg\" \/>\n<script type=\"application\/ld+json\" class=\"yoast-schema-graph\">{\"@context\":\"https:\\\/\\\/schema.org\",\"@graph\":[{\"@type\":\"WebPage\",\"@id\":\"https:\\\/\\\/bbqassad.ee\\\/fi\\\/toode\\\/napoleon-kaksi-in-one-pihdit-lastalla-42cm\\\/\",\"url\":\"https:\\\/\\\/bbqassad.ee\\\/fi\\\/toode\\\/napoleon-kaksi-in-one-pihdit-lastalla-42cm\\\/\",\"name\":\"Napoleon kaksik\u00e4tinen n3pitstangid 42cm -% BBQ \u00c4ssad%\",\"isPartOf\":{\"@id\":\"https:\\\/\\\/bbqassad.ee\\\/fi\\\/#website\"},\"primaryImageOfPage\":{\"@id\":\"https:\\\/\\\/bbqassad.ee\\\/fi\\\/toode\\\/napoleon-kaksi-in-one-pihdit-lastalla-42cm\\\/#primaryimage\"},\"image\":{\"@id\":\"https:\\\/\\\/bbqassad.ee\\\/fi\\\/toode\\\/napoleon-kaksi-in-one-pihdit-lastalla-42cm\\\/#primaryimage\"},\"thumbnailUrl\":\"https:\\\/\\\/bbqassad.ee\\\/wp-content\\\/uploads\\\/2026\\\/02\\\/BBQ-Entertainment-Napoleon-kaks-uhes-napitstangid-1.jpg\",\"datePublished\":\"2026-02-23T15:05:20+00:00\",\"dateModified\":\"2026-04-14T06:32:29+00:00\",\"description\":\"Napoleonin kahden k\u00e4den lastassa-n3pitstangen yhdistyv\u00e4t lastat ja n3pitstangen, joten voit nostaa ja k\u00e4\u00e4nt\u00e4\u00e4 ruokaa mukavasti. Tukeva ruostumattomasta ter\u00e4ksest\u00e4 valmistettu rakenne\",\"breadcrumb\":{\"@id\":\"https:\\\/\\\/bbqassad.ee\\\/fi\\\/toode\\\/napoleon-kaksi-in-one-pihdit-lastalla-42cm\\\/#breadcrumb\"},\"inLanguage\":\"fi\",\"potentialAction\":[{\"@type\":\"ReadAction\",\"target\":[\"https:\\\/\\\/bbqassad.ee\\\/fi\\\/toode\\\/napoleon-kaksi-in-one-pihdit-lastalla-42cm\\\/\"]}]},{\"@type\":\"ImageObject\",\"inLanguage\":\"fi\",\"@id\":\"https:\\\/\\\/bbqassad.ee\\\/fi\\\/toode\\\/napoleon-kaksi-in-one-pihdit-lastalla-42cm\\\/#primaryimage\",\"url\":\"https:\\\/\\\/bbqassad.ee\\\/wp-content\\\/uploads\\\/2026\\\/02\\\/BBQ-Entertainment-Napoleon-kaks-uhes-napitstangid-1.jpg\",\"contentUrl\":\"https:\\\/\\\/bbqassad.ee\\\/wp-content\\\/uploads\\\/2026\\\/02\\\/BBQ-Entertainment-Napoleon-kaks-uhes-napitstangid-1.jpg\",\"width\":885,\"height\":885},{\"@type\":\"BreadcrumbList\",\"@id\":\"https:\\\/\\\/bbqassad.ee\\\/fi\\\/toode\\\/napoleon-kaksi-in-one-pihdit-lastalla-42cm\\\/#breadcrumb\",\"itemListElement\":[{\"@type\":\"ListItem\",\"position\":1,\"name\":\"Home\",\"item\":\"https:\\\/\\\/bbqassad.ee\\\/fi\\\/bbq-assat\\\/\"},{\"@type\":\"ListItem\",\"position\":2,\"name\":\"Verkkokauppa\",\"item\":\"https:\\\/\\\/bbqassad.ee\\\/fi\\\/verkkokauppa\\\/\"},{\"@type\":\"ListItem\",\"position\":3,\"name\":\"Napoleon kaksi-in-one pihdit lastalla 42cm\"}]},{\"@type\":\"WebSite\",\"@id\":\"https:\\\/\\\/bbqassad.ee\\\/fi\\\/#website\",\"url\":\"https:\\\/\\\/bbqassad.ee\\\/fi\\\/\",\"name\":\"BBQ \u00c4ssad\",\"description\":\"BBQ maitseained, kastmed, ahjud\",\"publisher\":{\"@id\":\"https:\\\/\\\/bbqassad.ee\\\/fi\\\/#organization\"},\"potentialAction\":[{\"@type\":\"SearchAction\",\"target\":{\"@type\":\"EntryPoint\",\"urlTemplate\":\"https:\\\/\\\/bbqassad.ee\\\/fi\\\/?s={search_term_string}\"},\"query-input\":{\"@type\":\"PropertyValueSpecification\",\"valueRequired\":true,\"valueName\":\"search_term_string\"}}],\"inLanguage\":\"fi\"},{\"@type\":\"Organization\",\"@id\":\"https:\\\/\\\/bbqassad.ee\\\/fi\\\/#organization\",\"name\":\"BBQ \u00c4ssad\",\"url\":\"https:\\\/\\\/bbqassad.ee\\\/fi\\\/\",\"logo\":{\"@type\":\"ImageObject\",\"inLanguage\":\"fi\",\"@id\":\"https:\\\/\\\/bbqassad.ee\\\/fi\\\/#\\\/schema\\\/logo\\\/image\\\/\",\"url\":\"https:\\\/\\\/bbqassad.ee\\\/wp-content\\\/uploads\\\/2022\\\/10\\\/BBQ-2ssadlogo.png\",\"contentUrl\":\"https:\\\/\\\/bbqassad.ee\\\/wp-content\\\/uploads\\\/2022\\\/10\\\/BBQ-2ssadlogo.png\",\"width\":1080,\"height\":1080,\"caption\":\"BBQ \u00c4ssad\"},\"image\":{\"@id\":\"https:\\\/\\\/bbqassad.ee\\\/fi\\\/#\\\/schema\\\/logo\\\/image\\\/\"},\"sameAs\":[\"https:\\\/\\\/www.facebook.com\\\/bbqassad\",\"https:\\\/\\\/www.youtube.com\\\/channel\\\/UCsoufn49J6TVi9Ah9meE93w\"]}]}<\/script>\n<!-- \/ Yoast SEO plugin. -->","yoast_head_json":{"title":"Napoleon kaksik\u00e4tinen n3pitstangid 42cm -% BBQ \u00c4ssad%","description":"Napoleonin kahden k\u00e4den lastassa-n3pitstangen yhdistyv\u00e4t lastat ja n3pitstangen, joten voit nostaa ja k\u00e4\u00e4nt\u00e4\u00e4 ruokaa mukavasti. Tukeva ruostumattomasta ter\u00e4ksest\u00e4 valmistettu rakenne","robots":{"index":"index","follow":"follow","max-snippet":"max-snippet:-1","max-image-preview":"max-image-preview:large","max-video-preview":"max-video-preview:-1"},"canonical":"https:\/\/bbqassad.ee\/fi\/toode\/napoleon-kaksi-in-one-pihdit-lastalla-42cm\/","og_locale":"fi_FI","og_type":"article","og_title":"Napoleon kaksik\u00e4tinen n3pitstangid 42cm -% BBQ \u00c4ssad%","og_description":"Napoleonin kahden k\u00e4den lastassa-n3pitstangen yhdistyv\u00e4t lastat ja n3pitstangen, joten voit nostaa ja k\u00e4\u00e4nt\u00e4\u00e4 ruokaa mukavasti. Tukeva ruostumattomasta ter\u00e4ksest\u00e4 valmistettu rakenne","og_url":"https:\/\/bbqassad.ee\/fi\/toode\/napoleon-kaksi-in-one-pihdit-lastalla-42cm\/","og_site_name":"BBQ \u00c4ssad","article_publisher":"https:\/\/www.facebook.com\/bbqassad","article_modified_time":"2026-04-14T06:32:29+00:00","og_image":[{"url":"https:\/\/bbqassad.ee\/wp-content\/uploads\/2026\/02\/BBQ-Entertainment-Napoleon-kaks-uhes-napitstangid-1.jpg","type":"","width":"","height":""}],"twitter_card":"summary_large_image","twitter_title":"Napoleon kaksik\u00e4tinen n3pitstangid 42cm -% BBQ \u00c4ssad%","twitter_description":"Napoleonin kaksik\u00e4tisess\u00e4 lastassa-n3pitstangen yhdistyv\u00e4t lastat ja n3pitstangen, joten voit nostaa ja k\u00e4\u00e4nt\u00e4\u00e4 ruokaa mukavasti. Tukeva ruostumattomasta ter\u00e4ksest\u00e4 valmistettu rakenne","twitter_image":"https:\/\/bbqassad.ee\/wp-content\/uploads\/2026\/02\/BBQ-Entertainment-Napoleon-kaks-uhes-napitstangid-1.jpg","schema":{"@context":"https:\/\/schema.org","@graph":[{"@type":"WebPage","@id":"https:\/\/bbqassad.ee\/fi\/toode\/napoleon-kaksi-in-one-pihdit-lastalla-42cm\/","url":"https:\/\/bbqassad.ee\/fi\/toode\/napoleon-kaksi-in-one-pihdit-lastalla-42cm\/","name":"Napoleon kaksik\u00e4tinen n3pitstangid 42cm -% BBQ \u00c4ssad%","isPartOf":{"@id":"https:\/\/bbqassad.ee\/fi\/#website"},"primaryImageOfPage":{"@id":"https:\/\/bbqassad.ee\/fi\/toode\/napoleon-kaksi-in-one-pihdit-lastalla-42cm\/#primaryimage"},"image":{"@id":"https:\/\/bbqassad.ee\/fi\/toode\/napoleon-kaksi-in-one-pihdit-lastalla-42cm\/#primaryimage"},"thumbnailUrl":"https:\/\/bbqassad.ee\/wp-content\/uploads\/2026\/02\/BBQ-Entertainment-Napoleon-kaks-uhes-napitstangid-1.jpg","datePublished":"2026-02-23T15:05:20+00:00","dateModified":"2026-04-14T06:32:29+00:00","description":"Napoleonin kahden k\u00e4den lastassa-n3pitstangen yhdistyv\u00e4t lastat ja n3pitstangen, joten voit nostaa ja k\u00e4\u00e4nt\u00e4\u00e4 ruokaa mukavasti. Tukeva ruostumattomasta ter\u00e4ksest\u00e4 valmistettu rakenne","breadcrumb":{"@id":"https:\/\/bbqassad.ee\/fi\/toode\/napoleon-kaksi-in-one-pihdit-lastalla-42cm\/#breadcrumb"},"inLanguage":"fi","potentialAction":[{"@type":"ReadAction","target":["https:\/\/bbqassad.ee\/fi\/toode\/napoleon-kaksi-in-one-pihdit-lastalla-42cm\/"]}]},{"@type":"ImageObject","inLanguage":"fi","@id":"https:\/\/bbqassad.ee\/fi\/toode\/napoleon-kaksi-in-one-pihdit-lastalla-42cm\/#primaryimage","url":"https:\/\/bbqassad.ee\/wp-content\/uploads\/2026\/02\/BBQ-Entertainment-Napoleon-kaks-uhes-napitstangid-1.jpg","contentUrl":"https:\/\/bbqassad.ee\/wp-content\/uploads\/2026\/02\/BBQ-Entertainment-Napoleon-kaks-uhes-napitstangid-1.jpg","width":885,"height":885},{"@type":"BreadcrumbList","@id":"https:\/\/bbqassad.ee\/fi\/toode\/napoleon-kaksi-in-one-pihdit-lastalla-42cm\/#breadcrumb","itemListElement":[{"@type":"ListItem","position":1,"name":"Home","item":"https:\/\/bbqassad.ee\/fi\/bbq-assat\/"},{"@type":"ListItem","position":2,"name":"Verkkokauppa","item":"https:\/\/bbqassad.ee\/fi\/verkkokauppa\/"},{"@type":"ListItem","position":3,"name":"Napoleon kaksi-in-one pihdit lastalla 42cm"}]},{"@type":"WebSite","@id":"https:\/\/bbqassad.ee\/fi\/#website","url":"https:\/\/bbqassad.ee\/fi\/","name":"BBQ \u00c4ssad","description":"BBQ maitseained, kastmed, ahjud","publisher":{"@id":"https:\/\/bbqassad.ee\/fi\/#organization"},"potentialAction":[{"@type":"SearchAction","target":{"@type":"EntryPoint","urlTemplate":"https:\/\/bbqassad.ee\/fi\/?s={search_term_string}"},"query-input":{"@type":"PropertyValueSpecification","valueRequired":true,"valueName":"search_term_string"}}],"inLanguage":"fi"},{"@type":"Organization","@id":"https:\/\/bbqassad.ee\/fi\/#organization","name":"BBQ \u00c4ssad","url":"https:\/\/bbqassad.ee\/fi\/","logo":{"@type":"ImageObject","inLanguage":"fi","@id":"https:\/\/bbqassad.ee\/fi\/#\/schema\/logo\/image\/","url":"https:\/\/bbqassad.ee\/wp-content\/uploads\/2022\/10\/BBQ-2ssadlogo.png","contentUrl":"https:\/\/bbqassad.ee\/wp-content\/uploads\/2022\/10\/BBQ-2ssadlogo.png","width":1080,"height":1080,"caption":"BBQ \u00c4ssad"},"image":{"@id":"https:\/\/bbqassad.ee\/fi\/#\/schema\/logo\/image\/"},"sameAs":["https:\/\/www.facebook.com\/bbqassad","https:\/\/www.youtube.com\/channel\/UCsoufn49J6TVi9Ah9meE93w"]}]}},"_links":{"self":[{"href":"https:\/\/bbqassad.ee\/fi\/wp-json\/wp\/v2\/product\/21951","targetHints":{"allow":["GET"]}}],"collection":[{"href":"https:\/\/bbqassad.ee\/fi\/wp-json\/wp\/v2\/product"}],"about":[{"href":"https:\/\/bbqassad.ee\/fi\/wp-json\/wp\/v2\/types\/product"}],"replies":[{"embeddable":true,"href":"https:\/\/bbqassad.ee\/fi\/wp-json\/wp\/v2\/comments?post=21951"}],"wp:featuredmedia":[{"embeddable":true,"href":"https:\/\/bbqassad.ee\/fi\/wp-json\/wp\/v2\/media\/13385"}],"wp:attachment":[{"href":"https:\/\/bbqassad.ee\/fi\/wp-json\/wp\/v2\/media?parent=21951"}],"wp:term":[{"taxonomy":"product_brand","embeddable":true,"href":"https:\/\/bbqassad.ee\/fi\/wp-json\/wp\/v2\/product_brand?post=21951"},{"taxonomy":"product_cat","embeddable":true,"href":"https:\/\/bbqassad.ee\/fi\/wp-json\/wp\/v2\/product_cat?post=21951"},{"taxonomy":"product_tag","embeddable":true,"href":"https:\/\/bbqassad.ee\/fi\/wp-json\/wp\/v2\/product_tag?post=21951"}],"curies":[{"name":"wp","href":"https:\/\/api.w.org\/{rel}","templated":true}]}}