{"id":21949,"date":"2026-02-23T15:05:20","date_gmt":"2026-02-23T15:05:20","guid":{"rendered":"https:\/\/bbqassad.ee\/toode\/napoleonin-kanan-puoliksi-rapeaksi-paistettu-paahtopohja\/"},"modified":"2026-04-14T06:32:29","modified_gmt":"2026-04-14T06:32:29","slug":"napoleonin-kanan-puoliksi-rapeaksi-paistettu-paahtopohja","status":"publish","type":"product","link":"https:\/\/bbqassad.ee\/fi\/toode\/napoleonin-kanan-puoliksi-rapeaksi-paistettu-paahtopohja\/","title":{"rendered":"Napoleonin kanan puoliksi rapeaksi paistettu paahtopohja"},"content":{"rendered":"<p>Napoleon&#8217;s Chicken Semi-Crispy Roasting Base on loistava tuote sek\u00e4 paistamiseen ett\u00e4 tarjoiluun. Sit\u00e4 voi k\u00e4ytt\u00e4\u00e4 my\u00f6s esimerkiksi vihannesten paahtamiseen, jolle alla oleva lihaneste antaa upean lis\u00e4makua. Voit my\u00f6s pit\u00e4\u00e4 grillin puhtaana nestem\u00e4isemm\u00e4ll\u00e4 mopilla. Se koostuu ruostumattomasta ter\u00e4ksest\u00e4 valmistetusta pohjasta ja pohjaan ty\u00f6nnett\u00e4v\u00e4st\u00e4 taittokehikosta. Paistien m\u00e4\u00e4r\u00e4 12 kappaletta.    <\/p>\n","protected":false},"excerpt":{"rendered":"<h3><strong>Napoleonin kanan puoliksi rapeaksi paistettu paahtopohja<\/strong><\/h3>\n<p>Kanan puolikkaan kukonpoikasten tarjottimen setti. Ruostumatonta ter\u00e4st\u00e4. <\/p>\n","protected":false},"featured_media":13373,"comment_status":"closed","ping_status":"closed","template":"","meta":[],"product_brand":[768],"product_cat":[785],"product_tag":[],"class_list":{"0":"post-21949","1":"product","2":"type-product","3":"status-publish","4":"has-post-thumbnail","6":"product_brand-napoleon","7":"product_cat-kaasugrillien-tarvikkeet","9":"first","10":"instock","11":"taxable","12":"shipping-taxable","13":"purchasable","14":"product-type-simple"},"yoast_head":"<!-- This site is optimized with the Yoast SEO plugin v27.4 - https:\/\/yoast.com\/product\/yoast-seo-wordpress\/ -->\n<title>Pohja Napoleonin kananpuolikkaiden paistamiseen - BBQ \u00c4ssad%<\/title>\n<meta name=\"description\" content=\"Napoleon Chicken Semi-Roasting Base on valmistettu ruostumattomasta ter\u00e4ksest\u00e4. Ihanteellinen kanan puolikkaiden grillaamiseen ja paahtamiseen. Korkealaatuinen ja kest\u00e4v\u00e4.\" \/>\n<meta name=\"robots\" content=\"index, follow, max-snippet:-1, max-image-preview:large, max-video-preview:-1\" \/>\n<link rel=\"canonical\" href=\"https:\/\/bbqassad.ee\/fi\/toode\/napoleonin-kanan-puoliksi-rapeaksi-paistettu-paahtopohja\/\" \/>\n<meta property=\"og:locale\" content=\"fi_FI\" \/>\n<meta property=\"og:type\" content=\"article\" \/>\n<meta property=\"og:title\" content=\"Pohja Napoleonin kananpuolikkaiden paistamiseen - BBQ \u00c4ssad%\" \/>\n<meta property=\"og:description\" content=\"Napoleon Chicken Semi-Roasting Base on valmistettu ruostumattomasta ter\u00e4ksest\u00e4. Ihanteellinen kanan puolikkaiden grillaamiseen ja paahtamiseen. Korkealaatuinen ja kest\u00e4v\u00e4.\" \/>\n<meta property=\"og:url\" content=\"https:\/\/bbqassad.ee\/fi\/toode\/napoleonin-kanan-puoliksi-rapeaksi-paistettu-paahtopohja\/\" \/>\n<meta property=\"og:site_name\" content=\"BBQ \u00c4ssad\" \/>\n<meta property=\"article:publisher\" content=\"https:\/\/www.facebook.com\/bbqassad\" \/>\n<meta property=\"article:modified_time\" content=\"2026-04-14T06:32:29+00:00\" \/>\n<meta property=\"og:image\" content=\"https:\/\/bbqassad.ee\/wp-content\/uploads\/2026\/02\/BBQ-Entertainment-Napoleon-kana-poolkoibade-rostimise-alus-1.jpg\" \/>\n<meta name=\"twitter:card\" content=\"summary_large_image\" \/>\n<meta name=\"twitter:title\" content=\"Pohja Napoleonin kananpuolikkaiden paistamiseen - BBQ \u00c4ssad%\" \/>\n<meta name=\"twitter:description\" content=\"Napoleon Chicken Semi-Roasting Base on valmistettu ruostumattomasta ter\u00e4ksest\u00e4. Ihanteellinen kanan puolikkaiden grillaamiseen ja paahtamiseen. Korkealaatuinen ja kest\u00e4v\u00e4.\" \/>\n<meta name=\"twitter:image\" content=\"https:\/\/bbqassad.ee\/wp-content\/uploads\/2026\/02\/BBQ-Entertainment-Napoleon-kana-poolkoibade-rostimise-alus-1.jpg\" \/>\n<script type=\"application\/ld+json\" class=\"yoast-schema-graph\">{\"@context\":\"https:\\\/\\\/schema.org\",\"@graph\":[{\"@type\":\"WebPage\",\"@id\":\"https:\\\/\\\/bbqassad.ee\\\/fi\\\/toode\\\/napoleonin-kanan-puoliksi-rapeaksi-paistettu-paahtopohja\\\/\",\"url\":\"https:\\\/\\\/bbqassad.ee\\\/fi\\\/toode\\\/napoleonin-kanan-puoliksi-rapeaksi-paistettu-paahtopohja\\\/\",\"name\":\"Pohja Napoleonin kananpuolikkaiden paistamiseen - BBQ \u00c4ssad%\",\"isPartOf\":{\"@id\":\"https:\\\/\\\/bbqassad.ee\\\/fi\\\/#website\"},\"primaryImageOfPage\":{\"@id\":\"https:\\\/\\\/bbqassad.ee\\\/fi\\\/toode\\\/napoleonin-kanan-puoliksi-rapeaksi-paistettu-paahtopohja\\\/#primaryimage\"},\"image\":{\"@id\":\"https:\\\/\\\/bbqassad.ee\\\/fi\\\/toode\\\/napoleonin-kanan-puoliksi-rapeaksi-paistettu-paahtopohja\\\/#primaryimage\"},\"thumbnailUrl\":\"https:\\\/\\\/bbqassad.ee\\\/wp-content\\\/uploads\\\/2026\\\/02\\\/BBQ-Entertainment-Napoleon-kana-poolkoibade-rostimise-alus-1.jpg\",\"datePublished\":\"2026-02-23T15:05:20+00:00\",\"dateModified\":\"2026-04-14T06:32:29+00:00\",\"description\":\"Napoleon Chicken Semi-Roasting Base on valmistettu ruostumattomasta ter\u00e4ksest\u00e4. Ihanteellinen kanan puolikkaiden grillaamiseen ja paahtamiseen. Korkealaatuinen ja kest\u00e4v\u00e4.\",\"breadcrumb\":{\"@id\":\"https:\\\/\\\/bbqassad.ee\\\/fi\\\/toode\\\/napoleonin-kanan-puoliksi-rapeaksi-paistettu-paahtopohja\\\/#breadcrumb\"},\"inLanguage\":\"fi\",\"potentialAction\":[{\"@type\":\"ReadAction\",\"target\":[\"https:\\\/\\\/bbqassad.ee\\\/fi\\\/toode\\\/napoleonin-kanan-puoliksi-rapeaksi-paistettu-paahtopohja\\\/\"]}]},{\"@type\":\"ImageObject\",\"inLanguage\":\"fi\",\"@id\":\"https:\\\/\\\/bbqassad.ee\\\/fi\\\/toode\\\/napoleonin-kanan-puoliksi-rapeaksi-paistettu-paahtopohja\\\/#primaryimage\",\"url\":\"https:\\\/\\\/bbqassad.ee\\\/wp-content\\\/uploads\\\/2026\\\/02\\\/BBQ-Entertainment-Napoleon-kana-poolkoibade-rostimise-alus-1.jpg\",\"contentUrl\":\"https:\\\/\\\/bbqassad.ee\\\/wp-content\\\/uploads\\\/2026\\\/02\\\/BBQ-Entertainment-Napoleon-kana-poolkoibade-rostimise-alus-1.jpg\",\"width\":996,\"height\":996},{\"@type\":\"BreadcrumbList\",\"@id\":\"https:\\\/\\\/bbqassad.ee\\\/fi\\\/toode\\\/napoleonin-kanan-puoliksi-rapeaksi-paistettu-paahtopohja\\\/#breadcrumb\",\"itemListElement\":[{\"@type\":\"ListItem\",\"position\":1,\"name\":\"Home\",\"item\":\"https:\\\/\\\/bbqassad.ee\\\/fi\\\/bbq-assat\\\/\"},{\"@type\":\"ListItem\",\"position\":2,\"name\":\"Verkkokauppa\",\"item\":\"https:\\\/\\\/bbqassad.ee\\\/fi\\\/verkkokauppa\\\/\"},{\"@type\":\"ListItem\",\"position\":3,\"name\":\"Napoleonin kanan puoliksi rapeaksi paistettu paahtopohja\"}]},{\"@type\":\"WebSite\",\"@id\":\"https:\\\/\\\/bbqassad.ee\\\/fi\\\/#website\",\"url\":\"https:\\\/\\\/bbqassad.ee\\\/fi\\\/\",\"name\":\"BBQ \u00c4ssad\",\"description\":\"BBQ maitseained, kastmed, ahjud\",\"publisher\":{\"@id\":\"https:\\\/\\\/bbqassad.ee\\\/fi\\\/#organization\"},\"potentialAction\":[{\"@type\":\"SearchAction\",\"target\":{\"@type\":\"EntryPoint\",\"urlTemplate\":\"https:\\\/\\\/bbqassad.ee\\\/fi\\\/?s={search_term_string}\"},\"query-input\":{\"@type\":\"PropertyValueSpecification\",\"valueRequired\":true,\"valueName\":\"search_term_string\"}}],\"inLanguage\":\"fi\"},{\"@type\":\"Organization\",\"@id\":\"https:\\\/\\\/bbqassad.ee\\\/fi\\\/#organization\",\"name\":\"BBQ \u00c4ssad\",\"url\":\"https:\\\/\\\/bbqassad.ee\\\/fi\\\/\",\"logo\":{\"@type\":\"ImageObject\",\"inLanguage\":\"fi\",\"@id\":\"https:\\\/\\\/bbqassad.ee\\\/fi\\\/#\\\/schema\\\/logo\\\/image\\\/\",\"url\":\"https:\\\/\\\/bbqassad.ee\\\/wp-content\\\/uploads\\\/2022\\\/10\\\/BBQ-2ssadlogo.png\",\"contentUrl\":\"https:\\\/\\\/bbqassad.ee\\\/wp-content\\\/uploads\\\/2022\\\/10\\\/BBQ-2ssadlogo.png\",\"width\":1080,\"height\":1080,\"caption\":\"BBQ \u00c4ssad\"},\"image\":{\"@id\":\"https:\\\/\\\/bbqassad.ee\\\/fi\\\/#\\\/schema\\\/logo\\\/image\\\/\"},\"sameAs\":[\"https:\\\/\\\/www.facebook.com\\\/bbqassad\",\"https:\\\/\\\/www.youtube.com\\\/channel\\\/UCsoufn49J6TVi9Ah9meE93w\"]}]}<\/script>\n<!-- \/ Yoast SEO plugin. -->","yoast_head_json":{"title":"Pohja Napoleonin kananpuolikkaiden paistamiseen - BBQ \u00c4ssad%","description":"Napoleon Chicken Semi-Roasting Base on valmistettu ruostumattomasta ter\u00e4ksest\u00e4. Ihanteellinen kanan puolikkaiden grillaamiseen ja paahtamiseen. Korkealaatuinen ja kest\u00e4v\u00e4.","robots":{"index":"index","follow":"follow","max-snippet":"max-snippet:-1","max-image-preview":"max-image-preview:large","max-video-preview":"max-video-preview:-1"},"canonical":"https:\/\/bbqassad.ee\/fi\/toode\/napoleonin-kanan-puoliksi-rapeaksi-paistettu-paahtopohja\/","og_locale":"fi_FI","og_type":"article","og_title":"Pohja Napoleonin kananpuolikkaiden paistamiseen - BBQ \u00c4ssad%","og_description":"Napoleon Chicken Semi-Roasting Base on valmistettu ruostumattomasta ter\u00e4ksest\u00e4. Ihanteellinen kanan puolikkaiden grillaamiseen ja paahtamiseen. Korkealaatuinen ja kest\u00e4v\u00e4.","og_url":"https:\/\/bbqassad.ee\/fi\/toode\/napoleonin-kanan-puoliksi-rapeaksi-paistettu-paahtopohja\/","og_site_name":"BBQ \u00c4ssad","article_publisher":"https:\/\/www.facebook.com\/bbqassad","article_modified_time":"2026-04-14T06:32:29+00:00","og_image":[{"url":"https:\/\/bbqassad.ee\/wp-content\/uploads\/2026\/02\/BBQ-Entertainment-Napoleon-kana-poolkoibade-rostimise-alus-1.jpg","type":"","width":"","height":""}],"twitter_card":"summary_large_image","twitter_title":"Pohja Napoleonin kananpuolikkaiden paistamiseen - BBQ \u00c4ssad%","twitter_description":"Napoleon Chicken Semi-Roasting Base on valmistettu ruostumattomasta ter\u00e4ksest\u00e4. Ihanteellinen kanan puolikkaiden grillaamiseen ja paahtamiseen. Korkealaatuinen ja kest\u00e4v\u00e4.","twitter_image":"https:\/\/bbqassad.ee\/wp-content\/uploads\/2026\/02\/BBQ-Entertainment-Napoleon-kana-poolkoibade-rostimise-alus-1.jpg","schema":{"@context":"https:\/\/schema.org","@graph":[{"@type":"WebPage","@id":"https:\/\/bbqassad.ee\/fi\/toode\/napoleonin-kanan-puoliksi-rapeaksi-paistettu-paahtopohja\/","url":"https:\/\/bbqassad.ee\/fi\/toode\/napoleonin-kanan-puoliksi-rapeaksi-paistettu-paahtopohja\/","name":"Pohja Napoleonin kananpuolikkaiden paistamiseen - BBQ \u00c4ssad%","isPartOf":{"@id":"https:\/\/bbqassad.ee\/fi\/#website"},"primaryImageOfPage":{"@id":"https:\/\/bbqassad.ee\/fi\/toode\/napoleonin-kanan-puoliksi-rapeaksi-paistettu-paahtopohja\/#primaryimage"},"image":{"@id":"https:\/\/bbqassad.ee\/fi\/toode\/napoleonin-kanan-puoliksi-rapeaksi-paistettu-paahtopohja\/#primaryimage"},"thumbnailUrl":"https:\/\/bbqassad.ee\/wp-content\/uploads\/2026\/02\/BBQ-Entertainment-Napoleon-kana-poolkoibade-rostimise-alus-1.jpg","datePublished":"2026-02-23T15:05:20+00:00","dateModified":"2026-04-14T06:32:29+00:00","description":"Napoleon Chicken Semi-Roasting Base on valmistettu ruostumattomasta ter\u00e4ksest\u00e4. Ihanteellinen kanan puolikkaiden grillaamiseen ja paahtamiseen. Korkealaatuinen ja kest\u00e4v\u00e4.","breadcrumb":{"@id":"https:\/\/bbqassad.ee\/fi\/toode\/napoleonin-kanan-puoliksi-rapeaksi-paistettu-paahtopohja\/#breadcrumb"},"inLanguage":"fi","potentialAction":[{"@type":"ReadAction","target":["https:\/\/bbqassad.ee\/fi\/toode\/napoleonin-kanan-puoliksi-rapeaksi-paistettu-paahtopohja\/"]}]},{"@type":"ImageObject","inLanguage":"fi","@id":"https:\/\/bbqassad.ee\/fi\/toode\/napoleonin-kanan-puoliksi-rapeaksi-paistettu-paahtopohja\/#primaryimage","url":"https:\/\/bbqassad.ee\/wp-content\/uploads\/2026\/02\/BBQ-Entertainment-Napoleon-kana-poolkoibade-rostimise-alus-1.jpg","contentUrl":"https:\/\/bbqassad.ee\/wp-content\/uploads\/2026\/02\/BBQ-Entertainment-Napoleon-kana-poolkoibade-rostimise-alus-1.jpg","width":996,"height":996},{"@type":"BreadcrumbList","@id":"https:\/\/bbqassad.ee\/fi\/toode\/napoleonin-kanan-puoliksi-rapeaksi-paistettu-paahtopohja\/#breadcrumb","itemListElement":[{"@type":"ListItem","position":1,"name":"Home","item":"https:\/\/bbqassad.ee\/fi\/bbq-assat\/"},{"@type":"ListItem","position":2,"name":"Verkkokauppa","item":"https:\/\/bbqassad.ee\/fi\/verkkokauppa\/"},{"@type":"ListItem","position":3,"name":"Napoleonin kanan puoliksi rapeaksi paistettu paahtopohja"}]},{"@type":"WebSite","@id":"https:\/\/bbqassad.ee\/fi\/#website","url":"https:\/\/bbqassad.ee\/fi\/","name":"BBQ \u00c4ssad","description":"BBQ maitseained, kastmed, ahjud","publisher":{"@id":"https:\/\/bbqassad.ee\/fi\/#organization"},"potentialAction":[{"@type":"SearchAction","target":{"@type":"EntryPoint","urlTemplate":"https:\/\/bbqassad.ee\/fi\/?s={search_term_string}"},"query-input":{"@type":"PropertyValueSpecification","valueRequired":true,"valueName":"search_term_string"}}],"inLanguage":"fi"},{"@type":"Organization","@id":"https:\/\/bbqassad.ee\/fi\/#organization","name":"BBQ \u00c4ssad","url":"https:\/\/bbqassad.ee\/fi\/","logo":{"@type":"ImageObject","inLanguage":"fi","@id":"https:\/\/bbqassad.ee\/fi\/#\/schema\/logo\/image\/","url":"https:\/\/bbqassad.ee\/wp-content\/uploads\/2022\/10\/BBQ-2ssadlogo.png","contentUrl":"https:\/\/bbqassad.ee\/wp-content\/uploads\/2022\/10\/BBQ-2ssadlogo.png","width":1080,"height":1080,"caption":"BBQ \u00c4ssad"},"image":{"@id":"https:\/\/bbqassad.ee\/fi\/#\/schema\/logo\/image\/"},"sameAs":["https:\/\/www.facebook.com\/bbqassad","https:\/\/www.youtube.com\/channel\/UCsoufn49J6TVi9Ah9meE93w"]}]}},"_links":{"self":[{"href":"https:\/\/bbqassad.ee\/fi\/wp-json\/wp\/v2\/product\/21949","targetHints":{"allow":["GET"]}}],"collection":[{"href":"https:\/\/bbqassad.ee\/fi\/wp-json\/wp\/v2\/product"}],"about":[{"href":"https:\/\/bbqassad.ee\/fi\/wp-json\/wp\/v2\/types\/product"}],"replies":[{"embeddable":true,"href":"https:\/\/bbqassad.ee\/fi\/wp-json\/wp\/v2\/comments?post=21949"}],"wp:featuredmedia":[{"embeddable":true,"href":"https:\/\/bbqassad.ee\/fi\/wp-json\/wp\/v2\/media\/13373"}],"wp:attachment":[{"href":"https:\/\/bbqassad.ee\/fi\/wp-json\/wp\/v2\/media?parent=21949"}],"wp:term":[{"taxonomy":"product_brand","embeddable":true,"href":"https:\/\/bbqassad.ee\/fi\/wp-json\/wp\/v2\/product_brand?post=21949"},{"taxonomy":"product_cat","embeddable":true,"href":"https:\/\/bbqassad.ee\/fi\/wp-json\/wp\/v2\/product_cat?post=21949"},{"taxonomy":"product_tag","embeddable":true,"href":"https:\/\/bbqassad.ee\/fi\/wp-json\/wp\/v2\/product_tag?post=21949"}],"curies":[{"name":"wp","href":"https:\/\/api.w.org\/{rel}","templated":true}]}}