{"id":21942,"date":"2026-02-23T15:05:26","date_gmt":"2026-02-23T15:05:26","guid":{"rendered":"https:\/\/bbqassad.ee\/toode\/napoleon-planchette-valurauta-posliinipinnoitettu\/"},"modified":"2026-04-14T06:32:28","modified_gmt":"2026-04-14T06:32:28","slug":"napoleon-planchette-valurauta-posliinipinnoitettu","status":"publish","type":"product","link":"https:\/\/bbqassad.ee\/fi\/toode\/napoleon-planchette-valurauta-posliinipinnoitettu\/","title":{"rendered":"Napoleon planchette (valurauta, posliinipinnoitettu)"},"content":{"rendered":"<p>Ruskista lempiruokasi kuumalla valurautaisella Plancha-kypsennyspinnalla! Plancha-grillilevy on ihanteellinen nopeaan ja tasaiseen grillaukseen. Kiilt\u00e4v\u00e4 posliinipinnoitettu valurauta tarjoaa tarttumattoman pinnan, joka on helppo puhdistaa. Terveytesi vuoksi t\u00e4m\u00e4 tuote on suunniteltu niin, ett\u00e4 ruoan rasva valuu pinnalta etureunaan, ja samalla reunat est\u00e4v\u00e4t rasvan p\u00e4\u00e4syn grilliin, jolloin v\u00e4ltyt\u00e4\u00e4n rasvapalovammoilta. Mitat 30\u00d737cm etureuna. Sopii Napoleon Roque 425\/525\/625 sek\u00e4 Prestige-malleihin.     <\/p>\n","protected":false},"excerpt":{"rendered":"<h3><strong>Napoleon plancha (valurauta, posliinipinnoitettu)<\/strong><\/h3>\n<p>Valurautainen emaloitu tasolevy Napoleon Rogue 425\/525\/625 -malleihin, my\u00f6s Prestige-malleihin. Levyn reuna tekee grillattavasta tuotteesta erityisen mukavan ja est\u00e4\u00e4 ruoan putoamisen grilliin. <\/p>\n","protected":false},"featured_media":13637,"comment_status":"closed","ping_status":"closed","template":"","meta":[],"product_brand":[768],"product_cat":[785],"product_tag":[],"class_list":{"0":"post-21942","1":"product","2":"type-product","3":"status-publish","4":"has-post-thumbnail","6":"product_brand-napoleon","7":"product_cat-kaasugrillien-tarvikkeet","9":"first","10":"instock","11":"taxable","12":"shipping-taxable","13":"purchasable","14":"product-type-simple"},"yoast_head":"<!-- This site is optimized with the Yoast SEO plugin v27.4 - https:\/\/yoast.com\/product\/yoast-seo-wordpress\/ -->\n<title>Napoleon plancha lautanen (valurauta, posliinipinnoitettu) -% BBQ \u00c4ssad%<\/title>\n<meta name=\"description\" content=\"Napoleon Rogue 425\/525\/625\/625\/625 ja Prestige -mallit, joissa on valurautainen, emalipinnoitettu tasolevy. Mukava reuna pit\u00e4\u00e4 ruoan paikoillaan grillauksen aikana.\" \/>\n<meta name=\"robots\" content=\"index, follow, max-snippet:-1, max-image-preview:large, max-video-preview:-1\" \/>\n<link rel=\"canonical\" href=\"https:\/\/bbqassad.ee\/fi\/toode\/napoleon-planchette-valurauta-posliinipinnoitettu\/\" \/>\n<meta property=\"og:locale\" content=\"fi_FI\" \/>\n<meta property=\"og:type\" content=\"article\" \/>\n<meta property=\"og:title\" content=\"Napoleon plancha lautanen (valurauta, posliinipinnoitettu) -% BBQ \u00c4ssad%\" \/>\n<meta property=\"og:description\" content=\"Napoleon Rogue 425\/525\/625\/625\/625 ja Prestige -mallit, joissa on valurautainen, emalipinnoitettu tasolevy. Mukava reuna pit\u00e4\u00e4 ruoan paikoillaan grillauksen aikana.\" \/>\n<meta property=\"og:url\" content=\"https:\/\/bbqassad.ee\/fi\/toode\/napoleon-planchette-valurauta-posliinipinnoitettu\/\" \/>\n<meta property=\"og:site_name\" content=\"BBQ \u00c4ssad\" \/>\n<meta property=\"article:publisher\" content=\"https:\/\/www.facebook.com\/bbqassad\" \/>\n<meta property=\"article:modified_time\" content=\"2026-04-14T06:32:28+00:00\" \/>\n<meta property=\"og:image\" content=\"https:\/\/bbqassad.ee\/wp-content\/uploads\/2026\/02\/Napoleon-56090-plaat-002.png\" \/>\n<meta name=\"twitter:card\" content=\"summary_large_image\" \/>\n<meta name=\"twitter:title\" content=\"Napoleon plancha lautanen (valurauta, posliinipinnoitettu) -% BBQ \u00c4ssad%\" \/>\n<meta name=\"twitter:description\" content=\"Napoleon Rogue 425\/525\/625\/625\/625 ja Prestige -mallit, joissa on valurautainen, emalipinnoitettu tasolevy. Mukava reuna pit\u00e4\u00e4 ruoan paikoillaan grillauksen aikana.\" \/>\n<meta name=\"twitter:image\" content=\"https:\/\/bbqassad.ee\/wp-content\/uploads\/2026\/02\/Napoleon-56090-plaat-002.png\" \/>\n<script type=\"application\/ld+json\" class=\"yoast-schema-graph\">{\"@context\":\"https:\\\/\\\/schema.org\",\"@graph\":[{\"@type\":\"WebPage\",\"@id\":\"https:\\\/\\\/bbqassad.ee\\\/fi\\\/toode\\\/napoleon-planchette-valurauta-posliinipinnoitettu\\\/\",\"url\":\"https:\\\/\\\/bbqassad.ee\\\/fi\\\/toode\\\/napoleon-planchette-valurauta-posliinipinnoitettu\\\/\",\"name\":\"Napoleon plancha lautanen (valurauta, posliinipinnoitettu) -% BBQ \u00c4ssad%\",\"isPartOf\":{\"@id\":\"https:\\\/\\\/bbqassad.ee\\\/fi\\\/#website\"},\"primaryImageOfPage\":{\"@id\":\"https:\\\/\\\/bbqassad.ee\\\/fi\\\/toode\\\/napoleon-planchette-valurauta-posliinipinnoitettu\\\/#primaryimage\"},\"image\":{\"@id\":\"https:\\\/\\\/bbqassad.ee\\\/fi\\\/toode\\\/napoleon-planchette-valurauta-posliinipinnoitettu\\\/#primaryimage\"},\"thumbnailUrl\":\"https:\\\/\\\/bbqassad.ee\\\/wp-content\\\/uploads\\\/2026\\\/02\\\/Napoleon-56090-plaat-002.png\",\"datePublished\":\"2026-02-23T15:05:26+00:00\",\"dateModified\":\"2026-04-14T06:32:28+00:00\",\"description\":\"Napoleon Rogue 425\\\/525\\\/625\\\/625\\\/625 ja Prestige -mallit, joissa on valurautainen, emalipinnoitettu tasolevy. Mukava reuna pit\u00e4\u00e4 ruoan paikoillaan grillauksen aikana.\",\"breadcrumb\":{\"@id\":\"https:\\\/\\\/bbqassad.ee\\\/fi\\\/toode\\\/napoleon-planchette-valurauta-posliinipinnoitettu\\\/#breadcrumb\"},\"inLanguage\":\"fi\",\"potentialAction\":[{\"@type\":\"ReadAction\",\"target\":[\"https:\\\/\\\/bbqassad.ee\\\/fi\\\/toode\\\/napoleon-planchette-valurauta-posliinipinnoitettu\\\/\"]}]},{\"@type\":\"ImageObject\",\"inLanguage\":\"fi\",\"@id\":\"https:\\\/\\\/bbqassad.ee\\\/fi\\\/toode\\\/napoleon-planchette-valurauta-posliinipinnoitettu\\\/#primaryimage\",\"url\":\"https:\\\/\\\/bbqassad.ee\\\/wp-content\\\/uploads\\\/2026\\\/02\\\/Napoleon-56090-plaat-002.png\",\"contentUrl\":\"https:\\\/\\\/bbqassad.ee\\\/wp-content\\\/uploads\\\/2026\\\/02\\\/Napoleon-56090-plaat-002.png\",\"width\":1200,\"height\":1200},{\"@type\":\"BreadcrumbList\",\"@id\":\"https:\\\/\\\/bbqassad.ee\\\/fi\\\/toode\\\/napoleon-planchette-valurauta-posliinipinnoitettu\\\/#breadcrumb\",\"itemListElement\":[{\"@type\":\"ListItem\",\"position\":1,\"name\":\"Home\",\"item\":\"https:\\\/\\\/bbqassad.ee\\\/fi\\\/bbq-assat\\\/\"},{\"@type\":\"ListItem\",\"position\":2,\"name\":\"Verkkokauppa\",\"item\":\"https:\\\/\\\/bbqassad.ee\\\/fi\\\/verkkokauppa\\\/\"},{\"@type\":\"ListItem\",\"position\":3,\"name\":\"Napoleon planchette (valurauta, posliinipinnoitettu)\"}]},{\"@type\":\"WebSite\",\"@id\":\"https:\\\/\\\/bbqassad.ee\\\/fi\\\/#website\",\"url\":\"https:\\\/\\\/bbqassad.ee\\\/fi\\\/\",\"name\":\"BBQ \u00c4ssad\",\"description\":\"BBQ maitseained, kastmed, ahjud\",\"publisher\":{\"@id\":\"https:\\\/\\\/bbqassad.ee\\\/fi\\\/#organization\"},\"potentialAction\":[{\"@type\":\"SearchAction\",\"target\":{\"@type\":\"EntryPoint\",\"urlTemplate\":\"https:\\\/\\\/bbqassad.ee\\\/fi\\\/?s={search_term_string}\"},\"query-input\":{\"@type\":\"PropertyValueSpecification\",\"valueRequired\":true,\"valueName\":\"search_term_string\"}}],\"inLanguage\":\"fi\"},{\"@type\":\"Organization\",\"@id\":\"https:\\\/\\\/bbqassad.ee\\\/fi\\\/#organization\",\"name\":\"BBQ \u00c4ssad\",\"url\":\"https:\\\/\\\/bbqassad.ee\\\/fi\\\/\",\"logo\":{\"@type\":\"ImageObject\",\"inLanguage\":\"fi\",\"@id\":\"https:\\\/\\\/bbqassad.ee\\\/fi\\\/#\\\/schema\\\/logo\\\/image\\\/\",\"url\":\"https:\\\/\\\/bbqassad.ee\\\/wp-content\\\/uploads\\\/2022\\\/10\\\/BBQ-2ssadlogo.png\",\"contentUrl\":\"https:\\\/\\\/bbqassad.ee\\\/wp-content\\\/uploads\\\/2022\\\/10\\\/BBQ-2ssadlogo.png\",\"width\":1080,\"height\":1080,\"caption\":\"BBQ \u00c4ssad\"},\"image\":{\"@id\":\"https:\\\/\\\/bbqassad.ee\\\/fi\\\/#\\\/schema\\\/logo\\\/image\\\/\"},\"sameAs\":[\"https:\\\/\\\/www.facebook.com\\\/bbqassad\",\"https:\\\/\\\/www.youtube.com\\\/channel\\\/UCsoufn49J6TVi9Ah9meE93w\"]}]}<\/script>\n<!-- \/ Yoast SEO plugin. -->","yoast_head_json":{"title":"Napoleon plancha lautanen (valurauta, posliinipinnoitettu) -% BBQ \u00c4ssad%","description":"Napoleon Rogue 425\/525\/625\/625\/625 ja Prestige -mallit, joissa on valurautainen, emalipinnoitettu tasolevy. Mukava reuna pit\u00e4\u00e4 ruoan paikoillaan grillauksen aikana.","robots":{"index":"index","follow":"follow","max-snippet":"max-snippet:-1","max-image-preview":"max-image-preview:large","max-video-preview":"max-video-preview:-1"},"canonical":"https:\/\/bbqassad.ee\/fi\/toode\/napoleon-planchette-valurauta-posliinipinnoitettu\/","og_locale":"fi_FI","og_type":"article","og_title":"Napoleon plancha lautanen (valurauta, posliinipinnoitettu) -% BBQ \u00c4ssad%","og_description":"Napoleon Rogue 425\/525\/625\/625\/625 ja Prestige -mallit, joissa on valurautainen, emalipinnoitettu tasolevy. Mukava reuna pit\u00e4\u00e4 ruoan paikoillaan grillauksen aikana.","og_url":"https:\/\/bbqassad.ee\/fi\/toode\/napoleon-planchette-valurauta-posliinipinnoitettu\/","og_site_name":"BBQ \u00c4ssad","article_publisher":"https:\/\/www.facebook.com\/bbqassad","article_modified_time":"2026-04-14T06:32:28+00:00","og_image":[{"url":"https:\/\/bbqassad.ee\/wp-content\/uploads\/2026\/02\/Napoleon-56090-plaat-002.png","type":"","width":"","height":""}],"twitter_card":"summary_large_image","twitter_title":"Napoleon plancha lautanen (valurauta, posliinipinnoitettu) -% BBQ \u00c4ssad%","twitter_description":"Napoleon Rogue 425\/525\/625\/625\/625 ja Prestige -mallit, joissa on valurautainen, emalipinnoitettu tasolevy. Mukava reuna pit\u00e4\u00e4 ruoan paikoillaan grillauksen aikana.","twitter_image":"https:\/\/bbqassad.ee\/wp-content\/uploads\/2026\/02\/Napoleon-56090-plaat-002.png","schema":{"@context":"https:\/\/schema.org","@graph":[{"@type":"WebPage","@id":"https:\/\/bbqassad.ee\/fi\/toode\/napoleon-planchette-valurauta-posliinipinnoitettu\/","url":"https:\/\/bbqassad.ee\/fi\/toode\/napoleon-planchette-valurauta-posliinipinnoitettu\/","name":"Napoleon plancha lautanen (valurauta, posliinipinnoitettu) -% BBQ \u00c4ssad%","isPartOf":{"@id":"https:\/\/bbqassad.ee\/fi\/#website"},"primaryImageOfPage":{"@id":"https:\/\/bbqassad.ee\/fi\/toode\/napoleon-planchette-valurauta-posliinipinnoitettu\/#primaryimage"},"image":{"@id":"https:\/\/bbqassad.ee\/fi\/toode\/napoleon-planchette-valurauta-posliinipinnoitettu\/#primaryimage"},"thumbnailUrl":"https:\/\/bbqassad.ee\/wp-content\/uploads\/2026\/02\/Napoleon-56090-plaat-002.png","datePublished":"2026-02-23T15:05:26+00:00","dateModified":"2026-04-14T06:32:28+00:00","description":"Napoleon Rogue 425\/525\/625\/625\/625 ja Prestige -mallit, joissa on valurautainen, emalipinnoitettu tasolevy. Mukava reuna pit\u00e4\u00e4 ruoan paikoillaan grillauksen aikana.","breadcrumb":{"@id":"https:\/\/bbqassad.ee\/fi\/toode\/napoleon-planchette-valurauta-posliinipinnoitettu\/#breadcrumb"},"inLanguage":"fi","potentialAction":[{"@type":"ReadAction","target":["https:\/\/bbqassad.ee\/fi\/toode\/napoleon-planchette-valurauta-posliinipinnoitettu\/"]}]},{"@type":"ImageObject","inLanguage":"fi","@id":"https:\/\/bbqassad.ee\/fi\/toode\/napoleon-planchette-valurauta-posliinipinnoitettu\/#primaryimage","url":"https:\/\/bbqassad.ee\/wp-content\/uploads\/2026\/02\/Napoleon-56090-plaat-002.png","contentUrl":"https:\/\/bbqassad.ee\/wp-content\/uploads\/2026\/02\/Napoleon-56090-plaat-002.png","width":1200,"height":1200},{"@type":"BreadcrumbList","@id":"https:\/\/bbqassad.ee\/fi\/toode\/napoleon-planchette-valurauta-posliinipinnoitettu\/#breadcrumb","itemListElement":[{"@type":"ListItem","position":1,"name":"Home","item":"https:\/\/bbqassad.ee\/fi\/bbq-assat\/"},{"@type":"ListItem","position":2,"name":"Verkkokauppa","item":"https:\/\/bbqassad.ee\/fi\/verkkokauppa\/"},{"@type":"ListItem","position":3,"name":"Napoleon planchette (valurauta, posliinipinnoitettu)"}]},{"@type":"WebSite","@id":"https:\/\/bbqassad.ee\/fi\/#website","url":"https:\/\/bbqassad.ee\/fi\/","name":"BBQ \u00c4ssad","description":"BBQ maitseained, kastmed, ahjud","publisher":{"@id":"https:\/\/bbqassad.ee\/fi\/#organization"},"potentialAction":[{"@type":"SearchAction","target":{"@type":"EntryPoint","urlTemplate":"https:\/\/bbqassad.ee\/fi\/?s={search_term_string}"},"query-input":{"@type":"PropertyValueSpecification","valueRequired":true,"valueName":"search_term_string"}}],"inLanguage":"fi"},{"@type":"Organization","@id":"https:\/\/bbqassad.ee\/fi\/#organization","name":"BBQ \u00c4ssad","url":"https:\/\/bbqassad.ee\/fi\/","logo":{"@type":"ImageObject","inLanguage":"fi","@id":"https:\/\/bbqassad.ee\/fi\/#\/schema\/logo\/image\/","url":"https:\/\/bbqassad.ee\/wp-content\/uploads\/2022\/10\/BBQ-2ssadlogo.png","contentUrl":"https:\/\/bbqassad.ee\/wp-content\/uploads\/2022\/10\/BBQ-2ssadlogo.png","width":1080,"height":1080,"caption":"BBQ \u00c4ssad"},"image":{"@id":"https:\/\/bbqassad.ee\/fi\/#\/schema\/logo\/image\/"},"sameAs":["https:\/\/www.facebook.com\/bbqassad","https:\/\/www.youtube.com\/channel\/UCsoufn49J6TVi9Ah9meE93w"]}]}},"_links":{"self":[{"href":"https:\/\/bbqassad.ee\/fi\/wp-json\/wp\/v2\/product\/21942","targetHints":{"allow":["GET"]}}],"collection":[{"href":"https:\/\/bbqassad.ee\/fi\/wp-json\/wp\/v2\/product"}],"about":[{"href":"https:\/\/bbqassad.ee\/fi\/wp-json\/wp\/v2\/types\/product"}],"replies":[{"embeddable":true,"href":"https:\/\/bbqassad.ee\/fi\/wp-json\/wp\/v2\/comments?post=21942"}],"wp:featuredmedia":[{"embeddable":true,"href":"https:\/\/bbqassad.ee\/fi\/wp-json\/wp\/v2\/media\/13637"}],"wp:attachment":[{"href":"https:\/\/bbqassad.ee\/fi\/wp-json\/wp\/v2\/media?parent=21942"}],"wp:term":[{"taxonomy":"product_brand","embeddable":true,"href":"https:\/\/bbqassad.ee\/fi\/wp-json\/wp\/v2\/product_brand?post=21942"},{"taxonomy":"product_cat","embeddable":true,"href":"https:\/\/bbqassad.ee\/fi\/wp-json\/wp\/v2\/product_cat?post=21942"},{"taxonomy":"product_tag","embeddable":true,"href":"https:\/\/bbqassad.ee\/fi\/wp-json\/wp\/v2\/product_tag?post=21942"}],"curies":[{"name":"wp","href":"https:\/\/api.w.org\/{rel}","templated":true}]}}