{"id":21924,"date":"2026-02-23T15:05:26","date_gmt":"2026-02-23T15:05:26","guid":{"rendered":"https:\/\/bbqassad.ee\/toode\/napoleonin-lippalakki-kaantyvalla-tangolla\/"},"modified":"2026-04-14T06:32:27","modified_gmt":"2026-04-14T06:32:27","slug":"napoleonin-lippalakki-kaantyvalla-tangolla","status":"publish","type":"product","link":"https:\/\/bbqassad.ee\/fi\/toode\/napoleonin-lippalakki-kaantyvalla-tangolla\/","title":{"rendered":"Napoleonin lippalakki k\u00e4\u00e4ntyv\u00e4ll\u00e4 tangolla"},"content":{"rendered":"<h3 data-start=\"0\" data-end=\"50\"><strong data-start=\"0\" data-end=\"50\">Mik\u00e4 on rotisserie ja mihin sit\u00e4 k\u00e4ytet\u00e4\u00e4n?<\/strong><\/h3>\n<p class=\"\" data-start=\"52\" data-end=\"355\">Rotisserie on grillausmenetelm\u00e4, jossa ruoka on kiinnitetty tankoon ja py\u00f6rii jatkuvasti kypsennyksen aikana. N\u00e4in ruoka kypsyy tasaisesti joka puolelta ilman manuaalista py\u00f6ritt\u00e4mist\u00e4. Moottori py\u00f6ritt\u00e4\u00e4 tankoa hitaasti, jolloin lihan mehukkuus s\u00e4ilyy ja pinta rapeutuu.  <\/p>\n<p class=\"\" data-start=\"357\" data-end=\"616\">Rotisserie soveltuu erityisen hyvin kokonaisten kanojen, suurempien lihapalojen, kalan ja my\u00f6s vihannesten kypsent\u00e4miseen. Kyseess\u00e4 on klassinen grillaustekniikka, jolla saadaan erityisen murea ja maukas lopputulos, kun se kypsennet\u00e4\u00e4n matalalla ja tasaisella l\u00e4mm\u00f6ll\u00e4. <\/p>\n<p>&nbsp;<\/p>\n","protected":false},"excerpt":{"rendered":"<h3>Napoleonin ruostumattomasta ter\u00e4ksest\u00e4 valmistettu sauvakori py\u00f6riv\u00e4lle tangolle<\/h3>\n<p class=\"\" data-start=\"59\" data-end=\"297\">Napoleonin ruostumattomasta ter\u00e4ksest\u00e4 valmistetun wokkikorin avulla voit k\u00e4tev\u00e4sti grillata vihanneksia, kanansiivi\u00e4, ranskalaisia perunoita ja muita pieni\u00e4 ruokapaloja. Kori kiinnittyy py\u00f6riv\u00e4\u00e4n tankoon ja kypsyy tasaisesti joka puolelta py\u00f6riess\u00e4\u00e4n. <\/p>\n<p class=\"\" data-start=\"545\" data-end=\"560\"><strong data-start=\"545\" data-end=\"558\">Ominaisuudet:<\/strong><\/p>\n<ul data-start=\"561\" data-end=\"829\" data-is-last-node=\"\" data-is-only-node=\"\">\n<li class=\"\" data-start=\"561\" data-end=\"612\">\n<p class=\"\" data-start=\"563\" data-end=\"612\">valmistettu kest\u00e4v\u00e4st\u00e4 ruostumattomasta ter\u00e4ksest\u00e4<\/p>\n<\/li>\n<li class=\"\" data-start=\"613\" data-end=\"668\">\n<p class=\"\" data-start=\"615\" data-end=\"668\">kaksi sis\u00e4ist\u00e4 sekoituspalkkia takaavat tasaisen kypsennyksen<\/p>\n<\/li>\n<li class=\"\" data-start=\"669\" data-end=\"735\">\n<p class=\"\" data-start=\"671\" data-end=\"735\">ihanteellinen vihannesten, siipien ja ranskanperunoiden valmistukseen.<\/p>\n<\/li>\n<li class=\"\" data-start=\"736\" data-end=\"788\">\n<p class=\"\" data-start=\"738\" data-end=\"788\">avattava kori helppoa t\u00e4ytt\u00f6\u00e4 ja puhdistusta varten<\/p>\n<\/li>\n<li class=\"\" data-start=\"789\" data-end=\"829\">\n<p class=\"\" data-start=\"791\" data-end=\"829\">yhteensopiva kaikkien Napoleonin k\u00e4\u00e4ntyvien sauvojen kanssa.<\/p>\n<\/li>\n<\/ul>\n","protected":false},"featured_media":13520,"comment_status":"closed","ping_status":"closed","template":"","meta":[],"product_brand":[768],"product_cat":[785],"product_tag":[],"class_list":{"0":"post-21924","1":"product","2":"type-product","3":"status-publish","4":"has-post-thumbnail","6":"product_brand-napoleon","7":"product_cat-kaasugrillien-tarvikkeet","9":"first","10":"instock","11":"taxable","12":"shipping-taxable","13":"purchasable","14":"product-type-simple"},"yoast_head":"<!-- This site is optimized with the Yoast SEO plugin v27.4 - https:\/\/yoast.com\/product\/yoast-seo-wordpress\/ -->\n<title>Napoleonin lippalakki py\u00f6riv\u00e4\u00e4 baaria varten -% BBQ \u00c4ssad%<\/title>\n<meta name=\"description\" content=\"Napoleonin ruostumattomasta ter\u00e4ksest\u00e4 valmistetun wokkikorin avulla voit k\u00e4tev\u00e4sti grillata vihanneksia, kanansiipi\u00e4 ja ranskalaisia perunoita. Kaksi sekoitusjalkaa takaavat tasaisen kypsennyksen.\" \/>\n<meta name=\"robots\" content=\"index, follow, max-snippet:-1, max-image-preview:large, max-video-preview:-1\" \/>\n<link rel=\"canonical\" href=\"https:\/\/bbqassad.ee\/fi\/toode\/napoleonin-lippalakki-kaantyvalla-tangolla\/\" \/>\n<meta property=\"og:locale\" content=\"fi_FI\" \/>\n<meta property=\"og:type\" content=\"article\" \/>\n<meta property=\"og:title\" content=\"Napoleonin lippalakki py\u00f6riv\u00e4\u00e4 baaria varten -% BBQ \u00c4ssad%\" \/>\n<meta property=\"og:description\" content=\"Napoleonin ruostumattomasta ter\u00e4ksest\u00e4 valmistetun wokkikorin avulla voit k\u00e4tev\u00e4sti grillata vihanneksia, kanansiipi\u00e4 ja ranskalaisia perunoita. Kaksi sekoitusjalkaa takaavat tasaisen kypsennyksen.\" \/>\n<meta property=\"og:url\" content=\"https:\/\/bbqassad.ee\/fi\/toode\/napoleonin-lippalakki-kaantyvalla-tangolla\/\" \/>\n<meta property=\"og:site_name\" content=\"BBQ \u00c4ssad\" \/>\n<meta property=\"article:publisher\" content=\"https:\/\/www.facebook.com\/bbqassad\" \/>\n<meta property=\"article:modified_time\" content=\"2026-04-14T06:32:27+00:00\" \/>\n<meta property=\"og:image\" content=\"https:\/\/bbqassad.ee\/wp-content\/uploads\/2026\/02\/BBQ-Entertainment-Napoleon-wokikorv-poordvardale-1.jpg\" \/>\n<meta name=\"twitter:card\" content=\"summary_large_image\" \/>\n<meta name=\"twitter:title\" content=\"Napoleonin lippalakki py\u00f6riv\u00e4\u00e4 baaria varten -% BBQ \u00c4ssad%\" \/>\n<meta name=\"twitter:description\" content=\"Napoleonin ruostumattomasta ter\u00e4ksest\u00e4 valmistetun wokkikorin avulla voit k\u00e4tev\u00e4sti grillata vihanneksia, kanansiipi\u00e4 ja ranskalaisia perunoita. Kaksi sekoitusjalkaa takaavat tasaisen kypsennyksen.\" \/>\n<meta name=\"twitter:image\" content=\"https:\/\/bbqassad.ee\/wp-content\/uploads\/2026\/02\/BBQ-Entertainment-Napoleon-wokikorv-poordvardale-1.jpg\" \/>\n<script type=\"application\/ld+json\" class=\"yoast-schema-graph\">{\"@context\":\"https:\\\/\\\/schema.org\",\"@graph\":[{\"@type\":\"WebPage\",\"@id\":\"https:\\\/\\\/bbqassad.ee\\\/fi\\\/toode\\\/napoleonin-lippalakki-kaantyvalla-tangolla\\\/\",\"url\":\"https:\\\/\\\/bbqassad.ee\\\/fi\\\/toode\\\/napoleonin-lippalakki-kaantyvalla-tangolla\\\/\",\"name\":\"Napoleonin lippalakki py\u00f6riv\u00e4\u00e4 baaria varten -% BBQ \u00c4ssad%\",\"isPartOf\":{\"@id\":\"https:\\\/\\\/bbqassad.ee\\\/fi\\\/#website\"},\"primaryImageOfPage\":{\"@id\":\"https:\\\/\\\/bbqassad.ee\\\/fi\\\/toode\\\/napoleonin-lippalakki-kaantyvalla-tangolla\\\/#primaryimage\"},\"image\":{\"@id\":\"https:\\\/\\\/bbqassad.ee\\\/fi\\\/toode\\\/napoleonin-lippalakki-kaantyvalla-tangolla\\\/#primaryimage\"},\"thumbnailUrl\":\"https:\\\/\\\/bbqassad.ee\\\/wp-content\\\/uploads\\\/2026\\\/02\\\/BBQ-Entertainment-Napoleon-wokikorv-poordvardale-1.jpg\",\"datePublished\":\"2026-02-23T15:05:26+00:00\",\"dateModified\":\"2026-04-14T06:32:27+00:00\",\"description\":\"Napoleonin ruostumattomasta ter\u00e4ksest\u00e4 valmistetun wokkikorin avulla voit k\u00e4tev\u00e4sti grillata vihanneksia, kanansiipi\u00e4 ja ranskalaisia perunoita. Kaksi sekoitusjalkaa takaavat tasaisen kypsennyksen.\",\"breadcrumb\":{\"@id\":\"https:\\\/\\\/bbqassad.ee\\\/fi\\\/toode\\\/napoleonin-lippalakki-kaantyvalla-tangolla\\\/#breadcrumb\"},\"inLanguage\":\"fi\",\"potentialAction\":[{\"@type\":\"ReadAction\",\"target\":[\"https:\\\/\\\/bbqassad.ee\\\/fi\\\/toode\\\/napoleonin-lippalakki-kaantyvalla-tangolla\\\/\"]}]},{\"@type\":\"ImageObject\",\"inLanguage\":\"fi\",\"@id\":\"https:\\\/\\\/bbqassad.ee\\\/fi\\\/toode\\\/napoleonin-lippalakki-kaantyvalla-tangolla\\\/#primaryimage\",\"url\":\"https:\\\/\\\/bbqassad.ee\\\/wp-content\\\/uploads\\\/2026\\\/02\\\/BBQ-Entertainment-Napoleon-wokikorv-poordvardale-1.jpg\",\"contentUrl\":\"https:\\\/\\\/bbqassad.ee\\\/wp-content\\\/uploads\\\/2026\\\/02\\\/BBQ-Entertainment-Napoleon-wokikorv-poordvardale-1.jpg\",\"width\":1070,\"height\":1070},{\"@type\":\"BreadcrumbList\",\"@id\":\"https:\\\/\\\/bbqassad.ee\\\/fi\\\/toode\\\/napoleonin-lippalakki-kaantyvalla-tangolla\\\/#breadcrumb\",\"itemListElement\":[{\"@type\":\"ListItem\",\"position\":1,\"name\":\"Home\",\"item\":\"https:\\\/\\\/bbqassad.ee\\\/fi\\\/bbq-assat\\\/\"},{\"@type\":\"ListItem\",\"position\":2,\"name\":\"Verkkokauppa\",\"item\":\"https:\\\/\\\/bbqassad.ee\\\/fi\\\/verkkokauppa\\\/\"},{\"@type\":\"ListItem\",\"position\":3,\"name\":\"Napoleonin lippalakki k\u00e4\u00e4ntyv\u00e4ll\u00e4 tangolla\"}]},{\"@type\":\"WebSite\",\"@id\":\"https:\\\/\\\/bbqassad.ee\\\/fi\\\/#website\",\"url\":\"https:\\\/\\\/bbqassad.ee\\\/fi\\\/\",\"name\":\"BBQ \u00c4ssad\",\"description\":\"BBQ maitseained, kastmed, ahjud\",\"publisher\":{\"@id\":\"https:\\\/\\\/bbqassad.ee\\\/fi\\\/#organization\"},\"potentialAction\":[{\"@type\":\"SearchAction\",\"target\":{\"@type\":\"EntryPoint\",\"urlTemplate\":\"https:\\\/\\\/bbqassad.ee\\\/fi\\\/?s={search_term_string}\"},\"query-input\":{\"@type\":\"PropertyValueSpecification\",\"valueRequired\":true,\"valueName\":\"search_term_string\"}}],\"inLanguage\":\"fi\"},{\"@type\":\"Organization\",\"@id\":\"https:\\\/\\\/bbqassad.ee\\\/fi\\\/#organization\",\"name\":\"BBQ \u00c4ssad\",\"url\":\"https:\\\/\\\/bbqassad.ee\\\/fi\\\/\",\"logo\":{\"@type\":\"ImageObject\",\"inLanguage\":\"fi\",\"@id\":\"https:\\\/\\\/bbqassad.ee\\\/fi\\\/#\\\/schema\\\/logo\\\/image\\\/\",\"url\":\"https:\\\/\\\/bbqassad.ee\\\/wp-content\\\/uploads\\\/2022\\\/10\\\/BBQ-2ssadlogo.png\",\"contentUrl\":\"https:\\\/\\\/bbqassad.ee\\\/wp-content\\\/uploads\\\/2022\\\/10\\\/BBQ-2ssadlogo.png\",\"width\":1080,\"height\":1080,\"caption\":\"BBQ \u00c4ssad\"},\"image\":{\"@id\":\"https:\\\/\\\/bbqassad.ee\\\/fi\\\/#\\\/schema\\\/logo\\\/image\\\/\"},\"sameAs\":[\"https:\\\/\\\/www.facebook.com\\\/bbqassad\",\"https:\\\/\\\/www.youtube.com\\\/channel\\\/UCsoufn49J6TVi9Ah9meE93w\"]}]}<\/script>\n<!-- \/ Yoast SEO plugin. -->","yoast_head_json":{"title":"Napoleonin lippalakki py\u00f6riv\u00e4\u00e4 baaria varten -% BBQ \u00c4ssad%","description":"Napoleonin ruostumattomasta ter\u00e4ksest\u00e4 valmistetun wokkikorin avulla voit k\u00e4tev\u00e4sti grillata vihanneksia, kanansiipi\u00e4 ja ranskalaisia perunoita. Kaksi sekoitusjalkaa takaavat tasaisen kypsennyksen.","robots":{"index":"index","follow":"follow","max-snippet":"max-snippet:-1","max-image-preview":"max-image-preview:large","max-video-preview":"max-video-preview:-1"},"canonical":"https:\/\/bbqassad.ee\/fi\/toode\/napoleonin-lippalakki-kaantyvalla-tangolla\/","og_locale":"fi_FI","og_type":"article","og_title":"Napoleonin lippalakki py\u00f6riv\u00e4\u00e4 baaria varten -% BBQ \u00c4ssad%","og_description":"Napoleonin ruostumattomasta ter\u00e4ksest\u00e4 valmistetun wokkikorin avulla voit k\u00e4tev\u00e4sti grillata vihanneksia, kanansiipi\u00e4 ja ranskalaisia perunoita. Kaksi sekoitusjalkaa takaavat tasaisen kypsennyksen.","og_url":"https:\/\/bbqassad.ee\/fi\/toode\/napoleonin-lippalakki-kaantyvalla-tangolla\/","og_site_name":"BBQ \u00c4ssad","article_publisher":"https:\/\/www.facebook.com\/bbqassad","article_modified_time":"2026-04-14T06:32:27+00:00","og_image":[{"url":"https:\/\/bbqassad.ee\/wp-content\/uploads\/2026\/02\/BBQ-Entertainment-Napoleon-wokikorv-poordvardale-1.jpg","type":"","width":"","height":""}],"twitter_card":"summary_large_image","twitter_title":"Napoleonin lippalakki py\u00f6riv\u00e4\u00e4 baaria varten -% BBQ \u00c4ssad%","twitter_description":"Napoleonin ruostumattomasta ter\u00e4ksest\u00e4 valmistetun wokkikorin avulla voit k\u00e4tev\u00e4sti grillata vihanneksia, kanansiipi\u00e4 ja ranskalaisia perunoita. Kaksi sekoitusjalkaa takaavat tasaisen kypsennyksen.","twitter_image":"https:\/\/bbqassad.ee\/wp-content\/uploads\/2026\/02\/BBQ-Entertainment-Napoleon-wokikorv-poordvardale-1.jpg","schema":{"@context":"https:\/\/schema.org","@graph":[{"@type":"WebPage","@id":"https:\/\/bbqassad.ee\/fi\/toode\/napoleonin-lippalakki-kaantyvalla-tangolla\/","url":"https:\/\/bbqassad.ee\/fi\/toode\/napoleonin-lippalakki-kaantyvalla-tangolla\/","name":"Napoleonin lippalakki py\u00f6riv\u00e4\u00e4 baaria varten -% BBQ \u00c4ssad%","isPartOf":{"@id":"https:\/\/bbqassad.ee\/fi\/#website"},"primaryImageOfPage":{"@id":"https:\/\/bbqassad.ee\/fi\/toode\/napoleonin-lippalakki-kaantyvalla-tangolla\/#primaryimage"},"image":{"@id":"https:\/\/bbqassad.ee\/fi\/toode\/napoleonin-lippalakki-kaantyvalla-tangolla\/#primaryimage"},"thumbnailUrl":"https:\/\/bbqassad.ee\/wp-content\/uploads\/2026\/02\/BBQ-Entertainment-Napoleon-wokikorv-poordvardale-1.jpg","datePublished":"2026-02-23T15:05:26+00:00","dateModified":"2026-04-14T06:32:27+00:00","description":"Napoleonin ruostumattomasta ter\u00e4ksest\u00e4 valmistetun wokkikorin avulla voit k\u00e4tev\u00e4sti grillata vihanneksia, kanansiipi\u00e4 ja ranskalaisia perunoita. Kaksi sekoitusjalkaa takaavat tasaisen kypsennyksen.","breadcrumb":{"@id":"https:\/\/bbqassad.ee\/fi\/toode\/napoleonin-lippalakki-kaantyvalla-tangolla\/#breadcrumb"},"inLanguage":"fi","potentialAction":[{"@type":"ReadAction","target":["https:\/\/bbqassad.ee\/fi\/toode\/napoleonin-lippalakki-kaantyvalla-tangolla\/"]}]},{"@type":"ImageObject","inLanguage":"fi","@id":"https:\/\/bbqassad.ee\/fi\/toode\/napoleonin-lippalakki-kaantyvalla-tangolla\/#primaryimage","url":"https:\/\/bbqassad.ee\/wp-content\/uploads\/2026\/02\/BBQ-Entertainment-Napoleon-wokikorv-poordvardale-1.jpg","contentUrl":"https:\/\/bbqassad.ee\/wp-content\/uploads\/2026\/02\/BBQ-Entertainment-Napoleon-wokikorv-poordvardale-1.jpg","width":1070,"height":1070},{"@type":"BreadcrumbList","@id":"https:\/\/bbqassad.ee\/fi\/toode\/napoleonin-lippalakki-kaantyvalla-tangolla\/#breadcrumb","itemListElement":[{"@type":"ListItem","position":1,"name":"Home","item":"https:\/\/bbqassad.ee\/fi\/bbq-assat\/"},{"@type":"ListItem","position":2,"name":"Verkkokauppa","item":"https:\/\/bbqassad.ee\/fi\/verkkokauppa\/"},{"@type":"ListItem","position":3,"name":"Napoleonin lippalakki k\u00e4\u00e4ntyv\u00e4ll\u00e4 tangolla"}]},{"@type":"WebSite","@id":"https:\/\/bbqassad.ee\/fi\/#website","url":"https:\/\/bbqassad.ee\/fi\/","name":"BBQ \u00c4ssad","description":"BBQ maitseained, kastmed, ahjud","publisher":{"@id":"https:\/\/bbqassad.ee\/fi\/#organization"},"potentialAction":[{"@type":"SearchAction","target":{"@type":"EntryPoint","urlTemplate":"https:\/\/bbqassad.ee\/fi\/?s={search_term_string}"},"query-input":{"@type":"PropertyValueSpecification","valueRequired":true,"valueName":"search_term_string"}}],"inLanguage":"fi"},{"@type":"Organization","@id":"https:\/\/bbqassad.ee\/fi\/#organization","name":"BBQ \u00c4ssad","url":"https:\/\/bbqassad.ee\/fi\/","logo":{"@type":"ImageObject","inLanguage":"fi","@id":"https:\/\/bbqassad.ee\/fi\/#\/schema\/logo\/image\/","url":"https:\/\/bbqassad.ee\/wp-content\/uploads\/2022\/10\/BBQ-2ssadlogo.png","contentUrl":"https:\/\/bbqassad.ee\/wp-content\/uploads\/2022\/10\/BBQ-2ssadlogo.png","width":1080,"height":1080,"caption":"BBQ \u00c4ssad"},"image":{"@id":"https:\/\/bbqassad.ee\/fi\/#\/schema\/logo\/image\/"},"sameAs":["https:\/\/www.facebook.com\/bbqassad","https:\/\/www.youtube.com\/channel\/UCsoufn49J6TVi9Ah9meE93w"]}]}},"_links":{"self":[{"href":"https:\/\/bbqassad.ee\/fi\/wp-json\/wp\/v2\/product\/21924","targetHints":{"allow":["GET"]}}],"collection":[{"href":"https:\/\/bbqassad.ee\/fi\/wp-json\/wp\/v2\/product"}],"about":[{"href":"https:\/\/bbqassad.ee\/fi\/wp-json\/wp\/v2\/types\/product"}],"replies":[{"embeddable":true,"href":"https:\/\/bbqassad.ee\/fi\/wp-json\/wp\/v2\/comments?post=21924"}],"wp:featuredmedia":[{"embeddable":true,"href":"https:\/\/bbqassad.ee\/fi\/wp-json\/wp\/v2\/media\/13520"}],"wp:attachment":[{"href":"https:\/\/bbqassad.ee\/fi\/wp-json\/wp\/v2\/media?parent=21924"}],"wp:term":[{"taxonomy":"product_brand","embeddable":true,"href":"https:\/\/bbqassad.ee\/fi\/wp-json\/wp\/v2\/product_brand?post=21924"},{"taxonomy":"product_cat","embeddable":true,"href":"https:\/\/bbqassad.ee\/fi\/wp-json\/wp\/v2\/product_cat?post=21924"},{"taxonomy":"product_tag","embeddable":true,"href":"https:\/\/bbqassad.ee\/fi\/wp-json\/wp\/v2\/product_tag?post=21924"}],"curies":[{"name":"wp","href":"https:\/\/api.w.org\/{rel}","templated":true}]}}