{"id":21922,"date":"2026-02-23T15:05:26","date_gmt":"2026-02-23T15:05:26","guid":{"rendered":"https:\/\/bbqassad.ee\/toode\/napoleonin-nokka-paahtomoduuli-kaasugrilleihin\/"},"modified":"2026-04-14T06:32:27","modified_gmt":"2026-04-14T06:32:27","slug":"napoleonin-nokka-paahtomoduuli-kaasugrilleihin","status":"publish","type":"product","link":"https:\/\/bbqassad.ee\/fi\/toode\/napoleonin-nokka-paahtomoduuli-kaasugrilleihin\/","title":{"rendered":"Napoleonin nokka\/paahtomoduuli kaasugrilleihin"},"content":{"rendered":"<p>Napoleonin \u00e4\u00e4nimoduuli Rogue 425\/625- ja Prestige-kaasugrilleihin. Paistinpannu on valmistettu posliinimaalattua ter\u00e4st\u00e4, joten se on helppo pit\u00e4\u00e4 puhtaana. Asennetaan grilliritil\u00e4n paikalle. Koska se istuu l\u00e4hell\u00e4 poltinta, my\u00f6s l\u00e4mp\u00f6tila on ihanteellinen paahtamiseen. Paistinpannun k\u00e4ytt\u00f6\u00e4 varten grillipinta ja l\u00e4mmityslevyt on poistettava paikasta, johon paistinpannu asetetaan. Paistinpannussa valmistat ep\u00e4suoralla l\u00e4mm\u00f6ll\u00e4 herkullisia pataruokia, lasagnea ja paahtoleip\u00e4\u00e4. Mitat: 28,5\u00d745 cm.      <\/p>\n","protected":false},"excerpt":{"rendered":"<h3><strong>Napoleonin nokka\/paahtomoduuli kaasugrilleihin<\/strong><\/h3>\n<p>Napoleonin \u00e4\u00e4nimoduuli Rogue 425\/625- ja Prestige-kaasugrilleihin. Asennetaan ritil\u00e4n tilalle. <\/p>\n","protected":false},"featured_media":13508,"comment_status":"closed","ping_status":"closed","template":"","meta":[],"product_brand":[768],"product_cat":[785],"product_tag":[],"class_list":{"0":"post-21922","1":"product","2":"type-product","3":"status-publish","4":"has-post-thumbnail","6":"product_brand-napoleon","7":"product_cat-kaasugrillien-tarvikkeet","9":"first","10":"instock","11":"taxable","12":"shipping-taxable","13":"purchasable","14":"product-type-simple"},"yoast_head":"<!-- This site is optimized with the Yoast SEO plugin v27.4 - https:\/\/yoast.com\/product\/yoast-seo-wordpress\/ -->\n<title>Napoleonin wok\/paahtomoduuli kaasugrilleihin - BBQ \u00c4ssad%<\/title>\n<meta name=\"description\" content=\"Napoleonin nokka-\/paahtomoduuli on suunniteltu Rogue 425\/625- ja Prestige-kaasugrilleihin. Asennetaan grilliritil\u00e4n tilalle laajentamaan grillausmahdollisuuksia.\" \/>\n<meta name=\"robots\" content=\"index, follow, max-snippet:-1, max-image-preview:large, max-video-preview:-1\" \/>\n<link rel=\"canonical\" href=\"https:\/\/bbqassad.ee\/fi\/toode\/napoleonin-nokka-paahtomoduuli-kaasugrilleihin\/\" \/>\n<meta property=\"og:locale\" content=\"fi_FI\" \/>\n<meta property=\"og:type\" content=\"article\" \/>\n<meta property=\"og:title\" content=\"Napoleonin wok\/paahtomoduuli kaasugrilleihin - BBQ \u00c4ssad%\" \/>\n<meta property=\"og:description\" content=\"Napoleonin nokka-\/paahtomoduuli on suunniteltu Rogue 425\/625- ja Prestige-kaasugrilleihin. Asennetaan grilliritil\u00e4n tilalle laajentamaan grillausmahdollisuuksia.\" \/>\n<meta property=\"og:url\" content=\"https:\/\/bbqassad.ee\/fi\/toode\/napoleonin-nokka-paahtomoduuli-kaasugrilleihin\/\" \/>\n<meta property=\"og:site_name\" content=\"BBQ \u00c4ssad\" \/>\n<meta property=\"article:publisher\" content=\"https:\/\/www.facebook.com\/bbqassad\" \/>\n<meta property=\"article:modified_time\" content=\"2026-04-14T06:32:27+00:00\" \/>\n<meta property=\"og:image\" content=\"https:\/\/bbqassad.ee\/wp-content\/uploads\/2026\/02\/BBQ-Entertainment-Napoleon-vokirostimoodul-gaasigrillidele-1.jpg\" \/>\n<meta name=\"twitter:card\" content=\"summary_large_image\" \/>\n<meta name=\"twitter:title\" content=\"Napoleonin wok\/paahtomoduuli kaasugrilleihin - BBQ \u00c4ssad%\" \/>\n<meta name=\"twitter:description\" content=\"Napoleonin nokka-\/paahtomoduuli on suunniteltu Rogue 425\/625- ja Prestige-kaasugrilleihin. Asennetaan grilliritil\u00e4n tilalle laajentamaan grillausmahdollisuuksia.\" \/>\n<meta name=\"twitter:image\" content=\"https:\/\/bbqassad.ee\/wp-content\/uploads\/2026\/02\/BBQ-Entertainment-Napoleon-vokirostimoodul-gaasigrillidele-1.jpg\" \/>\n<script type=\"application\/ld+json\" class=\"yoast-schema-graph\">{\"@context\":\"https:\\\/\\\/schema.org\",\"@graph\":[{\"@type\":\"WebPage\",\"@id\":\"https:\\\/\\\/bbqassad.ee\\\/fi\\\/toode\\\/napoleonin-nokka-paahtomoduuli-kaasugrilleihin\\\/\",\"url\":\"https:\\\/\\\/bbqassad.ee\\\/fi\\\/toode\\\/napoleonin-nokka-paahtomoduuli-kaasugrilleihin\\\/\",\"name\":\"Napoleonin wok\\\/paahtomoduuli kaasugrilleihin - BBQ \u00c4ssad%\",\"isPartOf\":{\"@id\":\"https:\\\/\\\/bbqassad.ee\\\/fi\\\/#website\"},\"primaryImageOfPage\":{\"@id\":\"https:\\\/\\\/bbqassad.ee\\\/fi\\\/toode\\\/napoleonin-nokka-paahtomoduuli-kaasugrilleihin\\\/#primaryimage\"},\"image\":{\"@id\":\"https:\\\/\\\/bbqassad.ee\\\/fi\\\/toode\\\/napoleonin-nokka-paahtomoduuli-kaasugrilleihin\\\/#primaryimage\"},\"thumbnailUrl\":\"https:\\\/\\\/bbqassad.ee\\\/wp-content\\\/uploads\\\/2026\\\/02\\\/BBQ-Entertainment-Napoleon-vokirostimoodul-gaasigrillidele-1.jpg\",\"datePublished\":\"2026-02-23T15:05:26+00:00\",\"dateModified\":\"2026-04-14T06:32:27+00:00\",\"description\":\"Napoleonin nokka-\\\/paahtomoduuli on suunniteltu Rogue 425\\\/625- ja Prestige-kaasugrilleihin. Asennetaan grilliritil\u00e4n tilalle laajentamaan grillausmahdollisuuksia.\",\"breadcrumb\":{\"@id\":\"https:\\\/\\\/bbqassad.ee\\\/fi\\\/toode\\\/napoleonin-nokka-paahtomoduuli-kaasugrilleihin\\\/#breadcrumb\"},\"inLanguage\":\"fi\",\"potentialAction\":[{\"@type\":\"ReadAction\",\"target\":[\"https:\\\/\\\/bbqassad.ee\\\/fi\\\/toode\\\/napoleonin-nokka-paahtomoduuli-kaasugrilleihin\\\/\"]}]},{\"@type\":\"ImageObject\",\"inLanguage\":\"fi\",\"@id\":\"https:\\\/\\\/bbqassad.ee\\\/fi\\\/toode\\\/napoleonin-nokka-paahtomoduuli-kaasugrilleihin\\\/#primaryimage\",\"url\":\"https:\\\/\\\/bbqassad.ee\\\/wp-content\\\/uploads\\\/2026\\\/02\\\/BBQ-Entertainment-Napoleon-vokirostimoodul-gaasigrillidele-1.jpg\",\"contentUrl\":\"https:\\\/\\\/bbqassad.ee\\\/wp-content\\\/uploads\\\/2026\\\/02\\\/BBQ-Entertainment-Napoleon-vokirostimoodul-gaasigrillidele-1.jpg\",\"width\":1103,\"height\":1103},{\"@type\":\"BreadcrumbList\",\"@id\":\"https:\\\/\\\/bbqassad.ee\\\/fi\\\/toode\\\/napoleonin-nokka-paahtomoduuli-kaasugrilleihin\\\/#breadcrumb\",\"itemListElement\":[{\"@type\":\"ListItem\",\"position\":1,\"name\":\"Home\",\"item\":\"https:\\\/\\\/bbqassad.ee\\\/fi\\\/bbq-assat\\\/\"},{\"@type\":\"ListItem\",\"position\":2,\"name\":\"Verkkokauppa\",\"item\":\"https:\\\/\\\/bbqassad.ee\\\/fi\\\/verkkokauppa\\\/\"},{\"@type\":\"ListItem\",\"position\":3,\"name\":\"Napoleonin nokka\\\/paahtomoduuli kaasugrilleihin\"}]},{\"@type\":\"WebSite\",\"@id\":\"https:\\\/\\\/bbqassad.ee\\\/fi\\\/#website\",\"url\":\"https:\\\/\\\/bbqassad.ee\\\/fi\\\/\",\"name\":\"BBQ \u00c4ssad\",\"description\":\"BBQ maitseained, kastmed, ahjud\",\"publisher\":{\"@id\":\"https:\\\/\\\/bbqassad.ee\\\/fi\\\/#organization\"},\"potentialAction\":[{\"@type\":\"SearchAction\",\"target\":{\"@type\":\"EntryPoint\",\"urlTemplate\":\"https:\\\/\\\/bbqassad.ee\\\/fi\\\/?s={search_term_string}\"},\"query-input\":{\"@type\":\"PropertyValueSpecification\",\"valueRequired\":true,\"valueName\":\"search_term_string\"}}],\"inLanguage\":\"fi\"},{\"@type\":\"Organization\",\"@id\":\"https:\\\/\\\/bbqassad.ee\\\/fi\\\/#organization\",\"name\":\"BBQ \u00c4ssad\",\"url\":\"https:\\\/\\\/bbqassad.ee\\\/fi\\\/\",\"logo\":{\"@type\":\"ImageObject\",\"inLanguage\":\"fi\",\"@id\":\"https:\\\/\\\/bbqassad.ee\\\/fi\\\/#\\\/schema\\\/logo\\\/image\\\/\",\"url\":\"https:\\\/\\\/bbqassad.ee\\\/wp-content\\\/uploads\\\/2022\\\/10\\\/BBQ-2ssadlogo.png\",\"contentUrl\":\"https:\\\/\\\/bbqassad.ee\\\/wp-content\\\/uploads\\\/2022\\\/10\\\/BBQ-2ssadlogo.png\",\"width\":1080,\"height\":1080,\"caption\":\"BBQ \u00c4ssad\"},\"image\":{\"@id\":\"https:\\\/\\\/bbqassad.ee\\\/fi\\\/#\\\/schema\\\/logo\\\/image\\\/\"},\"sameAs\":[\"https:\\\/\\\/www.facebook.com\\\/bbqassad\",\"https:\\\/\\\/www.youtube.com\\\/channel\\\/UCsoufn49J6TVi9Ah9meE93w\"]}]}<\/script>\n<!-- \/ Yoast SEO plugin. -->","yoast_head_json":{"title":"Napoleonin wok\/paahtomoduuli kaasugrilleihin - BBQ \u00c4ssad%","description":"Napoleonin nokka-\/paahtomoduuli on suunniteltu Rogue 425\/625- ja Prestige-kaasugrilleihin. Asennetaan grilliritil\u00e4n tilalle laajentamaan grillausmahdollisuuksia.","robots":{"index":"index","follow":"follow","max-snippet":"max-snippet:-1","max-image-preview":"max-image-preview:large","max-video-preview":"max-video-preview:-1"},"canonical":"https:\/\/bbqassad.ee\/fi\/toode\/napoleonin-nokka-paahtomoduuli-kaasugrilleihin\/","og_locale":"fi_FI","og_type":"article","og_title":"Napoleonin wok\/paahtomoduuli kaasugrilleihin - BBQ \u00c4ssad%","og_description":"Napoleonin nokka-\/paahtomoduuli on suunniteltu Rogue 425\/625- ja Prestige-kaasugrilleihin. Asennetaan grilliritil\u00e4n tilalle laajentamaan grillausmahdollisuuksia.","og_url":"https:\/\/bbqassad.ee\/fi\/toode\/napoleonin-nokka-paahtomoduuli-kaasugrilleihin\/","og_site_name":"BBQ \u00c4ssad","article_publisher":"https:\/\/www.facebook.com\/bbqassad","article_modified_time":"2026-04-14T06:32:27+00:00","og_image":[{"url":"https:\/\/bbqassad.ee\/wp-content\/uploads\/2026\/02\/BBQ-Entertainment-Napoleon-vokirostimoodul-gaasigrillidele-1.jpg","type":"","width":"","height":""}],"twitter_card":"summary_large_image","twitter_title":"Napoleonin wok\/paahtomoduuli kaasugrilleihin - BBQ \u00c4ssad%","twitter_description":"Napoleonin nokka-\/paahtomoduuli on suunniteltu Rogue 425\/625- ja Prestige-kaasugrilleihin. Asennetaan grilliritil\u00e4n tilalle laajentamaan grillausmahdollisuuksia.","twitter_image":"https:\/\/bbqassad.ee\/wp-content\/uploads\/2026\/02\/BBQ-Entertainment-Napoleon-vokirostimoodul-gaasigrillidele-1.jpg","schema":{"@context":"https:\/\/schema.org","@graph":[{"@type":"WebPage","@id":"https:\/\/bbqassad.ee\/fi\/toode\/napoleonin-nokka-paahtomoduuli-kaasugrilleihin\/","url":"https:\/\/bbqassad.ee\/fi\/toode\/napoleonin-nokka-paahtomoduuli-kaasugrilleihin\/","name":"Napoleonin wok\/paahtomoduuli kaasugrilleihin - BBQ \u00c4ssad%","isPartOf":{"@id":"https:\/\/bbqassad.ee\/fi\/#website"},"primaryImageOfPage":{"@id":"https:\/\/bbqassad.ee\/fi\/toode\/napoleonin-nokka-paahtomoduuli-kaasugrilleihin\/#primaryimage"},"image":{"@id":"https:\/\/bbqassad.ee\/fi\/toode\/napoleonin-nokka-paahtomoduuli-kaasugrilleihin\/#primaryimage"},"thumbnailUrl":"https:\/\/bbqassad.ee\/wp-content\/uploads\/2026\/02\/BBQ-Entertainment-Napoleon-vokirostimoodul-gaasigrillidele-1.jpg","datePublished":"2026-02-23T15:05:26+00:00","dateModified":"2026-04-14T06:32:27+00:00","description":"Napoleonin nokka-\/paahtomoduuli on suunniteltu Rogue 425\/625- ja Prestige-kaasugrilleihin. Asennetaan grilliritil\u00e4n tilalle laajentamaan grillausmahdollisuuksia.","breadcrumb":{"@id":"https:\/\/bbqassad.ee\/fi\/toode\/napoleonin-nokka-paahtomoduuli-kaasugrilleihin\/#breadcrumb"},"inLanguage":"fi","potentialAction":[{"@type":"ReadAction","target":["https:\/\/bbqassad.ee\/fi\/toode\/napoleonin-nokka-paahtomoduuli-kaasugrilleihin\/"]}]},{"@type":"ImageObject","inLanguage":"fi","@id":"https:\/\/bbqassad.ee\/fi\/toode\/napoleonin-nokka-paahtomoduuli-kaasugrilleihin\/#primaryimage","url":"https:\/\/bbqassad.ee\/wp-content\/uploads\/2026\/02\/BBQ-Entertainment-Napoleon-vokirostimoodul-gaasigrillidele-1.jpg","contentUrl":"https:\/\/bbqassad.ee\/wp-content\/uploads\/2026\/02\/BBQ-Entertainment-Napoleon-vokirostimoodul-gaasigrillidele-1.jpg","width":1103,"height":1103},{"@type":"BreadcrumbList","@id":"https:\/\/bbqassad.ee\/fi\/toode\/napoleonin-nokka-paahtomoduuli-kaasugrilleihin\/#breadcrumb","itemListElement":[{"@type":"ListItem","position":1,"name":"Home","item":"https:\/\/bbqassad.ee\/fi\/bbq-assat\/"},{"@type":"ListItem","position":2,"name":"Verkkokauppa","item":"https:\/\/bbqassad.ee\/fi\/verkkokauppa\/"},{"@type":"ListItem","position":3,"name":"Napoleonin nokka\/paahtomoduuli kaasugrilleihin"}]},{"@type":"WebSite","@id":"https:\/\/bbqassad.ee\/fi\/#website","url":"https:\/\/bbqassad.ee\/fi\/","name":"BBQ \u00c4ssad","description":"BBQ maitseained, kastmed, ahjud","publisher":{"@id":"https:\/\/bbqassad.ee\/fi\/#organization"},"potentialAction":[{"@type":"SearchAction","target":{"@type":"EntryPoint","urlTemplate":"https:\/\/bbqassad.ee\/fi\/?s={search_term_string}"},"query-input":{"@type":"PropertyValueSpecification","valueRequired":true,"valueName":"search_term_string"}}],"inLanguage":"fi"},{"@type":"Organization","@id":"https:\/\/bbqassad.ee\/fi\/#organization","name":"BBQ \u00c4ssad","url":"https:\/\/bbqassad.ee\/fi\/","logo":{"@type":"ImageObject","inLanguage":"fi","@id":"https:\/\/bbqassad.ee\/fi\/#\/schema\/logo\/image\/","url":"https:\/\/bbqassad.ee\/wp-content\/uploads\/2022\/10\/BBQ-2ssadlogo.png","contentUrl":"https:\/\/bbqassad.ee\/wp-content\/uploads\/2022\/10\/BBQ-2ssadlogo.png","width":1080,"height":1080,"caption":"BBQ \u00c4ssad"},"image":{"@id":"https:\/\/bbqassad.ee\/fi\/#\/schema\/logo\/image\/"},"sameAs":["https:\/\/www.facebook.com\/bbqassad","https:\/\/www.youtube.com\/channel\/UCsoufn49J6TVi9Ah9meE93w"]}]}},"_links":{"self":[{"href":"https:\/\/bbqassad.ee\/fi\/wp-json\/wp\/v2\/product\/21922","targetHints":{"allow":["GET"]}}],"collection":[{"href":"https:\/\/bbqassad.ee\/fi\/wp-json\/wp\/v2\/product"}],"about":[{"href":"https:\/\/bbqassad.ee\/fi\/wp-json\/wp\/v2\/types\/product"}],"replies":[{"embeddable":true,"href":"https:\/\/bbqassad.ee\/fi\/wp-json\/wp\/v2\/comments?post=21922"}],"wp:featuredmedia":[{"embeddable":true,"href":"https:\/\/bbqassad.ee\/fi\/wp-json\/wp\/v2\/media\/13508"}],"wp:attachment":[{"href":"https:\/\/bbqassad.ee\/fi\/wp-json\/wp\/v2\/media?parent=21922"}],"wp:term":[{"taxonomy":"product_brand","embeddable":true,"href":"https:\/\/bbqassad.ee\/fi\/wp-json\/wp\/v2\/product_brand?post=21922"},{"taxonomy":"product_cat","embeddable":true,"href":"https:\/\/bbqassad.ee\/fi\/wp-json\/wp\/v2\/product_cat?post=21922"},{"taxonomy":"product_tag","embeddable":true,"href":"https:\/\/bbqassad.ee\/fi\/wp-json\/wp\/v2\/product_tag?post=21922"}],"curies":[{"name":"wp","href":"https:\/\/api.w.org\/{rel}","templated":true}]}}