{"id":21918,"date":"2026-02-23T15:05:26","date_gmt":"2026-02-23T15:05:26","guid":{"rendered":"https:\/\/bbqassad.ee\/toode\/napoleonin-digitaalinen-langaton-lampomittari\/"},"modified":"2026-04-14T06:32:27","modified_gmt":"2026-04-14T06:32:27","slug":"napoleonin-digitaalinen-langaton-lampomittari","status":"publish","type":"product","link":"https:\/\/bbqassad.ee\/fi\/toode\/napoleonin-digitaalinen-langaton-lampomittari\/","title":{"rendered":"Napoleonin digitaalinen langaton l\u00e4mp\u00f6mittari"},"content":{"rendered":"<p>Napoleonin digitaalinen l\u00e4mp\u00f6mittari langattomalla n\u00e4yt\u00f6ll\u00e4. L\u00e4mp\u00f6mittarin pidikkeest\u00e4 ulos tuleva kaapelianturi ty\u00f6nnet\u00e4\u00e4n lihan sis\u00e4\u00e4n siten, ett\u00e4 anturin metalliosat eiv\u00e4t kulje lihan l\u00e4pi eiv\u00e4tk\u00e4 kosketa grilliritil\u00e4\u00e4. Irrotettavan ohjausn\u00e4yt\u00f6n ansiosta grilli voidaan siirt\u00e4\u00e4 jopa 60 metrin p\u00e4\u00e4h\u00e4n. Voit s\u00e4\u00e4t\u00e4\u00e4 sek\u00e4 lihan sis\u00e4l\u00e4mp\u00f6tilaa ett\u00e4 kypsennysaikaa. Molemmissa tapauksissa anturi ilmoittaa, kun liha on kypsennetty asetettuun tulokseen. Sis\u00e4lt\u00e4\u00e4 my\u00f6s esiasetetut l\u00e4mp\u00f6tilat p\u00e4\u00e4ruuille. Toimii sek\u00e4 F\/C-tilassa.      <\/p>\n","protected":false},"excerpt":{"rendered":"<h3><strong>Napoleonin digitaalinen langaton l\u00e4mp\u00f6mittari<\/strong><\/h3>\n<p>Napoleon Kannettava digitaalinen grillil\u00e4mp\u00f6mittari Bluetooth-tuella lihan kypsymisen jatkuvaan seurantaan.<\/p>\n","protected":false},"featured_media":13484,"comment_status":"closed","ping_status":"closed","template":"","meta":[],"product_brand":[768],"product_cat":[784],"product_tag":[],"class_list":{"0":"post-21918","1":"product","2":"type-product","3":"status-publish","4":"has-post-thumbnail","6":"product_brand-napoleon","7":"product_cat-tarvikkeet","9":"first","10":"instock","11":"taxable","12":"shipping-taxable","13":"purchasable","14":"product-type-simple"},"yoast_head":"<!-- This site is optimized with the Yoast SEO plugin v27.4 - https:\/\/yoast.com\/product\/yoast-seo-wordpress\/ -->\n<title>Napoleonin digitaalinen langaton l\u00e4mp\u00f6mittari - BBQ \u00c4ssad%<\/title>\n<meta name=\"description\" content=\"Napoleonin Bluetooth-yhteensopivan digitaalisen grillil\u00e4mp\u00f6mittarin avulla voit seurata lihan kypsymisprosessia. Helppok\u00e4ytt\u00f6inen ja kannettava.\" \/>\n<meta name=\"robots\" content=\"index, follow, max-snippet:-1, max-image-preview:large, max-video-preview:-1\" \/>\n<link rel=\"canonical\" href=\"https:\/\/bbqassad.ee\/fi\/toode\/napoleonin-digitaalinen-langaton-lampomittari\/\" \/>\n<meta property=\"og:locale\" content=\"fi_FI\" \/>\n<meta property=\"og:type\" content=\"article\" \/>\n<meta property=\"og:title\" content=\"Napoleonin digitaalinen langaton l\u00e4mp\u00f6mittari - BBQ \u00c4ssad%\" \/>\n<meta property=\"og:description\" content=\"Napoleonin Bluetooth-yhteensopivan digitaalisen grillil\u00e4mp\u00f6mittarin avulla voit seurata lihan kypsymisprosessia. Helppok\u00e4ytt\u00f6inen ja kannettava.\" \/>\n<meta property=\"og:url\" content=\"https:\/\/bbqassad.ee\/fi\/toode\/napoleonin-digitaalinen-langaton-lampomittari\/\" \/>\n<meta property=\"og:site_name\" content=\"BBQ \u00c4ssad\" \/>\n<meta property=\"article:publisher\" content=\"https:\/\/www.facebook.com\/bbqassad\" \/>\n<meta property=\"article:modified_time\" content=\"2026-04-14T06:32:27+00:00\" \/>\n<meta property=\"og:image\" content=\"https:\/\/bbqassad.ee\/wp-content\/uploads\/2026\/02\/BBQ-Entertainment-Napoleon-digitaalne-juhtmevaba-termomeeter-3.jpg\" \/>\n<meta name=\"twitter:card\" content=\"summary_large_image\" \/>\n<meta name=\"twitter:title\" content=\"Napoleonin digitaalinen langaton l\u00e4mp\u00f6mittari - BBQ \u00c4ssad%\" \/>\n<meta name=\"twitter:description\" content=\"Napoleonin Bluetooth-yhteensopivan digitaalisen grillil\u00e4mp\u00f6mittarin avulla voit seurata lihan kypsymisprosessia. Helppok\u00e4ytt\u00f6inen ja kannettava.\" \/>\n<meta name=\"twitter:image\" content=\"https:\/\/bbqassad.ee\/wp-content\/uploads\/2026\/02\/BBQ-Entertainment-Napoleon-digitaalne-juhtmevaba-termomeeter-3.jpg\" \/>\n<script type=\"application\/ld+json\" class=\"yoast-schema-graph\">{\"@context\":\"https:\\\/\\\/schema.org\",\"@graph\":[{\"@type\":\"WebPage\",\"@id\":\"https:\\\/\\\/bbqassad.ee\\\/fi\\\/toode\\\/napoleonin-digitaalinen-langaton-lampomittari\\\/\",\"url\":\"https:\\\/\\\/bbqassad.ee\\\/fi\\\/toode\\\/napoleonin-digitaalinen-langaton-lampomittari\\\/\",\"name\":\"Napoleonin digitaalinen langaton l\u00e4mp\u00f6mittari - BBQ \u00c4ssad%\",\"isPartOf\":{\"@id\":\"https:\\\/\\\/bbqassad.ee\\\/fi\\\/#website\"},\"primaryImageOfPage\":{\"@id\":\"https:\\\/\\\/bbqassad.ee\\\/fi\\\/toode\\\/napoleonin-digitaalinen-langaton-lampomittari\\\/#primaryimage\"},\"image\":{\"@id\":\"https:\\\/\\\/bbqassad.ee\\\/fi\\\/toode\\\/napoleonin-digitaalinen-langaton-lampomittari\\\/#primaryimage\"},\"thumbnailUrl\":\"https:\\\/\\\/bbqassad.ee\\\/wp-content\\\/uploads\\\/2026\\\/02\\\/BBQ-Entertainment-Napoleon-digitaalne-juhtmevaba-termomeeter-3.jpg\",\"datePublished\":\"2026-02-23T15:05:26+00:00\",\"dateModified\":\"2026-04-14T06:32:27+00:00\",\"description\":\"Napoleonin Bluetooth-yhteensopivan digitaalisen grillil\u00e4mp\u00f6mittarin avulla voit seurata lihan kypsymisprosessia. Helppok\u00e4ytt\u00f6inen ja kannettava.\",\"breadcrumb\":{\"@id\":\"https:\\\/\\\/bbqassad.ee\\\/fi\\\/toode\\\/napoleonin-digitaalinen-langaton-lampomittari\\\/#breadcrumb\"},\"inLanguage\":\"fi\",\"potentialAction\":[{\"@type\":\"ReadAction\",\"target\":[\"https:\\\/\\\/bbqassad.ee\\\/fi\\\/toode\\\/napoleonin-digitaalinen-langaton-lampomittari\\\/\"]}]},{\"@type\":\"ImageObject\",\"inLanguage\":\"fi\",\"@id\":\"https:\\\/\\\/bbqassad.ee\\\/fi\\\/toode\\\/napoleonin-digitaalinen-langaton-lampomittari\\\/#primaryimage\",\"url\":\"https:\\\/\\\/bbqassad.ee\\\/wp-content\\\/uploads\\\/2026\\\/02\\\/BBQ-Entertainment-Napoleon-digitaalne-juhtmevaba-termomeeter-3.jpg\",\"contentUrl\":\"https:\\\/\\\/bbqassad.ee\\\/wp-content\\\/uploads\\\/2026\\\/02\\\/BBQ-Entertainment-Napoleon-digitaalne-juhtmevaba-termomeeter-3.jpg\",\"width\":1166,\"height\":1166},{\"@type\":\"BreadcrumbList\",\"@id\":\"https:\\\/\\\/bbqassad.ee\\\/fi\\\/toode\\\/napoleonin-digitaalinen-langaton-lampomittari\\\/#breadcrumb\",\"itemListElement\":[{\"@type\":\"ListItem\",\"position\":1,\"name\":\"Home\",\"item\":\"https:\\\/\\\/bbqassad.ee\\\/fi\\\/bbq-assat\\\/\"},{\"@type\":\"ListItem\",\"position\":2,\"name\":\"Verkkokauppa\",\"item\":\"https:\\\/\\\/bbqassad.ee\\\/fi\\\/verkkokauppa\\\/\"},{\"@type\":\"ListItem\",\"position\":3,\"name\":\"Napoleonin digitaalinen langaton l\u00e4mp\u00f6mittari\"}]},{\"@type\":\"WebSite\",\"@id\":\"https:\\\/\\\/bbqassad.ee\\\/fi\\\/#website\",\"url\":\"https:\\\/\\\/bbqassad.ee\\\/fi\\\/\",\"name\":\"BBQ \u00c4ssad\",\"description\":\"BBQ maitseained, kastmed, ahjud\",\"publisher\":{\"@id\":\"https:\\\/\\\/bbqassad.ee\\\/fi\\\/#organization\"},\"potentialAction\":[{\"@type\":\"SearchAction\",\"target\":{\"@type\":\"EntryPoint\",\"urlTemplate\":\"https:\\\/\\\/bbqassad.ee\\\/fi\\\/?s={search_term_string}\"},\"query-input\":{\"@type\":\"PropertyValueSpecification\",\"valueRequired\":true,\"valueName\":\"search_term_string\"}}],\"inLanguage\":\"fi\"},{\"@type\":\"Organization\",\"@id\":\"https:\\\/\\\/bbqassad.ee\\\/fi\\\/#organization\",\"name\":\"BBQ \u00c4ssad\",\"url\":\"https:\\\/\\\/bbqassad.ee\\\/fi\\\/\",\"logo\":{\"@type\":\"ImageObject\",\"inLanguage\":\"fi\",\"@id\":\"https:\\\/\\\/bbqassad.ee\\\/fi\\\/#\\\/schema\\\/logo\\\/image\\\/\",\"url\":\"https:\\\/\\\/bbqassad.ee\\\/wp-content\\\/uploads\\\/2022\\\/10\\\/BBQ-2ssadlogo.png\",\"contentUrl\":\"https:\\\/\\\/bbqassad.ee\\\/wp-content\\\/uploads\\\/2022\\\/10\\\/BBQ-2ssadlogo.png\",\"width\":1080,\"height\":1080,\"caption\":\"BBQ \u00c4ssad\"},\"image\":{\"@id\":\"https:\\\/\\\/bbqassad.ee\\\/fi\\\/#\\\/schema\\\/logo\\\/image\\\/\"},\"sameAs\":[\"https:\\\/\\\/www.facebook.com\\\/bbqassad\",\"https:\\\/\\\/www.youtube.com\\\/channel\\\/UCsoufn49J6TVi9Ah9meE93w\"]}]}<\/script>\n<!-- \/ Yoast SEO plugin. -->","yoast_head_json":{"title":"Napoleonin digitaalinen langaton l\u00e4mp\u00f6mittari - BBQ \u00c4ssad%","description":"Napoleonin Bluetooth-yhteensopivan digitaalisen grillil\u00e4mp\u00f6mittarin avulla voit seurata lihan kypsymisprosessia. Helppok\u00e4ytt\u00f6inen ja kannettava.","robots":{"index":"index","follow":"follow","max-snippet":"max-snippet:-1","max-image-preview":"max-image-preview:large","max-video-preview":"max-video-preview:-1"},"canonical":"https:\/\/bbqassad.ee\/fi\/toode\/napoleonin-digitaalinen-langaton-lampomittari\/","og_locale":"fi_FI","og_type":"article","og_title":"Napoleonin digitaalinen langaton l\u00e4mp\u00f6mittari - BBQ \u00c4ssad%","og_description":"Napoleonin Bluetooth-yhteensopivan digitaalisen grillil\u00e4mp\u00f6mittarin avulla voit seurata lihan kypsymisprosessia. Helppok\u00e4ytt\u00f6inen ja kannettava.","og_url":"https:\/\/bbqassad.ee\/fi\/toode\/napoleonin-digitaalinen-langaton-lampomittari\/","og_site_name":"BBQ \u00c4ssad","article_publisher":"https:\/\/www.facebook.com\/bbqassad","article_modified_time":"2026-04-14T06:32:27+00:00","og_image":[{"url":"https:\/\/bbqassad.ee\/wp-content\/uploads\/2026\/02\/BBQ-Entertainment-Napoleon-digitaalne-juhtmevaba-termomeeter-3.jpg","type":"","width":"","height":""}],"twitter_card":"summary_large_image","twitter_title":"Napoleonin digitaalinen langaton l\u00e4mp\u00f6mittari - BBQ \u00c4ssad%","twitter_description":"Napoleonin Bluetooth-yhteensopivan digitaalisen grillil\u00e4mp\u00f6mittarin avulla voit seurata lihan kypsymisprosessia. Helppok\u00e4ytt\u00f6inen ja kannettava.","twitter_image":"https:\/\/bbqassad.ee\/wp-content\/uploads\/2026\/02\/BBQ-Entertainment-Napoleon-digitaalne-juhtmevaba-termomeeter-3.jpg","schema":{"@context":"https:\/\/schema.org","@graph":[{"@type":"WebPage","@id":"https:\/\/bbqassad.ee\/fi\/toode\/napoleonin-digitaalinen-langaton-lampomittari\/","url":"https:\/\/bbqassad.ee\/fi\/toode\/napoleonin-digitaalinen-langaton-lampomittari\/","name":"Napoleonin digitaalinen langaton l\u00e4mp\u00f6mittari - BBQ \u00c4ssad%","isPartOf":{"@id":"https:\/\/bbqassad.ee\/fi\/#website"},"primaryImageOfPage":{"@id":"https:\/\/bbqassad.ee\/fi\/toode\/napoleonin-digitaalinen-langaton-lampomittari\/#primaryimage"},"image":{"@id":"https:\/\/bbqassad.ee\/fi\/toode\/napoleonin-digitaalinen-langaton-lampomittari\/#primaryimage"},"thumbnailUrl":"https:\/\/bbqassad.ee\/wp-content\/uploads\/2026\/02\/BBQ-Entertainment-Napoleon-digitaalne-juhtmevaba-termomeeter-3.jpg","datePublished":"2026-02-23T15:05:26+00:00","dateModified":"2026-04-14T06:32:27+00:00","description":"Napoleonin Bluetooth-yhteensopivan digitaalisen grillil\u00e4mp\u00f6mittarin avulla voit seurata lihan kypsymisprosessia. Helppok\u00e4ytt\u00f6inen ja kannettava.","breadcrumb":{"@id":"https:\/\/bbqassad.ee\/fi\/toode\/napoleonin-digitaalinen-langaton-lampomittari\/#breadcrumb"},"inLanguage":"fi","potentialAction":[{"@type":"ReadAction","target":["https:\/\/bbqassad.ee\/fi\/toode\/napoleonin-digitaalinen-langaton-lampomittari\/"]}]},{"@type":"ImageObject","inLanguage":"fi","@id":"https:\/\/bbqassad.ee\/fi\/toode\/napoleonin-digitaalinen-langaton-lampomittari\/#primaryimage","url":"https:\/\/bbqassad.ee\/wp-content\/uploads\/2026\/02\/BBQ-Entertainment-Napoleon-digitaalne-juhtmevaba-termomeeter-3.jpg","contentUrl":"https:\/\/bbqassad.ee\/wp-content\/uploads\/2026\/02\/BBQ-Entertainment-Napoleon-digitaalne-juhtmevaba-termomeeter-3.jpg","width":1166,"height":1166},{"@type":"BreadcrumbList","@id":"https:\/\/bbqassad.ee\/fi\/toode\/napoleonin-digitaalinen-langaton-lampomittari\/#breadcrumb","itemListElement":[{"@type":"ListItem","position":1,"name":"Home","item":"https:\/\/bbqassad.ee\/fi\/bbq-assat\/"},{"@type":"ListItem","position":2,"name":"Verkkokauppa","item":"https:\/\/bbqassad.ee\/fi\/verkkokauppa\/"},{"@type":"ListItem","position":3,"name":"Napoleonin digitaalinen langaton l\u00e4mp\u00f6mittari"}]},{"@type":"WebSite","@id":"https:\/\/bbqassad.ee\/fi\/#website","url":"https:\/\/bbqassad.ee\/fi\/","name":"BBQ \u00c4ssad","description":"BBQ maitseained, kastmed, ahjud","publisher":{"@id":"https:\/\/bbqassad.ee\/fi\/#organization"},"potentialAction":[{"@type":"SearchAction","target":{"@type":"EntryPoint","urlTemplate":"https:\/\/bbqassad.ee\/fi\/?s={search_term_string}"},"query-input":{"@type":"PropertyValueSpecification","valueRequired":true,"valueName":"search_term_string"}}],"inLanguage":"fi"},{"@type":"Organization","@id":"https:\/\/bbqassad.ee\/fi\/#organization","name":"BBQ \u00c4ssad","url":"https:\/\/bbqassad.ee\/fi\/","logo":{"@type":"ImageObject","inLanguage":"fi","@id":"https:\/\/bbqassad.ee\/fi\/#\/schema\/logo\/image\/","url":"https:\/\/bbqassad.ee\/wp-content\/uploads\/2022\/10\/BBQ-2ssadlogo.png","contentUrl":"https:\/\/bbqassad.ee\/wp-content\/uploads\/2022\/10\/BBQ-2ssadlogo.png","width":1080,"height":1080,"caption":"BBQ \u00c4ssad"},"image":{"@id":"https:\/\/bbqassad.ee\/fi\/#\/schema\/logo\/image\/"},"sameAs":["https:\/\/www.facebook.com\/bbqassad","https:\/\/www.youtube.com\/channel\/UCsoufn49J6TVi9Ah9meE93w"]}]}},"_links":{"self":[{"href":"https:\/\/bbqassad.ee\/fi\/wp-json\/wp\/v2\/product\/21918","targetHints":{"allow":["GET"]}}],"collection":[{"href":"https:\/\/bbqassad.ee\/fi\/wp-json\/wp\/v2\/product"}],"about":[{"href":"https:\/\/bbqassad.ee\/fi\/wp-json\/wp\/v2\/types\/product"}],"replies":[{"embeddable":true,"href":"https:\/\/bbqassad.ee\/fi\/wp-json\/wp\/v2\/comments?post=21918"}],"wp:featuredmedia":[{"embeddable":true,"href":"https:\/\/bbqassad.ee\/fi\/wp-json\/wp\/v2\/media\/13484"}],"wp:attachment":[{"href":"https:\/\/bbqassad.ee\/fi\/wp-json\/wp\/v2\/media?parent=21918"}],"wp:term":[{"taxonomy":"product_brand","embeddable":true,"href":"https:\/\/bbqassad.ee\/fi\/wp-json\/wp\/v2\/product_brand?post=21918"},{"taxonomy":"product_cat","embeddable":true,"href":"https:\/\/bbqassad.ee\/fi\/wp-json\/wp\/v2\/product_cat?post=21918"},{"taxonomy":"product_tag","embeddable":true,"href":"https:\/\/bbqassad.ee\/fi\/wp-json\/wp\/v2\/product_tag?post=21918"}],"curies":[{"name":"wp","href":"https:\/\/api.w.org\/{rel}","templated":true}]}}