{"id":21916,"date":"2026-02-23T15:05:26","date_gmt":"2026-02-23T15:05:26","guid":{"rendered":"https:\/\/bbqassad.ee\/toode\/napoleonin-taittuva-pizzauuni\/"},"modified":"2026-04-14T06:32:27","modified_gmt":"2026-04-14T06:32:27","slug":"napoleonin-taittuva-pizzauuni","status":"publish","type":"product","link":"https:\/\/bbqassad.ee\/fi\/toode\/napoleonin-taittuva-pizzauuni\/","title":{"rendered":"Napoleonin taittuva pizzauuni"},"content":{"rendered":"","protected":false},"excerpt":{"rendered":"<h3><strong>Napoleonin taittuva pizzauuni<\/strong><\/h3>\n<p class=\"\" data-start=\"61\" data-end=\"360\">Napoleonin ruostumattomasta ter\u00e4ksest\u00e4 valmistettu pizzalasta on jokaisen pizzanvalmistajan v\u00e4ltt\u00e4m\u00e4t\u00f6n ty\u00f6kalu. Tukevan lapion avulla voit nostaa pizzan helposti ja turvallisesti ilman, ett\u00e4 pohjakerros repe\u00e4\u00e4 tai notkahtaa. Lapion pitk\u00e4 kahva tekee siit\u00e4 sopivan k\u00e4ytett\u00e4v\u00e4ksi kuumalla grillill\u00e4, jolloin k\u00e4det pysyv\u00e4t turvallisen et\u00e4isyyden p\u00e4\u00e4ss\u00e4.  <\/p>\n<p class=\"\" data-start=\"362\" data-end=\"510\">Kahvan liukastumista est\u00e4v\u00e4 kumipinnoite takaa pit\u00e4v\u00e4n otteen my\u00f6s kuumissa ja kosteissa olosuhteissa. Tilan s\u00e4\u00e4st\u00e4miseksi kahva voidaan taittaa k\u00e4tev\u00e4sti kokoon. <\/p>\n<p class=\"\" data-start=\"726\" data-end=\"739\"><strong data-start=\"726\" data-end=\"737\">Mitat:<\/strong><\/p>\n<ul data-start=\"740\" data-end=\"823\" data-is-last-node=\"\" data-is-only-node=\"\">\n<li class=\"\" data-start=\"740\" data-end=\"763\">\n<p class=\"\" data-start=\"742\" data-end=\"763\">ter\u00e4n leveys: 30 cm<\/p>\n<\/li>\n<li class=\"\" data-start=\"764\" data-end=\"790\">\n<p class=\"\" data-start=\"766\" data-end=\"790\">ter\u00e4n pituus: 31,5 cm<\/p>\n<\/li>\n<li class=\"\" data-start=\"791\" data-end=\"823\">\n<p class=\"\" data-start=\"793\" data-end=\"823\">kokonaispituus varsi mukaan lukien: 70 cm<\/p>\n<\/li>\n<\/ul>\n<h3 class=\"quantity\"><\/h3>\n","protected":false},"featured_media":13472,"comment_status":"closed","ping_status":"closed","template":"","meta":[],"product_brand":[768],"product_cat":[784],"product_tag":[],"class_list":{"0":"post-21916","1":"product","2":"type-product","3":"status-publish","4":"has-post-thumbnail","6":"product_brand-napoleon","7":"product_cat-tarvikkeet","9":"first","10":"instock","11":"taxable","12":"shipping-taxable","13":"purchasable","14":"product-type-simple"},"yoast_head":"<!-- This site is optimized with the Yoast SEO plugin v27.4 - https:\/\/yoast.com\/product\/yoast-seo-wordpress\/ -->\n<title>Napoleonin kokoontaitettava pizzalautanen - BBQ \u00c4ssad%<\/title>\n<meta name=\"description\" content=\"Napoleonin ruostumattomasta ter\u00e4ksest\u00e4 valmistettu pizzakuori on ihanteellinen v\u00e4line pizzojen nostamiseen. Taitettava kahva ja liukumaton suojus takaavat mukavuuden ja turvallisuuden.\" \/>\n<meta name=\"robots\" content=\"index, follow, max-snippet:-1, max-image-preview:large, max-video-preview:-1\" \/>\n<link rel=\"canonical\" href=\"https:\/\/bbqassad.ee\/fi\/toode\/napoleonin-taittuva-pizzauuni\/\" \/>\n<meta property=\"og:locale\" content=\"fi_FI\" \/>\n<meta property=\"og:type\" content=\"article\" \/>\n<meta property=\"og:title\" content=\"Napoleonin kokoontaitettava pizzalautanen - BBQ \u00c4ssad%\" \/>\n<meta property=\"og:description\" content=\"Napoleonin ruostumattomasta ter\u00e4ksest\u00e4 valmistettu pizzakuori on ihanteellinen v\u00e4line pizzojen nostamiseen. Taitettava kahva ja liukumaton suojus takaavat mukavuuden ja turvallisuuden.\" \/>\n<meta property=\"og:url\" content=\"https:\/\/bbqassad.ee\/fi\/toode\/napoleonin-taittuva-pizzauuni\/\" \/>\n<meta property=\"og:site_name\" content=\"BBQ \u00c4ssad\" \/>\n<meta property=\"article:publisher\" content=\"https:\/\/www.facebook.com\/bbqassad\" \/>\n<meta property=\"article:modified_time\" content=\"2026-04-14T06:32:27+00:00\" \/>\n<meta property=\"og:image\" content=\"https:\/\/bbqassad.ee\/wp-content\/uploads\/2026\/02\/BBQ-Entertainment-Napoleon-kokkuvolditav-pitsalabidas-3.jpg\" \/>\n<meta name=\"twitter:card\" content=\"summary_large_image\" \/>\n<meta name=\"twitter:title\" content=\"Napoleonin kokoontaitettava pizzalautanen - BBQ \u00c4ssad%\" \/>\n<meta name=\"twitter:description\" content=\"Napoleonin ruostumattomasta ter\u00e4ksest\u00e4 valmistettu pizzakuori on ihanteellinen v\u00e4line pizzojen nostamiseen. Taitettava kahva ja liukumaton suojus takaavat mukavuuden ja turvallisuuden.\" \/>\n<meta name=\"twitter:image\" content=\"https:\/\/bbqassad.ee\/wp-content\/uploads\/2026\/02\/BBQ-Entertainment-Napoleon-kokkuvolditav-pitsalabidas-3.jpg\" \/>\n<script type=\"application\/ld+json\" class=\"yoast-schema-graph\">{\"@context\":\"https:\\\/\\\/schema.org\",\"@graph\":[{\"@type\":\"WebPage\",\"@id\":\"https:\\\/\\\/bbqassad.ee\\\/fi\\\/toode\\\/napoleonin-taittuva-pizzauuni\\\/\",\"url\":\"https:\\\/\\\/bbqassad.ee\\\/fi\\\/toode\\\/napoleonin-taittuva-pizzauuni\\\/\",\"name\":\"Napoleonin kokoontaitettava pizzalautanen - BBQ \u00c4ssad%\",\"isPartOf\":{\"@id\":\"https:\\\/\\\/bbqassad.ee\\\/fi\\\/#website\"},\"primaryImageOfPage\":{\"@id\":\"https:\\\/\\\/bbqassad.ee\\\/fi\\\/toode\\\/napoleonin-taittuva-pizzauuni\\\/#primaryimage\"},\"image\":{\"@id\":\"https:\\\/\\\/bbqassad.ee\\\/fi\\\/toode\\\/napoleonin-taittuva-pizzauuni\\\/#primaryimage\"},\"thumbnailUrl\":\"https:\\\/\\\/bbqassad.ee\\\/wp-content\\\/uploads\\\/2026\\\/02\\\/BBQ-Entertainment-Napoleon-kokkuvolditav-pitsalabidas-3.jpg\",\"datePublished\":\"2026-02-23T15:05:26+00:00\",\"dateModified\":\"2026-04-14T06:32:27+00:00\",\"description\":\"Napoleonin ruostumattomasta ter\u00e4ksest\u00e4 valmistettu pizzakuori on ihanteellinen v\u00e4line pizzojen nostamiseen. Taitettava kahva ja liukumaton suojus takaavat mukavuuden ja turvallisuuden.\",\"breadcrumb\":{\"@id\":\"https:\\\/\\\/bbqassad.ee\\\/fi\\\/toode\\\/napoleonin-taittuva-pizzauuni\\\/#breadcrumb\"},\"inLanguage\":\"fi\",\"potentialAction\":[{\"@type\":\"ReadAction\",\"target\":[\"https:\\\/\\\/bbqassad.ee\\\/fi\\\/toode\\\/napoleonin-taittuva-pizzauuni\\\/\"]}]},{\"@type\":\"ImageObject\",\"inLanguage\":\"fi\",\"@id\":\"https:\\\/\\\/bbqassad.ee\\\/fi\\\/toode\\\/napoleonin-taittuva-pizzauuni\\\/#primaryimage\",\"url\":\"https:\\\/\\\/bbqassad.ee\\\/wp-content\\\/uploads\\\/2026\\\/02\\\/BBQ-Entertainment-Napoleon-kokkuvolditav-pitsalabidas-3.jpg\",\"contentUrl\":\"https:\\\/\\\/bbqassad.ee\\\/wp-content\\\/uploads\\\/2026\\\/02\\\/BBQ-Entertainment-Napoleon-kokkuvolditav-pitsalabidas-3.jpg\",\"width\":1065,\"height\":1065},{\"@type\":\"BreadcrumbList\",\"@id\":\"https:\\\/\\\/bbqassad.ee\\\/fi\\\/toode\\\/napoleonin-taittuva-pizzauuni\\\/#breadcrumb\",\"itemListElement\":[{\"@type\":\"ListItem\",\"position\":1,\"name\":\"Home\",\"item\":\"https:\\\/\\\/bbqassad.ee\\\/fi\\\/bbq-assat\\\/\"},{\"@type\":\"ListItem\",\"position\":2,\"name\":\"Verkkokauppa\",\"item\":\"https:\\\/\\\/bbqassad.ee\\\/fi\\\/verkkokauppa\\\/\"},{\"@type\":\"ListItem\",\"position\":3,\"name\":\"Napoleonin taittuva pizzauuni\"}]},{\"@type\":\"WebSite\",\"@id\":\"https:\\\/\\\/bbqassad.ee\\\/fi\\\/#website\",\"url\":\"https:\\\/\\\/bbqassad.ee\\\/fi\\\/\",\"name\":\"BBQ \u00c4ssad\",\"description\":\"BBQ maitseained, kastmed, ahjud\",\"publisher\":{\"@id\":\"https:\\\/\\\/bbqassad.ee\\\/fi\\\/#organization\"},\"potentialAction\":[{\"@type\":\"SearchAction\",\"target\":{\"@type\":\"EntryPoint\",\"urlTemplate\":\"https:\\\/\\\/bbqassad.ee\\\/fi\\\/?s={search_term_string}\"},\"query-input\":{\"@type\":\"PropertyValueSpecification\",\"valueRequired\":true,\"valueName\":\"search_term_string\"}}],\"inLanguage\":\"fi\"},{\"@type\":\"Organization\",\"@id\":\"https:\\\/\\\/bbqassad.ee\\\/fi\\\/#organization\",\"name\":\"BBQ \u00c4ssad\",\"url\":\"https:\\\/\\\/bbqassad.ee\\\/fi\\\/\",\"logo\":{\"@type\":\"ImageObject\",\"inLanguage\":\"fi\",\"@id\":\"https:\\\/\\\/bbqassad.ee\\\/fi\\\/#\\\/schema\\\/logo\\\/image\\\/\",\"url\":\"https:\\\/\\\/bbqassad.ee\\\/wp-content\\\/uploads\\\/2022\\\/10\\\/BBQ-2ssadlogo.png\",\"contentUrl\":\"https:\\\/\\\/bbqassad.ee\\\/wp-content\\\/uploads\\\/2022\\\/10\\\/BBQ-2ssadlogo.png\",\"width\":1080,\"height\":1080,\"caption\":\"BBQ \u00c4ssad\"},\"image\":{\"@id\":\"https:\\\/\\\/bbqassad.ee\\\/fi\\\/#\\\/schema\\\/logo\\\/image\\\/\"},\"sameAs\":[\"https:\\\/\\\/www.facebook.com\\\/bbqassad\",\"https:\\\/\\\/www.youtube.com\\\/channel\\\/UCsoufn49J6TVi9Ah9meE93w\"]}]}<\/script>\n<!-- \/ Yoast SEO plugin. -->","yoast_head_json":{"title":"Napoleonin kokoontaitettava pizzalautanen - BBQ \u00c4ssad%","description":"Napoleonin ruostumattomasta ter\u00e4ksest\u00e4 valmistettu pizzakuori on ihanteellinen v\u00e4line pizzojen nostamiseen. Taitettava kahva ja liukumaton suojus takaavat mukavuuden ja turvallisuuden.","robots":{"index":"index","follow":"follow","max-snippet":"max-snippet:-1","max-image-preview":"max-image-preview:large","max-video-preview":"max-video-preview:-1"},"canonical":"https:\/\/bbqassad.ee\/fi\/toode\/napoleonin-taittuva-pizzauuni\/","og_locale":"fi_FI","og_type":"article","og_title":"Napoleonin kokoontaitettava pizzalautanen - BBQ \u00c4ssad%","og_description":"Napoleonin ruostumattomasta ter\u00e4ksest\u00e4 valmistettu pizzakuori on ihanteellinen v\u00e4line pizzojen nostamiseen. Taitettava kahva ja liukumaton suojus takaavat mukavuuden ja turvallisuuden.","og_url":"https:\/\/bbqassad.ee\/fi\/toode\/napoleonin-taittuva-pizzauuni\/","og_site_name":"BBQ \u00c4ssad","article_publisher":"https:\/\/www.facebook.com\/bbqassad","article_modified_time":"2026-04-14T06:32:27+00:00","og_image":[{"url":"https:\/\/bbqassad.ee\/wp-content\/uploads\/2026\/02\/BBQ-Entertainment-Napoleon-kokkuvolditav-pitsalabidas-3.jpg","type":"","width":"","height":""}],"twitter_card":"summary_large_image","twitter_title":"Napoleonin kokoontaitettava pizzalautanen - BBQ \u00c4ssad%","twitter_description":"Napoleonin ruostumattomasta ter\u00e4ksest\u00e4 valmistettu pizzakuori on ihanteellinen v\u00e4line pizzojen nostamiseen. Taitettava kahva ja liukumaton suojus takaavat mukavuuden ja turvallisuuden.","twitter_image":"https:\/\/bbqassad.ee\/wp-content\/uploads\/2026\/02\/BBQ-Entertainment-Napoleon-kokkuvolditav-pitsalabidas-3.jpg","schema":{"@context":"https:\/\/schema.org","@graph":[{"@type":"WebPage","@id":"https:\/\/bbqassad.ee\/fi\/toode\/napoleonin-taittuva-pizzauuni\/","url":"https:\/\/bbqassad.ee\/fi\/toode\/napoleonin-taittuva-pizzauuni\/","name":"Napoleonin kokoontaitettava pizzalautanen - BBQ \u00c4ssad%","isPartOf":{"@id":"https:\/\/bbqassad.ee\/fi\/#website"},"primaryImageOfPage":{"@id":"https:\/\/bbqassad.ee\/fi\/toode\/napoleonin-taittuva-pizzauuni\/#primaryimage"},"image":{"@id":"https:\/\/bbqassad.ee\/fi\/toode\/napoleonin-taittuva-pizzauuni\/#primaryimage"},"thumbnailUrl":"https:\/\/bbqassad.ee\/wp-content\/uploads\/2026\/02\/BBQ-Entertainment-Napoleon-kokkuvolditav-pitsalabidas-3.jpg","datePublished":"2026-02-23T15:05:26+00:00","dateModified":"2026-04-14T06:32:27+00:00","description":"Napoleonin ruostumattomasta ter\u00e4ksest\u00e4 valmistettu pizzakuori on ihanteellinen v\u00e4line pizzojen nostamiseen. Taitettava kahva ja liukumaton suojus takaavat mukavuuden ja turvallisuuden.","breadcrumb":{"@id":"https:\/\/bbqassad.ee\/fi\/toode\/napoleonin-taittuva-pizzauuni\/#breadcrumb"},"inLanguage":"fi","potentialAction":[{"@type":"ReadAction","target":["https:\/\/bbqassad.ee\/fi\/toode\/napoleonin-taittuva-pizzauuni\/"]}]},{"@type":"ImageObject","inLanguage":"fi","@id":"https:\/\/bbqassad.ee\/fi\/toode\/napoleonin-taittuva-pizzauuni\/#primaryimage","url":"https:\/\/bbqassad.ee\/wp-content\/uploads\/2026\/02\/BBQ-Entertainment-Napoleon-kokkuvolditav-pitsalabidas-3.jpg","contentUrl":"https:\/\/bbqassad.ee\/wp-content\/uploads\/2026\/02\/BBQ-Entertainment-Napoleon-kokkuvolditav-pitsalabidas-3.jpg","width":1065,"height":1065},{"@type":"BreadcrumbList","@id":"https:\/\/bbqassad.ee\/fi\/toode\/napoleonin-taittuva-pizzauuni\/#breadcrumb","itemListElement":[{"@type":"ListItem","position":1,"name":"Home","item":"https:\/\/bbqassad.ee\/fi\/bbq-assat\/"},{"@type":"ListItem","position":2,"name":"Verkkokauppa","item":"https:\/\/bbqassad.ee\/fi\/verkkokauppa\/"},{"@type":"ListItem","position":3,"name":"Napoleonin taittuva pizzauuni"}]},{"@type":"WebSite","@id":"https:\/\/bbqassad.ee\/fi\/#website","url":"https:\/\/bbqassad.ee\/fi\/","name":"BBQ \u00c4ssad","description":"BBQ maitseained, kastmed, ahjud","publisher":{"@id":"https:\/\/bbqassad.ee\/fi\/#organization"},"potentialAction":[{"@type":"SearchAction","target":{"@type":"EntryPoint","urlTemplate":"https:\/\/bbqassad.ee\/fi\/?s={search_term_string}"},"query-input":{"@type":"PropertyValueSpecification","valueRequired":true,"valueName":"search_term_string"}}],"inLanguage":"fi"},{"@type":"Organization","@id":"https:\/\/bbqassad.ee\/fi\/#organization","name":"BBQ \u00c4ssad","url":"https:\/\/bbqassad.ee\/fi\/","logo":{"@type":"ImageObject","inLanguage":"fi","@id":"https:\/\/bbqassad.ee\/fi\/#\/schema\/logo\/image\/","url":"https:\/\/bbqassad.ee\/wp-content\/uploads\/2022\/10\/BBQ-2ssadlogo.png","contentUrl":"https:\/\/bbqassad.ee\/wp-content\/uploads\/2022\/10\/BBQ-2ssadlogo.png","width":1080,"height":1080,"caption":"BBQ \u00c4ssad"},"image":{"@id":"https:\/\/bbqassad.ee\/fi\/#\/schema\/logo\/image\/"},"sameAs":["https:\/\/www.facebook.com\/bbqassad","https:\/\/www.youtube.com\/channel\/UCsoufn49J6TVi9Ah9meE93w"]}]}},"_links":{"self":[{"href":"https:\/\/bbqassad.ee\/fi\/wp-json\/wp\/v2\/product\/21916","targetHints":{"allow":["GET"]}}],"collection":[{"href":"https:\/\/bbqassad.ee\/fi\/wp-json\/wp\/v2\/product"}],"about":[{"href":"https:\/\/bbqassad.ee\/fi\/wp-json\/wp\/v2\/types\/product"}],"replies":[{"embeddable":true,"href":"https:\/\/bbqassad.ee\/fi\/wp-json\/wp\/v2\/comments?post=21916"}],"wp:featuredmedia":[{"embeddable":true,"href":"https:\/\/bbqassad.ee\/fi\/wp-json\/wp\/v2\/media\/13472"}],"wp:attachment":[{"href":"https:\/\/bbqassad.ee\/fi\/wp-json\/wp\/v2\/media?parent=21916"}],"wp:term":[{"taxonomy":"product_brand","embeddable":true,"href":"https:\/\/bbqassad.ee\/fi\/wp-json\/wp\/v2\/product_brand?post=21916"},{"taxonomy":"product_cat","embeddable":true,"href":"https:\/\/bbqassad.ee\/fi\/wp-json\/wp\/v2\/product_cat?post=21916"},{"taxonomy":"product_tag","embeddable":true,"href":"https:\/\/bbqassad.ee\/fi\/wp-json\/wp\/v2\/product_tag?post=21916"}],"curies":[{"name":"wp","href":"https:\/\/api.w.org\/{rel}","templated":true}]}}