{"id":21905,"date":"2026-02-23T15:05:27","date_gmt":"2026-02-23T15:05:27","guid":{"rendered":"https:\/\/bbqassad.ee\/toode\/grillep-hiiliteras-hiiliteras-grill-press\/"},"modified":"2026-04-14T06:32:24","modified_gmt":"2026-04-14T06:32:24","slug":"grillep-hiiliteras-hiiliteras-grill-press","status":"publish","type":"product","link":"https:\/\/bbqassad.ee\/fi\/toode\/grillep-hiiliteras-hiiliteras-grill-press\/","title":{"rendered":"GRILLEP hiiliter\u00e4s GRILL-PRESS"},"content":{"rendered":"","protected":false},"excerpt":{"rendered":"<h3><strong>GRILLEP hiiliter\u00e4s \/ hiiliter\u00e4s GRILL-PRESS<\/strong><\/h3>\n<p>Valmistettu Virossa BBQ Entertainment O\u00dc:n erikoistilauksesta (patentoitu malli).<\/p>\n<p>T\u00e4ll\u00e4 grillipuristimella voit valmistaa hampurilaisia (my\u00f6s smash-burgereita), t\u00e4ydellisen rapeaksi pekoniviipaleet, pihvej\u00e4, tortilloja, pannukakkuja, kananmunia jne.<\/p>\n<p>T\u00e4\u00e4lt\u00e4 voit ladata turvallisuus- ja huolto-ohjeet: <a href=\"https:\/\/bbqentertainment.com\/wp-content\/uploads\/2024\/09\/GRILL-PRESSI-OHUTUS-JA-HOOLDUSJUHEND.pdf\" target=\"\">grillipuristimen turvallisuus- ja huolto-ohjeet.<\/a><\/p>\n","protected":false},"featured_media":21906,"comment_status":"closed","ping_status":"closed","template":"","meta":[],"product_brand":[],"product_cat":[784],"product_tag":[],"class_list":{"0":"post-21905","1":"product","2":"type-product","3":"status-publish","4":"has-post-thumbnail","6":"product_cat-tarvikkeet","8":"first","9":"instock","10":"taxable","11":"shipping-taxable","12":"purchasable","13":"product-type-simple"},"yoast_head":"<!-- This site is optimized with the Yoast SEO plugin v27.4 - https:\/\/yoast.com\/product\/yoast-seo-wordpress\/ -->\n<title>GRILLEP hiiliter\u00e4s GRILL-PRESS - BBQ \u00c4ssad%<\/title>\n<meta name=\"description\" content=\"GRILLEP-hiiliter\u00e4ksinen grillipuristin on ihanteellinen hampurilaisten, pekonin, pihvien ja muiden paistamiseen. Tuote valmistetaan tilauksesta Virossa.\" \/>\n<meta name=\"robots\" content=\"index, follow, max-snippet:-1, max-image-preview:large, max-video-preview:-1\" \/>\n<link rel=\"canonical\" href=\"https:\/\/bbqassad.ee\/fi\/toode\/grillep-hiiliteras-hiiliteras-grill-press\/\" \/>\n<meta property=\"og:locale\" content=\"fi_FI\" \/>\n<meta property=\"og:type\" content=\"article\" \/>\n<meta property=\"og:title\" content=\"GRILLEP hiiliter\u00e4s GRILL-PRESS - BBQ \u00c4ssad%\" \/>\n<meta property=\"og:description\" content=\"GRILLEP-hiiliter\u00e4ksinen grillipuristin on ihanteellinen hampurilaisten, pekonin, pihvien ja muiden paistamiseen. Tuote valmistetaan tilauksesta Virossa.\" \/>\n<meta property=\"og:url\" content=\"https:\/\/bbqassad.ee\/fi\/toode\/grillep-hiiliteras-hiiliteras-grill-press\/\" \/>\n<meta property=\"og:site_name\" content=\"BBQ \u00c4ssad\" \/>\n<meta property=\"article:publisher\" content=\"https:\/\/www.facebook.com\/bbqassad\" \/>\n<meta property=\"article:modified_time\" content=\"2026-04-14T06:32:24+00:00\" \/>\n<meta property=\"og:image\" content=\"https:\/\/bbqassad.ee\/wp-content\/uploads\/2026\/02\/GRILLEP-susinikterasest-karbon-steel-GRILL-PRESS.jpg\" \/>\n<meta name=\"twitter:card\" content=\"summary_large_image\" \/>\n<meta name=\"twitter:title\" content=\"GRILLEP hiiliter\u00e4s GRILL-PRESS - BBQ \u00c4ssad%\" \/>\n<meta name=\"twitter:description\" content=\"GRILLEP-hiiliter\u00e4ksinen grillipuristin on ihanteellinen hampurilaisten, pekonin, pihvien ja muiden paistamiseen. Tuote valmistetaan tilauksesta Virossa.\" \/>\n<meta name=\"twitter:image\" content=\"https:\/\/bbqassad.ee\/wp-content\/uploads\/2026\/02\/GRILLEP-susinikterasest-karbon-steel-GRILL-PRESS.jpg\" \/>\n<script type=\"application\/ld+json\" class=\"yoast-schema-graph\">{\"@context\":\"https:\\\/\\\/schema.org\",\"@graph\":[{\"@type\":\"WebPage\",\"@id\":\"https:\\\/\\\/bbqassad.ee\\\/fi\\\/toode\\\/grillep-hiiliteras-hiiliteras-grill-press\\\/\",\"url\":\"https:\\\/\\\/bbqassad.ee\\\/fi\\\/toode\\\/grillep-hiiliteras-hiiliteras-grill-press\\\/\",\"name\":\"GRILLEP hiiliter\u00e4s GRILL-PRESS - BBQ \u00c4ssad%\",\"isPartOf\":{\"@id\":\"https:\\\/\\\/bbqassad.ee\\\/fi\\\/#website\"},\"primaryImageOfPage\":{\"@id\":\"https:\\\/\\\/bbqassad.ee\\\/fi\\\/toode\\\/grillep-hiiliteras-hiiliteras-grill-press\\\/#primaryimage\"},\"image\":{\"@id\":\"https:\\\/\\\/bbqassad.ee\\\/fi\\\/toode\\\/grillep-hiiliteras-hiiliteras-grill-press\\\/#primaryimage\"},\"thumbnailUrl\":\"https:\\\/\\\/bbqassad.ee\\\/wp-content\\\/uploads\\\/2026\\\/02\\\/GRILLEP-susinikterasest-karbon-steel-GRILL-PRESS.jpg\",\"datePublished\":\"2026-02-23T15:05:27+00:00\",\"dateModified\":\"2026-04-14T06:32:24+00:00\",\"description\":\"GRILLEP-hiiliter\u00e4ksinen grillipuristin on ihanteellinen hampurilaisten, pekonin, pihvien ja muiden paistamiseen. Tuote valmistetaan tilauksesta Virossa.\",\"breadcrumb\":{\"@id\":\"https:\\\/\\\/bbqassad.ee\\\/fi\\\/toode\\\/grillep-hiiliteras-hiiliteras-grill-press\\\/#breadcrumb\"},\"inLanguage\":\"fi\",\"potentialAction\":[{\"@type\":\"ReadAction\",\"target\":[\"https:\\\/\\\/bbqassad.ee\\\/fi\\\/toode\\\/grillep-hiiliteras-hiiliteras-grill-press\\\/\"]}]},{\"@type\":\"ImageObject\",\"inLanguage\":\"fi\",\"@id\":\"https:\\\/\\\/bbqassad.ee\\\/fi\\\/toode\\\/grillep-hiiliteras-hiiliteras-grill-press\\\/#primaryimage\",\"url\":\"https:\\\/\\\/bbqassad.ee\\\/wp-content\\\/uploads\\\/2026\\\/02\\\/GRILLEP-susinikterasest-karbon-steel-GRILL-PRESS.jpg\",\"contentUrl\":\"https:\\\/\\\/bbqassad.ee\\\/wp-content\\\/uploads\\\/2026\\\/02\\\/GRILLEP-susinikterasest-karbon-steel-GRILL-PRESS.jpg\",\"width\":1200,\"height\":1200},{\"@type\":\"BreadcrumbList\",\"@id\":\"https:\\\/\\\/bbqassad.ee\\\/fi\\\/toode\\\/grillep-hiiliteras-hiiliteras-grill-press\\\/#breadcrumb\",\"itemListElement\":[{\"@type\":\"ListItem\",\"position\":1,\"name\":\"Home\",\"item\":\"https:\\\/\\\/bbqassad.ee\\\/fi\\\/bbq-assat\\\/\"},{\"@type\":\"ListItem\",\"position\":2,\"name\":\"Verkkokauppa\",\"item\":\"https:\\\/\\\/bbqassad.ee\\\/fi\\\/verkkokauppa\\\/\"},{\"@type\":\"ListItem\",\"position\":3,\"name\":\"GRILLEP hiiliter\u00e4s GRILL-PRESS\"}]},{\"@type\":\"WebSite\",\"@id\":\"https:\\\/\\\/bbqassad.ee\\\/fi\\\/#website\",\"url\":\"https:\\\/\\\/bbqassad.ee\\\/fi\\\/\",\"name\":\"BBQ \u00c4ssad\",\"description\":\"BBQ maitseained, kastmed, ahjud\",\"publisher\":{\"@id\":\"https:\\\/\\\/bbqassad.ee\\\/fi\\\/#organization\"},\"potentialAction\":[{\"@type\":\"SearchAction\",\"target\":{\"@type\":\"EntryPoint\",\"urlTemplate\":\"https:\\\/\\\/bbqassad.ee\\\/fi\\\/?s={search_term_string}\"},\"query-input\":{\"@type\":\"PropertyValueSpecification\",\"valueRequired\":true,\"valueName\":\"search_term_string\"}}],\"inLanguage\":\"fi\"},{\"@type\":\"Organization\",\"@id\":\"https:\\\/\\\/bbqassad.ee\\\/fi\\\/#organization\",\"name\":\"BBQ \u00c4ssad\",\"url\":\"https:\\\/\\\/bbqassad.ee\\\/fi\\\/\",\"logo\":{\"@type\":\"ImageObject\",\"inLanguage\":\"fi\",\"@id\":\"https:\\\/\\\/bbqassad.ee\\\/fi\\\/#\\\/schema\\\/logo\\\/image\\\/\",\"url\":\"https:\\\/\\\/bbqassad.ee\\\/wp-content\\\/uploads\\\/2022\\\/10\\\/BBQ-2ssadlogo.png\",\"contentUrl\":\"https:\\\/\\\/bbqassad.ee\\\/wp-content\\\/uploads\\\/2022\\\/10\\\/BBQ-2ssadlogo.png\",\"width\":1080,\"height\":1080,\"caption\":\"BBQ \u00c4ssad\"},\"image\":{\"@id\":\"https:\\\/\\\/bbqassad.ee\\\/fi\\\/#\\\/schema\\\/logo\\\/image\\\/\"},\"sameAs\":[\"https:\\\/\\\/www.facebook.com\\\/bbqassad\",\"https:\\\/\\\/www.youtube.com\\\/channel\\\/UCsoufn49J6TVi9Ah9meE93w\"]}]}<\/script>\n<!-- \/ Yoast SEO plugin. -->","yoast_head_json":{"title":"GRILLEP hiiliter\u00e4s GRILL-PRESS - BBQ \u00c4ssad%","description":"GRILLEP-hiiliter\u00e4ksinen grillipuristin on ihanteellinen hampurilaisten, pekonin, pihvien ja muiden paistamiseen. Tuote valmistetaan tilauksesta Virossa.","robots":{"index":"index","follow":"follow","max-snippet":"max-snippet:-1","max-image-preview":"max-image-preview:large","max-video-preview":"max-video-preview:-1"},"canonical":"https:\/\/bbqassad.ee\/fi\/toode\/grillep-hiiliteras-hiiliteras-grill-press\/","og_locale":"fi_FI","og_type":"article","og_title":"GRILLEP hiiliter\u00e4s GRILL-PRESS - BBQ \u00c4ssad%","og_description":"GRILLEP-hiiliter\u00e4ksinen grillipuristin on ihanteellinen hampurilaisten, pekonin, pihvien ja muiden paistamiseen. Tuote valmistetaan tilauksesta Virossa.","og_url":"https:\/\/bbqassad.ee\/fi\/toode\/grillep-hiiliteras-hiiliteras-grill-press\/","og_site_name":"BBQ \u00c4ssad","article_publisher":"https:\/\/www.facebook.com\/bbqassad","article_modified_time":"2026-04-14T06:32:24+00:00","og_image":[{"url":"https:\/\/bbqassad.ee\/wp-content\/uploads\/2026\/02\/GRILLEP-susinikterasest-karbon-steel-GRILL-PRESS.jpg","type":"","width":"","height":""}],"twitter_card":"summary_large_image","twitter_title":"GRILLEP hiiliter\u00e4s GRILL-PRESS - BBQ \u00c4ssad%","twitter_description":"GRILLEP-hiiliter\u00e4ksinen grillipuristin on ihanteellinen hampurilaisten, pekonin, pihvien ja muiden paistamiseen. Tuote valmistetaan tilauksesta Virossa.","twitter_image":"https:\/\/bbqassad.ee\/wp-content\/uploads\/2026\/02\/GRILLEP-susinikterasest-karbon-steel-GRILL-PRESS.jpg","schema":{"@context":"https:\/\/schema.org","@graph":[{"@type":"WebPage","@id":"https:\/\/bbqassad.ee\/fi\/toode\/grillep-hiiliteras-hiiliteras-grill-press\/","url":"https:\/\/bbqassad.ee\/fi\/toode\/grillep-hiiliteras-hiiliteras-grill-press\/","name":"GRILLEP hiiliter\u00e4s GRILL-PRESS - BBQ \u00c4ssad%","isPartOf":{"@id":"https:\/\/bbqassad.ee\/fi\/#website"},"primaryImageOfPage":{"@id":"https:\/\/bbqassad.ee\/fi\/toode\/grillep-hiiliteras-hiiliteras-grill-press\/#primaryimage"},"image":{"@id":"https:\/\/bbqassad.ee\/fi\/toode\/grillep-hiiliteras-hiiliteras-grill-press\/#primaryimage"},"thumbnailUrl":"https:\/\/bbqassad.ee\/wp-content\/uploads\/2026\/02\/GRILLEP-susinikterasest-karbon-steel-GRILL-PRESS.jpg","datePublished":"2026-02-23T15:05:27+00:00","dateModified":"2026-04-14T06:32:24+00:00","description":"GRILLEP-hiiliter\u00e4ksinen grillipuristin on ihanteellinen hampurilaisten, pekonin, pihvien ja muiden paistamiseen. Tuote valmistetaan tilauksesta Virossa.","breadcrumb":{"@id":"https:\/\/bbqassad.ee\/fi\/toode\/grillep-hiiliteras-hiiliteras-grill-press\/#breadcrumb"},"inLanguage":"fi","potentialAction":[{"@type":"ReadAction","target":["https:\/\/bbqassad.ee\/fi\/toode\/grillep-hiiliteras-hiiliteras-grill-press\/"]}]},{"@type":"ImageObject","inLanguage":"fi","@id":"https:\/\/bbqassad.ee\/fi\/toode\/grillep-hiiliteras-hiiliteras-grill-press\/#primaryimage","url":"https:\/\/bbqassad.ee\/wp-content\/uploads\/2026\/02\/GRILLEP-susinikterasest-karbon-steel-GRILL-PRESS.jpg","contentUrl":"https:\/\/bbqassad.ee\/wp-content\/uploads\/2026\/02\/GRILLEP-susinikterasest-karbon-steel-GRILL-PRESS.jpg","width":1200,"height":1200},{"@type":"BreadcrumbList","@id":"https:\/\/bbqassad.ee\/fi\/toode\/grillep-hiiliteras-hiiliteras-grill-press\/#breadcrumb","itemListElement":[{"@type":"ListItem","position":1,"name":"Home","item":"https:\/\/bbqassad.ee\/fi\/bbq-assat\/"},{"@type":"ListItem","position":2,"name":"Verkkokauppa","item":"https:\/\/bbqassad.ee\/fi\/verkkokauppa\/"},{"@type":"ListItem","position":3,"name":"GRILLEP hiiliter\u00e4s GRILL-PRESS"}]},{"@type":"WebSite","@id":"https:\/\/bbqassad.ee\/fi\/#website","url":"https:\/\/bbqassad.ee\/fi\/","name":"BBQ \u00c4ssad","description":"BBQ maitseained, kastmed, ahjud","publisher":{"@id":"https:\/\/bbqassad.ee\/fi\/#organization"},"potentialAction":[{"@type":"SearchAction","target":{"@type":"EntryPoint","urlTemplate":"https:\/\/bbqassad.ee\/fi\/?s={search_term_string}"},"query-input":{"@type":"PropertyValueSpecification","valueRequired":true,"valueName":"search_term_string"}}],"inLanguage":"fi"},{"@type":"Organization","@id":"https:\/\/bbqassad.ee\/fi\/#organization","name":"BBQ \u00c4ssad","url":"https:\/\/bbqassad.ee\/fi\/","logo":{"@type":"ImageObject","inLanguage":"fi","@id":"https:\/\/bbqassad.ee\/fi\/#\/schema\/logo\/image\/","url":"https:\/\/bbqassad.ee\/wp-content\/uploads\/2022\/10\/BBQ-2ssadlogo.png","contentUrl":"https:\/\/bbqassad.ee\/wp-content\/uploads\/2022\/10\/BBQ-2ssadlogo.png","width":1080,"height":1080,"caption":"BBQ \u00c4ssad"},"image":{"@id":"https:\/\/bbqassad.ee\/fi\/#\/schema\/logo\/image\/"},"sameAs":["https:\/\/www.facebook.com\/bbqassad","https:\/\/www.youtube.com\/channel\/UCsoufn49J6TVi9Ah9meE93w"]}]}},"_links":{"self":[{"href":"https:\/\/bbqassad.ee\/fi\/wp-json\/wp\/v2\/product\/21905","targetHints":{"allow":["GET"]}}],"collection":[{"href":"https:\/\/bbqassad.ee\/fi\/wp-json\/wp\/v2\/product"}],"about":[{"href":"https:\/\/bbqassad.ee\/fi\/wp-json\/wp\/v2\/types\/product"}],"replies":[{"embeddable":true,"href":"https:\/\/bbqassad.ee\/fi\/wp-json\/wp\/v2\/comments?post=21905"}],"wp:featuredmedia":[{"embeddable":true,"href":"https:\/\/bbqassad.ee\/fi\/wp-json\/wp\/v2\/media\/21906"}],"wp:attachment":[{"href":"https:\/\/bbqassad.ee\/fi\/wp-json\/wp\/v2\/media?parent=21905"}],"wp:term":[{"taxonomy":"product_brand","embeddable":true,"href":"https:\/\/bbqassad.ee\/fi\/wp-json\/wp\/v2\/product_brand?post=21905"},{"taxonomy":"product_cat","embeddable":true,"href":"https:\/\/bbqassad.ee\/fi\/wp-json\/wp\/v2\/product_cat?post=21905"},{"taxonomy":"product_tag","embeddable":true,"href":"https:\/\/bbqassad.ee\/fi\/wp-json\/wp\/v2\/product_tag?post=21905"}],"curies":[{"name":"wp","href":"https:\/\/api.w.org\/{rel}","templated":true}]}}