{"id":21901,"date":"2026-02-23T15:05:27","date_gmt":"2026-02-23T15:05:27","guid":{"rendered":"https:\/\/bbqassad.ee\/toode\/napoleon-rogue-rse625rsibpk-kaasugrilli-jossa-on-keraaminen-keittotaso-ja-tankopoltin-musta\/"},"modified":"2026-04-14T06:32:24","modified_gmt":"2026-04-14T06:32:24","slug":"napoleon-rogue-rse625rsibpk-kaasugrilli-jossa-on-keraaminen-keittotaso-ja-tankopoltin-musta","status":"publish","type":"product","link":"https:\/\/bbqassad.ee\/fi\/toode\/napoleon-rogue-rse625rsibpk-kaasugrilli-jossa-on-keraaminen-keittotaso-ja-tankopoltin-musta\/","title":{"rendered":"Napoleon Rogue RSE625RSIBPK kaasugrilli, jossa on keraaminen keittotaso ja tankopoltin (musta)"},"content":{"rendered":"","protected":false},"excerpt":{"rendered":"<h3><strong>Napoleon Rogue RSE625RSIBPK kaasugrilli, jossa on keraaminen keittotaso ja tankopoltin (musta)<\/strong><\/h3>\n<p>Napoleon Rogue RSE625RSIBPK on Rogue-malliston suurin kaasugrilli, jossa on ainutlaatuinen keraaminen grillilevy ja pohjoisamerikkalaista ruostumatonta ter\u00e4st\u00e4.<\/p>\n","protected":false},"featured_media":21902,"comment_status":"closed","ping_status":"closed","template":"","meta":[],"product_brand":[768],"product_cat":[786,781],"product_tag":[],"class_list":{"0":"post-21901","1":"product","2":"type-product","3":"status-publish","4":"has-post-thumbnail","6":"product_brand-napoleon","7":"product_cat-napoleonin-kaasugrillit","8":"product_cat-uunit","9":"product_shipping_class-ilmainen-toimitus","11":"first","12":"instock","13":"taxable","14":"shipping-taxable","15":"purchasable","16":"product-type-simple"},"yoast_head":"<!-- This site is optimized with the Yoast SEO plugin v27.4 - https:\/\/yoast.com\/product\/yoast-seo-wordpress\/ -->\n<title>Napoleon Rogue RSE625RSIBPK kaasugrilli (musta) - BBQ \u00c4ssad%<\/title>\n<meta name=\"description\" content=\"Napoleon Rogue RSE625RSIBPK on korkealaatuisesta ruostumattomasta ter\u00e4ksest\u00e4 valmistettu suuri kaasugrilli, jossa on keraaminen paistolevy. Ihanteellinen grillaukseen ja ruoanlaittoon\" \/>\n<meta name=\"robots\" content=\"index, follow, max-snippet:-1, max-image-preview:large, max-video-preview:-1\" \/>\n<link rel=\"canonical\" href=\"https:\/\/bbqassad.ee\/fi\/toode\/napoleon-rogue-rse625rsibpk-kaasugrilli-jossa-on-keraaminen-keittotaso-ja-tankopoltin-musta\/\" \/>\n<meta property=\"og:locale\" content=\"fi_FI\" \/>\n<meta property=\"og:type\" content=\"article\" \/>\n<meta property=\"og:title\" content=\"Napoleon Rogue RSE625RSIBPK kaasugrilli (musta) - BBQ \u00c4ssad%\" \/>\n<meta property=\"og:description\" content=\"Napoleon Rogue RSE625RSIBPK on korkealaatuisesta ruostumattomasta ter\u00e4ksest\u00e4 valmistettu suuri kaasugrilli, jossa on keraaminen paistolevy. Ihanteellinen grillaukseen ja ruoanlaittoon\" \/>\n<meta property=\"og:url\" content=\"https:\/\/bbqassad.ee\/fi\/toode\/napoleon-rogue-rse625rsibpk-kaasugrilli-jossa-on-keraaminen-keittotaso-ja-tankopoltin-musta\/\" \/>\n<meta property=\"og:site_name\" content=\"BBQ \u00c4ssad\" \/>\n<meta property=\"article:publisher\" content=\"https:\/\/www.facebook.com\/bbqassad\" \/>\n<meta property=\"article:modified_time\" content=\"2026-04-14T06:32:24+00:00\" \/>\n<meta property=\"og:image\" content=\"https:\/\/bbqassad.ee\/wp-content\/uploads\/2026\/02\/Napoleon-Rogue-RSE625RSIBPK-keraamilise-steigipliidi-ja-vardapoletiga-gaasigrill-must-2.jpg\" \/>\n<meta name=\"twitter:card\" content=\"summary_large_image\" \/>\n<meta name=\"twitter:title\" content=\"Napoleon Rogue RSE625RSIBPK kaasugrilli (musta) - BBQ \u00c4ssad%\" \/>\n<meta name=\"twitter:description\" content=\"Napoleon Rogue RSE625RSIBPK on suuri kaasugrilli keraamisella ritil\u00e4ll\u00e4, joka on valmistettu korkealaatuisesta ruostumattomasta ter\u00e4ksest\u00e4. Ihanteellinen grillaukseen ja ruoanlaittoon\" \/>\n<meta name=\"twitter:image\" content=\"https:\/\/bbqassad.ee\/wp-content\/uploads\/2026\/02\/Napoleon-Rogue-RSE625RSIBPK-keraamilise-steigipliidi-ja-vardapoletiga-gaasigrill-must-2.jpg\" \/>\n<script type=\"application\/ld+json\" class=\"yoast-schema-graph\">{\"@context\":\"https:\\\/\\\/schema.org\",\"@graph\":[{\"@type\":\"WebPage\",\"@id\":\"https:\\\/\\\/bbqassad.ee\\\/fi\\\/toode\\\/napoleon-rogue-rse625rsibpk-kaasugrilli-jossa-on-keraaminen-keittotaso-ja-tankopoltin-musta\\\/\",\"url\":\"https:\\\/\\\/bbqassad.ee\\\/fi\\\/toode\\\/napoleon-rogue-rse625rsibpk-kaasugrilli-jossa-on-keraaminen-keittotaso-ja-tankopoltin-musta\\\/\",\"name\":\"Napoleon Rogue RSE625RSIBPK kaasugrilli (musta) - BBQ \u00c4ssad%\",\"isPartOf\":{\"@id\":\"https:\\\/\\\/bbqassad.ee\\\/fi\\\/#website\"},\"primaryImageOfPage\":{\"@id\":\"https:\\\/\\\/bbqassad.ee\\\/fi\\\/toode\\\/napoleon-rogue-rse625rsibpk-kaasugrilli-jossa-on-keraaminen-keittotaso-ja-tankopoltin-musta\\\/#primaryimage\"},\"image\":{\"@id\":\"https:\\\/\\\/bbqassad.ee\\\/fi\\\/toode\\\/napoleon-rogue-rse625rsibpk-kaasugrilli-jossa-on-keraaminen-keittotaso-ja-tankopoltin-musta\\\/#primaryimage\"},\"thumbnailUrl\":\"https:\\\/\\\/bbqassad.ee\\\/wp-content\\\/uploads\\\/2026\\\/02\\\/Napoleon-Rogue-RSE625RSIBPK-keraamilise-steigipliidi-ja-vardapoletiga-gaasigrill-must-2.jpg\",\"datePublished\":\"2026-02-23T15:05:27+00:00\",\"dateModified\":\"2026-04-14T06:32:24+00:00\",\"description\":\"Napoleon Rogue RSE625RSIBPK on korkealaatuisesta ruostumattomasta ter\u00e4ksest\u00e4 valmistettu suuri kaasugrilli, jossa on keraaminen paistolevy. Ihanteellinen grillaukseen ja ruoanlaittoon\",\"breadcrumb\":{\"@id\":\"https:\\\/\\\/bbqassad.ee\\\/fi\\\/toode\\\/napoleon-rogue-rse625rsibpk-kaasugrilli-jossa-on-keraaminen-keittotaso-ja-tankopoltin-musta\\\/#breadcrumb\"},\"inLanguage\":\"fi\",\"potentialAction\":[{\"@type\":\"ReadAction\",\"target\":[\"https:\\\/\\\/bbqassad.ee\\\/fi\\\/toode\\\/napoleon-rogue-rse625rsibpk-kaasugrilli-jossa-on-keraaminen-keittotaso-ja-tankopoltin-musta\\\/\"]}]},{\"@type\":\"ImageObject\",\"inLanguage\":\"fi\",\"@id\":\"https:\\\/\\\/bbqassad.ee\\\/fi\\\/toode\\\/napoleon-rogue-rse625rsibpk-kaasugrilli-jossa-on-keraaminen-keittotaso-ja-tankopoltin-musta\\\/#primaryimage\",\"url\":\"https:\\\/\\\/bbqassad.ee\\\/wp-content\\\/uploads\\\/2026\\\/02\\\/Napoleon-Rogue-RSE625RSIBPK-keraamilise-steigipliidi-ja-vardapoletiga-gaasigrill-must-2.jpg\",\"contentUrl\":\"https:\\\/\\\/bbqassad.ee\\\/wp-content\\\/uploads\\\/2026\\\/02\\\/Napoleon-Rogue-RSE625RSIBPK-keraamilise-steigipliidi-ja-vardapoletiga-gaasigrill-must-2.jpg\",\"width\":1200,\"height\":1200},{\"@type\":\"BreadcrumbList\",\"@id\":\"https:\\\/\\\/bbqassad.ee\\\/fi\\\/toode\\\/napoleon-rogue-rse625rsibpk-kaasugrilli-jossa-on-keraaminen-keittotaso-ja-tankopoltin-musta\\\/#breadcrumb\",\"itemListElement\":[{\"@type\":\"ListItem\",\"position\":1,\"name\":\"Home\",\"item\":\"https:\\\/\\\/bbqassad.ee\\\/fi\\\/bbq-assat\\\/\"},{\"@type\":\"ListItem\",\"position\":2,\"name\":\"Verkkokauppa\",\"item\":\"https:\\\/\\\/bbqassad.ee\\\/fi\\\/verkkokauppa\\\/\"},{\"@type\":\"ListItem\",\"position\":3,\"name\":\"Napoleon Rogue RSE625RSIBPK kaasugrilli, jossa on keraaminen keittotaso ja tankopoltin (musta)\"}]},{\"@type\":\"WebSite\",\"@id\":\"https:\\\/\\\/bbqassad.ee\\\/fi\\\/#website\",\"url\":\"https:\\\/\\\/bbqassad.ee\\\/fi\\\/\",\"name\":\"BBQ \u00c4ssad\",\"description\":\"BBQ maitseained, kastmed, ahjud\",\"publisher\":{\"@id\":\"https:\\\/\\\/bbqassad.ee\\\/fi\\\/#organization\"},\"potentialAction\":[{\"@type\":\"SearchAction\",\"target\":{\"@type\":\"EntryPoint\",\"urlTemplate\":\"https:\\\/\\\/bbqassad.ee\\\/fi\\\/?s={search_term_string}\"},\"query-input\":{\"@type\":\"PropertyValueSpecification\",\"valueRequired\":true,\"valueName\":\"search_term_string\"}}],\"inLanguage\":\"fi\"},{\"@type\":\"Organization\",\"@id\":\"https:\\\/\\\/bbqassad.ee\\\/fi\\\/#organization\",\"name\":\"BBQ \u00c4ssad\",\"url\":\"https:\\\/\\\/bbqassad.ee\\\/fi\\\/\",\"logo\":{\"@type\":\"ImageObject\",\"inLanguage\":\"fi\",\"@id\":\"https:\\\/\\\/bbqassad.ee\\\/fi\\\/#\\\/schema\\\/logo\\\/image\\\/\",\"url\":\"https:\\\/\\\/bbqassad.ee\\\/wp-content\\\/uploads\\\/2022\\\/10\\\/BBQ-2ssadlogo.png\",\"contentUrl\":\"https:\\\/\\\/bbqassad.ee\\\/wp-content\\\/uploads\\\/2022\\\/10\\\/BBQ-2ssadlogo.png\",\"width\":1080,\"height\":1080,\"caption\":\"BBQ \u00c4ssad\"},\"image\":{\"@id\":\"https:\\\/\\\/bbqassad.ee\\\/fi\\\/#\\\/schema\\\/logo\\\/image\\\/\"},\"sameAs\":[\"https:\\\/\\\/www.facebook.com\\\/bbqassad\",\"https:\\\/\\\/www.youtube.com\\\/channel\\\/UCsoufn49J6TVi9Ah9meE93w\"]}]}<\/script>\n<!-- \/ Yoast SEO plugin. -->","yoast_head_json":{"title":"Napoleon Rogue RSE625RSIBPK kaasugrilli (musta) - BBQ \u00c4ssad%","description":"Napoleon Rogue RSE625RSIBPK on korkealaatuisesta ruostumattomasta ter\u00e4ksest\u00e4 valmistettu suuri kaasugrilli, jossa on keraaminen paistolevy. Ihanteellinen grillaukseen ja ruoanlaittoon","robots":{"index":"index","follow":"follow","max-snippet":"max-snippet:-1","max-image-preview":"max-image-preview:large","max-video-preview":"max-video-preview:-1"},"canonical":"https:\/\/bbqassad.ee\/fi\/toode\/napoleon-rogue-rse625rsibpk-kaasugrilli-jossa-on-keraaminen-keittotaso-ja-tankopoltin-musta\/","og_locale":"fi_FI","og_type":"article","og_title":"Napoleon Rogue RSE625RSIBPK kaasugrilli (musta) - BBQ \u00c4ssad%","og_description":"Napoleon Rogue RSE625RSIBPK on korkealaatuisesta ruostumattomasta ter\u00e4ksest\u00e4 valmistettu suuri kaasugrilli, jossa on keraaminen paistolevy. Ihanteellinen grillaukseen ja ruoanlaittoon","og_url":"https:\/\/bbqassad.ee\/fi\/toode\/napoleon-rogue-rse625rsibpk-kaasugrilli-jossa-on-keraaminen-keittotaso-ja-tankopoltin-musta\/","og_site_name":"BBQ \u00c4ssad","article_publisher":"https:\/\/www.facebook.com\/bbqassad","article_modified_time":"2026-04-14T06:32:24+00:00","og_image":[{"url":"https:\/\/bbqassad.ee\/wp-content\/uploads\/2026\/02\/Napoleon-Rogue-RSE625RSIBPK-keraamilise-steigipliidi-ja-vardapoletiga-gaasigrill-must-2.jpg","type":"","width":"","height":""}],"twitter_card":"summary_large_image","twitter_title":"Napoleon Rogue RSE625RSIBPK kaasugrilli (musta) - BBQ \u00c4ssad%","twitter_description":"Napoleon Rogue RSE625RSIBPK on suuri kaasugrilli keraamisella ritil\u00e4ll\u00e4, joka on valmistettu korkealaatuisesta ruostumattomasta ter\u00e4ksest\u00e4. Ihanteellinen grillaukseen ja ruoanlaittoon","twitter_image":"https:\/\/bbqassad.ee\/wp-content\/uploads\/2026\/02\/Napoleon-Rogue-RSE625RSIBPK-keraamilise-steigipliidi-ja-vardapoletiga-gaasigrill-must-2.jpg","schema":{"@context":"https:\/\/schema.org","@graph":[{"@type":"WebPage","@id":"https:\/\/bbqassad.ee\/fi\/toode\/napoleon-rogue-rse625rsibpk-kaasugrilli-jossa-on-keraaminen-keittotaso-ja-tankopoltin-musta\/","url":"https:\/\/bbqassad.ee\/fi\/toode\/napoleon-rogue-rse625rsibpk-kaasugrilli-jossa-on-keraaminen-keittotaso-ja-tankopoltin-musta\/","name":"Napoleon Rogue RSE625RSIBPK kaasugrilli (musta) - BBQ \u00c4ssad%","isPartOf":{"@id":"https:\/\/bbqassad.ee\/fi\/#website"},"primaryImageOfPage":{"@id":"https:\/\/bbqassad.ee\/fi\/toode\/napoleon-rogue-rse625rsibpk-kaasugrilli-jossa-on-keraaminen-keittotaso-ja-tankopoltin-musta\/#primaryimage"},"image":{"@id":"https:\/\/bbqassad.ee\/fi\/toode\/napoleon-rogue-rse625rsibpk-kaasugrilli-jossa-on-keraaminen-keittotaso-ja-tankopoltin-musta\/#primaryimage"},"thumbnailUrl":"https:\/\/bbqassad.ee\/wp-content\/uploads\/2026\/02\/Napoleon-Rogue-RSE625RSIBPK-keraamilise-steigipliidi-ja-vardapoletiga-gaasigrill-must-2.jpg","datePublished":"2026-02-23T15:05:27+00:00","dateModified":"2026-04-14T06:32:24+00:00","description":"Napoleon Rogue RSE625RSIBPK on korkealaatuisesta ruostumattomasta ter\u00e4ksest\u00e4 valmistettu suuri kaasugrilli, jossa on keraaminen paistolevy. Ihanteellinen grillaukseen ja ruoanlaittoon","breadcrumb":{"@id":"https:\/\/bbqassad.ee\/fi\/toode\/napoleon-rogue-rse625rsibpk-kaasugrilli-jossa-on-keraaminen-keittotaso-ja-tankopoltin-musta\/#breadcrumb"},"inLanguage":"fi","potentialAction":[{"@type":"ReadAction","target":["https:\/\/bbqassad.ee\/fi\/toode\/napoleon-rogue-rse625rsibpk-kaasugrilli-jossa-on-keraaminen-keittotaso-ja-tankopoltin-musta\/"]}]},{"@type":"ImageObject","inLanguage":"fi","@id":"https:\/\/bbqassad.ee\/fi\/toode\/napoleon-rogue-rse625rsibpk-kaasugrilli-jossa-on-keraaminen-keittotaso-ja-tankopoltin-musta\/#primaryimage","url":"https:\/\/bbqassad.ee\/wp-content\/uploads\/2026\/02\/Napoleon-Rogue-RSE625RSIBPK-keraamilise-steigipliidi-ja-vardapoletiga-gaasigrill-must-2.jpg","contentUrl":"https:\/\/bbqassad.ee\/wp-content\/uploads\/2026\/02\/Napoleon-Rogue-RSE625RSIBPK-keraamilise-steigipliidi-ja-vardapoletiga-gaasigrill-must-2.jpg","width":1200,"height":1200},{"@type":"BreadcrumbList","@id":"https:\/\/bbqassad.ee\/fi\/toode\/napoleon-rogue-rse625rsibpk-kaasugrilli-jossa-on-keraaminen-keittotaso-ja-tankopoltin-musta\/#breadcrumb","itemListElement":[{"@type":"ListItem","position":1,"name":"Home","item":"https:\/\/bbqassad.ee\/fi\/bbq-assat\/"},{"@type":"ListItem","position":2,"name":"Verkkokauppa","item":"https:\/\/bbqassad.ee\/fi\/verkkokauppa\/"},{"@type":"ListItem","position":3,"name":"Napoleon Rogue RSE625RSIBPK kaasugrilli, jossa on keraaminen keittotaso ja tankopoltin (musta)"}]},{"@type":"WebSite","@id":"https:\/\/bbqassad.ee\/fi\/#website","url":"https:\/\/bbqassad.ee\/fi\/","name":"BBQ \u00c4ssad","description":"BBQ maitseained, kastmed, ahjud","publisher":{"@id":"https:\/\/bbqassad.ee\/fi\/#organization"},"potentialAction":[{"@type":"SearchAction","target":{"@type":"EntryPoint","urlTemplate":"https:\/\/bbqassad.ee\/fi\/?s={search_term_string}"},"query-input":{"@type":"PropertyValueSpecification","valueRequired":true,"valueName":"search_term_string"}}],"inLanguage":"fi"},{"@type":"Organization","@id":"https:\/\/bbqassad.ee\/fi\/#organization","name":"BBQ \u00c4ssad","url":"https:\/\/bbqassad.ee\/fi\/","logo":{"@type":"ImageObject","inLanguage":"fi","@id":"https:\/\/bbqassad.ee\/fi\/#\/schema\/logo\/image\/","url":"https:\/\/bbqassad.ee\/wp-content\/uploads\/2022\/10\/BBQ-2ssadlogo.png","contentUrl":"https:\/\/bbqassad.ee\/wp-content\/uploads\/2022\/10\/BBQ-2ssadlogo.png","width":1080,"height":1080,"caption":"BBQ \u00c4ssad"},"image":{"@id":"https:\/\/bbqassad.ee\/fi\/#\/schema\/logo\/image\/"},"sameAs":["https:\/\/www.facebook.com\/bbqassad","https:\/\/www.youtube.com\/channel\/UCsoufn49J6TVi9Ah9meE93w"]}]}},"_links":{"self":[{"href":"https:\/\/bbqassad.ee\/fi\/wp-json\/wp\/v2\/product\/21901","targetHints":{"allow":["GET"]}}],"collection":[{"href":"https:\/\/bbqassad.ee\/fi\/wp-json\/wp\/v2\/product"}],"about":[{"href":"https:\/\/bbqassad.ee\/fi\/wp-json\/wp\/v2\/types\/product"}],"replies":[{"embeddable":true,"href":"https:\/\/bbqassad.ee\/fi\/wp-json\/wp\/v2\/comments?post=21901"}],"wp:featuredmedia":[{"embeddable":true,"href":"https:\/\/bbqassad.ee\/fi\/wp-json\/wp\/v2\/media\/21902"}],"wp:attachment":[{"href":"https:\/\/bbqassad.ee\/fi\/wp-json\/wp\/v2\/media?parent=21901"}],"wp:term":[{"taxonomy":"product_brand","embeddable":true,"href":"https:\/\/bbqassad.ee\/fi\/wp-json\/wp\/v2\/product_brand?post=21901"},{"taxonomy":"product_cat","embeddable":true,"href":"https:\/\/bbqassad.ee\/fi\/wp-json\/wp\/v2\/product_cat?post=21901"},{"taxonomy":"product_tag","embeddable":true,"href":"https:\/\/bbqassad.ee\/fi\/wp-json\/wp\/v2\/product_tag?post=21901"}],"curies":[{"name":"wp","href":"https:\/\/api.w.org\/{rel}","templated":true}]}}