{"id":21890,"date":"2026-02-23T15:05:27","date_gmt":"2026-02-23T15:05:27","guid":{"rendered":"https:\/\/bbqassad.ee\/toode\/napoleon-700-sarjan-sisaanrakennettu-38%e2%80%b3-sisaanrakennettu-takapuolen-infrapunapoltin-integroitu-kaasugrilli\/"},"modified":"2026-04-14T06:32:23","modified_gmt":"2026-04-14T06:32:23","slug":"napoleon-700-sarjan-sisaanrakennettu-38%e2%80%b3-sisaanrakennettu-takapuolen-infrapunapoltin-integroitu-kaasugrilli","status":"publish","type":"product","link":"https:\/\/bbqassad.ee\/fi\/toode\/napoleon-700-sarjan-sisaanrakennettu-38%e2%80%b3-sisaanrakennettu-takapuolen-infrapunapoltin-integroitu-kaasugrilli\/","title":{"rendered":"Napoleon 700-sarjan sis\u00e4\u00e4nrakennettu 38\u2033 sis\u00e4\u00e4nrakennettu takapuolen infrapunapoltin integroitu kaasugrilli"},"content":{"rendered":"<p>Sis\u00e4\u00e4nrakennettu 700-sarjan 38-tuumainen, viisipolttiminen kaasugrilli, jossa on takimmainen infrapunapoltin, tarjoaa Napoleonilta odotetun laadukkaan grillauskokemuksen, kun se integroidaan ulkokeitti\u00f6\u00f6n. Ensiluokkainen ruostumattomasta ter\u00e4ksest\u00e4 valmistettu rakenne takaa tyylin, kest\u00e4vyyden ja vertaansa vailla olevan suorituskyvyn. Paksut 9 mm:n ruostumattomasta ter\u00e4ksest\u00e4 valmistetut keittotelineet ovat l\u00e4hes huoltovapaita ja niiss\u00e4 on ikoniset WAVE\u2122-paahdej\u00e4ljet. Tarkka ACCU-PROBE\u2122-l\u00e4mp\u00f6tilan\u00e4ytt\u00f6 takaa t\u00e4ydellisen yleiskuvan siit\u00e4, mit\u00e4 grillin sis\u00e4ll\u00e4 tapahtuu. Ainutlaatuinen, l\u00e4hes kulumaton JETFIRE\u2122-sytytysj\u00e4rjestelm\u00e4 sytytt\u00e4\u00e4 polttimet nopeasti liekkisuihkulla. SafetyGlow-v\u00e4rinvaihtos\u00e4\u00e4timet vaihtavat polttimet sinisest\u00e4 punaiseen, kun ne ovat k\u00e4yt\u00f6ss\u00e4. Sis\u00e4\u00e4nrakennettava 700-sarjan 38-tuumainen kaasugrilli on suunniteltu erityisesti helpottamaan asennusta pidemmill\u00e4 s\u00e4hk\u00f6johdoilla, jolloin muotoilua tai toiminnallisuutta ei rajoiteta. TEKNISET TIEDOT &#8211; Ruostumattomasta ter\u00e4ksest\u00e4 valmistettu 700-sarjan 38-tuumainen propaanikaasugrilli, jonka kapasiteetti on 78 000 BTU &#8211; 5 ruostumattomasta ter\u00e4ksest\u00e4 valmistettua p\u00e4\u00e4polttimoa, &#8211; 1 infrapunakiertopoltin takana ja 220 V:n kiertovarsi &#8211; Tilava keittoalue 90,17 cm x 45,72 cm &#8211; 9 mm paksut ruostumattomasta ter\u00e4ksest\u00e4 valmistetut keittotason ritil\u00e4t ovat l\u00e4hes huoltovapaita &#8211; ritil\u00f6iden ainutlaatuinen aaltokuvio takaa tasaisen kuumenemisen, est\u00e4\u00e4 ruoan kuplimisen l\u00e4pi ja luo poikkeuksellisia kypsennysraitoja. Sytytys tapahtuu 700.series 38 tuuman sis\u00e4\u00e4nrakennetussa kaasugrilliss\u00e4, jossa on paristoton sytytys. T\u00e4m\u00e4 vikasietoinen sytytysj\u00e4rjestelm\u00e4 sytytt\u00e4\u00e4 polttimet liekkipurkauksella nuppia k\u00e4\u00e4nt\u00e4m\u00e4ll\u00e4. Kaksikerroksiset ruostumattomasta ter\u00e4ksest\u00e4 valmistetut keittolevyt pid\u00e4tt\u00e4v\u00e4t ja h\u00f6yryst\u00e4v\u00e4t tippuvan rasvan, suojaavat ruostumattomasta ter\u00e4ksest\u00e4 valmistettuja putkikokoonpanoja vaurioilta ja pit\u00e4v\u00e4t grillin puhtaampana. Infrapunainen takapoltin on suunniteltu erityisesti py\u00f6riv\u00e4n tangon tehokkaampaa k\u00e4ytt\u00f6\u00e4 varten. Ergonomiset s\u00e4\u00e4t\u00f6nupit on taustavalaistu sinisell\u00e4, mik\u00e4 luo viihtyis\u00e4n tunnelman kes\u00e4iltoihin. Kun polttimet ovat k\u00e4yt\u00f6ss\u00e4, tietyn sytytetyn polttimen v\u00e4ri muuttuu punaiseksi. Sis\u00e4\u00e4nrakennettava 700-sarjan 38-tuumainen kaasugrilli on suunniteltu erityisesti ulkokeitti\u00f6\u00f6n integroitavaksi, ja grilliss\u00e4 on pidennetty johto suunnittelun helpottamiseksi. Tarkka l\u00e4mp\u00f6tilan s\u00e4\u00e4t\u00f6 kannessa olevalla ACCU-PROBE\u2122-l\u00e4mp\u00f6tilamittarilla takaa \u00e4\u00e4rimm\u00e4isen helpon paahtamisen, savustamisen, paahtamisen ja paistamisen.               <\/p>\n<p>TEKNISET TIEDOT<\/p>\n<p>TAKUU: Presidentin rajoitettu elinik\u00e4inen takuu* KYPSENNYSLAATIKKO: Propaani KAPASITEETTI: 78,000BTU KOKO: 90.17cm x 45.72cm | 39 hampurilaista T\u00c4YTT\u00d6TELINE: Tulee sarjan mukana KORKEUS: 61.20cm | 85.80cm avoimen kannen kanssa LEVEYS: 100.300cm KORKEUS :70.10cm PAKKAUSKORKEUS: 78cm PAKKAUKSEN LEVEYS: 90cm PAKKAUKSEN KORKEUS: 117cm PAKKAUKSEN PAINO: 93kg * Napoleonin elinik\u00e4inen rajoitettu takuu &#8211; Napoleon-tuotteet on suunniteltu k\u00e4ytt\u00e4en hienoimpia materiaaleja ja koottu ammattitaitoisten k\u00e4sity\u00f6l\u00e4isten toimesta, jotka ovat ylpeit\u00e4 ty\u00f6st\u00e4\u00e4n. Poltin ja venttiilij\u00e4rjestelm\u00e4 on vuototestattu ja koeponnistettu laatutestausasemalla. P\u00e4tev\u00e4 teknikko on tarkastanut t\u00e4m\u00e4n grillin perusteellisesti ennen pakkaamista ja l\u00e4hett\u00e4mist\u00e4, jotta asiakas saa Napoleonilta odotetun laatutuotteen. Napoleon (Wolf Steel Ltd, Barrie, ON, Kanada) takaa, ett\u00e4 uuden Napoleon-tuotteesi osat ovat vapaita materiaali- ja valmistusvirheist\u00e4 15 vuoden ajan ostop\u00e4iv\u00e4st\u00e4. Takuu kattaa: &#8211; Ruostumaton grillikansi &#8211; Elinik\u00e4 &#8211; Ruostumattomat polttimet: Elinik\u00e4 &#8211; Valualumiinirunko &#8211; Elinik\u00e4 &#8211; Ruostumattomasta ter\u00e4ksest\u00e4 valmistettu grilliritil\u00e4 &#8211; Elinik\u00e4 &#8211; Ruostumattomasta ter\u00e4ksest\u00e4 valmistetut l\u00e4mm\u00f6njakajat &#8211; 15 vuotta &#8211; Infrapunaiset takasein\u00e4korit &#8211; 15 vuotta &#8211; Kaikki muut osat &#8211; 15 vuotta.    <\/p>\n<p><iframe loading=\"lazy\" title=\"Napoleon Built-In 700 Series Gas Grills\" width=\"1020\" height=\"574\" src=\"https:\/\/www.youtube.com\/embed\/gIG_w4_Bu1I?feature=oembed\" frameborder=\"0\" allow=\"accelerometer; autoplay; clipboard-write; encrypted-media; gyroscope; picture-in-picture; web-share\" referrerpolicy=\"strict-origin-when-cross-origin\" allowfullscreen><\/iframe><\/p>\n","protected":false},"excerpt":{"rendered":"<h3><strong>Napoleon 700-sarjan sis\u00e4\u00e4nrakennettu 38\u2033 sis\u00e4\u00e4nrakennettu takapuolen infrapunapoltin integroitu kaasugrilli<\/strong><\/h3>\n<p>Napoleonin sis\u00e4\u00e4nrakennettu 700-sarjan 38-tuumainen, viisipolttiminen kaasugrilli, jossa on takimmainen infrapunapoltin, tekee mist\u00e4 tahansa keitti\u00f6saarekkeesta ainutlaatuisen mestariteoksen. Laadukkaat materiaalit takaavat grillin helppok\u00e4ytt\u00f6isyyden ja pitk\u00e4ik\u00e4isyyden. <\/p>\n","protected":false},"featured_media":21891,"comment_status":"closed","ping_status":"closed","template":"","meta":[],"product_brand":[768],"product_cat":[786,781],"product_tag":[],"class_list":{"0":"post-21890","1":"product","2":"type-product","3":"status-publish","4":"has-post-thumbnail","6":"product_brand-napoleon","7":"product_cat-napoleonin-kaasugrillit","8":"product_cat-uunit","9":"product_shipping_class-ilmainen-toimitus","11":"first","12":"instock","13":"taxable","14":"shipping-taxable","15":"purchasable","16":"product-type-simple"},"yoast_head":"<!-- This site is optimized with the Yoast SEO plugin v27.4 - https:\/\/yoast.com\/product\/yoast-seo-wordpress\/ -->\n<title>Napoleon 700 series 38&quot; kaasugrilli - BBQ \u00c4ssad%<\/title>\n<meta name=\"description\" content=\"Napoleon 700-sarjan 38-tuumainen sis\u00e4\u00e4nrakennettu kaasugrilli, jossa on viisi poltinta ja takana infrapunapoltin. Laadukkaat materiaalit takaavat pitk\u00e4n k\u00e4ytt\u00f6i\u00e4n ja mukavuuden.\" \/>\n<meta name=\"robots\" content=\"index, follow, max-snippet:-1, max-image-preview:large, max-video-preview:-1\" \/>\n<link rel=\"canonical\" href=\"https:\/\/bbqassad.ee\/fi\/toode\/napoleon-700-sarjan-sisaanrakennettu-38%e2%80%b3-sisaanrakennettu-takapuolen-infrapunapoltin-integroitu-kaasugrilli\/\" \/>\n<meta property=\"og:locale\" content=\"fi_FI\" \/>\n<meta property=\"og:type\" content=\"article\" \/>\n<meta property=\"og:title\" content=\"Napoleon 700 series 38&quot; kaasugrilli - BBQ \u00c4ssad%\" \/>\n<meta property=\"og:description\" content=\"Napoleon 700-sarjan 38-tuumainen sis\u00e4\u00e4nrakennettu kaasugrilli, jossa on viisi poltinta ja takana infrapunapoltin. Laadukkaat materiaalit takaavat pitk\u00e4n k\u00e4ytt\u00f6i\u00e4n ja mukavuuden.\" \/>\n<meta property=\"og:url\" content=\"https:\/\/bbqassad.ee\/fi\/toode\/napoleon-700-sarjan-sisaanrakennettu-38%e2%80%b3-sisaanrakennettu-takapuolen-infrapunapoltin-integroitu-kaasugrilli\/\" \/>\n<meta property=\"og:site_name\" content=\"BBQ \u00c4ssad\" \/>\n<meta property=\"article:publisher\" content=\"https:\/\/www.facebook.com\/bbqassad\" \/>\n<meta property=\"article:modified_time\" content=\"2026-04-14T06:32:23+00:00\" \/>\n<meta property=\"og:image\" content=\"https:\/\/bbqassad.ee\/wp-content\/uploads\/2026\/02\/BBQ-Entertainment-Napoleon-Built-in-700-Series-38\u2033tagumise-infrapunapoletiga-integreeritav-gaasigrill.-7.jpg\" \/>\n<meta name=\"twitter:card\" content=\"summary_large_image\" \/>\n<meta name=\"twitter:title\" content=\"Napoleon 700 series 38&quot; kaasugrilli - BBQ \u00c4ssad%\" \/>\n<meta name=\"twitter:description\" content=\"Napoleon 700-sarjan 38-tuumainen sis\u00e4\u00e4nrakennettu kaasugrilli, jossa on viisi poltinta ja takana infrapunapoltin. Laadukkaat materiaalit takaavat pitk\u00e4n k\u00e4ytt\u00f6i\u00e4n ja mukavuuden.\" \/>\n<meta name=\"twitter:image\" content=\"https:\/\/bbqassad.ee\/wp-content\/uploads\/2026\/02\/BBQ-Entertainment-Napoleon-Built-in-700-Series-38\u2033tagumise-infrapunapoletiga-integreeritav-gaasigrill.-7.jpg\" \/>\n<meta name=\"twitter:label1\" content=\"Arvioitu lukuaika\" \/>\n\t<meta name=\"twitter:data1\" content=\"2 minuuttia\" \/>\n<script type=\"application\/ld+json\" class=\"yoast-schema-graph\">{\"@context\":\"https:\\\/\\\/schema.org\",\"@graph\":[{\"@type\":\"WebPage\",\"@id\":\"https:\\\/\\\/bbqassad.ee\\\/fi\\\/toode\\\/napoleon-700-sarjan-sisaanrakennettu-38%e2%80%b3-sisaanrakennettu-takapuolen-infrapunapoltin-integroitu-kaasugrilli\\\/\",\"url\":\"https:\\\/\\\/bbqassad.ee\\\/fi\\\/toode\\\/napoleon-700-sarjan-sisaanrakennettu-38%e2%80%b3-sisaanrakennettu-takapuolen-infrapunapoltin-integroitu-kaasugrilli\\\/\",\"name\":\"Napoleon 700 series 38\\\" kaasugrilli - BBQ \u00c4ssad%\",\"isPartOf\":{\"@id\":\"https:\\\/\\\/bbqassad.ee\\\/fi\\\/#website\"},\"primaryImageOfPage\":{\"@id\":\"https:\\\/\\\/bbqassad.ee\\\/fi\\\/toode\\\/napoleon-700-sarjan-sisaanrakennettu-38%e2%80%b3-sisaanrakennettu-takapuolen-infrapunapoltin-integroitu-kaasugrilli\\\/#primaryimage\"},\"image\":{\"@id\":\"https:\\\/\\\/bbqassad.ee\\\/fi\\\/toode\\\/napoleon-700-sarjan-sisaanrakennettu-38%e2%80%b3-sisaanrakennettu-takapuolen-infrapunapoltin-integroitu-kaasugrilli\\\/#primaryimage\"},\"thumbnailUrl\":\"https:\\\/\\\/bbqassad.ee\\\/wp-content\\\/uploads\\\/2026\\\/02\\\/BBQ-Entertainment-Napoleon-Built-in-700-Series-38\u2033tagumise-infrapunapoletiga-integreeritav-gaasigrill.-7.jpg\",\"datePublished\":\"2026-02-23T15:05:27+00:00\",\"dateModified\":\"2026-04-14T06:32:23+00:00\",\"description\":\"Napoleon 700-sarjan 38-tuumainen sis\u00e4\u00e4nrakennettu kaasugrilli, jossa on viisi poltinta ja takana infrapunapoltin. Laadukkaat materiaalit takaavat pitk\u00e4n k\u00e4ytt\u00f6i\u00e4n ja mukavuuden.\",\"breadcrumb\":{\"@id\":\"https:\\\/\\\/bbqassad.ee\\\/fi\\\/toode\\\/napoleon-700-sarjan-sisaanrakennettu-38%e2%80%b3-sisaanrakennettu-takapuolen-infrapunapoltin-integroitu-kaasugrilli\\\/#breadcrumb\"},\"inLanguage\":\"fi\",\"potentialAction\":[{\"@type\":\"ReadAction\",\"target\":[\"https:\\\/\\\/bbqassad.ee\\\/fi\\\/toode\\\/napoleon-700-sarjan-sisaanrakennettu-38%e2%80%b3-sisaanrakennettu-takapuolen-infrapunapoltin-integroitu-kaasugrilli\\\/\"]}]},{\"@type\":\"ImageObject\",\"inLanguage\":\"fi\",\"@id\":\"https:\\\/\\\/bbqassad.ee\\\/fi\\\/toode\\\/napoleon-700-sarjan-sisaanrakennettu-38%e2%80%b3-sisaanrakennettu-takapuolen-infrapunapoltin-integroitu-kaasugrilli\\\/#primaryimage\",\"url\":\"https:\\\/\\\/bbqassad.ee\\\/wp-content\\\/uploads\\\/2026\\\/02\\\/BBQ-Entertainment-Napoleon-Built-in-700-Series-38\u2033tagumise-infrapunapoletiga-integreeritav-gaasigrill.-7.jpg\",\"contentUrl\":\"https:\\\/\\\/bbqassad.ee\\\/wp-content\\\/uploads\\\/2026\\\/02\\\/BBQ-Entertainment-Napoleon-Built-in-700-Series-38\u2033tagumise-infrapunapoletiga-integreeritav-gaasigrill.-7.jpg\",\"width\":1246,\"height\":1246},{\"@type\":\"BreadcrumbList\",\"@id\":\"https:\\\/\\\/bbqassad.ee\\\/fi\\\/toode\\\/napoleon-700-sarjan-sisaanrakennettu-38%e2%80%b3-sisaanrakennettu-takapuolen-infrapunapoltin-integroitu-kaasugrilli\\\/#breadcrumb\",\"itemListElement\":[{\"@type\":\"ListItem\",\"position\":1,\"name\":\"Home\",\"item\":\"https:\\\/\\\/bbqassad.ee\\\/fi\\\/bbq-assat\\\/\"},{\"@type\":\"ListItem\",\"position\":2,\"name\":\"Verkkokauppa\",\"item\":\"https:\\\/\\\/bbqassad.ee\\\/fi\\\/verkkokauppa\\\/\"},{\"@type\":\"ListItem\",\"position\":3,\"name\":\"Napoleon 700-sarjan sis\u00e4\u00e4nrakennettu 38\u2033 sis\u00e4\u00e4nrakennettu takapuolen infrapunapoltin integroitu kaasugrilli\"}]},{\"@type\":\"WebSite\",\"@id\":\"https:\\\/\\\/bbqassad.ee\\\/fi\\\/#website\",\"url\":\"https:\\\/\\\/bbqassad.ee\\\/fi\\\/\",\"name\":\"BBQ \u00c4ssad\",\"description\":\"BBQ maitseained, kastmed, ahjud\",\"publisher\":{\"@id\":\"https:\\\/\\\/bbqassad.ee\\\/fi\\\/#organization\"},\"potentialAction\":[{\"@type\":\"SearchAction\",\"target\":{\"@type\":\"EntryPoint\",\"urlTemplate\":\"https:\\\/\\\/bbqassad.ee\\\/fi\\\/?s={search_term_string}\"},\"query-input\":{\"@type\":\"PropertyValueSpecification\",\"valueRequired\":true,\"valueName\":\"search_term_string\"}}],\"inLanguage\":\"fi\"},{\"@type\":\"Organization\",\"@id\":\"https:\\\/\\\/bbqassad.ee\\\/fi\\\/#organization\",\"name\":\"BBQ \u00c4ssad\",\"url\":\"https:\\\/\\\/bbqassad.ee\\\/fi\\\/\",\"logo\":{\"@type\":\"ImageObject\",\"inLanguage\":\"fi\",\"@id\":\"https:\\\/\\\/bbqassad.ee\\\/fi\\\/#\\\/schema\\\/logo\\\/image\\\/\",\"url\":\"https:\\\/\\\/bbqassad.ee\\\/wp-content\\\/uploads\\\/2022\\\/10\\\/BBQ-2ssadlogo.png\",\"contentUrl\":\"https:\\\/\\\/bbqassad.ee\\\/wp-content\\\/uploads\\\/2022\\\/10\\\/BBQ-2ssadlogo.png\",\"width\":1080,\"height\":1080,\"caption\":\"BBQ \u00c4ssad\"},\"image\":{\"@id\":\"https:\\\/\\\/bbqassad.ee\\\/fi\\\/#\\\/schema\\\/logo\\\/image\\\/\"},\"sameAs\":[\"https:\\\/\\\/www.facebook.com\\\/bbqassad\",\"https:\\\/\\\/www.youtube.com\\\/channel\\\/UCsoufn49J6TVi9Ah9meE93w\"]}]}<\/script>\n<!-- \/ Yoast SEO plugin. -->","yoast_head_json":{"title":"Napoleon 700 series 38\" kaasugrilli - BBQ \u00c4ssad%","description":"Napoleon 700-sarjan 38-tuumainen sis\u00e4\u00e4nrakennettu kaasugrilli, jossa on viisi poltinta ja takana infrapunapoltin. Laadukkaat materiaalit takaavat pitk\u00e4n k\u00e4ytt\u00f6i\u00e4n ja mukavuuden.","robots":{"index":"index","follow":"follow","max-snippet":"max-snippet:-1","max-image-preview":"max-image-preview:large","max-video-preview":"max-video-preview:-1"},"canonical":"https:\/\/bbqassad.ee\/fi\/toode\/napoleon-700-sarjan-sisaanrakennettu-38%e2%80%b3-sisaanrakennettu-takapuolen-infrapunapoltin-integroitu-kaasugrilli\/","og_locale":"fi_FI","og_type":"article","og_title":"Napoleon 700 series 38\" kaasugrilli - BBQ \u00c4ssad%","og_description":"Napoleon 700-sarjan 38-tuumainen sis\u00e4\u00e4nrakennettu kaasugrilli, jossa on viisi poltinta ja takana infrapunapoltin. Laadukkaat materiaalit takaavat pitk\u00e4n k\u00e4ytt\u00f6i\u00e4n ja mukavuuden.","og_url":"https:\/\/bbqassad.ee\/fi\/toode\/napoleon-700-sarjan-sisaanrakennettu-38%e2%80%b3-sisaanrakennettu-takapuolen-infrapunapoltin-integroitu-kaasugrilli\/","og_site_name":"BBQ \u00c4ssad","article_publisher":"https:\/\/www.facebook.com\/bbqassad","article_modified_time":"2026-04-14T06:32:23+00:00","og_image":[{"url":"https:\/\/bbqassad.ee\/wp-content\/uploads\/2026\/02\/BBQ-Entertainment-Napoleon-Built-in-700-Series-38\u2033tagumise-infrapunapoletiga-integreeritav-gaasigrill.-7.jpg","type":"","width":"","height":""}],"twitter_card":"summary_large_image","twitter_title":"Napoleon 700 series 38\" kaasugrilli - BBQ \u00c4ssad%","twitter_description":"Napoleon 700-sarjan 38-tuumainen sis\u00e4\u00e4nrakennettu kaasugrilli, jossa on viisi poltinta ja takana infrapunapoltin. Laadukkaat materiaalit takaavat pitk\u00e4n k\u00e4ytt\u00f6i\u00e4n ja mukavuuden.","twitter_image":"https:\/\/bbqassad.ee\/wp-content\/uploads\/2026\/02\/BBQ-Entertainment-Napoleon-Built-in-700-Series-38\u2033tagumise-infrapunapoletiga-integreeritav-gaasigrill.-7.jpg","twitter_misc":{"Arvioitu lukuaika":"2 minuuttia"},"schema":{"@context":"https:\/\/schema.org","@graph":[{"@type":"WebPage","@id":"https:\/\/bbqassad.ee\/fi\/toode\/napoleon-700-sarjan-sisaanrakennettu-38%e2%80%b3-sisaanrakennettu-takapuolen-infrapunapoltin-integroitu-kaasugrilli\/","url":"https:\/\/bbqassad.ee\/fi\/toode\/napoleon-700-sarjan-sisaanrakennettu-38%e2%80%b3-sisaanrakennettu-takapuolen-infrapunapoltin-integroitu-kaasugrilli\/","name":"Napoleon 700 series 38\" kaasugrilli - BBQ \u00c4ssad%","isPartOf":{"@id":"https:\/\/bbqassad.ee\/fi\/#website"},"primaryImageOfPage":{"@id":"https:\/\/bbqassad.ee\/fi\/toode\/napoleon-700-sarjan-sisaanrakennettu-38%e2%80%b3-sisaanrakennettu-takapuolen-infrapunapoltin-integroitu-kaasugrilli\/#primaryimage"},"image":{"@id":"https:\/\/bbqassad.ee\/fi\/toode\/napoleon-700-sarjan-sisaanrakennettu-38%e2%80%b3-sisaanrakennettu-takapuolen-infrapunapoltin-integroitu-kaasugrilli\/#primaryimage"},"thumbnailUrl":"https:\/\/bbqassad.ee\/wp-content\/uploads\/2026\/02\/BBQ-Entertainment-Napoleon-Built-in-700-Series-38\u2033tagumise-infrapunapoletiga-integreeritav-gaasigrill.-7.jpg","datePublished":"2026-02-23T15:05:27+00:00","dateModified":"2026-04-14T06:32:23+00:00","description":"Napoleon 700-sarjan 38-tuumainen sis\u00e4\u00e4nrakennettu kaasugrilli, jossa on viisi poltinta ja takana infrapunapoltin. Laadukkaat materiaalit takaavat pitk\u00e4n k\u00e4ytt\u00f6i\u00e4n ja mukavuuden.","breadcrumb":{"@id":"https:\/\/bbqassad.ee\/fi\/toode\/napoleon-700-sarjan-sisaanrakennettu-38%e2%80%b3-sisaanrakennettu-takapuolen-infrapunapoltin-integroitu-kaasugrilli\/#breadcrumb"},"inLanguage":"fi","potentialAction":[{"@type":"ReadAction","target":["https:\/\/bbqassad.ee\/fi\/toode\/napoleon-700-sarjan-sisaanrakennettu-38%e2%80%b3-sisaanrakennettu-takapuolen-infrapunapoltin-integroitu-kaasugrilli\/"]}]},{"@type":"ImageObject","inLanguage":"fi","@id":"https:\/\/bbqassad.ee\/fi\/toode\/napoleon-700-sarjan-sisaanrakennettu-38%e2%80%b3-sisaanrakennettu-takapuolen-infrapunapoltin-integroitu-kaasugrilli\/#primaryimage","url":"https:\/\/bbqassad.ee\/wp-content\/uploads\/2026\/02\/BBQ-Entertainment-Napoleon-Built-in-700-Series-38\u2033tagumise-infrapunapoletiga-integreeritav-gaasigrill.-7.jpg","contentUrl":"https:\/\/bbqassad.ee\/wp-content\/uploads\/2026\/02\/BBQ-Entertainment-Napoleon-Built-in-700-Series-38\u2033tagumise-infrapunapoletiga-integreeritav-gaasigrill.-7.jpg","width":1246,"height":1246},{"@type":"BreadcrumbList","@id":"https:\/\/bbqassad.ee\/fi\/toode\/napoleon-700-sarjan-sisaanrakennettu-38%e2%80%b3-sisaanrakennettu-takapuolen-infrapunapoltin-integroitu-kaasugrilli\/#breadcrumb","itemListElement":[{"@type":"ListItem","position":1,"name":"Home","item":"https:\/\/bbqassad.ee\/fi\/bbq-assat\/"},{"@type":"ListItem","position":2,"name":"Verkkokauppa","item":"https:\/\/bbqassad.ee\/fi\/verkkokauppa\/"},{"@type":"ListItem","position":3,"name":"Napoleon 700-sarjan sis\u00e4\u00e4nrakennettu 38\u2033 sis\u00e4\u00e4nrakennettu takapuolen infrapunapoltin integroitu kaasugrilli"}]},{"@type":"WebSite","@id":"https:\/\/bbqassad.ee\/fi\/#website","url":"https:\/\/bbqassad.ee\/fi\/","name":"BBQ \u00c4ssad","description":"BBQ maitseained, kastmed, ahjud","publisher":{"@id":"https:\/\/bbqassad.ee\/fi\/#organization"},"potentialAction":[{"@type":"SearchAction","target":{"@type":"EntryPoint","urlTemplate":"https:\/\/bbqassad.ee\/fi\/?s={search_term_string}"},"query-input":{"@type":"PropertyValueSpecification","valueRequired":true,"valueName":"search_term_string"}}],"inLanguage":"fi"},{"@type":"Organization","@id":"https:\/\/bbqassad.ee\/fi\/#organization","name":"BBQ \u00c4ssad","url":"https:\/\/bbqassad.ee\/fi\/","logo":{"@type":"ImageObject","inLanguage":"fi","@id":"https:\/\/bbqassad.ee\/fi\/#\/schema\/logo\/image\/","url":"https:\/\/bbqassad.ee\/wp-content\/uploads\/2022\/10\/BBQ-2ssadlogo.png","contentUrl":"https:\/\/bbqassad.ee\/wp-content\/uploads\/2022\/10\/BBQ-2ssadlogo.png","width":1080,"height":1080,"caption":"BBQ \u00c4ssad"},"image":{"@id":"https:\/\/bbqassad.ee\/fi\/#\/schema\/logo\/image\/"},"sameAs":["https:\/\/www.facebook.com\/bbqassad","https:\/\/www.youtube.com\/channel\/UCsoufn49J6TVi9Ah9meE93w"]}]}},"_links":{"self":[{"href":"https:\/\/bbqassad.ee\/fi\/wp-json\/wp\/v2\/product\/21890","targetHints":{"allow":["GET"]}}],"collection":[{"href":"https:\/\/bbqassad.ee\/fi\/wp-json\/wp\/v2\/product"}],"about":[{"href":"https:\/\/bbqassad.ee\/fi\/wp-json\/wp\/v2\/types\/product"}],"replies":[{"embeddable":true,"href":"https:\/\/bbqassad.ee\/fi\/wp-json\/wp\/v2\/comments?post=21890"}],"wp:featuredmedia":[{"embeddable":true,"href":"https:\/\/bbqassad.ee\/fi\/wp-json\/wp\/v2\/media\/21891"}],"wp:attachment":[{"href":"https:\/\/bbqassad.ee\/fi\/wp-json\/wp\/v2\/media?parent=21890"}],"wp:term":[{"taxonomy":"product_brand","embeddable":true,"href":"https:\/\/bbqassad.ee\/fi\/wp-json\/wp\/v2\/product_brand?post=21890"},{"taxonomy":"product_cat","embeddable":true,"href":"https:\/\/bbqassad.ee\/fi\/wp-json\/wp\/v2\/product_cat?post=21890"},{"taxonomy":"product_tag","embeddable":true,"href":"https:\/\/bbqassad.ee\/fi\/wp-json\/wp\/v2\/product_tag?post=21890"}],"curies":[{"name":"wp","href":"https:\/\/api.w.org\/{rel}","templated":true}]}}