{"id":21878,"date":"2026-02-23T15:05:27","date_gmt":"2026-02-23T15:05:27","guid":{"rendered":"https:\/\/bbqassad.ee\/toode\/napoleon-700-sarjan-sisaanrakennettu-32%e2%80%b3-sisaanrakennettu-takapintainen-infrapunapoltin-kaasugrilli-jossa-on-integroitu-kaasugrilli\/"},"modified":"2026-04-14T06:32:23","modified_gmt":"2026-04-14T06:32:23","slug":"napoleon-700-sarjan-sisaanrakennettu-32%e2%80%b3-sisaanrakennettu-takapintainen-infrapunapoltin-kaasugrilli-jossa-on-integroitu-kaasugrilli","status":"publish","type":"product","link":"https:\/\/bbqassad.ee\/fi\/toode\/napoleon-700-sarjan-sisaanrakennettu-32%e2%80%b3-sisaanrakennettu-takapintainen-infrapunapoltin-kaasugrilli-jossa-on-integroitu-kaasugrilli\/","title":{"rendered":"Napoleon 700-sarjan sis\u00e4\u00e4nrakennettu 32\u2033 sis\u00e4\u00e4nrakennettu takapintainen infrapunapoltin kaasugrilli, jossa on integroitu kaasugrilli"},"content":{"rendered":"<p>&nbsp;<\/p>\n<p><iframe loading=\"lazy\" title=\"Napoleon Built-In 700 Series Gas Grills\" width=\"1020\" height=\"574\" src=\"https:\/\/www.youtube.com\/embed\/gIG_w4_Bu1I?feature=oembed\" frameborder=\"0\" allow=\"accelerometer; autoplay; clipboard-write; encrypted-media; gyroscope; picture-in-picture; web-share\" referrerpolicy=\"strict-origin-when-cross-origin\" allowfullscreen><\/iframe><\/p>\n","protected":false},"excerpt":{"rendered":"<h3><strong>Napoleon 700-sarjan sis\u00e4\u00e4nrakennettu 32\u2033 sis\u00e4\u00e4nrakennettu takapintainen infrapunapoltin kaasugrilli, jossa on integroitu kaasugrilli<\/strong><\/h3>\n<p class=\"\" data-start=\"94\" data-end=\"444\">Napoleon BIG32 on sis\u00e4\u00e4nrakennettava kaasugrilli, jossa on nelj\u00e4 p\u00e4\u00e4l\u00e4mmityselementti\u00e4, jotka on valmistettu korkealaatuisesta ruostumattomasta ter\u00e4ksest\u00e4. Mallissa on my\u00f6s infrapuna-taustapoltin ja suuri, ruostumattomasta ter\u00e4ksest\u00e4 valmistettu WAVE\u2122-ruoanlaittopinta, joka tarjoaa suuren paistopinnan ja tasaisen l\u00e4mm\u00f6n. <\/p>\n<p class=\"\" data-start=\"446\" data-end=\"663\">JETFIRE\u2122-sytytysj\u00e4rjestelm\u00e4 sytytt\u00e4\u00e4 polttimet v\u00e4litt\u00f6m\u00e4sti. Kaksivaiheiset ruostumattomat l\u00e4mp\u00f6hajottimet jakavat l\u00e4mm\u00f6n tasaisesti ja suojaavat poltinta ruoasta tippuvalta rasvalta. Kuumille levittimille joutuva rasva haihtuu, jolloin ruoka saa enemm\u00e4n makua ja pysyy mehev\u00e4n\u00e4.  <\/p>\n<p class=\"\" data-start=\"665\" data-end=\"873\">Grillikupu on kaksoiseristetty, mik\u00e4 v\u00e4hent\u00e4\u00e4 l\u00e4mp\u00f6h\u00e4vi\u00f6it\u00e4 ja mahdollistaa ruoanvalmistuksen talviolosuhteissa. ACCU-PROBE\u2122-l\u00e4mp\u00f6mittari n\u00e4ytt\u00e4\u00e4 l\u00e4mp\u00f6tilan tarkasti sek\u00e4 Celsius- ett\u00e4 Fahrenheit-asteikolla. <\/p>\n<p class=\"\" data-start=\"875\" data-end=\"1198\"><strong data-start=\"875\" data-end=\"889\">K\u00e4ytt\u00f6ohjeet<\/strong><br data-start=\"889\" data-end=\"892\">Ergonomiset s\u00e4\u00e4timet on varustettu SAFETY GLOW\u2122 -taustavalolla &#8211; punainen, kun poltin on p\u00e4\u00e4ll\u00e4, ja sininen, kun poltin on pois p\u00e4\u00e4lt\u00e4. Ylin l\u00e4mmitysteline soveltuu hitaampaan kypsennykseen tai ruoan l\u00e4mpim\u00e4n\u00e4 pit\u00e4miseen. Infrapunapoltin soveltuu kypsennykseen tangon kanssa &#8211; rotaatiomoottori ja tanko sis\u00e4ltyv\u00e4t toimitukseen.  <\/p>\n<p data-start=\"1341\" data-end=\"1510\">Grillin alla on ulosvedett\u00e4v\u00e4 rasvalokero ja edess\u00e4 on erillinen s\u00e4ilytyslokero rotaatiosarjaa varten. Mukana toimitetaan my\u00f6s kaasuletku ja matalapaineens\u00e4\u00e4din. <\/p>\n<p class=\"\" data-start=\"1341\" data-end=\"1510\">Valurautainen hiililaatikko on saatavana lis\u00e4varusteena, jolla grilli voidaan muuttaa hiiligrilliksi. Puuhiiligrilliss\u00e4 on my\u00f6s savukammio, joka tuo ruokaan savun makua. <\/p>\n<p class=\"\" data-start=\"1512\" data-end=\"1535\"><strong data-start=\"1512\" data-end=\"1533\">Tekniset tiedot<\/strong><\/p>\n<ul data-start=\"1536\" data-end=\"1800\">\n<li class=\"\" data-start=\"1536\" data-end=\"1563\">\n<p class=\"\" data-start=\"1538\" data-end=\"1563\">grillauspinta-ala: 74 \u00d7 45 cm<\/p>\n<\/li>\n<li class=\"\" data-start=\"1564\" data-end=\"1588\">\n<p class=\"\" data-start=\"1566\" data-end=\"1588\">kokonaisteho: 19,3 kW<\/p>\n<\/li>\n<li class=\"\" data-start=\"1589\" data-end=\"1640\">\n<p class=\"\" data-start=\"1591\" data-end=\"1640\">kiukaat: 4 perusl\u00e4mmitint\u00e4 + 1 infrapunapoltin<\/p>\n<\/li>\n<\/ul>\n<p class=\"\" data-start=\"1894\" data-end=\"1910\"><strong data-start=\"1894\" data-end=\"1908\">Toimittaa<\/strong><\/p>\n<ul data-start=\"1911\" data-end=\"1983\">\n<li class=\"\" data-start=\"1911\" data-end=\"1949\">\n<p class=\"\" data-start=\"1913\" data-end=\"1949\">py\u00f6riv\u00e4n grillin moottori ja keittotanko<\/p>\n<\/li>\n<li class=\"\" data-start=\"1950\" data-end=\"1983\">\n<p class=\"\" data-start=\"1952\" data-end=\"1983\">kaasuletku ja paineens\u00e4\u00e4din<\/p>\n<\/li>\n<\/ul>\n<p>Grillill\u00e4 on Napoleonin\u00ae 20 vuoden rajoitettu takuu.<\/p>\n","protected":false},"featured_media":21879,"comment_status":"closed","ping_status":"closed","template":"","meta":[],"product_brand":[768],"product_cat":[786,781],"product_tag":[],"class_list":{"0":"post-21878","1":"product","2":"type-product","3":"status-publish","4":"has-post-thumbnail","6":"product_brand-napoleon","7":"product_cat-napoleonin-kaasugrillit","8":"product_cat-uunit","9":"product_shipping_class-ilmainen-toimitus","11":"first","12":"instock","13":"taxable","14":"shipping-taxable","15":"purchasable","16":"product-type-simple"},"yoast_head":"<!-- This site is optimized with the Yoast SEO plugin v27.4 - https:\/\/yoast.com\/product\/yoast-seo-wordpress\/ -->\n<title>Napoleon 700 series 32&quot; kaasugrilli - BBQ \u00c4ssad%<\/title>\n<meta name=\"description\" content=\"Napoleon 700-sarjan sis\u00e4\u00e4nrakennettu kaasugrilli on valmistettu ruostumattomasta ter\u00e4ksest\u00e4. Siin\u00e4 on infrapunapoltin ja suuri grillauspinta, joka takaa tasaisen l\u00e4mm\u00f6n.\" \/>\n<meta name=\"robots\" content=\"index, follow, max-snippet:-1, max-image-preview:large, max-video-preview:-1\" \/>\n<link rel=\"canonical\" href=\"https:\/\/bbqassad.ee\/fi\/toode\/napoleon-700-sarjan-sisaanrakennettu-32%e2%80%b3-sisaanrakennettu-takapintainen-infrapunapoltin-kaasugrilli-jossa-on-integroitu-kaasugrilli\/\" \/>\n<meta property=\"og:locale\" content=\"fi_FI\" \/>\n<meta property=\"og:type\" content=\"article\" \/>\n<meta property=\"og:title\" content=\"Napoleon 700 series 32&quot; kaasugrilli - BBQ \u00c4ssad%\" \/>\n<meta property=\"og:description\" content=\"Napoleon 700-sarjan sis\u00e4\u00e4nrakennettu kaasugrilli on valmistettu ruostumattomasta ter\u00e4ksest\u00e4. Siin\u00e4 on infrapunapoltin ja suuri grillauspinta, joka takaa tasaisen l\u00e4mm\u00f6n.\" \/>\n<meta property=\"og:url\" content=\"https:\/\/bbqassad.ee\/fi\/toode\/napoleon-700-sarjan-sisaanrakennettu-32%e2%80%b3-sisaanrakennettu-takapintainen-infrapunapoltin-kaasugrilli-jossa-on-integroitu-kaasugrilli\/\" \/>\n<meta property=\"og:site_name\" content=\"BBQ \u00c4ssad\" \/>\n<meta property=\"article:publisher\" content=\"https:\/\/www.facebook.com\/bbqassad\" \/>\n<meta property=\"article:modified_time\" content=\"2026-04-14T06:32:23+00:00\" \/>\n<meta property=\"og:image\" content=\"https:\/\/bbqassad.ee\/wp-content\/uploads\/2026\/02\/BBQ-Entertainment-Napoleon-Built-in-700-Series-32\u2033-tagumise-infrapunapoletiga-integreeritav-gaasigrill.-1.jpg\" \/>\n<meta name=\"twitter:card\" content=\"summary_large_image\" \/>\n<meta name=\"twitter:title\" content=\"Napoleon 700 series 32&quot; kaasugrilli - BBQ \u00c4ssad%\" \/>\n<meta name=\"twitter:description\" content=\"Napoleon 700-sarjan sis\u00e4\u00e4nrakennettu kaasugrilli on valmistettu ruostumattomasta ter\u00e4ksest\u00e4. Siin\u00e4 on infrapunapoltin ja suuri grillauspinta, joka takaa tasaisen l\u00e4mm\u00f6n.\" \/>\n<meta name=\"twitter:image\" content=\"https:\/\/bbqassad.ee\/wp-content\/uploads\/2026\/02\/BBQ-Entertainment-Napoleon-Built-in-700-Series-32\u2033-tagumise-infrapunapoletiga-integreeritav-gaasigrill.-1.jpg\" \/>\n<script type=\"application\/ld+json\" class=\"yoast-schema-graph\">{\"@context\":\"https:\\\/\\\/schema.org\",\"@graph\":[{\"@type\":\"WebPage\",\"@id\":\"https:\\\/\\\/bbqassad.ee\\\/fi\\\/toode\\\/napoleon-700-sarjan-sisaanrakennettu-32%e2%80%b3-sisaanrakennettu-takapintainen-infrapunapoltin-kaasugrilli-jossa-on-integroitu-kaasugrilli\\\/\",\"url\":\"https:\\\/\\\/bbqassad.ee\\\/fi\\\/toode\\\/napoleon-700-sarjan-sisaanrakennettu-32%e2%80%b3-sisaanrakennettu-takapintainen-infrapunapoltin-kaasugrilli-jossa-on-integroitu-kaasugrilli\\\/\",\"name\":\"Napoleon 700 series 32\\\" kaasugrilli - BBQ \u00c4ssad%\",\"isPartOf\":{\"@id\":\"https:\\\/\\\/bbqassad.ee\\\/fi\\\/#website\"},\"primaryImageOfPage\":{\"@id\":\"https:\\\/\\\/bbqassad.ee\\\/fi\\\/toode\\\/napoleon-700-sarjan-sisaanrakennettu-32%e2%80%b3-sisaanrakennettu-takapintainen-infrapunapoltin-kaasugrilli-jossa-on-integroitu-kaasugrilli\\\/#primaryimage\"},\"image\":{\"@id\":\"https:\\\/\\\/bbqassad.ee\\\/fi\\\/toode\\\/napoleon-700-sarjan-sisaanrakennettu-32%e2%80%b3-sisaanrakennettu-takapintainen-infrapunapoltin-kaasugrilli-jossa-on-integroitu-kaasugrilli\\\/#primaryimage\"},\"thumbnailUrl\":\"https:\\\/\\\/bbqassad.ee\\\/wp-content\\\/uploads\\\/2026\\\/02\\\/BBQ-Entertainment-Napoleon-Built-in-700-Series-32\u2033-tagumise-infrapunapoletiga-integreeritav-gaasigrill.-1.jpg\",\"datePublished\":\"2026-02-23T15:05:27+00:00\",\"dateModified\":\"2026-04-14T06:32:23+00:00\",\"description\":\"Napoleon 700-sarjan sis\u00e4\u00e4nrakennettu kaasugrilli on valmistettu ruostumattomasta ter\u00e4ksest\u00e4. Siin\u00e4 on infrapunapoltin ja suuri grillauspinta, joka takaa tasaisen l\u00e4mm\u00f6n.\",\"breadcrumb\":{\"@id\":\"https:\\\/\\\/bbqassad.ee\\\/fi\\\/toode\\\/napoleon-700-sarjan-sisaanrakennettu-32%e2%80%b3-sisaanrakennettu-takapintainen-infrapunapoltin-kaasugrilli-jossa-on-integroitu-kaasugrilli\\\/#breadcrumb\"},\"inLanguage\":\"fi\",\"potentialAction\":[{\"@type\":\"ReadAction\",\"target\":[\"https:\\\/\\\/bbqassad.ee\\\/fi\\\/toode\\\/napoleon-700-sarjan-sisaanrakennettu-32%e2%80%b3-sisaanrakennettu-takapintainen-infrapunapoltin-kaasugrilli-jossa-on-integroitu-kaasugrilli\\\/\"]}]},{\"@type\":\"ImageObject\",\"inLanguage\":\"fi\",\"@id\":\"https:\\\/\\\/bbqassad.ee\\\/fi\\\/toode\\\/napoleon-700-sarjan-sisaanrakennettu-32%e2%80%b3-sisaanrakennettu-takapintainen-infrapunapoltin-kaasugrilli-jossa-on-integroitu-kaasugrilli\\\/#primaryimage\",\"url\":\"https:\\\/\\\/bbqassad.ee\\\/wp-content\\\/uploads\\\/2026\\\/02\\\/BBQ-Entertainment-Napoleon-Built-in-700-Series-32\u2033-tagumise-infrapunapoletiga-integreeritav-gaasigrill.-1.jpg\",\"contentUrl\":\"https:\\\/\\\/bbqassad.ee\\\/wp-content\\\/uploads\\\/2026\\\/02\\\/BBQ-Entertainment-Napoleon-Built-in-700-Series-32\u2033-tagumise-infrapunapoletiga-integreeritav-gaasigrill.-1.jpg\",\"width\":1097,\"height\":1097},{\"@type\":\"BreadcrumbList\",\"@id\":\"https:\\\/\\\/bbqassad.ee\\\/fi\\\/toode\\\/napoleon-700-sarjan-sisaanrakennettu-32%e2%80%b3-sisaanrakennettu-takapintainen-infrapunapoltin-kaasugrilli-jossa-on-integroitu-kaasugrilli\\\/#breadcrumb\",\"itemListElement\":[{\"@type\":\"ListItem\",\"position\":1,\"name\":\"Home\",\"item\":\"https:\\\/\\\/bbqassad.ee\\\/fi\\\/bbq-assat\\\/\"},{\"@type\":\"ListItem\",\"position\":2,\"name\":\"Verkkokauppa\",\"item\":\"https:\\\/\\\/bbqassad.ee\\\/fi\\\/verkkokauppa\\\/\"},{\"@type\":\"ListItem\",\"position\":3,\"name\":\"Napoleon 700-sarjan sis\u00e4\u00e4nrakennettu 32\u2033 sis\u00e4\u00e4nrakennettu takapintainen infrapunapoltin kaasugrilli, jossa on integroitu kaasugrilli\"}]},{\"@type\":\"WebSite\",\"@id\":\"https:\\\/\\\/bbqassad.ee\\\/fi\\\/#website\",\"url\":\"https:\\\/\\\/bbqassad.ee\\\/fi\\\/\",\"name\":\"BBQ \u00c4ssad\",\"description\":\"BBQ maitseained, kastmed, ahjud\",\"publisher\":{\"@id\":\"https:\\\/\\\/bbqassad.ee\\\/fi\\\/#organization\"},\"potentialAction\":[{\"@type\":\"SearchAction\",\"target\":{\"@type\":\"EntryPoint\",\"urlTemplate\":\"https:\\\/\\\/bbqassad.ee\\\/fi\\\/?s={search_term_string}\"},\"query-input\":{\"@type\":\"PropertyValueSpecification\",\"valueRequired\":true,\"valueName\":\"search_term_string\"}}],\"inLanguage\":\"fi\"},{\"@type\":\"Organization\",\"@id\":\"https:\\\/\\\/bbqassad.ee\\\/fi\\\/#organization\",\"name\":\"BBQ \u00c4ssad\",\"url\":\"https:\\\/\\\/bbqassad.ee\\\/fi\\\/\",\"logo\":{\"@type\":\"ImageObject\",\"inLanguage\":\"fi\",\"@id\":\"https:\\\/\\\/bbqassad.ee\\\/fi\\\/#\\\/schema\\\/logo\\\/image\\\/\",\"url\":\"https:\\\/\\\/bbqassad.ee\\\/wp-content\\\/uploads\\\/2022\\\/10\\\/BBQ-2ssadlogo.png\",\"contentUrl\":\"https:\\\/\\\/bbqassad.ee\\\/wp-content\\\/uploads\\\/2022\\\/10\\\/BBQ-2ssadlogo.png\",\"width\":1080,\"height\":1080,\"caption\":\"BBQ \u00c4ssad\"},\"image\":{\"@id\":\"https:\\\/\\\/bbqassad.ee\\\/fi\\\/#\\\/schema\\\/logo\\\/image\\\/\"},\"sameAs\":[\"https:\\\/\\\/www.facebook.com\\\/bbqassad\",\"https:\\\/\\\/www.youtube.com\\\/channel\\\/UCsoufn49J6TVi9Ah9meE93w\"]}]}<\/script>\n<!-- \/ Yoast SEO plugin. -->","yoast_head_json":{"title":"Napoleon 700 series 32\" kaasugrilli - BBQ \u00c4ssad%","description":"Napoleon 700-sarjan sis\u00e4\u00e4nrakennettu kaasugrilli on valmistettu ruostumattomasta ter\u00e4ksest\u00e4. Siin\u00e4 on infrapunapoltin ja suuri grillauspinta, joka takaa tasaisen l\u00e4mm\u00f6n.","robots":{"index":"index","follow":"follow","max-snippet":"max-snippet:-1","max-image-preview":"max-image-preview:large","max-video-preview":"max-video-preview:-1"},"canonical":"https:\/\/bbqassad.ee\/fi\/toode\/napoleon-700-sarjan-sisaanrakennettu-32%e2%80%b3-sisaanrakennettu-takapintainen-infrapunapoltin-kaasugrilli-jossa-on-integroitu-kaasugrilli\/","og_locale":"fi_FI","og_type":"article","og_title":"Napoleon 700 series 32\" kaasugrilli - BBQ \u00c4ssad%","og_description":"Napoleon 700-sarjan sis\u00e4\u00e4nrakennettu kaasugrilli on valmistettu ruostumattomasta ter\u00e4ksest\u00e4. Siin\u00e4 on infrapunapoltin ja suuri grillauspinta, joka takaa tasaisen l\u00e4mm\u00f6n.","og_url":"https:\/\/bbqassad.ee\/fi\/toode\/napoleon-700-sarjan-sisaanrakennettu-32%e2%80%b3-sisaanrakennettu-takapintainen-infrapunapoltin-kaasugrilli-jossa-on-integroitu-kaasugrilli\/","og_site_name":"BBQ \u00c4ssad","article_publisher":"https:\/\/www.facebook.com\/bbqassad","article_modified_time":"2026-04-14T06:32:23+00:00","og_image":[{"url":"https:\/\/bbqassad.ee\/wp-content\/uploads\/2026\/02\/BBQ-Entertainment-Napoleon-Built-in-700-Series-32\u2033-tagumise-infrapunapoletiga-integreeritav-gaasigrill.-1.jpg","type":"","width":"","height":""}],"twitter_card":"summary_large_image","twitter_title":"Napoleon 700 series 32\" kaasugrilli - BBQ \u00c4ssad%","twitter_description":"Napoleon 700-sarjan sis\u00e4\u00e4nrakennettu kaasugrilli on valmistettu ruostumattomasta ter\u00e4ksest\u00e4. Siin\u00e4 on infrapunapoltin ja suuri grillauspinta, joka takaa tasaisen l\u00e4mm\u00f6n.","twitter_image":"https:\/\/bbqassad.ee\/wp-content\/uploads\/2026\/02\/BBQ-Entertainment-Napoleon-Built-in-700-Series-32\u2033-tagumise-infrapunapoletiga-integreeritav-gaasigrill.-1.jpg","schema":{"@context":"https:\/\/schema.org","@graph":[{"@type":"WebPage","@id":"https:\/\/bbqassad.ee\/fi\/toode\/napoleon-700-sarjan-sisaanrakennettu-32%e2%80%b3-sisaanrakennettu-takapintainen-infrapunapoltin-kaasugrilli-jossa-on-integroitu-kaasugrilli\/","url":"https:\/\/bbqassad.ee\/fi\/toode\/napoleon-700-sarjan-sisaanrakennettu-32%e2%80%b3-sisaanrakennettu-takapintainen-infrapunapoltin-kaasugrilli-jossa-on-integroitu-kaasugrilli\/","name":"Napoleon 700 series 32\" kaasugrilli - BBQ \u00c4ssad%","isPartOf":{"@id":"https:\/\/bbqassad.ee\/fi\/#website"},"primaryImageOfPage":{"@id":"https:\/\/bbqassad.ee\/fi\/toode\/napoleon-700-sarjan-sisaanrakennettu-32%e2%80%b3-sisaanrakennettu-takapintainen-infrapunapoltin-kaasugrilli-jossa-on-integroitu-kaasugrilli\/#primaryimage"},"image":{"@id":"https:\/\/bbqassad.ee\/fi\/toode\/napoleon-700-sarjan-sisaanrakennettu-32%e2%80%b3-sisaanrakennettu-takapintainen-infrapunapoltin-kaasugrilli-jossa-on-integroitu-kaasugrilli\/#primaryimage"},"thumbnailUrl":"https:\/\/bbqassad.ee\/wp-content\/uploads\/2026\/02\/BBQ-Entertainment-Napoleon-Built-in-700-Series-32\u2033-tagumise-infrapunapoletiga-integreeritav-gaasigrill.-1.jpg","datePublished":"2026-02-23T15:05:27+00:00","dateModified":"2026-04-14T06:32:23+00:00","description":"Napoleon 700-sarjan sis\u00e4\u00e4nrakennettu kaasugrilli on valmistettu ruostumattomasta ter\u00e4ksest\u00e4. Siin\u00e4 on infrapunapoltin ja suuri grillauspinta, joka takaa tasaisen l\u00e4mm\u00f6n.","breadcrumb":{"@id":"https:\/\/bbqassad.ee\/fi\/toode\/napoleon-700-sarjan-sisaanrakennettu-32%e2%80%b3-sisaanrakennettu-takapintainen-infrapunapoltin-kaasugrilli-jossa-on-integroitu-kaasugrilli\/#breadcrumb"},"inLanguage":"fi","potentialAction":[{"@type":"ReadAction","target":["https:\/\/bbqassad.ee\/fi\/toode\/napoleon-700-sarjan-sisaanrakennettu-32%e2%80%b3-sisaanrakennettu-takapintainen-infrapunapoltin-kaasugrilli-jossa-on-integroitu-kaasugrilli\/"]}]},{"@type":"ImageObject","inLanguage":"fi","@id":"https:\/\/bbqassad.ee\/fi\/toode\/napoleon-700-sarjan-sisaanrakennettu-32%e2%80%b3-sisaanrakennettu-takapintainen-infrapunapoltin-kaasugrilli-jossa-on-integroitu-kaasugrilli\/#primaryimage","url":"https:\/\/bbqassad.ee\/wp-content\/uploads\/2026\/02\/BBQ-Entertainment-Napoleon-Built-in-700-Series-32\u2033-tagumise-infrapunapoletiga-integreeritav-gaasigrill.-1.jpg","contentUrl":"https:\/\/bbqassad.ee\/wp-content\/uploads\/2026\/02\/BBQ-Entertainment-Napoleon-Built-in-700-Series-32\u2033-tagumise-infrapunapoletiga-integreeritav-gaasigrill.-1.jpg","width":1097,"height":1097},{"@type":"BreadcrumbList","@id":"https:\/\/bbqassad.ee\/fi\/toode\/napoleon-700-sarjan-sisaanrakennettu-32%e2%80%b3-sisaanrakennettu-takapintainen-infrapunapoltin-kaasugrilli-jossa-on-integroitu-kaasugrilli\/#breadcrumb","itemListElement":[{"@type":"ListItem","position":1,"name":"Home","item":"https:\/\/bbqassad.ee\/fi\/bbq-assat\/"},{"@type":"ListItem","position":2,"name":"Verkkokauppa","item":"https:\/\/bbqassad.ee\/fi\/verkkokauppa\/"},{"@type":"ListItem","position":3,"name":"Napoleon 700-sarjan sis\u00e4\u00e4nrakennettu 32\u2033 sis\u00e4\u00e4nrakennettu takapintainen infrapunapoltin kaasugrilli, jossa on integroitu kaasugrilli"}]},{"@type":"WebSite","@id":"https:\/\/bbqassad.ee\/fi\/#website","url":"https:\/\/bbqassad.ee\/fi\/","name":"BBQ \u00c4ssad","description":"BBQ maitseained, kastmed, ahjud","publisher":{"@id":"https:\/\/bbqassad.ee\/fi\/#organization"},"potentialAction":[{"@type":"SearchAction","target":{"@type":"EntryPoint","urlTemplate":"https:\/\/bbqassad.ee\/fi\/?s={search_term_string}"},"query-input":{"@type":"PropertyValueSpecification","valueRequired":true,"valueName":"search_term_string"}}],"inLanguage":"fi"},{"@type":"Organization","@id":"https:\/\/bbqassad.ee\/fi\/#organization","name":"BBQ \u00c4ssad","url":"https:\/\/bbqassad.ee\/fi\/","logo":{"@type":"ImageObject","inLanguage":"fi","@id":"https:\/\/bbqassad.ee\/fi\/#\/schema\/logo\/image\/","url":"https:\/\/bbqassad.ee\/wp-content\/uploads\/2022\/10\/BBQ-2ssadlogo.png","contentUrl":"https:\/\/bbqassad.ee\/wp-content\/uploads\/2022\/10\/BBQ-2ssadlogo.png","width":1080,"height":1080,"caption":"BBQ \u00c4ssad"},"image":{"@id":"https:\/\/bbqassad.ee\/fi\/#\/schema\/logo\/image\/"},"sameAs":["https:\/\/www.facebook.com\/bbqassad","https:\/\/www.youtube.com\/channel\/UCsoufn49J6TVi9Ah9meE93w"]}]}},"_links":{"self":[{"href":"https:\/\/bbqassad.ee\/fi\/wp-json\/wp\/v2\/product\/21878","targetHints":{"allow":["GET"]}}],"collection":[{"href":"https:\/\/bbqassad.ee\/fi\/wp-json\/wp\/v2\/product"}],"about":[{"href":"https:\/\/bbqassad.ee\/fi\/wp-json\/wp\/v2\/types\/product"}],"replies":[{"embeddable":true,"href":"https:\/\/bbqassad.ee\/fi\/wp-json\/wp\/v2\/comments?post=21878"}],"wp:featuredmedia":[{"embeddable":true,"href":"https:\/\/bbqassad.ee\/fi\/wp-json\/wp\/v2\/media\/21879"}],"wp:attachment":[{"href":"https:\/\/bbqassad.ee\/fi\/wp-json\/wp\/v2\/media?parent=21878"}],"wp:term":[{"taxonomy":"product_brand","embeddable":true,"href":"https:\/\/bbqassad.ee\/fi\/wp-json\/wp\/v2\/product_brand?post=21878"},{"taxonomy":"product_cat","embeddable":true,"href":"https:\/\/bbqassad.ee\/fi\/wp-json\/wp\/v2\/product_cat?post=21878"},{"taxonomy":"product_tag","embeddable":true,"href":"https:\/\/bbqassad.ee\/fi\/wp-json\/wp\/v2\/product_tag?post=21878"}],"curies":[{"name":"wp","href":"https:\/\/api.w.org\/{rel}","templated":true}]}}