{"id":21868,"date":"2026-02-23T15:05:27","date_gmt":"2026-02-23T15:05:27","guid":{"rendered":"https:\/\/bbqassad.ee\/toode\/napoleon-700-sarjan-sisaanrakennettu-sisaanrakennettu-kaksipolttimellinen-infrapunakaasukeittotaso-ruostumatonta-terasta\/"},"modified":"2026-04-14T06:32:23","modified_gmt":"2026-04-14T06:32:23","slug":"napoleon-700-sarjan-sisaanrakennettu-sisaanrakennettu-kaksipolttimellinen-infrapunakaasukeittotaso-ruostumatonta-terasta","status":"publish","type":"product","link":"https:\/\/bbqassad.ee\/fi\/toode\/napoleon-700-sarjan-sisaanrakennettu-sisaanrakennettu-kaksipolttimellinen-infrapunakaasukeittotaso-ruostumatonta-terasta\/","title":{"rendered":"Napoleon 700-sarjan sis\u00e4\u00e4nrakennettu, sis\u00e4\u00e4nrakennettu, kaksipolttimellinen infrapunakaasukeittotaso ruostumatonta ter\u00e4st\u00e4."},"content":{"rendered":"<p>Infrapunaista SIZZLE ZONE\u2122-aluetta voidaan k\u00e4ytt\u00e4\u00e4 lihan t\u00e4ydelliseen paahtamiseen tai paistamiseen\/saut\u00e9amiseen, kun p\u00e4\u00e4grilli on k\u00e4yt\u00f6ss\u00e4. T\u00e4m\u00e4 18-tuumainen, kaksipolttimellinen sis\u00e4\u00e4nrakennettu infrapunapoltin SIZZLE ZONE\u2122 tarjoaa runsaasti tilaa mehukkaiden pihvien paistamiseen ravintolalaatuisella paahtumisella. Valmistettu samasta korkealaatuisesta ruostumattomasta ter\u00e4ksest\u00e4 kuin 700-sarjan sis\u00e4\u00e4nrakennetut grillit ja yhteensopiva saman sarjan grillien kanssa. Polttimet takaavat tyylin ja pitk\u00e4ik\u00e4isyyden. Rakennettu helpottamaan asennusta. K\u00e4yt\u00e4nn\u00f6llisesti katsoen huoltovapaa. 9,5 mm:n keittotasoissa on ikoniset WAVE\u2122-paahtoj\u00e4ljet, jotka osoittavat, ett\u00e4 ateriasi on valmistettu Napoleonilla. Sytyt\u00e4 polttimet yhdell\u00e4 k\u00e4dell\u00e4 JETFIRE\u2122-pikasytytysj\u00e4rjestelm\u00e4n avulla. Ergonomiset s\u00e4\u00e4t\u00f6nupit, joissa on SafetyGlow, jotka loistavat sinisen\u00e4 ja muuttuvat punaisiksi, kun polttimia k\u00e4ytet\u00e4\u00e4n. N370-1091-SER-virtal\u00e4hdesarja tarvitaan, kun keitint\u00e4 k\u00e4ytet\u00e4\u00e4n ilman 700-sarjan grilli\u00e4. Sit\u00e4 tarvitaan s\u00e4\u00e4t\u00f6nuppien virransy\u00f6tt\u00f6\u00f6n. Keitin tarjoaa lis\u00e4tilaa ravintolalaatuisten pihvien kypsent\u00e4miseen eritt\u00e4in korkealla l\u00e4mm\u00f6ll\u00e4 Ensiluokkainen ruostumattomasta ter\u00e4ksest\u00e4 valmistettu rakenne takaa pitk\u00e4n k\u00e4ytt\u00f6i\u00e4n Virtal\u00e4hteen\u00e4 on helppok\u00e4ytt\u00f6inen pikaliit\u00e4nt\u00e4inen grillikaasu Paksu 9 kpl,5 mm:n ruostumattomasta ter\u00e4ksest\u00e4 valmistetut keittotelineet vaativat vain v\u00e4h\u00e4n huoltoa ja niiss\u00e4 on Napoleonin ikoninen WAVE-kuvio Infrapunal\u00e4mp\u00f6 tuottaa korkeita l\u00e4mp\u00f6tiloja, jopa 900 \u00b0C, mik\u00e4 takaa nopean ja perusteellisen paistamisen Liesi on erill\u00e4\u00e4n BBQ-grillist\u00e4, joten voit valmistaa ruokaa korkeissa l\u00e4mp\u00f6tiloissa, kun BBQ-grilli kypsent\u00e4\u00e4 matalammissa l\u00e4mp\u00f6tiloissa. Tarjoaa lis\u00e4tilaa kastikkeen ja sekoitettujen ruokien keitt\u00e4miseen. Sis\u00e4lt\u00e4\u00e4 ruostumattomasta ter\u00e4ksest\u00e4 valmistetun keittotason. TAKUU: Presidentin rajoitettu elinik\u00e4inen takuu* KYPSENNYSLAITTEEN T\u00c4YDENNYS: Propaani L\u00c4MP\u00d6KAPASITEETTI: 30 000BTU L\u00c4MP\u00d6KAPASITEETTI :44 x 45 cm | 19 hampurilaista KYPSENNYSALUE KOKONAISUUDESSA: 2002 neli\u00f6senttimetri\u00e4 KORKEUS: 26,40cm LEVEYS: 54,60cm KORKEUS: 24,60 tuumaa PAKKAUSKORKEUS: 45,09cm PAKKAUKSEN LEVEYS: 71,12cm PAKKAUSKORKEUS: 85,73cm PAKKAUSPAINO: 34,47 kg * Napoleonin elinik\u00e4inen rajoitettu takuu &#8211; Napoleon-tuotteet on suunniteltu hienoimmista materiaaleista ja koottu ammattitaitoisten k\u00e4sity\u00f6l\u00e4isten toimesta, jotka ovat ylpeit\u00e4 ty\u00f6st\u00e4\u00e4n. Poltin ja venttiilij\u00e4rjestelm\u00e4 on vuototestattu ja koepoltettu laatutestausasemalla. P\u00e4tev\u00e4 teknikko on tarkastanut t\u00e4m\u00e4n grillin perusteellisesti ennen pakkaamista ja l\u00e4hett\u00e4mist\u00e4, jotta asiakas saa Napoleonilta odotetun laatutuotteen. Napoleon (Wolf Steel Ltd, Barrie, ON, Kanada) takaa, ett\u00e4 uuden Napoleon-tuotteesi komponentit ovat vapaita materiaali- ja valmistusvirheist\u00e4 15 vuoden ajan ostop\u00e4iv\u00e4st\u00e4. Takuu kattaa: &#8211; Ruostumaton grillikansi &#8211; Elinik\u00e4 &#8211; Ruostumattomat polttimet: Elinik\u00e4 &#8211; Valualumiinirunko &#8211; Elinik\u00e4 &#8211; Ruostumattomasta ter\u00e4ksest\u00e4 valmistettu grilliritil\u00e4 &#8211; Elinik\u00e4 &#8211; Ruostumattomasta ter\u00e4ksest\u00e4 valmistetut l\u00e4mm\u00f6njakajat &#8211; 15 vuotta &#8211; Infrapunaiset takasein\u00e4korit &#8211; 15 vuotta &#8211; Kaikki muut osat &#8211; 15 vuotta https:\/\/youtu.be\/gIG_w4_Bu1I 15 vuotta.                 <\/p>\n","protected":false},"excerpt":{"rendered":"<h3><strong>Napoleon 700-sarjan sis\u00e4\u00e4nrakennettu, sis\u00e4\u00e4nrakennettu, kaksipolttimellinen infrapunakaasukeittotaso ruostumattomasta ter\u00e4ksest\u00e4.<\/strong><\/h3>\n<p>Napoleonin sis\u00e4\u00e4nrakennettu kaasuliesi kahdella infrapunapolttimella integroituihin keitti\u00f6ihin. Enimm\u00e4isl\u00e4mp\u00f6tila 900 \u00b0C 30 sekunnissa. Ihanteellinen klassisena lieden\u00e4 tai naudanlihan nopeaan ruskistamiseen eritt\u00e4in korkeissa l\u00e4mp\u00f6tiloissa. Yhteensopiva 700-sarjan grillien kanssa.   <\/p>\n","protected":false},"featured_media":21869,"comment_status":"closed","ping_status":"closed","template":"","meta":[],"product_brand":[768],"product_cat":[786,781],"product_tag":[],"class_list":{"0":"post-21868","1":"product","2":"type-product","3":"status-publish","4":"has-post-thumbnail","6":"product_brand-napoleon","7":"product_cat-napoleonin-kaasugrillit","8":"product_cat-uunit","9":"product_shipping_class-ilmainen-toimitus","11":"first","12":"instock","13":"taxable","14":"shipping-taxable","15":"purchasable","16":"product-type-simple"},"yoast_head":"<!-- This site is optimized with the Yoast SEO plugin v27.4 - https:\/\/yoast.com\/product\/yoast-seo-wordpress\/ -->\n<title>Napoleon 700-sarjan sis\u00e4\u00e4nrakennettava kaasuliesi - BBQ \u00c4ssad%<\/title>\n<meta name=\"description\" content=\"Napoleon 700-sarjan sis\u00e4\u00e4nrakennettu kaasuliesi, jossa on kaksi infrapunapoltinta. Maksimil\u00e4mp\u00f6tila 900 \u00b0C 30 sekunnissa. Yhteensopiva 700-sarjan grillien kanssa.\" \/>\n<meta name=\"robots\" content=\"index, follow, max-snippet:-1, max-image-preview:large, max-video-preview:-1\" \/>\n<link rel=\"canonical\" href=\"https:\/\/bbqassad.ee\/fi\/toode\/napoleon-700-sarjan-sisaanrakennettu-sisaanrakennettu-kaksipolttimellinen-infrapunakaasukeittotaso-ruostumatonta-terasta\/\" \/>\n<meta property=\"og:locale\" content=\"fi_FI\" \/>\n<meta property=\"og:type\" content=\"article\" \/>\n<meta property=\"og:title\" content=\"Napoleon 700-sarjan sis\u00e4\u00e4nrakennettava kaasuliesi - BBQ \u00c4ssad%\" \/>\n<meta property=\"og:description\" content=\"Napoleon 700-sarjan sis\u00e4\u00e4nrakennettu kaasuliesi, jossa on kaksi infrapunapoltinta. Maksimil\u00e4mp\u00f6tila 900 \u00b0C 30 sekunnissa. Yhteensopiva 700-sarjan grillien kanssa.\" \/>\n<meta property=\"og:url\" content=\"https:\/\/bbqassad.ee\/fi\/toode\/napoleon-700-sarjan-sisaanrakennettu-sisaanrakennettu-kaksipolttimellinen-infrapunakaasukeittotaso-ruostumatonta-terasta\/\" \/>\n<meta property=\"og:site_name\" content=\"BBQ \u00c4ssad\" \/>\n<meta property=\"article:publisher\" content=\"https:\/\/www.facebook.com\/bbqassad\" \/>\n<meta property=\"article:modified_time\" content=\"2026-04-14T06:32:23+00:00\" \/>\n<meta property=\"og:image\" content=\"https:\/\/bbqassad.ee\/wp-content\/uploads\/2026\/02\/BBQ-Entertainment-Napoleon-700seeria-Built-in-sisseehitatav-kahe-infrapunapoletiga-roostevaba-gaasipliit-1.jpg\" \/>\n<meta name=\"twitter:card\" content=\"summary_large_image\" \/>\n<meta name=\"twitter:title\" content=\"Napoleon 700-sarjan sis\u00e4\u00e4nrakennettava kaasuliesi - BBQ \u00c4ssad%\" \/>\n<meta name=\"twitter:description\" content=\"Napoleon 700-sarjan sis\u00e4\u00e4nrakennettu kaasuliesi, jossa on kaksi infrapunapoltinta. Maksimil\u00e4mp\u00f6tila 900 \u00b0C 30 sekunnissa. Yhteensopiva 700-sarjan grillien kanssa.\" \/>\n<meta name=\"twitter:image\" content=\"https:\/\/bbqassad.ee\/wp-content\/uploads\/2026\/02\/BBQ-Entertainment-Napoleon-700seeria-Built-in-sisseehitatav-kahe-infrapunapoletiga-roostevaba-gaasipliit-1.jpg\" \/>\n<meta name=\"twitter:label1\" content=\"Arvioitu lukuaika\" \/>\n\t<meta name=\"twitter:data1\" content=\"2 minuuttia\" \/>\n<script type=\"application\/ld+json\" class=\"yoast-schema-graph\">{\"@context\":\"https:\\\/\\\/schema.org\",\"@graph\":[{\"@type\":\"WebPage\",\"@id\":\"https:\\\/\\\/bbqassad.ee\\\/fi\\\/toode\\\/napoleon-700-sarjan-sisaanrakennettu-sisaanrakennettu-kaksipolttimellinen-infrapunakaasukeittotaso-ruostumatonta-terasta\\\/\",\"url\":\"https:\\\/\\\/bbqassad.ee\\\/fi\\\/toode\\\/napoleon-700-sarjan-sisaanrakennettu-sisaanrakennettu-kaksipolttimellinen-infrapunakaasukeittotaso-ruostumatonta-terasta\\\/\",\"name\":\"Napoleon 700-sarjan sis\u00e4\u00e4nrakennettava kaasuliesi - BBQ \u00c4ssad%\",\"isPartOf\":{\"@id\":\"https:\\\/\\\/bbqassad.ee\\\/fi\\\/#website\"},\"primaryImageOfPage\":{\"@id\":\"https:\\\/\\\/bbqassad.ee\\\/fi\\\/toode\\\/napoleon-700-sarjan-sisaanrakennettu-sisaanrakennettu-kaksipolttimellinen-infrapunakaasukeittotaso-ruostumatonta-terasta\\\/#primaryimage\"},\"image\":{\"@id\":\"https:\\\/\\\/bbqassad.ee\\\/fi\\\/toode\\\/napoleon-700-sarjan-sisaanrakennettu-sisaanrakennettu-kaksipolttimellinen-infrapunakaasukeittotaso-ruostumatonta-terasta\\\/#primaryimage\"},\"thumbnailUrl\":\"https:\\\/\\\/bbqassad.ee\\\/wp-content\\\/uploads\\\/2026\\\/02\\\/BBQ-Entertainment-Napoleon-700seeria-Built-in-sisseehitatav-kahe-infrapunapoletiga-roostevaba-gaasipliit-1.jpg\",\"datePublished\":\"2026-02-23T15:05:27+00:00\",\"dateModified\":\"2026-04-14T06:32:23+00:00\",\"description\":\"Napoleon 700-sarjan sis\u00e4\u00e4nrakennettu kaasuliesi, jossa on kaksi infrapunapoltinta. Maksimil\u00e4mp\u00f6tila 900 \u00b0C 30 sekunnissa. Yhteensopiva 700-sarjan grillien kanssa.\",\"breadcrumb\":{\"@id\":\"https:\\\/\\\/bbqassad.ee\\\/fi\\\/toode\\\/napoleon-700-sarjan-sisaanrakennettu-sisaanrakennettu-kaksipolttimellinen-infrapunakaasukeittotaso-ruostumatonta-terasta\\\/#breadcrumb\"},\"inLanguage\":\"fi\",\"potentialAction\":[{\"@type\":\"ReadAction\",\"target\":[\"https:\\\/\\\/bbqassad.ee\\\/fi\\\/toode\\\/napoleon-700-sarjan-sisaanrakennettu-sisaanrakennettu-kaksipolttimellinen-infrapunakaasukeittotaso-ruostumatonta-terasta\\\/\"]}]},{\"@type\":\"ImageObject\",\"inLanguage\":\"fi\",\"@id\":\"https:\\\/\\\/bbqassad.ee\\\/fi\\\/toode\\\/napoleon-700-sarjan-sisaanrakennettu-sisaanrakennettu-kaksipolttimellinen-infrapunakaasukeittotaso-ruostumatonta-terasta\\\/#primaryimage\",\"url\":\"https:\\\/\\\/bbqassad.ee\\\/wp-content\\\/uploads\\\/2026\\\/02\\\/BBQ-Entertainment-Napoleon-700seeria-Built-in-sisseehitatav-kahe-infrapunapoletiga-roostevaba-gaasipliit-1.jpg\",\"contentUrl\":\"https:\\\/\\\/bbqassad.ee\\\/wp-content\\\/uploads\\\/2026\\\/02\\\/BBQ-Entertainment-Napoleon-700seeria-Built-in-sisseehitatav-kahe-infrapunapoletiga-roostevaba-gaasipliit-1.jpg\",\"width\":1143,\"height\":1143},{\"@type\":\"BreadcrumbList\",\"@id\":\"https:\\\/\\\/bbqassad.ee\\\/fi\\\/toode\\\/napoleon-700-sarjan-sisaanrakennettu-sisaanrakennettu-kaksipolttimellinen-infrapunakaasukeittotaso-ruostumatonta-terasta\\\/#breadcrumb\",\"itemListElement\":[{\"@type\":\"ListItem\",\"position\":1,\"name\":\"Home\",\"item\":\"https:\\\/\\\/bbqassad.ee\\\/fi\\\/bbq-assat\\\/\"},{\"@type\":\"ListItem\",\"position\":2,\"name\":\"Verkkokauppa\",\"item\":\"https:\\\/\\\/bbqassad.ee\\\/fi\\\/verkkokauppa\\\/\"},{\"@type\":\"ListItem\",\"position\":3,\"name\":\"Napoleon 700-sarjan sis\u00e4\u00e4nrakennettu, sis\u00e4\u00e4nrakennettu, kaksipolttimellinen infrapunakaasukeittotaso ruostumatonta ter\u00e4st\u00e4.\"}]},{\"@type\":\"WebSite\",\"@id\":\"https:\\\/\\\/bbqassad.ee\\\/fi\\\/#website\",\"url\":\"https:\\\/\\\/bbqassad.ee\\\/fi\\\/\",\"name\":\"BBQ \u00c4ssad\",\"description\":\"BBQ maitseained, kastmed, ahjud\",\"publisher\":{\"@id\":\"https:\\\/\\\/bbqassad.ee\\\/fi\\\/#organization\"},\"potentialAction\":[{\"@type\":\"SearchAction\",\"target\":{\"@type\":\"EntryPoint\",\"urlTemplate\":\"https:\\\/\\\/bbqassad.ee\\\/fi\\\/?s={search_term_string}\"},\"query-input\":{\"@type\":\"PropertyValueSpecification\",\"valueRequired\":true,\"valueName\":\"search_term_string\"}}],\"inLanguage\":\"fi\"},{\"@type\":\"Organization\",\"@id\":\"https:\\\/\\\/bbqassad.ee\\\/fi\\\/#organization\",\"name\":\"BBQ \u00c4ssad\",\"url\":\"https:\\\/\\\/bbqassad.ee\\\/fi\\\/\",\"logo\":{\"@type\":\"ImageObject\",\"inLanguage\":\"fi\",\"@id\":\"https:\\\/\\\/bbqassad.ee\\\/fi\\\/#\\\/schema\\\/logo\\\/image\\\/\",\"url\":\"https:\\\/\\\/bbqassad.ee\\\/wp-content\\\/uploads\\\/2022\\\/10\\\/BBQ-2ssadlogo.png\",\"contentUrl\":\"https:\\\/\\\/bbqassad.ee\\\/wp-content\\\/uploads\\\/2022\\\/10\\\/BBQ-2ssadlogo.png\",\"width\":1080,\"height\":1080,\"caption\":\"BBQ \u00c4ssad\"},\"image\":{\"@id\":\"https:\\\/\\\/bbqassad.ee\\\/fi\\\/#\\\/schema\\\/logo\\\/image\\\/\"},\"sameAs\":[\"https:\\\/\\\/www.facebook.com\\\/bbqassad\",\"https:\\\/\\\/www.youtube.com\\\/channel\\\/UCsoufn49J6TVi9Ah9meE93w\"]}]}<\/script>\n<!-- \/ Yoast SEO plugin. -->","yoast_head_json":{"title":"Napoleon 700-sarjan sis\u00e4\u00e4nrakennettava kaasuliesi - BBQ \u00c4ssad%","description":"Napoleon 700-sarjan sis\u00e4\u00e4nrakennettu kaasuliesi, jossa on kaksi infrapunapoltinta. Maksimil\u00e4mp\u00f6tila 900 \u00b0C 30 sekunnissa. Yhteensopiva 700-sarjan grillien kanssa.","robots":{"index":"index","follow":"follow","max-snippet":"max-snippet:-1","max-image-preview":"max-image-preview:large","max-video-preview":"max-video-preview:-1"},"canonical":"https:\/\/bbqassad.ee\/fi\/toode\/napoleon-700-sarjan-sisaanrakennettu-sisaanrakennettu-kaksipolttimellinen-infrapunakaasukeittotaso-ruostumatonta-terasta\/","og_locale":"fi_FI","og_type":"article","og_title":"Napoleon 700-sarjan sis\u00e4\u00e4nrakennettava kaasuliesi - BBQ \u00c4ssad%","og_description":"Napoleon 700-sarjan sis\u00e4\u00e4nrakennettu kaasuliesi, jossa on kaksi infrapunapoltinta. Maksimil\u00e4mp\u00f6tila 900 \u00b0C 30 sekunnissa. Yhteensopiva 700-sarjan grillien kanssa.","og_url":"https:\/\/bbqassad.ee\/fi\/toode\/napoleon-700-sarjan-sisaanrakennettu-sisaanrakennettu-kaksipolttimellinen-infrapunakaasukeittotaso-ruostumatonta-terasta\/","og_site_name":"BBQ \u00c4ssad","article_publisher":"https:\/\/www.facebook.com\/bbqassad","article_modified_time":"2026-04-14T06:32:23+00:00","og_image":[{"url":"https:\/\/bbqassad.ee\/wp-content\/uploads\/2026\/02\/BBQ-Entertainment-Napoleon-700seeria-Built-in-sisseehitatav-kahe-infrapunapoletiga-roostevaba-gaasipliit-1.jpg","type":"","width":"","height":""}],"twitter_card":"summary_large_image","twitter_title":"Napoleon 700-sarjan sis\u00e4\u00e4nrakennettava kaasuliesi - BBQ \u00c4ssad%","twitter_description":"Napoleon 700-sarjan sis\u00e4\u00e4nrakennettu kaasuliesi, jossa on kaksi infrapunapoltinta. Maksimil\u00e4mp\u00f6tila 900 \u00b0C 30 sekunnissa. Yhteensopiva 700-sarjan grillien kanssa.","twitter_image":"https:\/\/bbqassad.ee\/wp-content\/uploads\/2026\/02\/BBQ-Entertainment-Napoleon-700seeria-Built-in-sisseehitatav-kahe-infrapunapoletiga-roostevaba-gaasipliit-1.jpg","twitter_misc":{"Arvioitu lukuaika":"2 minuuttia"},"schema":{"@context":"https:\/\/schema.org","@graph":[{"@type":"WebPage","@id":"https:\/\/bbqassad.ee\/fi\/toode\/napoleon-700-sarjan-sisaanrakennettu-sisaanrakennettu-kaksipolttimellinen-infrapunakaasukeittotaso-ruostumatonta-terasta\/","url":"https:\/\/bbqassad.ee\/fi\/toode\/napoleon-700-sarjan-sisaanrakennettu-sisaanrakennettu-kaksipolttimellinen-infrapunakaasukeittotaso-ruostumatonta-terasta\/","name":"Napoleon 700-sarjan sis\u00e4\u00e4nrakennettava kaasuliesi - BBQ \u00c4ssad%","isPartOf":{"@id":"https:\/\/bbqassad.ee\/fi\/#website"},"primaryImageOfPage":{"@id":"https:\/\/bbqassad.ee\/fi\/toode\/napoleon-700-sarjan-sisaanrakennettu-sisaanrakennettu-kaksipolttimellinen-infrapunakaasukeittotaso-ruostumatonta-terasta\/#primaryimage"},"image":{"@id":"https:\/\/bbqassad.ee\/fi\/toode\/napoleon-700-sarjan-sisaanrakennettu-sisaanrakennettu-kaksipolttimellinen-infrapunakaasukeittotaso-ruostumatonta-terasta\/#primaryimage"},"thumbnailUrl":"https:\/\/bbqassad.ee\/wp-content\/uploads\/2026\/02\/BBQ-Entertainment-Napoleon-700seeria-Built-in-sisseehitatav-kahe-infrapunapoletiga-roostevaba-gaasipliit-1.jpg","datePublished":"2026-02-23T15:05:27+00:00","dateModified":"2026-04-14T06:32:23+00:00","description":"Napoleon 700-sarjan sis\u00e4\u00e4nrakennettu kaasuliesi, jossa on kaksi infrapunapoltinta. Maksimil\u00e4mp\u00f6tila 900 \u00b0C 30 sekunnissa. Yhteensopiva 700-sarjan grillien kanssa.","breadcrumb":{"@id":"https:\/\/bbqassad.ee\/fi\/toode\/napoleon-700-sarjan-sisaanrakennettu-sisaanrakennettu-kaksipolttimellinen-infrapunakaasukeittotaso-ruostumatonta-terasta\/#breadcrumb"},"inLanguage":"fi","potentialAction":[{"@type":"ReadAction","target":["https:\/\/bbqassad.ee\/fi\/toode\/napoleon-700-sarjan-sisaanrakennettu-sisaanrakennettu-kaksipolttimellinen-infrapunakaasukeittotaso-ruostumatonta-terasta\/"]}]},{"@type":"ImageObject","inLanguage":"fi","@id":"https:\/\/bbqassad.ee\/fi\/toode\/napoleon-700-sarjan-sisaanrakennettu-sisaanrakennettu-kaksipolttimellinen-infrapunakaasukeittotaso-ruostumatonta-terasta\/#primaryimage","url":"https:\/\/bbqassad.ee\/wp-content\/uploads\/2026\/02\/BBQ-Entertainment-Napoleon-700seeria-Built-in-sisseehitatav-kahe-infrapunapoletiga-roostevaba-gaasipliit-1.jpg","contentUrl":"https:\/\/bbqassad.ee\/wp-content\/uploads\/2026\/02\/BBQ-Entertainment-Napoleon-700seeria-Built-in-sisseehitatav-kahe-infrapunapoletiga-roostevaba-gaasipliit-1.jpg","width":1143,"height":1143},{"@type":"BreadcrumbList","@id":"https:\/\/bbqassad.ee\/fi\/toode\/napoleon-700-sarjan-sisaanrakennettu-sisaanrakennettu-kaksipolttimellinen-infrapunakaasukeittotaso-ruostumatonta-terasta\/#breadcrumb","itemListElement":[{"@type":"ListItem","position":1,"name":"Home","item":"https:\/\/bbqassad.ee\/fi\/bbq-assat\/"},{"@type":"ListItem","position":2,"name":"Verkkokauppa","item":"https:\/\/bbqassad.ee\/fi\/verkkokauppa\/"},{"@type":"ListItem","position":3,"name":"Napoleon 700-sarjan sis\u00e4\u00e4nrakennettu, sis\u00e4\u00e4nrakennettu, kaksipolttimellinen infrapunakaasukeittotaso ruostumatonta ter\u00e4st\u00e4."}]},{"@type":"WebSite","@id":"https:\/\/bbqassad.ee\/fi\/#website","url":"https:\/\/bbqassad.ee\/fi\/","name":"BBQ \u00c4ssad","description":"BBQ maitseained, kastmed, ahjud","publisher":{"@id":"https:\/\/bbqassad.ee\/fi\/#organization"},"potentialAction":[{"@type":"SearchAction","target":{"@type":"EntryPoint","urlTemplate":"https:\/\/bbqassad.ee\/fi\/?s={search_term_string}"},"query-input":{"@type":"PropertyValueSpecification","valueRequired":true,"valueName":"search_term_string"}}],"inLanguage":"fi"},{"@type":"Organization","@id":"https:\/\/bbqassad.ee\/fi\/#organization","name":"BBQ \u00c4ssad","url":"https:\/\/bbqassad.ee\/fi\/","logo":{"@type":"ImageObject","inLanguage":"fi","@id":"https:\/\/bbqassad.ee\/fi\/#\/schema\/logo\/image\/","url":"https:\/\/bbqassad.ee\/wp-content\/uploads\/2022\/10\/BBQ-2ssadlogo.png","contentUrl":"https:\/\/bbqassad.ee\/wp-content\/uploads\/2022\/10\/BBQ-2ssadlogo.png","width":1080,"height":1080,"caption":"BBQ \u00c4ssad"},"image":{"@id":"https:\/\/bbqassad.ee\/fi\/#\/schema\/logo\/image\/"},"sameAs":["https:\/\/www.facebook.com\/bbqassad","https:\/\/www.youtube.com\/channel\/UCsoufn49J6TVi9Ah9meE93w"]}]}},"_links":{"self":[{"href":"https:\/\/bbqassad.ee\/fi\/wp-json\/wp\/v2\/product\/21868","targetHints":{"allow":["GET"]}}],"collection":[{"href":"https:\/\/bbqassad.ee\/fi\/wp-json\/wp\/v2\/product"}],"about":[{"href":"https:\/\/bbqassad.ee\/fi\/wp-json\/wp\/v2\/types\/product"}],"replies":[{"embeddable":true,"href":"https:\/\/bbqassad.ee\/fi\/wp-json\/wp\/v2\/comments?post=21868"}],"wp:featuredmedia":[{"embeddable":true,"href":"https:\/\/bbqassad.ee\/fi\/wp-json\/wp\/v2\/media\/21869"}],"wp:attachment":[{"href":"https:\/\/bbqassad.ee\/fi\/wp-json\/wp\/v2\/media?parent=21868"}],"wp:term":[{"taxonomy":"product_brand","embeddable":true,"href":"https:\/\/bbqassad.ee\/fi\/wp-json\/wp\/v2\/product_brand?post=21868"},{"taxonomy":"product_cat","embeddable":true,"href":"https:\/\/bbqassad.ee\/fi\/wp-json\/wp\/v2\/product_cat?post=21868"},{"taxonomy":"product_tag","embeddable":true,"href":"https:\/\/bbqassad.ee\/fi\/wp-json\/wp\/v2\/product_tag?post=21868"}],"curies":[{"name":"wp","href":"https:\/\/api.w.org\/{rel}","templated":true}]}}