{"id":21863,"date":"2026-02-23T15:05:27","date_gmt":"2026-02-23T15:05:27","guid":{"rendered":"https:\/\/bbqassad.ee\/toode\/napoleon-ruostumaton-lammitys-moduuligrilli-rogue-625-grilleihin\/"},"modified":"2026-04-14T06:32:23","modified_gmt":"2026-04-14T06:32:23","slug":"napoleon-ruostumaton-lammitys-moduuligrilli-rogue-625-grilleihin","status":"publish","type":"product","link":"https:\/\/bbqassad.ee\/fi\/toode\/napoleon-ruostumaton-lammitys-moduuligrilli-rogue-625-grilleihin\/","title":{"rendered":"Napoleon ruostumaton l\u00e4mmitys\/moduuligrilli Rogue 625 -grilleihin"},"content":{"rendered":"<p>Ruostumattomasta ter\u00e4ksest\u00e4 valmistettu l\u00e4mmittelyteline Roque 625 -grilleille. T\u00e4ll\u00e4 tuotteella voit korvata grilliss\u00e4si jo olemassa olevan yl\u00e4l\u00e4mmitysritil\u00e4n. Valmistettu monoliittisesta, l\u00e4mp\u00f6\u00e4 pit\u00e4v\u00e4st\u00e4 ter\u00e4ksest\u00e4, jonka reunassa on paikat, joiden avulla voit grillata kananpuolikkaita roikkuvassa asennossa. Ns. ep\u00e4suorassa grillauksessa v\u00e4ltyt\u00e4\u00e4n kosketukselta ritil\u00e4\u00e4n ja esimerkiksi kananpuolikkaiden nahka s\u00e4ilyy ehj\u00e4n\u00e4. Ritil\u00e4ss\u00e4 olevia reiki\u00e4 voidaan k\u00e4ytt\u00e4\u00e4 esimerkiksi tuorejuustolla t\u00e4ytettyjen jalkat\u00e4ytteiden asettamiseen pystyasentoon. Ritil\u00e4ss\u00e4 on my\u00f6s ritil\u00e4ss\u00e4 k\u00e4ytett\u00e4v\u00e4t aukot.     <\/p>\n","protected":false},"excerpt":{"rendered":"<h3><strong>Napoleon ruostumaton l\u00e4mmitys\/moduuligrilli Rogue 625 -grilleihin<\/strong><\/h3>\n<p>Napoleon Rogue 625 -sarjan l\u00e4mp\u00f6grillin vaihtomoduuli ep\u00e4suoraan grillaukseen ja paahtamiseen.<\/p>\n","protected":false},"featured_media":13694,"comment_status":"closed","ping_status":"closed","template":"","meta":[],"product_brand":[768],"product_cat":[785],"product_tag":[],"class_list":{"0":"post-21863","1":"product","2":"type-product","3":"status-publish","4":"has-post-thumbnail","6":"product_brand-napoleon","7":"product_cat-kaasugrillien-tarvikkeet","9":"first","10":"instock","11":"taxable","12":"shipping-taxable","13":"purchasable","14":"product-type-simple"},"yoast_head":"<!-- This site is optimized with the Yoast SEO plugin v27.4 - https:\/\/yoast.com\/product\/yoast-seo-wordpress\/ -->\n<title>Napoleon Stainless L\u00e4mp\u00f6tyyny Rogue 625 - BBQ \u00c4ssad%<\/title>\n<meta name=\"description\" content=\"Napoleon Rogue 625 -sarjan l\u00e4mp\u00f6grillin vaihtomoduuli ep\u00e4suoraan grillaukseen ja paahtamiseen. T\u00e4ydellinen lis\u00e4 kaasugrilliisi.\" \/>\n<meta name=\"robots\" content=\"index, follow, max-snippet:-1, max-image-preview:large, max-video-preview:-1\" \/>\n<link rel=\"canonical\" href=\"https:\/\/bbqassad.ee\/fi\/toode\/napoleon-ruostumaton-lammitys-moduuligrilli-rogue-625-grilleihin\/\" \/>\n<meta property=\"og:locale\" content=\"fi_FI\" \/>\n<meta property=\"og:type\" content=\"article\" \/>\n<meta property=\"og:title\" content=\"Napoleon Stainless L\u00e4mp\u00f6tyyny Rogue 625 - BBQ \u00c4ssad%\" \/>\n<meta property=\"og:description\" content=\"Napoleon Rogue 625 -sarjan l\u00e4mp\u00f6grillin vaihtomoduuli ep\u00e4suoraan grillaukseen ja paahtamiseen. T\u00e4ydellinen lis\u00e4 kaasugrilliisi.\" \/>\n<meta property=\"og:url\" content=\"https:\/\/bbqassad.ee\/fi\/toode\/napoleon-ruostumaton-lammitys-moduuligrilli-rogue-625-grilleihin\/\" \/>\n<meta property=\"og:site_name\" content=\"BBQ \u00c4ssad\" \/>\n<meta property=\"article:publisher\" content=\"https:\/\/www.facebook.com\/bbqassad\" \/>\n<meta property=\"article:modified_time\" content=\"2026-04-14T06:32:23+00:00\" \/>\n<meta property=\"og:image\" content=\"https:\/\/bbqassad.ee\/wp-content\/uploads\/2026\/02\/BBQ-Entertainment-Napoleon-roostevaba-soojendusmoodulrest-Roque-625-grillidele-1.jpg\" \/>\n<meta name=\"twitter:card\" content=\"summary_large_image\" \/>\n<meta name=\"twitter:title\" content=\"Napoleon Stainless L\u00e4mp\u00f6tyyny Rogue 625 - BBQ \u00c4ssad%\" \/>\n<meta name=\"twitter:description\" content=\"Napoleon Rogue 625 -sarjan l\u00e4mp\u00f6grillin vaihtomoduuli ep\u00e4suoraan grillaukseen ja paahtamiseen. T\u00e4ydellinen lis\u00e4 kaasugrilliisi.\" \/>\n<meta name=\"twitter:image\" content=\"https:\/\/bbqassad.ee\/wp-content\/uploads\/2026\/02\/BBQ-Entertainment-Napoleon-roostevaba-soojendusmoodulrest-Roque-625-grillidele-1.jpg\" \/>\n<script type=\"application\/ld+json\" class=\"yoast-schema-graph\">{\"@context\":\"https:\\\/\\\/schema.org\",\"@graph\":[{\"@type\":\"WebPage\",\"@id\":\"https:\\\/\\\/bbqassad.ee\\\/fi\\\/toode\\\/napoleon-ruostumaton-lammitys-moduuligrilli-rogue-625-grilleihin\\\/\",\"url\":\"https:\\\/\\\/bbqassad.ee\\\/fi\\\/toode\\\/napoleon-ruostumaton-lammitys-moduuligrilli-rogue-625-grilleihin\\\/\",\"name\":\"Napoleon Stainless L\u00e4mp\u00f6tyyny Rogue 625 - BBQ \u00c4ssad%\",\"isPartOf\":{\"@id\":\"https:\\\/\\\/bbqassad.ee\\\/fi\\\/#website\"},\"primaryImageOfPage\":{\"@id\":\"https:\\\/\\\/bbqassad.ee\\\/fi\\\/toode\\\/napoleon-ruostumaton-lammitys-moduuligrilli-rogue-625-grilleihin\\\/#primaryimage\"},\"image\":{\"@id\":\"https:\\\/\\\/bbqassad.ee\\\/fi\\\/toode\\\/napoleon-ruostumaton-lammitys-moduuligrilli-rogue-625-grilleihin\\\/#primaryimage\"},\"thumbnailUrl\":\"https:\\\/\\\/bbqassad.ee\\\/wp-content\\\/uploads\\\/2026\\\/02\\\/BBQ-Entertainment-Napoleon-roostevaba-soojendusmoodulrest-Roque-625-grillidele-1.jpg\",\"datePublished\":\"2026-02-23T15:05:27+00:00\",\"dateModified\":\"2026-04-14T06:32:23+00:00\",\"description\":\"Napoleon Rogue 625 -sarjan l\u00e4mp\u00f6grillin vaihtomoduuli ep\u00e4suoraan grillaukseen ja paahtamiseen. T\u00e4ydellinen lis\u00e4 kaasugrilliisi.\",\"breadcrumb\":{\"@id\":\"https:\\\/\\\/bbqassad.ee\\\/fi\\\/toode\\\/napoleon-ruostumaton-lammitys-moduuligrilli-rogue-625-grilleihin\\\/#breadcrumb\"},\"inLanguage\":\"fi\",\"potentialAction\":[{\"@type\":\"ReadAction\",\"target\":[\"https:\\\/\\\/bbqassad.ee\\\/fi\\\/toode\\\/napoleon-ruostumaton-lammitys-moduuligrilli-rogue-625-grilleihin\\\/\"]}]},{\"@type\":\"ImageObject\",\"inLanguage\":\"fi\",\"@id\":\"https:\\\/\\\/bbqassad.ee\\\/fi\\\/toode\\\/napoleon-ruostumaton-lammitys-moduuligrilli-rogue-625-grilleihin\\\/#primaryimage\",\"url\":\"https:\\\/\\\/bbqassad.ee\\\/wp-content\\\/uploads\\\/2026\\\/02\\\/BBQ-Entertainment-Napoleon-roostevaba-soojendusmoodulrest-Roque-625-grillidele-1.jpg\",\"contentUrl\":\"https:\\\/\\\/bbqassad.ee\\\/wp-content\\\/uploads\\\/2026\\\/02\\\/BBQ-Entertainment-Napoleon-roostevaba-soojendusmoodulrest-Roque-625-grillidele-1.jpg\",\"width\":1037,\"height\":1037},{\"@type\":\"BreadcrumbList\",\"@id\":\"https:\\\/\\\/bbqassad.ee\\\/fi\\\/toode\\\/napoleon-ruostumaton-lammitys-moduuligrilli-rogue-625-grilleihin\\\/#breadcrumb\",\"itemListElement\":[{\"@type\":\"ListItem\",\"position\":1,\"name\":\"Home\",\"item\":\"https:\\\/\\\/bbqassad.ee\\\/fi\\\/bbq-assat\\\/\"},{\"@type\":\"ListItem\",\"position\":2,\"name\":\"Verkkokauppa\",\"item\":\"https:\\\/\\\/bbqassad.ee\\\/fi\\\/verkkokauppa\\\/\"},{\"@type\":\"ListItem\",\"position\":3,\"name\":\"Napoleon ruostumaton l\u00e4mmitys\\\/moduuligrilli Rogue 625 -grilleihin\"}]},{\"@type\":\"WebSite\",\"@id\":\"https:\\\/\\\/bbqassad.ee\\\/fi\\\/#website\",\"url\":\"https:\\\/\\\/bbqassad.ee\\\/fi\\\/\",\"name\":\"BBQ \u00c4ssad\",\"description\":\"BBQ maitseained, kastmed, ahjud\",\"publisher\":{\"@id\":\"https:\\\/\\\/bbqassad.ee\\\/fi\\\/#organization\"},\"potentialAction\":[{\"@type\":\"SearchAction\",\"target\":{\"@type\":\"EntryPoint\",\"urlTemplate\":\"https:\\\/\\\/bbqassad.ee\\\/fi\\\/?s={search_term_string}\"},\"query-input\":{\"@type\":\"PropertyValueSpecification\",\"valueRequired\":true,\"valueName\":\"search_term_string\"}}],\"inLanguage\":\"fi\"},{\"@type\":\"Organization\",\"@id\":\"https:\\\/\\\/bbqassad.ee\\\/fi\\\/#organization\",\"name\":\"BBQ \u00c4ssad\",\"url\":\"https:\\\/\\\/bbqassad.ee\\\/fi\\\/\",\"logo\":{\"@type\":\"ImageObject\",\"inLanguage\":\"fi\",\"@id\":\"https:\\\/\\\/bbqassad.ee\\\/fi\\\/#\\\/schema\\\/logo\\\/image\\\/\",\"url\":\"https:\\\/\\\/bbqassad.ee\\\/wp-content\\\/uploads\\\/2022\\\/10\\\/BBQ-2ssadlogo.png\",\"contentUrl\":\"https:\\\/\\\/bbqassad.ee\\\/wp-content\\\/uploads\\\/2022\\\/10\\\/BBQ-2ssadlogo.png\",\"width\":1080,\"height\":1080,\"caption\":\"BBQ \u00c4ssad\"},\"image\":{\"@id\":\"https:\\\/\\\/bbqassad.ee\\\/fi\\\/#\\\/schema\\\/logo\\\/image\\\/\"},\"sameAs\":[\"https:\\\/\\\/www.facebook.com\\\/bbqassad\",\"https:\\\/\\\/www.youtube.com\\\/channel\\\/UCsoufn49J6TVi9Ah9meE93w\"]}]}<\/script>\n<!-- \/ Yoast SEO plugin. -->","yoast_head_json":{"title":"Napoleon Stainless L\u00e4mp\u00f6tyyny Rogue 625 - BBQ \u00c4ssad%","description":"Napoleon Rogue 625 -sarjan l\u00e4mp\u00f6grillin vaihtomoduuli ep\u00e4suoraan grillaukseen ja paahtamiseen. T\u00e4ydellinen lis\u00e4 kaasugrilliisi.","robots":{"index":"index","follow":"follow","max-snippet":"max-snippet:-1","max-image-preview":"max-image-preview:large","max-video-preview":"max-video-preview:-1"},"canonical":"https:\/\/bbqassad.ee\/fi\/toode\/napoleon-ruostumaton-lammitys-moduuligrilli-rogue-625-grilleihin\/","og_locale":"fi_FI","og_type":"article","og_title":"Napoleon Stainless L\u00e4mp\u00f6tyyny Rogue 625 - BBQ \u00c4ssad%","og_description":"Napoleon Rogue 625 -sarjan l\u00e4mp\u00f6grillin vaihtomoduuli ep\u00e4suoraan grillaukseen ja paahtamiseen. T\u00e4ydellinen lis\u00e4 kaasugrilliisi.","og_url":"https:\/\/bbqassad.ee\/fi\/toode\/napoleon-ruostumaton-lammitys-moduuligrilli-rogue-625-grilleihin\/","og_site_name":"BBQ \u00c4ssad","article_publisher":"https:\/\/www.facebook.com\/bbqassad","article_modified_time":"2026-04-14T06:32:23+00:00","og_image":[{"url":"https:\/\/bbqassad.ee\/wp-content\/uploads\/2026\/02\/BBQ-Entertainment-Napoleon-roostevaba-soojendusmoodulrest-Roque-625-grillidele-1.jpg","type":"","width":"","height":""}],"twitter_card":"summary_large_image","twitter_title":"Napoleon Stainless L\u00e4mp\u00f6tyyny Rogue 625 - BBQ \u00c4ssad%","twitter_description":"Napoleon Rogue 625 -sarjan l\u00e4mp\u00f6grillin vaihtomoduuli ep\u00e4suoraan grillaukseen ja paahtamiseen. T\u00e4ydellinen lis\u00e4 kaasugrilliisi.","twitter_image":"https:\/\/bbqassad.ee\/wp-content\/uploads\/2026\/02\/BBQ-Entertainment-Napoleon-roostevaba-soojendusmoodulrest-Roque-625-grillidele-1.jpg","schema":{"@context":"https:\/\/schema.org","@graph":[{"@type":"WebPage","@id":"https:\/\/bbqassad.ee\/fi\/toode\/napoleon-ruostumaton-lammitys-moduuligrilli-rogue-625-grilleihin\/","url":"https:\/\/bbqassad.ee\/fi\/toode\/napoleon-ruostumaton-lammitys-moduuligrilli-rogue-625-grilleihin\/","name":"Napoleon Stainless L\u00e4mp\u00f6tyyny Rogue 625 - BBQ \u00c4ssad%","isPartOf":{"@id":"https:\/\/bbqassad.ee\/fi\/#website"},"primaryImageOfPage":{"@id":"https:\/\/bbqassad.ee\/fi\/toode\/napoleon-ruostumaton-lammitys-moduuligrilli-rogue-625-grilleihin\/#primaryimage"},"image":{"@id":"https:\/\/bbqassad.ee\/fi\/toode\/napoleon-ruostumaton-lammitys-moduuligrilli-rogue-625-grilleihin\/#primaryimage"},"thumbnailUrl":"https:\/\/bbqassad.ee\/wp-content\/uploads\/2026\/02\/BBQ-Entertainment-Napoleon-roostevaba-soojendusmoodulrest-Roque-625-grillidele-1.jpg","datePublished":"2026-02-23T15:05:27+00:00","dateModified":"2026-04-14T06:32:23+00:00","description":"Napoleon Rogue 625 -sarjan l\u00e4mp\u00f6grillin vaihtomoduuli ep\u00e4suoraan grillaukseen ja paahtamiseen. T\u00e4ydellinen lis\u00e4 kaasugrilliisi.","breadcrumb":{"@id":"https:\/\/bbqassad.ee\/fi\/toode\/napoleon-ruostumaton-lammitys-moduuligrilli-rogue-625-grilleihin\/#breadcrumb"},"inLanguage":"fi","potentialAction":[{"@type":"ReadAction","target":["https:\/\/bbqassad.ee\/fi\/toode\/napoleon-ruostumaton-lammitys-moduuligrilli-rogue-625-grilleihin\/"]}]},{"@type":"ImageObject","inLanguage":"fi","@id":"https:\/\/bbqassad.ee\/fi\/toode\/napoleon-ruostumaton-lammitys-moduuligrilli-rogue-625-grilleihin\/#primaryimage","url":"https:\/\/bbqassad.ee\/wp-content\/uploads\/2026\/02\/BBQ-Entertainment-Napoleon-roostevaba-soojendusmoodulrest-Roque-625-grillidele-1.jpg","contentUrl":"https:\/\/bbqassad.ee\/wp-content\/uploads\/2026\/02\/BBQ-Entertainment-Napoleon-roostevaba-soojendusmoodulrest-Roque-625-grillidele-1.jpg","width":1037,"height":1037},{"@type":"BreadcrumbList","@id":"https:\/\/bbqassad.ee\/fi\/toode\/napoleon-ruostumaton-lammitys-moduuligrilli-rogue-625-grilleihin\/#breadcrumb","itemListElement":[{"@type":"ListItem","position":1,"name":"Home","item":"https:\/\/bbqassad.ee\/fi\/bbq-assat\/"},{"@type":"ListItem","position":2,"name":"Verkkokauppa","item":"https:\/\/bbqassad.ee\/fi\/verkkokauppa\/"},{"@type":"ListItem","position":3,"name":"Napoleon ruostumaton l\u00e4mmitys\/moduuligrilli Rogue 625 -grilleihin"}]},{"@type":"WebSite","@id":"https:\/\/bbqassad.ee\/fi\/#website","url":"https:\/\/bbqassad.ee\/fi\/","name":"BBQ \u00c4ssad","description":"BBQ maitseained, kastmed, ahjud","publisher":{"@id":"https:\/\/bbqassad.ee\/fi\/#organization"},"potentialAction":[{"@type":"SearchAction","target":{"@type":"EntryPoint","urlTemplate":"https:\/\/bbqassad.ee\/fi\/?s={search_term_string}"},"query-input":{"@type":"PropertyValueSpecification","valueRequired":true,"valueName":"search_term_string"}}],"inLanguage":"fi"},{"@type":"Organization","@id":"https:\/\/bbqassad.ee\/fi\/#organization","name":"BBQ \u00c4ssad","url":"https:\/\/bbqassad.ee\/fi\/","logo":{"@type":"ImageObject","inLanguage":"fi","@id":"https:\/\/bbqassad.ee\/fi\/#\/schema\/logo\/image\/","url":"https:\/\/bbqassad.ee\/wp-content\/uploads\/2022\/10\/BBQ-2ssadlogo.png","contentUrl":"https:\/\/bbqassad.ee\/wp-content\/uploads\/2022\/10\/BBQ-2ssadlogo.png","width":1080,"height":1080,"caption":"BBQ \u00c4ssad"},"image":{"@id":"https:\/\/bbqassad.ee\/fi\/#\/schema\/logo\/image\/"},"sameAs":["https:\/\/www.facebook.com\/bbqassad","https:\/\/www.youtube.com\/channel\/UCsoufn49J6TVi9Ah9meE93w"]}]}},"_links":{"self":[{"href":"https:\/\/bbqassad.ee\/fi\/wp-json\/wp\/v2\/product\/21863","targetHints":{"allow":["GET"]}}],"collection":[{"href":"https:\/\/bbqassad.ee\/fi\/wp-json\/wp\/v2\/product"}],"about":[{"href":"https:\/\/bbqassad.ee\/fi\/wp-json\/wp\/v2\/types\/product"}],"replies":[{"embeddable":true,"href":"https:\/\/bbqassad.ee\/fi\/wp-json\/wp\/v2\/comments?post=21863"}],"wp:featuredmedia":[{"embeddable":true,"href":"https:\/\/bbqassad.ee\/fi\/wp-json\/wp\/v2\/media\/13694"}],"wp:attachment":[{"href":"https:\/\/bbqassad.ee\/fi\/wp-json\/wp\/v2\/media?parent=21863"}],"wp:term":[{"taxonomy":"product_brand","embeddable":true,"href":"https:\/\/bbqassad.ee\/fi\/wp-json\/wp\/v2\/product_brand?post=21863"},{"taxonomy":"product_cat","embeddable":true,"href":"https:\/\/bbqassad.ee\/fi\/wp-json\/wp\/v2\/product_cat?post=21863"},{"taxonomy":"product_tag","embeddable":true,"href":"https:\/\/bbqassad.ee\/fi\/wp-json\/wp\/v2\/product_tag?post=21863"}],"curies":[{"name":"wp","href":"https:\/\/api.w.org\/{rel}","templated":true}]}}