{"id":21860,"date":"2026-02-23T15:05:27","date_gmt":"2026-02-23T15:05:27","guid":{"rendered":"https:\/\/bbqassad.ee\/toode\/napoleon-prestige-pro665-kaasugrilleihin-tarkoitettu-napoleon-prestige-pro665\/"},"modified":"2026-04-14T06:32:22","modified_gmt":"2026-04-14T06:32:22","slug":"napoleon-prestige-pro665-kaasugrilleihin-tarkoitettu-napoleon-prestige-pro665","status":"publish","type":"product","link":"https:\/\/bbqassad.ee\/fi\/toode\/napoleon-prestige-pro665-kaasugrilleihin-tarkoitettu-napoleon-prestige-pro665\/","title":{"rendered":"Napoleon varal\u00e4mmityslevy Prestige PRO665 -kaasugrilleihin"},"content":{"rendered":"<p>Kaasugrillin suojus Napoleon Prestige PRO665 -grilliin. Tyylik\u00e4s ja laadukas Premium-grillinsuojus suojaa kaasugrilli\u00e4si s\u00e4\u00e4lt\u00e4 ja ulkomaailmalta. Mitat 195x65x130 cm.  <\/p>\n","protected":false},"excerpt":{"rendered":"<h3><strong>Napoleon Prestige PRO665 kaasugrilleille<\/strong><\/h3>\n<p>Napoleon Prestige PRO665 -kaasugrillin suojus. Tyylik\u00e4s ja laadukas Premium-grillisuojus suojaa kaasugrilli\u00e4si s\u00e4\u00e4lt\u00e4 ja uteliailta katseilta. <\/p>\n","protected":false},"featured_media":21941,"comment_status":"closed","ping_status":"closed","template":"","meta":[],"product_brand":[768],"product_cat":[785],"product_tag":[],"class_list":{"0":"post-21860","1":"product","2":"type-product","3":"status-publish","4":"has-post-thumbnail","6":"product_brand-napoleon","7":"product_cat-kaasugrillien-tarvikkeet","9":"first","10":"instock","11":"taxable","12":"shipping-taxable","13":"purchasable","14":"product-type-simple"},"yoast_head":"<!-- This site is optimized with the Yoast SEO plugin v27.4 - https:\/\/yoast.com\/product\/yoast-seo-wordpress\/ -->\n<title>Napoleon Prestige PRO665 grilli - BBQ \u00c4ssad%<\/title>\n<meta name=\"description\" content=\"Napoleon Prestige PRO665 -kaasugrillin suojus on tyylik\u00e4s ja laadukas, ja se suojaa grilli\u00e4si s\u00e4\u00e4lt\u00e4 ja ulkopuolisilta katseilta. Ihanteellinen grilleille.\" \/>\n<meta name=\"robots\" content=\"index, follow, max-snippet:-1, max-image-preview:large, max-video-preview:-1\" \/>\n<link rel=\"canonical\" href=\"https:\/\/bbqassad.ee\/fi\/toode\/napoleon-prestige-pro665-kaasugrilleihin-tarkoitettu-napoleon-prestige-pro665\/\" \/>\n<meta property=\"og:locale\" content=\"fi_FI\" \/>\n<meta property=\"og:type\" content=\"article\" \/>\n<meta property=\"og:title\" content=\"Napoleon Prestige PRO665 grilli - BBQ \u00c4ssad%\" \/>\n<meta property=\"og:description\" content=\"Napoleon Prestige PRO665 -kaasugrillin suojus on tyylik\u00e4s ja laadukas, ja se suojaa grilli\u00e4si s\u00e4\u00e4lt\u00e4 ja ulkopuolisilta katseilta. Ihanteellinen grilleille.\" \/>\n<meta property=\"og:url\" content=\"https:\/\/bbqassad.ee\/fi\/toode\/napoleon-prestige-pro665-kaasugrilleihin-tarkoitettu-napoleon-prestige-pro665\/\" \/>\n<meta property=\"og:site_name\" content=\"BBQ \u00c4ssad\" \/>\n<meta property=\"article:publisher\" content=\"https:\/\/www.facebook.com\/bbqassad\" \/>\n<meta property=\"article:modified_time\" content=\"2026-04-14T06:32:22+00:00\" \/>\n<meta property=\"og:image\" content=\"https:\/\/bbqassad.ee\/wp-content\/uploads\/2026\/02\/BBQ-Entertainment-Napoleon-grillikate-Roque-625-sarja-grillidele-1.jpg\" \/>\n<meta name=\"twitter:card\" content=\"summary_large_image\" \/>\n<meta name=\"twitter:title\" content=\"Napoleon Prestige PRO665 grilli - BBQ \u00c4ssad%\" \/>\n<meta name=\"twitter:description\" content=\"Napoleon Prestige PRO665 -kaasugrillin suojus on tyylik\u00e4s ja laadukas, ja se suojaa grilli\u00e4si s\u00e4\u00e4lt\u00e4 ja ulkopuolisilta katseilta. Ihanteellinen grilleille.\" \/>\n<meta name=\"twitter:image\" content=\"https:\/\/bbqassad.ee\/wp-content\/uploads\/2026\/02\/BBQ-Entertainment-Napoleon-grillikate-Roque-625-sarja-grillidele-1.jpg\" \/>\n<script type=\"application\/ld+json\" class=\"yoast-schema-graph\">{\"@context\":\"https:\\\/\\\/schema.org\",\"@graph\":[{\"@type\":\"WebPage\",\"@id\":\"https:\\\/\\\/bbqassad.ee\\\/fi\\\/toode\\\/napoleon-prestige-pro665-kaasugrilleihin-tarkoitettu-napoleon-prestige-pro665\\\/\",\"url\":\"https:\\\/\\\/bbqassad.ee\\\/fi\\\/toode\\\/napoleon-prestige-pro665-kaasugrilleihin-tarkoitettu-napoleon-prestige-pro665\\\/\",\"name\":\"Napoleon Prestige PRO665 grilli - BBQ \u00c4ssad%\",\"isPartOf\":{\"@id\":\"https:\\\/\\\/bbqassad.ee\\\/fi\\\/#website\"},\"primaryImageOfPage\":{\"@id\":\"https:\\\/\\\/bbqassad.ee\\\/fi\\\/toode\\\/napoleon-prestige-pro665-kaasugrilleihin-tarkoitettu-napoleon-prestige-pro665\\\/#primaryimage\"},\"image\":{\"@id\":\"https:\\\/\\\/bbqassad.ee\\\/fi\\\/toode\\\/napoleon-prestige-pro665-kaasugrilleihin-tarkoitettu-napoleon-prestige-pro665\\\/#primaryimage\"},\"thumbnailUrl\":\"https:\\\/\\\/bbqassad.ee\\\/wp-content\\\/uploads\\\/2026\\\/02\\\/BBQ-Entertainment-Napoleon-grillikate-Roque-625-sarja-grillidele-1.jpg\",\"datePublished\":\"2026-02-23T15:05:27+00:00\",\"dateModified\":\"2026-04-14T06:32:22+00:00\",\"description\":\"Napoleon Prestige PRO665 -kaasugrillin suojus on tyylik\u00e4s ja laadukas, ja se suojaa grilli\u00e4si s\u00e4\u00e4lt\u00e4 ja ulkopuolisilta katseilta. Ihanteellinen grilleille.\",\"breadcrumb\":{\"@id\":\"https:\\\/\\\/bbqassad.ee\\\/fi\\\/toode\\\/napoleon-prestige-pro665-kaasugrilleihin-tarkoitettu-napoleon-prestige-pro665\\\/#breadcrumb\"},\"inLanguage\":\"fi\",\"potentialAction\":[{\"@type\":\"ReadAction\",\"target\":[\"https:\\\/\\\/bbqassad.ee\\\/fi\\\/toode\\\/napoleon-prestige-pro665-kaasugrilleihin-tarkoitettu-napoleon-prestige-pro665\\\/\"]}]},{\"@type\":\"ImageObject\",\"inLanguage\":\"fi\",\"@id\":\"https:\\\/\\\/bbqassad.ee\\\/fi\\\/toode\\\/napoleon-prestige-pro665-kaasugrilleihin-tarkoitettu-napoleon-prestige-pro665\\\/#primaryimage\",\"url\":\"https:\\\/\\\/bbqassad.ee\\\/wp-content\\\/uploads\\\/2026\\\/02\\\/BBQ-Entertainment-Napoleon-grillikate-Roque-625-sarja-grillidele-1.jpg\",\"contentUrl\":\"https:\\\/\\\/bbqassad.ee\\\/wp-content\\\/uploads\\\/2026\\\/02\\\/BBQ-Entertainment-Napoleon-grillikate-Roque-625-sarja-grillidele-1.jpg\",\"width\":1147,\"height\":1147},{\"@type\":\"BreadcrumbList\",\"@id\":\"https:\\\/\\\/bbqassad.ee\\\/fi\\\/toode\\\/napoleon-prestige-pro665-kaasugrilleihin-tarkoitettu-napoleon-prestige-pro665\\\/#breadcrumb\",\"itemListElement\":[{\"@type\":\"ListItem\",\"position\":1,\"name\":\"Home\",\"item\":\"https:\\\/\\\/bbqassad.ee\\\/fi\\\/bbq-assat\\\/\"},{\"@type\":\"ListItem\",\"position\":2,\"name\":\"Verkkokauppa\",\"item\":\"https:\\\/\\\/bbqassad.ee\\\/fi\\\/verkkokauppa\\\/\"},{\"@type\":\"ListItem\",\"position\":3,\"name\":\"Napoleon varal\u00e4mmityslevy Prestige PRO665 -kaasugrilleihin\"}]},{\"@type\":\"WebSite\",\"@id\":\"https:\\\/\\\/bbqassad.ee\\\/fi\\\/#website\",\"url\":\"https:\\\/\\\/bbqassad.ee\\\/fi\\\/\",\"name\":\"BBQ \u00c4ssad\",\"description\":\"BBQ maitseained, kastmed, ahjud\",\"publisher\":{\"@id\":\"https:\\\/\\\/bbqassad.ee\\\/fi\\\/#organization\"},\"potentialAction\":[{\"@type\":\"SearchAction\",\"target\":{\"@type\":\"EntryPoint\",\"urlTemplate\":\"https:\\\/\\\/bbqassad.ee\\\/fi\\\/?s={search_term_string}\"},\"query-input\":{\"@type\":\"PropertyValueSpecification\",\"valueRequired\":true,\"valueName\":\"search_term_string\"}}],\"inLanguage\":\"fi\"},{\"@type\":\"Organization\",\"@id\":\"https:\\\/\\\/bbqassad.ee\\\/fi\\\/#organization\",\"name\":\"BBQ \u00c4ssad\",\"url\":\"https:\\\/\\\/bbqassad.ee\\\/fi\\\/\",\"logo\":{\"@type\":\"ImageObject\",\"inLanguage\":\"fi\",\"@id\":\"https:\\\/\\\/bbqassad.ee\\\/fi\\\/#\\\/schema\\\/logo\\\/image\\\/\",\"url\":\"https:\\\/\\\/bbqassad.ee\\\/wp-content\\\/uploads\\\/2022\\\/10\\\/BBQ-2ssadlogo.png\",\"contentUrl\":\"https:\\\/\\\/bbqassad.ee\\\/wp-content\\\/uploads\\\/2022\\\/10\\\/BBQ-2ssadlogo.png\",\"width\":1080,\"height\":1080,\"caption\":\"BBQ \u00c4ssad\"},\"image\":{\"@id\":\"https:\\\/\\\/bbqassad.ee\\\/fi\\\/#\\\/schema\\\/logo\\\/image\\\/\"},\"sameAs\":[\"https:\\\/\\\/www.facebook.com\\\/bbqassad\",\"https:\\\/\\\/www.youtube.com\\\/channel\\\/UCsoufn49J6TVi9Ah9meE93w\"]}]}<\/script>\n<!-- \/ Yoast SEO plugin. -->","yoast_head_json":{"title":"Napoleon Prestige PRO665 grilli - BBQ \u00c4ssad%","description":"Napoleon Prestige PRO665 -kaasugrillin suojus on tyylik\u00e4s ja laadukas, ja se suojaa grilli\u00e4si s\u00e4\u00e4lt\u00e4 ja ulkopuolisilta katseilta. Ihanteellinen grilleille.","robots":{"index":"index","follow":"follow","max-snippet":"max-snippet:-1","max-image-preview":"max-image-preview:large","max-video-preview":"max-video-preview:-1"},"canonical":"https:\/\/bbqassad.ee\/fi\/toode\/napoleon-prestige-pro665-kaasugrilleihin-tarkoitettu-napoleon-prestige-pro665\/","og_locale":"fi_FI","og_type":"article","og_title":"Napoleon Prestige PRO665 grilli - BBQ \u00c4ssad%","og_description":"Napoleon Prestige PRO665 -kaasugrillin suojus on tyylik\u00e4s ja laadukas, ja se suojaa grilli\u00e4si s\u00e4\u00e4lt\u00e4 ja ulkopuolisilta katseilta. Ihanteellinen grilleille.","og_url":"https:\/\/bbqassad.ee\/fi\/toode\/napoleon-prestige-pro665-kaasugrilleihin-tarkoitettu-napoleon-prestige-pro665\/","og_site_name":"BBQ \u00c4ssad","article_publisher":"https:\/\/www.facebook.com\/bbqassad","article_modified_time":"2026-04-14T06:32:22+00:00","og_image":[{"url":"https:\/\/bbqassad.ee\/wp-content\/uploads\/2026\/02\/BBQ-Entertainment-Napoleon-grillikate-Roque-625-sarja-grillidele-1.jpg","type":"","width":"","height":""}],"twitter_card":"summary_large_image","twitter_title":"Napoleon Prestige PRO665 grilli - BBQ \u00c4ssad%","twitter_description":"Napoleon Prestige PRO665 -kaasugrillin suojus on tyylik\u00e4s ja laadukas, ja se suojaa grilli\u00e4si s\u00e4\u00e4lt\u00e4 ja ulkopuolisilta katseilta. Ihanteellinen grilleille.","twitter_image":"https:\/\/bbqassad.ee\/wp-content\/uploads\/2026\/02\/BBQ-Entertainment-Napoleon-grillikate-Roque-625-sarja-grillidele-1.jpg","schema":{"@context":"https:\/\/schema.org","@graph":[{"@type":"WebPage","@id":"https:\/\/bbqassad.ee\/fi\/toode\/napoleon-prestige-pro665-kaasugrilleihin-tarkoitettu-napoleon-prestige-pro665\/","url":"https:\/\/bbqassad.ee\/fi\/toode\/napoleon-prestige-pro665-kaasugrilleihin-tarkoitettu-napoleon-prestige-pro665\/","name":"Napoleon Prestige PRO665 grilli - BBQ \u00c4ssad%","isPartOf":{"@id":"https:\/\/bbqassad.ee\/fi\/#website"},"primaryImageOfPage":{"@id":"https:\/\/bbqassad.ee\/fi\/toode\/napoleon-prestige-pro665-kaasugrilleihin-tarkoitettu-napoleon-prestige-pro665\/#primaryimage"},"image":{"@id":"https:\/\/bbqassad.ee\/fi\/toode\/napoleon-prestige-pro665-kaasugrilleihin-tarkoitettu-napoleon-prestige-pro665\/#primaryimage"},"thumbnailUrl":"https:\/\/bbqassad.ee\/wp-content\/uploads\/2026\/02\/BBQ-Entertainment-Napoleon-grillikate-Roque-625-sarja-grillidele-1.jpg","datePublished":"2026-02-23T15:05:27+00:00","dateModified":"2026-04-14T06:32:22+00:00","description":"Napoleon Prestige PRO665 -kaasugrillin suojus on tyylik\u00e4s ja laadukas, ja se suojaa grilli\u00e4si s\u00e4\u00e4lt\u00e4 ja ulkopuolisilta katseilta. Ihanteellinen grilleille.","breadcrumb":{"@id":"https:\/\/bbqassad.ee\/fi\/toode\/napoleon-prestige-pro665-kaasugrilleihin-tarkoitettu-napoleon-prestige-pro665\/#breadcrumb"},"inLanguage":"fi","potentialAction":[{"@type":"ReadAction","target":["https:\/\/bbqassad.ee\/fi\/toode\/napoleon-prestige-pro665-kaasugrilleihin-tarkoitettu-napoleon-prestige-pro665\/"]}]},{"@type":"ImageObject","inLanguage":"fi","@id":"https:\/\/bbqassad.ee\/fi\/toode\/napoleon-prestige-pro665-kaasugrilleihin-tarkoitettu-napoleon-prestige-pro665\/#primaryimage","url":"https:\/\/bbqassad.ee\/wp-content\/uploads\/2026\/02\/BBQ-Entertainment-Napoleon-grillikate-Roque-625-sarja-grillidele-1.jpg","contentUrl":"https:\/\/bbqassad.ee\/wp-content\/uploads\/2026\/02\/BBQ-Entertainment-Napoleon-grillikate-Roque-625-sarja-grillidele-1.jpg","width":1147,"height":1147},{"@type":"BreadcrumbList","@id":"https:\/\/bbqassad.ee\/fi\/toode\/napoleon-prestige-pro665-kaasugrilleihin-tarkoitettu-napoleon-prestige-pro665\/#breadcrumb","itemListElement":[{"@type":"ListItem","position":1,"name":"Home","item":"https:\/\/bbqassad.ee\/fi\/bbq-assat\/"},{"@type":"ListItem","position":2,"name":"Verkkokauppa","item":"https:\/\/bbqassad.ee\/fi\/verkkokauppa\/"},{"@type":"ListItem","position":3,"name":"Napoleon varal\u00e4mmityslevy Prestige PRO665 -kaasugrilleihin"}]},{"@type":"WebSite","@id":"https:\/\/bbqassad.ee\/fi\/#website","url":"https:\/\/bbqassad.ee\/fi\/","name":"BBQ \u00c4ssad","description":"BBQ maitseained, kastmed, ahjud","publisher":{"@id":"https:\/\/bbqassad.ee\/fi\/#organization"},"potentialAction":[{"@type":"SearchAction","target":{"@type":"EntryPoint","urlTemplate":"https:\/\/bbqassad.ee\/fi\/?s={search_term_string}"},"query-input":{"@type":"PropertyValueSpecification","valueRequired":true,"valueName":"search_term_string"}}],"inLanguage":"fi"},{"@type":"Organization","@id":"https:\/\/bbqassad.ee\/fi\/#organization","name":"BBQ \u00c4ssad","url":"https:\/\/bbqassad.ee\/fi\/","logo":{"@type":"ImageObject","inLanguage":"fi","@id":"https:\/\/bbqassad.ee\/fi\/#\/schema\/logo\/image\/","url":"https:\/\/bbqassad.ee\/wp-content\/uploads\/2022\/10\/BBQ-2ssadlogo.png","contentUrl":"https:\/\/bbqassad.ee\/wp-content\/uploads\/2022\/10\/BBQ-2ssadlogo.png","width":1080,"height":1080,"caption":"BBQ \u00c4ssad"},"image":{"@id":"https:\/\/bbqassad.ee\/fi\/#\/schema\/logo\/image\/"},"sameAs":["https:\/\/www.facebook.com\/bbqassad","https:\/\/www.youtube.com\/channel\/UCsoufn49J6TVi9Ah9meE93w"]}]}},"_links":{"self":[{"href":"https:\/\/bbqassad.ee\/fi\/wp-json\/wp\/v2\/product\/21860","targetHints":{"allow":["GET"]}}],"collection":[{"href":"https:\/\/bbqassad.ee\/fi\/wp-json\/wp\/v2\/product"}],"about":[{"href":"https:\/\/bbqassad.ee\/fi\/wp-json\/wp\/v2\/types\/product"}],"replies":[{"embeddable":true,"href":"https:\/\/bbqassad.ee\/fi\/wp-json\/wp\/v2\/comments?post=21860"}],"wp:featuredmedia":[{"embeddable":true,"href":"https:\/\/bbqassad.ee\/fi\/wp-json\/wp\/v2\/media\/21941"}],"wp:attachment":[{"href":"https:\/\/bbqassad.ee\/fi\/wp-json\/wp\/v2\/media?parent=21860"}],"wp:term":[{"taxonomy":"product_brand","embeddable":true,"href":"https:\/\/bbqassad.ee\/fi\/wp-json\/wp\/v2\/product_brand?post=21860"},{"taxonomy":"product_cat","embeddable":true,"href":"https:\/\/bbqassad.ee\/fi\/wp-json\/wp\/v2\/product_cat?post=21860"},{"taxonomy":"product_tag","embeddable":true,"href":"https:\/\/bbqassad.ee\/fi\/wp-json\/wp\/v2\/product_tag?post=21860"}],"curies":[{"name":"wp","href":"https:\/\/api.w.org\/{rel}","templated":true}]}}