{"id":21854,"date":"2026-02-23T15:05:27","date_gmt":"2026-02-23T15:05:27","guid":{"rendered":"https:\/\/bbqassad.ee\/toode\/napoleon-ruostumattomasta-teraksesta-valmistettu-lammitys-moduuligrilli-rogue-425-grilleihin\/"},"modified":"2026-04-14T06:32:22","modified_gmt":"2026-04-14T06:32:22","slug":"napoleon-ruostumattomasta-teraksesta-valmistettu-lammitys-moduuligrilli-rogue-425-grilleihin","status":"publish","type":"product","link":"https:\/\/bbqassad.ee\/fi\/toode\/napoleon-ruostumattomasta-teraksesta-valmistettu-lammitys-moduuligrilli-rogue-425-grilleihin\/","title":{"rendered":"Napoleon ruostumattomasta ter\u00e4ksest\u00e4 valmistettu l\u00e4mmitys-\/moduuligrilli Rogue 425 -grilleihin"},"content":{"rendered":"<p>Ruostumattomasta ter\u00e4ksest\u00e4 valmistettu l\u00e4mmittelyteline Roque 425 -grilleille. T\u00e4ll\u00e4 tuotteella voit korvata grilliss\u00e4si jo olemassa olevan yl\u00e4l\u00e4mmitysritil\u00e4n. Valmistettu monoliittisesta, l\u00e4mp\u00f6\u00e4 pit\u00e4v\u00e4st\u00e4 ter\u00e4ksest\u00e4, jonka reunassa on t\u00e4pl\u00e4t, jotta voit grillata kanan puolikyps\u00e4n\u00e4 roikkuvassa asennossa. Ns. ep\u00e4suorassa grillauksessa v\u00e4ltyt\u00e4\u00e4n kosketukselta ritil\u00e4\u00e4n ja esimerkiksi kananpuolikkaiden nahka s\u00e4ilyy ehj\u00e4n\u00e4. Ritil\u00e4n reiki\u00e4 voidaan k\u00e4ytt\u00e4\u00e4 esimerkiksi tuorejuustolla t\u00e4ytettyjen jalkat\u00e4ytteiden asettamiseen pystyasentoon. Ritil\u00e4ss\u00e4 on my\u00f6s ritil\u00e4ss\u00e4 k\u00e4ytett\u00e4v\u00e4t aukot.     <\/p>\n","protected":false},"excerpt":{"rendered":"<h3><strong>Napoleon Stainless <\/strong><strong>ter\u00e4s <\/strong><strong>l\u00e4mmitys\/moduuligrilli Rogue 425 -grilleihin<\/strong><\/h3>\n<p>Napoleon Rogue 425 -sarjan l\u00e4mmitysgrillin vaihtomoduuli ep\u00e4suoraan grillaukseen ja paahtamiseen.<\/p>\n","protected":false},"featured_media":13670,"comment_status":"closed","ping_status":"closed","template":"","meta":[],"product_brand":[768],"product_cat":[785],"product_tag":[],"class_list":{"0":"post-21854","1":"product","2":"type-product","3":"status-publish","4":"has-post-thumbnail","6":"product_brand-napoleon","7":"product_cat-kaasugrillien-tarvikkeet","9":"first","10":"instock","11":"taxable","12":"shipping-taxable","13":"purchasable","14":"product-type-simple"},"yoast_head":"<!-- This site is optimized with the Yoast SEO plugin v27.4 - https:\/\/yoast.com\/product\/yoast-seo-wordpress\/ -->\n<title>Napoleonin ruostumattomasta ter\u00e4ksest\u00e4 valmistettu l\u00e4mmitysteline Rogue 425 - BBQ \u00c4ssad%<\/title>\n<meta name=\"description\" content=\"Napoleon Rogue 425 -sarjan l\u00e4mmitysgrillin vaihtomoduuli ep\u00e4suoraan grillaukseen ja paahtamiseen. Valmistettu ruostumattomasta ter\u00e4ksest\u00e4, kest\u00e4v\u00e4 ja k\u00e4yt\u00e4nn\u00f6llinen.\" \/>\n<meta name=\"robots\" content=\"index, follow, max-snippet:-1, max-image-preview:large, max-video-preview:-1\" \/>\n<link rel=\"canonical\" href=\"https:\/\/bbqassad.ee\/fi\/toode\/napoleon-ruostumattomasta-teraksesta-valmistettu-lammitys-moduuligrilli-rogue-425-grilleihin\/\" \/>\n<meta property=\"og:locale\" content=\"fi_FI\" \/>\n<meta property=\"og:type\" content=\"article\" \/>\n<meta property=\"og:title\" content=\"Napoleonin ruostumattomasta ter\u00e4ksest\u00e4 valmistettu l\u00e4mmitysteline Rogue 425 - BBQ \u00c4ssad%\" \/>\n<meta property=\"og:description\" content=\"Napoleon Rogue 425 -sarjan l\u00e4mmitysgrillin vaihtomoduuli ep\u00e4suoraan grillaukseen ja paahtamiseen. Valmistettu ruostumattomasta ter\u00e4ksest\u00e4, kest\u00e4v\u00e4 ja k\u00e4yt\u00e4nn\u00f6llinen.\" \/>\n<meta property=\"og:url\" content=\"https:\/\/bbqassad.ee\/fi\/toode\/napoleon-ruostumattomasta-teraksesta-valmistettu-lammitys-moduuligrilli-rogue-425-grilleihin\/\" \/>\n<meta property=\"og:site_name\" content=\"BBQ \u00c4ssad\" \/>\n<meta property=\"article:publisher\" content=\"https:\/\/www.facebook.com\/bbqassad\" \/>\n<meta property=\"article:modified_time\" content=\"2026-04-14T06:32:22+00:00\" \/>\n<meta property=\"og:image\" content=\"https:\/\/bbqassad.ee\/wp-content\/uploads\/2026\/02\/BBQ-Entertainment-Napoleon-roostevaba-soojendusmoodulrest-Roque-425-grillidele-1.jpg\" \/>\n<meta name=\"twitter:card\" content=\"summary_large_image\" \/>\n<meta name=\"twitter:title\" content=\"Napoleonin ruostumattomasta ter\u00e4ksest\u00e4 valmistettu l\u00e4mmitysteline Rogue 425 - BBQ \u00c4ssad%\" \/>\n<meta name=\"twitter:description\" content=\"Napoleon Rogue 425 -sarjan l\u00e4mmitysgrillin vaihtomoduuli ep\u00e4suoraan grillaukseen ja paahtamiseen. Valmistettu ruostumattomasta ter\u00e4ksest\u00e4, kest\u00e4v\u00e4 ja k\u00e4yt\u00e4nn\u00f6llinen.\" \/>\n<meta name=\"twitter:image\" content=\"https:\/\/bbqassad.ee\/wp-content\/uploads\/2026\/02\/BBQ-Entertainment-Napoleon-roostevaba-soojendusmoodulrest-Roque-425-grillidele-1.jpg\" \/>\n<script type=\"application\/ld+json\" class=\"yoast-schema-graph\">{\"@context\":\"https:\\\/\\\/schema.org\",\"@graph\":[{\"@type\":\"WebPage\",\"@id\":\"https:\\\/\\\/bbqassad.ee\\\/fi\\\/toode\\\/napoleon-ruostumattomasta-teraksesta-valmistettu-lammitys-moduuligrilli-rogue-425-grilleihin\\\/\",\"url\":\"https:\\\/\\\/bbqassad.ee\\\/fi\\\/toode\\\/napoleon-ruostumattomasta-teraksesta-valmistettu-lammitys-moduuligrilli-rogue-425-grilleihin\\\/\",\"name\":\"Napoleonin ruostumattomasta ter\u00e4ksest\u00e4 valmistettu l\u00e4mmitysteline Rogue 425 - BBQ \u00c4ssad%\",\"isPartOf\":{\"@id\":\"https:\\\/\\\/bbqassad.ee\\\/fi\\\/#website\"},\"primaryImageOfPage\":{\"@id\":\"https:\\\/\\\/bbqassad.ee\\\/fi\\\/toode\\\/napoleon-ruostumattomasta-teraksesta-valmistettu-lammitys-moduuligrilli-rogue-425-grilleihin\\\/#primaryimage\"},\"image\":{\"@id\":\"https:\\\/\\\/bbqassad.ee\\\/fi\\\/toode\\\/napoleon-ruostumattomasta-teraksesta-valmistettu-lammitys-moduuligrilli-rogue-425-grilleihin\\\/#primaryimage\"},\"thumbnailUrl\":\"https:\\\/\\\/bbqassad.ee\\\/wp-content\\\/uploads\\\/2026\\\/02\\\/BBQ-Entertainment-Napoleon-roostevaba-soojendusmoodulrest-Roque-425-grillidele-1.jpg\",\"datePublished\":\"2026-02-23T15:05:27+00:00\",\"dateModified\":\"2026-04-14T06:32:22+00:00\",\"description\":\"Napoleon Rogue 425 -sarjan l\u00e4mmitysgrillin vaihtomoduuli ep\u00e4suoraan grillaukseen ja paahtamiseen. Valmistettu ruostumattomasta ter\u00e4ksest\u00e4, kest\u00e4v\u00e4 ja k\u00e4yt\u00e4nn\u00f6llinen.\",\"breadcrumb\":{\"@id\":\"https:\\\/\\\/bbqassad.ee\\\/fi\\\/toode\\\/napoleon-ruostumattomasta-teraksesta-valmistettu-lammitys-moduuligrilli-rogue-425-grilleihin\\\/#breadcrumb\"},\"inLanguage\":\"fi\",\"potentialAction\":[{\"@type\":\"ReadAction\",\"target\":[\"https:\\\/\\\/bbqassad.ee\\\/fi\\\/toode\\\/napoleon-ruostumattomasta-teraksesta-valmistettu-lammitys-moduuligrilli-rogue-425-grilleihin\\\/\"]}]},{\"@type\":\"ImageObject\",\"inLanguage\":\"fi\",\"@id\":\"https:\\\/\\\/bbqassad.ee\\\/fi\\\/toode\\\/napoleon-ruostumattomasta-teraksesta-valmistettu-lammitys-moduuligrilli-rogue-425-grilleihin\\\/#primaryimage\",\"url\":\"https:\\\/\\\/bbqassad.ee\\\/wp-content\\\/uploads\\\/2026\\\/02\\\/BBQ-Entertainment-Napoleon-roostevaba-soojendusmoodulrest-Roque-425-grillidele-1.jpg\",\"contentUrl\":\"https:\\\/\\\/bbqassad.ee\\\/wp-content\\\/uploads\\\/2026\\\/02\\\/BBQ-Entertainment-Napoleon-roostevaba-soojendusmoodulrest-Roque-425-grillidele-1.jpg\",\"width\":1044,\"height\":1044},{\"@type\":\"BreadcrumbList\",\"@id\":\"https:\\\/\\\/bbqassad.ee\\\/fi\\\/toode\\\/napoleon-ruostumattomasta-teraksesta-valmistettu-lammitys-moduuligrilli-rogue-425-grilleihin\\\/#breadcrumb\",\"itemListElement\":[{\"@type\":\"ListItem\",\"position\":1,\"name\":\"Home\",\"item\":\"https:\\\/\\\/bbqassad.ee\\\/fi\\\/bbq-assat\\\/\"},{\"@type\":\"ListItem\",\"position\":2,\"name\":\"Verkkokauppa\",\"item\":\"https:\\\/\\\/bbqassad.ee\\\/fi\\\/verkkokauppa\\\/\"},{\"@type\":\"ListItem\",\"position\":3,\"name\":\"Napoleon ruostumattomasta ter\u00e4ksest\u00e4 valmistettu l\u00e4mmitys-\\\/moduuligrilli Rogue 425 -grilleihin\"}]},{\"@type\":\"WebSite\",\"@id\":\"https:\\\/\\\/bbqassad.ee\\\/fi\\\/#website\",\"url\":\"https:\\\/\\\/bbqassad.ee\\\/fi\\\/\",\"name\":\"BBQ \u00c4ssad\",\"description\":\"BBQ maitseained, kastmed, ahjud\",\"publisher\":{\"@id\":\"https:\\\/\\\/bbqassad.ee\\\/fi\\\/#organization\"},\"potentialAction\":[{\"@type\":\"SearchAction\",\"target\":{\"@type\":\"EntryPoint\",\"urlTemplate\":\"https:\\\/\\\/bbqassad.ee\\\/fi\\\/?s={search_term_string}\"},\"query-input\":{\"@type\":\"PropertyValueSpecification\",\"valueRequired\":true,\"valueName\":\"search_term_string\"}}],\"inLanguage\":\"fi\"},{\"@type\":\"Organization\",\"@id\":\"https:\\\/\\\/bbqassad.ee\\\/fi\\\/#organization\",\"name\":\"BBQ \u00c4ssad\",\"url\":\"https:\\\/\\\/bbqassad.ee\\\/fi\\\/\",\"logo\":{\"@type\":\"ImageObject\",\"inLanguage\":\"fi\",\"@id\":\"https:\\\/\\\/bbqassad.ee\\\/fi\\\/#\\\/schema\\\/logo\\\/image\\\/\",\"url\":\"https:\\\/\\\/bbqassad.ee\\\/wp-content\\\/uploads\\\/2022\\\/10\\\/BBQ-2ssadlogo.png\",\"contentUrl\":\"https:\\\/\\\/bbqassad.ee\\\/wp-content\\\/uploads\\\/2022\\\/10\\\/BBQ-2ssadlogo.png\",\"width\":1080,\"height\":1080,\"caption\":\"BBQ \u00c4ssad\"},\"image\":{\"@id\":\"https:\\\/\\\/bbqassad.ee\\\/fi\\\/#\\\/schema\\\/logo\\\/image\\\/\"},\"sameAs\":[\"https:\\\/\\\/www.facebook.com\\\/bbqassad\",\"https:\\\/\\\/www.youtube.com\\\/channel\\\/UCsoufn49J6TVi9Ah9meE93w\"]}]}<\/script>\n<!-- \/ Yoast SEO plugin. -->","yoast_head_json":{"title":"Napoleonin ruostumattomasta ter\u00e4ksest\u00e4 valmistettu l\u00e4mmitysteline Rogue 425 - BBQ \u00c4ssad%","description":"Napoleon Rogue 425 -sarjan l\u00e4mmitysgrillin vaihtomoduuli ep\u00e4suoraan grillaukseen ja paahtamiseen. Valmistettu ruostumattomasta ter\u00e4ksest\u00e4, kest\u00e4v\u00e4 ja k\u00e4yt\u00e4nn\u00f6llinen.","robots":{"index":"index","follow":"follow","max-snippet":"max-snippet:-1","max-image-preview":"max-image-preview:large","max-video-preview":"max-video-preview:-1"},"canonical":"https:\/\/bbqassad.ee\/fi\/toode\/napoleon-ruostumattomasta-teraksesta-valmistettu-lammitys-moduuligrilli-rogue-425-grilleihin\/","og_locale":"fi_FI","og_type":"article","og_title":"Napoleonin ruostumattomasta ter\u00e4ksest\u00e4 valmistettu l\u00e4mmitysteline Rogue 425 - BBQ \u00c4ssad%","og_description":"Napoleon Rogue 425 -sarjan l\u00e4mmitysgrillin vaihtomoduuli ep\u00e4suoraan grillaukseen ja paahtamiseen. Valmistettu ruostumattomasta ter\u00e4ksest\u00e4, kest\u00e4v\u00e4 ja k\u00e4yt\u00e4nn\u00f6llinen.","og_url":"https:\/\/bbqassad.ee\/fi\/toode\/napoleon-ruostumattomasta-teraksesta-valmistettu-lammitys-moduuligrilli-rogue-425-grilleihin\/","og_site_name":"BBQ \u00c4ssad","article_publisher":"https:\/\/www.facebook.com\/bbqassad","article_modified_time":"2026-04-14T06:32:22+00:00","og_image":[{"url":"https:\/\/bbqassad.ee\/wp-content\/uploads\/2026\/02\/BBQ-Entertainment-Napoleon-roostevaba-soojendusmoodulrest-Roque-425-grillidele-1.jpg","type":"","width":"","height":""}],"twitter_card":"summary_large_image","twitter_title":"Napoleonin ruostumattomasta ter\u00e4ksest\u00e4 valmistettu l\u00e4mmitysteline Rogue 425 - BBQ \u00c4ssad%","twitter_description":"Napoleon Rogue 425 -sarjan l\u00e4mmitysgrillin vaihtomoduuli ep\u00e4suoraan grillaukseen ja paahtamiseen. Valmistettu ruostumattomasta ter\u00e4ksest\u00e4, kest\u00e4v\u00e4 ja k\u00e4yt\u00e4nn\u00f6llinen.","twitter_image":"https:\/\/bbqassad.ee\/wp-content\/uploads\/2026\/02\/BBQ-Entertainment-Napoleon-roostevaba-soojendusmoodulrest-Roque-425-grillidele-1.jpg","schema":{"@context":"https:\/\/schema.org","@graph":[{"@type":"WebPage","@id":"https:\/\/bbqassad.ee\/fi\/toode\/napoleon-ruostumattomasta-teraksesta-valmistettu-lammitys-moduuligrilli-rogue-425-grilleihin\/","url":"https:\/\/bbqassad.ee\/fi\/toode\/napoleon-ruostumattomasta-teraksesta-valmistettu-lammitys-moduuligrilli-rogue-425-grilleihin\/","name":"Napoleonin ruostumattomasta ter\u00e4ksest\u00e4 valmistettu l\u00e4mmitysteline Rogue 425 - BBQ \u00c4ssad%","isPartOf":{"@id":"https:\/\/bbqassad.ee\/fi\/#website"},"primaryImageOfPage":{"@id":"https:\/\/bbqassad.ee\/fi\/toode\/napoleon-ruostumattomasta-teraksesta-valmistettu-lammitys-moduuligrilli-rogue-425-grilleihin\/#primaryimage"},"image":{"@id":"https:\/\/bbqassad.ee\/fi\/toode\/napoleon-ruostumattomasta-teraksesta-valmistettu-lammitys-moduuligrilli-rogue-425-grilleihin\/#primaryimage"},"thumbnailUrl":"https:\/\/bbqassad.ee\/wp-content\/uploads\/2026\/02\/BBQ-Entertainment-Napoleon-roostevaba-soojendusmoodulrest-Roque-425-grillidele-1.jpg","datePublished":"2026-02-23T15:05:27+00:00","dateModified":"2026-04-14T06:32:22+00:00","description":"Napoleon Rogue 425 -sarjan l\u00e4mmitysgrillin vaihtomoduuli ep\u00e4suoraan grillaukseen ja paahtamiseen. Valmistettu ruostumattomasta ter\u00e4ksest\u00e4, kest\u00e4v\u00e4 ja k\u00e4yt\u00e4nn\u00f6llinen.","breadcrumb":{"@id":"https:\/\/bbqassad.ee\/fi\/toode\/napoleon-ruostumattomasta-teraksesta-valmistettu-lammitys-moduuligrilli-rogue-425-grilleihin\/#breadcrumb"},"inLanguage":"fi","potentialAction":[{"@type":"ReadAction","target":["https:\/\/bbqassad.ee\/fi\/toode\/napoleon-ruostumattomasta-teraksesta-valmistettu-lammitys-moduuligrilli-rogue-425-grilleihin\/"]}]},{"@type":"ImageObject","inLanguage":"fi","@id":"https:\/\/bbqassad.ee\/fi\/toode\/napoleon-ruostumattomasta-teraksesta-valmistettu-lammitys-moduuligrilli-rogue-425-grilleihin\/#primaryimage","url":"https:\/\/bbqassad.ee\/wp-content\/uploads\/2026\/02\/BBQ-Entertainment-Napoleon-roostevaba-soojendusmoodulrest-Roque-425-grillidele-1.jpg","contentUrl":"https:\/\/bbqassad.ee\/wp-content\/uploads\/2026\/02\/BBQ-Entertainment-Napoleon-roostevaba-soojendusmoodulrest-Roque-425-grillidele-1.jpg","width":1044,"height":1044},{"@type":"BreadcrumbList","@id":"https:\/\/bbqassad.ee\/fi\/toode\/napoleon-ruostumattomasta-teraksesta-valmistettu-lammitys-moduuligrilli-rogue-425-grilleihin\/#breadcrumb","itemListElement":[{"@type":"ListItem","position":1,"name":"Home","item":"https:\/\/bbqassad.ee\/fi\/bbq-assat\/"},{"@type":"ListItem","position":2,"name":"Verkkokauppa","item":"https:\/\/bbqassad.ee\/fi\/verkkokauppa\/"},{"@type":"ListItem","position":3,"name":"Napoleon ruostumattomasta ter\u00e4ksest\u00e4 valmistettu l\u00e4mmitys-\/moduuligrilli Rogue 425 -grilleihin"}]},{"@type":"WebSite","@id":"https:\/\/bbqassad.ee\/fi\/#website","url":"https:\/\/bbqassad.ee\/fi\/","name":"BBQ \u00c4ssad","description":"BBQ maitseained, kastmed, ahjud","publisher":{"@id":"https:\/\/bbqassad.ee\/fi\/#organization"},"potentialAction":[{"@type":"SearchAction","target":{"@type":"EntryPoint","urlTemplate":"https:\/\/bbqassad.ee\/fi\/?s={search_term_string}"},"query-input":{"@type":"PropertyValueSpecification","valueRequired":true,"valueName":"search_term_string"}}],"inLanguage":"fi"},{"@type":"Organization","@id":"https:\/\/bbqassad.ee\/fi\/#organization","name":"BBQ \u00c4ssad","url":"https:\/\/bbqassad.ee\/fi\/","logo":{"@type":"ImageObject","inLanguage":"fi","@id":"https:\/\/bbqassad.ee\/fi\/#\/schema\/logo\/image\/","url":"https:\/\/bbqassad.ee\/wp-content\/uploads\/2022\/10\/BBQ-2ssadlogo.png","contentUrl":"https:\/\/bbqassad.ee\/wp-content\/uploads\/2022\/10\/BBQ-2ssadlogo.png","width":1080,"height":1080,"caption":"BBQ \u00c4ssad"},"image":{"@id":"https:\/\/bbqassad.ee\/fi\/#\/schema\/logo\/image\/"},"sameAs":["https:\/\/www.facebook.com\/bbqassad","https:\/\/www.youtube.com\/channel\/UCsoufn49J6TVi9Ah9meE93w"]}]}},"_links":{"self":[{"href":"https:\/\/bbqassad.ee\/fi\/wp-json\/wp\/v2\/product\/21854","targetHints":{"allow":["GET"]}}],"collection":[{"href":"https:\/\/bbqassad.ee\/fi\/wp-json\/wp\/v2\/product"}],"about":[{"href":"https:\/\/bbqassad.ee\/fi\/wp-json\/wp\/v2\/types\/product"}],"replies":[{"embeddable":true,"href":"https:\/\/bbqassad.ee\/fi\/wp-json\/wp\/v2\/comments?post=21854"}],"wp:featuredmedia":[{"embeddable":true,"href":"https:\/\/bbqassad.ee\/fi\/wp-json\/wp\/v2\/media\/13670"}],"wp:attachment":[{"href":"https:\/\/bbqassad.ee\/fi\/wp-json\/wp\/v2\/media?parent=21854"}],"wp:term":[{"taxonomy":"product_brand","embeddable":true,"href":"https:\/\/bbqassad.ee\/fi\/wp-json\/wp\/v2\/product_brand?post=21854"},{"taxonomy":"product_cat","embeddable":true,"href":"https:\/\/bbqassad.ee\/fi\/wp-json\/wp\/v2\/product_cat?post=21854"},{"taxonomy":"product_tag","embeddable":true,"href":"https:\/\/bbqassad.ee\/fi\/wp-json\/wp\/v2\/product_tag?post=21854"}],"curies":[{"name":"wp","href":"https:\/\/api.w.org\/{rel}","templated":true}]}}