{"id":21829,"date":"2026-02-23T15:05:34","date_gmt":"2026-02-23T15:05:34","guid":{"rendered":"https:\/\/bbqassad.ee\/toode\/laavakivi-jossa-on-jalkajalat-laavakivi-grillilevy\/"},"modified":"2026-04-14T06:32:21","modified_gmt":"2026-04-14T06:32:21","slug":"laavakivi-jossa-on-jalkajalat-laavakivi-grillilevy","status":"publish","type":"product","link":"https:\/\/bbqassad.ee\/fi\/toode\/laavakivi-jossa-on-jalkajalat-laavakivi-grillilevy\/","title":{"rendered":"Laavakivi, jossa on jalkajalat \/ laavakivi grillilevy"},"content":{"rendered":"<p><img decoding=\"async\" class=\"size-full wp-image-7251 alignleft\" src=\"https:\/\/grilliguru.ee\/wp-content\/uploads\/2021\/08\/Laavakivi-jalgadega.png\" alt=\"\" width=\"300\" height=\"300\">Luonnollisten ominaisuuksiensa ja erityisen alkuper\u00e4ns\u00e4 ansiosta t\u00e4ll\u00e4 ainutlaatuisella materiaalilla on ihanteelliset fysikaaliset ominaisuudet rasvattomaan grillaukseen kaikissa muodoissa. Koska kivi on kest\u00e4nyt hyvin korkeita l\u00e4mp\u00f6tiloja ajan mittaan sek\u00e4 tulivuoritoiminnan ett\u00e4 mannerlaattojen hankauksen vaikutuksesta, se on my\u00f6s varsin kest\u00e4v\u00e4 korkeille l\u00e4mp\u00f6tiloille. Voit yksinkertaisesti sytytt\u00e4\u00e4 tulen laatan alle ja se toimii! K\u00e4ytet\u00e4\u00e4n tyypillisesti kivigrillien lis\u00e4n\u00e4 lihan, kalan ja vihannesten kypsent\u00e4miseen. Rasvaa ei tarvitse lis\u00e4t\u00e4, liekit tai hehkuvien hiilien liian voimakas kuumuus eiv\u00e4t vahingoita ruokaa. Koska grilliin ei tipu rasvaa, ei synny terveydelle haitallista hajua tai savua. L\u00e4mm\u00f6n ihanteellinen jakautuminen koko kivilevylle tekee hitaasta kypsennyksest\u00e4 sek\u00e4 ruoan l\u00e4mpim\u00e4n\u00e4 pit\u00e4misest\u00e4 sen j\u00e4lkeen k\u00e4tev\u00e4\u00e4.      <\/p>\n<p>Kuten kaikkien arvoesineiden kohdalla, on kuitenkin noudatettava joitakin k\u00e4ytt\u00f6- ja hoitos\u00e4\u00e4nt\u00f6j\u00e4.<\/p>\n<p>USE<\/p>\n<p>Kun uutta laavakive\u00e4 k\u00e4ytet\u00e4\u00e4n ensimm\u00e4ist\u00e4 kertaa, on oltava varovainen, ja kivi on k\u00e4sitelt\u00e4v\u00e4:<\/p>\n<p>&#8211; pese suolavedell\u00e4 ja kuivaa huolellisesti;<\/p>\n<p>&#8211; voitele se molemmin puolin oliivi\u00f6ljyll\u00e4 tai laardilla ja anna sen lev\u00e4t\u00e4 v\u00e4hint\u00e4\u00e4n 24 tuntia; poista sitten ylim\u00e4\u00e4r\u00e4inen rasva imukykyisell\u00e4 paperilla.<\/p>\n<p>&#8211; kun sit\u00e4 l\u00e4mmitet\u00e4\u00e4n ensin, kuumenna v\u00e4hitellen lis\u00e4\u00e4m\u00e4ll\u00e4 l\u00e4mp\u00f6\u00e4 hitaasti. T\u00e4m\u00e4 auttaa ehk\u00e4isem\u00e4\u00e4n mikromurtumia. <\/p>\n<p>&#8211; hitaasti lis\u00e4\u00e4ntyv\u00e4 l\u00e4mp\u00f6 on hyv\u00e4 my\u00f6s my\u00f6hemp\u00e4\u00e4 k\u00e4ytt\u00f6\u00e4 varten. Halkeamia syntyy ajan my\u00f6t\u00e4 joka tapauksessa, mutta oikea k\u00e4ytt\u00f6 pit\u00e4\u00e4 kiven k\u00e4ytt\u00f6kunnossa pidemp\u00e4\u00e4n. <\/p>\n<p>&#8211; Voit tarkistaa, ett\u00e4 kivi on saavuttanut maksimil\u00e4mp\u00f6tilan, esimerkiksi tiputtamalla siihen etikkaa. Jos se haihtuu v\u00e4litt\u00f6m\u00e4sti, kivi on k\u00e4ytt\u00f6valmis. <\/p>\n<p>&#8211; Kivi kest\u00e4\u00e4 jopa 700 C:n l\u00e4mp\u00f6tilaa, mutta normaalik\u00e4yt\u00f6ss\u00e4 ei koskaan tarvita yli 400 C:n l\u00e4mp\u00f6tilaa. \u00c4l\u00e4 ylikuumenna! <\/p>\n<p>&#8211; Voit l\u00e4mmitt\u00e4\u00e4 kive\u00e4 eri tavoin: kaasugrilli, pellettigrilli, puu-uuni, ulkogrilli jne.<\/p>\n<p>&#8211; eiv\u00e4t saa lis\u00e4t\u00e4 tuotteisiin lainkaan rasvaa terveellisemm\u00e4n ruokavalion nimiss\u00e4. Kiven pinta ei halkeile. <\/p>\n<p>&#8211; voit lis\u00e4t\u00e4 ruokaan oliivi\u00f6ljy\u00e4, voita tai tilkan viini\u00e4.<\/p>\n<p>&#8211; kiveen jyrsitty ura rasvan ker\u00e4\u00e4mist\u00e4 varten<\/p>\n<p>&#8211; \u00c4l\u00e4 miss\u00e4\u00e4n tapauksessa k\u00e4yt\u00e4 astianpesuainetta puhdistukseen, sill\u00e4 se imeytyy kiveen ja pilaa seuraavan ateriasi. Raaputa kivi puhtaaksi lastalla. <\/p>\n<p>&#8211; metallirunko, jossa on 17 cm korkeat jalat kiven helppoa k\u00e4sittely\u00e4 varten. Kehys my\u00f6s pit\u00e4\u00e4 kiven kasassa halkeamien sattuessa. <\/p>\n<p>Mitat 50 x 40cm, kiven leveys nostotankojen kanssa 59,5cm.<\/p>\n<p>Paino 15kg<\/p>\n<p>Alkuper\u00e4 &#8211; Pohjois-Italian Alpit<\/p>\n<p>&nbsp;<\/p>\n","protected":false},"excerpt":{"rendered":"<h3><strong>Laavakivi, jossa on jalkajalat \/ laavakivi grillilevy<\/strong><\/h3>\n<p>Metallirunkoinen, kallistusjalkainen laavakivilaatta rasvattomien ruokien valmistukseen<\/p>\n","protected":false},"featured_media":13862,"comment_status":"closed","ping_status":"closed","template":"","meta":[],"product_brand":[768],"product_cat":[785],"product_tag":[],"class_list":{"0":"post-21829","1":"product","2":"type-product","3":"status-publish","4":"has-post-thumbnail","6":"product_brand-napoleon","7":"product_cat-kaasugrillien-tarvikkeet","9":"first","10":"instock","11":"taxable","12":"shipping-taxable","13":"purchasable","14":"product-type-simple"},"yoast_head":"<!-- This site is optimized with the Yoast SEO plugin v27.4 - https:\/\/yoast.com\/product\/yoast-seo-wordpress\/ -->\n<title>Laavakivigrillilevy jaloilla - BBQ \u00c4ssad%<\/title>\n<meta name=\"description\" content=\"Grillilevy, jossa on laavakivipohjat metallikehyksess\u00e4, kallistuva jalka. Sopii rasvattomaan ruoanlaittoon. Ihanteellinen lis\u00e4varuste kaasugrilleihin.\" \/>\n<meta name=\"robots\" content=\"index, follow, max-snippet:-1, max-image-preview:large, max-video-preview:-1\" \/>\n<link rel=\"canonical\" href=\"https:\/\/bbqassad.ee\/fi\/toode\/laavakivi-jossa-on-jalkajalat-laavakivi-grillilevy\/\" \/>\n<meta property=\"og:locale\" content=\"fi_FI\" \/>\n<meta property=\"og:type\" content=\"article\" \/>\n<meta property=\"og:title\" content=\"Laavakivigrillilevy jaloilla - BBQ \u00c4ssad%\" \/>\n<meta property=\"og:description\" content=\"Grillilevy, jossa on laavakivipohjat metallikehyksess\u00e4, kallistuva jalka. Sopii rasvattomaan ruoanlaittoon. Ihanteellinen lis\u00e4varuste kaasugrilleihin.\" \/>\n<meta property=\"og:url\" content=\"https:\/\/bbqassad.ee\/fi\/toode\/laavakivi-jossa-on-jalkajalat-laavakivi-grillilevy\/\" \/>\n<meta property=\"og:site_name\" content=\"BBQ \u00c4ssad\" \/>\n<meta property=\"article:publisher\" content=\"https:\/\/www.facebook.com\/bbqassad\" \/>\n<meta property=\"article:modified_time\" content=\"2026-04-14T06:32:21+00:00\" \/>\n<meta property=\"og:image\" content=\"https:\/\/bbqassad.ee\/wp-content\/uploads\/2026\/02\/Laavakivi-jalgadega.png\" \/>\n<meta name=\"twitter:card\" content=\"summary_large_image\" \/>\n<meta name=\"twitter:title\" content=\"Laavakivigrillilevy jaloilla - BBQ \u00c4ssad%\" \/>\n<meta name=\"twitter:description\" content=\"Grillilevy, jossa on laavakivipohjat metallikehyksess\u00e4, kallistuva jalka. Sopii rasvattomaan ruoanlaittoon. Ihanteellinen lis\u00e4varuste kaasugrilleihin.\" \/>\n<meta name=\"twitter:image\" content=\"https:\/\/bbqassad.ee\/wp-content\/uploads\/2026\/02\/Laavakivi-jalgadega.png\" \/>\n<meta name=\"twitter:label1\" content=\"Arvioitu lukuaika\" \/>\n\t<meta name=\"twitter:data1\" content=\"2 minuuttia\" \/>\n<script type=\"application\/ld+json\" class=\"yoast-schema-graph\">{\"@context\":\"https:\\\/\\\/schema.org\",\"@graph\":[{\"@type\":\"WebPage\",\"@id\":\"https:\\\/\\\/bbqassad.ee\\\/fi\\\/toode\\\/laavakivi-jossa-on-jalkajalat-laavakivi-grillilevy\\\/\",\"url\":\"https:\\\/\\\/bbqassad.ee\\\/fi\\\/toode\\\/laavakivi-jossa-on-jalkajalat-laavakivi-grillilevy\\\/\",\"name\":\"Laavakivigrillilevy jaloilla - BBQ \u00c4ssad%\",\"isPartOf\":{\"@id\":\"https:\\\/\\\/bbqassad.ee\\\/fi\\\/#website\"},\"primaryImageOfPage\":{\"@id\":\"https:\\\/\\\/bbqassad.ee\\\/fi\\\/toode\\\/laavakivi-jossa-on-jalkajalat-laavakivi-grillilevy\\\/#primaryimage\"},\"image\":{\"@id\":\"https:\\\/\\\/bbqassad.ee\\\/fi\\\/toode\\\/laavakivi-jossa-on-jalkajalat-laavakivi-grillilevy\\\/#primaryimage\"},\"thumbnailUrl\":\"https:\\\/\\\/bbqassad.ee\\\/wp-content\\\/uploads\\\/2026\\\/02\\\/Laavakivi-jalgadega.png\",\"datePublished\":\"2026-02-23T15:05:34+00:00\",\"dateModified\":\"2026-04-14T06:32:21+00:00\",\"description\":\"Grillilevy, jossa on laavakivipohjat metallikehyksess\u00e4, kallistuva jalka. Sopii rasvattomaan ruoanlaittoon. Ihanteellinen lis\u00e4varuste kaasugrilleihin.\",\"breadcrumb\":{\"@id\":\"https:\\\/\\\/bbqassad.ee\\\/fi\\\/toode\\\/laavakivi-jossa-on-jalkajalat-laavakivi-grillilevy\\\/#breadcrumb\"},\"inLanguage\":\"fi\",\"potentialAction\":[{\"@type\":\"ReadAction\",\"target\":[\"https:\\\/\\\/bbqassad.ee\\\/fi\\\/toode\\\/laavakivi-jossa-on-jalkajalat-laavakivi-grillilevy\\\/\"]}]},{\"@type\":\"ImageObject\",\"inLanguage\":\"fi\",\"@id\":\"https:\\\/\\\/bbqassad.ee\\\/fi\\\/toode\\\/laavakivi-jossa-on-jalkajalat-laavakivi-grillilevy\\\/#primaryimage\",\"url\":\"https:\\\/\\\/bbqassad.ee\\\/wp-content\\\/uploads\\\/2026\\\/02\\\/Laavakivi-jalgadega.png\",\"contentUrl\":\"https:\\\/\\\/bbqassad.ee\\\/wp-content\\\/uploads\\\/2026\\\/02\\\/Laavakivi-jalgadega.png\",\"width\":300,\"height\":300},{\"@type\":\"BreadcrumbList\",\"@id\":\"https:\\\/\\\/bbqassad.ee\\\/fi\\\/toode\\\/laavakivi-jossa-on-jalkajalat-laavakivi-grillilevy\\\/#breadcrumb\",\"itemListElement\":[{\"@type\":\"ListItem\",\"position\":1,\"name\":\"Home\",\"item\":\"https:\\\/\\\/bbqassad.ee\\\/fi\\\/bbq-assat\\\/\"},{\"@type\":\"ListItem\",\"position\":2,\"name\":\"Verkkokauppa\",\"item\":\"https:\\\/\\\/bbqassad.ee\\\/fi\\\/verkkokauppa\\\/\"},{\"@type\":\"ListItem\",\"position\":3,\"name\":\"Laavakivi, jossa on jalkajalat \\\/ laavakivi grillilevy\"}]},{\"@type\":\"WebSite\",\"@id\":\"https:\\\/\\\/bbqassad.ee\\\/fi\\\/#website\",\"url\":\"https:\\\/\\\/bbqassad.ee\\\/fi\\\/\",\"name\":\"BBQ \u00c4ssad\",\"description\":\"BBQ maitseained, kastmed, ahjud\",\"publisher\":{\"@id\":\"https:\\\/\\\/bbqassad.ee\\\/fi\\\/#organization\"},\"potentialAction\":[{\"@type\":\"SearchAction\",\"target\":{\"@type\":\"EntryPoint\",\"urlTemplate\":\"https:\\\/\\\/bbqassad.ee\\\/fi\\\/?s={search_term_string}\"},\"query-input\":{\"@type\":\"PropertyValueSpecification\",\"valueRequired\":true,\"valueName\":\"search_term_string\"}}],\"inLanguage\":\"fi\"},{\"@type\":\"Organization\",\"@id\":\"https:\\\/\\\/bbqassad.ee\\\/fi\\\/#organization\",\"name\":\"BBQ \u00c4ssad\",\"url\":\"https:\\\/\\\/bbqassad.ee\\\/fi\\\/\",\"logo\":{\"@type\":\"ImageObject\",\"inLanguage\":\"fi\",\"@id\":\"https:\\\/\\\/bbqassad.ee\\\/fi\\\/#\\\/schema\\\/logo\\\/image\\\/\",\"url\":\"https:\\\/\\\/bbqassad.ee\\\/wp-content\\\/uploads\\\/2022\\\/10\\\/BBQ-2ssadlogo.png\",\"contentUrl\":\"https:\\\/\\\/bbqassad.ee\\\/wp-content\\\/uploads\\\/2022\\\/10\\\/BBQ-2ssadlogo.png\",\"width\":1080,\"height\":1080,\"caption\":\"BBQ \u00c4ssad\"},\"image\":{\"@id\":\"https:\\\/\\\/bbqassad.ee\\\/fi\\\/#\\\/schema\\\/logo\\\/image\\\/\"},\"sameAs\":[\"https:\\\/\\\/www.facebook.com\\\/bbqassad\",\"https:\\\/\\\/www.youtube.com\\\/channel\\\/UCsoufn49J6TVi9Ah9meE93w\"]}]}<\/script>\n<!-- \/ Yoast SEO plugin. -->","yoast_head_json":{"title":"Laavakivigrillilevy jaloilla - BBQ \u00c4ssad%","description":"Grillilevy, jossa on laavakivipohjat metallikehyksess\u00e4, kallistuva jalka. Sopii rasvattomaan ruoanlaittoon. Ihanteellinen lis\u00e4varuste kaasugrilleihin.","robots":{"index":"index","follow":"follow","max-snippet":"max-snippet:-1","max-image-preview":"max-image-preview:large","max-video-preview":"max-video-preview:-1"},"canonical":"https:\/\/bbqassad.ee\/fi\/toode\/laavakivi-jossa-on-jalkajalat-laavakivi-grillilevy\/","og_locale":"fi_FI","og_type":"article","og_title":"Laavakivigrillilevy jaloilla - BBQ \u00c4ssad%","og_description":"Grillilevy, jossa on laavakivipohjat metallikehyksess\u00e4, kallistuva jalka. Sopii rasvattomaan ruoanlaittoon. Ihanteellinen lis\u00e4varuste kaasugrilleihin.","og_url":"https:\/\/bbqassad.ee\/fi\/toode\/laavakivi-jossa-on-jalkajalat-laavakivi-grillilevy\/","og_site_name":"BBQ \u00c4ssad","article_publisher":"https:\/\/www.facebook.com\/bbqassad","article_modified_time":"2026-04-14T06:32:21+00:00","og_image":[{"url":"https:\/\/bbqassad.ee\/wp-content\/uploads\/2026\/02\/Laavakivi-jalgadega.png","type":"","width":"","height":""}],"twitter_card":"summary_large_image","twitter_title":"Laavakivigrillilevy jaloilla - BBQ \u00c4ssad%","twitter_description":"Grillilevy, jossa on laavakivipohjat metallikehyksess\u00e4, kallistuva jalka. Sopii rasvattomaan ruoanlaittoon. Ihanteellinen lis\u00e4varuste kaasugrilleihin.","twitter_image":"https:\/\/bbqassad.ee\/wp-content\/uploads\/2026\/02\/Laavakivi-jalgadega.png","twitter_misc":{"Arvioitu lukuaika":"2 minuuttia"},"schema":{"@context":"https:\/\/schema.org","@graph":[{"@type":"WebPage","@id":"https:\/\/bbqassad.ee\/fi\/toode\/laavakivi-jossa-on-jalkajalat-laavakivi-grillilevy\/","url":"https:\/\/bbqassad.ee\/fi\/toode\/laavakivi-jossa-on-jalkajalat-laavakivi-grillilevy\/","name":"Laavakivigrillilevy jaloilla - BBQ \u00c4ssad%","isPartOf":{"@id":"https:\/\/bbqassad.ee\/fi\/#website"},"primaryImageOfPage":{"@id":"https:\/\/bbqassad.ee\/fi\/toode\/laavakivi-jossa-on-jalkajalat-laavakivi-grillilevy\/#primaryimage"},"image":{"@id":"https:\/\/bbqassad.ee\/fi\/toode\/laavakivi-jossa-on-jalkajalat-laavakivi-grillilevy\/#primaryimage"},"thumbnailUrl":"https:\/\/bbqassad.ee\/wp-content\/uploads\/2026\/02\/Laavakivi-jalgadega.png","datePublished":"2026-02-23T15:05:34+00:00","dateModified":"2026-04-14T06:32:21+00:00","description":"Grillilevy, jossa on laavakivipohjat metallikehyksess\u00e4, kallistuva jalka. Sopii rasvattomaan ruoanlaittoon. Ihanteellinen lis\u00e4varuste kaasugrilleihin.","breadcrumb":{"@id":"https:\/\/bbqassad.ee\/fi\/toode\/laavakivi-jossa-on-jalkajalat-laavakivi-grillilevy\/#breadcrumb"},"inLanguage":"fi","potentialAction":[{"@type":"ReadAction","target":["https:\/\/bbqassad.ee\/fi\/toode\/laavakivi-jossa-on-jalkajalat-laavakivi-grillilevy\/"]}]},{"@type":"ImageObject","inLanguage":"fi","@id":"https:\/\/bbqassad.ee\/fi\/toode\/laavakivi-jossa-on-jalkajalat-laavakivi-grillilevy\/#primaryimage","url":"https:\/\/bbqassad.ee\/wp-content\/uploads\/2026\/02\/Laavakivi-jalgadega.png","contentUrl":"https:\/\/bbqassad.ee\/wp-content\/uploads\/2026\/02\/Laavakivi-jalgadega.png","width":300,"height":300},{"@type":"BreadcrumbList","@id":"https:\/\/bbqassad.ee\/fi\/toode\/laavakivi-jossa-on-jalkajalat-laavakivi-grillilevy\/#breadcrumb","itemListElement":[{"@type":"ListItem","position":1,"name":"Home","item":"https:\/\/bbqassad.ee\/fi\/bbq-assat\/"},{"@type":"ListItem","position":2,"name":"Verkkokauppa","item":"https:\/\/bbqassad.ee\/fi\/verkkokauppa\/"},{"@type":"ListItem","position":3,"name":"Laavakivi, jossa on jalkajalat \/ laavakivi grillilevy"}]},{"@type":"WebSite","@id":"https:\/\/bbqassad.ee\/fi\/#website","url":"https:\/\/bbqassad.ee\/fi\/","name":"BBQ \u00c4ssad","description":"BBQ maitseained, kastmed, ahjud","publisher":{"@id":"https:\/\/bbqassad.ee\/fi\/#organization"},"potentialAction":[{"@type":"SearchAction","target":{"@type":"EntryPoint","urlTemplate":"https:\/\/bbqassad.ee\/fi\/?s={search_term_string}"},"query-input":{"@type":"PropertyValueSpecification","valueRequired":true,"valueName":"search_term_string"}}],"inLanguage":"fi"},{"@type":"Organization","@id":"https:\/\/bbqassad.ee\/fi\/#organization","name":"BBQ \u00c4ssad","url":"https:\/\/bbqassad.ee\/fi\/","logo":{"@type":"ImageObject","inLanguage":"fi","@id":"https:\/\/bbqassad.ee\/fi\/#\/schema\/logo\/image\/","url":"https:\/\/bbqassad.ee\/wp-content\/uploads\/2022\/10\/BBQ-2ssadlogo.png","contentUrl":"https:\/\/bbqassad.ee\/wp-content\/uploads\/2022\/10\/BBQ-2ssadlogo.png","width":1080,"height":1080,"caption":"BBQ \u00c4ssad"},"image":{"@id":"https:\/\/bbqassad.ee\/fi\/#\/schema\/logo\/image\/"},"sameAs":["https:\/\/www.facebook.com\/bbqassad","https:\/\/www.youtube.com\/channel\/UCsoufn49J6TVi9Ah9meE93w"]}]}},"_links":{"self":[{"href":"https:\/\/bbqassad.ee\/fi\/wp-json\/wp\/v2\/product\/21829","targetHints":{"allow":["GET"]}}],"collection":[{"href":"https:\/\/bbqassad.ee\/fi\/wp-json\/wp\/v2\/product"}],"about":[{"href":"https:\/\/bbqassad.ee\/fi\/wp-json\/wp\/v2\/types\/product"}],"replies":[{"embeddable":true,"href":"https:\/\/bbqassad.ee\/fi\/wp-json\/wp\/v2\/comments?post=21829"}],"wp:featuredmedia":[{"embeddable":true,"href":"https:\/\/bbqassad.ee\/fi\/wp-json\/wp\/v2\/media\/13862"}],"wp:attachment":[{"href":"https:\/\/bbqassad.ee\/fi\/wp-json\/wp\/v2\/media?parent=21829"}],"wp:term":[{"taxonomy":"product_brand","embeddable":true,"href":"https:\/\/bbqassad.ee\/fi\/wp-json\/wp\/v2\/product_brand?post=21829"},{"taxonomy":"product_cat","embeddable":true,"href":"https:\/\/bbqassad.ee\/fi\/wp-json\/wp\/v2\/product_cat?post=21829"},{"taxonomy":"product_tag","embeddable":true,"href":"https:\/\/bbqassad.ee\/fi\/wp-json\/wp\/v2\/product_tag?post=21829"}],"curies":[{"name":"wp","href":"https:\/\/api.w.org\/{rel}","templated":true}]}}