{"id":21815,"date":"2026-02-23T15:05:35","date_gmt":"2026-02-23T15:05:35","guid":{"rendered":"https:\/\/bbqassad.ee\/toode\/napoleon-phantom-travelq-pro285x-kannettava-kaasugrilli-mattmusta-disain\/"},"modified":"2026-04-14T06:32:20","modified_gmt":"2026-04-14T06:32:20","slug":"napoleon-phantom-travelq-pro285x-kannettava-kaasugrilli-mattmusta-disain","status":"publish","type":"product","link":"https:\/\/bbqassad.ee\/fi\/toode\/napoleon-phantom-travelq-pro285x-kannettava-kaasugrilli-mattmusta-disain\/","title":{"rendered":"Napoleon Phantom TravelQ PRO285X kannettava kaasugrilli, mattamusta"},"content":{"rendered":"<h3 data-start=\"0\" data-end=\"31\"><strong data-start=\"0\" data-end=\"31\">Miksi valita Napoleon Grilli?<\/strong><\/h3>\n<p class=\"\" data-start=\"33\" data-end=\"253\">Napoleon on kanadalainen perheyritys, joka on keskittynyt korkealaatuisten grillien ja ulkokeitinratkaisujen kehitt\u00e4miseen vuosikymmeni\u00e4. Br\u00e4ndi tunnetaan kaikkialla maailmassa luotettavuudesta, innovaatiosta ja pitk\u00e4ik\u00e4isyydest\u00e4. <\/p>\n<p class=\"\" data-start=\"255\" data-end=\"629\">Jokainen Napoleon-grilli on suunniteltu tarjoamaan tarkkaa l\u00e4mm\u00f6ns\u00e4\u00e4t\u00f6\u00e4, vankkaa rakennetta ja harkittua helppok\u00e4ytt\u00f6isyytt\u00e4. Olipa kyseess\u00e4 hiili-, kaasu- tai pellettigrilli, Napoleon yhdist\u00e4\u00e4 modernin muotoilun k\u00e4yt\u00e4nn\u00f6llisiin ratkaisuihin: ruostumattomasta ter\u00e4ksest\u00e4 valmistetut polttimet, valurautagrillit, JETFIRE\u2122-sytytysj\u00e4rjestelm\u00e4, ACCU-PROBE\u2122-l\u00e4mp\u00f6mittari ja \u00e4lykk\u00e4\u00e4t s\u00e4ilytysratkaisut ovat vain muutamia esimerkkej\u00e4. <\/p>\n<p class=\"\" data-start=\"631\" data-end=\"859\">Napoleonin valikoima kattaa kaikki tarpeet &#8211; kannettavista malleista t\u00e4ysratkaisuihin kentt\u00e4keitti\u00f6ihin. Jos arvostat luotettavuutta, toimivuutta ja monipuolisuutta grillata ymp\u00e4ri vuoden, Napoleon on oikea valinta. <\/p>\n","protected":false},"excerpt":{"rendered":"<h3>Napoleon Phantom TravelQ PRO285X kannettava kaasugrilli, jossa on kokoontaitettava runko, 2 poltinta<\/h3>\n<p class=\"\" data-start=\"95\" data-end=\"353\">Napoleon Phantom TravelQ PRO285X on kompakti mutta tehokas kaasugrilli, joka sopii t\u00e4ydellisesti niille, jotka arvostavat liikkuvuutta, tyyli\u00e4 ja toimivuutta. Ylellinen mattamusta viimeistely ulottuu grillin kannesta runkoon, mik\u00e4 luo yhten\u00e4isen ja eksklusiivisen ilmeen. <\/p>\n<p class=\"\" data-start=\"355\" data-end=\"616\">Kahden ruostumattomasta ter\u00e4ksest\u00e4 valmistetun polttimen, korkean kannen ja valurautaisilla ritil\u00f6ill\u00e4 varustetun grillausalueen ansiosta voit valmistaa jopa 20 hampurilaista kerrallaan tai kypsent\u00e4\u00e4 kokonaisen kanan, kalkkunan tai paahtopaistin. Ulosvedett\u00e4v\u00e4 l\u00e4mmitinteline taittuu kokoon ja vapauttaa tarvittaessa koko grillauspinnan. <\/p>\n<p class=\"\" data-start=\"618\" data-end=\"838\">Suurilla py\u00f6rill\u00e4 varustetun kokoontaitettavan rungon ansiosta grilli on helppo siirt\u00e4\u00e4 miss\u00e4 tahansa ymp\u00e4rist\u00f6ss\u00e4. K\u00e4tev\u00e4 s\u00e4ilytys, nopea pystytys ja kaasupullon turvallinen kiinnitys tekev\u00e4t t\u00e4st\u00e4 k\u00e4yt\u00e4nn\u00f6llisen ja liikkuvan grillauskokemuksen. <\/p>\n<p class=\"\" data-start=\"74\" data-end=\"166\"><strong data-start=\"74\" data-end=\"166\">Ominaisuudet ja tekniset tiedot  <\/strong><\/p>\n<ul data-start=\"168\" data-end=\"731\" data-is-last-node=\"\" data-is-only-node=\"\">\n<li class=\"\" data-start=\"168\" data-end=\"186\">\n<p class=\"\" data-start=\"170\" data-end=\"186\">polttoaine: propaani<\/p>\n<\/li>\n<li class=\"\" data-start=\"187\" data-end=\"206\">\n<p class=\"\" data-start=\"189\" data-end=\"206\">teho: 4,1 kW<\/p>\n<\/li>\n<li class=\"\" data-start=\"207\" data-end=\"242\">\n<p class=\"\" data-start=\"209\" data-end=\"242\">2 ruostumattomasta ter\u00e4ksest\u00e4 valmistettua poltinta<\/p>\n<\/li>\n<li class=\"\" data-start=\"243\" data-end=\"305\">\n<p class=\"\" data-start=\"245\" data-end=\"305\">p\u00e4\u00e4grillauspinta-ala: 54 \u00d7 37 cm<\/p>\n<\/li>\n<li class=\"\" data-start=\"306\" data-end=\"339\">\n<p class=\"\" data-start=\"308\" data-end=\"339\">kokonaisgrillauspinta-ala: 1 840 cm\u00b2<\/p>\n<\/li>\n<li class=\"\" data-start=\"340\" data-end=\"382\">\n<p class=\"\" data-start=\"342\" data-end=\"382\">kest\u00e4v\u00e4 painevalettu alumiinikansi<\/p>\n<\/li>\n<li class=\"\" data-start=\"383\" data-end=\"424\">\n<p class=\"\" data-start=\"385\" data-end=\"424\">kokoontaitettava perusrunko suurilla py\u00f6rill\u00e4<\/p>\n<\/li>\n<li class=\"\" data-start=\"425\" data-end=\"473\">\n<p class=\"\" data-start=\"427\" data-end=\"473\">sivuhyllyt, joissa on pyyhe- ja tarvikekoukut<\/p>\n<\/li>\n<li class=\"\" data-start=\"474\" data-end=\"502\">\n<p class=\"\" data-start=\"476\" data-end=\"502\">ergonomiset hallintalaitteet<\/p>\n<\/li>\n<li class=\"\" data-start=\"503\" data-end=\"528\">\n<p class=\"\" data-start=\"505\" data-end=\"528\">JETFIRE\u2122-sytytysj\u00e4rjestelm\u00e4<\/p>\n<\/li>\n<li class=\"\" data-start=\"529\" data-end=\"556\">\n<p class=\"\" data-start=\"531\" data-end=\"556\">Accu-Probe\u2122-l\u00e4mp\u00f6mittari<\/p>\n<\/li>\n<li class=\"\" data-start=\"557\" data-end=\"590\">\n<p class=\"\" data-start=\"559\" data-end=\"590\">helposti puhdistettava rasvalaatikko<\/p>\n<\/li>\n<li class=\"\" data-start=\"591\" data-end=\"631\">\n<p class=\"\" data-start=\"593\" data-end=\"631\">rotaisserie tanko: ei toimiteta<\/p>\n<\/li>\n<li class=\"\" data-start=\"632\" data-end=\"667\">\n<p class=\"\" data-start=\"634\" data-end=\"667\">korkeus: 101 cm (131 cm avattuna)<\/p>\n<\/li>\n<li class=\"\" data-start=\"668\" data-end=\"714\">\n<p class=\"\" data-start=\"670\" data-end=\"714\">leveys: 112 cm (108 cm hyllyt alasp\u00e4in)<\/p>\n<\/li>\n<li class=\"\" data-start=\"715\" data-end=\"731\">\n<p class=\"\" data-start=\"717\" data-end=\"731\">syvyys: 51 cm<\/p>\n<\/li>\n<\/ul>\n<p class=\"\" data-start=\"0\" data-end=\"53\"><em><strong data-start=\"0\" data-end=\"53\">TravelQ PRO285X:n ja Phantom PRO285X:n eroavaisuudet<\/strong><\/em><\/p>\n<p class=\"\" data-start=\"55\" data-end=\"287\"><em>Phantomissa on ylellinen mattamusta viimeistely (mukaan lukien kahvat ja hyllyt) ja saranoitu l\u00e4mmitysteline, jonka ansiosta grillialueelle p\u00e4\u00e4see paremmin k\u00e4siksi. PRO285X-vakiomallissa on yksinkertainen musta viimeistely, eik\u00e4 siin\u00e4 ole t\u00e4t\u00e4 lis\u00e4ominaisuutta. <\/em><\/p>\n","protected":false},"featured_media":21816,"comment_status":"closed","ping_status":"closed","template":"","meta":[],"product_brand":[768],"product_cat":[786,781],"product_tag":[],"class_list":{"0":"post-21815","1":"product","2":"type-product","3":"status-publish","4":"has-post-thumbnail","6":"product_brand-napoleon","7":"product_cat-napoleonin-kaasugrillit","8":"product_cat-uunit","9":"product_shipping_class-ilmainen-toimitus","11":"first","12":"instock","13":"taxable","14":"shipping-taxable","15":"purchasable","16":"product-type-simple"},"yoast_head":"<!-- This site is optimized with the Yoast SEO plugin v27.4 - https:\/\/yoast.com\/product\/yoast-seo-wordpress\/ -->\n<title>Napoleon Phantom TravelQ PRO285X kannettava kaasugrilli - BBQ \u00c4ssad%<\/title>\n<meta name=\"description\" content=\"Napoleon Phantom TravelQ PRO285X on kompakti kaasugrilli, jossa on 2 ruostumattomasta ter\u00e4ksest\u00e4 valmistettua poltinta ja kokoontaitettava runko. Ihanteellinen liikkuvuuteen ja tyyliin.\" \/>\n<meta name=\"robots\" content=\"index, follow, max-snippet:-1, max-image-preview:large, max-video-preview:-1\" \/>\n<link rel=\"canonical\" href=\"https:\/\/bbqassad.ee\/fi\/toode\/napoleon-phantom-travelq-pro285x-kannettava-kaasugrilli-mattmusta-disain\/\" \/>\n<meta property=\"og:locale\" content=\"fi_FI\" \/>\n<meta property=\"og:type\" content=\"article\" \/>\n<meta property=\"og:title\" content=\"Napoleon Phantom TravelQ PRO285X kannettava kaasugrilli - BBQ \u00c4ssad%\" \/>\n<meta property=\"og:description\" content=\"Napoleon Phantom TravelQ PRO285X on kompakti kaasugrilli, jossa on 2 ruostumattomasta ter\u00e4ksest\u00e4 valmistettua poltinta ja kokoontaitettava runko. Ihanteellinen liikkuvuuteen ja tyyliin.\" \/>\n<meta property=\"og:url\" content=\"https:\/\/bbqassad.ee\/fi\/toode\/napoleon-phantom-travelq-pro285x-kannettava-kaasugrilli-mattmusta-disain\/\" \/>\n<meta property=\"og:site_name\" content=\"BBQ \u00c4ssad\" \/>\n<meta property=\"article:publisher\" content=\"https:\/\/www.facebook.com\/bbqassad\" \/>\n<meta property=\"article:modified_time\" content=\"2026-04-14T06:32:20+00:00\" \/>\n<meta property=\"og:image\" content=\"https:\/\/bbqassad.ee\/wp-content\/uploads\/2026\/02\/PRO285X-MK-PHM-Web-Gallery-02-PRO285X-PHM_Prod-Angle.jpg\" \/>\n<meta name=\"twitter:card\" content=\"summary_large_image\" \/>\n<meta name=\"twitter:title\" content=\"Napoleon Phantom TravelQ PRO285X kannettava kaasugrilli - BBQ \u00c4ssad%\" \/>\n<meta name=\"twitter:description\" content=\"Napoleon Phantom TravelQ PRO285X on kompakti kaasugrilli, jossa on 2 ruostumattomasta ter\u00e4ksest\u00e4 valmistettua poltinta ja kokoontaitettava runko. Ihanteellinen liikkuvuuteen ja tyyliin.\" \/>\n<meta name=\"twitter:image\" content=\"https:\/\/bbqassad.ee\/wp-content\/uploads\/2026\/02\/PRO285X-MK-PHM-Web-Gallery-02-PRO285X-PHM_Prod-Angle.jpg\" \/>\n<meta name=\"twitter:label1\" content=\"Arvioitu lukuaika\" \/>\n\t<meta name=\"twitter:data1\" content=\"1 minuutti\" \/>\n<script type=\"application\/ld+json\" class=\"yoast-schema-graph\">{\"@context\":\"https:\\\/\\\/schema.org\",\"@graph\":[{\"@type\":\"WebPage\",\"@id\":\"https:\\\/\\\/bbqassad.ee\\\/fi\\\/toode\\\/napoleon-phantom-travelq-pro285x-kannettava-kaasugrilli-mattmusta-disain\\\/\",\"url\":\"https:\\\/\\\/bbqassad.ee\\\/fi\\\/toode\\\/napoleon-phantom-travelq-pro285x-kannettava-kaasugrilli-mattmusta-disain\\\/\",\"name\":\"Napoleon Phantom TravelQ PRO285X kannettava kaasugrilli - BBQ \u00c4ssad%\",\"isPartOf\":{\"@id\":\"https:\\\/\\\/bbqassad.ee\\\/fi\\\/#website\"},\"primaryImageOfPage\":{\"@id\":\"https:\\\/\\\/bbqassad.ee\\\/fi\\\/toode\\\/napoleon-phantom-travelq-pro285x-kannettava-kaasugrilli-mattmusta-disain\\\/#primaryimage\"},\"image\":{\"@id\":\"https:\\\/\\\/bbqassad.ee\\\/fi\\\/toode\\\/napoleon-phantom-travelq-pro285x-kannettava-kaasugrilli-mattmusta-disain\\\/#primaryimage\"},\"thumbnailUrl\":\"https:\\\/\\\/bbqassad.ee\\\/wp-content\\\/uploads\\\/2026\\\/02\\\/PRO285X-MK-PHM-Web-Gallery-02-PRO285X-PHM_Prod-Angle.jpg\",\"datePublished\":\"2026-02-23T15:05:35+00:00\",\"dateModified\":\"2026-04-14T06:32:20+00:00\",\"description\":\"Napoleon Phantom TravelQ PRO285X on kompakti kaasugrilli, jossa on 2 ruostumattomasta ter\u00e4ksest\u00e4 valmistettua poltinta ja kokoontaitettava runko. Ihanteellinen liikkuvuuteen ja tyyliin.\",\"breadcrumb\":{\"@id\":\"https:\\\/\\\/bbqassad.ee\\\/fi\\\/toode\\\/napoleon-phantom-travelq-pro285x-kannettava-kaasugrilli-mattmusta-disain\\\/#breadcrumb\"},\"inLanguage\":\"fi\",\"potentialAction\":[{\"@type\":\"ReadAction\",\"target\":[\"https:\\\/\\\/bbqassad.ee\\\/fi\\\/toode\\\/napoleon-phantom-travelq-pro285x-kannettava-kaasugrilli-mattmusta-disain\\\/\"]}]},{\"@type\":\"ImageObject\",\"inLanguage\":\"fi\",\"@id\":\"https:\\\/\\\/bbqassad.ee\\\/fi\\\/toode\\\/napoleon-phantom-travelq-pro285x-kannettava-kaasugrilli-mattmusta-disain\\\/#primaryimage\",\"url\":\"https:\\\/\\\/bbqassad.ee\\\/wp-content\\\/uploads\\\/2026\\\/02\\\/PRO285X-MK-PHM-Web-Gallery-02-PRO285X-PHM_Prod-Angle.jpg\",\"contentUrl\":\"https:\\\/\\\/bbqassad.ee\\\/wp-content\\\/uploads\\\/2026\\\/02\\\/PRO285X-MK-PHM-Web-Gallery-02-PRO285X-PHM_Prod-Angle.jpg\",\"width\":1042,\"height\":1000},{\"@type\":\"BreadcrumbList\",\"@id\":\"https:\\\/\\\/bbqassad.ee\\\/fi\\\/toode\\\/napoleon-phantom-travelq-pro285x-kannettava-kaasugrilli-mattmusta-disain\\\/#breadcrumb\",\"itemListElement\":[{\"@type\":\"ListItem\",\"position\":1,\"name\":\"Home\",\"item\":\"https:\\\/\\\/bbqassad.ee\\\/fi\\\/bbq-assat\\\/\"},{\"@type\":\"ListItem\",\"position\":2,\"name\":\"Verkkokauppa\",\"item\":\"https:\\\/\\\/bbqassad.ee\\\/fi\\\/verkkokauppa\\\/\"},{\"@type\":\"ListItem\",\"position\":3,\"name\":\"Napoleon Phantom TravelQ PRO285X kannettava kaasugrilli, mattamusta\"}]},{\"@type\":\"WebSite\",\"@id\":\"https:\\\/\\\/bbqassad.ee\\\/fi\\\/#website\",\"url\":\"https:\\\/\\\/bbqassad.ee\\\/fi\\\/\",\"name\":\"BBQ \u00c4ssad\",\"description\":\"BBQ maitseained, kastmed, ahjud\",\"publisher\":{\"@id\":\"https:\\\/\\\/bbqassad.ee\\\/fi\\\/#organization\"},\"potentialAction\":[{\"@type\":\"SearchAction\",\"target\":{\"@type\":\"EntryPoint\",\"urlTemplate\":\"https:\\\/\\\/bbqassad.ee\\\/fi\\\/?s={search_term_string}\"},\"query-input\":{\"@type\":\"PropertyValueSpecification\",\"valueRequired\":true,\"valueName\":\"search_term_string\"}}],\"inLanguage\":\"fi\"},{\"@type\":\"Organization\",\"@id\":\"https:\\\/\\\/bbqassad.ee\\\/fi\\\/#organization\",\"name\":\"BBQ \u00c4ssad\",\"url\":\"https:\\\/\\\/bbqassad.ee\\\/fi\\\/\",\"logo\":{\"@type\":\"ImageObject\",\"inLanguage\":\"fi\",\"@id\":\"https:\\\/\\\/bbqassad.ee\\\/fi\\\/#\\\/schema\\\/logo\\\/image\\\/\",\"url\":\"https:\\\/\\\/bbqassad.ee\\\/wp-content\\\/uploads\\\/2022\\\/10\\\/BBQ-2ssadlogo.png\",\"contentUrl\":\"https:\\\/\\\/bbqassad.ee\\\/wp-content\\\/uploads\\\/2022\\\/10\\\/BBQ-2ssadlogo.png\",\"width\":1080,\"height\":1080,\"caption\":\"BBQ \u00c4ssad\"},\"image\":{\"@id\":\"https:\\\/\\\/bbqassad.ee\\\/fi\\\/#\\\/schema\\\/logo\\\/image\\\/\"},\"sameAs\":[\"https:\\\/\\\/www.facebook.com\\\/bbqassad\",\"https:\\\/\\\/www.youtube.com\\\/channel\\\/UCsoufn49J6TVi9Ah9meE93w\"]}]}<\/script>\n<!-- \/ Yoast SEO plugin. -->","yoast_head_json":{"title":"Napoleon Phantom TravelQ PRO285X kannettava kaasugrilli - BBQ \u00c4ssad%","description":"Napoleon Phantom TravelQ PRO285X on kompakti kaasugrilli, jossa on 2 ruostumattomasta ter\u00e4ksest\u00e4 valmistettua poltinta ja kokoontaitettava runko. Ihanteellinen liikkuvuuteen ja tyyliin.","robots":{"index":"index","follow":"follow","max-snippet":"max-snippet:-1","max-image-preview":"max-image-preview:large","max-video-preview":"max-video-preview:-1"},"canonical":"https:\/\/bbqassad.ee\/fi\/toode\/napoleon-phantom-travelq-pro285x-kannettava-kaasugrilli-mattmusta-disain\/","og_locale":"fi_FI","og_type":"article","og_title":"Napoleon Phantom TravelQ PRO285X kannettava kaasugrilli - BBQ \u00c4ssad%","og_description":"Napoleon Phantom TravelQ PRO285X on kompakti kaasugrilli, jossa on 2 ruostumattomasta ter\u00e4ksest\u00e4 valmistettua poltinta ja kokoontaitettava runko. Ihanteellinen liikkuvuuteen ja tyyliin.","og_url":"https:\/\/bbqassad.ee\/fi\/toode\/napoleon-phantom-travelq-pro285x-kannettava-kaasugrilli-mattmusta-disain\/","og_site_name":"BBQ \u00c4ssad","article_publisher":"https:\/\/www.facebook.com\/bbqassad","article_modified_time":"2026-04-14T06:32:20+00:00","og_image":[{"url":"https:\/\/bbqassad.ee\/wp-content\/uploads\/2026\/02\/PRO285X-MK-PHM-Web-Gallery-02-PRO285X-PHM_Prod-Angle.jpg","type":"","width":"","height":""}],"twitter_card":"summary_large_image","twitter_title":"Napoleon Phantom TravelQ PRO285X kannettava kaasugrilli - BBQ \u00c4ssad%","twitter_description":"Napoleon Phantom TravelQ PRO285X on kompakti kaasugrilli, jossa on 2 ruostumattomasta ter\u00e4ksest\u00e4 valmistettua poltinta ja kokoontaitettava runko. Ihanteellinen liikkuvuuteen ja tyyliin.","twitter_image":"https:\/\/bbqassad.ee\/wp-content\/uploads\/2026\/02\/PRO285X-MK-PHM-Web-Gallery-02-PRO285X-PHM_Prod-Angle.jpg","twitter_misc":{"Arvioitu lukuaika":"1 minuutti"},"schema":{"@context":"https:\/\/schema.org","@graph":[{"@type":"WebPage","@id":"https:\/\/bbqassad.ee\/fi\/toode\/napoleon-phantom-travelq-pro285x-kannettava-kaasugrilli-mattmusta-disain\/","url":"https:\/\/bbqassad.ee\/fi\/toode\/napoleon-phantom-travelq-pro285x-kannettava-kaasugrilli-mattmusta-disain\/","name":"Napoleon Phantom TravelQ PRO285X kannettava kaasugrilli - BBQ \u00c4ssad%","isPartOf":{"@id":"https:\/\/bbqassad.ee\/fi\/#website"},"primaryImageOfPage":{"@id":"https:\/\/bbqassad.ee\/fi\/toode\/napoleon-phantom-travelq-pro285x-kannettava-kaasugrilli-mattmusta-disain\/#primaryimage"},"image":{"@id":"https:\/\/bbqassad.ee\/fi\/toode\/napoleon-phantom-travelq-pro285x-kannettava-kaasugrilli-mattmusta-disain\/#primaryimage"},"thumbnailUrl":"https:\/\/bbqassad.ee\/wp-content\/uploads\/2026\/02\/PRO285X-MK-PHM-Web-Gallery-02-PRO285X-PHM_Prod-Angle.jpg","datePublished":"2026-02-23T15:05:35+00:00","dateModified":"2026-04-14T06:32:20+00:00","description":"Napoleon Phantom TravelQ PRO285X on kompakti kaasugrilli, jossa on 2 ruostumattomasta ter\u00e4ksest\u00e4 valmistettua poltinta ja kokoontaitettava runko. Ihanteellinen liikkuvuuteen ja tyyliin.","breadcrumb":{"@id":"https:\/\/bbqassad.ee\/fi\/toode\/napoleon-phantom-travelq-pro285x-kannettava-kaasugrilli-mattmusta-disain\/#breadcrumb"},"inLanguage":"fi","potentialAction":[{"@type":"ReadAction","target":["https:\/\/bbqassad.ee\/fi\/toode\/napoleon-phantom-travelq-pro285x-kannettava-kaasugrilli-mattmusta-disain\/"]}]},{"@type":"ImageObject","inLanguage":"fi","@id":"https:\/\/bbqassad.ee\/fi\/toode\/napoleon-phantom-travelq-pro285x-kannettava-kaasugrilli-mattmusta-disain\/#primaryimage","url":"https:\/\/bbqassad.ee\/wp-content\/uploads\/2026\/02\/PRO285X-MK-PHM-Web-Gallery-02-PRO285X-PHM_Prod-Angle.jpg","contentUrl":"https:\/\/bbqassad.ee\/wp-content\/uploads\/2026\/02\/PRO285X-MK-PHM-Web-Gallery-02-PRO285X-PHM_Prod-Angle.jpg","width":1042,"height":1000},{"@type":"BreadcrumbList","@id":"https:\/\/bbqassad.ee\/fi\/toode\/napoleon-phantom-travelq-pro285x-kannettava-kaasugrilli-mattmusta-disain\/#breadcrumb","itemListElement":[{"@type":"ListItem","position":1,"name":"Home","item":"https:\/\/bbqassad.ee\/fi\/bbq-assat\/"},{"@type":"ListItem","position":2,"name":"Verkkokauppa","item":"https:\/\/bbqassad.ee\/fi\/verkkokauppa\/"},{"@type":"ListItem","position":3,"name":"Napoleon Phantom TravelQ PRO285X kannettava kaasugrilli, mattamusta"}]},{"@type":"WebSite","@id":"https:\/\/bbqassad.ee\/fi\/#website","url":"https:\/\/bbqassad.ee\/fi\/","name":"BBQ \u00c4ssad","description":"BBQ maitseained, kastmed, ahjud","publisher":{"@id":"https:\/\/bbqassad.ee\/fi\/#organization"},"potentialAction":[{"@type":"SearchAction","target":{"@type":"EntryPoint","urlTemplate":"https:\/\/bbqassad.ee\/fi\/?s={search_term_string}"},"query-input":{"@type":"PropertyValueSpecification","valueRequired":true,"valueName":"search_term_string"}}],"inLanguage":"fi"},{"@type":"Organization","@id":"https:\/\/bbqassad.ee\/fi\/#organization","name":"BBQ \u00c4ssad","url":"https:\/\/bbqassad.ee\/fi\/","logo":{"@type":"ImageObject","inLanguage":"fi","@id":"https:\/\/bbqassad.ee\/fi\/#\/schema\/logo\/image\/","url":"https:\/\/bbqassad.ee\/wp-content\/uploads\/2022\/10\/BBQ-2ssadlogo.png","contentUrl":"https:\/\/bbqassad.ee\/wp-content\/uploads\/2022\/10\/BBQ-2ssadlogo.png","width":1080,"height":1080,"caption":"BBQ \u00c4ssad"},"image":{"@id":"https:\/\/bbqassad.ee\/fi\/#\/schema\/logo\/image\/"},"sameAs":["https:\/\/www.facebook.com\/bbqassad","https:\/\/www.youtube.com\/channel\/UCsoufn49J6TVi9Ah9meE93w"]}]}},"_links":{"self":[{"href":"https:\/\/bbqassad.ee\/fi\/wp-json\/wp\/v2\/product\/21815","targetHints":{"allow":["GET"]}}],"collection":[{"href":"https:\/\/bbqassad.ee\/fi\/wp-json\/wp\/v2\/product"}],"about":[{"href":"https:\/\/bbqassad.ee\/fi\/wp-json\/wp\/v2\/types\/product"}],"replies":[{"embeddable":true,"href":"https:\/\/bbqassad.ee\/fi\/wp-json\/wp\/v2\/comments?post=21815"}],"wp:featuredmedia":[{"embeddable":true,"href":"https:\/\/bbqassad.ee\/fi\/wp-json\/wp\/v2\/media\/21816"}],"wp:attachment":[{"href":"https:\/\/bbqassad.ee\/fi\/wp-json\/wp\/v2\/media?parent=21815"}],"wp:term":[{"taxonomy":"product_brand","embeddable":true,"href":"https:\/\/bbqassad.ee\/fi\/wp-json\/wp\/v2\/product_brand?post=21815"},{"taxonomy":"product_cat","embeddable":true,"href":"https:\/\/bbqassad.ee\/fi\/wp-json\/wp\/v2\/product_cat?post=21815"},{"taxonomy":"product_tag","embeddable":true,"href":"https:\/\/bbqassad.ee\/fi\/wp-json\/wp\/v2\/product_tag?post=21815"}],"curies":[{"name":"wp","href":"https:\/\/api.w.org\/{rel}","templated":true}]}}