{"id":21812,"date":"2026-02-23T15:05:35","date_gmt":"2026-02-23T15:05:35","guid":{"rendered":"https:\/\/bbqassad.ee\/toode\/napoleon-puristettavat-kastike-ja-oljypullot-700-ml\/"},"modified":"2026-04-14T06:32:20","modified_gmt":"2026-04-14T06:32:20","slug":"napoleon-puristettavat-kastike-ja-oljypullot-700-ml","status":"publish","type":"product","link":"https:\/\/bbqassad.ee\/fi\/toode\/napoleon-puristettavat-kastike-ja-oljypullot-700-ml\/","title":{"rendered":"Napoleon puristettavat kastike- ja \u00f6ljypullot 700 ml"},"content":{"rendered":"<p class=\"\" data-start=\"60\" data-end=\"122\"><strong data-start=\"60\" data-end=\"122\">Miksi k\u00e4ytt\u00e4\u00e4 Napoleonin \u00f6ljy- ja kastikepulloja grillaukseen?<\/strong><\/p>\n<p class=\"\" data-start=\"124\" data-end=\"487\">Napoleonin puristettavat pullot ja ruostumattomasta ter\u00e4ksest\u00e4 valmistettu suihkepullo tekev\u00e4t grillaamisesta helpompaa, puhtaampaa ja tarkemmin hallittua. Puristettavat pullot ovat ihanteellisia \u00f6ljyn, kastikkeiden ja marinadien s\u00e4ilytykseen, ja voit lis\u00e4t\u00e4 niit\u00e4 juuri sinne, miss\u00e4 ja kuinka paljon tarvitset. Suihkupullo levitt\u00e4\u00e4 vett\u00e4 tai \u00f6ljy\u00e4 tasaisesti ja auttaa pit\u00e4m\u00e4\u00e4n lihan mehev\u00e4n\u00e4 ja grillin puhtaana.  <\/p>\n<p data-start=\"489\" data-end=\"735\">\n","protected":false},"excerpt":{"rendered":"<h3>Napoleon puristettavat pullot kastikkeelle, marinadille tai \u00f6ljylle 700 ml (2 kpl, BPA-vapaa)<\/h3>\n<p>&nbsp;<\/p>\n<p>\ud83d\udd38 Puristettavat pullot sopivat kastikkeiden ja \u00f6ljyn s\u00e4ilytyksen lis\u00e4ksi my\u00f6s pannukakkutaikinalle &#8211; k\u00e4tev\u00e4 tapa annostella taikina tarkasti ja tehd\u00e4 muotoja pannulla tai grilliss\u00e4.<\/p>\n<p class=\"\" data-start=\"788\" data-end=\"819\">\n","protected":false},"featured_media":14015,"comment_status":"closed","ping_status":"closed","template":"","meta":[],"product_brand":[768],"product_cat":[784],"product_tag":[],"class_list":{"0":"post-21812","1":"product","2":"type-product","3":"status-publish","4":"has-post-thumbnail","6":"product_brand-napoleon","7":"product_cat-tarvikkeet","9":"first","10":"instock","11":"taxable","12":"shipping-taxable","13":"purchasable","14":"product-type-simple"},"yoast_head":"<!-- This site is optimized with the Yoast SEO plugin v27.4 - https:\/\/yoast.com\/product\/yoast-seo-wordpress\/ -->\n<title>Napoleon puristettavat kastike- ja \u00f6ljypullot 700 ml -% BBQ \u00c4ssad%<\/title>\n<meta name=\"description\" content=\"Napoleonin puristettavat pullot ovat ihanteellinen ratkaisu kastikkeiden, marinadien ja \u00f6ljyn s\u00e4ilytykseen. N\u00e4m\u00e4 BPA-vapaat pullot ovat k\u00e4tevi\u00e4 ja k\u00e4yt\u00e4nn\u00f6llisi\u00e4.\" \/>\n<meta name=\"robots\" content=\"index, follow, max-snippet:-1, max-image-preview:large, max-video-preview:-1\" \/>\n<link rel=\"canonical\" href=\"https:\/\/bbqassad.ee\/fi\/toode\/napoleon-puristettavat-kastike-ja-oljypullot-700-ml\/\" \/>\n<meta property=\"og:locale\" content=\"fi_FI\" \/>\n<meta property=\"og:type\" content=\"article\" \/>\n<meta property=\"og:title\" content=\"Napoleon puristettavat kastike- ja \u00f6ljypullot 700 ml -% BBQ \u00c4ssad%\" \/>\n<meta property=\"og:description\" content=\"Napoleonin puristettavat pullot ovat ihanteellinen ratkaisu kastikkeiden, marinadien ja \u00f6ljyn s\u00e4ilytykseen. N\u00e4m\u00e4 BPA-vapaat pullot ovat k\u00e4tevi\u00e4 ja k\u00e4yt\u00e4nn\u00f6llisi\u00e4.\" \/>\n<meta property=\"og:url\" content=\"https:\/\/bbqassad.ee\/fi\/toode\/napoleon-puristettavat-kastike-ja-oljypullot-700-ml\/\" \/>\n<meta property=\"og:site_name\" content=\"BBQ \u00c4ssad\" \/>\n<meta property=\"article:publisher\" content=\"https:\/\/www.facebook.com\/bbqassad\" \/>\n<meta property=\"article:modified_time\" content=\"2026-04-14T06:32:20+00:00\" \/>\n<meta property=\"og:image\" content=\"https:\/\/bbqassad.ee\/wp-content\/uploads\/2026\/02\/napoleon-napoleon-2-piece-24-oz-squeeze-bottle-set-70059-70059-accessory-food-prep-tool-629162700599-31346698354750_481x481.webp.jpeg\" \/>\n<meta name=\"twitter:card\" content=\"summary_large_image\" \/>\n<meta name=\"twitter:title\" content=\"Napoleon puristettavat kastike- ja \u00f6ljypullot 700 ml -% BBQ \u00c4ssad%\" \/>\n<meta name=\"twitter:description\" content=\"Napoleonin puristettavat pullot ovat ihanteellinen ratkaisu kastikkeiden, marinadien ja \u00f6ljyn s\u00e4ilytykseen. N\u00e4m\u00e4 BPA-vapaat pullot ovat k\u00e4tevi\u00e4 ja k\u00e4yt\u00e4nn\u00f6llisi\u00e4.\" \/>\n<meta name=\"twitter:image\" content=\"https:\/\/bbqassad.ee\/wp-content\/uploads\/2026\/02\/napoleon-napoleon-2-piece-24-oz-squeeze-bottle-set-70059-70059-accessory-food-prep-tool-629162700599-31346698354750_481x481.webp.jpeg\" \/>\n<script type=\"application\/ld+json\" class=\"yoast-schema-graph\">{\"@context\":\"https:\\\/\\\/schema.org\",\"@graph\":[{\"@type\":\"WebPage\",\"@id\":\"https:\\\/\\\/bbqassad.ee\\\/fi\\\/toode\\\/napoleon-puristettavat-kastike-ja-oljypullot-700-ml\\\/\",\"url\":\"https:\\\/\\\/bbqassad.ee\\\/fi\\\/toode\\\/napoleon-puristettavat-kastike-ja-oljypullot-700-ml\\\/\",\"name\":\"Napoleon puristettavat kastike- ja \u00f6ljypullot 700 ml -% BBQ \u00c4ssad%\",\"isPartOf\":{\"@id\":\"https:\\\/\\\/bbqassad.ee\\\/fi\\\/#website\"},\"primaryImageOfPage\":{\"@id\":\"https:\\\/\\\/bbqassad.ee\\\/fi\\\/toode\\\/napoleon-puristettavat-kastike-ja-oljypullot-700-ml\\\/#primaryimage\"},\"image\":{\"@id\":\"https:\\\/\\\/bbqassad.ee\\\/fi\\\/toode\\\/napoleon-puristettavat-kastike-ja-oljypullot-700-ml\\\/#primaryimage\"},\"thumbnailUrl\":\"https:\\\/\\\/bbqassad.ee\\\/wp-content\\\/uploads\\\/2026\\\/02\\\/napoleon-napoleon-2-piece-24-oz-squeeze-bottle-set-70059-70059-accessory-food-prep-tool-629162700599-31346698354750_481x481.webp.jpeg\",\"datePublished\":\"2026-02-23T15:05:35+00:00\",\"dateModified\":\"2026-04-14T06:32:20+00:00\",\"description\":\"Napoleonin puristettavat pullot ovat ihanteellinen ratkaisu kastikkeiden, marinadien ja \u00f6ljyn s\u00e4ilytykseen. N\u00e4m\u00e4 BPA-vapaat pullot ovat k\u00e4tevi\u00e4 ja k\u00e4yt\u00e4nn\u00f6llisi\u00e4.\",\"breadcrumb\":{\"@id\":\"https:\\\/\\\/bbqassad.ee\\\/fi\\\/toode\\\/napoleon-puristettavat-kastike-ja-oljypullot-700-ml\\\/#breadcrumb\"},\"inLanguage\":\"fi\",\"potentialAction\":[{\"@type\":\"ReadAction\",\"target\":[\"https:\\\/\\\/bbqassad.ee\\\/fi\\\/toode\\\/napoleon-puristettavat-kastike-ja-oljypullot-700-ml\\\/\"]}]},{\"@type\":\"ImageObject\",\"inLanguage\":\"fi\",\"@id\":\"https:\\\/\\\/bbqassad.ee\\\/fi\\\/toode\\\/napoleon-puristettavat-kastike-ja-oljypullot-700-ml\\\/#primaryimage\",\"url\":\"https:\\\/\\\/bbqassad.ee\\\/wp-content\\\/uploads\\\/2026\\\/02\\\/napoleon-napoleon-2-piece-24-oz-squeeze-bottle-set-70059-70059-accessory-food-prep-tool-629162700599-31346698354750_481x481.webp.jpeg\",\"contentUrl\":\"https:\\\/\\\/bbqassad.ee\\\/wp-content\\\/uploads\\\/2026\\\/02\\\/napoleon-napoleon-2-piece-24-oz-squeeze-bottle-set-70059-70059-accessory-food-prep-tool-629162700599-31346698354750_481x481.webp.jpeg\",\"width\":481,\"height\":481},{\"@type\":\"BreadcrumbList\",\"@id\":\"https:\\\/\\\/bbqassad.ee\\\/fi\\\/toode\\\/napoleon-puristettavat-kastike-ja-oljypullot-700-ml\\\/#breadcrumb\",\"itemListElement\":[{\"@type\":\"ListItem\",\"position\":1,\"name\":\"Home\",\"item\":\"https:\\\/\\\/bbqassad.ee\\\/fi\\\/bbq-assat\\\/\"},{\"@type\":\"ListItem\",\"position\":2,\"name\":\"Verkkokauppa\",\"item\":\"https:\\\/\\\/bbqassad.ee\\\/fi\\\/verkkokauppa\\\/\"},{\"@type\":\"ListItem\",\"position\":3,\"name\":\"Napoleon puristettavat kastike- ja \u00f6ljypullot 700 ml\"}]},{\"@type\":\"WebSite\",\"@id\":\"https:\\\/\\\/bbqassad.ee\\\/fi\\\/#website\",\"url\":\"https:\\\/\\\/bbqassad.ee\\\/fi\\\/\",\"name\":\"BBQ \u00c4ssad\",\"description\":\"BBQ maitseained, kastmed, ahjud\",\"publisher\":{\"@id\":\"https:\\\/\\\/bbqassad.ee\\\/fi\\\/#organization\"},\"potentialAction\":[{\"@type\":\"SearchAction\",\"target\":{\"@type\":\"EntryPoint\",\"urlTemplate\":\"https:\\\/\\\/bbqassad.ee\\\/fi\\\/?s={search_term_string}\"},\"query-input\":{\"@type\":\"PropertyValueSpecification\",\"valueRequired\":true,\"valueName\":\"search_term_string\"}}],\"inLanguage\":\"fi\"},{\"@type\":\"Organization\",\"@id\":\"https:\\\/\\\/bbqassad.ee\\\/fi\\\/#organization\",\"name\":\"BBQ \u00c4ssad\",\"url\":\"https:\\\/\\\/bbqassad.ee\\\/fi\\\/\",\"logo\":{\"@type\":\"ImageObject\",\"inLanguage\":\"fi\",\"@id\":\"https:\\\/\\\/bbqassad.ee\\\/fi\\\/#\\\/schema\\\/logo\\\/image\\\/\",\"url\":\"https:\\\/\\\/bbqassad.ee\\\/wp-content\\\/uploads\\\/2022\\\/10\\\/BBQ-2ssadlogo.png\",\"contentUrl\":\"https:\\\/\\\/bbqassad.ee\\\/wp-content\\\/uploads\\\/2022\\\/10\\\/BBQ-2ssadlogo.png\",\"width\":1080,\"height\":1080,\"caption\":\"BBQ \u00c4ssad\"},\"image\":{\"@id\":\"https:\\\/\\\/bbqassad.ee\\\/fi\\\/#\\\/schema\\\/logo\\\/image\\\/\"},\"sameAs\":[\"https:\\\/\\\/www.facebook.com\\\/bbqassad\",\"https:\\\/\\\/www.youtube.com\\\/channel\\\/UCsoufn49J6TVi9Ah9meE93w\"]}]}<\/script>\n<!-- \/ Yoast SEO plugin. -->","yoast_head_json":{"title":"Napoleon puristettavat kastike- ja \u00f6ljypullot 700 ml -% BBQ \u00c4ssad%","description":"Napoleonin puristettavat pullot ovat ihanteellinen ratkaisu kastikkeiden, marinadien ja \u00f6ljyn s\u00e4ilytykseen. N\u00e4m\u00e4 BPA-vapaat pullot ovat k\u00e4tevi\u00e4 ja k\u00e4yt\u00e4nn\u00f6llisi\u00e4.","robots":{"index":"index","follow":"follow","max-snippet":"max-snippet:-1","max-image-preview":"max-image-preview:large","max-video-preview":"max-video-preview:-1"},"canonical":"https:\/\/bbqassad.ee\/fi\/toode\/napoleon-puristettavat-kastike-ja-oljypullot-700-ml\/","og_locale":"fi_FI","og_type":"article","og_title":"Napoleon puristettavat kastike- ja \u00f6ljypullot 700 ml -% BBQ \u00c4ssad%","og_description":"Napoleonin puristettavat pullot ovat ihanteellinen ratkaisu kastikkeiden, marinadien ja \u00f6ljyn s\u00e4ilytykseen. N\u00e4m\u00e4 BPA-vapaat pullot ovat k\u00e4tevi\u00e4 ja k\u00e4yt\u00e4nn\u00f6llisi\u00e4.","og_url":"https:\/\/bbqassad.ee\/fi\/toode\/napoleon-puristettavat-kastike-ja-oljypullot-700-ml\/","og_site_name":"BBQ \u00c4ssad","article_publisher":"https:\/\/www.facebook.com\/bbqassad","article_modified_time":"2026-04-14T06:32:20+00:00","og_image":[{"url":"https:\/\/bbqassad.ee\/wp-content\/uploads\/2026\/02\/napoleon-napoleon-2-piece-24-oz-squeeze-bottle-set-70059-70059-accessory-food-prep-tool-629162700599-31346698354750_481x481.webp.jpeg","type":"","width":"","height":""}],"twitter_card":"summary_large_image","twitter_title":"Napoleon puristettavat kastike- ja \u00f6ljypullot 700 ml -% BBQ \u00c4ssad%","twitter_description":"Napoleonin puristettavat pullot ovat ihanteellinen ratkaisu kastikkeiden, marinadien ja \u00f6ljyn s\u00e4ilytykseen. N\u00e4m\u00e4 BPA-vapaat pullot ovat k\u00e4tevi\u00e4 ja k\u00e4yt\u00e4nn\u00f6llisi\u00e4.","twitter_image":"https:\/\/bbqassad.ee\/wp-content\/uploads\/2026\/02\/napoleon-napoleon-2-piece-24-oz-squeeze-bottle-set-70059-70059-accessory-food-prep-tool-629162700599-31346698354750_481x481.webp.jpeg","schema":{"@context":"https:\/\/schema.org","@graph":[{"@type":"WebPage","@id":"https:\/\/bbqassad.ee\/fi\/toode\/napoleon-puristettavat-kastike-ja-oljypullot-700-ml\/","url":"https:\/\/bbqassad.ee\/fi\/toode\/napoleon-puristettavat-kastike-ja-oljypullot-700-ml\/","name":"Napoleon puristettavat kastike- ja \u00f6ljypullot 700 ml -% BBQ \u00c4ssad%","isPartOf":{"@id":"https:\/\/bbqassad.ee\/fi\/#website"},"primaryImageOfPage":{"@id":"https:\/\/bbqassad.ee\/fi\/toode\/napoleon-puristettavat-kastike-ja-oljypullot-700-ml\/#primaryimage"},"image":{"@id":"https:\/\/bbqassad.ee\/fi\/toode\/napoleon-puristettavat-kastike-ja-oljypullot-700-ml\/#primaryimage"},"thumbnailUrl":"https:\/\/bbqassad.ee\/wp-content\/uploads\/2026\/02\/napoleon-napoleon-2-piece-24-oz-squeeze-bottle-set-70059-70059-accessory-food-prep-tool-629162700599-31346698354750_481x481.webp.jpeg","datePublished":"2026-02-23T15:05:35+00:00","dateModified":"2026-04-14T06:32:20+00:00","description":"Napoleonin puristettavat pullot ovat ihanteellinen ratkaisu kastikkeiden, marinadien ja \u00f6ljyn s\u00e4ilytykseen. N\u00e4m\u00e4 BPA-vapaat pullot ovat k\u00e4tevi\u00e4 ja k\u00e4yt\u00e4nn\u00f6llisi\u00e4.","breadcrumb":{"@id":"https:\/\/bbqassad.ee\/fi\/toode\/napoleon-puristettavat-kastike-ja-oljypullot-700-ml\/#breadcrumb"},"inLanguage":"fi","potentialAction":[{"@type":"ReadAction","target":["https:\/\/bbqassad.ee\/fi\/toode\/napoleon-puristettavat-kastike-ja-oljypullot-700-ml\/"]}]},{"@type":"ImageObject","inLanguage":"fi","@id":"https:\/\/bbqassad.ee\/fi\/toode\/napoleon-puristettavat-kastike-ja-oljypullot-700-ml\/#primaryimage","url":"https:\/\/bbqassad.ee\/wp-content\/uploads\/2026\/02\/napoleon-napoleon-2-piece-24-oz-squeeze-bottle-set-70059-70059-accessory-food-prep-tool-629162700599-31346698354750_481x481.webp.jpeg","contentUrl":"https:\/\/bbqassad.ee\/wp-content\/uploads\/2026\/02\/napoleon-napoleon-2-piece-24-oz-squeeze-bottle-set-70059-70059-accessory-food-prep-tool-629162700599-31346698354750_481x481.webp.jpeg","width":481,"height":481},{"@type":"BreadcrumbList","@id":"https:\/\/bbqassad.ee\/fi\/toode\/napoleon-puristettavat-kastike-ja-oljypullot-700-ml\/#breadcrumb","itemListElement":[{"@type":"ListItem","position":1,"name":"Home","item":"https:\/\/bbqassad.ee\/fi\/bbq-assat\/"},{"@type":"ListItem","position":2,"name":"Verkkokauppa","item":"https:\/\/bbqassad.ee\/fi\/verkkokauppa\/"},{"@type":"ListItem","position":3,"name":"Napoleon puristettavat kastike- ja \u00f6ljypullot 700 ml"}]},{"@type":"WebSite","@id":"https:\/\/bbqassad.ee\/fi\/#website","url":"https:\/\/bbqassad.ee\/fi\/","name":"BBQ \u00c4ssad","description":"BBQ maitseained, kastmed, ahjud","publisher":{"@id":"https:\/\/bbqassad.ee\/fi\/#organization"},"potentialAction":[{"@type":"SearchAction","target":{"@type":"EntryPoint","urlTemplate":"https:\/\/bbqassad.ee\/fi\/?s={search_term_string}"},"query-input":{"@type":"PropertyValueSpecification","valueRequired":true,"valueName":"search_term_string"}}],"inLanguage":"fi"},{"@type":"Organization","@id":"https:\/\/bbqassad.ee\/fi\/#organization","name":"BBQ \u00c4ssad","url":"https:\/\/bbqassad.ee\/fi\/","logo":{"@type":"ImageObject","inLanguage":"fi","@id":"https:\/\/bbqassad.ee\/fi\/#\/schema\/logo\/image\/","url":"https:\/\/bbqassad.ee\/wp-content\/uploads\/2022\/10\/BBQ-2ssadlogo.png","contentUrl":"https:\/\/bbqassad.ee\/wp-content\/uploads\/2022\/10\/BBQ-2ssadlogo.png","width":1080,"height":1080,"caption":"BBQ \u00c4ssad"},"image":{"@id":"https:\/\/bbqassad.ee\/fi\/#\/schema\/logo\/image\/"},"sameAs":["https:\/\/www.facebook.com\/bbqassad","https:\/\/www.youtube.com\/channel\/UCsoufn49J6TVi9Ah9meE93w"]}]}},"_links":{"self":[{"href":"https:\/\/bbqassad.ee\/fi\/wp-json\/wp\/v2\/product\/21812","targetHints":{"allow":["GET"]}}],"collection":[{"href":"https:\/\/bbqassad.ee\/fi\/wp-json\/wp\/v2\/product"}],"about":[{"href":"https:\/\/bbqassad.ee\/fi\/wp-json\/wp\/v2\/types\/product"}],"replies":[{"embeddable":true,"href":"https:\/\/bbqassad.ee\/fi\/wp-json\/wp\/v2\/comments?post=21812"}],"wp:featuredmedia":[{"embeddable":true,"href":"https:\/\/bbqassad.ee\/fi\/wp-json\/wp\/v2\/media\/14015"}],"wp:attachment":[{"href":"https:\/\/bbqassad.ee\/fi\/wp-json\/wp\/v2\/media?parent=21812"}],"wp:term":[{"taxonomy":"product_brand","embeddable":true,"href":"https:\/\/bbqassad.ee\/fi\/wp-json\/wp\/v2\/product_brand?post=21812"},{"taxonomy":"product_cat","embeddable":true,"href":"https:\/\/bbqassad.ee\/fi\/wp-json\/wp\/v2\/product_cat?post=21812"},{"taxonomy":"product_tag","embeddable":true,"href":"https:\/\/bbqassad.ee\/fi\/wp-json\/wp\/v2\/product_tag?post=21812"}],"curies":[{"name":"wp","href":"https:\/\/api.w.org\/{rel}","templated":true}]}}