{"id":21807,"date":"2026-02-23T15:05:35","date_gmt":"2026-02-23T15:05:35","guid":{"rendered":"https:\/\/bbqassad.ee\/toode\/napoleon-bambusta-valmistetut-kertakayttoiset-grillivartaat-15cm-48kpl\/"},"modified":"2026-04-14T06:32:20","modified_gmt":"2026-04-14T06:32:20","slug":"napoleon-bambusta-valmistetut-kertakayttoiset-grillivartaat-15cm-48kpl","status":"publish","type":"product","link":"https:\/\/bbqassad.ee\/fi\/toode\/napoleon-bambusta-valmistetut-kertakayttoiset-grillivartaat-15cm-48kpl\/","title":{"rendered":"Napoleon bambusta valmistetut kertak\u00e4ytt\u00f6iset grillivartaat 15cm (48kpl)"},"content":{"rendered":"","protected":false},"excerpt":{"rendered":"<h3>Napoleon bambusta valmistetut kertak\u00e4ytt\u00f6iset grillivartaat 15cm (48kpl)<\/h3>\n<p data-start=\"51\" data-end=\"294\">Napoleonin 15 cm pitk\u00e4t bambugrillivartaat sopivat erinomaisesti alkupalojen ja pienempien grilliruokien valmistukseen sek\u00e4 grilliss\u00e4 ett\u00e4 grillin ulkopuolella. Sauvat ovat riitt\u00e4v\u00e4n vahvoja ja sopivan paksuisia, jotta ruoka ei katkea tai v\u00e4\u00e4nny alkukypsennyksen aikana. <\/p>\n<p data-start=\"296\" data-end=\"490\">Ergonominen kielekek\u00e4rki tekee sauvoista mukavia k\u00e4sitell\u00e4 &#8211; niit\u00e4 on helppo kiert\u00e4\u00e4 ja tarjoilla. Ne on valmistettu uusiutuvista luonnonmateriaaleista, joten ne sopivat my\u00f6s ruoan kauniiseen esillepanoon. <\/p>\n<p data-start=\"492\" data-end=\"505\"><strong data-start=\"492\" data-end=\"505\">Ominaisuudet:<\/strong><\/p>\n<ul data-start=\"506\" data-end=\"721\" data-is-only-node=\"\" data-is-last-node=\"\">\n<li data-start=\"506\" data-end=\"523\">pituus: 15 cm<\/li>\n<li data-start=\"524\" data-end=\"549\">m\u00e4\u00e4r\u00e4 pakkauksessa: 48 kpl<\/li>\n<li data-start=\"550\" data-end=\"598\">vahva ja vakaa &#8211; pit\u00e4\u00e4 ruoan tukevasti paikoillaan eik\u00e4 anna sen kierty\u00e4 vartaassa.<\/li>\n<li data-start=\"599\" data-end=\"619\">Pidennetty k\u00e4rki &#8211; helppo tarttua ja kiert\u00e4\u00e4 grillatessa<\/li>\n<li data-start=\"620\" data-end=\"660\">sopii grillaukseen ja tarjoiluun<\/li>\n<li data-start=\"661\" data-end=\"721\" data-is-last-node=\"\">valmistettu bambusta &#8211; uusiutuvasta ja ymp\u00e4rist\u00f6yst\u00e4v\u00e4llisest\u00e4 materiaalista.<\/li>\n<\/ul>\n<p>&nbsp;<\/p>\n","protected":false},"featured_media":13162,"comment_status":"closed","ping_status":"closed","template":"","meta":[],"product_brand":[768],"product_cat":[784],"product_tag":[],"class_list":{"0":"post-21807","1":"product","2":"type-product","3":"status-publish","4":"has-post-thumbnail","6":"product_brand-napoleon","7":"product_cat-tarvikkeet","9":"first","10":"instock","11":"taxable","12":"shipping-taxable","13":"purchasable","14":"product-type-simple"},"yoast_head":"<!-- This site is optimized with the Yoast SEO plugin v27.4 - https:\/\/yoast.com\/product\/yoast-seo-wordpress\/ -->\n<title>Napoleon bambugrillivartaat 15cm (48kpl) -% BBQ \u00c4ssad%<\/title>\n<meta name=\"description\" content=\"Napoleonin 15 cm:n bambugrillivartaat ovat tukevia ja vakaita, ja ne sopivat grillaamiseen ja tarjoiluun. Pakkaus 48 kappaletta, valmistettu uusiutuvista materiaaleista.\" \/>\n<meta name=\"robots\" content=\"index, follow, max-snippet:-1, max-image-preview:large, max-video-preview:-1\" \/>\n<link rel=\"canonical\" href=\"https:\/\/bbqassad.ee\/fi\/toode\/napoleon-bambusta-valmistetut-kertakayttoiset-grillivartaat-15cm-48kpl\/\" \/>\n<meta property=\"og:locale\" content=\"fi_FI\" \/>\n<meta property=\"og:type\" content=\"article\" \/>\n<meta property=\"og:title\" content=\"Napoleon bambugrillivartaat 15cm (48kpl) -% BBQ \u00c4ssad%\" \/>\n<meta property=\"og:description\" content=\"Napoleonin 15 cm:n bambugrillivartaat ovat tukevia ja vakaita, ja ne sopivat grillaamiseen ja tarjoiluun. Pakkaus 48 kappaletta, valmistettu uusiutuvista materiaaleista.\" \/>\n<meta property=\"og:url\" content=\"https:\/\/bbqassad.ee\/fi\/toode\/napoleon-bambusta-valmistetut-kertakayttoiset-grillivartaat-15cm-48kpl\/\" \/>\n<meta property=\"og:site_name\" content=\"BBQ \u00c4ssad\" \/>\n<meta property=\"article:publisher\" content=\"https:\/\/www.facebook.com\/bbqassad\" \/>\n<meta property=\"article:modified_time\" content=\"2026-04-14T06:32:20+00:00\" \/>\n<meta property=\"og:image\" content=\"https:\/\/bbqassad.ee\/wp-content\/uploads\/2026\/02\/BBQ-Entertainment-Napoleon-bambusest-varrastikud-2.jpg\" \/>\n<meta name=\"twitter:card\" content=\"summary_large_image\" \/>\n<meta name=\"twitter:title\" content=\"Napoleon bambugrillivartaat 15cm (48kpl) -% BBQ \u00c4ssad%\" \/>\n<meta name=\"twitter:description\" content=\"Napoleonin 15 cm:n bambugrillivartaat ovat tukevia ja vakaita, ja ne sopivat grillaamiseen ja tarjoiluun. Pakkaus 48 kappaletta, valmistettu uusiutuvista materiaaleista.\" \/>\n<meta name=\"twitter:image\" content=\"https:\/\/bbqassad.ee\/wp-content\/uploads\/2026\/02\/BBQ-Entertainment-Napoleon-bambusest-varrastikud-2.jpg\" \/>\n<script type=\"application\/ld+json\" class=\"yoast-schema-graph\">{\"@context\":\"https:\\\/\\\/schema.org\",\"@graph\":[{\"@type\":\"WebPage\",\"@id\":\"https:\\\/\\\/bbqassad.ee\\\/fi\\\/toode\\\/napoleon-bambusta-valmistetut-kertakayttoiset-grillivartaat-15cm-48kpl\\\/\",\"url\":\"https:\\\/\\\/bbqassad.ee\\\/fi\\\/toode\\\/napoleon-bambusta-valmistetut-kertakayttoiset-grillivartaat-15cm-48kpl\\\/\",\"name\":\"Napoleon bambugrillivartaat 15cm (48kpl) -% BBQ \u00c4ssad%\",\"isPartOf\":{\"@id\":\"https:\\\/\\\/bbqassad.ee\\\/fi\\\/#website\"},\"primaryImageOfPage\":{\"@id\":\"https:\\\/\\\/bbqassad.ee\\\/fi\\\/toode\\\/napoleon-bambusta-valmistetut-kertakayttoiset-grillivartaat-15cm-48kpl\\\/#primaryimage\"},\"image\":{\"@id\":\"https:\\\/\\\/bbqassad.ee\\\/fi\\\/toode\\\/napoleon-bambusta-valmistetut-kertakayttoiset-grillivartaat-15cm-48kpl\\\/#primaryimage\"},\"thumbnailUrl\":\"https:\\\/\\\/bbqassad.ee\\\/wp-content\\\/uploads\\\/2026\\\/02\\\/BBQ-Entertainment-Napoleon-bambusest-varrastikud-2.jpg\",\"datePublished\":\"2026-02-23T15:05:35+00:00\",\"dateModified\":\"2026-04-14T06:32:20+00:00\",\"description\":\"Napoleonin 15 cm:n bambugrillivartaat ovat tukevia ja vakaita, ja ne sopivat grillaamiseen ja tarjoiluun. Pakkaus 48 kappaletta, valmistettu uusiutuvista materiaaleista.\",\"breadcrumb\":{\"@id\":\"https:\\\/\\\/bbqassad.ee\\\/fi\\\/toode\\\/napoleon-bambusta-valmistetut-kertakayttoiset-grillivartaat-15cm-48kpl\\\/#breadcrumb\"},\"inLanguage\":\"fi\",\"potentialAction\":[{\"@type\":\"ReadAction\",\"target\":[\"https:\\\/\\\/bbqassad.ee\\\/fi\\\/toode\\\/napoleon-bambusta-valmistetut-kertakayttoiset-grillivartaat-15cm-48kpl\\\/\"]}]},{\"@type\":\"ImageObject\",\"inLanguage\":\"fi\",\"@id\":\"https:\\\/\\\/bbqassad.ee\\\/fi\\\/toode\\\/napoleon-bambusta-valmistetut-kertakayttoiset-grillivartaat-15cm-48kpl\\\/#primaryimage\",\"url\":\"https:\\\/\\\/bbqassad.ee\\\/wp-content\\\/uploads\\\/2026\\\/02\\\/BBQ-Entertainment-Napoleon-bambusest-varrastikud-2.jpg\",\"contentUrl\":\"https:\\\/\\\/bbqassad.ee\\\/wp-content\\\/uploads\\\/2026\\\/02\\\/BBQ-Entertainment-Napoleon-bambusest-varrastikud-2.jpg\",\"width\":930,\"height\":930},{\"@type\":\"BreadcrumbList\",\"@id\":\"https:\\\/\\\/bbqassad.ee\\\/fi\\\/toode\\\/napoleon-bambusta-valmistetut-kertakayttoiset-grillivartaat-15cm-48kpl\\\/#breadcrumb\",\"itemListElement\":[{\"@type\":\"ListItem\",\"position\":1,\"name\":\"Home\",\"item\":\"https:\\\/\\\/bbqassad.ee\\\/fi\\\/bbq-assat\\\/\"},{\"@type\":\"ListItem\",\"position\":2,\"name\":\"Verkkokauppa\",\"item\":\"https:\\\/\\\/bbqassad.ee\\\/fi\\\/verkkokauppa\\\/\"},{\"@type\":\"ListItem\",\"position\":3,\"name\":\"Napoleon bambusta valmistetut kertak\u00e4ytt\u00f6iset grillivartaat 15cm (48kpl)\"}]},{\"@type\":\"WebSite\",\"@id\":\"https:\\\/\\\/bbqassad.ee\\\/fi\\\/#website\",\"url\":\"https:\\\/\\\/bbqassad.ee\\\/fi\\\/\",\"name\":\"BBQ \u00c4ssad\",\"description\":\"BBQ maitseained, kastmed, ahjud\",\"publisher\":{\"@id\":\"https:\\\/\\\/bbqassad.ee\\\/fi\\\/#organization\"},\"potentialAction\":[{\"@type\":\"SearchAction\",\"target\":{\"@type\":\"EntryPoint\",\"urlTemplate\":\"https:\\\/\\\/bbqassad.ee\\\/fi\\\/?s={search_term_string}\"},\"query-input\":{\"@type\":\"PropertyValueSpecification\",\"valueRequired\":true,\"valueName\":\"search_term_string\"}}],\"inLanguage\":\"fi\"},{\"@type\":\"Organization\",\"@id\":\"https:\\\/\\\/bbqassad.ee\\\/fi\\\/#organization\",\"name\":\"BBQ \u00c4ssad\",\"url\":\"https:\\\/\\\/bbqassad.ee\\\/fi\\\/\",\"logo\":{\"@type\":\"ImageObject\",\"inLanguage\":\"fi\",\"@id\":\"https:\\\/\\\/bbqassad.ee\\\/fi\\\/#\\\/schema\\\/logo\\\/image\\\/\",\"url\":\"https:\\\/\\\/bbqassad.ee\\\/wp-content\\\/uploads\\\/2022\\\/10\\\/BBQ-2ssadlogo.png\",\"contentUrl\":\"https:\\\/\\\/bbqassad.ee\\\/wp-content\\\/uploads\\\/2022\\\/10\\\/BBQ-2ssadlogo.png\",\"width\":1080,\"height\":1080,\"caption\":\"BBQ \u00c4ssad\"},\"image\":{\"@id\":\"https:\\\/\\\/bbqassad.ee\\\/fi\\\/#\\\/schema\\\/logo\\\/image\\\/\"},\"sameAs\":[\"https:\\\/\\\/www.facebook.com\\\/bbqassad\",\"https:\\\/\\\/www.youtube.com\\\/channel\\\/UCsoufn49J6TVi9Ah9meE93w\"]}]}<\/script>\n<!-- \/ Yoast SEO plugin. -->","yoast_head_json":{"title":"Napoleon bambugrillivartaat 15cm (48kpl) -% BBQ \u00c4ssad%","description":"Napoleonin 15 cm:n bambugrillivartaat ovat tukevia ja vakaita, ja ne sopivat grillaamiseen ja tarjoiluun. Pakkaus 48 kappaletta, valmistettu uusiutuvista materiaaleista.","robots":{"index":"index","follow":"follow","max-snippet":"max-snippet:-1","max-image-preview":"max-image-preview:large","max-video-preview":"max-video-preview:-1"},"canonical":"https:\/\/bbqassad.ee\/fi\/toode\/napoleon-bambusta-valmistetut-kertakayttoiset-grillivartaat-15cm-48kpl\/","og_locale":"fi_FI","og_type":"article","og_title":"Napoleon bambugrillivartaat 15cm (48kpl) -% BBQ \u00c4ssad%","og_description":"Napoleonin 15 cm:n bambugrillivartaat ovat tukevia ja vakaita, ja ne sopivat grillaamiseen ja tarjoiluun. Pakkaus 48 kappaletta, valmistettu uusiutuvista materiaaleista.","og_url":"https:\/\/bbqassad.ee\/fi\/toode\/napoleon-bambusta-valmistetut-kertakayttoiset-grillivartaat-15cm-48kpl\/","og_site_name":"BBQ \u00c4ssad","article_publisher":"https:\/\/www.facebook.com\/bbqassad","article_modified_time":"2026-04-14T06:32:20+00:00","og_image":[{"url":"https:\/\/bbqassad.ee\/wp-content\/uploads\/2026\/02\/BBQ-Entertainment-Napoleon-bambusest-varrastikud-2.jpg","type":"","width":"","height":""}],"twitter_card":"summary_large_image","twitter_title":"Napoleon bambugrillivartaat 15cm (48kpl) -% BBQ \u00c4ssad%","twitter_description":"Napoleonin 15 cm:n bambugrillivartaat ovat tukevia ja vakaita, ja ne sopivat grillaamiseen ja tarjoiluun. Pakkaus 48 kappaletta, valmistettu uusiutuvista materiaaleista.","twitter_image":"https:\/\/bbqassad.ee\/wp-content\/uploads\/2026\/02\/BBQ-Entertainment-Napoleon-bambusest-varrastikud-2.jpg","schema":{"@context":"https:\/\/schema.org","@graph":[{"@type":"WebPage","@id":"https:\/\/bbqassad.ee\/fi\/toode\/napoleon-bambusta-valmistetut-kertakayttoiset-grillivartaat-15cm-48kpl\/","url":"https:\/\/bbqassad.ee\/fi\/toode\/napoleon-bambusta-valmistetut-kertakayttoiset-grillivartaat-15cm-48kpl\/","name":"Napoleon bambugrillivartaat 15cm (48kpl) -% BBQ \u00c4ssad%","isPartOf":{"@id":"https:\/\/bbqassad.ee\/fi\/#website"},"primaryImageOfPage":{"@id":"https:\/\/bbqassad.ee\/fi\/toode\/napoleon-bambusta-valmistetut-kertakayttoiset-grillivartaat-15cm-48kpl\/#primaryimage"},"image":{"@id":"https:\/\/bbqassad.ee\/fi\/toode\/napoleon-bambusta-valmistetut-kertakayttoiset-grillivartaat-15cm-48kpl\/#primaryimage"},"thumbnailUrl":"https:\/\/bbqassad.ee\/wp-content\/uploads\/2026\/02\/BBQ-Entertainment-Napoleon-bambusest-varrastikud-2.jpg","datePublished":"2026-02-23T15:05:35+00:00","dateModified":"2026-04-14T06:32:20+00:00","description":"Napoleonin 15 cm:n bambugrillivartaat ovat tukevia ja vakaita, ja ne sopivat grillaamiseen ja tarjoiluun. Pakkaus 48 kappaletta, valmistettu uusiutuvista materiaaleista.","breadcrumb":{"@id":"https:\/\/bbqassad.ee\/fi\/toode\/napoleon-bambusta-valmistetut-kertakayttoiset-grillivartaat-15cm-48kpl\/#breadcrumb"},"inLanguage":"fi","potentialAction":[{"@type":"ReadAction","target":["https:\/\/bbqassad.ee\/fi\/toode\/napoleon-bambusta-valmistetut-kertakayttoiset-grillivartaat-15cm-48kpl\/"]}]},{"@type":"ImageObject","inLanguage":"fi","@id":"https:\/\/bbqassad.ee\/fi\/toode\/napoleon-bambusta-valmistetut-kertakayttoiset-grillivartaat-15cm-48kpl\/#primaryimage","url":"https:\/\/bbqassad.ee\/wp-content\/uploads\/2026\/02\/BBQ-Entertainment-Napoleon-bambusest-varrastikud-2.jpg","contentUrl":"https:\/\/bbqassad.ee\/wp-content\/uploads\/2026\/02\/BBQ-Entertainment-Napoleon-bambusest-varrastikud-2.jpg","width":930,"height":930},{"@type":"BreadcrumbList","@id":"https:\/\/bbqassad.ee\/fi\/toode\/napoleon-bambusta-valmistetut-kertakayttoiset-grillivartaat-15cm-48kpl\/#breadcrumb","itemListElement":[{"@type":"ListItem","position":1,"name":"Home","item":"https:\/\/bbqassad.ee\/fi\/bbq-assat\/"},{"@type":"ListItem","position":2,"name":"Verkkokauppa","item":"https:\/\/bbqassad.ee\/fi\/verkkokauppa\/"},{"@type":"ListItem","position":3,"name":"Napoleon bambusta valmistetut kertak\u00e4ytt\u00f6iset grillivartaat 15cm (48kpl)"}]},{"@type":"WebSite","@id":"https:\/\/bbqassad.ee\/fi\/#website","url":"https:\/\/bbqassad.ee\/fi\/","name":"BBQ \u00c4ssad","description":"BBQ maitseained, kastmed, ahjud","publisher":{"@id":"https:\/\/bbqassad.ee\/fi\/#organization"},"potentialAction":[{"@type":"SearchAction","target":{"@type":"EntryPoint","urlTemplate":"https:\/\/bbqassad.ee\/fi\/?s={search_term_string}"},"query-input":{"@type":"PropertyValueSpecification","valueRequired":true,"valueName":"search_term_string"}}],"inLanguage":"fi"},{"@type":"Organization","@id":"https:\/\/bbqassad.ee\/fi\/#organization","name":"BBQ \u00c4ssad","url":"https:\/\/bbqassad.ee\/fi\/","logo":{"@type":"ImageObject","inLanguage":"fi","@id":"https:\/\/bbqassad.ee\/fi\/#\/schema\/logo\/image\/","url":"https:\/\/bbqassad.ee\/wp-content\/uploads\/2022\/10\/BBQ-2ssadlogo.png","contentUrl":"https:\/\/bbqassad.ee\/wp-content\/uploads\/2022\/10\/BBQ-2ssadlogo.png","width":1080,"height":1080,"caption":"BBQ \u00c4ssad"},"image":{"@id":"https:\/\/bbqassad.ee\/fi\/#\/schema\/logo\/image\/"},"sameAs":["https:\/\/www.facebook.com\/bbqassad","https:\/\/www.youtube.com\/channel\/UCsoufn49J6TVi9Ah9meE93w"]}]}},"_links":{"self":[{"href":"https:\/\/bbqassad.ee\/fi\/wp-json\/wp\/v2\/product\/21807","targetHints":{"allow":["GET"]}}],"collection":[{"href":"https:\/\/bbqassad.ee\/fi\/wp-json\/wp\/v2\/product"}],"about":[{"href":"https:\/\/bbqassad.ee\/fi\/wp-json\/wp\/v2\/types\/product"}],"replies":[{"embeddable":true,"href":"https:\/\/bbqassad.ee\/fi\/wp-json\/wp\/v2\/comments?post=21807"}],"wp:featuredmedia":[{"embeddable":true,"href":"https:\/\/bbqassad.ee\/fi\/wp-json\/wp\/v2\/media\/13162"}],"wp:attachment":[{"href":"https:\/\/bbqassad.ee\/fi\/wp-json\/wp\/v2\/media?parent=21807"}],"wp:term":[{"taxonomy":"product_brand","embeddable":true,"href":"https:\/\/bbqassad.ee\/fi\/wp-json\/wp\/v2\/product_brand?post=21807"},{"taxonomy":"product_cat","embeddable":true,"href":"https:\/\/bbqassad.ee\/fi\/wp-json\/wp\/v2\/product_cat?post=21807"},{"taxonomy":"product_tag","embeddable":true,"href":"https:\/\/bbqassad.ee\/fi\/wp-json\/wp\/v2\/product_tag?post=21807"}],"curies":[{"name":"wp","href":"https:\/\/api.w.org\/{rel}","templated":true}]}}