{"id":21805,"date":"2026-02-23T15:05:35","date_gmt":"2026-02-23T15:05:35","guid":{"rendered":"https:\/\/bbqassad.ee\/toode\/napoleon-premium-ruostumattomasta-teraksesta-valmistettu-kaynnistin\/"},"modified":"2026-04-14T06:32:17","modified_gmt":"2026-04-14T06:32:17","slug":"napoleon-premium-ruostumattomasta-teraksesta-valmistettu-kaynnistin","status":"publish","type":"product","link":"https:\/\/bbqassad.ee\/fi\/toode\/napoleon-premium-ruostumattomasta-teraksesta-valmistettu-kaynnistin\/","title":{"rendered":"Napoleon Premium ruostumattomasta ter\u00e4ksest\u00e4 valmistettu k\u00e4ynnistin"},"content":{"rendered":"","protected":false},"excerpt":{"rendered":"<h3>Napoleon Premium ruostumattomasta ter\u00e4ksest\u00e4 valmistettu k\u00e4ynnistin<\/h3>\n<p data-start=\"39\" data-end=\"320\">Napoleon Premium -hiilisytytin on kest\u00e4v\u00e4 ja tehokas v\u00e4line, jolla saat grillisi nopeasti k\u00e4yntiin. Valmistettu vahvasta aluminoidusta ter\u00e4ksest\u00e4, joka kest\u00e4\u00e4 hyvin kuumuutta ja kest\u00e4\u00e4 pitk\u00e4\u00e4n. Sopii k\u00e4ytett\u00e4v\u00e4ksi kaikkien Napoleon-hiiligrillien kanssa, mutta toimii my\u00f6s muiden valmistajien grilleiss\u00e4.  <\/p>\n<p data-start=\"322\" data-end=\"463\">Sit\u00e4 on helppo k\u00e4ytt\u00e4\u00e4: t\u00e4yt\u00e4 pohja sanomalehtipaperilla, aseta hiilet p\u00e4\u00e4lle ja sytyt\u00e4 paperi. Noin 15 minuutin kuluttua hiillos on valmis grillattavaksi. <\/p>\n<p data-start=\"465\" data-end=\"478\"><strong data-start=\"465\" data-end=\"478\">Ominaisuudet:<\/strong><\/p>\n<ul data-start=\"479\" data-end=\"607\">\n<li data-start=\"479\" data-end=\"517\">kuumuutta kest\u00e4v\u00e4 aluminoidusta ter\u00e4ksest\u00e4<\/li>\n<li data-start=\"518\" data-end=\"556\">yhteensopiva kaikkien Napoleonin hiiligrillien kanssa.<\/li>\n<li data-start=\"557\" data-end=\"607\">nopea ja helppo sytytys ilman sytytysnestett\u00e4.<\/li>\n<\/ul>\n<p data-start=\"609\" data-end=\"737\"><strong data-start=\"609\" data-end=\"631\">Tekniset tiedot:<\/strong><br data-start=\"631\" data-end=\"634\">Korkeus: 34,3 cm<br data-start=\"649\" data-end=\"652\">Leveys: 19 cm<br data-start=\"664\" data-end=\"667\">Syvyys: 19 cm<br data-start=\"681\" data-end=\"684\">Paino: 1,5 kg.<\/p>\n<p data-start=\"609\" data-end=\"737\"><br data-start=\"696\" data-end=\"699\">Luotettava ja turvallinen tapa sytytt\u00e4\u00e4 hiili.<\/p>\n<p data-start=\"734\" data-end=\"803\" data-is-last-node=\"\" data-is-only-node=\"\">\n","protected":false},"featured_media":13964,"comment_status":"closed","ping_status":"closed","template":"","meta":[],"product_brand":[768],"product_cat":[784],"product_tag":[],"class_list":{"0":"post-21805","1":"product","2":"type-product","3":"status-publish","4":"has-post-thumbnail","6":"product_brand-napoleon","7":"product_cat-tarvikkeet","9":"first","10":"instock","11":"taxable","12":"shipping-taxable","13":"purchasable","14":"product-type-simple"},"yoast_head":"<!-- This site is optimized with the Yoast SEO plugin v27.4 - https:\/\/yoast.com\/product\/yoast-seo-wordpress\/ -->\n<title>Napoleon Premium ruostumattomasta ter\u00e4ksest\u00e4 valmistettu oluen k\u00e4ynnistin - BBQ \u00c4ssad%<\/title>\n<meta name=\"description\" content=\"Napoleon Premium -hiilisytytin on tukeva ja tehokas v\u00e4line, jolla saat hiiligrillisi valmiiksi hetkess\u00e4. Sopii kaikkiin Napoleon-hiiligrilleihin.\" \/>\n<meta name=\"robots\" content=\"index, follow, max-snippet:-1, max-image-preview:large, max-video-preview:-1\" \/>\n<link rel=\"canonical\" href=\"https:\/\/bbqassad.ee\/fi\/toode\/napoleon-premium-ruostumattomasta-teraksesta-valmistettu-kaynnistin\/\" \/>\n<meta property=\"og:locale\" content=\"fi_FI\" \/>\n<meta property=\"og:type\" content=\"article\" \/>\n<meta property=\"og:title\" content=\"Napoleon Premium ruostumattomasta ter\u00e4ksest\u00e4 valmistettu oluen k\u00e4ynnistin - BBQ \u00c4ssad%\" \/>\n<meta property=\"og:description\" content=\"Napoleon Premium -hiilisytytin on tukeva ja tehokas v\u00e4line, jolla saat hiiligrillisi valmiiksi hetkess\u00e4. Sopii kaikkiin Napoleon-hiiligrilleihin.\" \/>\n<meta property=\"og:url\" content=\"https:\/\/bbqassad.ee\/fi\/toode\/napoleon-premium-ruostumattomasta-teraksesta-valmistettu-kaynnistin\/\" \/>\n<meta property=\"og:site_name\" content=\"BBQ \u00c4ssad\" \/>\n<meta property=\"article:publisher\" content=\"https:\/\/www.facebook.com\/bbqassad\" \/>\n<meta property=\"article:modified_time\" content=\"2026-04-14T06:32:17+00:00\" \/>\n<meta property=\"og:image\" content=\"https:\/\/bbqassad.ee\/wp-content\/uploads\/2026\/02\/67802-b-04-24.jpg\" \/>\n<meta name=\"twitter:card\" content=\"summary_large_image\" \/>\n<meta name=\"twitter:title\" content=\"Napoleon Premium ruostumattomasta ter\u00e4ksest\u00e4 valmistettu oluen k\u00e4ynnistin - BBQ \u00c4ssad%\" \/>\n<meta name=\"twitter:description\" content=\"Napoleon Premium -hiilisytytin on tukeva ja tehokas v\u00e4line, jolla saat hiiligrillisi valmiiksi hetkess\u00e4. Sopii kaikkiin Napoleon-hiiligrilleihin.\" \/>\n<meta name=\"twitter:image\" content=\"https:\/\/bbqassad.ee\/wp-content\/uploads\/2026\/02\/67802-b-04-24.jpg\" \/>\n<script type=\"application\/ld+json\" class=\"yoast-schema-graph\">{\"@context\":\"https:\\\/\\\/schema.org\",\"@graph\":[{\"@type\":\"WebPage\",\"@id\":\"https:\\\/\\\/bbqassad.ee\\\/fi\\\/toode\\\/napoleon-premium-ruostumattomasta-teraksesta-valmistettu-kaynnistin\\\/\",\"url\":\"https:\\\/\\\/bbqassad.ee\\\/fi\\\/toode\\\/napoleon-premium-ruostumattomasta-teraksesta-valmistettu-kaynnistin\\\/\",\"name\":\"Napoleon Premium ruostumattomasta ter\u00e4ksest\u00e4 valmistettu oluen k\u00e4ynnistin - BBQ \u00c4ssad%\",\"isPartOf\":{\"@id\":\"https:\\\/\\\/bbqassad.ee\\\/fi\\\/#website\"},\"primaryImageOfPage\":{\"@id\":\"https:\\\/\\\/bbqassad.ee\\\/fi\\\/toode\\\/napoleon-premium-ruostumattomasta-teraksesta-valmistettu-kaynnistin\\\/#primaryimage\"},\"image\":{\"@id\":\"https:\\\/\\\/bbqassad.ee\\\/fi\\\/toode\\\/napoleon-premium-ruostumattomasta-teraksesta-valmistettu-kaynnistin\\\/#primaryimage\"},\"thumbnailUrl\":\"https:\\\/\\\/bbqassad.ee\\\/wp-content\\\/uploads\\\/2026\\\/02\\\/67802-b-04-24.jpg\",\"datePublished\":\"2026-02-23T15:05:35+00:00\",\"dateModified\":\"2026-04-14T06:32:17+00:00\",\"description\":\"Napoleon Premium -hiilisytytin on tukeva ja tehokas v\u00e4line, jolla saat hiiligrillisi valmiiksi hetkess\u00e4. Sopii kaikkiin Napoleon-hiiligrilleihin.\",\"breadcrumb\":{\"@id\":\"https:\\\/\\\/bbqassad.ee\\\/fi\\\/toode\\\/napoleon-premium-ruostumattomasta-teraksesta-valmistettu-kaynnistin\\\/#breadcrumb\"},\"inLanguage\":\"fi\",\"potentialAction\":[{\"@type\":\"ReadAction\",\"target\":[\"https:\\\/\\\/bbqassad.ee\\\/fi\\\/toode\\\/napoleon-premium-ruostumattomasta-teraksesta-valmistettu-kaynnistin\\\/\"]}]},{\"@type\":\"ImageObject\",\"inLanguage\":\"fi\",\"@id\":\"https:\\\/\\\/bbqassad.ee\\\/fi\\\/toode\\\/napoleon-premium-ruostumattomasta-teraksesta-valmistettu-kaynnistin\\\/#primaryimage\",\"url\":\"https:\\\/\\\/bbqassad.ee\\\/wp-content\\\/uploads\\\/2026\\\/02\\\/67802-b-04-24.jpg\",\"contentUrl\":\"https:\\\/\\\/bbqassad.ee\\\/wp-content\\\/uploads\\\/2026\\\/02\\\/67802-b-04-24.jpg\",\"width\":699,\"height\":700},{\"@type\":\"BreadcrumbList\",\"@id\":\"https:\\\/\\\/bbqassad.ee\\\/fi\\\/toode\\\/napoleon-premium-ruostumattomasta-teraksesta-valmistettu-kaynnistin\\\/#breadcrumb\",\"itemListElement\":[{\"@type\":\"ListItem\",\"position\":1,\"name\":\"Home\",\"item\":\"https:\\\/\\\/bbqassad.ee\\\/fi\\\/bbq-assat\\\/\"},{\"@type\":\"ListItem\",\"position\":2,\"name\":\"Verkkokauppa\",\"item\":\"https:\\\/\\\/bbqassad.ee\\\/fi\\\/verkkokauppa\\\/\"},{\"@type\":\"ListItem\",\"position\":3,\"name\":\"Napoleon Premium ruostumattomasta ter\u00e4ksest\u00e4 valmistettu k\u00e4ynnistin\"}]},{\"@type\":\"WebSite\",\"@id\":\"https:\\\/\\\/bbqassad.ee\\\/fi\\\/#website\",\"url\":\"https:\\\/\\\/bbqassad.ee\\\/fi\\\/\",\"name\":\"BBQ \u00c4ssad\",\"description\":\"BBQ maitseained, kastmed, ahjud\",\"publisher\":{\"@id\":\"https:\\\/\\\/bbqassad.ee\\\/fi\\\/#organization\"},\"potentialAction\":[{\"@type\":\"SearchAction\",\"target\":{\"@type\":\"EntryPoint\",\"urlTemplate\":\"https:\\\/\\\/bbqassad.ee\\\/fi\\\/?s={search_term_string}\"},\"query-input\":{\"@type\":\"PropertyValueSpecification\",\"valueRequired\":true,\"valueName\":\"search_term_string\"}}],\"inLanguage\":\"fi\"},{\"@type\":\"Organization\",\"@id\":\"https:\\\/\\\/bbqassad.ee\\\/fi\\\/#organization\",\"name\":\"BBQ \u00c4ssad\",\"url\":\"https:\\\/\\\/bbqassad.ee\\\/fi\\\/\",\"logo\":{\"@type\":\"ImageObject\",\"inLanguage\":\"fi\",\"@id\":\"https:\\\/\\\/bbqassad.ee\\\/fi\\\/#\\\/schema\\\/logo\\\/image\\\/\",\"url\":\"https:\\\/\\\/bbqassad.ee\\\/wp-content\\\/uploads\\\/2022\\\/10\\\/BBQ-2ssadlogo.png\",\"contentUrl\":\"https:\\\/\\\/bbqassad.ee\\\/wp-content\\\/uploads\\\/2022\\\/10\\\/BBQ-2ssadlogo.png\",\"width\":1080,\"height\":1080,\"caption\":\"BBQ \u00c4ssad\"},\"image\":{\"@id\":\"https:\\\/\\\/bbqassad.ee\\\/fi\\\/#\\\/schema\\\/logo\\\/image\\\/\"},\"sameAs\":[\"https:\\\/\\\/www.facebook.com\\\/bbqassad\",\"https:\\\/\\\/www.youtube.com\\\/channel\\\/UCsoufn49J6TVi9Ah9meE93w\"]}]}<\/script>\n<!-- \/ Yoast SEO plugin. -->","yoast_head_json":{"title":"Napoleon Premium ruostumattomasta ter\u00e4ksest\u00e4 valmistettu oluen k\u00e4ynnistin - BBQ \u00c4ssad%","description":"Napoleon Premium -hiilisytytin on tukeva ja tehokas v\u00e4line, jolla saat hiiligrillisi valmiiksi hetkess\u00e4. Sopii kaikkiin Napoleon-hiiligrilleihin.","robots":{"index":"index","follow":"follow","max-snippet":"max-snippet:-1","max-image-preview":"max-image-preview:large","max-video-preview":"max-video-preview:-1"},"canonical":"https:\/\/bbqassad.ee\/fi\/toode\/napoleon-premium-ruostumattomasta-teraksesta-valmistettu-kaynnistin\/","og_locale":"fi_FI","og_type":"article","og_title":"Napoleon Premium ruostumattomasta ter\u00e4ksest\u00e4 valmistettu oluen k\u00e4ynnistin - BBQ \u00c4ssad%","og_description":"Napoleon Premium -hiilisytytin on tukeva ja tehokas v\u00e4line, jolla saat hiiligrillisi valmiiksi hetkess\u00e4. Sopii kaikkiin Napoleon-hiiligrilleihin.","og_url":"https:\/\/bbqassad.ee\/fi\/toode\/napoleon-premium-ruostumattomasta-teraksesta-valmistettu-kaynnistin\/","og_site_name":"BBQ \u00c4ssad","article_publisher":"https:\/\/www.facebook.com\/bbqassad","article_modified_time":"2026-04-14T06:32:17+00:00","og_image":[{"url":"https:\/\/bbqassad.ee\/wp-content\/uploads\/2026\/02\/67802-b-04-24.jpg","type":"","width":"","height":""}],"twitter_card":"summary_large_image","twitter_title":"Napoleon Premium ruostumattomasta ter\u00e4ksest\u00e4 valmistettu oluen k\u00e4ynnistin - BBQ \u00c4ssad%","twitter_description":"Napoleon Premium -hiilisytytin on tukeva ja tehokas v\u00e4line, jolla saat hiiligrillisi valmiiksi hetkess\u00e4. Sopii kaikkiin Napoleon-hiiligrilleihin.","twitter_image":"https:\/\/bbqassad.ee\/wp-content\/uploads\/2026\/02\/67802-b-04-24.jpg","schema":{"@context":"https:\/\/schema.org","@graph":[{"@type":"WebPage","@id":"https:\/\/bbqassad.ee\/fi\/toode\/napoleon-premium-ruostumattomasta-teraksesta-valmistettu-kaynnistin\/","url":"https:\/\/bbqassad.ee\/fi\/toode\/napoleon-premium-ruostumattomasta-teraksesta-valmistettu-kaynnistin\/","name":"Napoleon Premium ruostumattomasta ter\u00e4ksest\u00e4 valmistettu oluen k\u00e4ynnistin - BBQ \u00c4ssad%","isPartOf":{"@id":"https:\/\/bbqassad.ee\/fi\/#website"},"primaryImageOfPage":{"@id":"https:\/\/bbqassad.ee\/fi\/toode\/napoleon-premium-ruostumattomasta-teraksesta-valmistettu-kaynnistin\/#primaryimage"},"image":{"@id":"https:\/\/bbqassad.ee\/fi\/toode\/napoleon-premium-ruostumattomasta-teraksesta-valmistettu-kaynnistin\/#primaryimage"},"thumbnailUrl":"https:\/\/bbqassad.ee\/wp-content\/uploads\/2026\/02\/67802-b-04-24.jpg","datePublished":"2026-02-23T15:05:35+00:00","dateModified":"2026-04-14T06:32:17+00:00","description":"Napoleon Premium -hiilisytytin on tukeva ja tehokas v\u00e4line, jolla saat hiiligrillisi valmiiksi hetkess\u00e4. Sopii kaikkiin Napoleon-hiiligrilleihin.","breadcrumb":{"@id":"https:\/\/bbqassad.ee\/fi\/toode\/napoleon-premium-ruostumattomasta-teraksesta-valmistettu-kaynnistin\/#breadcrumb"},"inLanguage":"fi","potentialAction":[{"@type":"ReadAction","target":["https:\/\/bbqassad.ee\/fi\/toode\/napoleon-premium-ruostumattomasta-teraksesta-valmistettu-kaynnistin\/"]}]},{"@type":"ImageObject","inLanguage":"fi","@id":"https:\/\/bbqassad.ee\/fi\/toode\/napoleon-premium-ruostumattomasta-teraksesta-valmistettu-kaynnistin\/#primaryimage","url":"https:\/\/bbqassad.ee\/wp-content\/uploads\/2026\/02\/67802-b-04-24.jpg","contentUrl":"https:\/\/bbqassad.ee\/wp-content\/uploads\/2026\/02\/67802-b-04-24.jpg","width":699,"height":700},{"@type":"BreadcrumbList","@id":"https:\/\/bbqassad.ee\/fi\/toode\/napoleon-premium-ruostumattomasta-teraksesta-valmistettu-kaynnistin\/#breadcrumb","itemListElement":[{"@type":"ListItem","position":1,"name":"Home","item":"https:\/\/bbqassad.ee\/fi\/bbq-assat\/"},{"@type":"ListItem","position":2,"name":"Verkkokauppa","item":"https:\/\/bbqassad.ee\/fi\/verkkokauppa\/"},{"@type":"ListItem","position":3,"name":"Napoleon Premium ruostumattomasta ter\u00e4ksest\u00e4 valmistettu k\u00e4ynnistin"}]},{"@type":"WebSite","@id":"https:\/\/bbqassad.ee\/fi\/#website","url":"https:\/\/bbqassad.ee\/fi\/","name":"BBQ \u00c4ssad","description":"BBQ maitseained, kastmed, ahjud","publisher":{"@id":"https:\/\/bbqassad.ee\/fi\/#organization"},"potentialAction":[{"@type":"SearchAction","target":{"@type":"EntryPoint","urlTemplate":"https:\/\/bbqassad.ee\/fi\/?s={search_term_string}"},"query-input":{"@type":"PropertyValueSpecification","valueRequired":true,"valueName":"search_term_string"}}],"inLanguage":"fi"},{"@type":"Organization","@id":"https:\/\/bbqassad.ee\/fi\/#organization","name":"BBQ \u00c4ssad","url":"https:\/\/bbqassad.ee\/fi\/","logo":{"@type":"ImageObject","inLanguage":"fi","@id":"https:\/\/bbqassad.ee\/fi\/#\/schema\/logo\/image\/","url":"https:\/\/bbqassad.ee\/wp-content\/uploads\/2022\/10\/BBQ-2ssadlogo.png","contentUrl":"https:\/\/bbqassad.ee\/wp-content\/uploads\/2022\/10\/BBQ-2ssadlogo.png","width":1080,"height":1080,"caption":"BBQ \u00c4ssad"},"image":{"@id":"https:\/\/bbqassad.ee\/fi\/#\/schema\/logo\/image\/"},"sameAs":["https:\/\/www.facebook.com\/bbqassad","https:\/\/www.youtube.com\/channel\/UCsoufn49J6TVi9Ah9meE93w"]}]}},"_links":{"self":[{"href":"https:\/\/bbqassad.ee\/fi\/wp-json\/wp\/v2\/product\/21805","targetHints":{"allow":["GET"]}}],"collection":[{"href":"https:\/\/bbqassad.ee\/fi\/wp-json\/wp\/v2\/product"}],"about":[{"href":"https:\/\/bbqassad.ee\/fi\/wp-json\/wp\/v2\/types\/product"}],"replies":[{"embeddable":true,"href":"https:\/\/bbqassad.ee\/fi\/wp-json\/wp\/v2\/comments?post=21805"}],"wp:featuredmedia":[{"embeddable":true,"href":"https:\/\/bbqassad.ee\/fi\/wp-json\/wp\/v2\/media\/13964"}],"wp:attachment":[{"href":"https:\/\/bbqassad.ee\/fi\/wp-json\/wp\/v2\/media?parent=21805"}],"wp:term":[{"taxonomy":"product_brand","embeddable":true,"href":"https:\/\/bbqassad.ee\/fi\/wp-json\/wp\/v2\/product_brand?post=21805"},{"taxonomy":"product_cat","embeddable":true,"href":"https:\/\/bbqassad.ee\/fi\/wp-json\/wp\/v2\/product_cat?post=21805"},{"taxonomy":"product_tag","embeddable":true,"href":"https:\/\/bbqassad.ee\/fi\/wp-json\/wp\/v2\/product_tag?post=21805"}],"curies":[{"name":"wp","href":"https:\/\/api.w.org\/{rel}","templated":true}]}}