{"id":21803,"date":"2026-02-23T15:05:35","date_gmt":"2026-02-23T15:05:35","guid":{"rendered":"https:\/\/bbqassad.ee\/toode\/napoleon-ruostumattomasta-teraksesta-valmistettu-savuhormi-hakkeelle\/"},"modified":"2026-04-14T06:32:17","modified_gmt":"2026-04-14T06:32:17","slug":"napoleon-ruostumattomasta-teraksesta-valmistettu-savuhormi-hakkeelle","status":"publish","type":"product","link":"https:\/\/bbqassad.ee\/fi\/toode\/napoleon-ruostumattomasta-teraksesta-valmistettu-savuhormi-hakkeelle\/","title":{"rendered":"Napoleon ruostumattomasta ter\u00e4ksest\u00e4 valmistettu savuhormi hakkeelle"},"content":{"rendered":"<h3 data-start=\"0\" data-end=\"155\">T\u00e4rkeimm\u00e4t erot Napoleonin savuputken ja savuputken v\u00e4lill\u00e4<\/h3>\n<p data-start=\"0\" data-end=\"155\">Savustuslaatikko ja savuputki ovat molemmat lis\u00e4varusteita, joilla voidaan lis\u00e4t\u00e4 savun makua ruokiin kaasugrilliss\u00e4, mutta ne eroavat toisistaan muodoltaan, kapasiteetiltaan ja k\u00e4yt\u00f6lt\u00e4\u00e4n.<\/p>\n<p data-start=\"0\" data-end=\"155\"><strong data-start=\"161\" data-end=\"223\">Savustuslaatikko  <\/strong><\/p>\n<ul data-start=\"224\" data-end=\"552\">\n<li data-start=\"224\" data-end=\"271\"><strong data-start=\"226\" data-end=\"235\">Muoto:<\/strong> matala ja leve\u00e4 laatikko, usein kannellinen.<\/li>\n<li data-start=\"272\" data-end=\"355\"><strong data-start=\"274\" data-end=\"294\">Sijainti grilliss\u00e4:<\/strong> yleens\u00e4 polttimien yl\u00e4puolella, paistolevyn paikalla.<\/li>\n<li data-start=\"356\" data-end=\"416\"><strong data-start=\"358\" data-end=\"372\">Kapasiteetti:<\/strong> mahtuu enemm\u00e4n savua tai pellettej\u00e4<\/li>\n<li data-start=\"417\" data-end=\"492\"><strong data-start=\"419\" data-end=\"452\">Soveltuu pitk\u00e4kestoiseen savustamiseen<\/strong> &#8211; esimerkiksi isommille lihapaloille.<\/li>\n<li data-start=\"493\" data-end=\"552\"><strong data-start=\"495\" data-end=\"505\">Etu:<\/strong> kest\u00e4\u00e4 pidemp\u00e4\u00e4n ja tuottaa enemm\u00e4n savua kerrallaan.<\/li>\n<\/ul>\n<h4 data-start=\"554\" data-end=\"608\"><strong data-start=\"558\" data-end=\"608\">Savuputki  <\/strong><\/h4>\n<ul data-start=\"609\" data-end=\"897\">\n<li data-start=\"609\" data-end=\"645\"><strong data-start=\"611\" data-end=\"620\">Muoto:<\/strong> kapea ja lieri\u00f6m\u00e4inen<\/li>\n<li data-start=\"646\" data-end=\"699\"><strong data-start=\"648\" data-end=\"668\">Paikka grilliss\u00e4:<\/strong> asetetaan grillilevylle.<\/li>\n<li data-start=\"700\" data-end=\"743\"><strong data-start=\"702\" data-end=\"716\">Kapasiteetti:<\/strong> pienempi kuin savupakkaus<\/li>\n<li data-start=\"744\" data-end=\"829\"><strong data-start=\"746\" data-end=\"779\">Sopii lyhyemp\u00e4\u00e4n savustukseen<\/strong> &#8211; esimerkiksi kalalle tai pienemmille lihapaloille.<\/li>\n<li data-start=\"830\" data-end=\"897\"><strong data-start=\"832\" data-end=\"842\">Etu:<\/strong> helppok\u00e4ytt\u00f6inen, grilli\u00e4 ei tarvitse muuttaa.<\/li>\n<\/ul>\n","protected":false},"excerpt":{"rendered":"<h3>Napoleon ruostumattomasta ter\u00e4ksest\u00e4 valmistettu savuhormi hakkeelle<\/h3>\n<p data-start=\"54\" data-end=\"364\">Napoleon PRO -ruostumattomasta ter\u00e4ksest\u00e4 valmistetun savustusputken avulla voit lis\u00e4t\u00e4 kaasugrilliin todellista savun makua. T\u00e4yt\u00e4 piippu valitsemillasi liotetuilla savulastuilla tai pelleteill\u00e4, aseta se hiilien yl\u00e4puolelle grillilevylle ja aloita grillaaminen &#8211; piippu p\u00e4\u00e4st\u00e4\u00e4 savun v\u00e4hitellen ruokaan ja antaa sille miellytt\u00e4v\u00e4n aromin. <\/p>\n<p data-start=\"366\" data-end=\"523\">Sopii sek\u00e4 lihan ett\u00e4 kalan savustamiseen. Voit k\u00e4ytt\u00e4\u00e4 erilaisia puulajeja saadaksesi juuri sinulle sopivan hedelm\u00e4isen, mausteisen tai voimakkaan savun. <\/p>\n<p data-start=\"525\" data-end=\"538\"><strong data-start=\"525\" data-end=\"538\">Ominaisuudet:<\/strong><\/p>\n<ul data-start=\"539\" data-end=\"682\">\n<li data-start=\"539\" data-end=\"590\">valmistettu kest\u00e4v\u00e4st\u00e4 ruostumattomasta ter\u00e4ksest\u00e4<\/li>\n<li data-start=\"591\" data-end=\"649\">Soveltuu k\u00e4ytett\u00e4v\u00e4ksi savuhakkeen ja pelletin kanssa.<\/li>\n<li data-start=\"650\" data-end=\"682\">helppo k\u00e4ytt\u00e4\u00e4 ja puhdistaa<\/li>\n<\/ul>\n<p data-start=\"684\" data-end=\"732\"><strong data-start=\"684\" data-end=\"695\">Mitat:<\/strong><br data-start=\"695\" data-end=\"698\">halkaisija: 4,5 cm<br data-start=\"714\" data-end=\"717\">pituus: 31 cm.<\/p>\n<p data-start=\"734\" data-end=\"803\" data-is-last-node=\"\" data-is-only-node=\"\">Helppo tapa muuttaa tavallinen kaasugrilli t\u00e4ysimittaiseksi savustusuuniksi!<\/p>\n","protected":false},"featured_media":13958,"comment_status":"closed","ping_status":"closed","template":"","meta":[],"product_brand":[768],"product_cat":[785],"product_tag":[],"class_list":{"0":"post-21803","1":"product","2":"type-product","3":"status-publish","4":"has-post-thumbnail","6":"product_brand-napoleon","7":"product_cat-kaasugrillien-tarvikkeet","9":"first","10":"instock","11":"taxable","12":"shipping-taxable","13":"purchasable","14":"product-type-simple"},"yoast_head":"<!-- This site is optimized with the Yoast SEO plugin v27.4 - https:\/\/yoast.com\/product\/yoast-seo-wordpress\/ -->\n<title>Napoleonin savuputki hakkeelle - BBQ \u00c4ssad%<\/title>\n<meta name=\"description\" content=\"Napoleonin ruostumattomasta ter\u00e4ksest\u00e4 valmistetun savuputken avulla voit lis\u00e4t\u00e4 kaasugrilliin todellista savun makua. Sopii lihan ja kalan savustamiseen eri puulajeilla.\" \/>\n<meta name=\"robots\" content=\"index, follow, max-snippet:-1, max-image-preview:large, max-video-preview:-1\" \/>\n<link rel=\"canonical\" href=\"https:\/\/bbqassad.ee\/fi\/toode\/napoleon-ruostumattomasta-teraksesta-valmistettu-savuhormi-hakkeelle\/\" \/>\n<meta property=\"og:locale\" content=\"fi_FI\" \/>\n<meta property=\"og:type\" content=\"article\" \/>\n<meta property=\"og:title\" content=\"Napoleonin savuputki hakkeelle - BBQ \u00c4ssad%\" \/>\n<meta property=\"og:description\" content=\"Napoleonin ruostumattomasta ter\u00e4ksest\u00e4 valmistetun savuputken avulla voit lis\u00e4t\u00e4 kaasugrilliin todellista savun makua. Sopii lihan ja kalan savustamiseen eri puulajeilla.\" \/>\n<meta property=\"og:url\" content=\"https:\/\/bbqassad.ee\/fi\/toode\/napoleon-ruostumattomasta-teraksesta-valmistettu-savuhormi-hakkeelle\/\" \/>\n<meta property=\"og:site_name\" content=\"BBQ \u00c4ssad\" \/>\n<meta property=\"article:publisher\" content=\"https:\/\/www.facebook.com\/bbqassad\" \/>\n<meta property=\"article:modified_time\" content=\"2026-04-14T06:32:17+00:00\" \/>\n<meta property=\"og:image\" content=\"https:\/\/bbqassad.ee\/wp-content\/uploads\/2026\/02\/stainless-steel-smoker-pipe-pro-napoleon.jpg.webp\" \/>\n<meta name=\"twitter:card\" content=\"summary_large_image\" \/>\n<meta name=\"twitter:title\" content=\"Napoleonin savuputki hakkeelle - BBQ \u00c4ssad%\" \/>\n<meta name=\"twitter:description\" content=\"Napoleonin ruostumattomasta ter\u00e4ksest\u00e4 valmistetun savuputken avulla voit lis\u00e4t\u00e4 kaasugrilliin todellista savun makua. Sopii lihan ja kalan savustamiseen eri puulajeilla.\" \/>\n<meta name=\"twitter:image\" content=\"https:\/\/bbqassad.ee\/wp-content\/uploads\/2026\/02\/stainless-steel-smoker-pipe-pro-napoleon.jpg.webp\" \/>\n<meta name=\"twitter:label1\" content=\"Arvioitu lukuaika\" \/>\n\t<meta name=\"twitter:data1\" content=\"1 minuutti\" \/>\n<script type=\"application\/ld+json\" class=\"yoast-schema-graph\">{\"@context\":\"https:\\\/\\\/schema.org\",\"@graph\":[{\"@type\":\"WebPage\",\"@id\":\"https:\\\/\\\/bbqassad.ee\\\/fi\\\/toode\\\/napoleon-ruostumattomasta-teraksesta-valmistettu-savuhormi-hakkeelle\\\/\",\"url\":\"https:\\\/\\\/bbqassad.ee\\\/fi\\\/toode\\\/napoleon-ruostumattomasta-teraksesta-valmistettu-savuhormi-hakkeelle\\\/\",\"name\":\"Napoleonin savuputki hakkeelle - BBQ \u00c4ssad%\",\"isPartOf\":{\"@id\":\"https:\\\/\\\/bbqassad.ee\\\/fi\\\/#website\"},\"primaryImageOfPage\":{\"@id\":\"https:\\\/\\\/bbqassad.ee\\\/fi\\\/toode\\\/napoleon-ruostumattomasta-teraksesta-valmistettu-savuhormi-hakkeelle\\\/#primaryimage\"},\"image\":{\"@id\":\"https:\\\/\\\/bbqassad.ee\\\/fi\\\/toode\\\/napoleon-ruostumattomasta-teraksesta-valmistettu-savuhormi-hakkeelle\\\/#primaryimage\"},\"thumbnailUrl\":\"https:\\\/\\\/bbqassad.ee\\\/wp-content\\\/uploads\\\/2026\\\/02\\\/stainless-steel-smoker-pipe-pro-napoleon.jpg.webp\",\"datePublished\":\"2026-02-23T15:05:35+00:00\",\"dateModified\":\"2026-04-14T06:32:17+00:00\",\"description\":\"Napoleonin ruostumattomasta ter\u00e4ksest\u00e4 valmistetun savuputken avulla voit lis\u00e4t\u00e4 kaasugrilliin todellista savun makua. Sopii lihan ja kalan savustamiseen eri puulajeilla.\",\"breadcrumb\":{\"@id\":\"https:\\\/\\\/bbqassad.ee\\\/fi\\\/toode\\\/napoleon-ruostumattomasta-teraksesta-valmistettu-savuhormi-hakkeelle\\\/#breadcrumb\"},\"inLanguage\":\"fi\",\"potentialAction\":[{\"@type\":\"ReadAction\",\"target\":[\"https:\\\/\\\/bbqassad.ee\\\/fi\\\/toode\\\/napoleon-ruostumattomasta-teraksesta-valmistettu-savuhormi-hakkeelle\\\/\"]}]},{\"@type\":\"ImageObject\",\"inLanguage\":\"fi\",\"@id\":\"https:\\\/\\\/bbqassad.ee\\\/fi\\\/toode\\\/napoleon-ruostumattomasta-teraksesta-valmistettu-savuhormi-hakkeelle\\\/#primaryimage\",\"url\":\"https:\\\/\\\/bbqassad.ee\\\/wp-content\\\/uploads\\\/2026\\\/02\\\/stainless-steel-smoker-pipe-pro-napoleon.jpg.webp\",\"contentUrl\":\"https:\\\/\\\/bbqassad.ee\\\/wp-content\\\/uploads\\\/2026\\\/02\\\/stainless-steel-smoker-pipe-pro-napoleon.jpg.webp\",\"width\":800,\"height\":800},{\"@type\":\"BreadcrumbList\",\"@id\":\"https:\\\/\\\/bbqassad.ee\\\/fi\\\/toode\\\/napoleon-ruostumattomasta-teraksesta-valmistettu-savuhormi-hakkeelle\\\/#breadcrumb\",\"itemListElement\":[{\"@type\":\"ListItem\",\"position\":1,\"name\":\"Home\",\"item\":\"https:\\\/\\\/bbqassad.ee\\\/fi\\\/bbq-assat\\\/\"},{\"@type\":\"ListItem\",\"position\":2,\"name\":\"Verkkokauppa\",\"item\":\"https:\\\/\\\/bbqassad.ee\\\/fi\\\/verkkokauppa\\\/\"},{\"@type\":\"ListItem\",\"position\":3,\"name\":\"Napoleon ruostumattomasta ter\u00e4ksest\u00e4 valmistettu savuhormi hakkeelle\"}]},{\"@type\":\"WebSite\",\"@id\":\"https:\\\/\\\/bbqassad.ee\\\/fi\\\/#website\",\"url\":\"https:\\\/\\\/bbqassad.ee\\\/fi\\\/\",\"name\":\"BBQ \u00c4ssad\",\"description\":\"BBQ maitseained, kastmed, ahjud\",\"publisher\":{\"@id\":\"https:\\\/\\\/bbqassad.ee\\\/fi\\\/#organization\"},\"potentialAction\":[{\"@type\":\"SearchAction\",\"target\":{\"@type\":\"EntryPoint\",\"urlTemplate\":\"https:\\\/\\\/bbqassad.ee\\\/fi\\\/?s={search_term_string}\"},\"query-input\":{\"@type\":\"PropertyValueSpecification\",\"valueRequired\":true,\"valueName\":\"search_term_string\"}}],\"inLanguage\":\"fi\"},{\"@type\":\"Organization\",\"@id\":\"https:\\\/\\\/bbqassad.ee\\\/fi\\\/#organization\",\"name\":\"BBQ \u00c4ssad\",\"url\":\"https:\\\/\\\/bbqassad.ee\\\/fi\\\/\",\"logo\":{\"@type\":\"ImageObject\",\"inLanguage\":\"fi\",\"@id\":\"https:\\\/\\\/bbqassad.ee\\\/fi\\\/#\\\/schema\\\/logo\\\/image\\\/\",\"url\":\"https:\\\/\\\/bbqassad.ee\\\/wp-content\\\/uploads\\\/2022\\\/10\\\/BBQ-2ssadlogo.png\",\"contentUrl\":\"https:\\\/\\\/bbqassad.ee\\\/wp-content\\\/uploads\\\/2022\\\/10\\\/BBQ-2ssadlogo.png\",\"width\":1080,\"height\":1080,\"caption\":\"BBQ \u00c4ssad\"},\"image\":{\"@id\":\"https:\\\/\\\/bbqassad.ee\\\/fi\\\/#\\\/schema\\\/logo\\\/image\\\/\"},\"sameAs\":[\"https:\\\/\\\/www.facebook.com\\\/bbqassad\",\"https:\\\/\\\/www.youtube.com\\\/channel\\\/UCsoufn49J6TVi9Ah9meE93w\"]}]}<\/script>\n<!-- \/ Yoast SEO plugin. -->","yoast_head_json":{"title":"Napoleonin savuputki hakkeelle - BBQ \u00c4ssad%","description":"Napoleonin ruostumattomasta ter\u00e4ksest\u00e4 valmistetun savuputken avulla voit lis\u00e4t\u00e4 kaasugrilliin todellista savun makua. Sopii lihan ja kalan savustamiseen eri puulajeilla.","robots":{"index":"index","follow":"follow","max-snippet":"max-snippet:-1","max-image-preview":"max-image-preview:large","max-video-preview":"max-video-preview:-1"},"canonical":"https:\/\/bbqassad.ee\/fi\/toode\/napoleon-ruostumattomasta-teraksesta-valmistettu-savuhormi-hakkeelle\/","og_locale":"fi_FI","og_type":"article","og_title":"Napoleonin savuputki hakkeelle - BBQ \u00c4ssad%","og_description":"Napoleonin ruostumattomasta ter\u00e4ksest\u00e4 valmistetun savuputken avulla voit lis\u00e4t\u00e4 kaasugrilliin todellista savun makua. Sopii lihan ja kalan savustamiseen eri puulajeilla.","og_url":"https:\/\/bbqassad.ee\/fi\/toode\/napoleon-ruostumattomasta-teraksesta-valmistettu-savuhormi-hakkeelle\/","og_site_name":"BBQ \u00c4ssad","article_publisher":"https:\/\/www.facebook.com\/bbqassad","article_modified_time":"2026-04-14T06:32:17+00:00","og_image":[{"url":"https:\/\/bbqassad.ee\/wp-content\/uploads\/2026\/02\/stainless-steel-smoker-pipe-pro-napoleon.jpg.webp","type":"","width":"","height":""}],"twitter_card":"summary_large_image","twitter_title":"Napoleonin savuputki hakkeelle - BBQ \u00c4ssad%","twitter_description":"Napoleonin ruostumattomasta ter\u00e4ksest\u00e4 valmistetun savuputken avulla voit lis\u00e4t\u00e4 kaasugrilliin todellista savun makua. Sopii lihan ja kalan savustamiseen eri puulajeilla.","twitter_image":"https:\/\/bbqassad.ee\/wp-content\/uploads\/2026\/02\/stainless-steel-smoker-pipe-pro-napoleon.jpg.webp","twitter_misc":{"Arvioitu lukuaika":"1 minuutti"},"schema":{"@context":"https:\/\/schema.org","@graph":[{"@type":"WebPage","@id":"https:\/\/bbqassad.ee\/fi\/toode\/napoleon-ruostumattomasta-teraksesta-valmistettu-savuhormi-hakkeelle\/","url":"https:\/\/bbqassad.ee\/fi\/toode\/napoleon-ruostumattomasta-teraksesta-valmistettu-savuhormi-hakkeelle\/","name":"Napoleonin savuputki hakkeelle - BBQ \u00c4ssad%","isPartOf":{"@id":"https:\/\/bbqassad.ee\/fi\/#website"},"primaryImageOfPage":{"@id":"https:\/\/bbqassad.ee\/fi\/toode\/napoleon-ruostumattomasta-teraksesta-valmistettu-savuhormi-hakkeelle\/#primaryimage"},"image":{"@id":"https:\/\/bbqassad.ee\/fi\/toode\/napoleon-ruostumattomasta-teraksesta-valmistettu-savuhormi-hakkeelle\/#primaryimage"},"thumbnailUrl":"https:\/\/bbqassad.ee\/wp-content\/uploads\/2026\/02\/stainless-steel-smoker-pipe-pro-napoleon.jpg.webp","datePublished":"2026-02-23T15:05:35+00:00","dateModified":"2026-04-14T06:32:17+00:00","description":"Napoleonin ruostumattomasta ter\u00e4ksest\u00e4 valmistetun savuputken avulla voit lis\u00e4t\u00e4 kaasugrilliin todellista savun makua. Sopii lihan ja kalan savustamiseen eri puulajeilla.","breadcrumb":{"@id":"https:\/\/bbqassad.ee\/fi\/toode\/napoleon-ruostumattomasta-teraksesta-valmistettu-savuhormi-hakkeelle\/#breadcrumb"},"inLanguage":"fi","potentialAction":[{"@type":"ReadAction","target":["https:\/\/bbqassad.ee\/fi\/toode\/napoleon-ruostumattomasta-teraksesta-valmistettu-savuhormi-hakkeelle\/"]}]},{"@type":"ImageObject","inLanguage":"fi","@id":"https:\/\/bbqassad.ee\/fi\/toode\/napoleon-ruostumattomasta-teraksesta-valmistettu-savuhormi-hakkeelle\/#primaryimage","url":"https:\/\/bbqassad.ee\/wp-content\/uploads\/2026\/02\/stainless-steel-smoker-pipe-pro-napoleon.jpg.webp","contentUrl":"https:\/\/bbqassad.ee\/wp-content\/uploads\/2026\/02\/stainless-steel-smoker-pipe-pro-napoleon.jpg.webp","width":800,"height":800},{"@type":"BreadcrumbList","@id":"https:\/\/bbqassad.ee\/fi\/toode\/napoleon-ruostumattomasta-teraksesta-valmistettu-savuhormi-hakkeelle\/#breadcrumb","itemListElement":[{"@type":"ListItem","position":1,"name":"Home","item":"https:\/\/bbqassad.ee\/fi\/bbq-assat\/"},{"@type":"ListItem","position":2,"name":"Verkkokauppa","item":"https:\/\/bbqassad.ee\/fi\/verkkokauppa\/"},{"@type":"ListItem","position":3,"name":"Napoleon ruostumattomasta ter\u00e4ksest\u00e4 valmistettu savuhormi hakkeelle"}]},{"@type":"WebSite","@id":"https:\/\/bbqassad.ee\/fi\/#website","url":"https:\/\/bbqassad.ee\/fi\/","name":"BBQ \u00c4ssad","description":"BBQ maitseained, kastmed, ahjud","publisher":{"@id":"https:\/\/bbqassad.ee\/fi\/#organization"},"potentialAction":[{"@type":"SearchAction","target":{"@type":"EntryPoint","urlTemplate":"https:\/\/bbqassad.ee\/fi\/?s={search_term_string}"},"query-input":{"@type":"PropertyValueSpecification","valueRequired":true,"valueName":"search_term_string"}}],"inLanguage":"fi"},{"@type":"Organization","@id":"https:\/\/bbqassad.ee\/fi\/#organization","name":"BBQ \u00c4ssad","url":"https:\/\/bbqassad.ee\/fi\/","logo":{"@type":"ImageObject","inLanguage":"fi","@id":"https:\/\/bbqassad.ee\/fi\/#\/schema\/logo\/image\/","url":"https:\/\/bbqassad.ee\/wp-content\/uploads\/2022\/10\/BBQ-2ssadlogo.png","contentUrl":"https:\/\/bbqassad.ee\/wp-content\/uploads\/2022\/10\/BBQ-2ssadlogo.png","width":1080,"height":1080,"caption":"BBQ \u00c4ssad"},"image":{"@id":"https:\/\/bbqassad.ee\/fi\/#\/schema\/logo\/image\/"},"sameAs":["https:\/\/www.facebook.com\/bbqassad","https:\/\/www.youtube.com\/channel\/UCsoufn49J6TVi9Ah9meE93w"]}]}},"_links":{"self":[{"href":"https:\/\/bbqassad.ee\/fi\/wp-json\/wp\/v2\/product\/21803","targetHints":{"allow":["GET"]}}],"collection":[{"href":"https:\/\/bbqassad.ee\/fi\/wp-json\/wp\/v2\/product"}],"about":[{"href":"https:\/\/bbqassad.ee\/fi\/wp-json\/wp\/v2\/types\/product"}],"replies":[{"embeddable":true,"href":"https:\/\/bbqassad.ee\/fi\/wp-json\/wp\/v2\/comments?post=21803"}],"wp:featuredmedia":[{"embeddable":true,"href":"https:\/\/bbqassad.ee\/fi\/wp-json\/wp\/v2\/media\/13958"}],"wp:attachment":[{"href":"https:\/\/bbqassad.ee\/fi\/wp-json\/wp\/v2\/media?parent=21803"}],"wp:term":[{"taxonomy":"product_brand","embeddable":true,"href":"https:\/\/bbqassad.ee\/fi\/wp-json\/wp\/v2\/product_brand?post=21803"},{"taxonomy":"product_cat","embeddable":true,"href":"https:\/\/bbqassad.ee\/fi\/wp-json\/wp\/v2\/product_cat?post=21803"},{"taxonomy":"product_tag","embeddable":true,"href":"https:\/\/bbqassad.ee\/fi\/wp-json\/wp\/v2\/product_tag?post=21803"}],"curies":[{"name":"wp","href":"https:\/\/api.w.org\/{rel}","templated":true}]}}