{"id":21774,"date":"2026-02-23T15:05:41","date_gmt":"2026-02-23T15:05:41","guid":{"rendered":"https:\/\/bbqassad.ee\/toode\/napoleon-giljotiini-pizzaleikkuri-ruostumatonta-terasta\/"},"modified":"2026-04-14T06:32:15","modified_gmt":"2026-04-14T06:32:15","slug":"napoleon-giljotiini-pizzaleikkuri-ruostumatonta-terasta","status":"publish","type":"product","link":"https:\/\/bbqassad.ee\/fi\/toode\/napoleon-giljotiini-pizzaleikkuri-ruostumatonta-terasta\/","title":{"rendered":"Napoleon giljotiini pizzaleikkuri ruostumatonta ter\u00e4st\u00e4"},"content":{"rendered":"","protected":false},"excerpt":{"rendered":"<h3 data-start=\"0\" data-end=\"50\"><strong data-start=\"0\" data-end=\"50\">Napoleon giljotiini pizzaleikkuri ruostumatonta ter\u00e4st\u00e4<\/strong><\/h3>\n<p class=\"\" data-start=\"52\" data-end=\"341\">Napoleon Turtle Pizza Cutter -leikkurilla voit leikata pizzan nopeasti ja tarkasti tasaisiksi paloiksi. Hieman kaarevan ter\u00e4n ja tukevan kaksikahvaisen rakenteen ansiosta leikkaaminen on sujuvaa ja tehokasta. Pizzan lis\u00e4ksi t\u00e4m\u00e4 ty\u00f6kalu soveltuu my\u00f6s tuoreiden yrttien, lihan, l\u00e4ttyjen ja juuston pilkkomiseen.  <\/p>\n<p class=\"\" data-start=\"343\" data-end=\"539\">Vahvat niitatut kahvat takaavat tukevan otteen ja tukevat luonnollista heiluvaa liikett\u00e4.<\/p>\n<p class=\"\" data-start=\"541\" data-end=\"556\"><strong data-start=\"541\" data-end=\"554\">Ominaisuudet<\/strong><\/p>\n<ul data-start=\"557\" data-end=\"757\">\n<li class=\"\" data-start=\"557\" data-end=\"598\">\n<p class=\"\" data-start=\"559\" data-end=\"598\">vankka ruostumattomasta ter\u00e4ksest\u00e4 valmistettu leikkuuter\u00e4<\/p>\n<\/li>\n<li class=\"\" data-start=\"599\" data-end=\"655\">\n<p class=\"\" data-start=\"601\" data-end=\"655\">swing-leikkaus takaa tasaisen tuloksen<\/p>\n<\/li>\n<li class=\"\" data-start=\"656\" data-end=\"703\">\n<p class=\"\" data-start=\"658\" data-end=\"703\">sopii my\u00f6s yrttien, lihan ja juuston pilkkomiseen.<\/p>\n<\/li>\n<li class=\"\" data-start=\"704\" data-end=\"736\">\n<p class=\"\" data-start=\"706\" data-end=\"736\">mukavat, niititetyt kahvat<\/p>\n<\/li>\n<li class=\"\" data-start=\"737\" data-end=\"757\">\n<p class=\"\" data-start=\"739\" data-end=\"757\">helppo puhdistaa<\/p>\n<\/li>\n<\/ul>\n<p class=\"\" data-start=\"759\" data-end=\"772\"><strong data-start=\"759\" data-end=\"770\">Mitat:<\/strong><\/p>\n<ul data-start=\"773\" data-end=\"821\" data-is-last-node=\"\" data-is-only-node=\"\">\n<li class=\"\" data-start=\"773\" data-end=\"797\">\n<p class=\"\" data-start=\"775\" data-end=\"797\">tera: n. 35 \u00d7 9,5 cm<\/p>\n<\/li>\n<li class=\"\" data-start=\"798\" data-end=\"821\">\n<p class=\"\" data-start=\"800\" data-end=\"821\">kokonaispituus: n. 59 cm<\/p>\n<\/li>\n<\/ul>\n<p class=\"\" data-start=\"634\" data-end=\"657\">\n","protected":false},"featured_media":14102,"comment_status":"closed","ping_status":"closed","template":"","meta":[],"product_brand":[768],"product_cat":[784],"product_tag":[],"class_list":{"0":"post-21774","1":"product","2":"type-product","3":"status-publish","4":"has-post-thumbnail","6":"product_brand-napoleon","7":"product_cat-tarvikkeet","9":"first","10":"instock","11":"taxable","12":"shipping-taxable","13":"purchasable","14":"product-type-simple"},"yoast_head":"<!-- This site is optimized with the Yoast SEO plugin v27.4 - https:\/\/yoast.com\/product\/yoast-seo-wordpress\/ -->\n<title>Napoleon giljotiinipizzaleikkuri ruostumatonta ter\u00e4st\u00e4 - BBQ \u00c4ssad%<\/title>\n<meta name=\"description\" content=\"Napoleon Turtle Pizza Cutter on ihanteellinen ty\u00f6kalu pizzan, lihan ja juuston leikkaamiseen. Ruostumattomasta ter\u00e4ksest\u00e4 valmistettu ter\u00e4 takaa tasaisen leikkaamisen ja mukavat kahvat\" \/>\n<meta name=\"robots\" content=\"index, follow, max-snippet:-1, max-image-preview:large, max-video-preview:-1\" \/>\n<link rel=\"canonical\" href=\"https:\/\/bbqassad.ee\/fi\/toode\/napoleon-giljotiini-pizzaleikkuri-ruostumatonta-terasta\/\" \/>\n<meta property=\"og:locale\" content=\"fi_FI\" \/>\n<meta property=\"og:type\" content=\"article\" \/>\n<meta property=\"og:title\" content=\"Napoleon giljotiinipizzaleikkuri ruostumatonta ter\u00e4st\u00e4 - BBQ \u00c4ssad%\" \/>\n<meta property=\"og:description\" content=\"Napoleon Turtle Pizza Cutter on ihanteellinen ty\u00f6kalu pizzan, lihan ja juuston leikkaamiseen. Ruostumattomasta ter\u00e4ksest\u00e4 valmistettu ter\u00e4 takaa tasaisen leikkaamisen ja mukavat kahvat\" \/>\n<meta property=\"og:url\" content=\"https:\/\/bbqassad.ee\/fi\/toode\/napoleon-giljotiini-pizzaleikkuri-ruostumatonta-terasta\/\" \/>\n<meta property=\"og:site_name\" content=\"BBQ \u00c4ssad\" \/>\n<meta property=\"article:publisher\" content=\"https:\/\/www.facebook.com\/bbqassad\" \/>\n<meta property=\"article:modified_time\" content=\"2026-04-14T06:32:15+00:00\" \/>\n<meta property=\"og:image\" content=\"https:\/\/bbqassad.ee\/wp-content\/uploads\/2026\/02\/rocking-pizza-cutter-napoleon.jpg.webp\" \/>\n<meta name=\"twitter:card\" content=\"summary_large_image\" \/>\n<meta name=\"twitter:title\" content=\"Napoleon giljotiinipizzaleikkuri ruostumatonta ter\u00e4st\u00e4 - BBQ \u00c4ssad%\" \/>\n<meta name=\"twitter:description\" content=\"Napoleon Turtle Pizza Cutter on ihanteellinen ty\u00f6kalu pizzan, lihan ja juuston leikkaamiseen. Ruostumattomasta ter\u00e4ksest\u00e4 valmistettu ter\u00e4 takaa tasaisen leikkaamisen ja mukavat kahvat\" \/>\n<meta name=\"twitter:image\" content=\"https:\/\/bbqassad.ee\/wp-content\/uploads\/2026\/02\/rocking-pizza-cutter-napoleon.jpg.webp\" \/>\n<script type=\"application\/ld+json\" class=\"yoast-schema-graph\">{\"@context\":\"https:\\\/\\\/schema.org\",\"@graph\":[{\"@type\":\"WebPage\",\"@id\":\"https:\\\/\\\/bbqassad.ee\\\/fi\\\/toode\\\/napoleon-giljotiini-pizzaleikkuri-ruostumatonta-terasta\\\/\",\"url\":\"https:\\\/\\\/bbqassad.ee\\\/fi\\\/toode\\\/napoleon-giljotiini-pizzaleikkuri-ruostumatonta-terasta\\\/\",\"name\":\"Napoleon giljotiinipizzaleikkuri ruostumatonta ter\u00e4st\u00e4 - BBQ \u00c4ssad%\",\"isPartOf\":{\"@id\":\"https:\\\/\\\/bbqassad.ee\\\/fi\\\/#website\"},\"primaryImageOfPage\":{\"@id\":\"https:\\\/\\\/bbqassad.ee\\\/fi\\\/toode\\\/napoleon-giljotiini-pizzaleikkuri-ruostumatonta-terasta\\\/#primaryimage\"},\"image\":{\"@id\":\"https:\\\/\\\/bbqassad.ee\\\/fi\\\/toode\\\/napoleon-giljotiini-pizzaleikkuri-ruostumatonta-terasta\\\/#primaryimage\"},\"thumbnailUrl\":\"https:\\\/\\\/bbqassad.ee\\\/wp-content\\\/uploads\\\/2026\\\/02\\\/rocking-pizza-cutter-napoleon.jpg.webp\",\"datePublished\":\"2026-02-23T15:05:41+00:00\",\"dateModified\":\"2026-04-14T06:32:15+00:00\",\"description\":\"Napoleon Turtle Pizza Cutter on ihanteellinen ty\u00f6kalu pizzan, lihan ja juuston leikkaamiseen. Ruostumattomasta ter\u00e4ksest\u00e4 valmistettu ter\u00e4 takaa tasaisen leikkaamisen ja mukavat kahvat\",\"breadcrumb\":{\"@id\":\"https:\\\/\\\/bbqassad.ee\\\/fi\\\/toode\\\/napoleon-giljotiini-pizzaleikkuri-ruostumatonta-terasta\\\/#breadcrumb\"},\"inLanguage\":\"fi\",\"potentialAction\":[{\"@type\":\"ReadAction\",\"target\":[\"https:\\\/\\\/bbqassad.ee\\\/fi\\\/toode\\\/napoleon-giljotiini-pizzaleikkuri-ruostumatonta-terasta\\\/\"]}]},{\"@type\":\"ImageObject\",\"inLanguage\":\"fi\",\"@id\":\"https:\\\/\\\/bbqassad.ee\\\/fi\\\/toode\\\/napoleon-giljotiini-pizzaleikkuri-ruostumatonta-terasta\\\/#primaryimage\",\"url\":\"https:\\\/\\\/bbqassad.ee\\\/wp-content\\\/uploads\\\/2026\\\/02\\\/rocking-pizza-cutter-napoleon.jpg.webp\",\"contentUrl\":\"https:\\\/\\\/bbqassad.ee\\\/wp-content\\\/uploads\\\/2026\\\/02\\\/rocking-pizza-cutter-napoleon.jpg.webp\",\"width\":800,\"height\":800},{\"@type\":\"BreadcrumbList\",\"@id\":\"https:\\\/\\\/bbqassad.ee\\\/fi\\\/toode\\\/napoleon-giljotiini-pizzaleikkuri-ruostumatonta-terasta\\\/#breadcrumb\",\"itemListElement\":[{\"@type\":\"ListItem\",\"position\":1,\"name\":\"Home\",\"item\":\"https:\\\/\\\/bbqassad.ee\\\/fi\\\/bbq-assat\\\/\"},{\"@type\":\"ListItem\",\"position\":2,\"name\":\"Verkkokauppa\",\"item\":\"https:\\\/\\\/bbqassad.ee\\\/fi\\\/verkkokauppa\\\/\"},{\"@type\":\"ListItem\",\"position\":3,\"name\":\"Napoleon giljotiini pizzaleikkuri ruostumatonta ter\u00e4st\u00e4\"}]},{\"@type\":\"WebSite\",\"@id\":\"https:\\\/\\\/bbqassad.ee\\\/fi\\\/#website\",\"url\":\"https:\\\/\\\/bbqassad.ee\\\/fi\\\/\",\"name\":\"BBQ \u00c4ssad\",\"description\":\"BBQ maitseained, kastmed, ahjud\",\"publisher\":{\"@id\":\"https:\\\/\\\/bbqassad.ee\\\/fi\\\/#organization\"},\"potentialAction\":[{\"@type\":\"SearchAction\",\"target\":{\"@type\":\"EntryPoint\",\"urlTemplate\":\"https:\\\/\\\/bbqassad.ee\\\/fi\\\/?s={search_term_string}\"},\"query-input\":{\"@type\":\"PropertyValueSpecification\",\"valueRequired\":true,\"valueName\":\"search_term_string\"}}],\"inLanguage\":\"fi\"},{\"@type\":\"Organization\",\"@id\":\"https:\\\/\\\/bbqassad.ee\\\/fi\\\/#organization\",\"name\":\"BBQ \u00c4ssad\",\"url\":\"https:\\\/\\\/bbqassad.ee\\\/fi\\\/\",\"logo\":{\"@type\":\"ImageObject\",\"inLanguage\":\"fi\",\"@id\":\"https:\\\/\\\/bbqassad.ee\\\/fi\\\/#\\\/schema\\\/logo\\\/image\\\/\",\"url\":\"https:\\\/\\\/bbqassad.ee\\\/wp-content\\\/uploads\\\/2022\\\/10\\\/BBQ-2ssadlogo.png\",\"contentUrl\":\"https:\\\/\\\/bbqassad.ee\\\/wp-content\\\/uploads\\\/2022\\\/10\\\/BBQ-2ssadlogo.png\",\"width\":1080,\"height\":1080,\"caption\":\"BBQ \u00c4ssad\"},\"image\":{\"@id\":\"https:\\\/\\\/bbqassad.ee\\\/fi\\\/#\\\/schema\\\/logo\\\/image\\\/\"},\"sameAs\":[\"https:\\\/\\\/www.facebook.com\\\/bbqassad\",\"https:\\\/\\\/www.youtube.com\\\/channel\\\/UCsoufn49J6TVi9Ah9meE93w\"]}]}<\/script>\n<!-- \/ Yoast SEO plugin. -->","yoast_head_json":{"title":"Napoleon giljotiinipizzaleikkuri ruostumatonta ter\u00e4st\u00e4 - BBQ \u00c4ssad%","description":"Napoleon Turtle Pizza Cutter on ihanteellinen ty\u00f6kalu pizzan, lihan ja juuston leikkaamiseen. Ruostumattomasta ter\u00e4ksest\u00e4 valmistettu ter\u00e4 takaa tasaisen leikkaamisen ja mukavat kahvat","robots":{"index":"index","follow":"follow","max-snippet":"max-snippet:-1","max-image-preview":"max-image-preview:large","max-video-preview":"max-video-preview:-1"},"canonical":"https:\/\/bbqassad.ee\/fi\/toode\/napoleon-giljotiini-pizzaleikkuri-ruostumatonta-terasta\/","og_locale":"fi_FI","og_type":"article","og_title":"Napoleon giljotiinipizzaleikkuri ruostumatonta ter\u00e4st\u00e4 - BBQ \u00c4ssad%","og_description":"Napoleon Turtle Pizza Cutter on ihanteellinen ty\u00f6kalu pizzan, lihan ja juuston leikkaamiseen. Ruostumattomasta ter\u00e4ksest\u00e4 valmistettu ter\u00e4 takaa tasaisen leikkaamisen ja mukavat kahvat","og_url":"https:\/\/bbqassad.ee\/fi\/toode\/napoleon-giljotiini-pizzaleikkuri-ruostumatonta-terasta\/","og_site_name":"BBQ \u00c4ssad","article_publisher":"https:\/\/www.facebook.com\/bbqassad","article_modified_time":"2026-04-14T06:32:15+00:00","og_image":[{"url":"https:\/\/bbqassad.ee\/wp-content\/uploads\/2026\/02\/rocking-pizza-cutter-napoleon.jpg.webp","type":"","width":"","height":""}],"twitter_card":"summary_large_image","twitter_title":"Napoleon giljotiinipizzaleikkuri ruostumatonta ter\u00e4st\u00e4 - BBQ \u00c4ssad%","twitter_description":"Napoleon Turtle Pizza Cutter on ihanteellinen ty\u00f6kalu pizzan, lihan ja juuston leikkaamiseen. Ruostumattomasta ter\u00e4ksest\u00e4 valmistettu ter\u00e4 takaa tasaisen leikkaamisen ja mukavat kahvat","twitter_image":"https:\/\/bbqassad.ee\/wp-content\/uploads\/2026\/02\/rocking-pizza-cutter-napoleon.jpg.webp","schema":{"@context":"https:\/\/schema.org","@graph":[{"@type":"WebPage","@id":"https:\/\/bbqassad.ee\/fi\/toode\/napoleon-giljotiini-pizzaleikkuri-ruostumatonta-terasta\/","url":"https:\/\/bbqassad.ee\/fi\/toode\/napoleon-giljotiini-pizzaleikkuri-ruostumatonta-terasta\/","name":"Napoleon giljotiinipizzaleikkuri ruostumatonta ter\u00e4st\u00e4 - BBQ \u00c4ssad%","isPartOf":{"@id":"https:\/\/bbqassad.ee\/fi\/#website"},"primaryImageOfPage":{"@id":"https:\/\/bbqassad.ee\/fi\/toode\/napoleon-giljotiini-pizzaleikkuri-ruostumatonta-terasta\/#primaryimage"},"image":{"@id":"https:\/\/bbqassad.ee\/fi\/toode\/napoleon-giljotiini-pizzaleikkuri-ruostumatonta-terasta\/#primaryimage"},"thumbnailUrl":"https:\/\/bbqassad.ee\/wp-content\/uploads\/2026\/02\/rocking-pizza-cutter-napoleon.jpg.webp","datePublished":"2026-02-23T15:05:41+00:00","dateModified":"2026-04-14T06:32:15+00:00","description":"Napoleon Turtle Pizza Cutter on ihanteellinen ty\u00f6kalu pizzan, lihan ja juuston leikkaamiseen. Ruostumattomasta ter\u00e4ksest\u00e4 valmistettu ter\u00e4 takaa tasaisen leikkaamisen ja mukavat kahvat","breadcrumb":{"@id":"https:\/\/bbqassad.ee\/fi\/toode\/napoleon-giljotiini-pizzaleikkuri-ruostumatonta-terasta\/#breadcrumb"},"inLanguage":"fi","potentialAction":[{"@type":"ReadAction","target":["https:\/\/bbqassad.ee\/fi\/toode\/napoleon-giljotiini-pizzaleikkuri-ruostumatonta-terasta\/"]}]},{"@type":"ImageObject","inLanguage":"fi","@id":"https:\/\/bbqassad.ee\/fi\/toode\/napoleon-giljotiini-pizzaleikkuri-ruostumatonta-terasta\/#primaryimage","url":"https:\/\/bbqassad.ee\/wp-content\/uploads\/2026\/02\/rocking-pizza-cutter-napoleon.jpg.webp","contentUrl":"https:\/\/bbqassad.ee\/wp-content\/uploads\/2026\/02\/rocking-pizza-cutter-napoleon.jpg.webp","width":800,"height":800},{"@type":"BreadcrumbList","@id":"https:\/\/bbqassad.ee\/fi\/toode\/napoleon-giljotiini-pizzaleikkuri-ruostumatonta-terasta\/#breadcrumb","itemListElement":[{"@type":"ListItem","position":1,"name":"Home","item":"https:\/\/bbqassad.ee\/fi\/bbq-assat\/"},{"@type":"ListItem","position":2,"name":"Verkkokauppa","item":"https:\/\/bbqassad.ee\/fi\/verkkokauppa\/"},{"@type":"ListItem","position":3,"name":"Napoleon giljotiini pizzaleikkuri ruostumatonta ter\u00e4st\u00e4"}]},{"@type":"WebSite","@id":"https:\/\/bbqassad.ee\/fi\/#website","url":"https:\/\/bbqassad.ee\/fi\/","name":"BBQ \u00c4ssad","description":"BBQ maitseained, kastmed, ahjud","publisher":{"@id":"https:\/\/bbqassad.ee\/fi\/#organization"},"potentialAction":[{"@type":"SearchAction","target":{"@type":"EntryPoint","urlTemplate":"https:\/\/bbqassad.ee\/fi\/?s={search_term_string}"},"query-input":{"@type":"PropertyValueSpecification","valueRequired":true,"valueName":"search_term_string"}}],"inLanguage":"fi"},{"@type":"Organization","@id":"https:\/\/bbqassad.ee\/fi\/#organization","name":"BBQ \u00c4ssad","url":"https:\/\/bbqassad.ee\/fi\/","logo":{"@type":"ImageObject","inLanguage":"fi","@id":"https:\/\/bbqassad.ee\/fi\/#\/schema\/logo\/image\/","url":"https:\/\/bbqassad.ee\/wp-content\/uploads\/2022\/10\/BBQ-2ssadlogo.png","contentUrl":"https:\/\/bbqassad.ee\/wp-content\/uploads\/2022\/10\/BBQ-2ssadlogo.png","width":1080,"height":1080,"caption":"BBQ \u00c4ssad"},"image":{"@id":"https:\/\/bbqassad.ee\/fi\/#\/schema\/logo\/image\/"},"sameAs":["https:\/\/www.facebook.com\/bbqassad","https:\/\/www.youtube.com\/channel\/UCsoufn49J6TVi9Ah9meE93w"]}]}},"_links":{"self":[{"href":"https:\/\/bbqassad.ee\/fi\/wp-json\/wp\/v2\/product\/21774","targetHints":{"allow":["GET"]}}],"collection":[{"href":"https:\/\/bbqassad.ee\/fi\/wp-json\/wp\/v2\/product"}],"about":[{"href":"https:\/\/bbqassad.ee\/fi\/wp-json\/wp\/v2\/types\/product"}],"replies":[{"embeddable":true,"href":"https:\/\/bbqassad.ee\/fi\/wp-json\/wp\/v2\/comments?post=21774"}],"wp:featuredmedia":[{"embeddable":true,"href":"https:\/\/bbqassad.ee\/fi\/wp-json\/wp\/v2\/media\/14102"}],"wp:attachment":[{"href":"https:\/\/bbqassad.ee\/fi\/wp-json\/wp\/v2\/media?parent=21774"}],"wp:term":[{"taxonomy":"product_brand","embeddable":true,"href":"https:\/\/bbqassad.ee\/fi\/wp-json\/wp\/v2\/product_brand?post=21774"},{"taxonomy":"product_cat","embeddable":true,"href":"https:\/\/bbqassad.ee\/fi\/wp-json\/wp\/v2\/product_cat?post=21774"},{"taxonomy":"product_tag","embeddable":true,"href":"https:\/\/bbqassad.ee\/fi\/wp-json\/wp\/v2\/product_tag?post=21774"}],"curies":[{"name":"wp","href":"https:\/\/api.w.org\/{rel}","templated":true}]}}