{"id":21769,"date":"2026-02-23T15:05:41","date_gmt":"2026-02-23T15:05:41","guid":{"rendered":"https:\/\/bbqassad.ee\/toode\/napoleonin-koksisuutin-phantom\/"},"modified":"2026-04-14T06:32:15","modified_gmt":"2026-04-14T06:32:15","slug":"napoleonin-koksisuutin-phantom","status":"publish","type":"product","link":"https:\/\/bbqassad.ee\/fi\/toode\/napoleonin-koksisuutin-phantom\/","title":{"rendered":"Napoleonin koksisuutin Phantom"},"content":{"rendered":"<h3 data-start=\"0\" data-end=\"27\"><strong data-start=\"0\" data-end=\"27\">Miten valita keitti\u00f6veitsi?<\/strong><\/h3>\n<p>Keitti\u00f6veitsi on jokaisen keitti\u00f6n perusv\u00e4line. Hyv\u00e4 kokkiveitsi tekee leikkaamisesta helppoa, tarkkaa ja turvallista. Veitsen valinnassa on otettava huomioon useita t\u00e4rkeit\u00e4 tekij\u00f6it\u00e4 sek\u00e4 k\u00e4ytt\u00f6mukavuuden ett\u00e4 veitsen k\u00e4ytt\u00f6i\u00e4n kannalta.  <\/p>\n<p data-start=\"232\" data-end=\"264\"><strong data-start=\"239\" data-end=\"262\">Ter\u00e4n pituus ja muoto<\/strong><\/p>\n<p data-start=\"232\" data-end=\"264\">Tyypillinen kokan ter\u00e4 on 18-22 cm pitk\u00e4. Pidempi ter\u00e4 soveltuu paremmin suurempiin elintarvikkeisiin (esim. kaali, liha), kun taas lyhyempi ter\u00e4 on k\u00e4tev\u00e4mpi pienempiin ja tarkempiin leikkauksiin. Klassinen kaareva ter\u00e4 mahdollistaa &#8221;keinuvan&#8221; leikkaustekniikan, joka on monille k\u00e4tev\u00e4.  <\/p>\n<p data-start=\"548\" data-end=\"574\"><strong data-start=\"555\" data-end=\"572\">Ter\u00e4n materiaali<\/strong><\/p>\n<ul data-start=\"575\" data-end=\"834\">\n<li class=\"\" data-start=\"575\" data-end=\"633\"><strong data-start=\"577\" data-end=\"597\">Ruostumaton ter\u00e4s<\/strong> on kest\u00e4v\u00e4\u00e4 ja helppohoitoista.<\/li>\n<li class=\"\" data-start=\"634\" data-end=\"707\"><strong data-start=\"636\" data-end=\"662\">Titaanipinnoitettu ter\u00e4s<\/strong> lis\u00e4\u00e4 kest\u00e4vyytt\u00e4 ja korroosiosuojaa.<\/li>\n<li class=\"\" data-start=\"708\" data-end=\"834\"><strong data-start=\"710\" data-end=\"740\">Damaskus- tai hiiliter\u00e4kset<\/strong> tarjoavat eritt\u00e4in hyv\u00e4n ter\u00e4vyyden ja s\u00e4ilyvyyden, mutta vaativat enemm\u00e4n hoitoa (kuivaus, \u00f6ljy\u00e4minen).<\/li>\n<\/ul>\n<p data-start=\"923\" data-end=\"956\"><strong data-start=\"930\" data-end=\"954\">T\u00e4ysin kourallinen<\/strong><\/p>\n<p>Laadukkaissa veitsiss\u00e4 ter\u00e4 ulottuu koko kahvan pituudelta eli se on &#8221;kiinte\u00e4&#8221;. T\u00e4m\u00e4 takaa tasapainon ja lujuuden ja v\u00e4hent\u00e4\u00e4 murtumisriski\u00e4. <\/p>\n<p data-start=\"1106\" data-end=\"1126\"><strong data-start=\"1113\" data-end=\"1124\">Kahva<\/strong><\/p>\n<p>Kahvan on sovittava k\u00e4den kokoon.<\/p>\n<ul data-start=\"1169\" data-end=\"1356\">\n<li class=\"\" data-start=\"1169\" data-end=\"1274\"><strong data-start=\"1171\" data-end=\"1184\">Materiaali:<\/strong> voi olla muovia, puuta, komposiittia tai metallia. On t\u00e4rke\u00e4\u00e4, ett\u00e4 se ei liukastu edes m\u00e4rk\u00e4n\u00e4. <\/li>\n<li class=\"\" data-start=\"1275\" data-end=\"1356\"><strong data-start=\"1277\" data-end=\"1286\">Muoto:<\/strong> ergonominen kahva tarjoaa paremman hallinnan ja v\u00e4hent\u00e4\u00e4 v\u00e4symyst\u00e4.<\/li>\n<\/ul>\n<p data-start=\"1449\" data-end=\"1478\"><strong data-start=\"1456\" data-end=\"1476\">Tasapaino ja paino<\/strong><\/p>\n<p>Hyv\u00e4 kokkiveitsi on tasapainoinen &#8211; ter\u00e4n ja kahvan on tunnuttava yht\u00e4 painavilta. Paino riippuu henkil\u00f6kohtaisista mieltymyksist\u00e4: <\/p>\n<ul data-start=\"1594\" data-end=\"1739\">\n<li class=\"\" data-start=\"1594\" data-end=\"1649\"><strong data-start=\"1596\" data-end=\"1611\">Kevyempi veitsi<\/strong> sopii nopeaan ja tarkkaan leikkaamiseen.<\/li>\n<li class=\"\" data-start=\"1650\" data-end=\"1739\"><strong data-start=\"1652\" data-end=\"1667\">Painavampi veitsi<\/strong> tarvitsee v\u00e4hemm\u00e4n painetta esimerkiksi vihanneksia tai lihapaloja leikattaessa.<\/li>\n<\/ul>\n<p data-start=\"1741\" data-end=\"1775\"><strong data-start=\"1748\" data-end=\"1773\">Huolto ja teroitus<\/strong><\/p>\n<p>Selvit\u00e4, miten veitsi\u00e4si hoidetaan. Jotkut vaativat k\u00e4sipesun ja kuivauksen heti k\u00e4yt\u00f6n j\u00e4lkeen. Hyv\u00e4 veitsi on teroitettava tavallisella teroituspuikolla tai -kivell\u00e4.  <\/p>\n<p>&nbsp;<\/p>\n","protected":false},"excerpt":{"rendered":"<h3>Napoleonin koksisuutin Phantom<\/h3>\n<p class=\"\" data-start=\"32\" data-end=\"368\">Napoleon Phantom Coke Knife on valmistettu titaanipinnoitetusta ter\u00e4ksest\u00e4, joka takaa kest\u00e4vyyden ja ter\u00e4vyyden my\u00f6s intensiivisess\u00e4 k\u00e4yt\u00f6ss\u00e4. Massiivinen ter\u00e4srakenne, jossa on kaksinkertainen niittaus, takaa veitsen lujuuden ja vakauden. Ter\u00e4v\u00e4 ter\u00e4 pysyy ter\u00e4v\u00e4n\u00e4 pitk\u00e4\u00e4n ja sopii jokap\u00e4iv\u00e4iseen pilkkomiseen, viipalointiin ja jauhamiseen.  <\/p>\n<p class=\"\" data-start=\"370\" data-end=\"518\">Kaareva kahva on suunniteltu antamaan tukeva ote ja hyv\u00e4 tasapaino, mik\u00e4 mahdollistaa tarkan ja miellytt\u00e4v\u00e4n leikkaamisen sek\u00e4 koti- ett\u00e4 ammattikeitti\u00f6iss\u00e4.<\/p>\n<p class=\"\" data-start=\"798\" data-end=\"819\"><strong data-start=\"798\" data-end=\"817\">Mitat:<\/strong><\/p>\n<ul data-start=\"820\" data-end=\"855\" data-is-last-node=\"\" data-is-only-node=\"\">\n<li class=\"\" data-start=\"820\" data-end=\"839\">\n<p class=\"\" data-start=\"822\" data-end=\"839\">pituus: 20,3 cm<\/p>\n<\/li>\n<li class=\"\" data-start=\"840\" data-end=\"855\">\n<p class=\"\" data-start=\"842\" data-end=\"855\">paino: 0,54 kg<\/p>\n<\/li>\n<\/ul>\n","protected":false},"featured_media":21770,"comment_status":"closed","ping_status":"closed","template":"","meta":[],"product_brand":[768],"product_cat":[814],"product_tag":[],"class_list":{"0":"post-21769","1":"product","2":"type-product","3":"status-publish","4":"has-post-thumbnail","6":"product_brand-napoleon","7":"product_cat-veitset","9":"first","10":"instock","11":"taxable","12":"shipping-taxable","13":"purchasable","14":"product-type-simple"},"yoast_head":"<!-- This site is optimized with the Yoast SEO plugin v27.4 - https:\/\/yoast.com\/product\/yoast-seo-wordpress\/ -->\n<title>Napoleon Coca-Cola veitsi Phantom - BBQ \u00c4ssad %<\/title>\n<meta name=\"description\" content=\"Napoleon Phantom Coke Knife on valmistettu titaanipinnoitetusta ter\u00e4ksest\u00e4, joka takaa kest\u00e4vyyden ja ter\u00e4vyyden. Sopii jokap\u00e4iv\u00e4iseen pilkkomiseen ja viipalointiin.\" \/>\n<meta name=\"robots\" content=\"index, follow, max-snippet:-1, max-image-preview:large, max-video-preview:-1\" \/>\n<link rel=\"canonical\" href=\"https:\/\/bbqassad.ee\/fi\/toode\/napoleonin-koksisuutin-phantom\/\" \/>\n<meta property=\"og:locale\" content=\"fi_FI\" \/>\n<meta property=\"og:type\" content=\"article\" \/>\n<meta property=\"og:title\" content=\"Napoleon Coca-Cola veitsi Phantom - BBQ \u00c4ssad %\" \/>\n<meta property=\"og:description\" content=\"Napoleon Phantom Coke Knife on valmistettu titaanipinnoitetusta ter\u00e4ksest\u00e4, joka takaa kest\u00e4vyyden ja ter\u00e4vyyden. Sopii jokap\u00e4iv\u00e4iseen pilkkomiseen ja viipalointiin.\" \/>\n<meta property=\"og:url\" content=\"https:\/\/bbqassad.ee\/fi\/toode\/napoleonin-koksisuutin-phantom\/\" \/>\n<meta property=\"og:site_name\" content=\"BBQ \u00c4ssad\" \/>\n<meta property=\"article:publisher\" content=\"https:\/\/www.facebook.com\/bbqassad\" \/>\n<meta property=\"article:modified_time\" content=\"2026-04-14T06:32:15+00:00\" \/>\n<meta property=\"og:image\" content=\"https:\/\/bbqassad.ee\/wp-content\/uploads\/2026\/02\/Projekt-bez-nazwy-2023-07-21T192642.642.jpg\" \/>\n<meta name=\"twitter:card\" content=\"summary_large_image\" \/>\n<meta name=\"twitter:title\" content=\"Napoleon Coca-Cola veitsi Phantom - BBQ \u00c4ssad%\" \/>\n<meta name=\"twitter:description\" content=\"Napoleon Phantom Coke Knife on valmistettu titaanipinnoitetusta ter\u00e4ksest\u00e4, joka takaa kest\u00e4vyyden ja ter\u00e4vyyden. Sopii jokap\u00e4iv\u00e4iseen pilkkomiseen ja viipalointiin.\" \/>\n<meta name=\"twitter:image\" content=\"https:\/\/bbqassad.ee\/wp-content\/uploads\/2026\/02\/Projekt-bez-nazwy-2023-07-21T192642.642.jpg\" \/>\n<meta name=\"twitter:label1\" content=\"Arvioitu lukuaika\" \/>\n\t<meta name=\"twitter:data1\" content=\"2 minuuttia\" \/>\n<script type=\"application\/ld+json\" class=\"yoast-schema-graph\">{\"@context\":\"https:\\\/\\\/schema.org\",\"@graph\":[{\"@type\":\"WebPage\",\"@id\":\"https:\\\/\\\/bbqassad.ee\\\/fi\\\/toode\\\/napoleonin-koksisuutin-phantom\\\/\",\"url\":\"https:\\\/\\\/bbqassad.ee\\\/fi\\\/toode\\\/napoleonin-koksisuutin-phantom\\\/\",\"name\":\"Napoleon Coca-Cola veitsi Phantom - BBQ \u00c4ssad %\",\"isPartOf\":{\"@id\":\"https:\\\/\\\/bbqassad.ee\\\/fi\\\/#website\"},\"primaryImageOfPage\":{\"@id\":\"https:\\\/\\\/bbqassad.ee\\\/fi\\\/toode\\\/napoleonin-koksisuutin-phantom\\\/#primaryimage\"},\"image\":{\"@id\":\"https:\\\/\\\/bbqassad.ee\\\/fi\\\/toode\\\/napoleonin-koksisuutin-phantom\\\/#primaryimage\"},\"thumbnailUrl\":\"https:\\\/\\\/bbqassad.ee\\\/wp-content\\\/uploads\\\/2026\\\/02\\\/Projekt-bez-nazwy-2023-07-21T192642.642.jpg\",\"datePublished\":\"2026-02-23T15:05:41+00:00\",\"dateModified\":\"2026-04-14T06:32:15+00:00\",\"description\":\"Napoleon Phantom Coke Knife on valmistettu titaanipinnoitetusta ter\u00e4ksest\u00e4, joka takaa kest\u00e4vyyden ja ter\u00e4vyyden. Sopii jokap\u00e4iv\u00e4iseen pilkkomiseen ja viipalointiin.\",\"breadcrumb\":{\"@id\":\"https:\\\/\\\/bbqassad.ee\\\/fi\\\/toode\\\/napoleonin-koksisuutin-phantom\\\/#breadcrumb\"},\"inLanguage\":\"fi\",\"potentialAction\":[{\"@type\":\"ReadAction\",\"target\":[\"https:\\\/\\\/bbqassad.ee\\\/fi\\\/toode\\\/napoleonin-koksisuutin-phantom\\\/\"]}]},{\"@type\":\"ImageObject\",\"inLanguage\":\"fi\",\"@id\":\"https:\\\/\\\/bbqassad.ee\\\/fi\\\/toode\\\/napoleonin-koksisuutin-phantom\\\/#primaryimage\",\"url\":\"https:\\\/\\\/bbqassad.ee\\\/wp-content\\\/uploads\\\/2026\\\/02\\\/Projekt-bez-nazwy-2023-07-21T192642.642.jpg\",\"contentUrl\":\"https:\\\/\\\/bbqassad.ee\\\/wp-content\\\/uploads\\\/2026\\\/02\\\/Projekt-bez-nazwy-2023-07-21T192642.642.jpg\",\"width\":1500,\"height\":1500},{\"@type\":\"BreadcrumbList\",\"@id\":\"https:\\\/\\\/bbqassad.ee\\\/fi\\\/toode\\\/napoleonin-koksisuutin-phantom\\\/#breadcrumb\",\"itemListElement\":[{\"@type\":\"ListItem\",\"position\":1,\"name\":\"Home\",\"item\":\"https:\\\/\\\/bbqassad.ee\\\/fi\\\/bbq-assat\\\/\"},{\"@type\":\"ListItem\",\"position\":2,\"name\":\"Verkkokauppa\",\"item\":\"https:\\\/\\\/bbqassad.ee\\\/fi\\\/verkkokauppa\\\/\"},{\"@type\":\"ListItem\",\"position\":3,\"name\":\"Napoleonin koksisuutin Phantom\"}]},{\"@type\":\"WebSite\",\"@id\":\"https:\\\/\\\/bbqassad.ee\\\/fi\\\/#website\",\"url\":\"https:\\\/\\\/bbqassad.ee\\\/fi\\\/\",\"name\":\"BBQ \u00c4ssad\",\"description\":\"BBQ maitseained, kastmed, ahjud\",\"publisher\":{\"@id\":\"https:\\\/\\\/bbqassad.ee\\\/fi\\\/#organization\"},\"potentialAction\":[{\"@type\":\"SearchAction\",\"target\":{\"@type\":\"EntryPoint\",\"urlTemplate\":\"https:\\\/\\\/bbqassad.ee\\\/fi\\\/?s={search_term_string}\"},\"query-input\":{\"@type\":\"PropertyValueSpecification\",\"valueRequired\":true,\"valueName\":\"search_term_string\"}}],\"inLanguage\":\"fi\"},{\"@type\":\"Organization\",\"@id\":\"https:\\\/\\\/bbqassad.ee\\\/fi\\\/#organization\",\"name\":\"BBQ \u00c4ssad\",\"url\":\"https:\\\/\\\/bbqassad.ee\\\/fi\\\/\",\"logo\":{\"@type\":\"ImageObject\",\"inLanguage\":\"fi\",\"@id\":\"https:\\\/\\\/bbqassad.ee\\\/fi\\\/#\\\/schema\\\/logo\\\/image\\\/\",\"url\":\"https:\\\/\\\/bbqassad.ee\\\/wp-content\\\/uploads\\\/2022\\\/10\\\/BBQ-2ssadlogo.png\",\"contentUrl\":\"https:\\\/\\\/bbqassad.ee\\\/wp-content\\\/uploads\\\/2022\\\/10\\\/BBQ-2ssadlogo.png\",\"width\":1080,\"height\":1080,\"caption\":\"BBQ \u00c4ssad\"},\"image\":{\"@id\":\"https:\\\/\\\/bbqassad.ee\\\/fi\\\/#\\\/schema\\\/logo\\\/image\\\/\"},\"sameAs\":[\"https:\\\/\\\/www.facebook.com\\\/bbqassad\",\"https:\\\/\\\/www.youtube.com\\\/channel\\\/UCsoufn49J6TVi9Ah9meE93w\"]}]}<\/script>\n<!-- \/ Yoast SEO plugin. -->","yoast_head_json":{"title":"Napoleon Coca-Cola veitsi Phantom - BBQ \u00c4ssad %","description":"Napoleon Phantom Coke Knife on valmistettu titaanipinnoitetusta ter\u00e4ksest\u00e4, joka takaa kest\u00e4vyyden ja ter\u00e4vyyden. Sopii jokap\u00e4iv\u00e4iseen pilkkomiseen ja viipalointiin.","robots":{"index":"index","follow":"follow","max-snippet":"max-snippet:-1","max-image-preview":"max-image-preview:large","max-video-preview":"max-video-preview:-1"},"canonical":"https:\/\/bbqassad.ee\/fi\/toode\/napoleonin-koksisuutin-phantom\/","og_locale":"fi_FI","og_type":"article","og_title":"Napoleon Coca-Cola veitsi Phantom - BBQ \u00c4ssad %","og_description":"Napoleon Phantom Coke Knife on valmistettu titaanipinnoitetusta ter\u00e4ksest\u00e4, joka takaa kest\u00e4vyyden ja ter\u00e4vyyden. Sopii jokap\u00e4iv\u00e4iseen pilkkomiseen ja viipalointiin.","og_url":"https:\/\/bbqassad.ee\/fi\/toode\/napoleonin-koksisuutin-phantom\/","og_site_name":"BBQ \u00c4ssad","article_publisher":"https:\/\/www.facebook.com\/bbqassad","article_modified_time":"2026-04-14T06:32:15+00:00","og_image":[{"url":"https:\/\/bbqassad.ee\/wp-content\/uploads\/2026\/02\/Projekt-bez-nazwy-2023-07-21T192642.642.jpg","type":"","width":"","height":""}],"twitter_card":"summary_large_image","twitter_title":"Napoleon Coca-Cola veitsi Phantom - BBQ \u00c4ssad%","twitter_description":"Napoleon Phantom Coke Knife on valmistettu titaanipinnoitetusta ter\u00e4ksest\u00e4, joka takaa kest\u00e4vyyden ja ter\u00e4vyyden. Sopii jokap\u00e4iv\u00e4iseen pilkkomiseen ja viipalointiin.","twitter_image":"https:\/\/bbqassad.ee\/wp-content\/uploads\/2026\/02\/Projekt-bez-nazwy-2023-07-21T192642.642.jpg","twitter_misc":{"Arvioitu lukuaika":"2 minuuttia"},"schema":{"@context":"https:\/\/schema.org","@graph":[{"@type":"WebPage","@id":"https:\/\/bbqassad.ee\/fi\/toode\/napoleonin-koksisuutin-phantom\/","url":"https:\/\/bbqassad.ee\/fi\/toode\/napoleonin-koksisuutin-phantom\/","name":"Napoleon Coca-Cola veitsi Phantom - BBQ \u00c4ssad %","isPartOf":{"@id":"https:\/\/bbqassad.ee\/fi\/#website"},"primaryImageOfPage":{"@id":"https:\/\/bbqassad.ee\/fi\/toode\/napoleonin-koksisuutin-phantom\/#primaryimage"},"image":{"@id":"https:\/\/bbqassad.ee\/fi\/toode\/napoleonin-koksisuutin-phantom\/#primaryimage"},"thumbnailUrl":"https:\/\/bbqassad.ee\/wp-content\/uploads\/2026\/02\/Projekt-bez-nazwy-2023-07-21T192642.642.jpg","datePublished":"2026-02-23T15:05:41+00:00","dateModified":"2026-04-14T06:32:15+00:00","description":"Napoleon Phantom Coke Knife on valmistettu titaanipinnoitetusta ter\u00e4ksest\u00e4, joka takaa kest\u00e4vyyden ja ter\u00e4vyyden. Sopii jokap\u00e4iv\u00e4iseen pilkkomiseen ja viipalointiin.","breadcrumb":{"@id":"https:\/\/bbqassad.ee\/fi\/toode\/napoleonin-koksisuutin-phantom\/#breadcrumb"},"inLanguage":"fi","potentialAction":[{"@type":"ReadAction","target":["https:\/\/bbqassad.ee\/fi\/toode\/napoleonin-koksisuutin-phantom\/"]}]},{"@type":"ImageObject","inLanguage":"fi","@id":"https:\/\/bbqassad.ee\/fi\/toode\/napoleonin-koksisuutin-phantom\/#primaryimage","url":"https:\/\/bbqassad.ee\/wp-content\/uploads\/2026\/02\/Projekt-bez-nazwy-2023-07-21T192642.642.jpg","contentUrl":"https:\/\/bbqassad.ee\/wp-content\/uploads\/2026\/02\/Projekt-bez-nazwy-2023-07-21T192642.642.jpg","width":1500,"height":1500},{"@type":"BreadcrumbList","@id":"https:\/\/bbqassad.ee\/fi\/toode\/napoleonin-koksisuutin-phantom\/#breadcrumb","itemListElement":[{"@type":"ListItem","position":1,"name":"Home","item":"https:\/\/bbqassad.ee\/fi\/bbq-assat\/"},{"@type":"ListItem","position":2,"name":"Verkkokauppa","item":"https:\/\/bbqassad.ee\/fi\/verkkokauppa\/"},{"@type":"ListItem","position":3,"name":"Napoleonin koksisuutin Phantom"}]},{"@type":"WebSite","@id":"https:\/\/bbqassad.ee\/fi\/#website","url":"https:\/\/bbqassad.ee\/fi\/","name":"BBQ \u00c4ssad","description":"BBQ maitseained, kastmed, ahjud","publisher":{"@id":"https:\/\/bbqassad.ee\/fi\/#organization"},"potentialAction":[{"@type":"SearchAction","target":{"@type":"EntryPoint","urlTemplate":"https:\/\/bbqassad.ee\/fi\/?s={search_term_string}"},"query-input":{"@type":"PropertyValueSpecification","valueRequired":true,"valueName":"search_term_string"}}],"inLanguage":"fi"},{"@type":"Organization","@id":"https:\/\/bbqassad.ee\/fi\/#organization","name":"BBQ \u00c4ssad","url":"https:\/\/bbqassad.ee\/fi\/","logo":{"@type":"ImageObject","inLanguage":"fi","@id":"https:\/\/bbqassad.ee\/fi\/#\/schema\/logo\/image\/","url":"https:\/\/bbqassad.ee\/wp-content\/uploads\/2022\/10\/BBQ-2ssadlogo.png","contentUrl":"https:\/\/bbqassad.ee\/wp-content\/uploads\/2022\/10\/BBQ-2ssadlogo.png","width":1080,"height":1080,"caption":"BBQ \u00c4ssad"},"image":{"@id":"https:\/\/bbqassad.ee\/fi\/#\/schema\/logo\/image\/"},"sameAs":["https:\/\/www.facebook.com\/bbqassad","https:\/\/www.youtube.com\/channel\/UCsoufn49J6TVi9Ah9meE93w"]}]}},"_links":{"self":[{"href":"https:\/\/bbqassad.ee\/fi\/wp-json\/wp\/v2\/product\/21769","targetHints":{"allow":["GET"]}}],"collection":[{"href":"https:\/\/bbqassad.ee\/fi\/wp-json\/wp\/v2\/product"}],"about":[{"href":"https:\/\/bbqassad.ee\/fi\/wp-json\/wp\/v2\/types\/product"}],"replies":[{"embeddable":true,"href":"https:\/\/bbqassad.ee\/fi\/wp-json\/wp\/v2\/comments?post=21769"}],"wp:featuredmedia":[{"embeddable":true,"href":"https:\/\/bbqassad.ee\/fi\/wp-json\/wp\/v2\/media\/21770"}],"wp:attachment":[{"href":"https:\/\/bbqassad.ee\/fi\/wp-json\/wp\/v2\/media?parent=21769"}],"wp:term":[{"taxonomy":"product_brand","embeddable":true,"href":"https:\/\/bbqassad.ee\/fi\/wp-json\/wp\/v2\/product_brand?post=21769"},{"taxonomy":"product_cat","embeddable":true,"href":"https:\/\/bbqassad.ee\/fi\/wp-json\/wp\/v2\/product_cat?post=21769"},{"taxonomy":"product_tag","embeddable":true,"href":"https:\/\/bbqassad.ee\/fi\/wp-json\/wp\/v2\/product_tag?post=21769"}],"curies":[{"name":"wp","href":"https:\/\/api.w.org\/{rel}","templated":true}]}}