{"id":21767,"date":"2026-02-23T15:05:41","date_gmt":"2026-02-23T15:05:41","guid":{"rendered":"https:\/\/bbqassad.ee\/toode\/napoleon-korotettava-tuki-hiiligrilleille\/"},"modified":"2026-04-14T06:32:15","modified_gmt":"2026-04-14T06:32:15","slug":"napoleon-korotettava-tuki-hiiligrilleille","status":"publish","type":"product","link":"https:\/\/bbqassad.ee\/fi\/toode\/napoleon-korotettava-tuki-hiiligrilleille\/","title":{"rendered":"Napoleon korotettava tuki hiiligrilleille"},"content":{"rendered":"","protected":false},"excerpt":{"rendered":"<h3>Napoleonin korotettava tuki hiiligrilleille<\/h3>\n<p class=\"\" data-start=\"41\" data-end=\"405\">T\u00e4m\u00e4 ruostumattomasta ter\u00e4ksest\u00e4 valmistettu l\u00e4mmittelyteline sopii useimpiin hiiligrilleihin, ja se on t\u00e4ydellinen ruoan l\u00e4mpim\u00e4n\u00e4 pit\u00e4miseen tai hitaaseen kypsent\u00e4miseen ep\u00e4suoralla l\u00e4mm\u00f6ll\u00e4. L\u00e4mp\u00f6astiaa voidaan k\u00e4ytt\u00e4\u00e4 k\u00e4tev\u00e4sti kypsennettyjen perunoiden, grillattujen voileipien tai vihannesten l\u00e4mmitt\u00e4miseen. Se sopii my\u00f6s matalalla l\u00e4mm\u00f6ll\u00e4 grillaamiseen, kun tavoitteena on savuinen BBQ-aromi.  <\/p>\n<p class=\"\" data-start=\"407\" data-end=\"547\">Asennus on helppoa &#8211; ty\u00f6kaluja ei tarvita. Levy istuu suoraan grilliritil\u00e4n p\u00e4\u00e4lle, ja voit edelleen k\u00e4ytt\u00e4\u00e4 grillin koko paistopintaa. <\/p>\n<p class=\"\" data-start=\"549\" data-end=\"564\"><strong data-start=\"549\" data-end=\"562\">Ominaisuudet:<\/strong><\/p>\n<ul data-start=\"565\" data-end=\"810\">\n<li class=\"\" data-start=\"565\" data-end=\"607\">\n<p class=\"\" data-start=\"567\" data-end=\"607\">lis\u00e4\u00e4 387 cm\u00b2 (60 neli\u00f6senttimetri\u00e4) keittoalaa.<\/p>\n<\/li>\n<li class=\"\" data-start=\"608\" data-end=\"656\">\n<p class=\"\" data-start=\"610\" data-end=\"656\">sopii useimpiin puuhiiligrilleihin<\/p>\n<\/li>\n<li class=\"\" data-start=\"657\" data-end=\"719\">\n<p class=\"\" data-start=\"659\" data-end=\"719\">ihanteellinen ruoan l\u00e4mpim\u00e4n\u00e4 pit\u00e4miseen ja ep\u00e4suoraan ruoanlaittoon<\/p>\n<\/li>\n<li class=\"\" data-start=\"720\" data-end=\"769\">\n<p class=\"\" data-start=\"722\" data-end=\"769\">kest\u00e4v\u00e4 ruostumaton ter\u00e4s, helppo puhdistaa<\/p>\n<\/li>\n<\/ul>\n<p class=\"\" data-start=\"812\" data-end=\"825\"><strong data-start=\"812\" data-end=\"823\">Mitat:<\/strong><\/p>\n<ul data-start=\"826\" data-end=\"900\">\n<li class=\"\" data-start=\"826\" data-end=\"844\">\n<p class=\"\" data-start=\"828\" data-end=\"844\">syvyys: 42 cm<\/p>\n<\/li>\n<li class=\"\" data-start=\"845\" data-end=\"863\">\n<p class=\"\" data-start=\"847\" data-end=\"863\">leveys: 17,8 cm<\/p>\n<\/li>\n<li class=\"\" data-start=\"864\" data-end=\"883\">\n<p class=\"\" data-start=\"866\" data-end=\"883\">Korkeus: 10,8 cm<\/p>\n<\/li>\n<\/ul>\n","protected":false},"featured_media":14078,"comment_status":"closed","ping_status":"closed","template":"","meta":[],"product_brand":[768],"product_cat":[785],"product_tag":[],"class_list":{"0":"post-21767","1":"product","2":"type-product","3":"status-publish","4":"has-post-thumbnail","6":"product_brand-napoleon","7":"product_cat-kaasugrillien-tarvikkeet","9":"first","10":"instock","11":"taxable","12":"shipping-taxable","13":"purchasable","14":"product-type-simple"},"yoast_head":"<!-- This site is optimized with the Yoast SEO plugin v27.4 - https:\/\/yoast.com\/product\/yoast-seo-wordpress\/ -->\n<title>Napoleonin korkealentotuki hiiligrilleille - BBQ \u00c4ssad%<\/title>\n<meta name=\"description\" content=\"Napoleonin ruostumattomasta ter\u00e4ksest\u00e4 valmistettu korkea teline sopii useimpiin hiiligrilleihin. Ihanteellinen ruoan l\u00e4mpim\u00e4n\u00e4 pit\u00e4miseen ja hitaaseen kypsent\u00e4miseen ep\u00e4suoralla l\u00e4mm\u00f6ll\u00e4.\" \/>\n<meta name=\"robots\" content=\"index, follow, max-snippet:-1, max-image-preview:large, max-video-preview:-1\" \/>\n<link rel=\"canonical\" href=\"https:\/\/bbqassad.ee\/fi\/toode\/napoleon-korotettava-tuki-hiiligrilleille\/\" \/>\n<meta property=\"og:locale\" content=\"fi_FI\" \/>\n<meta property=\"og:type\" content=\"article\" \/>\n<meta property=\"og:title\" content=\"Napoleonin korkeustuki hiiligrilleille - BBQ \u00c4ssad%\" \/>\n<meta property=\"og:description\" content=\"Napoleonin ruostumattomasta ter\u00e4ksest\u00e4 valmistettu korkea teline sopii useimpiin hiiligrilleihin. Ihanteellinen ruoan l\u00e4mpim\u00e4n\u00e4 pit\u00e4miseen ja hitaaseen kypsent\u00e4miseen ep\u00e4suoralla l\u00e4mm\u00f6ll\u00e4.\" \/>\n<meta property=\"og:url\" content=\"https:\/\/bbqassad.ee\/fi\/toode\/napoleon-korotettava-tuki-hiiligrilleille\/\" \/>\n<meta property=\"og:site_name\" content=\"BBQ \u00c4ssad\" \/>\n<meta property=\"article:publisher\" content=\"https:\/\/www.facebook.com\/bbqassad\" \/>\n<meta property=\"article:modified_time\" content=\"2026-04-14T06:32:15+00:00\" \/>\n<meta property=\"og:image\" content=\"https:\/\/bbqassad.ee\/wp-content\/uploads\/2026\/02\/kettle-warming-rack-on-white.jpg\" \/>\n<meta name=\"twitter:card\" content=\"summary_large_image\" \/>\n<meta name=\"twitter:title\" content=\"Napoleonin korkeustuki hiiligrilleille - BBQ \u00c4ssad%\" \/>\n<meta name=\"twitter:description\" content=\"Napoleonin ruostumattomasta ter\u00e4ksest\u00e4 valmistettu korkea teline sopii useimpiin hiiligrilleihin. Ihanteellinen ruoan l\u00e4mpim\u00e4n\u00e4 pit\u00e4miseen ja hitaaseen kypsent\u00e4miseen ep\u00e4suoralla l\u00e4mm\u00f6ll\u00e4.\" \/>\n<meta name=\"twitter:image\" content=\"https:\/\/bbqassad.ee\/wp-content\/uploads\/2026\/02\/kettle-warming-rack-on-white.jpg\" \/>\n<script type=\"application\/ld+json\" class=\"yoast-schema-graph\">{\"@context\":\"https:\\\/\\\/schema.org\",\"@graph\":[{\"@type\":\"WebPage\",\"@id\":\"https:\\\/\\\/bbqassad.ee\\\/fi\\\/toode\\\/napoleon-korotettava-tuki-hiiligrilleille\\\/\",\"url\":\"https:\\\/\\\/bbqassad.ee\\\/fi\\\/toode\\\/napoleon-korotettava-tuki-hiiligrilleille\\\/\",\"name\":\"Napoleonin korkealentotuki hiiligrilleille - BBQ \u00c4ssad%\",\"isPartOf\":{\"@id\":\"https:\\\/\\\/bbqassad.ee\\\/fi\\\/#website\"},\"primaryImageOfPage\":{\"@id\":\"https:\\\/\\\/bbqassad.ee\\\/fi\\\/toode\\\/napoleon-korotettava-tuki-hiiligrilleille\\\/#primaryimage\"},\"image\":{\"@id\":\"https:\\\/\\\/bbqassad.ee\\\/fi\\\/toode\\\/napoleon-korotettava-tuki-hiiligrilleille\\\/#primaryimage\"},\"thumbnailUrl\":\"https:\\\/\\\/bbqassad.ee\\\/wp-content\\\/uploads\\\/2026\\\/02\\\/kettle-warming-rack-on-white.jpg\",\"datePublished\":\"2026-02-23T15:05:41+00:00\",\"dateModified\":\"2026-04-14T06:32:15+00:00\",\"description\":\"Napoleonin ruostumattomasta ter\u00e4ksest\u00e4 valmistettu korkea teline sopii useimpiin hiiligrilleihin. Ihanteellinen ruoan l\u00e4mpim\u00e4n\u00e4 pit\u00e4miseen ja hitaaseen kypsent\u00e4miseen ep\u00e4suoralla l\u00e4mm\u00f6ll\u00e4.\",\"breadcrumb\":{\"@id\":\"https:\\\/\\\/bbqassad.ee\\\/fi\\\/toode\\\/napoleon-korotettava-tuki-hiiligrilleille\\\/#breadcrumb\"},\"inLanguage\":\"fi\",\"potentialAction\":[{\"@type\":\"ReadAction\",\"target\":[\"https:\\\/\\\/bbqassad.ee\\\/fi\\\/toode\\\/napoleon-korotettava-tuki-hiiligrilleille\\\/\"]}]},{\"@type\":\"ImageObject\",\"inLanguage\":\"fi\",\"@id\":\"https:\\\/\\\/bbqassad.ee\\\/fi\\\/toode\\\/napoleon-korotettava-tuki-hiiligrilleille\\\/#primaryimage\",\"url\":\"https:\\\/\\\/bbqassad.ee\\\/wp-content\\\/uploads\\\/2026\\\/02\\\/kettle-warming-rack-on-white.jpg\",\"contentUrl\":\"https:\\\/\\\/bbqassad.ee\\\/wp-content\\\/uploads\\\/2026\\\/02\\\/kettle-warming-rack-on-white.jpg\",\"width\":700,\"height\":467},{\"@type\":\"BreadcrumbList\",\"@id\":\"https:\\\/\\\/bbqassad.ee\\\/fi\\\/toode\\\/napoleon-korotettava-tuki-hiiligrilleille\\\/#breadcrumb\",\"itemListElement\":[{\"@type\":\"ListItem\",\"position\":1,\"name\":\"Home\",\"item\":\"https:\\\/\\\/bbqassad.ee\\\/fi\\\/bbq-assat\\\/\"},{\"@type\":\"ListItem\",\"position\":2,\"name\":\"Verkkokauppa\",\"item\":\"https:\\\/\\\/bbqassad.ee\\\/fi\\\/verkkokauppa\\\/\"},{\"@type\":\"ListItem\",\"position\":3,\"name\":\"Napoleon korotettava tuki hiiligrilleille\"}]},{\"@type\":\"WebSite\",\"@id\":\"https:\\\/\\\/bbqassad.ee\\\/fi\\\/#website\",\"url\":\"https:\\\/\\\/bbqassad.ee\\\/fi\\\/\",\"name\":\"BBQ \u00c4ssad\",\"description\":\"BBQ maitseained, kastmed, ahjud\",\"publisher\":{\"@id\":\"https:\\\/\\\/bbqassad.ee\\\/fi\\\/#organization\"},\"potentialAction\":[{\"@type\":\"SearchAction\",\"target\":{\"@type\":\"EntryPoint\",\"urlTemplate\":\"https:\\\/\\\/bbqassad.ee\\\/fi\\\/?s={search_term_string}\"},\"query-input\":{\"@type\":\"PropertyValueSpecification\",\"valueRequired\":true,\"valueName\":\"search_term_string\"}}],\"inLanguage\":\"fi\"},{\"@type\":\"Organization\",\"@id\":\"https:\\\/\\\/bbqassad.ee\\\/fi\\\/#organization\",\"name\":\"BBQ \u00c4ssad\",\"url\":\"https:\\\/\\\/bbqassad.ee\\\/fi\\\/\",\"logo\":{\"@type\":\"ImageObject\",\"inLanguage\":\"fi\",\"@id\":\"https:\\\/\\\/bbqassad.ee\\\/fi\\\/#\\\/schema\\\/logo\\\/image\\\/\",\"url\":\"https:\\\/\\\/bbqassad.ee\\\/wp-content\\\/uploads\\\/2022\\\/10\\\/BBQ-2ssadlogo.png\",\"contentUrl\":\"https:\\\/\\\/bbqassad.ee\\\/wp-content\\\/uploads\\\/2022\\\/10\\\/BBQ-2ssadlogo.png\",\"width\":1080,\"height\":1080,\"caption\":\"BBQ \u00c4ssad\"},\"image\":{\"@id\":\"https:\\\/\\\/bbqassad.ee\\\/fi\\\/#\\\/schema\\\/logo\\\/image\\\/\"},\"sameAs\":[\"https:\\\/\\\/www.facebook.com\\\/bbqassad\",\"https:\\\/\\\/www.youtube.com\\\/channel\\\/UCsoufn49J6TVi9Ah9meE93w\"]}]}<\/script>\n<!-- \/ Yoast SEO plugin. -->","yoast_head_json":{"title":"Napoleonin korkealentotuki hiiligrilleille - BBQ \u00c4ssad%","description":"Napoleonin ruostumattomasta ter\u00e4ksest\u00e4 valmistettu korkea teline sopii useimpiin hiiligrilleihin. Ihanteellinen ruoan l\u00e4mpim\u00e4n\u00e4 pit\u00e4miseen ja hitaaseen kypsent\u00e4miseen ep\u00e4suoralla l\u00e4mm\u00f6ll\u00e4.","robots":{"index":"index","follow":"follow","max-snippet":"max-snippet:-1","max-image-preview":"max-image-preview:large","max-video-preview":"max-video-preview:-1"},"canonical":"https:\/\/bbqassad.ee\/fi\/toode\/napoleon-korotettava-tuki-hiiligrilleille\/","og_locale":"fi_FI","og_type":"article","og_title":"Napoleonin korkeustuki hiiligrilleille - BBQ \u00c4ssad%","og_description":"Napoleonin ruostumattomasta ter\u00e4ksest\u00e4 valmistettu korkea teline sopii useimpiin hiiligrilleihin. Ihanteellinen ruoan l\u00e4mpim\u00e4n\u00e4 pit\u00e4miseen ja hitaaseen kypsent\u00e4miseen ep\u00e4suoralla l\u00e4mm\u00f6ll\u00e4.","og_url":"https:\/\/bbqassad.ee\/fi\/toode\/napoleon-korotettava-tuki-hiiligrilleille\/","og_site_name":"BBQ \u00c4ssad","article_publisher":"https:\/\/www.facebook.com\/bbqassad","article_modified_time":"2026-04-14T06:32:15+00:00","og_image":[{"url":"https:\/\/bbqassad.ee\/wp-content\/uploads\/2026\/02\/kettle-warming-rack-on-white.jpg","type":"","width":"","height":""}],"twitter_card":"summary_large_image","twitter_title":"Napoleonin korkeustuki hiiligrilleille - BBQ \u00c4ssad%","twitter_description":"Napoleonin ruostumattomasta ter\u00e4ksest\u00e4 valmistettu korkea teline sopii useimpiin hiiligrilleihin. Ihanteellinen ruoan l\u00e4mpim\u00e4n\u00e4 pit\u00e4miseen ja hitaaseen kypsent\u00e4miseen ep\u00e4suoralla l\u00e4mm\u00f6ll\u00e4.","twitter_image":"https:\/\/bbqassad.ee\/wp-content\/uploads\/2026\/02\/kettle-warming-rack-on-white.jpg","schema":{"@context":"https:\/\/schema.org","@graph":[{"@type":"WebPage","@id":"https:\/\/bbqassad.ee\/fi\/toode\/napoleon-korotettava-tuki-hiiligrilleille\/","url":"https:\/\/bbqassad.ee\/fi\/toode\/napoleon-korotettava-tuki-hiiligrilleille\/","name":"Napoleonin korkealentotuki hiiligrilleille - BBQ \u00c4ssad%","isPartOf":{"@id":"https:\/\/bbqassad.ee\/fi\/#website"},"primaryImageOfPage":{"@id":"https:\/\/bbqassad.ee\/fi\/toode\/napoleon-korotettava-tuki-hiiligrilleille\/#primaryimage"},"image":{"@id":"https:\/\/bbqassad.ee\/fi\/toode\/napoleon-korotettava-tuki-hiiligrilleille\/#primaryimage"},"thumbnailUrl":"https:\/\/bbqassad.ee\/wp-content\/uploads\/2026\/02\/kettle-warming-rack-on-white.jpg","datePublished":"2026-02-23T15:05:41+00:00","dateModified":"2026-04-14T06:32:15+00:00","description":"Napoleonin ruostumattomasta ter\u00e4ksest\u00e4 valmistettu korkea teline sopii useimpiin hiiligrilleihin. Ihanteellinen ruoan l\u00e4mpim\u00e4n\u00e4 pit\u00e4miseen ja hitaaseen kypsent\u00e4miseen ep\u00e4suoralla l\u00e4mm\u00f6ll\u00e4.","breadcrumb":{"@id":"https:\/\/bbqassad.ee\/fi\/toode\/napoleon-korotettava-tuki-hiiligrilleille\/#breadcrumb"},"inLanguage":"fi","potentialAction":[{"@type":"ReadAction","target":["https:\/\/bbqassad.ee\/fi\/toode\/napoleon-korotettava-tuki-hiiligrilleille\/"]}]},{"@type":"ImageObject","inLanguage":"fi","@id":"https:\/\/bbqassad.ee\/fi\/toode\/napoleon-korotettava-tuki-hiiligrilleille\/#primaryimage","url":"https:\/\/bbqassad.ee\/wp-content\/uploads\/2026\/02\/kettle-warming-rack-on-white.jpg","contentUrl":"https:\/\/bbqassad.ee\/wp-content\/uploads\/2026\/02\/kettle-warming-rack-on-white.jpg","width":700,"height":467},{"@type":"BreadcrumbList","@id":"https:\/\/bbqassad.ee\/fi\/toode\/napoleon-korotettava-tuki-hiiligrilleille\/#breadcrumb","itemListElement":[{"@type":"ListItem","position":1,"name":"Home","item":"https:\/\/bbqassad.ee\/fi\/bbq-assat\/"},{"@type":"ListItem","position":2,"name":"Verkkokauppa","item":"https:\/\/bbqassad.ee\/fi\/verkkokauppa\/"},{"@type":"ListItem","position":3,"name":"Napoleon korotettava tuki hiiligrilleille"}]},{"@type":"WebSite","@id":"https:\/\/bbqassad.ee\/fi\/#website","url":"https:\/\/bbqassad.ee\/fi\/","name":"BBQ \u00c4ssad","description":"BBQ maitseained, kastmed, ahjud","publisher":{"@id":"https:\/\/bbqassad.ee\/fi\/#organization"},"potentialAction":[{"@type":"SearchAction","target":{"@type":"EntryPoint","urlTemplate":"https:\/\/bbqassad.ee\/fi\/?s={search_term_string}"},"query-input":{"@type":"PropertyValueSpecification","valueRequired":true,"valueName":"search_term_string"}}],"inLanguage":"fi"},{"@type":"Organization","@id":"https:\/\/bbqassad.ee\/fi\/#organization","name":"BBQ \u00c4ssad","url":"https:\/\/bbqassad.ee\/fi\/","logo":{"@type":"ImageObject","inLanguage":"fi","@id":"https:\/\/bbqassad.ee\/fi\/#\/schema\/logo\/image\/","url":"https:\/\/bbqassad.ee\/wp-content\/uploads\/2022\/10\/BBQ-2ssadlogo.png","contentUrl":"https:\/\/bbqassad.ee\/wp-content\/uploads\/2022\/10\/BBQ-2ssadlogo.png","width":1080,"height":1080,"caption":"BBQ \u00c4ssad"},"image":{"@id":"https:\/\/bbqassad.ee\/fi\/#\/schema\/logo\/image\/"},"sameAs":["https:\/\/www.facebook.com\/bbqassad","https:\/\/www.youtube.com\/channel\/UCsoufn49J6TVi9Ah9meE93w"]}]}},"_links":{"self":[{"href":"https:\/\/bbqassad.ee\/fi\/wp-json\/wp\/v2\/product\/21767","targetHints":{"allow":["GET"]}}],"collection":[{"href":"https:\/\/bbqassad.ee\/fi\/wp-json\/wp\/v2\/product"}],"about":[{"href":"https:\/\/bbqassad.ee\/fi\/wp-json\/wp\/v2\/types\/product"}],"replies":[{"embeddable":true,"href":"https:\/\/bbqassad.ee\/fi\/wp-json\/wp\/v2\/comments?post=21767"}],"wp:featuredmedia":[{"embeddable":true,"href":"https:\/\/bbqassad.ee\/fi\/wp-json\/wp\/v2\/media\/14078"}],"wp:attachment":[{"href":"https:\/\/bbqassad.ee\/fi\/wp-json\/wp\/v2\/media?parent=21767"}],"wp:term":[{"taxonomy":"product_brand","embeddable":true,"href":"https:\/\/bbqassad.ee\/fi\/wp-json\/wp\/v2\/product_brand?post=21767"},{"taxonomy":"product_cat","embeddable":true,"href":"https:\/\/bbqassad.ee\/fi\/wp-json\/wp\/v2\/product_cat?post=21767"},{"taxonomy":"product_tag","embeddable":true,"href":"https:\/\/bbqassad.ee\/fi\/wp-json\/wp\/v2\/product_tag?post=21767"}],"curies":[{"name":"wp","href":"https:\/\/api.w.org\/{rel}","templated":true}]}}