{"id":21765,"date":"2026-02-23T15:05:41","date_gmt":"2026-02-23T15:05:41","guid":{"rendered":"https:\/\/bbqassad.ee\/toode\/napoleonin-valurautainen-muffinivuoka\/"},"modified":"2026-04-14T06:32:14","modified_gmt":"2026-04-14T06:32:14","slug":"napoleonin-valurautainen-muffinivuoka","status":"publish","type":"product","link":"https:\/\/bbqassad.ee\/fi\/toode\/napoleonin-valurautainen-muffinivuoka\/","title":{"rendered":"Napoleonin valurautainen muffinivuoka"},"content":{"rendered":"","protected":false},"excerpt":{"rendered":"<h3>Napoleonin valurautainen muffinivuoka<\/h3>\n<p class=\"\" data-start=\"134\" data-end=\"427\">Emalipinnoitettu muffinssivuoka sopii erinomaisesti sek\u00e4 makeille ett\u00e4 suolaisille leivonnaisille &#8211; esimerkiksi muffinssit, Yorkshire vanukas, keksit ja muut munkit kypsyv\u00e4t tasaisesti ja irtoavat vuoasta helposti. Mallin paksuus ja ominaisuudet takaavat tasaisen kuumuuden ja pitk\u00e4n l\u00e4mm\u00f6nkest\u00e4vyyden. <\/p>\n<p class=\"\" data-start=\"429\" data-end=\"697\">Muottia voidaan k\u00e4ytt\u00e4\u00e4 suoraan grilliritil\u00e4n p\u00e4\u00e4ll\u00e4 tai Napoleonin 6 litran valurautapannun sis\u00e4ll\u00e4. Metallisen kahvan ansiosta se on helppo asettaa kattilaan ja irrottaa my\u00f6hemmin. Koska muffinivuoan pinta ja kahva kuumenevat, sit\u00e4 tulee k\u00e4sitell\u00e4 vain kuumuutta kest\u00e4vill\u00e4 k\u00e4sineill\u00e4.  <\/p>\n<p class=\"\" data-start=\"699\" data-end=\"714\"><strong data-start=\"699\" data-end=\"712\">Ominaisuudet:<\/strong><\/p>\n<ul data-start=\"715\" data-end=\"941\">\n<li class=\"\" data-start=\"715\" data-end=\"764\">\n<p class=\"\" data-start=\"717\" data-end=\"764\">mahtuu 6 litran Napoleon-valurautapataan<\/p>\n<\/li>\n<li class=\"\" data-start=\"765\" data-end=\"798\">\n<p class=\"\" data-start=\"767\" data-end=\"798\">voidaan k\u00e4ytt\u00e4\u00e4 my\u00f6s suoraan grilliss\u00e4<\/p>\n<\/li>\n<li class=\"\" data-start=\"799\" data-end=\"841\">\n<p class=\"\" data-start=\"801\" data-end=\"841\">tarttumaton emalipinnoite, helppo huoltaa<\/p>\n<\/li>\n<li class=\"\" data-start=\"842\" data-end=\"893\">\n<p class=\"\" data-start=\"844\" data-end=\"893\">6 kuoppaa muffinsseja tai muita leivonnaisia varten<\/p>\n<\/li>\n<li class=\"\" data-start=\"894\" data-end=\"941\">\n<p class=\"\" data-start=\"896\" data-end=\"941\">tukeva metallikahva mukavaan nostamiseen<\/p>\n<\/li>\n<\/ul>\n<p class=\"\" data-start=\"943\" data-end=\"962\"><strong data-start=\"943\" data-end=\"956\">Halkaisija:<\/strong> 24 cm<\/p>\n","protected":false},"featured_media":14072,"comment_status":"open","ping_status":"closed","template":"","meta":[],"product_brand":[768],"product_cat":[785],"product_tag":[],"class_list":{"0":"post-21765","1":"product","2":"type-product","3":"status-publish","4":"has-post-thumbnail","6":"product_brand-napoleon","7":"product_cat-kaasugrillien-tarvikkeet","9":"first","10":"instock","11":"taxable","12":"shipping-taxable","13":"purchasable","14":"product-type-simple"},"yoast_head":"<!-- This site is optimized with the Yoast SEO plugin v27.4 - https:\/\/yoast.com\/product\/yoast-seo-wordpress\/ -->\n<title>Napoleonin valurautainen muffinivuoka - BBQ \u00c4ssad%<\/title>\n<meta name=\"description\" content=\"Napoleonin valurautainen muffinssivuoka sopii erinomaisesti makeisiin ja suolaisiin leivonnaisiin. Valurautainen muffinivuoka takaa tasaisen l\u00e4mm\u00f6n ja on helppo huoltaa.\" \/>\n<meta name=\"robots\" content=\"index, follow, max-snippet:-1, max-image-preview:large, max-video-preview:-1\" \/>\n<link rel=\"canonical\" href=\"https:\/\/bbqassad.ee\/fi\/toode\/napoleonin-valurautainen-muffinivuoka\/\" \/>\n<meta property=\"og:locale\" content=\"fi_FI\" \/>\n<meta property=\"og:type\" content=\"article\" \/>\n<meta property=\"og:title\" content=\"Napoleonin valurautainen muffinivuoka - BBQ \u00c4ssad%\" \/>\n<meta property=\"og:description\" content=\"Napoleonin valurautainen muffinssivuoka sopii erinomaisesti makeisiin ja suolaisiin leivonnaisiin. Valurautainen muffinivuoka takaa tasaisen l\u00e4mm\u00f6n ja on helppo huoltaa.\" \/>\n<meta property=\"og:url\" content=\"https:\/\/bbqassad.ee\/fi\/toode\/napoleonin-valurautainen-muffinivuoka\/\" \/>\n<meta property=\"og:site_name\" content=\"BBQ \u00c4ssad\" \/>\n<meta property=\"article:publisher\" content=\"https:\/\/www.facebook.com\/bbqassad\" \/>\n<meta property=\"article:modified_time\" content=\"2026-04-14T06:32:14+00:00\" \/>\n<meta property=\"og:image\" content=\"https:\/\/bbqassad.ee\/wp-content\/uploads\/2026\/02\/napoleon-click-to-expand-napoleon-cast-iron-muffin-cooker-56061-56061-accessory-food-prep-tool-629162560612-31341045153854_grande.webp.png\" \/>\n<meta name=\"twitter:card\" content=\"summary_large_image\" \/>\n<meta name=\"twitter:title\" content=\"Napoleonin valurautainen muffinivuoka - BBQ \u00c4ssad%\" \/>\n<meta name=\"twitter:description\" content=\"Napoleonin valurautainen muffinssivuoka sopii erinomaisesti makeisiin ja suolaisiin leivonnaisiin. Valurautainen muffinivuoka takaa tasaisen l\u00e4mm\u00f6n ja on helppo huoltaa.\" \/>\n<meta name=\"twitter:image\" content=\"https:\/\/bbqassad.ee\/wp-content\/uploads\/2026\/02\/napoleon-click-to-expand-napoleon-cast-iron-muffin-cooker-56061-56061-accessory-food-prep-tool-629162560612-31341045153854_grande.webp.png\" \/>\n<script type=\"application\/ld+json\" class=\"yoast-schema-graph\">{\"@context\":\"https:\\\/\\\/schema.org\",\"@graph\":[{\"@type\":\"WebPage\",\"@id\":\"https:\\\/\\\/bbqassad.ee\\\/fi\\\/toode\\\/napoleonin-valurautainen-muffinivuoka\\\/\",\"url\":\"https:\\\/\\\/bbqassad.ee\\\/fi\\\/toode\\\/napoleonin-valurautainen-muffinivuoka\\\/\",\"name\":\"Napoleonin valurautainen muffinivuoka - BBQ \u00c4ssad%\",\"isPartOf\":{\"@id\":\"https:\\\/\\\/bbqassad.ee\\\/fi\\\/#website\"},\"primaryImageOfPage\":{\"@id\":\"https:\\\/\\\/bbqassad.ee\\\/fi\\\/toode\\\/napoleonin-valurautainen-muffinivuoka\\\/#primaryimage\"},\"image\":{\"@id\":\"https:\\\/\\\/bbqassad.ee\\\/fi\\\/toode\\\/napoleonin-valurautainen-muffinivuoka\\\/#primaryimage\"},\"thumbnailUrl\":\"https:\\\/\\\/bbqassad.ee\\\/wp-content\\\/uploads\\\/2026\\\/02\\\/napoleon-click-to-expand-napoleon-cast-iron-muffin-cooker-56061-56061-accessory-food-prep-tool-629162560612-31341045153854_grande.webp.png\",\"datePublished\":\"2026-02-23T15:05:41+00:00\",\"dateModified\":\"2026-04-14T06:32:14+00:00\",\"description\":\"Napoleonin valurautainen muffinssivuoka sopii erinomaisesti makeisiin ja suolaisiin leivonnaisiin. Valurautainen muffinivuoka takaa tasaisen l\u00e4mm\u00f6n ja on helppo huoltaa.\",\"breadcrumb\":{\"@id\":\"https:\\\/\\\/bbqassad.ee\\\/fi\\\/toode\\\/napoleonin-valurautainen-muffinivuoka\\\/#breadcrumb\"},\"inLanguage\":\"fi\",\"potentialAction\":[{\"@type\":\"ReadAction\",\"target\":[\"https:\\\/\\\/bbqassad.ee\\\/fi\\\/toode\\\/napoleonin-valurautainen-muffinivuoka\\\/\"]}]},{\"@type\":\"ImageObject\",\"inLanguage\":\"fi\",\"@id\":\"https:\\\/\\\/bbqassad.ee\\\/fi\\\/toode\\\/napoleonin-valurautainen-muffinivuoka\\\/#primaryimage\",\"url\":\"https:\\\/\\\/bbqassad.ee\\\/wp-content\\\/uploads\\\/2026\\\/02\\\/napoleon-click-to-expand-napoleon-cast-iron-muffin-cooker-56061-56061-accessory-food-prep-tool-629162560612-31341045153854_grande.webp.png\",\"contentUrl\":\"https:\\\/\\\/bbqassad.ee\\\/wp-content\\\/uploads\\\/2026\\\/02\\\/napoleon-click-to-expand-napoleon-cast-iron-muffin-cooker-56061-56061-accessory-food-prep-tool-629162560612-31341045153854_grande.webp.png\",\"width\":600,\"height\":600},{\"@type\":\"BreadcrumbList\",\"@id\":\"https:\\\/\\\/bbqassad.ee\\\/fi\\\/toode\\\/napoleonin-valurautainen-muffinivuoka\\\/#breadcrumb\",\"itemListElement\":[{\"@type\":\"ListItem\",\"position\":1,\"name\":\"Home\",\"item\":\"https:\\\/\\\/bbqassad.ee\\\/fi\\\/bbq-assat\\\/\"},{\"@type\":\"ListItem\",\"position\":2,\"name\":\"Verkkokauppa\",\"item\":\"https:\\\/\\\/bbqassad.ee\\\/fi\\\/verkkokauppa\\\/\"},{\"@type\":\"ListItem\",\"position\":3,\"name\":\"Napoleonin valurautainen muffinivuoka\"}]},{\"@type\":\"WebSite\",\"@id\":\"https:\\\/\\\/bbqassad.ee\\\/fi\\\/#website\",\"url\":\"https:\\\/\\\/bbqassad.ee\\\/fi\\\/\",\"name\":\"BBQ \u00c4ssad\",\"description\":\"BBQ maitseained, kastmed, ahjud\",\"publisher\":{\"@id\":\"https:\\\/\\\/bbqassad.ee\\\/fi\\\/#organization\"},\"potentialAction\":[{\"@type\":\"SearchAction\",\"target\":{\"@type\":\"EntryPoint\",\"urlTemplate\":\"https:\\\/\\\/bbqassad.ee\\\/fi\\\/?s={search_term_string}\"},\"query-input\":{\"@type\":\"PropertyValueSpecification\",\"valueRequired\":true,\"valueName\":\"search_term_string\"}}],\"inLanguage\":\"fi\"},{\"@type\":\"Organization\",\"@id\":\"https:\\\/\\\/bbqassad.ee\\\/fi\\\/#organization\",\"name\":\"BBQ \u00c4ssad\",\"url\":\"https:\\\/\\\/bbqassad.ee\\\/fi\\\/\",\"logo\":{\"@type\":\"ImageObject\",\"inLanguage\":\"fi\",\"@id\":\"https:\\\/\\\/bbqassad.ee\\\/fi\\\/#\\\/schema\\\/logo\\\/image\\\/\",\"url\":\"https:\\\/\\\/bbqassad.ee\\\/wp-content\\\/uploads\\\/2022\\\/10\\\/BBQ-2ssadlogo.png\",\"contentUrl\":\"https:\\\/\\\/bbqassad.ee\\\/wp-content\\\/uploads\\\/2022\\\/10\\\/BBQ-2ssadlogo.png\",\"width\":1080,\"height\":1080,\"caption\":\"BBQ \u00c4ssad\"},\"image\":{\"@id\":\"https:\\\/\\\/bbqassad.ee\\\/fi\\\/#\\\/schema\\\/logo\\\/image\\\/\"},\"sameAs\":[\"https:\\\/\\\/www.facebook.com\\\/bbqassad\",\"https:\\\/\\\/www.youtube.com\\\/channel\\\/UCsoufn49J6TVi9Ah9meE93w\"]}]}<\/script>\n<!-- \/ Yoast SEO plugin. -->","yoast_head_json":{"title":"Napoleonin valurautainen muffinivuoka - BBQ \u00c4ssad%","description":"Napoleonin valurautainen muffinssivuoka sopii erinomaisesti makeisiin ja suolaisiin leivonnaisiin. Valurautainen muffinivuoka takaa tasaisen l\u00e4mm\u00f6n ja on helppo huoltaa.","robots":{"index":"index","follow":"follow","max-snippet":"max-snippet:-1","max-image-preview":"max-image-preview:large","max-video-preview":"max-video-preview:-1"},"canonical":"https:\/\/bbqassad.ee\/fi\/toode\/napoleonin-valurautainen-muffinivuoka\/","og_locale":"fi_FI","og_type":"article","og_title":"Napoleonin valurautainen muffinivuoka - BBQ \u00c4ssad%","og_description":"Napoleonin valurautainen muffinssivuoka sopii erinomaisesti makeisiin ja suolaisiin leivonnaisiin. Valurautainen muffinivuoka takaa tasaisen l\u00e4mm\u00f6n ja on helppo huoltaa.","og_url":"https:\/\/bbqassad.ee\/fi\/toode\/napoleonin-valurautainen-muffinivuoka\/","og_site_name":"BBQ \u00c4ssad","article_publisher":"https:\/\/www.facebook.com\/bbqassad","article_modified_time":"2026-04-14T06:32:14+00:00","og_image":[{"url":"https:\/\/bbqassad.ee\/wp-content\/uploads\/2026\/02\/napoleon-click-to-expand-napoleon-cast-iron-muffin-cooker-56061-56061-accessory-food-prep-tool-629162560612-31341045153854_grande.webp.png","type":"","width":"","height":""}],"twitter_card":"summary_large_image","twitter_title":"Napoleonin valurautainen muffinivuoka - BBQ \u00c4ssad%","twitter_description":"Napoleonin valurautainen muffinssivuoka sopii erinomaisesti makeisiin ja suolaisiin leivonnaisiin. Valurautainen muffinivuoka takaa tasaisen l\u00e4mm\u00f6n ja on helppo huoltaa.","twitter_image":"https:\/\/bbqassad.ee\/wp-content\/uploads\/2026\/02\/napoleon-click-to-expand-napoleon-cast-iron-muffin-cooker-56061-56061-accessory-food-prep-tool-629162560612-31341045153854_grande.webp.png","schema":{"@context":"https:\/\/schema.org","@graph":[{"@type":"WebPage","@id":"https:\/\/bbqassad.ee\/fi\/toode\/napoleonin-valurautainen-muffinivuoka\/","url":"https:\/\/bbqassad.ee\/fi\/toode\/napoleonin-valurautainen-muffinivuoka\/","name":"Napoleonin valurautainen muffinivuoka - BBQ \u00c4ssad%","isPartOf":{"@id":"https:\/\/bbqassad.ee\/fi\/#website"},"primaryImageOfPage":{"@id":"https:\/\/bbqassad.ee\/fi\/toode\/napoleonin-valurautainen-muffinivuoka\/#primaryimage"},"image":{"@id":"https:\/\/bbqassad.ee\/fi\/toode\/napoleonin-valurautainen-muffinivuoka\/#primaryimage"},"thumbnailUrl":"https:\/\/bbqassad.ee\/wp-content\/uploads\/2026\/02\/napoleon-click-to-expand-napoleon-cast-iron-muffin-cooker-56061-56061-accessory-food-prep-tool-629162560612-31341045153854_grande.webp.png","datePublished":"2026-02-23T15:05:41+00:00","dateModified":"2026-04-14T06:32:14+00:00","description":"Napoleonin valurautainen muffinssivuoka sopii erinomaisesti makeisiin ja suolaisiin leivonnaisiin. Valurautainen muffinivuoka takaa tasaisen l\u00e4mm\u00f6n ja on helppo huoltaa.","breadcrumb":{"@id":"https:\/\/bbqassad.ee\/fi\/toode\/napoleonin-valurautainen-muffinivuoka\/#breadcrumb"},"inLanguage":"fi","potentialAction":[{"@type":"ReadAction","target":["https:\/\/bbqassad.ee\/fi\/toode\/napoleonin-valurautainen-muffinivuoka\/"]}]},{"@type":"ImageObject","inLanguage":"fi","@id":"https:\/\/bbqassad.ee\/fi\/toode\/napoleonin-valurautainen-muffinivuoka\/#primaryimage","url":"https:\/\/bbqassad.ee\/wp-content\/uploads\/2026\/02\/napoleon-click-to-expand-napoleon-cast-iron-muffin-cooker-56061-56061-accessory-food-prep-tool-629162560612-31341045153854_grande.webp.png","contentUrl":"https:\/\/bbqassad.ee\/wp-content\/uploads\/2026\/02\/napoleon-click-to-expand-napoleon-cast-iron-muffin-cooker-56061-56061-accessory-food-prep-tool-629162560612-31341045153854_grande.webp.png","width":600,"height":600},{"@type":"BreadcrumbList","@id":"https:\/\/bbqassad.ee\/fi\/toode\/napoleonin-valurautainen-muffinivuoka\/#breadcrumb","itemListElement":[{"@type":"ListItem","position":1,"name":"Home","item":"https:\/\/bbqassad.ee\/fi\/bbq-assat\/"},{"@type":"ListItem","position":2,"name":"Verkkokauppa","item":"https:\/\/bbqassad.ee\/fi\/verkkokauppa\/"},{"@type":"ListItem","position":3,"name":"Napoleonin valurautainen muffinivuoka"}]},{"@type":"WebSite","@id":"https:\/\/bbqassad.ee\/fi\/#website","url":"https:\/\/bbqassad.ee\/fi\/","name":"BBQ \u00c4ssad","description":"BBQ maitseained, kastmed, ahjud","publisher":{"@id":"https:\/\/bbqassad.ee\/fi\/#organization"},"potentialAction":[{"@type":"SearchAction","target":{"@type":"EntryPoint","urlTemplate":"https:\/\/bbqassad.ee\/fi\/?s={search_term_string}"},"query-input":{"@type":"PropertyValueSpecification","valueRequired":true,"valueName":"search_term_string"}}],"inLanguage":"fi"},{"@type":"Organization","@id":"https:\/\/bbqassad.ee\/fi\/#organization","name":"BBQ \u00c4ssad","url":"https:\/\/bbqassad.ee\/fi\/","logo":{"@type":"ImageObject","inLanguage":"fi","@id":"https:\/\/bbqassad.ee\/fi\/#\/schema\/logo\/image\/","url":"https:\/\/bbqassad.ee\/wp-content\/uploads\/2022\/10\/BBQ-2ssadlogo.png","contentUrl":"https:\/\/bbqassad.ee\/wp-content\/uploads\/2022\/10\/BBQ-2ssadlogo.png","width":1080,"height":1080,"caption":"BBQ \u00c4ssad"},"image":{"@id":"https:\/\/bbqassad.ee\/fi\/#\/schema\/logo\/image\/"},"sameAs":["https:\/\/www.facebook.com\/bbqassad","https:\/\/www.youtube.com\/channel\/UCsoufn49J6TVi9Ah9meE93w"]}]}},"_links":{"self":[{"href":"https:\/\/bbqassad.ee\/fi\/wp-json\/wp\/v2\/product\/21765","targetHints":{"allow":["GET"]}}],"collection":[{"href":"https:\/\/bbqassad.ee\/fi\/wp-json\/wp\/v2\/product"}],"about":[{"href":"https:\/\/bbqassad.ee\/fi\/wp-json\/wp\/v2\/types\/product"}],"replies":[{"embeddable":true,"href":"https:\/\/bbqassad.ee\/fi\/wp-json\/wp\/v2\/comments?post=21765"}],"wp:featuredmedia":[{"embeddable":true,"href":"https:\/\/bbqassad.ee\/fi\/wp-json\/wp\/v2\/media\/14072"}],"wp:attachment":[{"href":"https:\/\/bbqassad.ee\/fi\/wp-json\/wp\/v2\/media?parent=21765"}],"wp:term":[{"taxonomy":"product_brand","embeddable":true,"href":"https:\/\/bbqassad.ee\/fi\/wp-json\/wp\/v2\/product_brand?post=21765"},{"taxonomy":"product_cat","embeddable":true,"href":"https:\/\/bbqassad.ee\/fi\/wp-json\/wp\/v2\/product_cat?post=21765"},{"taxonomy":"product_tag","embeddable":true,"href":"https:\/\/bbqassad.ee\/fi\/wp-json\/wp\/v2\/product_tag?post=21765"}],"curies":[{"name":"wp","href":"https:\/\/api.w.org\/{rel}","templated":true}]}}