{"id":21763,"date":"2026-02-23T15:05:41","date_gmt":"2026-02-23T15:05:41","guid":{"rendered":"https:\/\/bbqassad.ee\/toode\/napoleonin-taittokaistale-kuutta-kaistaletta-varten\/"},"modified":"2026-04-14T06:32:14","modified_gmt":"2026-04-14T06:32:14","slug":"napoleonin-taittokaistale-kuutta-kaistaletta-varten","status":"publish","type":"product","link":"https:\/\/bbqassad.ee\/fi\/toode\/napoleonin-taittokaistale-kuutta-kaistaletta-varten\/","title":{"rendered":"Napoleonin taittokaistale kuutta kaistaletta varten"},"content":{"rendered":"","protected":false},"excerpt":{"rendered":"<h3>Napoleonin taittokaistale kuutta kaistaletta varten<\/h3>\n<p class=\"\" data-start=\"41\" data-end=\"296\">Napoleonin ruostumattomasta ter\u00e4ksest\u00e4 valmistettu liuskojen pidike on suunniteltu jopa kuuden liuskan kypsennykseen kerrallaan. S\u00e4\u00e4dett\u00e4v\u00e4n leveyden ansiosta voit mukauttaa pidikkeen grillin kokoon ja kylkiluiden m\u00e4\u00e4r\u00e4\u00e4n. <\/p>\n<p class=\"\" data-start=\"298\" data-end=\"493\">Kun pidin ei ole k\u00e4yt\u00f6ss\u00e4, se voidaan helposti taittaa kokoon ja s\u00e4ilytt\u00e4\u00e4 tilaa s\u00e4\u00e4st\u00e4v\u00e4sti. Grillauksen j\u00e4lkeen voit laittaa liuskojen pidikkeen suoraan astianpesukoneeseen &#8211; manuaalista puhdistusta ei tarvita. <\/p>\n<p class=\"\" data-start=\"495\" data-end=\"510\"><strong data-start=\"495\" data-end=\"508\">Ominaisuudet:<\/strong><\/p>\n<ul data-start=\"511\" data-end=\"638\">\n<li class=\"\" data-start=\"511\" data-end=\"538\">\n<p class=\"\" data-start=\"513\" data-end=\"538\">mahtuu jopa 6 nauhalinjaa<\/p>\n<\/li>\n<li class=\"\" data-start=\"539\" data-end=\"587\">\n<p class=\"\" data-start=\"541\" data-end=\"587\">leveytt\u00e4 voidaan s\u00e4\u00e4t\u00e4\u00e4 tarpeen mukaan<\/p>\n<\/li>\n<li class=\"\" data-start=\"588\" data-end=\"622\">\n<p class=\"\" data-start=\"590\" data-end=\"622\">kokoontaitettava, k\u00e4tev\u00e4 s\u00e4ilytys<\/p>\n<\/li>\n<li class=\"\" data-start=\"623\" data-end=\"638\">\n<p class=\"\" data-start=\"625\" data-end=\"638\">astianpesukoneen kest\u00e4v\u00e4<\/p>\n<\/li>\n<\/ul>\n<p class=\"\" data-start=\"640\" data-end=\"735\"><strong data-start=\"640\" data-end=\"653\">Materiaali:<\/strong> ruostumaton ter\u00e4s<\/p>\n","protected":false},"featured_media":14063,"comment_status":"open","ping_status":"closed","template":"","meta":[],"product_brand":[768],"product_cat":[785],"product_tag":[],"class_list":{"0":"post-21763","1":"product","2":"type-product","3":"status-publish","4":"has-post-thumbnail","6":"product_brand-napoleon","7":"product_cat-kaasugrillien-tarvikkeet","9":"first","10":"instock","11":"taxable","12":"shipping-taxable","13":"purchasable","14":"product-type-simple"},"yoast_head":"<!-- This site is optimized with the Yoast SEO plugin v27.4 - https:\/\/yoast.com\/product\/yoast-seo-wordpress\/ -->\n<title>Napoleonin taittokaistale kuuteen kaistaleeseen - BBQ \u00c4ssad%<\/title>\n<meta name=\"description\" content=\"Napoleonin ruostumattomasta ter\u00e4ksest\u00e4 valmistettuun nauhatelineeseen mahtuu jopa kuusi nauhatelinett\u00e4. S\u00e4\u00e4dett\u00e4v\u00e4 leveys ja kokoontaitettava muotoilu tekev\u00e4t siit\u00e4 k\u00e4tev\u00e4n ja tilaa s\u00e4\u00e4st\u00e4v\u00e4n.\" \/>\n<meta name=\"robots\" content=\"index, follow, max-snippet:-1, max-image-preview:large, max-video-preview:-1\" \/>\n<link rel=\"canonical\" href=\"https:\/\/bbqassad.ee\/fi\/toode\/napoleonin-taittokaistale-kuutta-kaistaletta-varten\/\" \/>\n<meta property=\"og:locale\" content=\"fi_FI\" \/>\n<meta property=\"og:type\" content=\"article\" \/>\n<meta property=\"og:title\" content=\"Napoleonin taittokaistale kuuteen kaistaleeseen -% BBQ \u00c4ssad%\" \/>\n<meta property=\"og:description\" content=\"Napoleonin ruostumattomasta ter\u00e4ksest\u00e4 valmistettuun nauhatelineeseen mahtuu jopa kuusi nauhatelinett\u00e4. S\u00e4\u00e4dett\u00e4v\u00e4 leveys ja kokoontaitettava muotoilu tekev\u00e4t siit\u00e4 k\u00e4tev\u00e4n ja tilaa s\u00e4\u00e4st\u00e4v\u00e4n.\" \/>\n<meta property=\"og:url\" content=\"https:\/\/bbqassad.ee\/fi\/toode\/napoleonin-taittokaistale-kuutta-kaistaletta-varten\/\" \/>\n<meta property=\"og:site_name\" content=\"BBQ \u00c4ssad\" \/>\n<meta property=\"article:publisher\" content=\"https:\/\/www.facebook.com\/bbqassad\" \/>\n<meta property=\"article:modified_time\" content=\"2026-04-14T06:32:14+00:00\" \/>\n<meta property=\"og:image\" content=\"https:\/\/bbqassad.ee\/wp-content\/uploads\/2026\/02\/2__87363.1680082363.1280.1280_836x700.jpg.webp\" \/>\n<meta name=\"twitter:card\" content=\"summary_large_image\" \/>\n<meta name=\"twitter:title\" content=\"Napoleonin taittokaistale kuuteen kaistaleeseen -% BBQ \u00c4ssad%\" \/>\n<meta name=\"twitter:description\" content=\"Napoleonin ruostumattomasta ter\u00e4ksest\u00e4 valmistettuun nauhatelineeseen mahtuu jopa kuusi nauhatelinett\u00e4. S\u00e4\u00e4dett\u00e4v\u00e4 leveys ja kokoontaitettava muotoilu tekev\u00e4t siit\u00e4 k\u00e4tev\u00e4n ja tilaa s\u00e4\u00e4st\u00e4v\u00e4n.\" \/>\n<meta name=\"twitter:image\" content=\"https:\/\/bbqassad.ee\/wp-content\/uploads\/2026\/02\/2__87363.1680082363.1280.1280_836x700.jpg.webp\" \/>\n<script type=\"application\/ld+json\" class=\"yoast-schema-graph\">{\"@context\":\"https:\\\/\\\/schema.org\",\"@graph\":[{\"@type\":\"WebPage\",\"@id\":\"https:\\\/\\\/bbqassad.ee\\\/fi\\\/toode\\\/napoleonin-taittokaistale-kuutta-kaistaletta-varten\\\/\",\"url\":\"https:\\\/\\\/bbqassad.ee\\\/fi\\\/toode\\\/napoleonin-taittokaistale-kuutta-kaistaletta-varten\\\/\",\"name\":\"Napoleonin taittokaistale kuuteen kaistaleeseen - BBQ \u00c4ssad%\",\"isPartOf\":{\"@id\":\"https:\\\/\\\/bbqassad.ee\\\/fi\\\/#website\"},\"primaryImageOfPage\":{\"@id\":\"https:\\\/\\\/bbqassad.ee\\\/fi\\\/toode\\\/napoleonin-taittokaistale-kuutta-kaistaletta-varten\\\/#primaryimage\"},\"image\":{\"@id\":\"https:\\\/\\\/bbqassad.ee\\\/fi\\\/toode\\\/napoleonin-taittokaistale-kuutta-kaistaletta-varten\\\/#primaryimage\"},\"thumbnailUrl\":\"https:\\\/\\\/bbqassad.ee\\\/wp-content\\\/uploads\\\/2026\\\/02\\\/2__87363.1680082363.1280.1280_836x700.jpg.webp\",\"datePublished\":\"2026-02-23T15:05:41+00:00\",\"dateModified\":\"2026-04-14T06:32:14+00:00\",\"description\":\"Napoleonin ruostumattomasta ter\u00e4ksest\u00e4 valmistettuun nauhatelineeseen mahtuu jopa kuusi nauhatelinett\u00e4. S\u00e4\u00e4dett\u00e4v\u00e4 leveys ja kokoontaitettava muotoilu tekev\u00e4t siit\u00e4 k\u00e4tev\u00e4n ja tilaa s\u00e4\u00e4st\u00e4v\u00e4n.\",\"breadcrumb\":{\"@id\":\"https:\\\/\\\/bbqassad.ee\\\/fi\\\/toode\\\/napoleonin-taittokaistale-kuutta-kaistaletta-varten\\\/#breadcrumb\"},\"inLanguage\":\"fi\",\"potentialAction\":[{\"@type\":\"ReadAction\",\"target\":[\"https:\\\/\\\/bbqassad.ee\\\/fi\\\/toode\\\/napoleonin-taittokaistale-kuutta-kaistaletta-varten\\\/\"]}]},{\"@type\":\"ImageObject\",\"inLanguage\":\"fi\",\"@id\":\"https:\\\/\\\/bbqassad.ee\\\/fi\\\/toode\\\/napoleonin-taittokaistale-kuutta-kaistaletta-varten\\\/#primaryimage\",\"url\":\"https:\\\/\\\/bbqassad.ee\\\/wp-content\\\/uploads\\\/2026\\\/02\\\/2__87363.1680082363.1280.1280_836x700.jpg.webp\",\"contentUrl\":\"https:\\\/\\\/bbqassad.ee\\\/wp-content\\\/uploads\\\/2026\\\/02\\\/2__87363.1680082363.1280.1280_836x700.jpg.webp\",\"width\":835,\"height\":700},{\"@type\":\"BreadcrumbList\",\"@id\":\"https:\\\/\\\/bbqassad.ee\\\/fi\\\/toode\\\/napoleonin-taittokaistale-kuutta-kaistaletta-varten\\\/#breadcrumb\",\"itemListElement\":[{\"@type\":\"ListItem\",\"position\":1,\"name\":\"Home\",\"item\":\"https:\\\/\\\/bbqassad.ee\\\/fi\\\/bbq-assat\\\/\"},{\"@type\":\"ListItem\",\"position\":2,\"name\":\"Verkkokauppa\",\"item\":\"https:\\\/\\\/bbqassad.ee\\\/fi\\\/verkkokauppa\\\/\"},{\"@type\":\"ListItem\",\"position\":3,\"name\":\"Napoleonin taittokaistale kuutta kaistaletta varten\"}]},{\"@type\":\"WebSite\",\"@id\":\"https:\\\/\\\/bbqassad.ee\\\/fi\\\/#website\",\"url\":\"https:\\\/\\\/bbqassad.ee\\\/fi\\\/\",\"name\":\"BBQ \u00c4ssad\",\"description\":\"BBQ maitseained, kastmed, ahjud\",\"publisher\":{\"@id\":\"https:\\\/\\\/bbqassad.ee\\\/fi\\\/#organization\"},\"potentialAction\":[{\"@type\":\"SearchAction\",\"target\":{\"@type\":\"EntryPoint\",\"urlTemplate\":\"https:\\\/\\\/bbqassad.ee\\\/fi\\\/?s={search_term_string}\"},\"query-input\":{\"@type\":\"PropertyValueSpecification\",\"valueRequired\":true,\"valueName\":\"search_term_string\"}}],\"inLanguage\":\"fi\"},{\"@type\":\"Organization\",\"@id\":\"https:\\\/\\\/bbqassad.ee\\\/fi\\\/#organization\",\"name\":\"BBQ \u00c4ssad\",\"url\":\"https:\\\/\\\/bbqassad.ee\\\/fi\\\/\",\"logo\":{\"@type\":\"ImageObject\",\"inLanguage\":\"fi\",\"@id\":\"https:\\\/\\\/bbqassad.ee\\\/fi\\\/#\\\/schema\\\/logo\\\/image\\\/\",\"url\":\"https:\\\/\\\/bbqassad.ee\\\/wp-content\\\/uploads\\\/2022\\\/10\\\/BBQ-2ssadlogo.png\",\"contentUrl\":\"https:\\\/\\\/bbqassad.ee\\\/wp-content\\\/uploads\\\/2022\\\/10\\\/BBQ-2ssadlogo.png\",\"width\":1080,\"height\":1080,\"caption\":\"BBQ \u00c4ssad\"},\"image\":{\"@id\":\"https:\\\/\\\/bbqassad.ee\\\/fi\\\/#\\\/schema\\\/logo\\\/image\\\/\"},\"sameAs\":[\"https:\\\/\\\/www.facebook.com\\\/bbqassad\",\"https:\\\/\\\/www.youtube.com\\\/channel\\\/UCsoufn49J6TVi9Ah9meE93w\"]}]}<\/script>\n<!-- \/ Yoast SEO plugin. -->","yoast_head_json":{"title":"Napoleonin taittokaistale kuuteen kaistaleeseen - BBQ \u00c4ssad%","description":"Napoleonin ruostumattomasta ter\u00e4ksest\u00e4 valmistettuun nauhatelineeseen mahtuu jopa kuusi nauhatelinett\u00e4. S\u00e4\u00e4dett\u00e4v\u00e4 leveys ja kokoontaitettava muotoilu tekev\u00e4t siit\u00e4 k\u00e4tev\u00e4n ja tilaa s\u00e4\u00e4st\u00e4v\u00e4n.","robots":{"index":"index","follow":"follow","max-snippet":"max-snippet:-1","max-image-preview":"max-image-preview:large","max-video-preview":"max-video-preview:-1"},"canonical":"https:\/\/bbqassad.ee\/fi\/toode\/napoleonin-taittokaistale-kuutta-kaistaletta-varten\/","og_locale":"fi_FI","og_type":"article","og_title":"Napoleonin taittokaistale kuuteen kaistaleeseen -% BBQ \u00c4ssad%","og_description":"Napoleonin ruostumattomasta ter\u00e4ksest\u00e4 valmistettuun nauhatelineeseen mahtuu jopa kuusi nauhatelinett\u00e4. S\u00e4\u00e4dett\u00e4v\u00e4 leveys ja kokoontaitettava muotoilu tekev\u00e4t siit\u00e4 k\u00e4tev\u00e4n ja tilaa s\u00e4\u00e4st\u00e4v\u00e4n.","og_url":"https:\/\/bbqassad.ee\/fi\/toode\/napoleonin-taittokaistale-kuutta-kaistaletta-varten\/","og_site_name":"BBQ \u00c4ssad","article_publisher":"https:\/\/www.facebook.com\/bbqassad","article_modified_time":"2026-04-14T06:32:14+00:00","og_image":[{"url":"https:\/\/bbqassad.ee\/wp-content\/uploads\/2026\/02\/2__87363.1680082363.1280.1280_836x700.jpg.webp","type":"","width":"","height":""}],"twitter_card":"summary_large_image","twitter_title":"Napoleonin taittokaistale kuuteen kaistaleeseen -% BBQ \u00c4ssad%","twitter_description":"Napoleonin ruostumattomasta ter\u00e4ksest\u00e4 valmistettuun nauhatelineeseen mahtuu jopa kuusi nauhatelinett\u00e4. S\u00e4\u00e4dett\u00e4v\u00e4 leveys ja kokoontaitettava muotoilu tekev\u00e4t siit\u00e4 k\u00e4tev\u00e4n ja tilaa s\u00e4\u00e4st\u00e4v\u00e4n.","twitter_image":"https:\/\/bbqassad.ee\/wp-content\/uploads\/2026\/02\/2__87363.1680082363.1280.1280_836x700.jpg.webp","schema":{"@context":"https:\/\/schema.org","@graph":[{"@type":"WebPage","@id":"https:\/\/bbqassad.ee\/fi\/toode\/napoleonin-taittokaistale-kuutta-kaistaletta-varten\/","url":"https:\/\/bbqassad.ee\/fi\/toode\/napoleonin-taittokaistale-kuutta-kaistaletta-varten\/","name":"Napoleonin taittokaistale kuuteen kaistaleeseen - BBQ \u00c4ssad%","isPartOf":{"@id":"https:\/\/bbqassad.ee\/fi\/#website"},"primaryImageOfPage":{"@id":"https:\/\/bbqassad.ee\/fi\/toode\/napoleonin-taittokaistale-kuutta-kaistaletta-varten\/#primaryimage"},"image":{"@id":"https:\/\/bbqassad.ee\/fi\/toode\/napoleonin-taittokaistale-kuutta-kaistaletta-varten\/#primaryimage"},"thumbnailUrl":"https:\/\/bbqassad.ee\/wp-content\/uploads\/2026\/02\/2__87363.1680082363.1280.1280_836x700.jpg.webp","datePublished":"2026-02-23T15:05:41+00:00","dateModified":"2026-04-14T06:32:14+00:00","description":"Napoleonin ruostumattomasta ter\u00e4ksest\u00e4 valmistettuun nauhatelineeseen mahtuu jopa kuusi nauhatelinett\u00e4. S\u00e4\u00e4dett\u00e4v\u00e4 leveys ja kokoontaitettava muotoilu tekev\u00e4t siit\u00e4 k\u00e4tev\u00e4n ja tilaa s\u00e4\u00e4st\u00e4v\u00e4n.","breadcrumb":{"@id":"https:\/\/bbqassad.ee\/fi\/toode\/napoleonin-taittokaistale-kuutta-kaistaletta-varten\/#breadcrumb"},"inLanguage":"fi","potentialAction":[{"@type":"ReadAction","target":["https:\/\/bbqassad.ee\/fi\/toode\/napoleonin-taittokaistale-kuutta-kaistaletta-varten\/"]}]},{"@type":"ImageObject","inLanguage":"fi","@id":"https:\/\/bbqassad.ee\/fi\/toode\/napoleonin-taittokaistale-kuutta-kaistaletta-varten\/#primaryimage","url":"https:\/\/bbqassad.ee\/wp-content\/uploads\/2026\/02\/2__87363.1680082363.1280.1280_836x700.jpg.webp","contentUrl":"https:\/\/bbqassad.ee\/wp-content\/uploads\/2026\/02\/2__87363.1680082363.1280.1280_836x700.jpg.webp","width":835,"height":700},{"@type":"BreadcrumbList","@id":"https:\/\/bbqassad.ee\/fi\/toode\/napoleonin-taittokaistale-kuutta-kaistaletta-varten\/#breadcrumb","itemListElement":[{"@type":"ListItem","position":1,"name":"Home","item":"https:\/\/bbqassad.ee\/fi\/bbq-assat\/"},{"@type":"ListItem","position":2,"name":"Verkkokauppa","item":"https:\/\/bbqassad.ee\/fi\/verkkokauppa\/"},{"@type":"ListItem","position":3,"name":"Napoleonin taittokaistale kuutta kaistaletta varten"}]},{"@type":"WebSite","@id":"https:\/\/bbqassad.ee\/fi\/#website","url":"https:\/\/bbqassad.ee\/fi\/","name":"BBQ \u00c4ssad","description":"BBQ maitseained, kastmed, ahjud","publisher":{"@id":"https:\/\/bbqassad.ee\/fi\/#organization"},"potentialAction":[{"@type":"SearchAction","target":{"@type":"EntryPoint","urlTemplate":"https:\/\/bbqassad.ee\/fi\/?s={search_term_string}"},"query-input":{"@type":"PropertyValueSpecification","valueRequired":true,"valueName":"search_term_string"}}],"inLanguage":"fi"},{"@type":"Organization","@id":"https:\/\/bbqassad.ee\/fi\/#organization","name":"BBQ \u00c4ssad","url":"https:\/\/bbqassad.ee\/fi\/","logo":{"@type":"ImageObject","inLanguage":"fi","@id":"https:\/\/bbqassad.ee\/fi\/#\/schema\/logo\/image\/","url":"https:\/\/bbqassad.ee\/wp-content\/uploads\/2022\/10\/BBQ-2ssadlogo.png","contentUrl":"https:\/\/bbqassad.ee\/wp-content\/uploads\/2022\/10\/BBQ-2ssadlogo.png","width":1080,"height":1080,"caption":"BBQ \u00c4ssad"},"image":{"@id":"https:\/\/bbqassad.ee\/fi\/#\/schema\/logo\/image\/"},"sameAs":["https:\/\/www.facebook.com\/bbqassad","https:\/\/www.youtube.com\/channel\/UCsoufn49J6TVi9Ah9meE93w"]}]}},"_links":{"self":[{"href":"https:\/\/bbqassad.ee\/fi\/wp-json\/wp\/v2\/product\/21763","targetHints":{"allow":["GET"]}}],"collection":[{"href":"https:\/\/bbqassad.ee\/fi\/wp-json\/wp\/v2\/product"}],"about":[{"href":"https:\/\/bbqassad.ee\/fi\/wp-json\/wp\/v2\/types\/product"}],"replies":[{"embeddable":true,"href":"https:\/\/bbqassad.ee\/fi\/wp-json\/wp\/v2\/comments?post=21763"}],"wp:featuredmedia":[{"embeddable":true,"href":"https:\/\/bbqassad.ee\/fi\/wp-json\/wp\/v2\/media\/14063"}],"wp:attachment":[{"href":"https:\/\/bbqassad.ee\/fi\/wp-json\/wp\/v2\/media?parent=21763"}],"wp:term":[{"taxonomy":"product_brand","embeddable":true,"href":"https:\/\/bbqassad.ee\/fi\/wp-json\/wp\/v2\/product_brand?post=21763"},{"taxonomy":"product_cat","embeddable":true,"href":"https:\/\/bbqassad.ee\/fi\/wp-json\/wp\/v2\/product_cat?post=21763"},{"taxonomy":"product_tag","embeddable":true,"href":"https:\/\/bbqassad.ee\/fi\/wp-json\/wp\/v2\/product_tag?post=21763"}],"curies":[{"name":"wp","href":"https:\/\/api.w.org\/{rel}","templated":true}]}}