{"id":21755,"date":"2026-02-23T15:05:42","date_gmt":"2026-02-23T15:05:42","guid":{"rendered":"https:\/\/bbqassad.ee\/toode\/napoleon-sisaanrakennettu-700-sarjan-bib10irpss-sisaanrakennettu-keraaminen-integroitu-ruostumaton-kaasukeittotaso\/"},"modified":"2026-04-14T06:32:14","modified_gmt":"2026-04-14T06:32:14","slug":"napoleon-sisaanrakennettu-700-sarjan-bib10irpss-sisaanrakennettu-keraaminen-integroitu-ruostumaton-kaasukeittotaso","status":"publish","type":"product","link":"https:\/\/bbqassad.ee\/fi\/toode\/napoleon-sisaanrakennettu-700-sarjan-bib10irpss-sisaanrakennettu-keraaminen-integroitu-ruostumaton-kaasukeittotaso\/","title":{"rendered":"Napoleon Sis\u00e4\u00e4nrakennettu 700-sarjan BIB10IRPSS sis\u00e4\u00e4nrakennettu keraaminen integroitu ruostumaton kaasukeittotaso"},"content":{"rendered":"","protected":false},"excerpt":{"rendered":"<h3><strong>Napoleon Sis\u00e4\u00e4nrakennettu 700-sarjan BIB10IRPSS sis\u00e4\u00e4nrakennettu keraaminen integroitu ruostumattomasta ter\u00e4ksest\u00e4 valmistettu kaasukeittotaso<\/strong><\/h3>\n<p class=\"\" data-start=\"107\" data-end=\"530\">Napoleon SIZZLE ZONE\u2122 on tehokas sis\u00e4\u00e4nrakennettu infrapunapoltin, joka takaa ravintolalaatuisen grillituloksen. Se sopii t\u00e4ydellisesti ulkokeitti\u00f6n ty\u00f6tasoon ja tuottaa tarkkuutta, nopeutta ja voimakasta l\u00e4mp\u00f6\u00e4 juuri sinne, miss\u00e4 sit\u00e4 tarvitset. Tavoittelitpa sitten t\u00e4ydellisesti karamellisoitunutta pihvi\u00e4 tai nopeasti valmistettavaa lisuketta, SIZZLE ZONE\u2122 tekee siit\u00e4 helppoa samalla kun p\u00e4\u00e4grilli toimii rinnakkain.  <\/p>\n<p class=\"\" data-start=\"532\" data-end=\"555\">T\u00e4rkeimm\u00e4t ominaisuudet<\/p>\n<ul data-start=\"556\" data-end=\"1137\">\n<li class=\"\" data-start=\"556\" data-end=\"626\">\n<p class=\"\" data-start=\"558\" data-end=\"626\">Infrapunapoltin pihvien, lisukkeiden ja kastikkeiden valmistukseen<\/p>\n<\/li>\n<li class=\"\" data-start=\"627\" data-end=\"718\">\n<p class=\"\" data-start=\"629\" data-end=\"718\">Grillaustelineet: 7,5 mm paksut WAVE\u2122 ruostumattomasta ter\u00e4ksest\u00e4 valmistetut, l\u00e4hes huoltovapaat telineet.<\/p>\n<\/li>\n<li class=\"\" data-start=\"719\" data-end=\"745\">\n<p class=\"\" data-start=\"721\" data-end=\"745\">Teho: noin 2,9 kW<\/p>\n<\/li>\n<li class=\"\" data-start=\"746\" data-end=\"779\">\n<p class=\"\" data-start=\"748\" data-end=\"779\">Grillauspinta-ala: 22,8 \u00d7 26,5 cm.<\/p>\n<\/li>\n<li class=\"\" data-start=\"780\" data-end=\"844\">\n<p class=\"\" data-start=\"782\" data-end=\"844\">JETFIRE\u2122-sytytysj\u00e4rjestelm\u00e4 &#8211; nopea ja helppo sytytys yhdell\u00e4 k\u00e4dell\u00e4.<\/p>\n<\/li>\n<li class=\"\" data-start=\"845\" data-end=\"936\">\n<p class=\"\" data-start=\"847\" data-end=\"936\">Safety Glow\u2122 -s\u00e4\u00e4timet: taustavalaistu sinisell\u00e4, muuttuvat punaisiksi kuumana.<\/p>\n<\/li>\n<\/ul>\n<p class=\"\" data-start=\"690\" data-end=\"745\">\n","protected":false},"featured_media":21756,"comment_status":"open","ping_status":"closed","template":"","meta":[],"product_brand":[768],"product_cat":[786,781],"product_tag":[],"class_list":{"0":"post-21755","1":"product","2":"type-product","3":"status-publish","4":"has-post-thumbnail","6":"product_brand-napoleon","7":"product_cat-napoleonin-kaasugrillit","8":"product_cat-uunit","9":"product_shipping_class-ilmainen-toimitus","11":"first","12":"instock","13":"taxable","14":"shipping-taxable","15":"purchasable","16":"product-type-simple"},"yoast_head":"<!-- This site is optimized with the Yoast SEO plugin v27.4 - https:\/\/yoast.com\/product\/yoast-seo-wordpress\/ -->\n<title>Napoleon Sis\u00e4\u00e4nrakennettava 700 BIB10IRPSS kaasukeittotaso - BBQ \u00c4ssad%<\/title>\n<meta name=\"description\" content=\"Napoleonin sis\u00e4\u00e4nrakennettava 700-sarjan BIB10IRPSS on ruostumattomasta ter\u00e4ksest\u00e4 valmistettu sis\u00e4\u00e4nrakennettava kaasuliesi, jossa on SIZZLE ZONE\u2122 -infrapunapoltin ja 22,8 x 26,5 cm:n grillialue.\" \/>\n<meta name=\"robots\" content=\"index, follow, max-snippet:-1, max-image-preview:large, max-video-preview:-1\" \/>\n<link rel=\"canonical\" href=\"https:\/\/bbqassad.ee\/fi\/toode\/napoleon-sisaanrakennettu-700-sarjan-bib10irpss-sisaanrakennettu-keraaminen-integroitu-ruostumaton-kaasukeittotaso\/\" \/>\n<meta property=\"og:locale\" content=\"fi_FI\" \/>\n<meta property=\"og:type\" content=\"article\" \/>\n<meta property=\"og:title\" content=\"Napoleon Sis\u00e4\u00e4nrakennettava 700 BIB10IRPSS kaasukeittotaso - BBQ \u00c4ssad%\" \/>\n<meta property=\"og:description\" content=\"Napoleonin sis\u00e4\u00e4nrakennettava 700-sarjan BIB10IRPSS on ruostumattomasta ter\u00e4ksest\u00e4 valmistettu sis\u00e4\u00e4nrakennettava kaasuliesi, jossa on SIZZLE ZONE\u2122 -infrapunapoltin ja 22,8 x 26,5 cm:n grillialue.\" \/>\n<meta property=\"og:url\" content=\"https:\/\/bbqassad.ee\/fi\/toode\/napoleon-sisaanrakennettu-700-sarjan-bib10irpss-sisaanrakennettu-keraaminen-integroitu-ruostumaton-kaasukeittotaso\/\" \/>\n<meta property=\"og:site_name\" content=\"BBQ \u00c4ssad\" \/>\n<meta property=\"article:publisher\" content=\"https:\/\/www.facebook.com\/bbqassad\" \/>\n<meta property=\"article:modified_time\" content=\"2026-04-14T06:32:14+00:00\" \/>\n<meta property=\"og:image\" content=\"https:\/\/bbqassad.ee\/wp-content\/uploads\/2026\/02\/bruleur-sizzle-zone-encastrable-napoleon-2-1.jpg\" \/>\n<meta name=\"twitter:card\" content=\"summary_large_image\" \/>\n<meta name=\"twitter:title\" content=\"Napoleon Sis\u00e4\u00e4nrakennettava 700 BIB10IRPSS kaasukeittotaso - BBQ \u00c4ssad%\" \/>\n<meta name=\"twitter:description\" content=\"Napoleonin sis\u00e4\u00e4nrakennettava 700-sarjan BIB10IRPSS on ruostumattomasta ter\u00e4ksest\u00e4 valmistettu sis\u00e4\u00e4nrakennettava kaasuliesi, jossa on SIZZLE ZONE\u2122 -infrapunapoltin ja 22,8 x 26,5 cm:n grillialue.\" \/>\n<meta name=\"twitter:image\" content=\"https:\/\/bbqassad.ee\/wp-content\/uploads\/2026\/02\/bruleur-sizzle-zone-encastrable-napoleon-2-1.jpg\" \/>\n<script type=\"application\/ld+json\" class=\"yoast-schema-graph\">{\"@context\":\"https:\\\/\\\/schema.org\",\"@graph\":[{\"@type\":\"WebPage\",\"@id\":\"https:\\\/\\\/bbqassad.ee\\\/fi\\\/toode\\\/napoleon-sisaanrakennettu-700-sarjan-bib10irpss-sisaanrakennettu-keraaminen-integroitu-ruostumaton-kaasukeittotaso\\\/\",\"url\":\"https:\\\/\\\/bbqassad.ee\\\/fi\\\/toode\\\/napoleon-sisaanrakennettu-700-sarjan-bib10irpss-sisaanrakennettu-keraaminen-integroitu-ruostumaton-kaasukeittotaso\\\/\",\"name\":\"Napoleon Sis\u00e4\u00e4nrakennettava 700 BIB10IRPSS kaasukeittotaso - BBQ \u00c4ssad%\",\"isPartOf\":{\"@id\":\"https:\\\/\\\/bbqassad.ee\\\/fi\\\/#website\"},\"primaryImageOfPage\":{\"@id\":\"https:\\\/\\\/bbqassad.ee\\\/fi\\\/toode\\\/napoleon-sisaanrakennettu-700-sarjan-bib10irpss-sisaanrakennettu-keraaminen-integroitu-ruostumaton-kaasukeittotaso\\\/#primaryimage\"},\"image\":{\"@id\":\"https:\\\/\\\/bbqassad.ee\\\/fi\\\/toode\\\/napoleon-sisaanrakennettu-700-sarjan-bib10irpss-sisaanrakennettu-keraaminen-integroitu-ruostumaton-kaasukeittotaso\\\/#primaryimage\"},\"thumbnailUrl\":\"https:\\\/\\\/bbqassad.ee\\\/wp-content\\\/uploads\\\/2026\\\/02\\\/bruleur-sizzle-zone-encastrable-napoleon-2-1.jpg\",\"datePublished\":\"2026-02-23T15:05:42+00:00\",\"dateModified\":\"2026-04-14T06:32:14+00:00\",\"description\":\"Napoleonin sis\u00e4\u00e4nrakennettava 700-sarjan BIB10IRPSS on ruostumattomasta ter\u00e4ksest\u00e4 valmistettu sis\u00e4\u00e4nrakennettava kaasuliesi, jossa on SIZZLE ZONE\u2122 -infrapunapoltin ja 22,8 x 26,5 cm:n grillialue.\",\"breadcrumb\":{\"@id\":\"https:\\\/\\\/bbqassad.ee\\\/fi\\\/toode\\\/napoleon-sisaanrakennettu-700-sarjan-bib10irpss-sisaanrakennettu-keraaminen-integroitu-ruostumaton-kaasukeittotaso\\\/#breadcrumb\"},\"inLanguage\":\"fi\",\"potentialAction\":[{\"@type\":\"ReadAction\",\"target\":[\"https:\\\/\\\/bbqassad.ee\\\/fi\\\/toode\\\/napoleon-sisaanrakennettu-700-sarjan-bib10irpss-sisaanrakennettu-keraaminen-integroitu-ruostumaton-kaasukeittotaso\\\/\"]}]},{\"@type\":\"ImageObject\",\"inLanguage\":\"fi\",\"@id\":\"https:\\\/\\\/bbqassad.ee\\\/fi\\\/toode\\\/napoleon-sisaanrakennettu-700-sarjan-bib10irpss-sisaanrakennettu-keraaminen-integroitu-ruostumaton-kaasukeittotaso\\\/#primaryimage\",\"url\":\"https:\\\/\\\/bbqassad.ee\\\/wp-content\\\/uploads\\\/2026\\\/02\\\/bruleur-sizzle-zone-encastrable-napoleon-2-1.jpg\",\"contentUrl\":\"https:\\\/\\\/bbqassad.ee\\\/wp-content\\\/uploads\\\/2026\\\/02\\\/bruleur-sizzle-zone-encastrable-napoleon-2-1.jpg\",\"width\":1100,\"height\":1422},{\"@type\":\"BreadcrumbList\",\"@id\":\"https:\\\/\\\/bbqassad.ee\\\/fi\\\/toode\\\/napoleon-sisaanrakennettu-700-sarjan-bib10irpss-sisaanrakennettu-keraaminen-integroitu-ruostumaton-kaasukeittotaso\\\/#breadcrumb\",\"itemListElement\":[{\"@type\":\"ListItem\",\"position\":1,\"name\":\"Home\",\"item\":\"https:\\\/\\\/bbqassad.ee\\\/fi\\\/bbq-assat\\\/\"},{\"@type\":\"ListItem\",\"position\":2,\"name\":\"Verkkokauppa\",\"item\":\"https:\\\/\\\/bbqassad.ee\\\/fi\\\/verkkokauppa\\\/\"},{\"@type\":\"ListItem\",\"position\":3,\"name\":\"Napoleon Sis\u00e4\u00e4nrakennettu 700-sarjan BIB10IRPSS sis\u00e4\u00e4nrakennettu keraaminen integroitu ruostumaton kaasukeittotaso\"}]},{\"@type\":\"WebSite\",\"@id\":\"https:\\\/\\\/bbqassad.ee\\\/fi\\\/#website\",\"url\":\"https:\\\/\\\/bbqassad.ee\\\/fi\\\/\",\"name\":\"BBQ \u00c4ssad\",\"description\":\"BBQ maitseained, kastmed, ahjud\",\"publisher\":{\"@id\":\"https:\\\/\\\/bbqassad.ee\\\/fi\\\/#organization\"},\"potentialAction\":[{\"@type\":\"SearchAction\",\"target\":{\"@type\":\"EntryPoint\",\"urlTemplate\":\"https:\\\/\\\/bbqassad.ee\\\/fi\\\/?s={search_term_string}\"},\"query-input\":{\"@type\":\"PropertyValueSpecification\",\"valueRequired\":true,\"valueName\":\"search_term_string\"}}],\"inLanguage\":\"fi\"},{\"@type\":\"Organization\",\"@id\":\"https:\\\/\\\/bbqassad.ee\\\/fi\\\/#organization\",\"name\":\"BBQ \u00c4ssad\",\"url\":\"https:\\\/\\\/bbqassad.ee\\\/fi\\\/\",\"logo\":{\"@type\":\"ImageObject\",\"inLanguage\":\"fi\",\"@id\":\"https:\\\/\\\/bbqassad.ee\\\/fi\\\/#\\\/schema\\\/logo\\\/image\\\/\",\"url\":\"https:\\\/\\\/bbqassad.ee\\\/wp-content\\\/uploads\\\/2022\\\/10\\\/BBQ-2ssadlogo.png\",\"contentUrl\":\"https:\\\/\\\/bbqassad.ee\\\/wp-content\\\/uploads\\\/2022\\\/10\\\/BBQ-2ssadlogo.png\",\"width\":1080,\"height\":1080,\"caption\":\"BBQ \u00c4ssad\"},\"image\":{\"@id\":\"https:\\\/\\\/bbqassad.ee\\\/fi\\\/#\\\/schema\\\/logo\\\/image\\\/\"},\"sameAs\":[\"https:\\\/\\\/www.facebook.com\\\/bbqassad\",\"https:\\\/\\\/www.youtube.com\\\/channel\\\/UCsoufn49J6TVi9Ah9meE93w\"]}]}<\/script>\n<!-- \/ Yoast SEO plugin. -->","yoast_head_json":{"title":"Napoleon Sis\u00e4\u00e4nrakennettava 700 BIB10IRPSS kaasukeittotaso - BBQ \u00c4ssad%","description":"Napoleonin sis\u00e4\u00e4nrakennettava 700-sarjan BIB10IRPSS on ruostumattomasta ter\u00e4ksest\u00e4 valmistettu sis\u00e4\u00e4nrakennettava kaasuliesi, jossa on SIZZLE ZONE\u2122 -infrapunapoltin ja 22,8 x 26,5 cm:n grillialue.","robots":{"index":"index","follow":"follow","max-snippet":"max-snippet:-1","max-image-preview":"max-image-preview:large","max-video-preview":"max-video-preview:-1"},"canonical":"https:\/\/bbqassad.ee\/fi\/toode\/napoleon-sisaanrakennettu-700-sarjan-bib10irpss-sisaanrakennettu-keraaminen-integroitu-ruostumaton-kaasukeittotaso\/","og_locale":"fi_FI","og_type":"article","og_title":"Napoleon Sis\u00e4\u00e4nrakennettava 700 BIB10IRPSS kaasukeittotaso - BBQ \u00c4ssad%","og_description":"Napoleonin sis\u00e4\u00e4nrakennettava 700-sarjan BIB10IRPSS on ruostumattomasta ter\u00e4ksest\u00e4 valmistettu sis\u00e4\u00e4nrakennettava kaasuliesi, jossa on SIZZLE ZONE\u2122 -infrapunapoltin ja 22,8 x 26,5 cm:n grillialue.","og_url":"https:\/\/bbqassad.ee\/fi\/toode\/napoleon-sisaanrakennettu-700-sarjan-bib10irpss-sisaanrakennettu-keraaminen-integroitu-ruostumaton-kaasukeittotaso\/","og_site_name":"BBQ \u00c4ssad","article_publisher":"https:\/\/www.facebook.com\/bbqassad","article_modified_time":"2026-04-14T06:32:14+00:00","og_image":[{"url":"https:\/\/bbqassad.ee\/wp-content\/uploads\/2026\/02\/bruleur-sizzle-zone-encastrable-napoleon-2-1.jpg","type":"","width":"","height":""}],"twitter_card":"summary_large_image","twitter_title":"Napoleon Sis\u00e4\u00e4nrakennettava 700 BIB10IRPSS kaasukeittotaso - BBQ \u00c4ssad%","twitter_description":"Napoleonin sis\u00e4\u00e4nrakennettava 700-sarjan BIB10IRPSS on ruostumattomasta ter\u00e4ksest\u00e4 valmistettu sis\u00e4\u00e4nrakennettava kaasuliesi, jossa on SIZZLE ZONE\u2122 -infrapunapoltin ja 22,8 x 26,5 cm:n grillialue.","twitter_image":"https:\/\/bbqassad.ee\/wp-content\/uploads\/2026\/02\/bruleur-sizzle-zone-encastrable-napoleon-2-1.jpg","schema":{"@context":"https:\/\/schema.org","@graph":[{"@type":"WebPage","@id":"https:\/\/bbqassad.ee\/fi\/toode\/napoleon-sisaanrakennettu-700-sarjan-bib10irpss-sisaanrakennettu-keraaminen-integroitu-ruostumaton-kaasukeittotaso\/","url":"https:\/\/bbqassad.ee\/fi\/toode\/napoleon-sisaanrakennettu-700-sarjan-bib10irpss-sisaanrakennettu-keraaminen-integroitu-ruostumaton-kaasukeittotaso\/","name":"Napoleon Sis\u00e4\u00e4nrakennettava 700 BIB10IRPSS kaasukeittotaso - BBQ \u00c4ssad%","isPartOf":{"@id":"https:\/\/bbqassad.ee\/fi\/#website"},"primaryImageOfPage":{"@id":"https:\/\/bbqassad.ee\/fi\/toode\/napoleon-sisaanrakennettu-700-sarjan-bib10irpss-sisaanrakennettu-keraaminen-integroitu-ruostumaton-kaasukeittotaso\/#primaryimage"},"image":{"@id":"https:\/\/bbqassad.ee\/fi\/toode\/napoleon-sisaanrakennettu-700-sarjan-bib10irpss-sisaanrakennettu-keraaminen-integroitu-ruostumaton-kaasukeittotaso\/#primaryimage"},"thumbnailUrl":"https:\/\/bbqassad.ee\/wp-content\/uploads\/2026\/02\/bruleur-sizzle-zone-encastrable-napoleon-2-1.jpg","datePublished":"2026-02-23T15:05:42+00:00","dateModified":"2026-04-14T06:32:14+00:00","description":"Napoleonin sis\u00e4\u00e4nrakennettava 700-sarjan BIB10IRPSS on ruostumattomasta ter\u00e4ksest\u00e4 valmistettu sis\u00e4\u00e4nrakennettava kaasuliesi, jossa on SIZZLE ZONE\u2122 -infrapunapoltin ja 22,8 x 26,5 cm:n grillialue.","breadcrumb":{"@id":"https:\/\/bbqassad.ee\/fi\/toode\/napoleon-sisaanrakennettu-700-sarjan-bib10irpss-sisaanrakennettu-keraaminen-integroitu-ruostumaton-kaasukeittotaso\/#breadcrumb"},"inLanguage":"fi","potentialAction":[{"@type":"ReadAction","target":["https:\/\/bbqassad.ee\/fi\/toode\/napoleon-sisaanrakennettu-700-sarjan-bib10irpss-sisaanrakennettu-keraaminen-integroitu-ruostumaton-kaasukeittotaso\/"]}]},{"@type":"ImageObject","inLanguage":"fi","@id":"https:\/\/bbqassad.ee\/fi\/toode\/napoleon-sisaanrakennettu-700-sarjan-bib10irpss-sisaanrakennettu-keraaminen-integroitu-ruostumaton-kaasukeittotaso\/#primaryimage","url":"https:\/\/bbqassad.ee\/wp-content\/uploads\/2026\/02\/bruleur-sizzle-zone-encastrable-napoleon-2-1.jpg","contentUrl":"https:\/\/bbqassad.ee\/wp-content\/uploads\/2026\/02\/bruleur-sizzle-zone-encastrable-napoleon-2-1.jpg","width":1100,"height":1422},{"@type":"BreadcrumbList","@id":"https:\/\/bbqassad.ee\/fi\/toode\/napoleon-sisaanrakennettu-700-sarjan-bib10irpss-sisaanrakennettu-keraaminen-integroitu-ruostumaton-kaasukeittotaso\/#breadcrumb","itemListElement":[{"@type":"ListItem","position":1,"name":"Home","item":"https:\/\/bbqassad.ee\/fi\/bbq-assat\/"},{"@type":"ListItem","position":2,"name":"Verkkokauppa","item":"https:\/\/bbqassad.ee\/fi\/verkkokauppa\/"},{"@type":"ListItem","position":3,"name":"Napoleon Sis\u00e4\u00e4nrakennettu 700-sarjan BIB10IRPSS sis\u00e4\u00e4nrakennettu keraaminen integroitu ruostumaton kaasukeittotaso"}]},{"@type":"WebSite","@id":"https:\/\/bbqassad.ee\/fi\/#website","url":"https:\/\/bbqassad.ee\/fi\/","name":"BBQ \u00c4ssad","description":"BBQ maitseained, kastmed, ahjud","publisher":{"@id":"https:\/\/bbqassad.ee\/fi\/#organization"},"potentialAction":[{"@type":"SearchAction","target":{"@type":"EntryPoint","urlTemplate":"https:\/\/bbqassad.ee\/fi\/?s={search_term_string}"},"query-input":{"@type":"PropertyValueSpecification","valueRequired":true,"valueName":"search_term_string"}}],"inLanguage":"fi"},{"@type":"Organization","@id":"https:\/\/bbqassad.ee\/fi\/#organization","name":"BBQ \u00c4ssad","url":"https:\/\/bbqassad.ee\/fi\/","logo":{"@type":"ImageObject","inLanguage":"fi","@id":"https:\/\/bbqassad.ee\/fi\/#\/schema\/logo\/image\/","url":"https:\/\/bbqassad.ee\/wp-content\/uploads\/2022\/10\/BBQ-2ssadlogo.png","contentUrl":"https:\/\/bbqassad.ee\/wp-content\/uploads\/2022\/10\/BBQ-2ssadlogo.png","width":1080,"height":1080,"caption":"BBQ \u00c4ssad"},"image":{"@id":"https:\/\/bbqassad.ee\/fi\/#\/schema\/logo\/image\/"},"sameAs":["https:\/\/www.facebook.com\/bbqassad","https:\/\/www.youtube.com\/channel\/UCsoufn49J6TVi9Ah9meE93w"]}]}},"_links":{"self":[{"href":"https:\/\/bbqassad.ee\/fi\/wp-json\/wp\/v2\/product\/21755","targetHints":{"allow":["GET"]}}],"collection":[{"href":"https:\/\/bbqassad.ee\/fi\/wp-json\/wp\/v2\/product"}],"about":[{"href":"https:\/\/bbqassad.ee\/fi\/wp-json\/wp\/v2\/types\/product"}],"replies":[{"embeddable":true,"href":"https:\/\/bbqassad.ee\/fi\/wp-json\/wp\/v2\/comments?post=21755"}],"wp:featuredmedia":[{"embeddable":true,"href":"https:\/\/bbqassad.ee\/fi\/wp-json\/wp\/v2\/media\/21756"}],"wp:attachment":[{"href":"https:\/\/bbqassad.ee\/fi\/wp-json\/wp\/v2\/media?parent=21755"}],"wp:term":[{"taxonomy":"product_brand","embeddable":true,"href":"https:\/\/bbqassad.ee\/fi\/wp-json\/wp\/v2\/product_brand?post=21755"},{"taxonomy":"product_cat","embeddable":true,"href":"https:\/\/bbqassad.ee\/fi\/wp-json\/wp\/v2\/product_cat?post=21755"},{"taxonomy":"product_tag","embeddable":true,"href":"https:\/\/bbqassad.ee\/fi\/wp-json\/wp\/v2\/product_tag?post=21755"}],"curies":[{"name":"wp","href":"https:\/\/api.w.org\/{rel}","templated":true}]}}