{"id":21749,"date":"2026-02-23T15:05:42","date_gmt":"2026-02-23T15:05:42","guid":{"rendered":"https:\/\/bbqassad.ee\/toode\/napoleonin-saankestava-suojus-kaasuliedelle-bib10\/"},"modified":"2026-04-14T06:32:14","modified_gmt":"2026-04-14T06:32:14","slug":"napoleonin-saankestava-suojus-kaasuliedelle-bib10","status":"publish","type":"product","link":"https:\/\/bbqassad.ee\/fi\/toode\/napoleonin-saankestava-suojus-kaasuliedelle-bib10\/","title":{"rendered":"Napoleonin s\u00e4\u00e4nkest\u00e4v\u00e4 suojus kaasuliedelle BIB10"},"content":{"rendered":"","protected":false},"excerpt":{"rendered":"<h3>Napoleonin s\u00e4\u00e4nkest\u00e4v\u00e4 suojus kaasuliedelle BIB10<\/h3>\n<p class=\"\" data-start=\"229\" data-end=\"535\"><strong data-start=\"229\" data-end=\"242\">Ominaisuudet<\/strong><br data-start=\"242\" data-end=\"245\">&#8211; Valmistettu kest\u00e4v\u00e4st\u00e4, vedenkest\u00e4v\u00e4st\u00e4 vinyylist\u00e4<br data-start=\"295\" data-end=\"298\">&#8211; Materiaali ei halkeile tai menet\u00e4 muotoaan<br data-start=\"335\" data-end=\"338\">&#8211; UV-suojaus v\u00e4hent\u00e4\u00e4 haalistumista ja pident\u00e4\u00e4 suojan k\u00e4ytt\u00f6ik\u00e4\u00e4<br data-start=\"394\" data-end=\"397\">&#8211; Hihnat ja klipsit takaavat vahvan pidon<br data-start=\"445\" data-end=\"448\">&#8211; Integroitu tuuletusaukko parantaa ilmanvaihtoa ja v\u00e4hent\u00e4\u00e4 kosteuden muodostumista.<\/p>\n<p class=\"\" data-start=\"537\" data-end=\"603\"><strong data-start=\"537\" data-end=\"548\">Mitat<\/strong><br data-start=\"548\" data-end=\"551\">&#8211; pituus: 25,4 cm<br data-start=\"566\" data-end=\"569\">&#8211; leveys: 25,4 cm.<br data-start=\"583\" data-end=\"586\"><\/p>\n","protected":false},"featured_media":14213,"comment_status":"open","ping_status":"closed","template":"","meta":[],"product_brand":[768],"product_cat":[785],"product_tag":[],"class_list":{"0":"post-21749","1":"product","2":"type-product","3":"status-publish","4":"has-post-thumbnail","6":"product_brand-napoleon","7":"product_cat-kaasugrillien-tarvikkeet","9":"first","10":"instock","11":"taxable","12":"shipping-taxable","13":"purchasable","14":"product-type-simple"},"yoast_head":"<!-- This site is optimized with the Yoast SEO plugin v27.4 - https:\/\/yoast.com\/product\/yoast-seo-wordpress\/ -->\n<title>Napoleonin s\u00e4\u00e4nkest\u00e4v\u00e4 suojus kaasukeittotasolle BIB10 - BBQ \u00c4ssad%<\/title>\n<meta name=\"description\" content=\"Napoleon BIB10 -suojus on valmistettu vedenkest\u00e4v\u00e4st\u00e4 vinyylist\u00e4, joka ei halkeile. UV-suojaus pident\u00e4\u00e4 kannen k\u00e4ytt\u00f6ik\u00e4\u00e4, ja integroitu tuuletusaukko varmistaa ilmanvaihdon.\" \/>\n<meta name=\"robots\" content=\"index, follow, max-snippet:-1, max-image-preview:large, max-video-preview:-1\" \/>\n<link rel=\"canonical\" href=\"https:\/\/bbqassad.ee\/fi\/toode\/napoleonin-saankestava-suojus-kaasuliedelle-bib10\/\" \/>\n<meta property=\"og:locale\" content=\"fi_FI\" \/>\n<meta property=\"og:type\" content=\"article\" \/>\n<meta property=\"og:title\" content=\"Napoleonin s\u00e4\u00e4nkest\u00e4v\u00e4 suojus kaasuliedelle BIB10 - BBQ \u00c4ssad%\" \/>\n<meta property=\"og:description\" content=\"Napoleon BIB10 -suojus on valmistettu vedenkest\u00e4v\u00e4st\u00e4 vinyylist\u00e4, joka ei halkeile. UV-suojaus pident\u00e4\u00e4 kannen k\u00e4ytt\u00f6ik\u00e4\u00e4, ja integroitu tuuletusaukko varmistaa ilmanvaihdon.\" \/>\n<meta property=\"og:url\" content=\"https:\/\/bbqassad.ee\/fi\/toode\/napoleonin-saankestava-suojus-kaasuliedelle-bib10\/\" \/>\n<meta property=\"og:site_name\" content=\"BBQ \u00c4ssad\" \/>\n<meta property=\"article:publisher\" content=\"https:\/\/www.facebook.com\/bbqassad\" \/>\n<meta property=\"article:modified_time\" content=\"2026-04-14T06:32:14+00:00\" \/>\n<meta property=\"og:image\" content=\"https:\/\/bbqassad.ee\/wp-content\/uploads\/2026\/02\/61810-cover-1-1.webp\" \/>\n<meta name=\"twitter:card\" content=\"summary_large_image\" \/>\n<meta name=\"twitter:title\" content=\"Napoleonin s\u00e4\u00e4nkest\u00e4v\u00e4 suojus kaasuliedelle BIB10 - BBQ \u00c4ssad%\" \/>\n<meta name=\"twitter:description\" content=\"Napoleon BIB10 -suojus on valmistettu vedenkest\u00e4v\u00e4st\u00e4 vinyylist\u00e4, joka ei halkeile. UV-suojaus pident\u00e4\u00e4 kannen k\u00e4ytt\u00f6ik\u00e4\u00e4, ja integroitu tuuletusaukko varmistaa ilmanvaihdon.\" \/>\n<meta name=\"twitter:image\" content=\"https:\/\/bbqassad.ee\/wp-content\/uploads\/2026\/02\/61810-cover-1-1.webp\" \/>\n<script type=\"application\/ld+json\" class=\"yoast-schema-graph\">{\"@context\":\"https:\\\/\\\/schema.org\",\"@graph\":[{\"@type\":\"WebPage\",\"@id\":\"https:\\\/\\\/bbqassad.ee\\\/fi\\\/toode\\\/napoleonin-saankestava-suojus-kaasuliedelle-bib10\\\/\",\"url\":\"https:\\\/\\\/bbqassad.ee\\\/fi\\\/toode\\\/napoleonin-saankestava-suojus-kaasuliedelle-bib10\\\/\",\"name\":\"Napoleonin s\u00e4\u00e4nkest\u00e4v\u00e4 suojus kaasukeittotasolle BIB10 - BBQ \u00c4ssad%\",\"isPartOf\":{\"@id\":\"https:\\\/\\\/bbqassad.ee\\\/fi\\\/#website\"},\"primaryImageOfPage\":{\"@id\":\"https:\\\/\\\/bbqassad.ee\\\/fi\\\/toode\\\/napoleonin-saankestava-suojus-kaasuliedelle-bib10\\\/#primaryimage\"},\"image\":{\"@id\":\"https:\\\/\\\/bbqassad.ee\\\/fi\\\/toode\\\/napoleonin-saankestava-suojus-kaasuliedelle-bib10\\\/#primaryimage\"},\"thumbnailUrl\":\"https:\\\/\\\/bbqassad.ee\\\/wp-content\\\/uploads\\\/2026\\\/02\\\/61810-cover-1-1.webp\",\"datePublished\":\"2026-02-23T15:05:42+00:00\",\"dateModified\":\"2026-04-14T06:32:14+00:00\",\"description\":\"Napoleon BIB10 -suojus on valmistettu vedenkest\u00e4v\u00e4st\u00e4 vinyylist\u00e4, joka ei halkeile. UV-suojaus pident\u00e4\u00e4 kannen k\u00e4ytt\u00f6ik\u00e4\u00e4, ja integroitu tuuletusaukko varmistaa ilmanvaihdon.\",\"breadcrumb\":{\"@id\":\"https:\\\/\\\/bbqassad.ee\\\/fi\\\/toode\\\/napoleonin-saankestava-suojus-kaasuliedelle-bib10\\\/#breadcrumb\"},\"inLanguage\":\"fi\",\"potentialAction\":[{\"@type\":\"ReadAction\",\"target\":[\"https:\\\/\\\/bbqassad.ee\\\/fi\\\/toode\\\/napoleonin-saankestava-suojus-kaasuliedelle-bib10\\\/\"]}]},{\"@type\":\"ImageObject\",\"inLanguage\":\"fi\",\"@id\":\"https:\\\/\\\/bbqassad.ee\\\/fi\\\/toode\\\/napoleonin-saankestava-suojus-kaasuliedelle-bib10\\\/#primaryimage\",\"url\":\"https:\\\/\\\/bbqassad.ee\\\/wp-content\\\/uploads\\\/2026\\\/02\\\/61810-cover-1-1.webp\",\"contentUrl\":\"https:\\\/\\\/bbqassad.ee\\\/wp-content\\\/uploads\\\/2026\\\/02\\\/61810-cover-1-1.webp\",\"width\":800,\"height\":600},{\"@type\":\"BreadcrumbList\",\"@id\":\"https:\\\/\\\/bbqassad.ee\\\/fi\\\/toode\\\/napoleonin-saankestava-suojus-kaasuliedelle-bib10\\\/#breadcrumb\",\"itemListElement\":[{\"@type\":\"ListItem\",\"position\":1,\"name\":\"Home\",\"item\":\"https:\\\/\\\/bbqassad.ee\\\/fi\\\/bbq-assat\\\/\"},{\"@type\":\"ListItem\",\"position\":2,\"name\":\"Verkkokauppa\",\"item\":\"https:\\\/\\\/bbqassad.ee\\\/fi\\\/verkkokauppa\\\/\"},{\"@type\":\"ListItem\",\"position\":3,\"name\":\"Napoleonin s\u00e4\u00e4nkest\u00e4v\u00e4 suojus kaasuliedelle BIB10\"}]},{\"@type\":\"WebSite\",\"@id\":\"https:\\\/\\\/bbqassad.ee\\\/fi\\\/#website\",\"url\":\"https:\\\/\\\/bbqassad.ee\\\/fi\\\/\",\"name\":\"BBQ \u00c4ssad\",\"description\":\"BBQ maitseained, kastmed, ahjud\",\"publisher\":{\"@id\":\"https:\\\/\\\/bbqassad.ee\\\/fi\\\/#organization\"},\"potentialAction\":[{\"@type\":\"SearchAction\",\"target\":{\"@type\":\"EntryPoint\",\"urlTemplate\":\"https:\\\/\\\/bbqassad.ee\\\/fi\\\/?s={search_term_string}\"},\"query-input\":{\"@type\":\"PropertyValueSpecification\",\"valueRequired\":true,\"valueName\":\"search_term_string\"}}],\"inLanguage\":\"fi\"},{\"@type\":\"Organization\",\"@id\":\"https:\\\/\\\/bbqassad.ee\\\/fi\\\/#organization\",\"name\":\"BBQ \u00c4ssad\",\"url\":\"https:\\\/\\\/bbqassad.ee\\\/fi\\\/\",\"logo\":{\"@type\":\"ImageObject\",\"inLanguage\":\"fi\",\"@id\":\"https:\\\/\\\/bbqassad.ee\\\/fi\\\/#\\\/schema\\\/logo\\\/image\\\/\",\"url\":\"https:\\\/\\\/bbqassad.ee\\\/wp-content\\\/uploads\\\/2022\\\/10\\\/BBQ-2ssadlogo.png\",\"contentUrl\":\"https:\\\/\\\/bbqassad.ee\\\/wp-content\\\/uploads\\\/2022\\\/10\\\/BBQ-2ssadlogo.png\",\"width\":1080,\"height\":1080,\"caption\":\"BBQ \u00c4ssad\"},\"image\":{\"@id\":\"https:\\\/\\\/bbqassad.ee\\\/fi\\\/#\\\/schema\\\/logo\\\/image\\\/\"},\"sameAs\":[\"https:\\\/\\\/www.facebook.com\\\/bbqassad\",\"https:\\\/\\\/www.youtube.com\\\/channel\\\/UCsoufn49J6TVi9Ah9meE93w\"]}]}<\/script>\n<!-- \/ Yoast SEO plugin. -->","yoast_head_json":{"title":"Napoleonin s\u00e4\u00e4nkest\u00e4v\u00e4 suojus kaasukeittotasolle BIB10 - BBQ \u00c4ssad%","description":"Napoleon BIB10 -suojus on valmistettu vedenkest\u00e4v\u00e4st\u00e4 vinyylist\u00e4, joka ei halkeile. UV-suojaus pident\u00e4\u00e4 kannen k\u00e4ytt\u00f6ik\u00e4\u00e4, ja integroitu tuuletusaukko varmistaa ilmanvaihdon.","robots":{"index":"index","follow":"follow","max-snippet":"max-snippet:-1","max-image-preview":"max-image-preview:large","max-video-preview":"max-video-preview:-1"},"canonical":"https:\/\/bbqassad.ee\/fi\/toode\/napoleonin-saankestava-suojus-kaasuliedelle-bib10\/","og_locale":"fi_FI","og_type":"article","og_title":"Napoleonin s\u00e4\u00e4nkest\u00e4v\u00e4 suojus kaasuliedelle BIB10 - BBQ \u00c4ssad%","og_description":"Napoleon BIB10 -suojus on valmistettu vedenkest\u00e4v\u00e4st\u00e4 vinyylist\u00e4, joka ei halkeile. UV-suojaus pident\u00e4\u00e4 kannen k\u00e4ytt\u00f6ik\u00e4\u00e4, ja integroitu tuuletusaukko varmistaa ilmanvaihdon.","og_url":"https:\/\/bbqassad.ee\/fi\/toode\/napoleonin-saankestava-suojus-kaasuliedelle-bib10\/","og_site_name":"BBQ \u00c4ssad","article_publisher":"https:\/\/www.facebook.com\/bbqassad","article_modified_time":"2026-04-14T06:32:14+00:00","og_image":[{"url":"https:\/\/bbqassad.ee\/wp-content\/uploads\/2026\/02\/61810-cover-1-1.webp","type":"","width":"","height":""}],"twitter_card":"summary_large_image","twitter_title":"Napoleonin s\u00e4\u00e4nkest\u00e4v\u00e4 suojus kaasuliedelle BIB10 - BBQ \u00c4ssad%","twitter_description":"Napoleon BIB10 -suojus on valmistettu vedenkest\u00e4v\u00e4st\u00e4 vinyylist\u00e4, joka ei halkeile. UV-suojaus pident\u00e4\u00e4 kannen k\u00e4ytt\u00f6ik\u00e4\u00e4, ja integroitu tuuletusaukko varmistaa ilmanvaihdon.","twitter_image":"https:\/\/bbqassad.ee\/wp-content\/uploads\/2026\/02\/61810-cover-1-1.webp","schema":{"@context":"https:\/\/schema.org","@graph":[{"@type":"WebPage","@id":"https:\/\/bbqassad.ee\/fi\/toode\/napoleonin-saankestava-suojus-kaasuliedelle-bib10\/","url":"https:\/\/bbqassad.ee\/fi\/toode\/napoleonin-saankestava-suojus-kaasuliedelle-bib10\/","name":"Napoleonin s\u00e4\u00e4nkest\u00e4v\u00e4 suojus kaasukeittotasolle BIB10 - BBQ \u00c4ssad%","isPartOf":{"@id":"https:\/\/bbqassad.ee\/fi\/#website"},"primaryImageOfPage":{"@id":"https:\/\/bbqassad.ee\/fi\/toode\/napoleonin-saankestava-suojus-kaasuliedelle-bib10\/#primaryimage"},"image":{"@id":"https:\/\/bbqassad.ee\/fi\/toode\/napoleonin-saankestava-suojus-kaasuliedelle-bib10\/#primaryimage"},"thumbnailUrl":"https:\/\/bbqassad.ee\/wp-content\/uploads\/2026\/02\/61810-cover-1-1.webp","datePublished":"2026-02-23T15:05:42+00:00","dateModified":"2026-04-14T06:32:14+00:00","description":"Napoleon BIB10 -suojus on valmistettu vedenkest\u00e4v\u00e4st\u00e4 vinyylist\u00e4, joka ei halkeile. UV-suojaus pident\u00e4\u00e4 kannen k\u00e4ytt\u00f6ik\u00e4\u00e4, ja integroitu tuuletusaukko varmistaa ilmanvaihdon.","breadcrumb":{"@id":"https:\/\/bbqassad.ee\/fi\/toode\/napoleonin-saankestava-suojus-kaasuliedelle-bib10\/#breadcrumb"},"inLanguage":"fi","potentialAction":[{"@type":"ReadAction","target":["https:\/\/bbqassad.ee\/fi\/toode\/napoleonin-saankestava-suojus-kaasuliedelle-bib10\/"]}]},{"@type":"ImageObject","inLanguage":"fi","@id":"https:\/\/bbqassad.ee\/fi\/toode\/napoleonin-saankestava-suojus-kaasuliedelle-bib10\/#primaryimage","url":"https:\/\/bbqassad.ee\/wp-content\/uploads\/2026\/02\/61810-cover-1-1.webp","contentUrl":"https:\/\/bbqassad.ee\/wp-content\/uploads\/2026\/02\/61810-cover-1-1.webp","width":800,"height":600},{"@type":"BreadcrumbList","@id":"https:\/\/bbqassad.ee\/fi\/toode\/napoleonin-saankestava-suojus-kaasuliedelle-bib10\/#breadcrumb","itemListElement":[{"@type":"ListItem","position":1,"name":"Home","item":"https:\/\/bbqassad.ee\/fi\/bbq-assat\/"},{"@type":"ListItem","position":2,"name":"Verkkokauppa","item":"https:\/\/bbqassad.ee\/fi\/verkkokauppa\/"},{"@type":"ListItem","position":3,"name":"Napoleonin s\u00e4\u00e4nkest\u00e4v\u00e4 suojus kaasuliedelle BIB10"}]},{"@type":"WebSite","@id":"https:\/\/bbqassad.ee\/fi\/#website","url":"https:\/\/bbqassad.ee\/fi\/","name":"BBQ \u00c4ssad","description":"BBQ maitseained, kastmed, ahjud","publisher":{"@id":"https:\/\/bbqassad.ee\/fi\/#organization"},"potentialAction":[{"@type":"SearchAction","target":{"@type":"EntryPoint","urlTemplate":"https:\/\/bbqassad.ee\/fi\/?s={search_term_string}"},"query-input":{"@type":"PropertyValueSpecification","valueRequired":true,"valueName":"search_term_string"}}],"inLanguage":"fi"},{"@type":"Organization","@id":"https:\/\/bbqassad.ee\/fi\/#organization","name":"BBQ \u00c4ssad","url":"https:\/\/bbqassad.ee\/fi\/","logo":{"@type":"ImageObject","inLanguage":"fi","@id":"https:\/\/bbqassad.ee\/fi\/#\/schema\/logo\/image\/","url":"https:\/\/bbqassad.ee\/wp-content\/uploads\/2022\/10\/BBQ-2ssadlogo.png","contentUrl":"https:\/\/bbqassad.ee\/wp-content\/uploads\/2022\/10\/BBQ-2ssadlogo.png","width":1080,"height":1080,"caption":"BBQ \u00c4ssad"},"image":{"@id":"https:\/\/bbqassad.ee\/fi\/#\/schema\/logo\/image\/"},"sameAs":["https:\/\/www.facebook.com\/bbqassad","https:\/\/www.youtube.com\/channel\/UCsoufn49J6TVi9Ah9meE93w"]}]}},"_links":{"self":[{"href":"https:\/\/bbqassad.ee\/fi\/wp-json\/wp\/v2\/product\/21749","targetHints":{"allow":["GET"]}}],"collection":[{"href":"https:\/\/bbqassad.ee\/fi\/wp-json\/wp\/v2\/product"}],"about":[{"href":"https:\/\/bbqassad.ee\/fi\/wp-json\/wp\/v2\/types\/product"}],"replies":[{"embeddable":true,"href":"https:\/\/bbqassad.ee\/fi\/wp-json\/wp\/v2\/comments?post=21749"}],"wp:featuredmedia":[{"embeddable":true,"href":"https:\/\/bbqassad.ee\/fi\/wp-json\/wp\/v2\/media\/14213"}],"wp:attachment":[{"href":"https:\/\/bbqassad.ee\/fi\/wp-json\/wp\/v2\/media?parent=21749"}],"wp:term":[{"taxonomy":"product_brand","embeddable":true,"href":"https:\/\/bbqassad.ee\/fi\/wp-json\/wp\/v2\/product_brand?post=21749"},{"taxonomy":"product_cat","embeddable":true,"href":"https:\/\/bbqassad.ee\/fi\/wp-json\/wp\/v2\/product_cat?post=21749"},{"taxonomy":"product_tag","embeddable":true,"href":"https:\/\/bbqassad.ee\/fi\/wp-json\/wp\/v2\/product_tag?post=21749"}],"curies":[{"name":"wp","href":"https:\/\/api.w.org\/{rel}","templated":true}]}}