{"id":21747,"date":"2026-02-23T15:05:42","date_gmt":"2026-02-23T15:05:42","guid":{"rendered":"https:\/\/bbqassad.ee\/toode\/napoleon-pro-22-tuumaista-hiiligrillia-varten-pyorilla-varustetulla-alustalla\/"},"modified":"2026-04-14T06:32:14","modified_gmt":"2026-04-14T06:32:14","slug":"napoleon-pro-22-tuumaista-hiiligrillia-varten-pyorilla-varustetulla-alustalla","status":"publish","type":"product","link":"https:\/\/bbqassad.ee\/fi\/toode\/napoleon-pro-22-tuumaista-hiiligrillia-varten-pyorilla-varustetulla-alustalla\/","title":{"rendered":"Napoleon PRO 22-tuumaista hiiligrilli\u00e4 varten py\u00f6rill\u00e4 varustetulla alustalla."},"content":{"rendered":"","protected":false},"excerpt":{"rendered":"<h3 data-start=\"0\" data-end=\"69\"><strong data-start=\"0\" data-end=\"69\">Napoleon PRO 22-tuumaista hiiligrilli\u00e4 varten py\u00f6rill\u00e4 varustetulla alustalla.<\/strong><\/h3>\n<p class=\"\" data-start=\"605\" data-end=\"866\"><strong data-start=\"605\" data-end=\"618\">Ominaisuudet<\/strong><br data-start=\"618\" data-end=\"621\">&#8211; Kest\u00e4v\u00e4 s\u00e4\u00e4nkest\u00e4v\u00e4 vinyylisuojus<br data-start=\"664\" data-end=\"667\">&#8211; UV-suojaus haalistumisen est\u00e4miseksi<br data-start=\"701\" data-end=\"704\">&#8211; S\u00e4\u00e4dett\u00e4v\u00e4t hihnat ja pannukiinnikkeet<br data-start=\"752\" data-end=\"755\" data-is-only-node=\"\">&#8211; Ilmanvaihtoaukot est\u00e4v\u00e4t homeen muodostumisen ja mahdollistavat ilmankierron<br data-start=\"808\" data-end=\"811\">&#8211; Sopii Napoleon PRO 22&#8243; hiiligrilliin, jossa on py\u00f6rill\u00e4 varustettu jalusta.<\/p>\n<p class=\"\" data-start=\"868\" data-end=\"935\"><strong data-start=\"868\" data-end=\"879\">Mitat<\/strong><br data-start=\"879\" data-end=\"882\">&#8211; pituus: 90 cm<br data-start=\"897\" data-end=\"900\">&#8211; leveys: 147 cm<br data-start=\"915\" data-end=\"918\">&#8211; korkeus: 58 cm.<\/p>\n<p class=\"\" data-start=\"937\" data-end=\"1041\">\n","protected":false},"featured_media":14207,"comment_status":"open","ping_status":"closed","template":"","meta":[],"product_brand":[768],"product_cat":[785],"product_tag":[],"class_list":{"0":"post-21747","1":"product","2":"type-product","3":"status-publish","4":"has-post-thumbnail","6":"product_brand-napoleon","7":"product_cat-kaasugrillien-tarvikkeet","9":"first","10":"instock","11":"taxable","12":"shipping-taxable","13":"purchasable","14":"product-type-simple"},"yoast_head":"<!-- This site is optimized with the Yoast SEO plugin v27.4 - https:\/\/yoast.com\/product\/yoast-seo-wordpress\/ -->\n<title>Napoleon grillin suojus PRO 22&quot; hiiligrilliin - BBQ \u00c4ssad%<\/title>\n<meta name=\"description\" content=\"Napoleon Grill Cover PRO sopii 22-tuumaiseen hiiligrilliin, joka on py\u00f6rill\u00e4 varustettu. Kest\u00e4v\u00e4, s\u00e4\u00e4nkest\u00e4v\u00e4 suojus, jossa on UV-suoja ja s\u00e4\u00e4dett\u00e4v\u00e4t kiinnikkeet.\" \/>\n<meta name=\"robots\" content=\"index, follow, max-snippet:-1, max-image-preview:large, max-video-preview:-1\" \/>\n<link rel=\"canonical\" href=\"https:\/\/bbqassad.ee\/fi\/toode\/napoleon-pro-22-tuumaista-hiiligrillia-varten-pyorilla-varustetulla-alustalla\/\" \/>\n<meta property=\"og:locale\" content=\"fi_FI\" \/>\n<meta property=\"og:type\" content=\"article\" \/>\n<meta property=\"og:title\" content=\"Napoleon grillin suojus PRO 22&quot; hiiligrilliin - BBQ \u00c4ssad%\" \/>\n<meta property=\"og:description\" content=\"Napoleon Grill Cover PRO sopii 22-tuumaiseen hiiligrilliin, joka on py\u00f6rill\u00e4 varustettu. Kest\u00e4v\u00e4, s\u00e4\u00e4nkest\u00e4v\u00e4 suojus, jossa on UV-suoja ja s\u00e4\u00e4dett\u00e4v\u00e4t kiinnikkeet.\" \/>\n<meta property=\"og:url\" content=\"https:\/\/bbqassad.ee\/fi\/toode\/napoleon-pro-22-tuumaista-hiiligrillia-varten-pyorilla-varustetulla-alustalla\/\" \/>\n<meta property=\"og:site_name\" content=\"BBQ \u00c4ssad\" \/>\n<meta property=\"article:publisher\" content=\"https:\/\/www.facebook.com\/bbqassad\" \/>\n<meta property=\"article:modified_time\" content=\"2026-04-14T06:32:14+00:00\" \/>\n<meta property=\"og:image\" content=\"https:\/\/bbqassad.ee\/wp-content\/uploads\/2026\/02\/61916-b-04-24.jpg\" \/>\n<meta name=\"twitter:card\" content=\"summary_large_image\" \/>\n<meta name=\"twitter:title\" content=\"Napoleon grillin suojus PRO 22&quot; hiiligrilliin - BBQ \u00c4ssad%\" \/>\n<meta name=\"twitter:description\" content=\"Napoleon Grill Cover PRO sopii 22-tuumaiseen hiiligrilliin, joka on py\u00f6rill\u00e4 varustettu. Kest\u00e4v\u00e4, s\u00e4\u00e4nkest\u00e4v\u00e4 suojus, jossa on UV-suoja ja s\u00e4\u00e4dett\u00e4v\u00e4t kiinnikkeet.\" \/>\n<meta name=\"twitter:image\" content=\"https:\/\/bbqassad.ee\/wp-content\/uploads\/2026\/02\/61916-b-04-24.jpg\" \/>\n<script type=\"application\/ld+json\" class=\"yoast-schema-graph\">{\"@context\":\"https:\\\/\\\/schema.org\",\"@graph\":[{\"@type\":\"WebPage\",\"@id\":\"https:\\\/\\\/bbqassad.ee\\\/fi\\\/toode\\\/napoleon-pro-22-tuumaista-hiiligrillia-varten-pyorilla-varustetulla-alustalla\\\/\",\"url\":\"https:\\\/\\\/bbqassad.ee\\\/fi\\\/toode\\\/napoleon-pro-22-tuumaista-hiiligrillia-varten-pyorilla-varustetulla-alustalla\\\/\",\"name\":\"Napoleon grillin suojus PRO 22\\\" hiiligrilliin - BBQ \u00c4ssad%\",\"isPartOf\":{\"@id\":\"https:\\\/\\\/bbqassad.ee\\\/fi\\\/#website\"},\"primaryImageOfPage\":{\"@id\":\"https:\\\/\\\/bbqassad.ee\\\/fi\\\/toode\\\/napoleon-pro-22-tuumaista-hiiligrillia-varten-pyorilla-varustetulla-alustalla\\\/#primaryimage\"},\"image\":{\"@id\":\"https:\\\/\\\/bbqassad.ee\\\/fi\\\/toode\\\/napoleon-pro-22-tuumaista-hiiligrillia-varten-pyorilla-varustetulla-alustalla\\\/#primaryimage\"},\"thumbnailUrl\":\"https:\\\/\\\/bbqassad.ee\\\/wp-content\\\/uploads\\\/2026\\\/02\\\/61916-b-04-24.jpg\",\"datePublished\":\"2026-02-23T15:05:42+00:00\",\"dateModified\":\"2026-04-14T06:32:14+00:00\",\"description\":\"Napoleon Grill Cover PRO sopii 22-tuumaiseen hiiligrilliin, joka on py\u00f6rill\u00e4 varustettu. Kest\u00e4v\u00e4, s\u00e4\u00e4nkest\u00e4v\u00e4 suojus, jossa on UV-suoja ja s\u00e4\u00e4dett\u00e4v\u00e4t kiinnikkeet.\",\"breadcrumb\":{\"@id\":\"https:\\\/\\\/bbqassad.ee\\\/fi\\\/toode\\\/napoleon-pro-22-tuumaista-hiiligrillia-varten-pyorilla-varustetulla-alustalla\\\/#breadcrumb\"},\"inLanguage\":\"fi\",\"potentialAction\":[{\"@type\":\"ReadAction\",\"target\":[\"https:\\\/\\\/bbqassad.ee\\\/fi\\\/toode\\\/napoleon-pro-22-tuumaista-hiiligrillia-varten-pyorilla-varustetulla-alustalla\\\/\"]}]},{\"@type\":\"ImageObject\",\"inLanguage\":\"fi\",\"@id\":\"https:\\\/\\\/bbqassad.ee\\\/fi\\\/toode\\\/napoleon-pro-22-tuumaista-hiiligrillia-varten-pyorilla-varustetulla-alustalla\\\/#primaryimage\",\"url\":\"https:\\\/\\\/bbqassad.ee\\\/wp-content\\\/uploads\\\/2026\\\/02\\\/61916-b-04-24.jpg\",\"contentUrl\":\"https:\\\/\\\/bbqassad.ee\\\/wp-content\\\/uploads\\\/2026\\\/02\\\/61916-b-04-24.jpg\",\"width\":700,\"height\":700},{\"@type\":\"BreadcrumbList\",\"@id\":\"https:\\\/\\\/bbqassad.ee\\\/fi\\\/toode\\\/napoleon-pro-22-tuumaista-hiiligrillia-varten-pyorilla-varustetulla-alustalla\\\/#breadcrumb\",\"itemListElement\":[{\"@type\":\"ListItem\",\"position\":1,\"name\":\"Home\",\"item\":\"https:\\\/\\\/bbqassad.ee\\\/fi\\\/bbq-assat\\\/\"},{\"@type\":\"ListItem\",\"position\":2,\"name\":\"Verkkokauppa\",\"item\":\"https:\\\/\\\/bbqassad.ee\\\/fi\\\/verkkokauppa\\\/\"},{\"@type\":\"ListItem\",\"position\":3,\"name\":\"Napoleon PRO 22-tuumaista hiiligrilli\u00e4 varten py\u00f6rill\u00e4 varustetulla alustalla.\"}]},{\"@type\":\"WebSite\",\"@id\":\"https:\\\/\\\/bbqassad.ee\\\/fi\\\/#website\",\"url\":\"https:\\\/\\\/bbqassad.ee\\\/fi\\\/\",\"name\":\"BBQ \u00c4ssad\",\"description\":\"BBQ maitseained, kastmed, ahjud\",\"publisher\":{\"@id\":\"https:\\\/\\\/bbqassad.ee\\\/fi\\\/#organization\"},\"potentialAction\":[{\"@type\":\"SearchAction\",\"target\":{\"@type\":\"EntryPoint\",\"urlTemplate\":\"https:\\\/\\\/bbqassad.ee\\\/fi\\\/?s={search_term_string}\"},\"query-input\":{\"@type\":\"PropertyValueSpecification\",\"valueRequired\":true,\"valueName\":\"search_term_string\"}}],\"inLanguage\":\"fi\"},{\"@type\":\"Organization\",\"@id\":\"https:\\\/\\\/bbqassad.ee\\\/fi\\\/#organization\",\"name\":\"BBQ \u00c4ssad\",\"url\":\"https:\\\/\\\/bbqassad.ee\\\/fi\\\/\",\"logo\":{\"@type\":\"ImageObject\",\"inLanguage\":\"fi\",\"@id\":\"https:\\\/\\\/bbqassad.ee\\\/fi\\\/#\\\/schema\\\/logo\\\/image\\\/\",\"url\":\"https:\\\/\\\/bbqassad.ee\\\/wp-content\\\/uploads\\\/2022\\\/10\\\/BBQ-2ssadlogo.png\",\"contentUrl\":\"https:\\\/\\\/bbqassad.ee\\\/wp-content\\\/uploads\\\/2022\\\/10\\\/BBQ-2ssadlogo.png\",\"width\":1080,\"height\":1080,\"caption\":\"BBQ \u00c4ssad\"},\"image\":{\"@id\":\"https:\\\/\\\/bbqassad.ee\\\/fi\\\/#\\\/schema\\\/logo\\\/image\\\/\"},\"sameAs\":[\"https:\\\/\\\/www.facebook.com\\\/bbqassad\",\"https:\\\/\\\/www.youtube.com\\\/channel\\\/UCsoufn49J6TVi9Ah9meE93w\"]}]}<\/script>\n<!-- \/ Yoast SEO plugin. -->","yoast_head_json":{"title":"Napoleon grillin suojus PRO 22\" hiiligrilliin - BBQ \u00c4ssad%","description":"Napoleon Grill Cover PRO sopii 22-tuumaiseen hiiligrilliin, joka on py\u00f6rill\u00e4 varustettu. Kest\u00e4v\u00e4, s\u00e4\u00e4nkest\u00e4v\u00e4 suojus, jossa on UV-suoja ja s\u00e4\u00e4dett\u00e4v\u00e4t kiinnikkeet.","robots":{"index":"index","follow":"follow","max-snippet":"max-snippet:-1","max-image-preview":"max-image-preview:large","max-video-preview":"max-video-preview:-1"},"canonical":"https:\/\/bbqassad.ee\/fi\/toode\/napoleon-pro-22-tuumaista-hiiligrillia-varten-pyorilla-varustetulla-alustalla\/","og_locale":"fi_FI","og_type":"article","og_title":"Napoleon grillin suojus PRO 22\" hiiligrilliin - BBQ \u00c4ssad%","og_description":"Napoleon Grill Cover PRO sopii 22-tuumaiseen hiiligrilliin, joka on py\u00f6rill\u00e4 varustettu. Kest\u00e4v\u00e4, s\u00e4\u00e4nkest\u00e4v\u00e4 suojus, jossa on UV-suoja ja s\u00e4\u00e4dett\u00e4v\u00e4t kiinnikkeet.","og_url":"https:\/\/bbqassad.ee\/fi\/toode\/napoleon-pro-22-tuumaista-hiiligrillia-varten-pyorilla-varustetulla-alustalla\/","og_site_name":"BBQ \u00c4ssad","article_publisher":"https:\/\/www.facebook.com\/bbqassad","article_modified_time":"2026-04-14T06:32:14+00:00","og_image":[{"url":"https:\/\/bbqassad.ee\/wp-content\/uploads\/2026\/02\/61916-b-04-24.jpg","type":"","width":"","height":""}],"twitter_card":"summary_large_image","twitter_title":"Napoleon grillin suojus PRO 22\" hiiligrilliin - BBQ \u00c4ssad%","twitter_description":"Napoleon Grill Cover PRO sopii 22-tuumaiseen hiiligrilliin, joka on py\u00f6rill\u00e4 varustettu. Kest\u00e4v\u00e4, s\u00e4\u00e4nkest\u00e4v\u00e4 suojus, jossa on UV-suoja ja s\u00e4\u00e4dett\u00e4v\u00e4t kiinnikkeet.","twitter_image":"https:\/\/bbqassad.ee\/wp-content\/uploads\/2026\/02\/61916-b-04-24.jpg","schema":{"@context":"https:\/\/schema.org","@graph":[{"@type":"WebPage","@id":"https:\/\/bbqassad.ee\/fi\/toode\/napoleon-pro-22-tuumaista-hiiligrillia-varten-pyorilla-varustetulla-alustalla\/","url":"https:\/\/bbqassad.ee\/fi\/toode\/napoleon-pro-22-tuumaista-hiiligrillia-varten-pyorilla-varustetulla-alustalla\/","name":"Napoleon grillin suojus PRO 22\" hiiligrilliin - BBQ \u00c4ssad%","isPartOf":{"@id":"https:\/\/bbqassad.ee\/fi\/#website"},"primaryImageOfPage":{"@id":"https:\/\/bbqassad.ee\/fi\/toode\/napoleon-pro-22-tuumaista-hiiligrillia-varten-pyorilla-varustetulla-alustalla\/#primaryimage"},"image":{"@id":"https:\/\/bbqassad.ee\/fi\/toode\/napoleon-pro-22-tuumaista-hiiligrillia-varten-pyorilla-varustetulla-alustalla\/#primaryimage"},"thumbnailUrl":"https:\/\/bbqassad.ee\/wp-content\/uploads\/2026\/02\/61916-b-04-24.jpg","datePublished":"2026-02-23T15:05:42+00:00","dateModified":"2026-04-14T06:32:14+00:00","description":"Napoleon Grill Cover PRO sopii 22-tuumaiseen hiiligrilliin, joka on py\u00f6rill\u00e4 varustettu. Kest\u00e4v\u00e4, s\u00e4\u00e4nkest\u00e4v\u00e4 suojus, jossa on UV-suoja ja s\u00e4\u00e4dett\u00e4v\u00e4t kiinnikkeet.","breadcrumb":{"@id":"https:\/\/bbqassad.ee\/fi\/toode\/napoleon-pro-22-tuumaista-hiiligrillia-varten-pyorilla-varustetulla-alustalla\/#breadcrumb"},"inLanguage":"fi","potentialAction":[{"@type":"ReadAction","target":["https:\/\/bbqassad.ee\/fi\/toode\/napoleon-pro-22-tuumaista-hiiligrillia-varten-pyorilla-varustetulla-alustalla\/"]}]},{"@type":"ImageObject","inLanguage":"fi","@id":"https:\/\/bbqassad.ee\/fi\/toode\/napoleon-pro-22-tuumaista-hiiligrillia-varten-pyorilla-varustetulla-alustalla\/#primaryimage","url":"https:\/\/bbqassad.ee\/wp-content\/uploads\/2026\/02\/61916-b-04-24.jpg","contentUrl":"https:\/\/bbqassad.ee\/wp-content\/uploads\/2026\/02\/61916-b-04-24.jpg","width":700,"height":700},{"@type":"BreadcrumbList","@id":"https:\/\/bbqassad.ee\/fi\/toode\/napoleon-pro-22-tuumaista-hiiligrillia-varten-pyorilla-varustetulla-alustalla\/#breadcrumb","itemListElement":[{"@type":"ListItem","position":1,"name":"Home","item":"https:\/\/bbqassad.ee\/fi\/bbq-assat\/"},{"@type":"ListItem","position":2,"name":"Verkkokauppa","item":"https:\/\/bbqassad.ee\/fi\/verkkokauppa\/"},{"@type":"ListItem","position":3,"name":"Napoleon PRO 22-tuumaista hiiligrilli\u00e4 varten py\u00f6rill\u00e4 varustetulla alustalla."}]},{"@type":"WebSite","@id":"https:\/\/bbqassad.ee\/fi\/#website","url":"https:\/\/bbqassad.ee\/fi\/","name":"BBQ \u00c4ssad","description":"BBQ maitseained, kastmed, ahjud","publisher":{"@id":"https:\/\/bbqassad.ee\/fi\/#organization"},"potentialAction":[{"@type":"SearchAction","target":{"@type":"EntryPoint","urlTemplate":"https:\/\/bbqassad.ee\/fi\/?s={search_term_string}"},"query-input":{"@type":"PropertyValueSpecification","valueRequired":true,"valueName":"search_term_string"}}],"inLanguage":"fi"},{"@type":"Organization","@id":"https:\/\/bbqassad.ee\/fi\/#organization","name":"BBQ \u00c4ssad","url":"https:\/\/bbqassad.ee\/fi\/","logo":{"@type":"ImageObject","inLanguage":"fi","@id":"https:\/\/bbqassad.ee\/fi\/#\/schema\/logo\/image\/","url":"https:\/\/bbqassad.ee\/wp-content\/uploads\/2022\/10\/BBQ-2ssadlogo.png","contentUrl":"https:\/\/bbqassad.ee\/wp-content\/uploads\/2022\/10\/BBQ-2ssadlogo.png","width":1080,"height":1080,"caption":"BBQ \u00c4ssad"},"image":{"@id":"https:\/\/bbqassad.ee\/fi\/#\/schema\/logo\/image\/"},"sameAs":["https:\/\/www.facebook.com\/bbqassad","https:\/\/www.youtube.com\/channel\/UCsoufn49J6TVi9Ah9meE93w"]}]}},"_links":{"self":[{"href":"https:\/\/bbqassad.ee\/fi\/wp-json\/wp\/v2\/product\/21747","targetHints":{"allow":["GET"]}}],"collection":[{"href":"https:\/\/bbqassad.ee\/fi\/wp-json\/wp\/v2\/product"}],"about":[{"href":"https:\/\/bbqassad.ee\/fi\/wp-json\/wp\/v2\/types\/product"}],"replies":[{"embeddable":true,"href":"https:\/\/bbqassad.ee\/fi\/wp-json\/wp\/v2\/comments?post=21747"}],"wp:featuredmedia":[{"embeddable":true,"href":"https:\/\/bbqassad.ee\/fi\/wp-json\/wp\/v2\/media\/14207"}],"wp:attachment":[{"href":"https:\/\/bbqassad.ee\/fi\/wp-json\/wp\/v2\/media?parent=21747"}],"wp:term":[{"taxonomy":"product_brand","embeddable":true,"href":"https:\/\/bbqassad.ee\/fi\/wp-json\/wp\/v2\/product_brand?post=21747"},{"taxonomy":"product_cat","embeddable":true,"href":"https:\/\/bbqassad.ee\/fi\/wp-json\/wp\/v2\/product_cat?post=21747"},{"taxonomy":"product_tag","embeddable":true,"href":"https:\/\/bbqassad.ee\/fi\/wp-json\/wp\/v2\/product_tag?post=21747"}],"curies":[{"name":"wp","href":"https:\/\/api.w.org\/{rel}","templated":true}]}}