{"id":21741,"date":"2026-02-23T15:05:42","date_gmt":"2026-02-23T15:05:42","guid":{"rendered":"https:\/\/bbqassad.ee\/toode\/napoleon-grillin-suojus-prestige-500-kaasugrilliin\/"},"modified":"2026-04-14T06:32:13","modified_gmt":"2026-04-14T06:32:13","slug":"napoleon-grillin-suojus-prestige-500-kaasugrilliin","status":"publish","type":"product","link":"https:\/\/bbqassad.ee\/fi\/toode\/napoleon-grillin-suojus-prestige-500-kaasugrilliin\/","title":{"rendered":"Napoleon grillin suojus Prestige 500 kaasugrilliin"},"content":{"rendered":"","protected":false},"excerpt":{"rendered":"<h3><strong>Napoleon grillin suojus Prestige 500 kaasugrilliin<\/strong><\/h3>\n<p class=\"\" data-start=\"712\" data-end=\"791\"><strong data-start=\"712\" data-end=\"733\">Sopii malleihin:<\/strong><br data-start=\"733\" data-end=\"736\">&#8211; Napoleon Prestige 500<br data-start=\"759\" data-end=\"762\">&#8211; Napoleon Prestige PRO 500<\/p>\n<p class=\"\" data-start=\"793\" data-end=\"1070\"><strong data-start=\"793\" data-end=\"806\">Ominaisuudet<\/strong><br data-start=\"806\" data-end=\"809\">&#8211; vedenpit\u00e4v\u00e4 ja UV-suojattu s\u00e4\u00e4nkest\u00e4v\u00e4 materiaali<br data-start=\"860\" data-end=\"863\">&#8211; vahvat kiinnikkeet sivupaneelien alla<br data-start=\"900\" data-end=\"903\">&#8211; tuuletusaukko homehtumisen est\u00e4miseksi ja tuulenpit\u00e4vyyden parantamiseksi<br data-start=\"955\" data-end=\"958\" data-is-only-node=\"\">&#8211; etupaneeliin p\u00e4\u00e4see k\u00e4siksi takomalla<br data-start=\"998\" data-end=\"1001\">&#8211; ripustettavat kielekkeet k\u00e4tev\u00e4\u00e4 s\u00e4ilytyst\u00e4 varten.<\/p>\n<p class=\"\" data-start=\"793\" data-end=\"1070\"><br data-start=\"1038\" data-end=\"1041\"><strong data-start=\"840\" data-end=\"851\">Mitat<\/strong><br data-start=\"851\" data-end=\"854\">&#8211; korkeus: n. 132 cm<br data-start=\"872\" data-end=\"875\">&#8211; leveys: n. 169 cm<br data-start=\"892\" data-end=\"895\">&#8211; syvyys: n. 65 cm.<\/p>\n<p data-start=\"793\" data-end=\"1070\">\n","protected":false},"featured_media":14195,"comment_status":"closed","ping_status":"closed","template":"","meta":[],"product_brand":[768],"product_cat":[785],"product_tag":[],"class_list":{"0":"post-21741","1":"product","2":"type-product","3":"status-publish","4":"has-post-thumbnail","6":"product_brand-napoleon","7":"product_cat-kaasugrillien-tarvikkeet","9":"first","10":"instock","11":"taxable","12":"shipping-taxable","13":"purchasable","14":"product-type-simple"},"yoast_head":"<!-- This site is optimized with the Yoast SEO plugin v27.4 - https:\/\/yoast.com\/product\/yoast-seo-wordpress\/ -->\n<title>Napoleon Prestige 500 - BBQ \u00c4ssad%<\/title>\n<meta name=\"description\" content=\"Napoleon Prestige 500 -grilli sopii Prestige 500- ja PRO 500 -malleihin. Vedenpit\u00e4v\u00e4, UV-suojattu ja homeenkest\u00e4v\u00e4. K\u00e4tev\u00e4 s\u00e4ilytys.\" \/>\n<meta name=\"robots\" content=\"index, follow, max-snippet:-1, max-image-preview:large, max-video-preview:-1\" \/>\n<link rel=\"canonical\" href=\"https:\/\/bbqassad.ee\/fi\/toode\/napoleon-grillin-suojus-prestige-500-kaasugrilliin\/\" \/>\n<meta property=\"og:locale\" content=\"fi_FI\" \/>\n<meta property=\"og:type\" content=\"article\" \/>\n<meta property=\"og:title\" content=\"Napoleon Prestige 500 - BBQ \u00c4ssad%\" \/>\n<meta property=\"og:description\" content=\"Napoleon Prestige 500 -grilli sopii Prestige 500- ja PRO 500 -malleihin. Vedenpit\u00e4v\u00e4, UV-suojattu ja homeenkest\u00e4v\u00e4. K\u00e4tev\u00e4 s\u00e4ilytys.\" \/>\n<meta property=\"og:url\" content=\"https:\/\/bbqassad.ee\/fi\/toode\/napoleon-grillin-suojus-prestige-500-kaasugrilliin\/\" \/>\n<meta property=\"og:site_name\" content=\"BBQ \u00c4ssad\" \/>\n<meta property=\"article:publisher\" content=\"https:\/\/www.facebook.com\/bbqassad\" \/>\n<meta property=\"article:modified_time\" content=\"2026-04-14T06:32:13+00:00\" \/>\n<meta property=\"og:image\" content=\"https:\/\/bbqassad.ee\/wp-content\/uploads\/2026\/02\/images.jpeg\" \/>\n<meta name=\"twitter:card\" content=\"summary_large_image\" \/>\n<meta name=\"twitter:title\" content=\"Napoleon Prestige 500 - BBQ \u00c4ssad%\" \/>\n<meta name=\"twitter:description\" content=\"Napoleon Prestige 500 -grilli sopii Prestige 500- ja PRO 500 -malleihin. Vedenpit\u00e4v\u00e4, UV-suojattu ja homeenkest\u00e4v\u00e4. K\u00e4tev\u00e4 s\u00e4ilytys.\" \/>\n<meta name=\"twitter:image\" content=\"https:\/\/bbqassad.ee\/wp-content\/uploads\/2026\/02\/images.jpeg\" \/>\n<script type=\"application\/ld+json\" class=\"yoast-schema-graph\">{\"@context\":\"https:\\\/\\\/schema.org\",\"@graph\":[{\"@type\":\"WebPage\",\"@id\":\"https:\\\/\\\/bbqassad.ee\\\/fi\\\/toode\\\/napoleon-grillin-suojus-prestige-500-kaasugrilliin\\\/\",\"url\":\"https:\\\/\\\/bbqassad.ee\\\/fi\\\/toode\\\/napoleon-grillin-suojus-prestige-500-kaasugrilliin\\\/\",\"name\":\"Napoleon Prestige 500 - BBQ \u00c4ssad%\",\"isPartOf\":{\"@id\":\"https:\\\/\\\/bbqassad.ee\\\/fi\\\/#website\"},\"primaryImageOfPage\":{\"@id\":\"https:\\\/\\\/bbqassad.ee\\\/fi\\\/toode\\\/napoleon-grillin-suojus-prestige-500-kaasugrilliin\\\/#primaryimage\"},\"image\":{\"@id\":\"https:\\\/\\\/bbqassad.ee\\\/fi\\\/toode\\\/napoleon-grillin-suojus-prestige-500-kaasugrilliin\\\/#primaryimage\"},\"thumbnailUrl\":\"https:\\\/\\\/bbqassad.ee\\\/wp-content\\\/uploads\\\/2026\\\/02\\\/images.jpeg\",\"datePublished\":\"2026-02-23T15:05:42+00:00\",\"dateModified\":\"2026-04-14T06:32:13+00:00\",\"description\":\"Napoleon Prestige 500 -grilli sopii Prestige 500- ja PRO 500 -malleihin. Vedenpit\u00e4v\u00e4, UV-suojattu ja homeenkest\u00e4v\u00e4. K\u00e4tev\u00e4 s\u00e4ilytys.\",\"breadcrumb\":{\"@id\":\"https:\\\/\\\/bbqassad.ee\\\/fi\\\/toode\\\/napoleon-grillin-suojus-prestige-500-kaasugrilliin\\\/#breadcrumb\"},\"inLanguage\":\"fi\",\"potentialAction\":[{\"@type\":\"ReadAction\",\"target\":[\"https:\\\/\\\/bbqassad.ee\\\/fi\\\/toode\\\/napoleon-grillin-suojus-prestige-500-kaasugrilliin\\\/\"]}]},{\"@type\":\"ImageObject\",\"inLanguage\":\"fi\",\"@id\":\"https:\\\/\\\/bbqassad.ee\\\/fi\\\/toode\\\/napoleon-grillin-suojus-prestige-500-kaasugrilliin\\\/#primaryimage\",\"url\":\"https:\\\/\\\/bbqassad.ee\\\/wp-content\\\/uploads\\\/2026\\\/02\\\/images.jpeg\",\"contentUrl\":\"https:\\\/\\\/bbqassad.ee\\\/wp-content\\\/uploads\\\/2026\\\/02\\\/images.jpeg\",\"width\":225,\"height\":225},{\"@type\":\"BreadcrumbList\",\"@id\":\"https:\\\/\\\/bbqassad.ee\\\/fi\\\/toode\\\/napoleon-grillin-suojus-prestige-500-kaasugrilliin\\\/#breadcrumb\",\"itemListElement\":[{\"@type\":\"ListItem\",\"position\":1,\"name\":\"Home\",\"item\":\"https:\\\/\\\/bbqassad.ee\\\/fi\\\/bbq-assat\\\/\"},{\"@type\":\"ListItem\",\"position\":2,\"name\":\"Verkkokauppa\",\"item\":\"https:\\\/\\\/bbqassad.ee\\\/fi\\\/verkkokauppa\\\/\"},{\"@type\":\"ListItem\",\"position\":3,\"name\":\"Napoleon grillin suojus Prestige 500 kaasugrilliin\"}]},{\"@type\":\"WebSite\",\"@id\":\"https:\\\/\\\/bbqassad.ee\\\/fi\\\/#website\",\"url\":\"https:\\\/\\\/bbqassad.ee\\\/fi\\\/\",\"name\":\"BBQ \u00c4ssad\",\"description\":\"BBQ maitseained, kastmed, ahjud\",\"publisher\":{\"@id\":\"https:\\\/\\\/bbqassad.ee\\\/fi\\\/#organization\"},\"potentialAction\":[{\"@type\":\"SearchAction\",\"target\":{\"@type\":\"EntryPoint\",\"urlTemplate\":\"https:\\\/\\\/bbqassad.ee\\\/fi\\\/?s={search_term_string}\"},\"query-input\":{\"@type\":\"PropertyValueSpecification\",\"valueRequired\":true,\"valueName\":\"search_term_string\"}}],\"inLanguage\":\"fi\"},{\"@type\":\"Organization\",\"@id\":\"https:\\\/\\\/bbqassad.ee\\\/fi\\\/#organization\",\"name\":\"BBQ \u00c4ssad\",\"url\":\"https:\\\/\\\/bbqassad.ee\\\/fi\\\/\",\"logo\":{\"@type\":\"ImageObject\",\"inLanguage\":\"fi\",\"@id\":\"https:\\\/\\\/bbqassad.ee\\\/fi\\\/#\\\/schema\\\/logo\\\/image\\\/\",\"url\":\"https:\\\/\\\/bbqassad.ee\\\/wp-content\\\/uploads\\\/2022\\\/10\\\/BBQ-2ssadlogo.png\",\"contentUrl\":\"https:\\\/\\\/bbqassad.ee\\\/wp-content\\\/uploads\\\/2022\\\/10\\\/BBQ-2ssadlogo.png\",\"width\":1080,\"height\":1080,\"caption\":\"BBQ \u00c4ssad\"},\"image\":{\"@id\":\"https:\\\/\\\/bbqassad.ee\\\/fi\\\/#\\\/schema\\\/logo\\\/image\\\/\"},\"sameAs\":[\"https:\\\/\\\/www.facebook.com\\\/bbqassad\",\"https:\\\/\\\/www.youtube.com\\\/channel\\\/UCsoufn49J6TVi9Ah9meE93w\"]}]}<\/script>\n<!-- \/ Yoast SEO plugin. -->","yoast_head_json":{"title":"Napoleon Prestige 500 - BBQ \u00c4ssad%","description":"Napoleon Prestige 500 -grilli sopii Prestige 500- ja PRO 500 -malleihin. Vedenpit\u00e4v\u00e4, UV-suojattu ja homeenkest\u00e4v\u00e4. K\u00e4tev\u00e4 s\u00e4ilytys.","robots":{"index":"index","follow":"follow","max-snippet":"max-snippet:-1","max-image-preview":"max-image-preview:large","max-video-preview":"max-video-preview:-1"},"canonical":"https:\/\/bbqassad.ee\/fi\/toode\/napoleon-grillin-suojus-prestige-500-kaasugrilliin\/","og_locale":"fi_FI","og_type":"article","og_title":"Napoleon Prestige 500 - BBQ \u00c4ssad%","og_description":"Napoleon Prestige 500 -grilli sopii Prestige 500- ja PRO 500 -malleihin. Vedenpit\u00e4v\u00e4, UV-suojattu ja homeenkest\u00e4v\u00e4. K\u00e4tev\u00e4 s\u00e4ilytys.","og_url":"https:\/\/bbqassad.ee\/fi\/toode\/napoleon-grillin-suojus-prestige-500-kaasugrilliin\/","og_site_name":"BBQ \u00c4ssad","article_publisher":"https:\/\/www.facebook.com\/bbqassad","article_modified_time":"2026-04-14T06:32:13+00:00","og_image":[{"url":"https:\/\/bbqassad.ee\/wp-content\/uploads\/2026\/02\/images.jpeg","type":"","width":"","height":""}],"twitter_card":"summary_large_image","twitter_title":"Napoleon Prestige 500 - BBQ \u00c4ssad%","twitter_description":"Napoleon Prestige 500 -grilli sopii Prestige 500- ja PRO 500 -malleihin. Vedenpit\u00e4v\u00e4, UV-suojattu ja homeenkest\u00e4v\u00e4. K\u00e4tev\u00e4 s\u00e4ilytys.","twitter_image":"https:\/\/bbqassad.ee\/wp-content\/uploads\/2026\/02\/images.jpeg","schema":{"@context":"https:\/\/schema.org","@graph":[{"@type":"WebPage","@id":"https:\/\/bbqassad.ee\/fi\/toode\/napoleon-grillin-suojus-prestige-500-kaasugrilliin\/","url":"https:\/\/bbqassad.ee\/fi\/toode\/napoleon-grillin-suojus-prestige-500-kaasugrilliin\/","name":"Napoleon Prestige 500 - BBQ \u00c4ssad%","isPartOf":{"@id":"https:\/\/bbqassad.ee\/fi\/#website"},"primaryImageOfPage":{"@id":"https:\/\/bbqassad.ee\/fi\/toode\/napoleon-grillin-suojus-prestige-500-kaasugrilliin\/#primaryimage"},"image":{"@id":"https:\/\/bbqassad.ee\/fi\/toode\/napoleon-grillin-suojus-prestige-500-kaasugrilliin\/#primaryimage"},"thumbnailUrl":"https:\/\/bbqassad.ee\/wp-content\/uploads\/2026\/02\/images.jpeg","datePublished":"2026-02-23T15:05:42+00:00","dateModified":"2026-04-14T06:32:13+00:00","description":"Napoleon Prestige 500 -grilli sopii Prestige 500- ja PRO 500 -malleihin. Vedenpit\u00e4v\u00e4, UV-suojattu ja homeenkest\u00e4v\u00e4. K\u00e4tev\u00e4 s\u00e4ilytys.","breadcrumb":{"@id":"https:\/\/bbqassad.ee\/fi\/toode\/napoleon-grillin-suojus-prestige-500-kaasugrilliin\/#breadcrumb"},"inLanguage":"fi","potentialAction":[{"@type":"ReadAction","target":["https:\/\/bbqassad.ee\/fi\/toode\/napoleon-grillin-suojus-prestige-500-kaasugrilliin\/"]}]},{"@type":"ImageObject","inLanguage":"fi","@id":"https:\/\/bbqassad.ee\/fi\/toode\/napoleon-grillin-suojus-prestige-500-kaasugrilliin\/#primaryimage","url":"https:\/\/bbqassad.ee\/wp-content\/uploads\/2026\/02\/images.jpeg","contentUrl":"https:\/\/bbqassad.ee\/wp-content\/uploads\/2026\/02\/images.jpeg","width":225,"height":225},{"@type":"BreadcrumbList","@id":"https:\/\/bbqassad.ee\/fi\/toode\/napoleon-grillin-suojus-prestige-500-kaasugrilliin\/#breadcrumb","itemListElement":[{"@type":"ListItem","position":1,"name":"Home","item":"https:\/\/bbqassad.ee\/fi\/bbq-assat\/"},{"@type":"ListItem","position":2,"name":"Verkkokauppa","item":"https:\/\/bbqassad.ee\/fi\/verkkokauppa\/"},{"@type":"ListItem","position":3,"name":"Napoleon grillin suojus Prestige 500 kaasugrilliin"}]},{"@type":"WebSite","@id":"https:\/\/bbqassad.ee\/fi\/#website","url":"https:\/\/bbqassad.ee\/fi\/","name":"BBQ \u00c4ssad","description":"BBQ maitseained, kastmed, ahjud","publisher":{"@id":"https:\/\/bbqassad.ee\/fi\/#organization"},"potentialAction":[{"@type":"SearchAction","target":{"@type":"EntryPoint","urlTemplate":"https:\/\/bbqassad.ee\/fi\/?s={search_term_string}"},"query-input":{"@type":"PropertyValueSpecification","valueRequired":true,"valueName":"search_term_string"}}],"inLanguage":"fi"},{"@type":"Organization","@id":"https:\/\/bbqassad.ee\/fi\/#organization","name":"BBQ \u00c4ssad","url":"https:\/\/bbqassad.ee\/fi\/","logo":{"@type":"ImageObject","inLanguage":"fi","@id":"https:\/\/bbqassad.ee\/fi\/#\/schema\/logo\/image\/","url":"https:\/\/bbqassad.ee\/wp-content\/uploads\/2022\/10\/BBQ-2ssadlogo.png","contentUrl":"https:\/\/bbqassad.ee\/wp-content\/uploads\/2022\/10\/BBQ-2ssadlogo.png","width":1080,"height":1080,"caption":"BBQ \u00c4ssad"},"image":{"@id":"https:\/\/bbqassad.ee\/fi\/#\/schema\/logo\/image\/"},"sameAs":["https:\/\/www.facebook.com\/bbqassad","https:\/\/www.youtube.com\/channel\/UCsoufn49J6TVi9Ah9meE93w"]}]}},"_links":{"self":[{"href":"https:\/\/bbqassad.ee\/fi\/wp-json\/wp\/v2\/product\/21741","targetHints":{"allow":["GET"]}}],"collection":[{"href":"https:\/\/bbqassad.ee\/fi\/wp-json\/wp\/v2\/product"}],"about":[{"href":"https:\/\/bbqassad.ee\/fi\/wp-json\/wp\/v2\/types\/product"}],"replies":[{"embeddable":true,"href":"https:\/\/bbqassad.ee\/fi\/wp-json\/wp\/v2\/comments?post=21741"}],"wp:featuredmedia":[{"embeddable":true,"href":"https:\/\/bbqassad.ee\/fi\/wp-json\/wp\/v2\/media\/14195"}],"wp:attachment":[{"href":"https:\/\/bbqassad.ee\/fi\/wp-json\/wp\/v2\/media?parent=21741"}],"wp:term":[{"taxonomy":"product_brand","embeddable":true,"href":"https:\/\/bbqassad.ee\/fi\/wp-json\/wp\/v2\/product_brand?post=21741"},{"taxonomy":"product_cat","embeddable":true,"href":"https:\/\/bbqassad.ee\/fi\/wp-json\/wp\/v2\/product_cat?post=21741"},{"taxonomy":"product_tag","embeddable":true,"href":"https:\/\/bbqassad.ee\/fi\/wp-json\/wp\/v2\/product_tag?post=21741"}],"curies":[{"name":"wp","href":"https:\/\/api.w.org\/{rel}","templated":true}]}}