{"id":21737,"date":"2026-02-23T15:05:42","date_gmt":"2026-02-23T15:05:42","guid":{"rendered":"https:\/\/bbqassad.ee\/toode\/napoleonin-aamiaissetti-jossa-on-nelja-munarenkaita\/"},"modified":"2026-04-14T06:32:13","modified_gmt":"2026-04-14T06:32:13","slug":"napoleonin-aamiaissetti-jossa-on-nelja-munarenkaita","status":"publish","type":"product","link":"https:\/\/bbqassad.ee\/fi\/toode\/napoleonin-aamiaissetti-jossa-on-nelja-munarenkaita\/","title":{"rendered":"Napoleonin aamiaissetti, jossa on nelj\u00e4 munarenkaita"},"content":{"rendered":"","protected":false},"excerpt":{"rendered":"<h3 data-start=\"0\" data-end=\"80\"><strong data-start=\"0\" data-end=\"80\">Napoleonin ruostumattomasta ter\u00e4ksest\u00e4 valmistettu aamiaisty\u00f6kalusarja munarenkailla varustettuna<\/strong><\/h3>\n<p class=\"\" data-start=\"82\" data-end=\"407\">Napoleon Breakfast Toolkit tarjoaa k\u00e4tev\u00e4n ja kest\u00e4v\u00e4n ratkaisun, kun haluat valmistaa grilliss\u00e4 muutakin kuin lounasta tai p\u00e4iv\u00e4llist\u00e4. Sarjan ty\u00f6kalut on suunniteltu erityisesti k\u00e4ytett\u00e4v\u00e4ksi grilli- tai h\u00f6yl\u00e4pannulla, ja ne sopivat erinomaisesti esimerkiksi kananmunien, pannukakkujen tai vihannesten valmistukseen. <\/p>\n<p class=\"\" data-start=\"409\" data-end=\"529\">Ergonomiset kuumuutta kest\u00e4v\u00e4t kahvat tekev\u00e4t ty\u00f6skentelyst\u00e4 mukavaa ja turvallista. Kaikki sarjan osat ovat astianpesukoneen kest\u00e4vi\u00e4. <\/p>\n<p class=\"\" data-start=\"531\" data-end=\"752\"><strong data-start=\"531\" data-end=\"544\">Ominaisuudet<\/strong><br data-start=\"544\" data-end=\"547\">&#8211; t\u00e4ydellinen aamiaissetti &#8211; lastat, kaavin ja 4 munarenkaita<br data-start=\"611\" data-end=\"614\">&#8211; kest\u00e4v\u00e4 ruostumattomasta ter\u00e4ksest\u00e4 valmistettu rakenne<br data-start=\"663\" data-end=\"666\">&#8211; ergonomiset ja kuumuutta kest\u00e4v\u00e4t kahvat<br data-start=\"709\" data-end=\"712\">&#8211; kaikki osat ovat astianpesukoneen kest\u00e4vi\u00e4.<\/p>\n","protected":false},"featured_media":14177,"comment_status":"open","ping_status":"closed","template":"","meta":[],"product_brand":[768],"product_cat":[784],"product_tag":[],"class_list":{"0":"post-21737","1":"product","2":"type-product","3":"status-publish","4":"has-post-thumbnail","6":"product_brand-napoleon","7":"product_cat-tarvikkeet","9":"first","10":"instock","11":"taxable","12":"shipping-taxable","13":"purchasable","14":"product-type-simple"},"yoast_head":"<!-- This site is optimized with the Yoast SEO plugin v27.4 - https:\/\/yoast.com\/product\/yoast-seo-wordpress\/ -->\n<title>Napoleonin aamiaissetti nelj\u00e4ll\u00e4 munarenkaalla - BBQ \u00c4ssad%<\/title>\n<meta name=\"description\" content=\"Napoleonin ruostumattomasta ter\u00e4ksest\u00e4 valmistettu aamiaisty\u00f6kalusarja sis\u00e4lt\u00e4\u00e4 lastan, kaapimen ja 4 kananmunarenkaan. Ergonomiset kahvat takaavat mukavuuden ja turvallisuuden.\" \/>\n<meta name=\"robots\" content=\"index, follow, max-snippet:-1, max-image-preview:large, max-video-preview:-1\" \/>\n<link rel=\"canonical\" href=\"https:\/\/bbqassad.ee\/fi\/toode\/napoleonin-aamiaissetti-jossa-on-nelja-munarenkaita\/\" \/>\n<meta property=\"og:locale\" content=\"fi_FI\" \/>\n<meta property=\"og:type\" content=\"article\" \/>\n<meta property=\"og:title\" content=\"Napoleonin aamiaissetti nelj\u00e4ll\u00e4 munarenkaalla - BBQ \u00c4ssad%\" \/>\n<meta property=\"og:description\" content=\"Napoleonin ruostumattomasta ter\u00e4ksest\u00e4 valmistettu aamiaisty\u00f6kalusarja sis\u00e4lt\u00e4\u00e4 lastan, kaapimen ja 4 kananmunarenkaan. Ergonomiset kahvat takaavat mukavuuden ja turvallisuuden.\" \/>\n<meta property=\"og:url\" content=\"https:\/\/bbqassad.ee\/fi\/toode\/napoleonin-aamiaissetti-jossa-on-nelja-munarenkaita\/\" \/>\n<meta property=\"og:site_name\" content=\"BBQ \u00c4ssad\" \/>\n<meta property=\"article:publisher\" content=\"https:\/\/www.facebook.com\/bbqassad\" \/>\n<meta property=\"article:modified_time\" content=\"2026-04-14T06:32:13+00:00\" \/>\n<meta property=\"og:image\" content=\"https:\/\/bbqassad.ee\/wp-content\/uploads\/2026\/02\/breakfast-toolset-napoleon.jpg.webp\" \/>\n<meta name=\"twitter:card\" content=\"summary_large_image\" \/>\n<meta name=\"twitter:title\" content=\"Napoleonin aamiaissetti nelj\u00e4ll\u00e4 munarenkaalla - BBQ \u00c4ssad%\" \/>\n<meta name=\"twitter:description\" content=\"Napoleonin ruostumattomasta ter\u00e4ksest\u00e4 valmistettu aamiaisty\u00f6kalusarja sis\u00e4lt\u00e4\u00e4 lastan, kaapimen ja 4 kananmunarenkaan. Ergonomiset kahvat takaavat mukavuuden ja turvallisuuden.\" \/>\n<meta name=\"twitter:image\" content=\"https:\/\/bbqassad.ee\/wp-content\/uploads\/2026\/02\/breakfast-toolset-napoleon.jpg.webp\" \/>\n<script type=\"application\/ld+json\" class=\"yoast-schema-graph\">{\"@context\":\"https:\\\/\\\/schema.org\",\"@graph\":[{\"@type\":\"WebPage\",\"@id\":\"https:\\\/\\\/bbqassad.ee\\\/fi\\\/toode\\\/napoleonin-aamiaissetti-jossa-on-nelja-munarenkaita\\\/\",\"url\":\"https:\\\/\\\/bbqassad.ee\\\/fi\\\/toode\\\/napoleonin-aamiaissetti-jossa-on-nelja-munarenkaita\\\/\",\"name\":\"Napoleonin aamiaissetti nelj\u00e4ll\u00e4 munarenkaalla - BBQ \u00c4ssad%\",\"isPartOf\":{\"@id\":\"https:\\\/\\\/bbqassad.ee\\\/fi\\\/#website\"},\"primaryImageOfPage\":{\"@id\":\"https:\\\/\\\/bbqassad.ee\\\/fi\\\/toode\\\/napoleonin-aamiaissetti-jossa-on-nelja-munarenkaita\\\/#primaryimage\"},\"image\":{\"@id\":\"https:\\\/\\\/bbqassad.ee\\\/fi\\\/toode\\\/napoleonin-aamiaissetti-jossa-on-nelja-munarenkaita\\\/#primaryimage\"},\"thumbnailUrl\":\"https:\\\/\\\/bbqassad.ee\\\/wp-content\\\/uploads\\\/2026\\\/02\\\/breakfast-toolset-napoleon.jpg.webp\",\"datePublished\":\"2026-02-23T15:05:42+00:00\",\"dateModified\":\"2026-04-14T06:32:13+00:00\",\"description\":\"Napoleonin ruostumattomasta ter\u00e4ksest\u00e4 valmistettu aamiaisty\u00f6kalusarja sis\u00e4lt\u00e4\u00e4 lastan, kaapimen ja 4 kananmunarenkaan. Ergonomiset kahvat takaavat mukavuuden ja turvallisuuden.\",\"breadcrumb\":{\"@id\":\"https:\\\/\\\/bbqassad.ee\\\/fi\\\/toode\\\/napoleonin-aamiaissetti-jossa-on-nelja-munarenkaita\\\/#breadcrumb\"},\"inLanguage\":\"fi\",\"potentialAction\":[{\"@type\":\"ReadAction\",\"target\":[\"https:\\\/\\\/bbqassad.ee\\\/fi\\\/toode\\\/napoleonin-aamiaissetti-jossa-on-nelja-munarenkaita\\\/\"]}]},{\"@type\":\"ImageObject\",\"inLanguage\":\"fi\",\"@id\":\"https:\\\/\\\/bbqassad.ee\\\/fi\\\/toode\\\/napoleonin-aamiaissetti-jossa-on-nelja-munarenkaita\\\/#primaryimage\",\"url\":\"https:\\\/\\\/bbqassad.ee\\\/wp-content\\\/uploads\\\/2026\\\/02\\\/breakfast-toolset-napoleon.jpg.webp\",\"contentUrl\":\"https:\\\/\\\/bbqassad.ee\\\/wp-content\\\/uploads\\\/2026\\\/02\\\/breakfast-toolset-napoleon.jpg.webp\",\"width\":800,\"height\":800},{\"@type\":\"BreadcrumbList\",\"@id\":\"https:\\\/\\\/bbqassad.ee\\\/fi\\\/toode\\\/napoleonin-aamiaissetti-jossa-on-nelja-munarenkaita\\\/#breadcrumb\",\"itemListElement\":[{\"@type\":\"ListItem\",\"position\":1,\"name\":\"Home\",\"item\":\"https:\\\/\\\/bbqassad.ee\\\/fi\\\/bbq-assat\\\/\"},{\"@type\":\"ListItem\",\"position\":2,\"name\":\"Verkkokauppa\",\"item\":\"https:\\\/\\\/bbqassad.ee\\\/fi\\\/verkkokauppa\\\/\"},{\"@type\":\"ListItem\",\"position\":3,\"name\":\"Napoleonin aamiaissetti, jossa on nelj\u00e4 munarenkaita\"}]},{\"@type\":\"WebSite\",\"@id\":\"https:\\\/\\\/bbqassad.ee\\\/fi\\\/#website\",\"url\":\"https:\\\/\\\/bbqassad.ee\\\/fi\\\/\",\"name\":\"BBQ \u00c4ssad\",\"description\":\"BBQ maitseained, kastmed, ahjud\",\"publisher\":{\"@id\":\"https:\\\/\\\/bbqassad.ee\\\/fi\\\/#organization\"},\"potentialAction\":[{\"@type\":\"SearchAction\",\"target\":{\"@type\":\"EntryPoint\",\"urlTemplate\":\"https:\\\/\\\/bbqassad.ee\\\/fi\\\/?s={search_term_string}\"},\"query-input\":{\"@type\":\"PropertyValueSpecification\",\"valueRequired\":true,\"valueName\":\"search_term_string\"}}],\"inLanguage\":\"fi\"},{\"@type\":\"Organization\",\"@id\":\"https:\\\/\\\/bbqassad.ee\\\/fi\\\/#organization\",\"name\":\"BBQ \u00c4ssad\",\"url\":\"https:\\\/\\\/bbqassad.ee\\\/fi\\\/\",\"logo\":{\"@type\":\"ImageObject\",\"inLanguage\":\"fi\",\"@id\":\"https:\\\/\\\/bbqassad.ee\\\/fi\\\/#\\\/schema\\\/logo\\\/image\\\/\",\"url\":\"https:\\\/\\\/bbqassad.ee\\\/wp-content\\\/uploads\\\/2022\\\/10\\\/BBQ-2ssadlogo.png\",\"contentUrl\":\"https:\\\/\\\/bbqassad.ee\\\/wp-content\\\/uploads\\\/2022\\\/10\\\/BBQ-2ssadlogo.png\",\"width\":1080,\"height\":1080,\"caption\":\"BBQ \u00c4ssad\"},\"image\":{\"@id\":\"https:\\\/\\\/bbqassad.ee\\\/fi\\\/#\\\/schema\\\/logo\\\/image\\\/\"},\"sameAs\":[\"https:\\\/\\\/www.facebook.com\\\/bbqassad\",\"https:\\\/\\\/www.youtube.com\\\/channel\\\/UCsoufn49J6TVi9Ah9meE93w\"]}]}<\/script>\n<!-- \/ Yoast SEO plugin. -->","yoast_head_json":{"title":"Napoleonin aamiaissetti nelj\u00e4ll\u00e4 munarenkaalla - BBQ \u00c4ssad%","description":"Napoleonin ruostumattomasta ter\u00e4ksest\u00e4 valmistettu aamiaisty\u00f6kalusarja sis\u00e4lt\u00e4\u00e4 lastan, kaapimen ja 4 kananmunarenkaan. Ergonomiset kahvat takaavat mukavuuden ja turvallisuuden.","robots":{"index":"index","follow":"follow","max-snippet":"max-snippet:-1","max-image-preview":"max-image-preview:large","max-video-preview":"max-video-preview:-1"},"canonical":"https:\/\/bbqassad.ee\/fi\/toode\/napoleonin-aamiaissetti-jossa-on-nelja-munarenkaita\/","og_locale":"fi_FI","og_type":"article","og_title":"Napoleonin aamiaissetti nelj\u00e4ll\u00e4 munarenkaalla - BBQ \u00c4ssad%","og_description":"Napoleonin ruostumattomasta ter\u00e4ksest\u00e4 valmistettu aamiaisty\u00f6kalusarja sis\u00e4lt\u00e4\u00e4 lastan, kaapimen ja 4 kananmunarenkaan. Ergonomiset kahvat takaavat mukavuuden ja turvallisuuden.","og_url":"https:\/\/bbqassad.ee\/fi\/toode\/napoleonin-aamiaissetti-jossa-on-nelja-munarenkaita\/","og_site_name":"BBQ \u00c4ssad","article_publisher":"https:\/\/www.facebook.com\/bbqassad","article_modified_time":"2026-04-14T06:32:13+00:00","og_image":[{"url":"https:\/\/bbqassad.ee\/wp-content\/uploads\/2026\/02\/breakfast-toolset-napoleon.jpg.webp","type":"","width":"","height":""}],"twitter_card":"summary_large_image","twitter_title":"Napoleonin aamiaissetti nelj\u00e4ll\u00e4 munarenkaalla - BBQ \u00c4ssad%","twitter_description":"Napoleonin ruostumattomasta ter\u00e4ksest\u00e4 valmistettu aamiaisty\u00f6kalusarja sis\u00e4lt\u00e4\u00e4 lastan, kaapimen ja 4 kananmunarenkaan. Ergonomiset kahvat takaavat mukavuuden ja turvallisuuden.","twitter_image":"https:\/\/bbqassad.ee\/wp-content\/uploads\/2026\/02\/breakfast-toolset-napoleon.jpg.webp","schema":{"@context":"https:\/\/schema.org","@graph":[{"@type":"WebPage","@id":"https:\/\/bbqassad.ee\/fi\/toode\/napoleonin-aamiaissetti-jossa-on-nelja-munarenkaita\/","url":"https:\/\/bbqassad.ee\/fi\/toode\/napoleonin-aamiaissetti-jossa-on-nelja-munarenkaita\/","name":"Napoleonin aamiaissetti nelj\u00e4ll\u00e4 munarenkaalla - BBQ \u00c4ssad%","isPartOf":{"@id":"https:\/\/bbqassad.ee\/fi\/#website"},"primaryImageOfPage":{"@id":"https:\/\/bbqassad.ee\/fi\/toode\/napoleonin-aamiaissetti-jossa-on-nelja-munarenkaita\/#primaryimage"},"image":{"@id":"https:\/\/bbqassad.ee\/fi\/toode\/napoleonin-aamiaissetti-jossa-on-nelja-munarenkaita\/#primaryimage"},"thumbnailUrl":"https:\/\/bbqassad.ee\/wp-content\/uploads\/2026\/02\/breakfast-toolset-napoleon.jpg.webp","datePublished":"2026-02-23T15:05:42+00:00","dateModified":"2026-04-14T06:32:13+00:00","description":"Napoleonin ruostumattomasta ter\u00e4ksest\u00e4 valmistettu aamiaisty\u00f6kalusarja sis\u00e4lt\u00e4\u00e4 lastan, kaapimen ja 4 kananmunarenkaan. Ergonomiset kahvat takaavat mukavuuden ja turvallisuuden.","breadcrumb":{"@id":"https:\/\/bbqassad.ee\/fi\/toode\/napoleonin-aamiaissetti-jossa-on-nelja-munarenkaita\/#breadcrumb"},"inLanguage":"fi","potentialAction":[{"@type":"ReadAction","target":["https:\/\/bbqassad.ee\/fi\/toode\/napoleonin-aamiaissetti-jossa-on-nelja-munarenkaita\/"]}]},{"@type":"ImageObject","inLanguage":"fi","@id":"https:\/\/bbqassad.ee\/fi\/toode\/napoleonin-aamiaissetti-jossa-on-nelja-munarenkaita\/#primaryimage","url":"https:\/\/bbqassad.ee\/wp-content\/uploads\/2026\/02\/breakfast-toolset-napoleon.jpg.webp","contentUrl":"https:\/\/bbqassad.ee\/wp-content\/uploads\/2026\/02\/breakfast-toolset-napoleon.jpg.webp","width":800,"height":800},{"@type":"BreadcrumbList","@id":"https:\/\/bbqassad.ee\/fi\/toode\/napoleonin-aamiaissetti-jossa-on-nelja-munarenkaita\/#breadcrumb","itemListElement":[{"@type":"ListItem","position":1,"name":"Home","item":"https:\/\/bbqassad.ee\/fi\/bbq-assat\/"},{"@type":"ListItem","position":2,"name":"Verkkokauppa","item":"https:\/\/bbqassad.ee\/fi\/verkkokauppa\/"},{"@type":"ListItem","position":3,"name":"Napoleonin aamiaissetti, jossa on nelj\u00e4 munarenkaita"}]},{"@type":"WebSite","@id":"https:\/\/bbqassad.ee\/fi\/#website","url":"https:\/\/bbqassad.ee\/fi\/","name":"BBQ \u00c4ssad","description":"BBQ maitseained, kastmed, ahjud","publisher":{"@id":"https:\/\/bbqassad.ee\/fi\/#organization"},"potentialAction":[{"@type":"SearchAction","target":{"@type":"EntryPoint","urlTemplate":"https:\/\/bbqassad.ee\/fi\/?s={search_term_string}"},"query-input":{"@type":"PropertyValueSpecification","valueRequired":true,"valueName":"search_term_string"}}],"inLanguage":"fi"},{"@type":"Organization","@id":"https:\/\/bbqassad.ee\/fi\/#organization","name":"BBQ \u00c4ssad","url":"https:\/\/bbqassad.ee\/fi\/","logo":{"@type":"ImageObject","inLanguage":"fi","@id":"https:\/\/bbqassad.ee\/fi\/#\/schema\/logo\/image\/","url":"https:\/\/bbqassad.ee\/wp-content\/uploads\/2022\/10\/BBQ-2ssadlogo.png","contentUrl":"https:\/\/bbqassad.ee\/wp-content\/uploads\/2022\/10\/BBQ-2ssadlogo.png","width":1080,"height":1080,"caption":"BBQ \u00c4ssad"},"image":{"@id":"https:\/\/bbqassad.ee\/fi\/#\/schema\/logo\/image\/"},"sameAs":["https:\/\/www.facebook.com\/bbqassad","https:\/\/www.youtube.com\/channel\/UCsoufn49J6TVi9Ah9meE93w"]}]}},"_links":{"self":[{"href":"https:\/\/bbqassad.ee\/fi\/wp-json\/wp\/v2\/product\/21737","targetHints":{"allow":["GET"]}}],"collection":[{"href":"https:\/\/bbqassad.ee\/fi\/wp-json\/wp\/v2\/product"}],"about":[{"href":"https:\/\/bbqassad.ee\/fi\/wp-json\/wp\/v2\/types\/product"}],"replies":[{"embeddable":true,"href":"https:\/\/bbqassad.ee\/fi\/wp-json\/wp\/v2\/comments?post=21737"}],"wp:featuredmedia":[{"embeddable":true,"href":"https:\/\/bbqassad.ee\/fi\/wp-json\/wp\/v2\/media\/14177"}],"wp:attachment":[{"href":"https:\/\/bbqassad.ee\/fi\/wp-json\/wp\/v2\/media?parent=21737"}],"wp:term":[{"taxonomy":"product_brand","embeddable":true,"href":"https:\/\/bbqassad.ee\/fi\/wp-json\/wp\/v2\/product_brand?post=21737"},{"taxonomy":"product_cat","embeddable":true,"href":"https:\/\/bbqassad.ee\/fi\/wp-json\/wp\/v2\/product_cat?post=21737"},{"taxonomy":"product_tag","embeddable":true,"href":"https:\/\/bbqassad.ee\/fi\/wp-json\/wp\/v2\/product_tag?post=21737"}],"curies":[{"name":"wp","href":"https:\/\/api.w.org\/{rel}","templated":true}]}}