{"id":21733,"date":"2026-02-23T15:05:42","date_gmt":"2026-02-23T15:05:42","guid":{"rendered":"https:\/\/bbqassad.ee\/toode\/napoleon-lukittavat-pihdit-grillipihdit-40cm\/"},"modified":"2026-04-14T06:32:11","modified_gmt":"2026-04-14T06:32:11","slug":"napoleon-lukittavat-pihdit-grillipihdit-40cm","status":"publish","type":"product","link":"https:\/\/bbqassad.ee\/fi\/toode\/napoleon-lukittavat-pihdit-grillipihdit-40cm\/","title":{"rendered":"Napoleon lukittavat pihdit-grillipihdit 40cm"},"content":{"rendered":"","protected":false},"excerpt":{"rendered":"<h3 data-start=\"0\" data-end=\"73\"><strong data-start=\"0\" data-end=\"73\">Napoleonin ruostumattomasta ter\u00e4ksest\u00e4 valmistetut automaattiset lukittavat grilliritil\u00e4t<\/strong><\/h3>\n<p class=\"\" data-start=\"75\" data-end=\"391\">N\u00e4m\u00e4 40 cm:n pituiset grillivartaat ovat k\u00e4yt\u00e4nn\u00f6llinen ja kest\u00e4v\u00e4 v\u00e4line jokap\u00e4iv\u00e4iseen grillaukseen. Automaattisen lukitusmekanismin ansiosta pihdit on helppo sulkea ja s\u00e4ilytt\u00e4\u00e4 &#8211; vaivattomasti, vaikka toinen k\u00e4si olisi kiireinen. Ergonomisen muotonsa ansiosta pihdeist\u00e4 on mukava ja turvallinen tarttua suuriinkin ruokapaloihin.  <\/p>\n<p class=\"\" data-start=\"393\" data-end=\"490\">Tangot on valmistettu ruostumattomasta ter\u00e4ksest\u00e4 ja ne voidaan pest\u00e4 koneessa, mik\u00e4 tekee huollosta helppoa.<\/p>\n<p class=\"\" data-start=\"492\" data-end=\"672\"><strong data-start=\"492\" data-end=\"505\">Ominaisuudet<\/strong><br data-start=\"505\" data-end=\"508\">&#8211; pituus: 40 cm<br data-start=\"523\" data-end=\"526\">&#8211; ruostumattomasta ter\u00e4ksest\u00e4 valmistettu<br data-start=\"564\" data-end=\"567\">&#8211; automaattinen lukitusmekanismi<br data-start=\"597\" data-end=\"600\">&#8211; ergonominen muotoilu miellytt\u00e4v\u00e4\u00e4n k\u00e4ytt\u00f6\u00f6n<br data-start=\"644\" data-end=\"647\">&#8211; astianpesukoneessa pest\u00e4viss\u00e4<\/p>\n","protected":false},"featured_media":14162,"comment_status":"closed","ping_status":"closed","template":"","meta":[],"product_brand":[768],"product_cat":[784],"product_tag":[],"class_list":{"0":"post-21733","1":"product","2":"type-product","3":"status-publish","4":"has-post-thumbnail","6":"product_brand-napoleon","7":"product_cat-tarvikkeet","9":"first","10":"instock","11":"taxable","12":"shipping-taxable","13":"purchasable","14":"product-type-simple"},"yoast_head":"<!-- This site is optimized with the Yoast SEO plugin v27.4 - https:\/\/yoast.com\/product\/yoast-seo-wordpress\/ -->\n<title>Napoleon lukittavat sy\u00f6m\u00e4puikot 40cm -% BBQ \u00c4ssad%<\/title>\n<meta name=\"description\" content=\"Napoleonin 40 cm:n ruostumattomasta ter\u00e4ksest\u00e4 valmistetut grillivartaat ovat k\u00e4yt\u00e4nn\u00f6llinen apuv\u00e4line jokap\u00e4iv\u00e4iseen grillaukseen. Automaattinen lukitus ja ergonominen muotoilu takaavat, ett\u00e4\" \/>\n<meta name=\"robots\" content=\"index, follow, max-snippet:-1, max-image-preview:large, max-video-preview:-1\" \/>\n<link rel=\"canonical\" href=\"https:\/\/bbqassad.ee\/fi\/toode\/napoleon-lukittavat-pihdit-grillipihdit-40cm\/\" \/>\n<meta property=\"og:locale\" content=\"fi_FI\" \/>\n<meta property=\"og:type\" content=\"article\" \/>\n<meta property=\"og:title\" content=\"Napoleon lukittavat sy\u00f6m\u00e4puikot 40cm -% BBQ \u00c4ssad%\" \/>\n<meta property=\"og:description\" content=\"Napoleonin 40 cm:n ruostumattomasta ter\u00e4ksest\u00e4 valmistetut grillivartaat ovat k\u00e4yt\u00e4nn\u00f6llinen apuv\u00e4line jokap\u00e4iv\u00e4iseen grillaukseen. Automaattinen lukitus ja ergonominen muotoilu takaavat, ett\u00e4\" \/>\n<meta property=\"og:url\" content=\"https:\/\/bbqassad.ee\/fi\/toode\/napoleon-lukittavat-pihdit-grillipihdit-40cm\/\" \/>\n<meta property=\"og:site_name\" content=\"BBQ \u00c4ssad\" \/>\n<meta property=\"article:publisher\" content=\"https:\/\/www.facebook.com\/bbqassad\" \/>\n<meta property=\"article:modified_time\" content=\"2026-04-14T06:32:11+00:00\" \/>\n<meta property=\"og:image\" content=\"https:\/\/bbqassad.ee\/wp-content\/uploads\/2026\/02\/Napoleon-Grilltang-629162550156.jpg\" \/>\n<meta name=\"twitter:card\" content=\"summary_large_image\" \/>\n<meta name=\"twitter:title\" content=\"Napoleon lukittavat sy\u00f6m\u00e4puikot 40cm -% BBQ \u00c4ssad%\" \/>\n<meta name=\"twitter:description\" content=\"Napoleonin 40 cm:n ruostumattomasta ter\u00e4ksest\u00e4 valmistetut grillivartaat ovat k\u00e4yt\u00e4nn\u00f6llinen apuv\u00e4line jokap\u00e4iv\u00e4iseen grillaukseen. Automaattinen lukitus ja ergonominen muotoilu takaavat, ett\u00e4\" \/>\n<meta name=\"twitter:image\" content=\"https:\/\/bbqassad.ee\/wp-content\/uploads\/2026\/02\/Napoleon-Grilltang-629162550156.jpg\" \/>\n<script type=\"application\/ld+json\" class=\"yoast-schema-graph\">{\"@context\":\"https:\\\/\\\/schema.org\",\"@graph\":[{\"@type\":\"WebPage\",\"@id\":\"https:\\\/\\\/bbqassad.ee\\\/fi\\\/toode\\\/napoleon-lukittavat-pihdit-grillipihdit-40cm\\\/\",\"url\":\"https:\\\/\\\/bbqassad.ee\\\/fi\\\/toode\\\/napoleon-lukittavat-pihdit-grillipihdit-40cm\\\/\",\"name\":\"Napoleon lukittavat sy\u00f6m\u00e4puikot 40cm -% BBQ \u00c4ssad%\",\"isPartOf\":{\"@id\":\"https:\\\/\\\/bbqassad.ee\\\/fi\\\/#website\"},\"primaryImageOfPage\":{\"@id\":\"https:\\\/\\\/bbqassad.ee\\\/fi\\\/toode\\\/napoleon-lukittavat-pihdit-grillipihdit-40cm\\\/#primaryimage\"},\"image\":{\"@id\":\"https:\\\/\\\/bbqassad.ee\\\/fi\\\/toode\\\/napoleon-lukittavat-pihdit-grillipihdit-40cm\\\/#primaryimage\"},\"thumbnailUrl\":\"https:\\\/\\\/bbqassad.ee\\\/wp-content\\\/uploads\\\/2026\\\/02\\\/Napoleon-Grilltang-629162550156.jpg\",\"datePublished\":\"2026-02-23T15:05:42+00:00\",\"dateModified\":\"2026-04-14T06:32:11+00:00\",\"description\":\"Napoleonin 40 cm:n ruostumattomasta ter\u00e4ksest\u00e4 valmistetut grillivartaat ovat k\u00e4yt\u00e4nn\u00f6llinen apuv\u00e4line jokap\u00e4iv\u00e4iseen grillaukseen. Automaattinen lukitus ja ergonominen muotoilu takaavat, ett\u00e4\",\"breadcrumb\":{\"@id\":\"https:\\\/\\\/bbqassad.ee\\\/fi\\\/toode\\\/napoleon-lukittavat-pihdit-grillipihdit-40cm\\\/#breadcrumb\"},\"inLanguage\":\"fi\",\"potentialAction\":[{\"@type\":\"ReadAction\",\"target\":[\"https:\\\/\\\/bbqassad.ee\\\/fi\\\/toode\\\/napoleon-lukittavat-pihdit-grillipihdit-40cm\\\/\"]}]},{\"@type\":\"ImageObject\",\"inLanguage\":\"fi\",\"@id\":\"https:\\\/\\\/bbqassad.ee\\\/fi\\\/toode\\\/napoleon-lukittavat-pihdit-grillipihdit-40cm\\\/#primaryimage\",\"url\":\"https:\\\/\\\/bbqassad.ee\\\/wp-content\\\/uploads\\\/2026\\\/02\\\/Napoleon-Grilltang-629162550156.jpg\",\"contentUrl\":\"https:\\\/\\\/bbqassad.ee\\\/wp-content\\\/uploads\\\/2026\\\/02\\\/Napoleon-Grilltang-629162550156.jpg\",\"width\":600,\"height\":600},{\"@type\":\"BreadcrumbList\",\"@id\":\"https:\\\/\\\/bbqassad.ee\\\/fi\\\/toode\\\/napoleon-lukittavat-pihdit-grillipihdit-40cm\\\/#breadcrumb\",\"itemListElement\":[{\"@type\":\"ListItem\",\"position\":1,\"name\":\"Home\",\"item\":\"https:\\\/\\\/bbqassad.ee\\\/fi\\\/bbq-assat\\\/\"},{\"@type\":\"ListItem\",\"position\":2,\"name\":\"Verkkokauppa\",\"item\":\"https:\\\/\\\/bbqassad.ee\\\/fi\\\/verkkokauppa\\\/\"},{\"@type\":\"ListItem\",\"position\":3,\"name\":\"Napoleon lukittavat pihdit-grillipihdit 40cm\"}]},{\"@type\":\"WebSite\",\"@id\":\"https:\\\/\\\/bbqassad.ee\\\/fi\\\/#website\",\"url\":\"https:\\\/\\\/bbqassad.ee\\\/fi\\\/\",\"name\":\"BBQ \u00c4ssad\",\"description\":\"BBQ maitseained, kastmed, ahjud\",\"publisher\":{\"@id\":\"https:\\\/\\\/bbqassad.ee\\\/fi\\\/#organization\"},\"potentialAction\":[{\"@type\":\"SearchAction\",\"target\":{\"@type\":\"EntryPoint\",\"urlTemplate\":\"https:\\\/\\\/bbqassad.ee\\\/fi\\\/?s={search_term_string}\"},\"query-input\":{\"@type\":\"PropertyValueSpecification\",\"valueRequired\":true,\"valueName\":\"search_term_string\"}}],\"inLanguage\":\"fi\"},{\"@type\":\"Organization\",\"@id\":\"https:\\\/\\\/bbqassad.ee\\\/fi\\\/#organization\",\"name\":\"BBQ \u00c4ssad\",\"url\":\"https:\\\/\\\/bbqassad.ee\\\/fi\\\/\",\"logo\":{\"@type\":\"ImageObject\",\"inLanguage\":\"fi\",\"@id\":\"https:\\\/\\\/bbqassad.ee\\\/fi\\\/#\\\/schema\\\/logo\\\/image\\\/\",\"url\":\"https:\\\/\\\/bbqassad.ee\\\/wp-content\\\/uploads\\\/2022\\\/10\\\/BBQ-2ssadlogo.png\",\"contentUrl\":\"https:\\\/\\\/bbqassad.ee\\\/wp-content\\\/uploads\\\/2022\\\/10\\\/BBQ-2ssadlogo.png\",\"width\":1080,\"height\":1080,\"caption\":\"BBQ \u00c4ssad\"},\"image\":{\"@id\":\"https:\\\/\\\/bbqassad.ee\\\/fi\\\/#\\\/schema\\\/logo\\\/image\\\/\"},\"sameAs\":[\"https:\\\/\\\/www.facebook.com\\\/bbqassad\",\"https:\\\/\\\/www.youtube.com\\\/channel\\\/UCsoufn49J6TVi9Ah9meE93w\"]}]}<\/script>\n<!-- \/ Yoast SEO plugin. -->","yoast_head_json":{"title":"Napoleon lukittavat sy\u00f6m\u00e4puikot 40cm -% BBQ \u00c4ssad%","description":"Napoleonin 40 cm:n ruostumattomasta ter\u00e4ksest\u00e4 valmistetut grillivartaat ovat k\u00e4yt\u00e4nn\u00f6llinen apuv\u00e4line jokap\u00e4iv\u00e4iseen grillaukseen. Automaattinen lukitus ja ergonominen muotoilu takaavat, ett\u00e4","robots":{"index":"index","follow":"follow","max-snippet":"max-snippet:-1","max-image-preview":"max-image-preview:large","max-video-preview":"max-video-preview:-1"},"canonical":"https:\/\/bbqassad.ee\/fi\/toode\/napoleon-lukittavat-pihdit-grillipihdit-40cm\/","og_locale":"fi_FI","og_type":"article","og_title":"Napoleon lukittavat sy\u00f6m\u00e4puikot 40cm -% BBQ \u00c4ssad%","og_description":"Napoleonin 40 cm:n ruostumattomasta ter\u00e4ksest\u00e4 valmistetut grillivartaat ovat k\u00e4yt\u00e4nn\u00f6llinen apuv\u00e4line jokap\u00e4iv\u00e4iseen grillaukseen. Automaattinen lukitus ja ergonominen muotoilu takaavat, ett\u00e4","og_url":"https:\/\/bbqassad.ee\/fi\/toode\/napoleon-lukittavat-pihdit-grillipihdit-40cm\/","og_site_name":"BBQ \u00c4ssad","article_publisher":"https:\/\/www.facebook.com\/bbqassad","article_modified_time":"2026-04-14T06:32:11+00:00","og_image":[{"url":"https:\/\/bbqassad.ee\/wp-content\/uploads\/2026\/02\/Napoleon-Grilltang-629162550156.jpg","type":"","width":"","height":""}],"twitter_card":"summary_large_image","twitter_title":"Napoleon lukittavat sy\u00f6m\u00e4puikot 40cm -% BBQ \u00c4ssad%","twitter_description":"Napoleonin 40 cm:n ruostumattomasta ter\u00e4ksest\u00e4 valmistetut grillivartaat ovat k\u00e4yt\u00e4nn\u00f6llinen apuv\u00e4line jokap\u00e4iv\u00e4iseen grillaukseen. Automaattinen lukitus ja ergonominen muotoilu takaavat, ett\u00e4","twitter_image":"https:\/\/bbqassad.ee\/wp-content\/uploads\/2026\/02\/Napoleon-Grilltang-629162550156.jpg","schema":{"@context":"https:\/\/schema.org","@graph":[{"@type":"WebPage","@id":"https:\/\/bbqassad.ee\/fi\/toode\/napoleon-lukittavat-pihdit-grillipihdit-40cm\/","url":"https:\/\/bbqassad.ee\/fi\/toode\/napoleon-lukittavat-pihdit-grillipihdit-40cm\/","name":"Napoleon lukittavat sy\u00f6m\u00e4puikot 40cm -% BBQ \u00c4ssad%","isPartOf":{"@id":"https:\/\/bbqassad.ee\/fi\/#website"},"primaryImageOfPage":{"@id":"https:\/\/bbqassad.ee\/fi\/toode\/napoleon-lukittavat-pihdit-grillipihdit-40cm\/#primaryimage"},"image":{"@id":"https:\/\/bbqassad.ee\/fi\/toode\/napoleon-lukittavat-pihdit-grillipihdit-40cm\/#primaryimage"},"thumbnailUrl":"https:\/\/bbqassad.ee\/wp-content\/uploads\/2026\/02\/Napoleon-Grilltang-629162550156.jpg","datePublished":"2026-02-23T15:05:42+00:00","dateModified":"2026-04-14T06:32:11+00:00","description":"Napoleonin 40 cm:n ruostumattomasta ter\u00e4ksest\u00e4 valmistetut grillivartaat ovat k\u00e4yt\u00e4nn\u00f6llinen apuv\u00e4line jokap\u00e4iv\u00e4iseen grillaukseen. Automaattinen lukitus ja ergonominen muotoilu takaavat, ett\u00e4","breadcrumb":{"@id":"https:\/\/bbqassad.ee\/fi\/toode\/napoleon-lukittavat-pihdit-grillipihdit-40cm\/#breadcrumb"},"inLanguage":"fi","potentialAction":[{"@type":"ReadAction","target":["https:\/\/bbqassad.ee\/fi\/toode\/napoleon-lukittavat-pihdit-grillipihdit-40cm\/"]}]},{"@type":"ImageObject","inLanguage":"fi","@id":"https:\/\/bbqassad.ee\/fi\/toode\/napoleon-lukittavat-pihdit-grillipihdit-40cm\/#primaryimage","url":"https:\/\/bbqassad.ee\/wp-content\/uploads\/2026\/02\/Napoleon-Grilltang-629162550156.jpg","contentUrl":"https:\/\/bbqassad.ee\/wp-content\/uploads\/2026\/02\/Napoleon-Grilltang-629162550156.jpg","width":600,"height":600},{"@type":"BreadcrumbList","@id":"https:\/\/bbqassad.ee\/fi\/toode\/napoleon-lukittavat-pihdit-grillipihdit-40cm\/#breadcrumb","itemListElement":[{"@type":"ListItem","position":1,"name":"Home","item":"https:\/\/bbqassad.ee\/fi\/bbq-assat\/"},{"@type":"ListItem","position":2,"name":"Verkkokauppa","item":"https:\/\/bbqassad.ee\/fi\/verkkokauppa\/"},{"@type":"ListItem","position":3,"name":"Napoleon lukittavat pihdit-grillipihdit 40cm"}]},{"@type":"WebSite","@id":"https:\/\/bbqassad.ee\/fi\/#website","url":"https:\/\/bbqassad.ee\/fi\/","name":"BBQ \u00c4ssad","description":"BBQ maitseained, kastmed, ahjud","publisher":{"@id":"https:\/\/bbqassad.ee\/fi\/#organization"},"potentialAction":[{"@type":"SearchAction","target":{"@type":"EntryPoint","urlTemplate":"https:\/\/bbqassad.ee\/fi\/?s={search_term_string}"},"query-input":{"@type":"PropertyValueSpecification","valueRequired":true,"valueName":"search_term_string"}}],"inLanguage":"fi"},{"@type":"Organization","@id":"https:\/\/bbqassad.ee\/fi\/#organization","name":"BBQ \u00c4ssad","url":"https:\/\/bbqassad.ee\/fi\/","logo":{"@type":"ImageObject","inLanguage":"fi","@id":"https:\/\/bbqassad.ee\/fi\/#\/schema\/logo\/image\/","url":"https:\/\/bbqassad.ee\/wp-content\/uploads\/2022\/10\/BBQ-2ssadlogo.png","contentUrl":"https:\/\/bbqassad.ee\/wp-content\/uploads\/2022\/10\/BBQ-2ssadlogo.png","width":1080,"height":1080,"caption":"BBQ \u00c4ssad"},"image":{"@id":"https:\/\/bbqassad.ee\/fi\/#\/schema\/logo\/image\/"},"sameAs":["https:\/\/www.facebook.com\/bbqassad","https:\/\/www.youtube.com\/channel\/UCsoufn49J6TVi9Ah9meE93w"]}]}},"_links":{"self":[{"href":"https:\/\/bbqassad.ee\/fi\/wp-json\/wp\/v2\/product\/21733","targetHints":{"allow":["GET"]}}],"collection":[{"href":"https:\/\/bbqassad.ee\/fi\/wp-json\/wp\/v2\/product"}],"about":[{"href":"https:\/\/bbqassad.ee\/fi\/wp-json\/wp\/v2\/types\/product"}],"replies":[{"embeddable":true,"href":"https:\/\/bbqassad.ee\/fi\/wp-json\/wp\/v2\/comments?post=21733"}],"wp:featuredmedia":[{"embeddable":true,"href":"https:\/\/bbqassad.ee\/fi\/wp-json\/wp\/v2\/media\/14162"}],"wp:attachment":[{"href":"https:\/\/bbqassad.ee\/fi\/wp-json\/wp\/v2\/media?parent=21733"}],"wp:term":[{"taxonomy":"product_brand","embeddable":true,"href":"https:\/\/bbqassad.ee\/fi\/wp-json\/wp\/v2\/product_brand?post=21733"},{"taxonomy":"product_cat","embeddable":true,"href":"https:\/\/bbqassad.ee\/fi\/wp-json\/wp\/v2\/product_cat?post=21733"},{"taxonomy":"product_tag","embeddable":true,"href":"https:\/\/bbqassad.ee\/fi\/wp-json\/wp\/v2\/product_tag?post=21733"}],"curies":[{"name":"wp","href":"https:\/\/api.w.org\/{rel}","templated":true}]}}