{"id":21731,"date":"2026-02-23T15:05:42","date_gmt":"2026-02-23T15:05:42","guid":{"rendered":"https:\/\/bbqassad.ee\/toode\/napoleon-travelq-3-osainen-grillaustarvikesarja-grillipihdit-grilliveitsi-ja-grilliharja\/"},"modified":"2026-04-14T06:32:11","modified_gmt":"2026-04-14T06:32:11","slug":"napoleon-travelq-3-osainen-grillaustarvikesarja-grillipihdit-grilliveitsi-ja-grilliharja","status":"publish","type":"product","link":"https:\/\/bbqassad.ee\/fi\/toode\/napoleon-travelq-3-osainen-grillaustarvikesarja-grillipihdit-grilliveitsi-ja-grilliharja\/","title":{"rendered":"Napoleon TravelQ 3-osainen grillaustarvikesarja (grillipihdit, grilliveitsi ja grilliharja)."},"content":{"rendered":"","protected":false},"excerpt":{"rendered":"<h3 data-start=\"0\" data-end=\"71\"><strong data-start=\"0\" data-end=\"71\">Napoleon TravelQ ruostumattomasta ter\u00e4ksest\u00e4 valmistettu grillaustarvikesarja (3 kpl)<\/strong><\/h3>\n<p class=\"\" data-start=\"73\" data-end=\"362\">T\u00e4ss\u00e4 kolmiosaisessa tarvikesarjassa on kaikki, mit\u00e4 tarvitset k\u00e4tev\u00e4\u00e4n ja tehokkaaseen grillaukseen. Settiin kuuluu lastat, pihdit ja grilliharja &#8211; kaikki kest\u00e4v\u00e4\u00e4 ruostumatonta ter\u00e4st\u00e4. L\u00e4mm\u00f6nkest\u00e4v\u00e4t ergonomiset kahvat takaavat tukevan otteen my\u00f6s korkeissa l\u00e4mp\u00f6tiloissa.  <\/p>\n<p class=\"\" data-start=\"364\" data-end=\"580\">Jokaisen ty\u00f6kalun kahvassa on integroitu ripustuslenkki, joka toimii my\u00f6s pullonavaajana &#8211; k\u00e4yt\u00e4nn\u00f6llinen ratkaisu pit\u00e4\u00e4 kaikki tarvitsemasi l\u00e4hell\u00e4. Kaikki sarjaan sis\u00e4ltyv\u00e4t tarvikkeet ovat astianpesukoneen kest\u00e4vi\u00e4. <\/p>\n<p class=\"\" data-start=\"582\" data-end=\"814\"><strong data-start=\"582\" data-end=\"595\">Ominaisuudet<\/strong><br data-start=\"595\" data-end=\"598\">&#8211; mukana tulee lastat, pihdit ja grilliharja<br data-start=\"641\" data-end=\"644\">&#8211; kest\u00e4v\u00e4 ruostumattomasta ter\u00e4ksest\u00e4 valmistettu rakenne<br data-start=\"693\" data-end=\"696\">&#8211; ergonomiset, kuumuutta kest\u00e4v\u00e4t kahvat<br data-start=\"737\" data-end=\"740\">&#8211; kahvoissa on ripustettavat kielekkeet\/pullonavaajat<br data-start=\"780\" data-end=\"783\">&#8211; kaikki osat ovat konepest\u00e4vi\u00e4.<\/p>\n","protected":false},"featured_media":14153,"comment_status":"open","ping_status":"closed","template":"","meta":[],"product_brand":[768],"product_cat":[784],"product_tag":[],"class_list":{"0":"post-21731","1":"product","2":"type-product","3":"status-publish","4":"has-post-thumbnail","6":"product_brand-napoleon","7":"product_cat-tarvikkeet","9":"first","10":"instock","11":"taxable","12":"shipping-taxable","13":"purchasable","14":"product-type-simple"},"yoast_head":"<!-- This site is optimized with the Yoast SEO plugin v27.4 - https:\/\/yoast.com\/product\/yoast-seo-wordpress\/ -->\n<title>Napoleon TravelQ 3-osainen grillaussetti - BBQ \u00c4ssad%<\/title>\n<meta name=\"description\" content=\"Napoleon TravelQ -grillisarja sis\u00e4lt\u00e4\u00e4 lastan, pihdit ja grilliharjan. Ruostumattomasta ter\u00e4ksest\u00e4 valmistetut, kuumuutta kest\u00e4v\u00e4t kahvat ja ripustustapit.\" \/>\n<meta name=\"robots\" content=\"index, follow, max-snippet:-1, max-image-preview:large, max-video-preview:-1\" \/>\n<link rel=\"canonical\" href=\"https:\/\/bbqassad.ee\/fi\/toode\/napoleon-travelq-3-osainen-grillaustarvikesarja-grillipihdit-grilliveitsi-ja-grilliharja\/\" \/>\n<meta property=\"og:locale\" content=\"fi_FI\" \/>\n<meta property=\"og:type\" content=\"article\" \/>\n<meta property=\"og:title\" content=\"Napoleon TravelQ 3-osainen grillaussetti - BBQ \u00c4ssad%\" \/>\n<meta property=\"og:description\" content=\"Napoleon TravelQ -grillisarja sis\u00e4lt\u00e4\u00e4 lastan, pihdit ja grilliharjan. Ruostumattomasta ter\u00e4ksest\u00e4 valmistetut, kuumuutta kest\u00e4v\u00e4t kahvat ja ripustustapit.\" \/>\n<meta property=\"og:url\" content=\"https:\/\/bbqassad.ee\/fi\/toode\/napoleon-travelq-3-osainen-grillaustarvikesarja-grillipihdit-grilliveitsi-ja-grilliharja\/\" \/>\n<meta property=\"og:site_name\" content=\"BBQ \u00c4ssad\" \/>\n<meta property=\"article:publisher\" content=\"https:\/\/www.facebook.com\/bbqassad\" \/>\n<meta property=\"article:modified_time\" content=\"2026-04-14T06:32:11+00:00\" \/>\n<meta property=\"og:image\" content=\"https:\/\/bbqassad.ee\/wp-content\/uploads\/2026\/02\/70024.jpg\" \/>\n<meta name=\"twitter:card\" content=\"summary_large_image\" \/>\n<meta name=\"twitter:title\" content=\"Napoleon TravelQ 3-osainen grillaussetti - BBQ \u00c4ssad%\" \/>\n<meta name=\"twitter:description\" content=\"Napoleon TravelQ -grillisarja sis\u00e4lt\u00e4\u00e4 lastan, pihdit ja grilliharjan. Ruostumattomasta ter\u00e4ksest\u00e4 valmistetut, kuumuutta kest\u00e4v\u00e4t kahvat ja ripustustapit.\" \/>\n<meta name=\"twitter:image\" content=\"https:\/\/bbqassad.ee\/wp-content\/uploads\/2026\/02\/70024.jpg\" \/>\n<script type=\"application\/ld+json\" class=\"yoast-schema-graph\">{\"@context\":\"https:\\\/\\\/schema.org\",\"@graph\":[{\"@type\":\"WebPage\",\"@id\":\"https:\\\/\\\/bbqassad.ee\\\/fi\\\/toode\\\/napoleon-travelq-3-osainen-grillaustarvikesarja-grillipihdit-grilliveitsi-ja-grilliharja\\\/\",\"url\":\"https:\\\/\\\/bbqassad.ee\\\/fi\\\/toode\\\/napoleon-travelq-3-osainen-grillaustarvikesarja-grillipihdit-grilliveitsi-ja-grilliharja\\\/\",\"name\":\"Napoleon TravelQ 3-osainen grillaussetti - BBQ \u00c4ssad%\",\"isPartOf\":{\"@id\":\"https:\\\/\\\/bbqassad.ee\\\/fi\\\/#website\"},\"primaryImageOfPage\":{\"@id\":\"https:\\\/\\\/bbqassad.ee\\\/fi\\\/toode\\\/napoleon-travelq-3-osainen-grillaustarvikesarja-grillipihdit-grilliveitsi-ja-grilliharja\\\/#primaryimage\"},\"image\":{\"@id\":\"https:\\\/\\\/bbqassad.ee\\\/fi\\\/toode\\\/napoleon-travelq-3-osainen-grillaustarvikesarja-grillipihdit-grilliveitsi-ja-grilliharja\\\/#primaryimage\"},\"thumbnailUrl\":\"https:\\\/\\\/bbqassad.ee\\\/wp-content\\\/uploads\\\/2026\\\/02\\\/70024.jpg\",\"datePublished\":\"2026-02-23T15:05:42+00:00\",\"dateModified\":\"2026-04-14T06:32:11+00:00\",\"description\":\"Napoleon TravelQ -grillisarja sis\u00e4lt\u00e4\u00e4 lastan, pihdit ja grilliharjan. Ruostumattomasta ter\u00e4ksest\u00e4 valmistetut, kuumuutta kest\u00e4v\u00e4t kahvat ja ripustustapit.\",\"breadcrumb\":{\"@id\":\"https:\\\/\\\/bbqassad.ee\\\/fi\\\/toode\\\/napoleon-travelq-3-osainen-grillaustarvikesarja-grillipihdit-grilliveitsi-ja-grilliharja\\\/#breadcrumb\"},\"inLanguage\":\"fi\",\"potentialAction\":[{\"@type\":\"ReadAction\",\"target\":[\"https:\\\/\\\/bbqassad.ee\\\/fi\\\/toode\\\/napoleon-travelq-3-osainen-grillaustarvikesarja-grillipihdit-grilliveitsi-ja-grilliharja\\\/\"]}]},{\"@type\":\"ImageObject\",\"inLanguage\":\"fi\",\"@id\":\"https:\\\/\\\/bbqassad.ee\\\/fi\\\/toode\\\/napoleon-travelq-3-osainen-grillaustarvikesarja-grillipihdit-grilliveitsi-ja-grilliharja\\\/#primaryimage\",\"url\":\"https:\\\/\\\/bbqassad.ee\\\/wp-content\\\/uploads\\\/2026\\\/02\\\/70024.jpg\",\"contentUrl\":\"https:\\\/\\\/bbqassad.ee\\\/wp-content\\\/uploads\\\/2026\\\/02\\\/70024.jpg\",\"width\":556,\"height\":700},{\"@type\":\"BreadcrumbList\",\"@id\":\"https:\\\/\\\/bbqassad.ee\\\/fi\\\/toode\\\/napoleon-travelq-3-osainen-grillaustarvikesarja-grillipihdit-grilliveitsi-ja-grilliharja\\\/#breadcrumb\",\"itemListElement\":[{\"@type\":\"ListItem\",\"position\":1,\"name\":\"Home\",\"item\":\"https:\\\/\\\/bbqassad.ee\\\/fi\\\/bbq-assat\\\/\"},{\"@type\":\"ListItem\",\"position\":2,\"name\":\"Verkkokauppa\",\"item\":\"https:\\\/\\\/bbqassad.ee\\\/fi\\\/verkkokauppa\\\/\"},{\"@type\":\"ListItem\",\"position\":3,\"name\":\"Napoleon TravelQ 3-osainen grillaustarvikesarja (grillipihdit, grilliveitsi ja grilliharja).\"}]},{\"@type\":\"WebSite\",\"@id\":\"https:\\\/\\\/bbqassad.ee\\\/fi\\\/#website\",\"url\":\"https:\\\/\\\/bbqassad.ee\\\/fi\\\/\",\"name\":\"BBQ \u00c4ssad\",\"description\":\"BBQ maitseained, kastmed, ahjud\",\"publisher\":{\"@id\":\"https:\\\/\\\/bbqassad.ee\\\/fi\\\/#organization\"},\"potentialAction\":[{\"@type\":\"SearchAction\",\"target\":{\"@type\":\"EntryPoint\",\"urlTemplate\":\"https:\\\/\\\/bbqassad.ee\\\/fi\\\/?s={search_term_string}\"},\"query-input\":{\"@type\":\"PropertyValueSpecification\",\"valueRequired\":true,\"valueName\":\"search_term_string\"}}],\"inLanguage\":\"fi\"},{\"@type\":\"Organization\",\"@id\":\"https:\\\/\\\/bbqassad.ee\\\/fi\\\/#organization\",\"name\":\"BBQ \u00c4ssad\",\"url\":\"https:\\\/\\\/bbqassad.ee\\\/fi\\\/\",\"logo\":{\"@type\":\"ImageObject\",\"inLanguage\":\"fi\",\"@id\":\"https:\\\/\\\/bbqassad.ee\\\/fi\\\/#\\\/schema\\\/logo\\\/image\\\/\",\"url\":\"https:\\\/\\\/bbqassad.ee\\\/wp-content\\\/uploads\\\/2022\\\/10\\\/BBQ-2ssadlogo.png\",\"contentUrl\":\"https:\\\/\\\/bbqassad.ee\\\/wp-content\\\/uploads\\\/2022\\\/10\\\/BBQ-2ssadlogo.png\",\"width\":1080,\"height\":1080,\"caption\":\"BBQ \u00c4ssad\"},\"image\":{\"@id\":\"https:\\\/\\\/bbqassad.ee\\\/fi\\\/#\\\/schema\\\/logo\\\/image\\\/\"},\"sameAs\":[\"https:\\\/\\\/www.facebook.com\\\/bbqassad\",\"https:\\\/\\\/www.youtube.com\\\/channel\\\/UCsoufn49J6TVi9Ah9meE93w\"]}]}<\/script>\n<!-- \/ Yoast SEO plugin. -->","yoast_head_json":{"title":"Napoleon TravelQ 3-osainen grillaussetti - BBQ \u00c4ssad%","description":"Napoleon TravelQ -grillisarja sis\u00e4lt\u00e4\u00e4 lastan, pihdit ja grilliharjan. Ruostumattomasta ter\u00e4ksest\u00e4 valmistetut, kuumuutta kest\u00e4v\u00e4t kahvat ja ripustustapit.","robots":{"index":"index","follow":"follow","max-snippet":"max-snippet:-1","max-image-preview":"max-image-preview:large","max-video-preview":"max-video-preview:-1"},"canonical":"https:\/\/bbqassad.ee\/fi\/toode\/napoleon-travelq-3-osainen-grillaustarvikesarja-grillipihdit-grilliveitsi-ja-grilliharja\/","og_locale":"fi_FI","og_type":"article","og_title":"Napoleon TravelQ 3-osainen grillaussetti - BBQ \u00c4ssad%","og_description":"Napoleon TravelQ -grillisarja sis\u00e4lt\u00e4\u00e4 lastan, pihdit ja grilliharjan. Ruostumattomasta ter\u00e4ksest\u00e4 valmistetut, kuumuutta kest\u00e4v\u00e4t kahvat ja ripustustapit.","og_url":"https:\/\/bbqassad.ee\/fi\/toode\/napoleon-travelq-3-osainen-grillaustarvikesarja-grillipihdit-grilliveitsi-ja-grilliharja\/","og_site_name":"BBQ \u00c4ssad","article_publisher":"https:\/\/www.facebook.com\/bbqassad","article_modified_time":"2026-04-14T06:32:11+00:00","og_image":[{"url":"https:\/\/bbqassad.ee\/wp-content\/uploads\/2026\/02\/70024.jpg","type":"","width":"","height":""}],"twitter_card":"summary_large_image","twitter_title":"Napoleon TravelQ 3-osainen grillaussetti - BBQ \u00c4ssad%","twitter_description":"Napoleon TravelQ -grillisarja sis\u00e4lt\u00e4\u00e4 lastan, pihdit ja grilliharjan. Ruostumattomasta ter\u00e4ksest\u00e4 valmistetut, kuumuutta kest\u00e4v\u00e4t kahvat ja ripustustapit.","twitter_image":"https:\/\/bbqassad.ee\/wp-content\/uploads\/2026\/02\/70024.jpg","schema":{"@context":"https:\/\/schema.org","@graph":[{"@type":"WebPage","@id":"https:\/\/bbqassad.ee\/fi\/toode\/napoleon-travelq-3-osainen-grillaustarvikesarja-grillipihdit-grilliveitsi-ja-grilliharja\/","url":"https:\/\/bbqassad.ee\/fi\/toode\/napoleon-travelq-3-osainen-grillaustarvikesarja-grillipihdit-grilliveitsi-ja-grilliharja\/","name":"Napoleon TravelQ 3-osainen grillaussetti - BBQ \u00c4ssad%","isPartOf":{"@id":"https:\/\/bbqassad.ee\/fi\/#website"},"primaryImageOfPage":{"@id":"https:\/\/bbqassad.ee\/fi\/toode\/napoleon-travelq-3-osainen-grillaustarvikesarja-grillipihdit-grilliveitsi-ja-grilliharja\/#primaryimage"},"image":{"@id":"https:\/\/bbqassad.ee\/fi\/toode\/napoleon-travelq-3-osainen-grillaustarvikesarja-grillipihdit-grilliveitsi-ja-grilliharja\/#primaryimage"},"thumbnailUrl":"https:\/\/bbqassad.ee\/wp-content\/uploads\/2026\/02\/70024.jpg","datePublished":"2026-02-23T15:05:42+00:00","dateModified":"2026-04-14T06:32:11+00:00","description":"Napoleon TravelQ -grillisarja sis\u00e4lt\u00e4\u00e4 lastan, pihdit ja grilliharjan. Ruostumattomasta ter\u00e4ksest\u00e4 valmistetut, kuumuutta kest\u00e4v\u00e4t kahvat ja ripustustapit.","breadcrumb":{"@id":"https:\/\/bbqassad.ee\/fi\/toode\/napoleon-travelq-3-osainen-grillaustarvikesarja-grillipihdit-grilliveitsi-ja-grilliharja\/#breadcrumb"},"inLanguage":"fi","potentialAction":[{"@type":"ReadAction","target":["https:\/\/bbqassad.ee\/fi\/toode\/napoleon-travelq-3-osainen-grillaustarvikesarja-grillipihdit-grilliveitsi-ja-grilliharja\/"]}]},{"@type":"ImageObject","inLanguage":"fi","@id":"https:\/\/bbqassad.ee\/fi\/toode\/napoleon-travelq-3-osainen-grillaustarvikesarja-grillipihdit-grilliveitsi-ja-grilliharja\/#primaryimage","url":"https:\/\/bbqassad.ee\/wp-content\/uploads\/2026\/02\/70024.jpg","contentUrl":"https:\/\/bbqassad.ee\/wp-content\/uploads\/2026\/02\/70024.jpg","width":556,"height":700},{"@type":"BreadcrumbList","@id":"https:\/\/bbqassad.ee\/fi\/toode\/napoleon-travelq-3-osainen-grillaustarvikesarja-grillipihdit-grilliveitsi-ja-grilliharja\/#breadcrumb","itemListElement":[{"@type":"ListItem","position":1,"name":"Home","item":"https:\/\/bbqassad.ee\/fi\/bbq-assat\/"},{"@type":"ListItem","position":2,"name":"Verkkokauppa","item":"https:\/\/bbqassad.ee\/fi\/verkkokauppa\/"},{"@type":"ListItem","position":3,"name":"Napoleon TravelQ 3-osainen grillaustarvikesarja (grillipihdit, grilliveitsi ja grilliharja)."}]},{"@type":"WebSite","@id":"https:\/\/bbqassad.ee\/fi\/#website","url":"https:\/\/bbqassad.ee\/fi\/","name":"BBQ \u00c4ssad","description":"BBQ maitseained, kastmed, ahjud","publisher":{"@id":"https:\/\/bbqassad.ee\/fi\/#organization"},"potentialAction":[{"@type":"SearchAction","target":{"@type":"EntryPoint","urlTemplate":"https:\/\/bbqassad.ee\/fi\/?s={search_term_string}"},"query-input":{"@type":"PropertyValueSpecification","valueRequired":true,"valueName":"search_term_string"}}],"inLanguage":"fi"},{"@type":"Organization","@id":"https:\/\/bbqassad.ee\/fi\/#organization","name":"BBQ \u00c4ssad","url":"https:\/\/bbqassad.ee\/fi\/","logo":{"@type":"ImageObject","inLanguage":"fi","@id":"https:\/\/bbqassad.ee\/fi\/#\/schema\/logo\/image\/","url":"https:\/\/bbqassad.ee\/wp-content\/uploads\/2022\/10\/BBQ-2ssadlogo.png","contentUrl":"https:\/\/bbqassad.ee\/wp-content\/uploads\/2022\/10\/BBQ-2ssadlogo.png","width":1080,"height":1080,"caption":"BBQ \u00c4ssad"},"image":{"@id":"https:\/\/bbqassad.ee\/fi\/#\/schema\/logo\/image\/"},"sameAs":["https:\/\/www.facebook.com\/bbqassad","https:\/\/www.youtube.com\/channel\/UCsoufn49J6TVi9Ah9meE93w"]}]}},"_links":{"self":[{"href":"https:\/\/bbqassad.ee\/fi\/wp-json\/wp\/v2\/product\/21731","targetHints":{"allow":["GET"]}}],"collection":[{"href":"https:\/\/bbqassad.ee\/fi\/wp-json\/wp\/v2\/product"}],"about":[{"href":"https:\/\/bbqassad.ee\/fi\/wp-json\/wp\/v2\/types\/product"}],"replies":[{"embeddable":true,"href":"https:\/\/bbqassad.ee\/fi\/wp-json\/wp\/v2\/comments?post=21731"}],"wp:featuredmedia":[{"embeddable":true,"href":"https:\/\/bbqassad.ee\/fi\/wp-json\/wp\/v2\/media\/14153"}],"wp:attachment":[{"href":"https:\/\/bbqassad.ee\/fi\/wp-json\/wp\/v2\/media?parent=21731"}],"wp:term":[{"taxonomy":"product_brand","embeddable":true,"href":"https:\/\/bbqassad.ee\/fi\/wp-json\/wp\/v2\/product_brand?post=21731"},{"taxonomy":"product_cat","embeddable":true,"href":"https:\/\/bbqassad.ee\/fi\/wp-json\/wp\/v2\/product_cat?post=21731"},{"taxonomy":"product_tag","embeddable":true,"href":"https:\/\/bbqassad.ee\/fi\/wp-json\/wp\/v2\/product_tag?post=21731"}],"curies":[{"name":"wp","href":"https:\/\/api.w.org\/{rel}","templated":true}]}}